{"id":13044,"date":"2021-05-17T08:38:30","date_gmt":"2021-05-17T08:38:30","guid":{"rendered":"https:\/\/www.electroluxprofessional.com\/fr\/?page_id=14868"},"modified":"2022-07-08T16:03:53","modified_gmt":"2022-07-08T16:03:53","slug":"camping","status":"publish","type":"page","link":"https:\/\/www.electroluxprofessional.com\/nl\/uw-profiel\/camping\/","title":{"rendered":"Outdoor camping"},"content":{"rendered":"<p>[vc_row full_width=&#8221;stretch_row_content&#8221; css=&#8221;.vc_custom_1621581466046{margin-top: -30px !important;border-top-width: -30px !important;padding-top: -30px !important;}&#8221;][vc_column][elx_full_banner title=&#8221;Strandpaviljoen, camping of recreatiepark? Breid uw aanbod uit en verhoog uw winst.&#8221; set_as_h1=&#8221;true&#8221; link=&#8221;url:%23contact|title:Meer%20weten||&#8221; background_image_media_library=&#8221;13043&#8243; background_image_media_library_mobile=&#8221;14935&#8243;][\/vc_column][\/vc_row][vc_row][vc_column width=&#8221;1\/4&#8243;][vc_empty_space][vc_single_image image=&#8221;13024&#8243; img_size=&#8221;medium&#8221; alignment=&#8221;center&#8221;][elx_heading font_container=&#8221;h3&#8243; font_size=&#8221;h4&#8243; text_color=&#8221;inherit&#8221; text_align=&#8221;text-center&#8221;]Camping[\/elx_heading][vc_empty_space][\/vc_column][vc_column width=&#8221;1\/4&#8243;][vc_empty_space][vc_single_image image=&#8221;13025&#8243; img_size=&#8221;medium&#8221; alignment=&#8221;center&#8221;][elx_heading font_container=&#8221;h3&#8243; font_size=&#8221;h4&#8243; text_color=&#8221;inherit&#8221; text_align=&#8221;text-center&#8221;]Recreatiepark en sportclub[\/elx_heading][vc_empty_space][\/vc_column][vc_column width=&#8221;1\/4&#8243;][vc_empty_space][vc_single_image image=&#8221;13026&#8243; img_size=&#8221;medium&#8221; alignment=&#8221;center&#8221;][elx_heading font_container=&#8221;h3&#8243; font_size=&#8221;h4&#8243; text_color=&#8221;inherit&#8221; text_align=&#8221;text-center&#8221;]Vakantiepark[\/elx_heading][vc_empty_space][\/vc_column][vc_column width=&#8221;1\/4&#8243;][vc_empty_space][vc_single_image image=&#8221;13027&#8243; img_size=&#8221;medium&#8221; alignment=&#8221;center&#8221;][elx_heading font_container=&#8221;h3&#8243; font_size=&#8221;h4&#8243; text_color=&#8221;inherit&#8221; text_align=&#8221;text-center&#8221;]Hotel en B&amp;B[\/elx_heading][vc_empty_space][\/vc_column][\/vc_row][vc_row full_width=&#8221;electroluxpro-full-width&#8221;][vc_column][vc_empty_space][elx_hero_slider text_color=&#8221;electrolux-blue&#8221; label_text_color=&#8221;electrolux-blue&#8221; images=&#8221;13041&#8243;][elx_heading font_container=&#8221;p&#8221; font_size=&#8221;p&#8221; text_color=&#8221;electrolux-blue&#8221;]<strong>U wilt meer klanten aantrekken?<br \/>\nUw winstmarge vergroten?<br \/>\nDe klantentevredenheid verhogen?<\/strong>[\/elx_heading][\/elx_hero_slider][vc_empty_space][\/vc_column][\/vc_row][vc_row][vc_column width=&#8221;1\/4&#8243;][vc_single_image image=&#8221;13028&#8243; img_size=&#8221;medium&#8221; alignment=&#8221;center&#8221;][vc_empty_space][vc_column_text]<\/p>\n<p style=\"text-align: center;\"><strong>Bied extra services<\/strong><\/p>\n<p style=\"text-align: center;\">Snel een was doen? Een lekker ijsje eten? Het kan allemaal ter plekke. Lekker handig.<\/p>\n<p>[\/vc_column_text][\/vc_column][vc_column width=&#8221;1\/4&#8243;][vc_single_image image=&#8221;13029&#8243; img_size=&#8221;medium&#8221; alignment=&#8221;center&#8221;][vc_empty_space][vc_column_text]<\/p>\n<p style=\"text-align: center;\"><strong>Trek nieuwe klanten aan<\/strong><\/p>\n<p style=\"text-align: center;\">Organiseer culinaire thema-avonden en animaties op wisselende (buiten-)locaties, om bestaande klanten te entertainen en nieuwe klanten aan te trekken.<\/p>\n<p>[\/vc_column_text][\/vc_column][vc_column width=&#8221;1\/4&#8243;][vc_single_image image=&#8221;13030&#8243; img_size=&#8221;medium&#8221; alignment=&#8221;center&#8221;][vc_empty_space][vc_column_text]<\/p>\n<p style=\"text-align: center;\"><strong>Verbreed uw aanbod<\/strong><\/p>\n<p style=\"text-align: center;\">Volg de behoeften van uw klant en spring in op trends. Varieer en innoveer.<\/p>\n<p>[\/vc_column_text][\/vc_column][vc_column width=&#8221;1\/4&#8243;][vc_single_image image=&#8221;9472&#8243; img_size=&#8221;100&#215;100&#8243; alignment=&#8221;center&#8221;][vc_empty_space][vc_column_text]<\/p>\n<p style=\"text-align: center;\"><strong>Op ieder moment<\/strong><\/p>\n<p style=\"text-align: center;\">Bied originele gerechten op drukbezochte plaatsen naargelang de tijd van de dag. Wees flexibel.<\/p>\n<p>[\/vc_column_text][\/vc_column][\/vc_row][vc_row full_width=&#8221;electroluxpro-full-width&#8221; el_id=&#8221;blanchisserie&#8221;][vc_column][vc_empty_space height=&#8221;50px&#8221;][vc_column_text]<\/p>\n<p style=\"text-align: center;\">Met onze drank-, wasserij- en keukenapparatuur, breidt u makkelijk uw aanbod uit.<br \/>\nEenvoudig te installeren en te bedienen, zonder speciale scholing.<br \/>\nEen <strong>minimale investering<\/strong> voor\u00a0<strong>maximale winst en klantentevredenheid.<\/strong>[\/vc_column_text][\/vc_column][\/vc_row][vc_row full_width=&#8221;electroluxpro-full-width&#8221; el_class=&#8221;cta&#8221;][vc_column][vc_empty_space height=&#8221;50px&#8221;][elx_button button_text=&#8221;\u2709\ufe0f Contacteer ons&#8221; button_link=&#8221;url:%23contact|||&#8221;][vc_empty_space][vc_empty_space][elx_hero_slider text_color=&#8221;electrolux-blue&#8221; label_text_color=&#8221;electrolux-blue&#8221; images=&#8221;13042&#8243;][elx_heading font_container=&#8221;div&#8221; font_size=&#8221;div&#8221; text_color=&#8221;electrolux-blue&#8221;]<strong>Ontdek ons uitgebreid gamma<\/strong>[\/elx_heading][\/elx_hero_slider][\/vc_column][\/vc_row][vc_row][vc_column][vc_empty_space][vc_row_inner][vc_column_inner width=&#8221;1\/5&#8243;][elx_heading font_container=&#8221;h4&#8243; text_color=&#8221;inherit&#8221; text_align=&#8221;text-center&#8221;]Wasmachines en drogers met betaaloplossingen[\/elx_heading][\/vc_column_inner][vc_column_inner width=&#8221;1\/5&#8243;][elx_heading font_container=&#8221;h4&#8243; text_color=&#8221;inherit&#8221; text_align=&#8221;text-center&#8221;]Snelle tosti&#8217;s en snacks<br \/>\nSpeeDelight[\/elx_heading][\/vc_column_inner][vc_column_inner width=&#8221;1\/5&#8243;][elx_heading font_container=&#8221;h4&#8243; text_color=&#8221;inherit&#8221; text_align=&#8221;text-center&#8221;]Soft-ijs en<br \/>\nSlush puppies[\/elx_heading][\/vc_column_inner][vc_column_inner width=&#8221;1\/5&#8243;][elx_heading font_container=&#8221;h4&#8243; text_color=&#8221;inherit&#8221; text_align=&#8221;text-center&#8221;]Mobiele keuken<br \/>\nLiberoPro[\/elx_heading][\/vc_column_inner][vc_column_inner width=&#8221;1\/5&#8243;][elx_heading font_container=&#8221;h4&#8243; text_color=&#8221;inherit&#8221; text_align=&#8221;text-center&#8221;]Koele en warme dranken[\/elx_heading][\/vc_column_inner][\/vc_row_inner][vc_row_inner][vc_column_inner width=&#8221;1\/5&#8243;][vc_empty_space][vc_single_image image=&#8221;13032&#8243; alignment=&#8221;center&#8221;][vc_empty_space][vc_column_text]<\/p>\n<h6 style=\"text-align: center;\"><a href=\"https:\/\/www.electroluxprofessional.com\/nl\/wasserij\/myprozip-wasserette-betaalsysteem\/\" target=\"_blank\" rel=\"noopener\">&gt; Meer weten<\/a><\/h6>\n<p>[\/vc_column_text][vc_empty_space][\/vc_column_inner][vc_column_inner width=&#8221;1\/5&#8243;][vc_empty_space][vc_single_image image=&#8221;9535&#8243; alignment=&#8221;center&#8221;][vc_empty_space][vc_column_text]<\/p>\n<h6 style=\"text-align: center;\"><a href=\"https:\/\/www.electroluxprofessional.com\/nl\/keuken\/speedelight\/\" target=\"_blank\" rel=\"noopener\">&gt; Meer weten<\/a><\/h6>\n<p>[\/vc_column_text][vc_empty_space][\/vc_column_inner][vc_column_inner width=&#8221;1\/5&#8243;][vc_empty_space][vc_single_image image=&#8221;13033&#8243; alignment=&#8221;center&#8221;][vc_empty_space][vc_column_text]<\/p>\n<h6 style=\"text-align: center;\"><a href=\"https:\/\/www.electroluxprofessional.com\/nl\/dranken\/granita\/\" target=\"_blank\" rel=\"noopener\">&gt; Meer weten<\/a><\/h6>\n<p>[\/vc_column_text][vc_empty_space][\/vc_column_inner][vc_column_inner width=&#8221;1\/5&#8243;][vc_empty_space][vc_single_image image=&#8221;13034&#8243; alignment=&#8221;center&#8221;][vc_empty_space][vc_column_text]<\/p>\n<h6 style=\"text-align: center;\"><a href=\"https:\/\/www.electroluxprofessional.com\/nl\/keuken\/liberopro\/\" target=\"_blank\" rel=\"noopener\">&gt; Meer weten<\/a><\/h6>\n<p>[\/vc_column_text][vc_empty_space][\/vc_column_inner][vc_column_inner width=&#8221;1\/5&#8243;][vc_empty_space][vc_single_image image=&#8221;13035&#8243; alignment=&#8221;center&#8221;][vc_empty_space][vc_column_text]<\/p>\n<h6 style=\"text-align: center;\"><a href=\"https:\/\/www.electroluxprofessional.com\/nl\/dranken\/koude-dranken\/\" target=\"_blank\" rel=\"noopener\">&gt; Meer weten<\/a><\/h6>\n<p>[\/vc_column_text][vc_empty_space][\/vc_column_inner][\/vc_row_inner][\/vc_column][\/vc_row][vc_row el_id=&#8221;contact&#8221;][vc_column][vc_empty_space][elx_heading font_size=&#8221;h1&#8243; text_color=&#8221;inherit&#8221; text_align=&#8221;text-center&#8221;]Contacteer ons voor meer informatie over onze professionele oplossingen[\/elx_heading][vc_empty_space][elx_o2000_contact_us r=&#8221;Je souhaiterais en savoir plus sur vos solutions d\u00e9di\u00e9e \u00e0 l&#8217;h\u00f4tellerie de plein air&#8221; s=&#8221;Demande d&#8217;informations h\u00f4tellerie plein air&#8221; campaign=&#8221;7015p000000PZauAAG&#8221; country=&#8221;France&#8221; l=&#8221;fr&#8221;][\/vc_column][\/vc_row][vc_row][vc_column width=&#8221;1\/3&#8243;][elx_maylike_box id_box=&#8221;13037&#8243;][\/vc_column][vc_column width=&#8221;1\/3&#8243;][elx_maylike_box id_box=&#8221;13039&#8243;][\/vc_column][vc_column width=&#8221;1\/3&#8243;][elx_maylike_box id_box=&#8221;13040&#8243;][\/vc_column][\/vc_row]<\/p>\n","protected":false},"excerpt":{"rendered":"<p>[vc_row full_width=&#8221;stretch_row_content&#8221; css=&#8221;.vc_custom_1621581466046{margin-top: -30px !important;border-top-width: -30px !important;padding-top: -30px !important;}&#8221;][vc_column][elx_full_banner title=&#8221;Strandpaviljoen, camping of recreatiepark? Breid uw aanbod uit en verhoog uw winst.&#8221; set_as_h1=&#8221;true&#8221; link=&#8221;url:%23contact|title:Meer%20weten||&#8221; background_image_media_library=&#8221;13043&#8243; background_image_media_library_mobile=&#8221;14935&#8243;][\/vc_column][\/vc_row][vc_row][vc_column width=&#8221;1\/4&#8243;][vc_empty_space][vc_single_image image=&#8221;13024&#8243; img_size=&#8221;medium&#8221; alignment=&#8221;center&#8221;][elx_heading font_container=&#8221;h3&#8243; font_size=&#8221;h4&#8243; text_color=&#8221;inherit&#8221; text_align=&#8221;text-center&#8221;]Camping[\/elx_heading][vc_empty_space][\/vc_column][vc_column width=&#8221;1\/4&#8243;][vc_empty_space][vc_single_image image=&#8221;13025&#8243; img_size=&#8221;medium&#8221; alignment=&#8221;center&#8221;][elx_heading font_container=&#8221;h3&#8243; font_size=&#8221;h4&#8243; text_color=&#8221;inherit&#8221; text_align=&#8221;text-center&#8221;]Recreatiepark en sportclub[\/elx_heading][vc_empty_space][\/vc_column][vc_column width=&#8221;1\/4&#8243;][vc_empty_space][vc_single_image image=&#8221;13026&#8243; img_size=&#8221;medium&#8221; alignment=&#8221;center&#8221;][elx_heading font_container=&#8221;h3&#8243; font_size=&#8221;h4&#8243; text_color=&#8221;inherit&#8221; text_align=&#8221;text-center&#8221;]Vakantiepark[\/elx_heading][vc_empty_space][\/vc_column][vc_column width=&#8221;1\/4&#8243;][vc_empty_space][vc_single_image image=&#8221;13027&#8243; img_size=&#8221;medium&#8221; alignment=&#8221;center&#8221;][elx_heading [&hellip;]<\/p>\n","protected":false},"author":48,"featured_media":0,"parent":2279,"menu_order":0,"comment_status":"closed","ping_status":"closed","template":"","meta":{"footnotes":""},"class_list":["post-13044","page","type-page","status-publish","hentry"],"acf":[],"yoast_head":"<!-- This site is optimized with the Yoast SEO plugin v23.3 - https:\/\/yoast.com\/wordpress\/plugins\/seo\/ -->\n<title>Trek meer klanten aan en vergroot uw winstmarge<\/title>\n<meta name=\"description\" content=\"U wilt de gasten van uw camping of strandbar meer diensten aanbieden en zo uw winstmarge verhogen? Wij hebben de oplossing die bij uw bedrijf past.\" \/>\n<meta name=\"robots\" content=\"index, follow, max-snippet:-1, max-image-preview:large, max-video-preview:-1\" \/>\n<link rel=\"canonical\" href=\"https:\/\/www.electroluxprofessional.com\/nl\/uw-profiel\/camping\/\" \/>\n<meta property=\"og:locale\" content=\"nl_NL\" \/>\n<meta property=\"og:type\" content=\"article\" \/>\n<meta property=\"og:title\" content=\"Trek meer klanten aan en vergroot uw winstmarge\" \/>\n<meta property=\"og:description\" content=\"U wilt de gasten van uw camping of strandbar meer diensten aanbieden en zo uw winstmarge verhogen? Wij hebben de oplossing die bij uw bedrijf past.\" \/>\n<meta property=\"og:url\" content=\"https:\/\/www.electroluxprofessional.com\/nl\/uw-profiel\/camping\/\" \/>\n<meta property=\"og:site_name\" content=\"Electrolux Professional Nederland\" \/>\n<meta property=\"article:modified_time\" content=\"2022-07-08T16:03:53+00:00\" \/>\n<meta name=\"twitter:card\" content=\"summary_large_image\" \/>\n<meta name=\"twitter:label1\" content=\"Geschatte leestijd\" \/>\n\t<meta name=\"twitter:data1\" content=\"2 minuten\" \/>\n<script type=\"application\/ld+json\" class=\"yoast-schema-graph\">{\"@context\":\"https:\/\/schema.org\",\"@graph\":[{\"@type\":\"WebPage\",\"@id\":\"https:\/\/www.electroluxprofessional.com\/nl\/uw-profiel\/camping\/\",\"url\":\"https:\/\/www.electroluxprofessional.com\/nl\/uw-profiel\/camping\/\",\"name\":\"Trek meer klanten aan en vergroot uw winstmarge\",\"isPartOf\":{\"@id\":\"https:\/\/www.electroluxprofessional.com\/nl\/#website\"},\"datePublished\":\"2021-05-17T08:38:30+00:00\",\"dateModified\":\"2022-07-08T16:03:53+00:00\",\"description\":\"U wilt de gasten van uw camping of strandbar meer diensten aanbieden en zo uw winstmarge verhogen? Wij hebben de oplossing die bij uw bedrijf past.\",\"breadcrumb\":{\"@id\":\"https:\/\/www.electroluxprofessional.com\/nl\/uw-profiel\/camping\/#breadcrumb\"},\"inLanguage\":\"nl-NL\",\"potentialAction\":[{\"@type\":\"ReadAction\",\"target\":[\"https:\/\/www.electroluxprofessional.com\/nl\/uw-profiel\/camping\/\"]}]},{\"@type\":\"BreadcrumbList\",\"@id\":\"https:\/\/www.electroluxprofessional.com\/nl\/uw-profiel\/camping\/#breadcrumb\",\"itemListElement\":[{\"@type\":\"ListItem\",\"position\":1,\"name\":\"Home\",\"item\":\"https:\/\/www.electroluxprofessional.com\/nl\/\"},{\"@type\":\"ListItem\",\"position\":2,\"name\":\"Uw profiel\",\"item\":\"https:\/\/www.electroluxprofessional.com\/nl\/uw-profiel\/\"},{\"@type\":\"ListItem\",\"position\":3,\"name\":\"Outdoor camping\"}]},{\"@type\":\"WebSite\",\"@id\":\"https:\/\/www.electroluxprofessional.com\/nl\/#website\",\"url\":\"https:\/\/www.electroluxprofessional.com\/nl\/\",\"name\":\"Electrolux Professional Nederland\",\"description\":\"Professionele wasserij- en keukenapparatuur\",\"potentialAction\":[{\"@type\":\"SearchAction\",\"target\":{\"@type\":\"EntryPoint\",\"urlTemplate\":\"https:\/\/www.electroluxprofessional.com\/nl\/?src={search_term_string}\"},\"query-input\":\"required name=search_term_string\"}],\"inLanguage\":\"nl-NL\"}]}<\/script>\n<!-- \/ Yoast SEO plugin. -->","yoast_head_json":{"title":"Trek meer klanten aan en vergroot uw winstmarge","description":"U wilt de gasten van uw camping of strandbar meer diensten aanbieden en zo uw winstmarge verhogen? Wij hebben de oplossing die bij uw bedrijf past.","robots":{"index":"index","follow":"follow","max-snippet":"max-snippet:-1","max-image-preview":"max-image-preview:large","max-video-preview":"max-video-preview:-1"},"canonical":"https:\/\/www.electroluxprofessional.com\/nl\/uw-profiel\/camping\/","og_locale":"nl_NL","og_type":"article","og_title":"Trek meer klanten aan en vergroot uw winstmarge","og_description":"U wilt de gasten van uw camping of strandbar meer diensten aanbieden en zo uw winstmarge verhogen? Wij hebben de oplossing die bij uw bedrijf past.","og_url":"https:\/\/www.electroluxprofessional.com\/nl\/uw-profiel\/camping\/","og_site_name":"Electrolux Professional Nederland","article_modified_time":"2022-07-08T16:03:53+00:00","twitter_card":"summary_large_image","twitter_misc":{"Geschatte leestijd":"2 minuten"},"schema":{"@context":"https:\/\/schema.org","@graph":[{"@type":"WebPage","@id":"https:\/\/www.electroluxprofessional.com\/nl\/uw-profiel\/camping\/","url":"https:\/\/www.electroluxprofessional.com\/nl\/uw-profiel\/camping\/","name":"Trek meer klanten aan en vergroot uw winstmarge","isPartOf":{"@id":"https:\/\/www.electroluxprofessional.com\/nl\/#website"},"datePublished":"2021-05-17T08:38:30+00:00","dateModified":"2022-07-08T16:03:53+00:00","description":"U wilt de gasten van uw camping of strandbar meer diensten aanbieden en zo uw winstmarge verhogen? Wij hebben de oplossing die bij uw bedrijf past.","breadcrumb":{"@id":"https:\/\/www.electroluxprofessional.com\/nl\/uw-profiel\/camping\/#breadcrumb"},"inLanguage":"nl-NL","potentialAction":[{"@type":"ReadAction","target":["https:\/\/www.electroluxprofessional.com\/nl\/uw-profiel\/camping\/"]}]},{"@type":"BreadcrumbList","@id":"https:\/\/www.electroluxprofessional.com\/nl\/uw-profiel\/camping\/#breadcrumb","itemListElement":[{"@type":"ListItem","position":1,"name":"Home","item":"https:\/\/www.electroluxprofessional.com\/nl\/"},{"@type":"ListItem","position":2,"name":"Uw profiel","item":"https:\/\/www.electroluxprofessional.com\/nl\/uw-profiel\/"},{"@type":"ListItem","position":3,"name":"Outdoor camping"}]},{"@type":"WebSite","@id":"https:\/\/www.electroluxprofessional.com\/nl\/#website","url":"https:\/\/www.electroluxprofessional.com\/nl\/","name":"Electrolux Professional Nederland","description":"Professionele wasserij- en keukenapparatuur","potentialAction":[{"@type":"SearchAction","target":{"@type":"EntryPoint","urlTemplate":"https:\/\/www.electroluxprofessional.com\/nl\/?src={search_term_string}"},"query-input":"required name=search_term_string"}],"inLanguage":"nl-NL"}]}},"_links":{"self":[{"href":"https:\/\/www.electroluxprofessional.com\/nl\/wp-json\/wp\/v2\/pages\/13044"}],"collection":[{"href":"https:\/\/www.electroluxprofessional.com\/nl\/wp-json\/wp\/v2\/pages"}],"about":[{"href":"https:\/\/www.electroluxprofessional.com\/nl\/wp-json\/wp\/v2\/types\/page"}],"author":[{"embeddable":true,"href":"https:\/\/www.electroluxprofessional.com\/nl\/wp-json\/wp\/v2\/users\/48"}],"replies":[{"embeddable":true,"href":"https:\/\/www.electroluxprofessional.com\/nl\/wp-json\/wp\/v2\/comments?post=13044"}],"version-history":[{"count":9,"href":"https:\/\/www.electroluxprofessional.com\/nl\/wp-json\/wp\/v2\/pages\/13044\/revisions"}],"predecessor-version":[{"id":13567,"href":"https:\/\/www.electroluxprofessional.com\/nl\/wp-json\/wp\/v2\/pages\/13044\/revisions\/13567"}],"up":[{"embeddable":true,"href":"https:\/\/www.electroluxprofessional.com\/nl\/wp-json\/wp\/v2\/pages\/2279"}],"wp:attachment":[{"href":"https:\/\/www.electroluxprofessional.com\/nl\/wp-json\/wp\/v2\/media?parent=13044"}],"curies":[{"name":"wp","href":"https:\/\/api.w.org\/{rel}","templated":true}]}}