{"id":16693,"date":"2026-03-26T14:42:36","date_gmt":"2026-03-26T14:42:36","guid":{"rendered":"https:\/\/www.electroluxprofessional.com\/nl-be\/?page_id=16693"},"modified":"2026-03-26T14:42:49","modified_gmt":"2026-03-26T14:42:49","slug":"wasserij-oplossingen-voor-hotels","status":"publish","type":"page","link":"https:\/\/www.electroluxprofessional.com\/nl-be\/wasserij-oplossingen-voor-hotels\/","title":{"rendered":"Wasserijoplossingen voor hotels"},"content":{"rendered":"<p>[vc_row full_width=&#8221;electroluxpro-full-width-no-padding&#8221;][vc_column][elx_full_banner title=&#8221;Hotels: bespaar op uw kosten dankzij de ge\u00efntegreerde wasserij&#8221; set_as_h1=&#8221;true&#8221; link=&#8221;url:%23contact|title:Neem%20contact%20met%20ons%20op&#8221; background_image_media_library=&#8221;16691&#8243; background_image_media_library_mobile=&#8221;16692&#8243;][\/vc_column][\/vc_row][vc_row][vc_column][vc_empty_space][vc_column_text]Electrolux Professional biedt u betrouwbare en effici\u00ebnte oplossingen voor professionele wasserijen, ontworpen om uw energie-, water- en detergentverbruik te verminderen.[\/vc_column_text][vc_empty_space][\/vc_column][\/vc_row][vc_row][vc_column][elx_heading text_color=&#8221;electrolux-blue&#8221; text_align=&#8221;text-left&#8221;]Line 6000 wasserijoplossingen gewijd aan het hotelsegment[\/elx_heading][\/vc_column][\/vc_row][vc_row gap=&#8221;35&#8243; content_placement=&#8221;middle&#8221; css=&#8221;.vc_custom_1738313526319{padding-top: 20px !important;padding-bottom: 50px !important;}&#8221;][vc_column width=&#8221;1\/2&#8243; css=&#8221;.vc_custom_1738929326338{margin-right: 30px !important;margin-left: 20px !important;}&#8221;][elx_heading font_container=&#8221;h3&#8243; text_color=&#8221;electrolux-blue&#8221; text_align=&#8221;text-left&#8221;]Professionele wasmachines[\/elx_heading][vc_column_text]Ontdek onze professionele wasmachines voor een gegarandeerd, snel resultaat tegen beheersbare kosten.[\/vc_column_text][elx_heading font_container=&#8221;h3&#8243; text_color=&#8221;electrolux-blue&#8221; text_align=&#8221;text-left&#8221;]Professionele drogers[\/elx_heading][vc_column_text]Droog uw was in recordtijd met een onge\u00ebvenaarde kwaliteit bij aanraking.[\/vc_column_text][elx_heading font_container=&#8221;h3&#8243; text_color=&#8221;electrolux-blue&#8221; text_align=&#8221;text-left&#8221;]Droogkasten[\/elx_heading][vc_column_text]Droog alle soorten textiel met de droogkasten Line 6000 voor een optimaal resultaat.[\/vc_column_text][elx_heading font_container=&#8221;h3&#8243; text_color=&#8221;electrolux-blue&#8221; text_align=&#8221;text-left&#8221;]Drogers-strijkmachines[\/elx_heading][vc_column_text]Drogings- en strijkoplossingen die effici\u00ebnte, ergonomische en economische operaties bieden.[\/vc_column_text][vc_empty_space][elx_button button_text=&#8221;Neem contact met ons op&#8221; button_link=&#8221;url:%23contact&#8221;][\/vc_column][vc_column width=&#8221;1\/2&#8243;][vc_empty_space height=&#8221;15px&#8221;][vc_single_image image=&#8221;16687&#8243; img_size=&#8221;full&#8221; alignment=&#8221;center&#8221;][\/vc_column][\/vc_row][vc_row custom_color_row=&#8221;bg-row-light-blue&#8221; css=&#8221;.vc_custom_1695199026829{padding-top: 50px !important;padding-bottom: 50px !important;}&#8221;][vc_column][elx_heading text_color=&#8221;electrolux-blue&#8221; text_align=&#8221;text-center&#8221;]Hotelwassapparatuur voor kwaliteitslinnen en een optimaal onderhoud van uw textiel[\/elx_heading][vc_empty_space height=&#8221;30px&#8221;][vc_row_inner gap=&#8221;20&#8243;][vc_column_inner width=&#8221;1\/3&#8243; css=&#8221;.vc_custom_1696405990542{padding-top: 15px !important;padding-right: 15px !important;padding-bottom: 15px !important;padding-left: 15px !important;background-color: #f0e1c5 !important;}&#8221;][vc_empty_space height=&#8221;15px&#8221;][elx_icons icon_size=&#8221;elx-icon-medium&#8221; icon_electroluxpro=&#8221;elx-icon icon-circle-laundry-productivity-blue&#8221;][vc_column_text]<\/p>\n<h3 style=\"text-align: center;\">Ingebouwde wasserij<\/h3>\n<p style=\"text-align: center;\">Was al het linnengoed van uw hotel en bespaar echt door uw wasprocessen perfect te beheersen.<\/p>\n<p>[\/vc_column_text][\/vc_column_inner][vc_column_inner width=&#8221;1\/3&#8243; css=&#8221;.vc_custom_1696405996623{padding: 15px !important;background-color: #d2e2eb !important;}&#8221;][vc_empty_space height=&#8221;15px&#8221;][elx_icons icon_size=&#8221;elx-icon-medium&#8221; icon_electroluxpro=&#8221;elx-icon icon-circle-productivity-liberopro-blue&#8221;][vc_column_text]<\/p>\n<h3 style=\"text-align: center;\">Wasserette<\/h3>\n<p style=\"text-align: center;\">Bied uw klanten een extra service door hen de mogelijkheid te geven hun eigen was gemakkelijk en snel te doen.<\/p>\n<p>[\/vc_column_text][\/vc_column_inner][vc_column_inner width=&#8221;1\/3&#8243; css=&#8221;.vc_custom_1696406000464{padding-top: 15px !important;padding-right: 15px !important;padding-bottom: 15px !important;padding-left: 15px !important;background-color: #bec6d7 !important;}&#8221;][vc_empty_space height=&#8221;15px&#8221;][elx_icons icon_size=&#8221;elx-icon-medium&#8221; icon_electroluxpro=&#8221;elx-icon icon-circle-star-perfomance-blue&#8221;][vc_column_text]<\/p>\n<h3 style=\"text-align: center;\">Strijken<\/h3>\n<p style=\"text-align: center;\">Reinig en droog alle delicate kleding en accessoires van uw klanten met de Lagoon Advanced Care waterreiniging.<\/p>\n<p>[\/vc_column_text][\/vc_column_inner][\/vc_row_inner][\/vc_column][\/vc_row][vc_row][vc_column][vc_empty_space][elx_heading text_color=&#8221;inherit&#8221;]Verhoog uw activiteit dankzij onze wasserijoplossingen voor hotels[\/elx_heading][vc_empty_space][\/vc_column][\/vc_row][vc_row gap=&#8221;35&#8243; content_placement=&#8221;middle&#8221; css=&#8221;.vc_custom_1738313325901{padding-top: 20px !important;padding-bottom: 50px !important;}&#8221;][vc_column width=&#8221;1\/2&#8243;][vc_single_image image=&#8221;16688&#8243; img_size=&#8221;full&#8221; alignment=&#8221;center&#8221;][\/vc_column][vc_column width=&#8221;1\/2&#8243; css=&#8221;.vc_custom_1738928232337{margin-right: 30px !important;margin-left: 30px !important;padding-right: 50px !important;}&#8221;][elx_heading font_container=&#8221;h3&#8243; text_color=&#8221;inherit&#8221;]Verlaag de operationele kosten van uw wasserij[\/elx_heading][vc_empty_space height=&#8221;30px&#8221;][vc_column_text]Electrolux Professional begeleidt hoteliers bij al hun wasservicebehoeften.<\/p>\n<p>Professionele wasmachines en drogers, droog-strijkers of apparatuur voor delicate stoffen&#8230;<\/p>\n<p>Deze oplossingen garanderen u een zo laag mogelijk water-, energie- en wasmiddelenverbruik, terwijl ze professionele resultaten voor uw hoteltextiel leveren dankzij het Automatic Savings-systeem en de warmtepomptechnologie.[\/vc_column_text][vc_empty_space height=&#8221;30px&#8221;][elx_button button_text=&#8221;Neem contact met ons op&#8221; button_link=&#8221;url:%23contact&#8221;][\/vc_column][\/vc_row][vc_row disable_element=&#8221;yes&#8221; css=&#8221;.vc_custom_1739457047068{padding-top: 50px !important;padding-bottom: 50px !important;}&#8221;][vc_column css=&#8221;.vc_custom_1738253886879{background-color: #cee0c9 !important;}&#8221;][vc_empty_space height=&#8221;30px&#8221;][elx_heading font_container=&#8221;h3&#8243; text_color=&#8221;inherit&#8221; text_align=&#8221;text-center&#8221;]Le saviez-vous ?[\/elx_heading][vc_empty_space height=&#8221;30px&#8221;][vc_column_text]<\/p>\n<p style=\"text-align: center;\">L&#8217;Ademe et le Fonds de Tourisme Durable vous accordent une subvention d&#8217;un montant de jusqu&#8217;\u00e0 80% de l&#8217;investissement initial sur les s\u00e8che-linge pompe \u00e0 chaleur.<br \/>\nDepuis le 1er janvier 2024, l\u2019ADEME (Agence pour la transition \u00e9cologique) a lanc\u00e9 un dispositif financier visant \u00e0 encourager les acteurs du secteur touristique \u00e0 adopter des pratiques plus respectueuses de l\u2019environnement en cr\u00e9ant un\u00a0<b>Fonds Tourisme Durable, afin de financer des investissements en faveur de la transition \u00e9cologique.<\/b><\/p>\n<p style=\"text-align: center;\"><a href=\"https:\/\/www.electroluxprofessional.com\/nl-be\/sechoirs-pompe-a-chaleur-reduction-couts-energie\/#ademe\">&gt; En savoir plus<\/a><\/p>\n<p>[\/vc_column_text][vc_empty_space height=&#8221;15px&#8221;][\/vc_column][\/vc_row][vc_row gap=&#8221;35&#8243; content_placement=&#8221;middle&#8221; css=&#8221;.vc_custom_1738928096638{padding-top: 20px !important;padding-bottom: 50px !important;}&#8221;][vc_column width=&#8221;1\/2&#8243; css=&#8221;.vc_custom_1738928563192{margin-right: 30px !important;margin-left: 20px !important;padding-right: 20px !important;}&#8221;][elx_heading font_container=&#8221;h3&#8243; text_color=&#8221;inherit&#8221;]Bespaar tot 70% energie[\/elx_heading][vc_empty_space height=&#8221;30px&#8221;][vc_column_text]Bespaar meer dan 70% op de bedrijfsvoeringkosten van een professionele wasserij door een professionele wasmachine met hoge centrifuge Line 6000 te combineren met een warmtepompdroger.[\/vc_column_text][vc_empty_space height=&#8221;30px&#8221;][elx_heading font_container=&#8221;h3&#8243; text_color=&#8221;inherit&#8221;]Ergonomische uitrusting gecertificeerd met 4 sterren door een externe organisatie[\/elx_heading][vc_empty_space height=&#8221;30px&#8221;][vc_column_text]Gemakkelijker, betrouwbaarder, veiliger, de Line 6000-serie is ontworpen om gebruikservaring en besparingen te combineren.<\/p>\n<p>ErgoCert-gecertificeerd, biedt de Line 6000-serie krachtige, ergonomische en eenvoudig te gebruiken uitrusting, die 100% geschikt is voor de hotelindustrie.[\/vc_column_text][vc_empty_space height=&#8221;30px&#8221;][\/vc_column][vc_column width=&#8221;1\/2&#8243;][vc_single_image image=&#8221;16689&#8243; img_size=&#8221;full&#8221; alignment=&#8221;right&#8221;][vc_empty_space height=&#8221;20px&#8221;][\/vc_column][\/vc_row][vc_row custom_color_row=&#8221;bg-row-light-blue&#8221; css=&#8221;.vc_custom_1695199026829{padding-top: 50px !important;padding-bottom: 50px !important;}&#8221;][vc_column][elx_heading text_color=&#8221;electrolux-blue&#8221; text_align=&#8221;text-center&#8221;]Kwaliteit en kostenbeheersing[\/elx_heading][elx_heading font_container=&#8221;h3&#8243; text_color=&#8221;electrolux-blue&#8221; text_align=&#8221;text-center&#8221;]Besparingen, productiviteit en gegarandeerde hygi\u00ebne[\/elx_heading][vc_empty_space height=&#8221;30px&#8221;][vc_row_inner][vc_column_inner width=&#8221;1\/3&#8243;][elx_icons icon_size=&#8221;elx-icon-medium&#8221; icon_electroluxpro=&#8221;elx-icon icon-circle-laundry-productivity-blue&#8221;][vc_column_text]<\/p>\n<h3 style=\"text-align: center;\">Productiviteit<\/h3>\n<p style=\"text-align: center;\">Met de ge\u00efntegreerde wasserij worden uw linnenbehoeften altijd voldoende gedekt. Verminder het omloopsnelheid van uw voorraad, win aan flexibiliteit en reageer gemakkelijker op dringende aanvragen.<\/p>\n<p>[\/vc_column_text][\/vc_column_inner][vc_column_inner width=&#8221;1\/3&#8243;][elx_icons icon_size=&#8221;elx-icon-medium&#8221; icon_electroluxpro=&#8221;elx-icon icon-circle-savings-green-blue&#8221;][vc_column_text]<\/p>\n<h3 style=\"text-align: center;\">Economie\u00ebn<\/h3>\n<p style=\"text-align: center;\">Kies voor apparatuur die is ontworpen om wasmiddelen, energie en water te besparen en verlaag uw bedrijfskosten tot 50% dankzij Automatic Savings en ons warmtepompsysteem.<\/p>\n<p>[\/vc_column_text][\/vc_column_inner][vc_column_inner width=&#8221;1\/3&#8243;][elx_icons icon_size=&#8221;elx-icon-medium&#8221; icon_electroluxpro=&#8221;elx-icon icon-circle-safe-blue&#8221;][vc_column_text]<\/p>\n<h3 style=\"text-align: center;\">Hygi\u00ebne<\/h3>\n<p style=\"text-align: center;\">Dankzij gepersonaliseerde programma&#8217;s worden de wasprocessen aangepast aan uw behoeften en volledig gecontroleerd. Bied uw klanten wasgoed dat vlekkeloos schoon en hygi\u00ebnisch is!<\/p>\n<p>[\/vc_column_text][\/vc_column_inner][\/vc_row_inner][\/vc_column][\/vc_row][vc_row gap=&#8221;35&#8243; content_placement=&#8221;middle&#8221; css=&#8221;.vc_custom_1695199745470{padding-top: 50px !important;padding-bottom: 50px !important;}&#8221;][vc_column width=&#8221;1\/2&#8243;][vc_single_image image=&#8221;16690&#8243; img_size=&#8221;full&#8221; alignment=&#8221;right&#8221;][\/vc_column][vc_column width=&#8221;1\/2&#8243; css=&#8221;.vc_custom_1738928247985{margin-right: 30px !important;margin-left: 30px !important;}&#8221;][elx_heading font_container=&#8221;h3&#8243; text_color=&#8221;electrolux-blue&#8221; text_align=&#8221;text-left&#8221;]Ontdek lagoon\u00ae Advanced Care[\/elx_heading][vc_empty_space height=&#8221;30px&#8221;][vc_column_text]<\/p>\n<p class=\" inherit inherit inherit\">Het waterreinigingssysteem lagoon\u00ae Advanced Care verzorgt de meest delicate vezels zoals wol en zijde, evenals katoen, linnen en viscose, dankzij op maat gemaakte programma&#8217;s gecombineerd met slimme wasmiddelen die uiterst precies worden gedoseerd.<\/p>\n<p>Innovatieve processen maken het mogelijk om kleding te drogen zonder dat het nodig is de was op te hangen. Kleding is volledig droog in minder dan een uur en gemakkelijk te strijken.<\/p>\n<p>lagoon\u00ae Advanced Care zorgt ook voor uitstekende resultaten bij leer en schoenen.<\/p>\n<p>[\/vc_column_text][vc_empty_space height=&#8221;30px&#8221;][elx_button button_text=&#8221;Neem contact met ons op&#8221; button_link=&#8221;url:%23contact&#8221;][\/vc_column][\/vc_row][vc_row custom_color_row=&#8221;bg-row-light-blue&#8221; gap=&#8221;35&#8243; css=&#8221;.vc_custom_1696405790238{padding-top: 50px !important;padding-bottom: 50px !important;}&#8221; el_id=&#8221;contact&#8221;][vc_column][elx_heading text_color=&#8221;electrolux-blue&#8221; text_align=&#8221;text-center&#8221;]Zijn onze wasserijoplossingen interessant voor u?[\/elx_heading][elx_heading font_container=&#8221;h4&#8243; text_color=&#8221;electrolux-blue&#8221; text_align=&#8221;text-center&#8221;]Neem contact op met een Electrolux Professional-expert![\/elx_heading][vc_empty_space][elx_o2000_contact_us s=&#8221;Verzoek: ge\u00efntegreerde wasserij voor hotels&#8221; campaign=&#8221;701SX00000ENv3xYAD&#8221; text_send_button=&#8221;verzenden&#8221; flag_hide_request_type=&#8221;true&#8221; country=&#8221;Netherlands&#8221; b=&#8221;laundry&#8221; compact_view=&#8221;1&#8243; thanks=&#8221;Dank u voor uw aanvraag, een expert zal binnenkort contact met u opnemen.&#8221; r=&#8221;Ik zou graag meer willen weten over uw was- en wasserijoplossingen voor hotels.&#8221;][\/vc_column][\/vc_row]<\/p>\n","protected":false},"excerpt":{"rendered":"<p>[vc_row full_width=&#8221;electroluxpro-full-width-no-padding&#8221;][vc_column][elx_full_banner title=&#8221;Hotels: bespaar op uw kosten dankzij de ge\u00efntegreerde wasserij&#8221; set_as_h1=&#8221;true&#8221; link=&#8221;url:%23contact|title:Neem%20contact%20met%20ons%20op&#8221; background_image_media_library=&#8221;16691&#8243; background_image_media_library_mobile=&#8221;16692&#8243;][\/vc_column][\/vc_row][vc_row][vc_column][vc_empty_space][vc_column_text]Electrolux Professional biedt u betrouwbare en effici\u00ebnte oplossingen voor professionele wasserijen, ontworpen om uw energie-, water- en detergentverbruik te verminderen.[\/vc_column_text][vc_empty_space][\/vc_column][\/vc_row][vc_row][vc_column][elx_heading text_color=&#8221;electrolux-blue&#8221; text_align=&#8221;text-left&#8221;]Line 6000 wasserijoplossingen gewijd aan het hotelsegment[\/elx_heading][\/vc_column][\/vc_row][vc_row gap=&#8221;35&#8243; content_placement=&#8221;middle&#8221; css=&#8221;.vc_custom_1738313526319{padding-top: 20px !important;padding-bottom: 50px !important;}&#8221;][vc_column width=&#8221;1\/2&#8243; css=&#8221;.vc_custom_1738929326338{margin-right: 30px !important;margin-left: 20px !important;}&#8221;][elx_heading [&hellip;]<\/p>\n","protected":false},"author":97,"featured_media":16686,"parent":0,"menu_order":0,"comment_status":"closed","ping_status":"closed","template":"","meta":{"footnotes":""},"class_list":["post-16693","page","type-page","status-publish","has-post-thumbnail","hentry"],"yoast_head":"<!-- This site is optimized with the Yoast SEO plugin v23.3 - https:\/\/yoast.com\/wordpress\/plugins\/seo\/ -->\n<title>Solutions de blanchisserie pour h\u00f4tellerie | Electrolux Professional<\/title>\n<meta name=\"description\" content=\"D\u00e9couvrez nos solutions de blanchisserie professionnelle pour l&#039;h\u00f4tellerie et la restauration. \u00c9quipements performants et fiables pour vos besoins.\" \/>\n<meta name=\"robots\" content=\"index, follow, max-snippet:-1, max-image-preview:large, max-video-preview:-1\" \/>\n<link rel=\"canonical\" href=\"https:\/\/www.electroluxprofessional.com\/nl-be\/wasserij-oplossingen-voor-hotels\/\" \/>\n<meta property=\"og:locale\" content=\"nl_BE\" \/>\n<meta property=\"og:type\" content=\"article\" \/>\n<meta property=\"og:title\" content=\"Solutions de blanchisserie pour h\u00f4tellerie | Electrolux Professional\" \/>\n<meta property=\"og:description\" content=\"D\u00e9couvrez nos solutions de blanchisserie professionnelle pour l&#039;h\u00f4tellerie et la restauration. \u00c9quipements performants et fiables pour vos besoins.\" \/>\n<meta property=\"og:url\" content=\"https:\/\/www.electroluxprofessional.com\/nl-be\/wasserij-oplossingen-voor-hotels\/\" \/>\n<meta property=\"og:site_name\" content=\"Electrolux Professional Belgi\u00eb\" \/>\n<meta property=\"article:modified_time\" content=\"2026-03-26T14:42:49+00:00\" \/>\n<meta property=\"og:image\" content=\"https:\/\/www.electroluxprofessional.com\/nl-be\/wp-content\/uploads\/2026\/03\/line-6000-hp-mobile-1.jpg\" \/>\n\t<meta property=\"og:image:width\" content=\"1125\" \/>\n\t<meta property=\"og:image:height\" content=\"1583\" \/>\n\t<meta property=\"og:image:type\" content=\"image\/jpeg\" \/>\n<meta name=\"twitter:card\" content=\"summary_large_image\" \/>\n<meta name=\"twitter:label1\" content=\"Geschatte leestijd\" \/>\n\t<meta name=\"twitter:data1\" content=\"6 minuten\" \/>\n<script type=\"application\/ld+json\" class=\"yoast-schema-graph\">{\"@context\":\"https:\/\/schema.org\",\"@graph\":[{\"@type\":\"WebPage\",\"@id\":\"https:\/\/www.electroluxprofessional.com\/nl-be\/wasserij-oplossingen-voor-hotels\/\",\"url\":\"https:\/\/www.electroluxprofessional.com\/nl-be\/wasserij-oplossingen-voor-hotels\/\",\"name\":\"Solutions de blanchisserie pour h\u00f4tellerie | Electrolux Professional\",\"isPartOf\":{\"@id\":\"https:\/\/www.electroluxprofessional.com\/nl-be\/#website\"},\"primaryImageOfPage\":{\"@id\":\"https:\/\/www.electroluxprofessional.com\/nl-be\/wasserij-oplossingen-voor-hotels\/#primaryimage\"},\"image\":{\"@id\":\"https:\/\/www.electroluxprofessional.com\/nl-be\/wasserij-oplossingen-voor-hotels\/#primaryimage\"},\"thumbnailUrl\":\"https:\/\/www.electroluxprofessional.com\/nl-be\/wp-content\/uploads\/2026\/03\/line-6000-hp-mobile-1.jpg\",\"datePublished\":\"2026-03-26T14:42:36+00:00\",\"dateModified\":\"2026-03-26T14:42:49+00:00\",\"description\":\"D\u00e9couvrez nos solutions de blanchisserie professionnelle pour l'h\u00f4tellerie et la restauration. \u00c9quipements performants et fiables pour vos besoins.\",\"breadcrumb\":{\"@id\":\"https:\/\/www.electroluxprofessional.com\/nl-be\/wasserij-oplossingen-voor-hotels\/#breadcrumb\"},\"inLanguage\":\"nl-BE\",\"potentialAction\":[{\"@type\":\"ReadAction\",\"target\":[\"https:\/\/www.electroluxprofessional.com\/nl-be\/wasserij-oplossingen-voor-hotels\/\"]}]},{\"@type\":\"ImageObject\",\"inLanguage\":\"nl-BE\",\"@id\":\"https:\/\/www.electroluxprofessional.com\/nl-be\/wasserij-oplossingen-voor-hotels\/#primaryimage\",\"url\":\"https:\/\/www.electroluxprofessional.com\/nl-be\/wp-content\/uploads\/2026\/03\/line-6000-hp-mobile-1.jpg\",\"contentUrl\":\"https:\/\/www.electroluxprofessional.com\/nl-be\/wp-content\/uploads\/2026\/03\/line-6000-hp-mobile-1.jpg\",\"width\":1125,\"height\":1583},{\"@type\":\"BreadcrumbList\",\"@id\":\"https:\/\/www.electroluxprofessional.com\/nl-be\/wasserij-oplossingen-voor-hotels\/#breadcrumb\",\"itemListElement\":[{\"@type\":\"ListItem\",\"position\":1,\"name\":\"Home\",\"item\":\"https:\/\/www.electroluxprofessional.com\/nl-be\/\"},{\"@type\":\"ListItem\",\"position\":2,\"name\":\"Wasserijoplossingen voor hotels\"}]},{\"@type\":\"WebSite\",\"@id\":\"https:\/\/www.electroluxprofessional.com\/nl-be\/#website\",\"url\":\"https:\/\/www.electroluxprofessional.com\/nl-be\/\",\"name\":\"Electrolux Professional Belgi\u00eb\",\"description\":\"Professionele wasserij- en keukenapparatuur\",\"potentialAction\":[{\"@type\":\"SearchAction\",\"target\":{\"@type\":\"EntryPoint\",\"urlTemplate\":\"https:\/\/www.electroluxprofessional.com\/nl-be\/?src={search_term_string}\"},\"query-input\":\"required name=search_term_string\"}],\"inLanguage\":\"nl-BE\"}]}<\/script>\n<!-- \/ Yoast SEO plugin. -->","yoast_head_json":{"title":"Solutions de blanchisserie pour h\u00f4tellerie | Electrolux Professional","description":"D\u00e9couvrez nos solutions de blanchisserie professionnelle pour l'h\u00f4tellerie et la restauration. \u00c9quipements performants et fiables pour vos besoins.","robots":{"index":"index","follow":"follow","max-snippet":"max-snippet:-1","max-image-preview":"max-image-preview:large","max-video-preview":"max-video-preview:-1"},"canonical":"https:\/\/www.electroluxprofessional.com\/nl-be\/wasserij-oplossingen-voor-hotels\/","og_locale":"nl_BE","og_type":"article","og_title":"Solutions de blanchisserie pour h\u00f4tellerie | Electrolux Professional","og_description":"D\u00e9couvrez nos solutions de blanchisserie professionnelle pour l'h\u00f4tellerie et la restauration. \u00c9quipements performants et fiables pour vos besoins.","og_url":"https:\/\/www.electroluxprofessional.com\/nl-be\/wasserij-oplossingen-voor-hotels\/","og_site_name":"Electrolux Professional Belgi\u00eb","article_modified_time":"2026-03-26T14:42:49+00:00","og_image":[{"width":1125,"height":1583,"url":"https:\/\/www.electroluxprofessional.com\/nl-be\/wp-content\/uploads\/2026\/03\/line-6000-hp-mobile-1.jpg","type":"image\/jpeg"}],"twitter_card":"summary_large_image","twitter_misc":{"Geschatte leestijd":"6 minuten"},"schema":{"@context":"https:\/\/schema.org","@graph":[{"@type":"WebPage","@id":"https:\/\/www.electroluxprofessional.com\/nl-be\/wasserij-oplossingen-voor-hotels\/","url":"https:\/\/www.electroluxprofessional.com\/nl-be\/wasserij-oplossingen-voor-hotels\/","name":"Solutions de blanchisserie pour h\u00f4tellerie | Electrolux Professional","isPartOf":{"@id":"https:\/\/www.electroluxprofessional.com\/nl-be\/#website"},"primaryImageOfPage":{"@id":"https:\/\/www.electroluxprofessional.com\/nl-be\/wasserij-oplossingen-voor-hotels\/#primaryimage"},"image":{"@id":"https:\/\/www.electroluxprofessional.com\/nl-be\/wasserij-oplossingen-voor-hotels\/#primaryimage"},"thumbnailUrl":"https:\/\/www.electroluxprofessional.com\/nl-be\/wp-content\/uploads\/2026\/03\/line-6000-hp-mobile-1.jpg","datePublished":"2026-03-26T14:42:36+00:00","dateModified":"2026-03-26T14:42:49+00:00","description":"D\u00e9couvrez nos solutions de blanchisserie professionnelle pour l'h\u00f4tellerie et la restauration. \u00c9quipements performants et fiables pour vos besoins.","breadcrumb":{"@id":"https:\/\/www.electroluxprofessional.com\/nl-be\/wasserij-oplossingen-voor-hotels\/#breadcrumb"},"inLanguage":"nl-BE","potentialAction":[{"@type":"ReadAction","target":["https:\/\/www.electroluxprofessional.com\/nl-be\/wasserij-oplossingen-voor-hotels\/"]}]},{"@type":"ImageObject","inLanguage":"nl-BE","@id":"https:\/\/www.electroluxprofessional.com\/nl-be\/wasserij-oplossingen-voor-hotels\/#primaryimage","url":"https:\/\/www.electroluxprofessional.com\/nl-be\/wp-content\/uploads\/2026\/03\/line-6000-hp-mobile-1.jpg","contentUrl":"https:\/\/www.electroluxprofessional.com\/nl-be\/wp-content\/uploads\/2026\/03\/line-6000-hp-mobile-1.jpg","width":1125,"height":1583},{"@type":"BreadcrumbList","@id":"https:\/\/www.electroluxprofessional.com\/nl-be\/wasserij-oplossingen-voor-hotels\/#breadcrumb","itemListElement":[{"@type":"ListItem","position":1,"name":"Home","item":"https:\/\/www.electroluxprofessional.com\/nl-be\/"},{"@type":"ListItem","position":2,"name":"Wasserijoplossingen voor hotels"}]},{"@type":"WebSite","@id":"https:\/\/www.electroluxprofessional.com\/nl-be\/#website","url":"https:\/\/www.electroluxprofessional.com\/nl-be\/","name":"Electrolux Professional Belgi\u00eb","description":"Professionele wasserij- en keukenapparatuur","potentialAction":[{"@type":"SearchAction","target":{"@type":"EntryPoint","urlTemplate":"https:\/\/www.electroluxprofessional.com\/nl-be\/?src={search_term_string}"},"query-input":"required name=search_term_string"}],"inLanguage":"nl-BE"}]}},"_links":{"self":[{"href":"https:\/\/www.electroluxprofessional.com\/nl-be\/wp-json\/wp\/v2\/pages\/16693"}],"collection":[{"href":"https:\/\/www.electroluxprofessional.com\/nl-be\/wp-json\/wp\/v2\/pages"}],"about":[{"href":"https:\/\/www.electroluxprofessional.com\/nl-be\/wp-json\/wp\/v2\/types\/page"}],"author":[{"embeddable":true,"href":"https:\/\/www.electroluxprofessional.com\/nl-be\/wp-json\/wp\/v2\/users\/97"}],"replies":[{"embeddable":true,"href":"https:\/\/www.electroluxprofessional.com\/nl-be\/wp-json\/wp\/v2\/comments?post=16693"}],"version-history":[{"count":2,"href":"https:\/\/www.electroluxprofessional.com\/nl-be\/wp-json\/wp\/v2\/pages\/16693\/revisions"}],"predecessor-version":[{"id":16695,"href":"https:\/\/www.electroluxprofessional.com\/nl-be\/wp-json\/wp\/v2\/pages\/16693\/revisions\/16695"}],"wp:featuredmedia":[{"embeddable":true,"href":"https:\/\/www.electroluxprofessional.com\/nl-be\/wp-json\/wp\/v2\/media\/16686"}],"wp:attachment":[{"href":"https:\/\/www.electroluxprofessional.com\/nl-be\/wp-json\/wp\/v2\/media?parent=16693"}],"curies":[{"name":"wp","href":"https:\/\/api.w.org\/{rel}","templated":true}]}}