{"id":16621,"date":"2026-03-20T09:31:19","date_gmt":"2026-03-20T09:31:19","guid":{"rendered":"https:\/\/www.electroluxprofessional.com\/nl-be\/?page_id=16621"},"modified":"2026-03-27T09:30:49","modified_gmt":"2026-03-27T09:30:49","slug":"greenclean-glaswasmachines","status":"publish","type":"page","link":"https:\/\/www.electroluxprofessional.com\/nl-be\/greenclean-glaswasmachines\/","title":{"rendered":"green&#038;clean glaswasmachines"},"content":{"rendered":"<p>[vc_row full_width=&#8221;electroluxpro-full-width-no-padding&#8221; el_id=&#8221;banner&#8221;][vc_column][elx_image_block is_full_height=&#8221;full-height&#8221; background_image=&#8221;16611&#8243; minimum_height=&#8221;400px&#8221;][\/vc_column][\/vc_row][vc_row][vc_column][vc_empty_space][elx_text_image tag_title=&#8221;h1&#8243; number_images=&#8221;2&#8243; style_image=&#8221;image_square&#8221; bg_row=&#8221;bg-download-white&#8221; title=&#8221;green&amp;clean glaswasmachines:<br \/>\nsnel, compact en gebruiksvriendelijk&#8221; lists=&#8221;%5B%7B%7D%5D&#8221; values=&#8221;%5B%7B%22tag_icon_title%22%3A%22h4%22%7D%5D&#8221; double_image_1=&#8221;16610&#8243;]<strong>green&amp;clean Glasswashers<\/strong> zijn de ideale oplossingen voor Bars, Pubs, Caf\u00e9s, kleine restaurants en QSR&#8217;s. Ontworpen voor klanten die zowel esthetiek als kosteneffici\u00ebntie waarderen zonder concessies te doen aan prestaties, bieden green&amp;clean Glasswashers de perfecte balans tussen stijl en functionaliteit.<\/p>\n<p>Ze helpen de winstgevendheid te verhogen terwijl ze <strong>duurzaamheid<\/strong>, uitstekende wasresultaten, <strong>maximale hygi\u00ebne<\/strong> en moeiteloos gebruiksgemak garanderen. Geen zorgen meer: met green&amp;clean&#8217;s <strong>Wash-Safe Control<\/strong> zijn sanitatie en reinheid gegarandeerd, cyclus na cyclus \u2013 zodat u met volledige gemoedsrust kunt werken.[\/elx_text_image][elx_o2000_contact_us s=&#8221;Contactaanvraag via de website&#8221; country=&#8221;Netherlands&#8221; b=&#8221;food&#8221; button_mode=&#8221;true&#8221; button_style=&#8221;secondary-bordered&#8221; postion_button=&#8221;text-left&#8221; postion_button_mobile=&#8221;text-left-mobile&#8221; text_btn_contact=&#8221;Neem contact op&#8221;][vc_empty_space][\/vc_column][\/vc_row][vc_row css=&#8221;.vc_custom_1721651804739{background-color: #e9eff5 !important;}&#8221;][vc_column][elx_features_download title=&#8221;Absolute tevredenheid voor u en uw gasten&#8221; tag_title=&#8221;h2&#8243; class_title=&#8221;h4&#8243; title_discover=&#8221;Ontdek&#8221; bg_discover_color=&#8221;bg-download-white&#8221; link_discover_color=&#8221;download-text-blue&#8221; title_position=&#8221;top&#8221; bg_row=&#8221;bg-row-light-blue&#8221; values=&#8221;%5B%7B%22select_type%22%3A%22pride%22%2C%22link_download%22%3A%22title%3ANeoBlue%2520Touch%2520Undercounter%2520Dishwasher%2520and%2520Glasswasher%2520brochure%7Ctarget%3A_blank%22%2C%22label_pride_document%22%3A%22green%26clean%20Onderbouw%20Vaatwasser%20en%20Glaswasser%20brochure%22%2C%22document_type%22%3A%22brochures%22%2C%22br_document_number%22%3A%22BR-9JE00171%22%7D%5D&#8221; discover=&#8221;%5B%7B%22link_discover%22%3A%22url%3Ahttps%253A%252F%252Fwww.electroluxprofessional.com%252Fnl-be%252Faccessoires-en-verbruiksproducten%252Fvaatwas%252F%7Ctitle%3AAccessoires%22%7D%5D&#8221; features=&#8221;%5B%7B%22icon_electroluxpro%22%3A%22elx-icon%20icon-circle-clean-blue%22%2C%22title_icon%22%3A%22Uitstekende%20was-%20en%20spoelprestaties%22%2C%22tag_icon_title%22%3A%22h4%22%2C%22text_icon%22%3A%22Uitstekende%20was-%20en%20spoelprestaties%20dankzij%20de%20dubbele%20boven-%20en%20onderwas-%20en%20spoelarmen.%20Houd%20uw%20bedrijf%20draaiende%20met%20de%20koude%20spoelfunctie%2C%20die%20glazen%20direct%20na%20het%20wassen%20gebruiksklaar%20maakt.%5Cn%22%7D%2C%7B%22icon_electroluxpro%22%3A%22elx-icon%20icon-circle-safe-blue%22%2C%22title_icon%22%3A%22Gegarandeerde%20sanitatie%5Cn%22%2C%22tag_icon_title%22%3A%22h4%22%2C%22text_icon%22%3A%22Perfect%20hygi%C3%ABnische%20resultaten%20met%20Wash-Safe%20Control%2C%20die%20een%20constante%20spoeltemperatuur%20van%2084%20%C2%B0C%20garandeert.%5Cn%22%7D%2C%7B%22icon_electroluxpro%22%3A%22elx-icon%20icon-circle-easy-blue%22%2C%22title_icon%22%3A%22Eenvoudig%20in%20gebruik%20en%20onderhoud%5Cn%22%2C%22tag_icon_title%22%3A%22h4%22%2C%22text_icon%22%3A%22Continue%20bewaking%20dankzij%20het%20goed%20zichtbare%20temperatuurdisplay.%20Veilige%20en%20ergonomische%20tegengewogen%20deur%20voor%20soepel%20openen%20en%20sluiten.%20Gebruiksvriendelijke%20elektronische%20bediening%20met%20zelfdiagnose.%5Cn%22%7D%5D&#8221;][\/elx_features_download][\/vc_column][\/vc_row][vc_row disable_element=&#8221;yes&#8221; css=&#8221;.vc_custom_1771484775051{background-color: #c4d69a !important;}&#8221;][vc_column][elx_features_download title=&#8221;&#8221; tag_title=&#8221;h2&#8243; class_title=&#8221;h4&#8243; bg_discover_color=&#8221;bg-download-white&#8221; link_discover_color=&#8221;download-text-blue&#8221; title_position=&#8221;top&#8221; bg_row=&#8221;bg-row-sustainability-green&#8221; values=&#8221;%5B%7B%22select_type%22%3A%22link%22%7D%5D&#8221; discover=&#8221;%5B%7B%7D%5D&#8221; features=&#8221;%5B%7B%22icon_electroluxpro%22%3A%22elx-icon%20icon-circle-savings-green-blue%22%2C%22title_icon%22%3A%22With%20the%20environment%20in%20mind%22%2C%22tag_icon_title%22%3A%22h4%22%2C%22text_icon%22%3A%22Reduced%20consumption%20of%20energy%2C%20water%2C%20detergent%20and%20rinse%20aid.%20Lower%20heat%20emissions%20thanks%20to%20the%20fully%20insulated%20double-skin%20construction.*%5Cn%3Cp%20class%3D%5C%22note-style%5C%22%3E*On%20selected%20models%3C%2Fp%3E%22%7D%5D&#8221;][\/elx_features_download][vc_empty_space height=&#8221;25px&#8221;][\/vc_column][\/vc_row][vc_row][vc_column][vc_empty_space][elx_multiple_columns number_columns=&#8221;4&#8243; tag_title_clm=&#8221;h3&#8243; class_title_clm=&#8221;h5&#8243; bg_row=&#8221;bg-download-white&#8221; title=&#8221;Het glas maakt het verschil&#8221; values=&#8221;%5B%7B%22image_section%22%3A%2216615%22%2C%22title_section%22%3A%22Uitstekende%20was-%20en%20spoelprestaties%5Cn%22%2C%22text_section%22%3A%22Krachtige%20wasdruk%20en%20uitstekende%20resultaten%20dankzij%20dubbele%20boven-%20en%20onderwas*%20en%20spoelarmen.%20Maximale%20duurzaamheid%20en%20langere%20levensduur.%20Robuuste%20constructie%20met%20zware%20roestvrijstalen%20componenten.%5Cn%22%2C%22note_section%22%3A%22*Op%20geselecteerde%20modellen%5Cn%22%2C%22button_style%22%3A%22secondary-bordered%22%7D%2C%7B%22image_section%22%3A%2216616%22%2C%22title_section%22%3A%22Snelle%20service%2C%20blije%20klanten%20en%20meer%20winst%5Cn%22%2C%22text_section%22%3A%22Houd%20uw%20service%20op%20gang%20-%20geen%20wachttijd%20voor%20het%20afkoelen%20van%20glazen.%20Serveer%20snel%20uitstekend%20bier%2C%20in%20koele%20en%20gesaniteerde%20glazen%2C%20dankzij%20het%20extra%20koude%20spoelprogramma*.%5Cn%22%2C%22note_section%22%3A%22*Op%20geselecteerde%20modellen%5Cn%22%2C%22button_style%22%3A%22secondary-bordered%22%7D%2C%7B%22image_section%22%3A%2216617%22%2C%22title_section%22%3A%22Snel%20en%20eenvoudig%20onderhoud%5Cn%22%2C%22text_section%22%3A%22Geen%20verplaatsing%20van%20de%20machine%20nodig%20voor%20onderhoud%2C%20dankzij%20de%20toegang%20tot%20de%20componenten%20via%20het%20voorpaneel.%20Zeer%20betrouwbare%20reinigingsmiddel-%20en%20glansspoelbuizen%20met%20een%20unieke%20fail-safe%20verbinding%20voor%20snelle%2C%20eenvoudige%20montage%20en%20onderhoud.%5Cn%22%2C%22button_style%22%3A%22secondary-bordered%22%7D%5D&#8221;][\/elx_multiple_columns][\/vc_column][\/vc_row][vc_row][vc_column][elx_heading font_size=&#8221;h5&#8243; text_color=&#8221;inherit&#8221;]Ergonomisch ontwerp, minder vermoeidheid<br \/>\n[\/elx_heading][vc_column_text]Trage werkzaamheden door complexe programma&#8217;s en gevaarlijke ergonomie zijn dagelijkse uitdagingen in veel bedrijven. green&amp;clean Glasswashers voldoen aan uw behoeften.<br \/>\n[\/vc_column_text][vc_empty_space][elx_text_image style_image=&#8221;image_square&#8221; bg_row=&#8221;bg-download-white&#8221; lists=&#8221;%5B%7B%22icon_electroluxpro%22%3A%22elx-icon%20icon-circle-checkmark-blue%22%2C%22title_list%22%3A%22Optimale%20werkomgeving%5Cn%22%2C%22text_list%22%3A%22De%20dubbelwandige%20ge%C3%AFsoleerde%20deur%20en%20kast*%20zorgen%20voor%20stillere%20werking%20en%20minder%20warmteverlies.%5Cn%3Cp%20class%3D%5C%22note-style%5C%22%3E*Op%20geselecteerde%20modellen%3C%2Fp%3E%22%7D%2C%7B%22icon_electroluxpro%22%3A%22elx-icon%20icon-circle-checkmark-blue%22%2C%22title_list%22%3A%22Tijdbesparing%5Cn%22%2C%22text_list%22%3A%22Elektronisch%20bedieningspaneel%20met%20temperatuurdisplay*%20voor%20eenvoudige%20bewaking%20van%20de%20machine.%20Gemakkelijk%20openen%20met%20verzonken%20handgreep.%5Cn%3Cp%20class%3D%5C%22note-style%5C%22%3E*Op%20geselecteerde%20modellen%3C%2Fp%3E%22%7D%2C%7B%22icon_electroluxpro%22%3A%22elx-icon%20icon-circle-checkmark-blue%22%2C%22title_list%22%3A%22Veilig%20en%20ergonomisch%5Cn%22%2C%22text_list%22%3A%22Tegengewogen%20deur%20voor%20zacht%20openen%20en%20sluiten.%5Cn%22%7D%5D&#8221; values=&#8221;%5B%7B%22tag_icon_title%22%3A%22h4%22%7D%5D&#8221; single_image=&#8221;16614&#8243;][\/elx_text_image][\/vc_column][\/vc_row][vc_row el_id=&#8221;Accessories&#8221;][vc_column]<div class=\"elx-accordion \">    <div class=\"elx-accordion-heading\">        <a class=\"elx-accordion-link elx-accordion-open\">            <h4 class=\" elx-accordion-title\">                Accessoires en reinigingsmiddelen                <img decoding=\"async\" src=\"https:\/\/www.electroluxprofessional.com\/nl-be\/wp-content\/themes\/electroluxpro\/assets\/epr-icon-minus-blue.svg\" class=\"elx-minus\" \/>                <img decoding=\"async\" src=\"https:\/\/www.electroluxprofessional.com\/nl-be\/wp-content\/themes\/electroluxpro\/assets\/epr-icon-plus-blue.svg\" class=\"elx-plus elx-hidden\" \/>            <\/h4>        <\/a>    <\/div>    <div class=\"elx-accordion-body elx-accordion-open\"><p>[vc_row_inner][vc_column_inner width=&#8221;1\/2&#8243;][elx_heading font_size=&#8221;h5&#8243; text_color=&#8221;inherit&#8221;]Mandjes voor elke behoefte<br \/>\n[\/elx_heading][vc_column_text]S-model glaswassers zijn ontworpen voor 400\u00d7400 mm mandjes. Kies de mandjes die het beste bij uw bedrijf passen.<br \/>\n[\/vc_column_text][vc_empty_space][elx_shop_now button_text=&#8221;SHOP NU&#8221; button_display_block=&#8221;display_block_on&#8221; button_alignment=&#8221;align_center&#8221; button_link=&#8221;url:https%3A%2F%2Fwww.electroluxprofessional.com%2Fnl-be%2Faccessoires-en-verbruiksproducten%2Fvaatwas%2F|title:Accessoires%20en%20verbruiksproducten%20%E2%80%93%20Vaatwas&#8221;][vc_empty_space height=&#8221;80px&#8221;][\/vc_column_inner][vc_column_inner width=&#8221;1\/2&#8243;][vc_single_image image=&#8221;16612&#8243; img_size=&#8221;300*250&#8243; alignment=&#8221;center&#8221; css_animation=&#8221;none&#8221;][\/vc_column_inner][\/vc_row_inner][vc_row_inner][vc_column_inner width=&#8221;1\/2&#8243;][vc_single_image image=&#8221;16613&#8243; img_size=&#8221;530*285&#8243; alignment=&#8221;center&#8221; css_animation=&#8221;none&#8221;][\/vc_column_inner][vc_column_inner width=&#8221;1\/2&#8243;][elx_heading font_size=&#8221;h5&#8243; text_color=&#8221;inherit&#8221;]Commerci\u00eble glaswasser vloeibare reinigingsmiddelen<br \/>\n[\/elx_heading][vc_column_text]Deze reinigingsmiddelen verwijderen druppels en vlekken voor glanzende glazen, waardoor de glazen perfect schoon en droog blijven. Hun speciale formule helpt ook kalkaanslag te voorkomen.<br \/>\n[\/vc_column_text][vc_empty_space][elx_shop_now button_text=&#8221;SHOP NU&#8221; button_display_block=&#8221;display_block_on&#8221; button_alignment=&#8221;align_center&#8221; button_link=&#8221;url:https%3A%2F%2Fwww.electroluxprofessional.com%2Fnl-be%2Faccessoires-en-verbruiksproducten%2Fvaatwas%2F|title:Accessoires%20en%20verbruiksproducten%20%E2%80%93%20Vaatwas&#8221;][vc_empty_space][\/vc_column_inner][\/vc_row_inner]<\/p>\n    <\/div><\/div>[\/vc_column][\/vc_row][vc_row][vc_column][vc_empty_space height=&#8221;50px&#8221;][elx_heading text_color=&#8221;inherit&#8221; text_align=&#8221;text-center&#8221;]Neem contact met ons op voor meer informatie over<br \/>\ngreen&amp;clean Glasswashers<br \/>\n[\/elx_heading][vc_empty_space][elx_o2000_contact_us b=&#8221;food&#8221;][vc_empty_space height=&#8221;50px&#8221;][\/vc_column][\/vc_row][vc_row el_id=&#8221;products&#8221;][vc_column][\/vc_column][\/vc_row][vc_row][vc_column][vc_empty_space height=&#8221;50px&#8221;][elx_multiple_columns number_columns=&#8221;4&#8243; tag_title_clm=&#8221;h3&#8243; class_title_clm=&#8221;h5&#8243; bg_row=&#8221;bg-download-white&#8221; title=&#8221;Vind uw complete oplossing&#8221; values=&#8221;%5B%7B%22image_section%22%3A%2216618%22%2C%22title_section%22%3A%22Koffie%20%26%20Bakkerij%5Cn%22%2C%22text_section%22%3A%22Voor%20bedrijven%20die%20de%20hele%20dag%20door%20eten%20serveren.%5Cn%22%2C%22link_section%22%3A%22url%3Ahttps%253A%252F%252Fwww.electroluxprofessional.com%252Fnl-be%252Fdranken%252Fkoffiezetapparaten%252F%7Ctitle%3AVind%2520de%2520oplossingen%2520die%2520u%2520nodig%2520heeft%22%2C%22button_style%22%3A%22secondary-bordered%22%7D%2C%7B%22image_section%22%3A%2216619%22%2C%22title_section%22%3A%22Bars%20en%20pubs%22%2C%22text_section%22%3A%22Versnel%20de%20service.%20Maak%20de%20korte%20pauze%20van%20uw%20klanten%20aangenaam.%5Cn%22%2C%22link_section%22%3A%22url%3Ahttps%253A%252F%252Fwww.electroluxprofessional.com%252Fnl-be%252Fdranken%252Fkoffiezetapparaten%252F%7Ctitle%3AVersnel%2520uw%2520keuken%22%2C%22button_style%22%3A%22secondary-bordered%22%7D%2C%7B%22image_section%22%3A%2216620%22%2C%22title_section%22%3A%22Casual%20Dining%22%2C%22text_section%22%3A%22Beheer%20drukke%20uren%20en%20verhoog%20het%20aantal%20bestellingen.%5Cn%22%2C%22link_section%22%3A%22url%3Ahttps%253A%252F%252Fwww.electroluxprofessional.com%252Fnl-be%252Fuw-profiel%252Frestaurants%252F%7Ctitle%3AOntdek%2520ons%2520assortiment%22%2C%22button_style%22%3A%22secondary-bordered%22%7D%5D&#8221;][\/elx_multiple_columns][\/vc_column][\/vc_row]<\/p>\n","protected":false},"excerpt":{"rendered":"<p>[vc_row full_width=&#8221;electroluxpro-full-width-no-padding&#8221; el_id=&#8221;banner&#8221;][vc_column][elx_image_block is_full_height=&#8221;full-height&#8221; background_image=&#8221;16611&#8243; minimum_height=&#8221;400px&#8221;][\/vc_column][\/vc_row][vc_row][vc_column][vc_empty_space][elx_text_image tag_title=&#8221;h1&#8243; number_images=&#8221;2&#8243; style_image=&#8221;image_square&#8221; bg_row=&#8221;bg-download-white&#8221; title=&#8221;green&amp;clean glaswasmachines: snel, compact en gebruiksvriendelijk&#8221; lists=&#8221;%5B%7B%7D%5D&#8221; values=&#8221;%5B%7B%22tag_icon_title%22%3A%22h4%22%7D%5D&#8221; double_image_1=&#8221;16610&#8243;]green&amp;clean Glasswashers zijn de ideale oplossingen voor Bars, Pubs, Caf\u00e9s, kleine restaurants en QSR&#8217;s. Ontworpen voor klanten die zowel esthetiek als kosteneffici\u00ebntie waarderen zonder concessies te doen aan prestaties, bieden green&amp;clean Glasswashers de perfecte balans tussen stijl [&hellip;]<\/p>\n","protected":false},"author":1,"featured_media":16610,"parent":0,"menu_order":0,"comment_status":"closed","ping_status":"closed","template":"","meta":{"footnotes":""},"class_list":["post-16621","page","type-page","status-publish","has-post-thumbnail","hentry"],"yoast_head":"<!-- This site is optimized with the Yoast SEO plugin v23.3 - https:\/\/yoast.com\/wordpress\/plugins\/seo\/ -->\n<title>green&amp;clean glaswasmachines - Electrolux Professional Belgi\u00eb<\/title>\n<meta name=\"description\" content=\"green&amp;clean glaswassers zijn snel, compact en eenvoudig te gebruiken, ideaal voor bars, caf\u00e9s en restaurants, en zorgen voor hygi\u00ebne, duurzaamheid, effici\u00ebntie en vlekkeloze resultaten bij elke cyclus.\" \/>\n<meta name=\"robots\" content=\"index, follow, max-snippet:-1, max-image-preview:large, max-video-preview:-1\" \/>\n<link rel=\"canonical\" href=\"https:\/\/www.electroluxprofessional.com\/nl-be\/greenclean-glaswasmachines\/\" \/>\n<meta property=\"og:locale\" content=\"nl_BE\" \/>\n<meta property=\"og:type\" content=\"article\" \/>\n<meta property=\"og:title\" content=\"green&amp;clean glaswasmachines - Electrolux Professional Belgi\u00eb\" \/>\n<meta property=\"og:description\" content=\"green&amp;clean glaswassers zijn snel, compact en eenvoudig te gebruiken, ideaal voor bars, caf\u00e9s en restaurants, en zorgen voor hygi\u00ebne, duurzaamheid, effici\u00ebntie en vlekkeloze resultaten bij elke cyclus.\" \/>\n<meta property=\"og:url\" content=\"https:\/\/www.electroluxprofessional.com\/nl-be\/greenclean-glaswasmachines\/\" \/>\n<meta property=\"og:site_name\" content=\"Electrolux Professional Belgi\u00eb\" \/>\n<meta property=\"article:modified_time\" content=\"2026-03-27T09:30:49+00:00\" \/>\n<meta property=\"og:image\" content=\"https:\/\/www.electroluxprofessional.com\/nl-be\/wp-content\/uploads\/2026\/03\/PH_415x415_PH_402230_1_1_402230.jpg\" \/>\n\t<meta property=\"og:image:width\" content=\"415\" \/>\n\t<meta property=\"og:image:height\" content=\"415\" \/>\n\t<meta property=\"og:image:type\" content=\"image\/jpeg\" \/>\n<meta name=\"twitter:card\" content=\"summary_large_image\" \/>\n<meta name=\"twitter:label1\" content=\"Geschatte leestijd\" \/>\n\t<meta name=\"twitter:data1\" content=\"3 minuten\" \/>\n<script type=\"application\/ld+json\" class=\"yoast-schema-graph\">{\"@context\":\"https:\/\/schema.org\",\"@graph\":[{\"@type\":\"WebPage\",\"@id\":\"https:\/\/www.electroluxprofessional.com\/nl-be\/greenclean-glaswasmachines\/\",\"url\":\"https:\/\/www.electroluxprofessional.com\/nl-be\/greenclean-glaswasmachines\/\",\"name\":\"green&clean glaswasmachines - Electrolux Professional Belgi\u00eb\",\"isPartOf\":{\"@id\":\"https:\/\/www.electroluxprofessional.com\/nl-be\/#website\"},\"primaryImageOfPage\":{\"@id\":\"https:\/\/www.electroluxprofessional.com\/nl-be\/greenclean-glaswasmachines\/#primaryimage\"},\"image\":{\"@id\":\"https:\/\/www.electroluxprofessional.com\/nl-be\/greenclean-glaswasmachines\/#primaryimage\"},\"thumbnailUrl\":\"https:\/\/www.electroluxprofessional.com\/nl-be\/wp-content\/uploads\/2026\/03\/PH_415x415_PH_402230_1_1_402230.jpg\",\"datePublished\":\"2026-03-20T09:31:19+00:00\",\"dateModified\":\"2026-03-27T09:30:49+00:00\",\"description\":\"green&clean glaswassers zijn snel, compact en eenvoudig te gebruiken, ideaal voor bars, caf\u00e9s en restaurants, en zorgen voor hygi\u00ebne, duurzaamheid, effici\u00ebntie en vlekkeloze resultaten bij elke cyclus.\",\"breadcrumb\":{\"@id\":\"https:\/\/www.electroluxprofessional.com\/nl-be\/greenclean-glaswasmachines\/#breadcrumb\"},\"inLanguage\":\"nl-BE\",\"potentialAction\":[{\"@type\":\"ReadAction\",\"target\":[\"https:\/\/www.electroluxprofessional.com\/nl-be\/greenclean-glaswasmachines\/\"]}]},{\"@type\":\"ImageObject\",\"inLanguage\":\"nl-BE\",\"@id\":\"https:\/\/www.electroluxprofessional.com\/nl-be\/greenclean-glaswasmachines\/#primaryimage\",\"url\":\"https:\/\/www.electroluxprofessional.com\/nl-be\/wp-content\/uploads\/2026\/03\/PH_415x415_PH_402230_1_1_402230.jpg\",\"contentUrl\":\"https:\/\/www.electroluxprofessional.com\/nl-be\/wp-content\/uploads\/2026\/03\/PH_415x415_PH_402230_1_1_402230.jpg\",\"width\":415,\"height\":415},{\"@type\":\"BreadcrumbList\",\"@id\":\"https:\/\/www.electroluxprofessional.com\/nl-be\/greenclean-glaswasmachines\/#breadcrumb\",\"itemListElement\":[{\"@type\":\"ListItem\",\"position\":1,\"name\":\"Home\",\"item\":\"https:\/\/www.electroluxprofessional.com\/nl-be\/\"},{\"@type\":\"ListItem\",\"position\":2,\"name\":\"green&#038;clean glaswasmachines\"}]},{\"@type\":\"WebSite\",\"@id\":\"https:\/\/www.electroluxprofessional.com\/nl-be\/#website\",\"url\":\"https:\/\/www.electroluxprofessional.com\/nl-be\/\",\"name\":\"Electrolux Professional Belgi\u00eb\",\"description\":\"Professionele wasserij- en keukenapparatuur\",\"potentialAction\":[{\"@type\":\"SearchAction\",\"target\":{\"@type\":\"EntryPoint\",\"urlTemplate\":\"https:\/\/www.electroluxprofessional.com\/nl-be\/?src={search_term_string}\"},\"query-input\":\"required name=search_term_string\"}],\"inLanguage\":\"nl-BE\"}]}<\/script>\n<!-- \/ Yoast SEO plugin. -->","yoast_head_json":{"title":"green&clean glaswasmachines - Electrolux Professional Belgi\u00eb","description":"green&clean glaswassers zijn snel, compact en eenvoudig te gebruiken, ideaal voor bars, caf\u00e9s en restaurants, en zorgen voor hygi\u00ebne, duurzaamheid, effici\u00ebntie en vlekkeloze resultaten bij elke cyclus.","robots":{"index":"index","follow":"follow","max-snippet":"max-snippet:-1","max-image-preview":"max-image-preview:large","max-video-preview":"max-video-preview:-1"},"canonical":"https:\/\/www.electroluxprofessional.com\/nl-be\/greenclean-glaswasmachines\/","og_locale":"nl_BE","og_type":"article","og_title":"green&clean glaswasmachines - Electrolux Professional Belgi\u00eb","og_description":"green&clean glaswassers zijn snel, compact en eenvoudig te gebruiken, ideaal voor bars, caf\u00e9s en restaurants, en zorgen voor hygi\u00ebne, duurzaamheid, effici\u00ebntie en vlekkeloze resultaten bij elke cyclus.","og_url":"https:\/\/www.electroluxprofessional.com\/nl-be\/greenclean-glaswasmachines\/","og_site_name":"Electrolux Professional Belgi\u00eb","article_modified_time":"2026-03-27T09:30:49+00:00","og_image":[{"width":415,"height":415,"url":"https:\/\/www.electroluxprofessional.com\/nl-be\/wp-content\/uploads\/2026\/03\/PH_415x415_PH_402230_1_1_402230.jpg","type":"image\/jpeg"}],"twitter_card":"summary_large_image","twitter_misc":{"Geschatte leestijd":"3 minuten"},"schema":{"@context":"https:\/\/schema.org","@graph":[{"@type":"WebPage","@id":"https:\/\/www.electroluxprofessional.com\/nl-be\/greenclean-glaswasmachines\/","url":"https:\/\/www.electroluxprofessional.com\/nl-be\/greenclean-glaswasmachines\/","name":"green&clean glaswasmachines - Electrolux Professional Belgi\u00eb","isPartOf":{"@id":"https:\/\/www.electroluxprofessional.com\/nl-be\/#website"},"primaryImageOfPage":{"@id":"https:\/\/www.electroluxprofessional.com\/nl-be\/greenclean-glaswasmachines\/#primaryimage"},"image":{"@id":"https:\/\/www.electroluxprofessional.com\/nl-be\/greenclean-glaswasmachines\/#primaryimage"},"thumbnailUrl":"https:\/\/www.electroluxprofessional.com\/nl-be\/wp-content\/uploads\/2026\/03\/PH_415x415_PH_402230_1_1_402230.jpg","datePublished":"2026-03-20T09:31:19+00:00","dateModified":"2026-03-27T09:30:49+00:00","description":"green&clean glaswassers zijn snel, compact en eenvoudig te gebruiken, ideaal voor bars, caf\u00e9s en restaurants, en zorgen voor hygi\u00ebne, duurzaamheid, effici\u00ebntie en vlekkeloze resultaten bij elke cyclus.","breadcrumb":{"@id":"https:\/\/www.electroluxprofessional.com\/nl-be\/greenclean-glaswasmachines\/#breadcrumb"},"inLanguage":"nl-BE","potentialAction":[{"@type":"ReadAction","target":["https:\/\/www.electroluxprofessional.com\/nl-be\/greenclean-glaswasmachines\/"]}]},{"@type":"ImageObject","inLanguage":"nl-BE","@id":"https:\/\/www.electroluxprofessional.com\/nl-be\/greenclean-glaswasmachines\/#primaryimage","url":"https:\/\/www.electroluxprofessional.com\/nl-be\/wp-content\/uploads\/2026\/03\/PH_415x415_PH_402230_1_1_402230.jpg","contentUrl":"https:\/\/www.electroluxprofessional.com\/nl-be\/wp-content\/uploads\/2026\/03\/PH_415x415_PH_402230_1_1_402230.jpg","width":415,"height":415},{"@type":"BreadcrumbList","@id":"https:\/\/www.electroluxprofessional.com\/nl-be\/greenclean-glaswasmachines\/#breadcrumb","itemListElement":[{"@type":"ListItem","position":1,"name":"Home","item":"https:\/\/www.electroluxprofessional.com\/nl-be\/"},{"@type":"ListItem","position":2,"name":"green&#038;clean glaswasmachines"}]},{"@type":"WebSite","@id":"https:\/\/www.electroluxprofessional.com\/nl-be\/#website","url":"https:\/\/www.electroluxprofessional.com\/nl-be\/","name":"Electrolux Professional Belgi\u00eb","description":"Professionele wasserij- en keukenapparatuur","potentialAction":[{"@type":"SearchAction","target":{"@type":"EntryPoint","urlTemplate":"https:\/\/www.electroluxprofessional.com\/nl-be\/?src={search_term_string}"},"query-input":"required name=search_term_string"}],"inLanguage":"nl-BE"}]}},"_links":{"self":[{"href":"https:\/\/www.electroluxprofessional.com\/nl-be\/wp-json\/wp\/v2\/pages\/16621"}],"collection":[{"href":"https:\/\/www.electroluxprofessional.com\/nl-be\/wp-json\/wp\/v2\/pages"}],"about":[{"href":"https:\/\/www.electroluxprofessional.com\/nl-be\/wp-json\/wp\/v2\/types\/page"}],"author":[{"embeddable":true,"href":"https:\/\/www.electroluxprofessional.com\/nl-be\/wp-json\/wp\/v2\/users\/1"}],"replies":[{"embeddable":true,"href":"https:\/\/www.electroluxprofessional.com\/nl-be\/wp-json\/wp\/v2\/comments?post=16621"}],"version-history":[{"count":8,"href":"https:\/\/www.electroluxprofessional.com\/nl-be\/wp-json\/wp\/v2\/pages\/16621\/revisions"}],"predecessor-version":[{"id":16711,"href":"https:\/\/www.electroluxprofessional.com\/nl-be\/wp-json\/wp\/v2\/pages\/16621\/revisions\/16711"}],"wp:featuredmedia":[{"embeddable":true,"href":"https:\/\/www.electroluxprofessional.com\/nl-be\/wp-json\/wp\/v2\/media\/16610"}],"wp:attachment":[{"href":"https:\/\/www.electroluxprofessional.com\/nl-be\/wp-json\/wp\/v2\/media?parent=16621"}],"curies":[{"name":"wp","href":"https:\/\/api.w.org\/{rel}","templated":true}]}}