{"id":13437,"date":"2022-06-14T16:10:09","date_gmt":"2022-06-14T16:10:09","guid":{"rendered":"https:\/\/www.electroluxprofessional.com\/nl-be\/?page_id=13437"},"modified":"2023-06-14T10:23:05","modified_gmt":"2023-06-14T10:23:05","slug":"takeaway","status":"publish","type":"page","link":"https:\/\/www.electroluxprofessional.com\/nl-be\/uw-profiel\/takeaway\/","title":{"rendered":"Fast-food, take-away en broodjes"},"content":{"rendered":"<p>[vc_row full_width=&#8221;electroluxpro-full-width-no-padding&#8221;][vc_column][elx_image_block background_image=&#8221;786&#8243; minimum_height=&#8221;350px&#8221;][\/vc_column][\/vc_row][vc_row full_width=&#8221;electroluxpro-full-width-no-padding&#8221;][vc_column][vc_empty_space height=&#8221;50px&#8221;][elx_heading font_container=&#8221;h1&#8243; text_color=&#8221;inherit&#8221; text_align=&#8221;text-center&#8221;]Duurzame wasserij-, dranken en keukenapparatuur<br \/>\nvoor take-away en fast-food[\/elx_heading][vc_empty_space height=&#8221;50px&#8221;][\/vc_column][\/vc_row][vc_row full_width=&#8221;electroluxpro-container-no-padding&#8221;][vc_column][vc_column_text]<\/p>\n<p style=\"text-align: left;\">Electrolux Professional levert <strong>wereldwijd apparatuur aan grote en kleine fast-food ketens en take-away restaurants<\/strong>. In de Benelux kun je ons vinden bij <em><a href=\"https:\/\/www.electroluxprofessional.com\/nl-be\/references\/greenway\/\">Greenway<\/a><\/em>, <i>Autogrill<\/i>, <em>Balls &amp; Glory<\/em> en veel meer&#8230; Zij rekenen op ons advies bij de inrichting van hun zaak maar ook bij vervanging of het testen van nieuwe concepten.<\/p>\n<p>[\/vc_column_text][vc_empty_space][\/vc_column][\/vc_row][vc_row full_width=&#8221;electroluxpro-container-no-padding&#8221;][vc_column width=&#8221;2\/3&#8243;][vc_column_text]<\/p>\n<p style=\"text-align: left;\">Denkt u ook aan <strong>uitbreiden<\/strong>, of wilt u gewoon uw <strong>materiaal vervangen door energie-zuinige en programmeerbare opties<\/strong>? Neem vandaag nog contact met ons op voor vrijblijvend advies. We zorgen samen voor een productieve <strong>broodjesbar<\/strong>, <strong>burger restaurant<\/strong> of <strong>vegan take-away<\/strong>.<\/p>\n<p>[\/vc_column_text][vc_empty_space height=&#8221;50px&#8221;][elx_button button_text=&#8221;Contact&#8221; button_link=&#8221;url:%23contact|title:Neem%20contact%20op&#8221;][vc_empty_space height=&#8221;50px&#8221;][\/vc_column][vc_column width=&#8221;1\/3&#8243;][vc_single_image image=&#8221;5441&#8243; img_size=&#8221;medium&#8221; alignment=&#8221;right&#8221;][vc_empty_space height=&#8221;50px&#8221;][\/vc_column][\/vc_row][vc_row full_width=&#8221;electroluxpro-container-no-padding&#8221;][vc_column][elx_video_block background_image=&#8221;4577&#8243; video_link=&#8221;https:\/\/www.youtube.com\/watch?v=FWJyQjARpsw&#8221; minimum_height=&#8221;350px&#8221;][\/vc_column][\/vc_row][vc_row][vc_column][vc_empty_space height=&#8221;50px&#8221;][elx_heading font_size=&#8221;h2&#8243; text_color=&#8221;inherit&#8221; text_align=&#8221;text-center&#8221;]Al het keukenmateriaal voor uw take-away restaurant[\/elx_heading][vc_empty_space][vc_row_inner][vc_column_inner width=&#8221;1\/4&#8243;][elx_heading text_color=&#8221;inherit&#8221; text_align=&#8221;text-center&#8221;]Vaatwassers[\/elx_heading][vc_single_image image=&#8221;10732&#8243; alignment=&#8221;center&#8221;][vc_empty_space][elx_button button_text=&#8221;ONTDEK&#8221; button_display_block=&#8221;display_block_on&#8221; button_alignment=&#8221;align_center&#8221; button_link=&#8221;url:https%3A%2F%2Fwww.electroluxprofessional.com%2Fnl-be%2Fkeuken%2Fglazenwassers-en-frontladers%2F|title:Glazenwassers%20en%20Frontladers&#8221;][vc_empty_space][vc_column_text]<\/p>\n<p style=\"text-align: center;\"><strong>Voorladers<\/strong> voor glazen en bestek of grotere <strong>kap- en doorschuifvaatwassers<\/strong>. Er is een oplossing voor ieder gebruik, met een minimaal energie- en waterverbruik.<\/p>\n<p>[\/vc_column_text][vc_empty_space][\/vc_column_inner][vc_column_inner width=&#8221;1\/4&#8243;][elx_heading text_color=&#8221;inherit&#8221; text_align=&#8221;text-center&#8221;]Koeling[\/elx_heading][vc_single_image image=&#8221;10229&#8243; alignment=&#8221;center&#8221;][vc_empty_space][elx_button button_text=&#8221;Ontdek&#8221; button_display_block=&#8221;display_block_on&#8221; button_alignment=&#8221;align_center&#8221; button_link=&#8221;url:https%3A%2F%2Fwww.electroluxprofessional.com%2Fnl-be%2Fkeuken%2Fkoelkasten-en-vrieskasten%2F|title:Glazenwassers%20en%20Frontladers&#8221;][vc_empty_space][vc_column_text]<\/p>\n<p style=\"text-align: center;\"><strong>Werkbanken<\/strong> met gekoelde lades voor een gemakkelijke voorbereiding of <strong>koelkasten<\/strong> voor <b>voedselveilige <\/b>stockage van uw producten.<\/p>\n<p>[\/vc_column_text][vc_empty_space height=&#8221;65px&#8221;][\/vc_column_inner][vc_column_inner width=&#8221;1\/4&#8243;][elx_heading text_color=&#8221;inherit&#8221; text_align=&#8221;text-center&#8221;]Combi-ovens[\/elx_heading][vc_single_image image=&#8221;12909&#8243; alignment=&#8221;center&#8221;][vc_empty_space][elx_button button_text=&#8221;Ontdek&#8221; button_display_block=&#8221;display_block_on&#8221; button_alignment=&#8221;align_center&#8221; button_link=&#8221;url:https%3A%2F%2Fwww.electroluxprofessional.com%2Fnl-be%2Fcombi-ovens%2F|title:Glazenwassers%20en%20Frontladers&#8221;][vc_empty_space][vc_column_text]<\/p>\n<p style=\"text-align: center;\"><strong>Standaardiseer<\/strong> uw bereidingen dankzij de programmeerbare menu&#8217;s en zorg voor <strong>consistente resultaten<\/strong>. Enorm gebruiksvriendelijk en handig.<\/p>\n<p>[\/vc_column_text][vc_empty_space][\/vc_column_inner][vc_column_inner width=&#8221;1\/4&#8243;][elx_heading text_color=&#8221;inherit&#8221; text_align=&#8221;text-center&#8221;]High speed grill[\/elx_heading][vc_single_image image=&#8221;7416&#8243; alignment=&#8221;center&#8221;][vc_empty_space][elx_button button_text=&#8221;Ontdek&#8221; button_display_block=&#8221;display_block_on&#8221; button_alignment=&#8221;align_center&#8221; button_link=&#8221;url:https%3A%2F%2Fwww.electroluxprofessional.com%2Fnl-be%2Fkeuken%2Fspeedelight-snack-grill%2F|title:SpeeDelight&#8221;][vc_empty_space][vc_column_text]<\/p>\n<p style=\"text-align: center;\"><strong>Verwarm en grill<\/strong> panini&#8217;s, pizza&#8217;s, quiche, foccacia en zelfs moelleux in <strong>enkele seconden<\/strong>. Programmeer uw persoonlijke recepten en bedien met iconen. Uniek in de markt.<\/p>\n<p>[\/vc_column_text][vc_empty_space][\/vc_column_inner][\/vc_row_inner][\/vc_column][\/vc_row][vc_row][vc_column][vc_empty_space][elx_button button_text=&#8221;Contact&#8221; button_display_block=&#8221;display_block_on&#8221; button_alignment=&#8221;align_center&#8221; button_link=&#8221;url:%23contact|title:Neem%20contact%20op&#8221;][vc_empty_space][\/vc_column][\/vc_row][vc_row][vc_column][vc_empty_space height=&#8221;50px&#8221;][elx_image_block background_image=&#8221;13477&#8243; minimum_height=&#8221;450px&#8221;][vc_empty_space height=&#8221;50px&#8221;][\/vc_column][\/vc_row][vc_row full_width=&#8221;electroluxpro-container-no-padding&#8221;][vc_column width=&#8221;1\/3&#8243; css=&#8221;.vc_custom_1655314199662{padding-right: 0px !important;padding-left: 0px !important;}&#8221;][vc_single_image image=&#8221;8451&#8243; alignment=&#8221;center&#8221;][vc_empty_space][elx_heading font_container=&#8221;h3&#8243; font_size=&#8221;h5&#8243; text_color=&#8221;inherit&#8221; text_align=&#8221;text-center&#8221;]Hoge bedrijfszekerheid[\/elx_heading][vc_empty_space][vc_column_text]<\/p>\n<p style=\"text-align: center;\"><strong>Voorkom uitval<\/strong> en houd uw bedrijf draaiende, zeker tijdens piekuren, dankzij een breed netwerk van service partners. U waarborgt een<strong> constante service en kwaliteit<\/strong>\u00a0zonder moeite.<\/p>\n<p>[\/vc_column_text][\/vc_column][vc_column width=&#8221;1\/3&#8243;][vc_single_image image=&#8221;12395&#8243; alignment=&#8221;center&#8221;][vc_empty_space][elx_heading font_container=&#8221;h3&#8243; font_size=&#8221;h5&#8243; text_color=&#8221;inherit&#8221; text_align=&#8221;text-center&#8221;]E\u00e9n merk voor alles[\/elx_heading][vc_empty_space][vc_column_text]<\/p>\n<p style=\"text-align: center;\">U kunt bij ons terecht voor de <strong>volledige uitrusting van uw restaurant<\/strong>. Van kook-apparatuur tot vaatwassers, koeling en zelfs wasmachines, we helpen u op elk gebied met <strong>degelijke en duurzame apparatuur<\/strong>.<\/p>\n<p>[\/vc_column_text][vc_empty_space][elx_button button_text=&#8221;Contact&#8221; button_display_block=&#8221;display_block_on&#8221; button_alignment=&#8221;align_center&#8221; button_link=&#8221;url:%23contact|title:Neem%20contact%20op&#8221;][\/vc_column][vc_column width=&#8221;1\/3&#8243; css=&#8221;.vc_custom_1655314215071{border-right-width: 0px !important;border-left-width: 0px !important;}&#8221;][vc_single_image image=&#8221;11040&#8243; alignment=&#8221;center&#8221;][vc_empty_space][elx_heading font_container=&#8221;h3&#8243; font_size=&#8221;h5&#8243; text_color=&#8221;inherit&#8221; text_align=&#8221;text-center&#8221;]Handig te programmeren[\/elx_heading][vc_empty_space][vc_column_text]<\/p>\n<p style=\"text-align: center;\"><strong>Bespaar tijd <\/strong>en zet uw personeel maximaal in met onze<strong> gebruiksvriendelijke apparatuur. Programmeer uw<\/strong> ovens en panini-grills centraal, van op afstand voor <strong>consistente resultaten in een handomdraai<\/strong>.<\/p>\n<p>[\/vc_column_text][\/vc_column][\/vc_row][vc_row][vc_column][vc_empty_space height=&#8221;40px&#8221;][elx_image_block background_image=&#8221;13478&#8243; minimum_height=&#8221;450px&#8221;][vc_empty_space][\/vc_column][\/vc_row][vc_row][vc_column][elx_heading text_color=&#8221;inherit&#8221; text_align=&#8221;text-left&#8221;]Uw wereldwijd vertrouwde partner[\/elx_heading][vc_empty_space][vc_column_text]<\/p>\n<p style=\"text-align: left;\">Wilt u ontdekken hoe we uw <strong>bedrijf en franchises optimaal kunnen doen werken zelfs bij personeelstekort, hoge werkdruk en stijgende energieprijzen<\/strong>, spreek dan met onze experts.<\/p>\n<p style=\"text-align: left;\">Neem contact met ons op voor vrijblijvende info en laat u bijstaan door onze experts.<\/p>\n<p>[\/vc_column_text][\/vc_column][\/vc_row][vc_row el_id=&#8221;contact&#8221;][vc_column width=&#8221;2\/3&#8243;][vc_empty_space][elx_heading font_size=&#8221;h2&#8243; text_color=&#8221;inherit&#8221; text_align=&#8221;text-left&#8221; css=&#8221;.vc_custom_1655315647427{background-color: #eeeeee !important;}&#8221;]Contacteer vrijblijvend onze experts[\/elx_heading][vc_empty_space][elx_o2000_contact_us s=&#8221;Informatie-aanvraag&#8221; country=&#8221;Belgium&#8221; b=&#8221;food&#8221; r=&#8221;Ik had graag meer informatie over oplossingen voor take-away en ketens&#8221;][vc_empty_space][\/vc_column][vc_column width=&#8221;1\/3&#8243;][vc_empty_space height=&#8221;120px&#8221;][vc_column_text]<a href=\"https:\/\/www.electroluxprofessional.com\/nl-be\/keuken\/electrolux-elektrische-powergrill-hp\/\">NitroChrome<\/a>: bak 350 hamburgers\/uur[\/vc_column_text][vc_empty_space height=&#8221;20px&#8221;][elx_video_block background_image=&#8221;11609&#8243; video_link=&#8221;https:\/\/youtu.be\/Z2KDOPX1lck&#8221; minimum_height=&#8221;200px&#8221;][vc_empty_space][vc_column_text]<a href=\"https:\/\/www.electroluxprofessional.com\/nl\/keuken\/speedelight\/\">SpeeDelight<\/a>: grill en verwarm pizza, panini&#8217;s, quiche en moelleux[\/vc_column_text][vc_empty_space height=&#8221;20px&#8221;][elx_video_block background_image=&#8221;614&#8243; video_link=&#8221;https:\/\/youtu.be\/v4giq-7xsuQ&#8221; minimum_height=&#8221;200px&#8221;][vc_empty_space][vc_column_text]ProSift: paneer kipfilets op een ergonomische en hygi\u00ebnische manier[\/vc_column_text][vc_empty_space height=&#8221;20px&#8221;][elx_video_block background_image=&#8221;5685&#8243; video_link=&#8221;https:\/\/youtu.be\/xpYDdjtt3p4&#8243; minimum_height=&#8221;200px&#8221;][vc_empty_space][\/vc_column][\/vc_row][vc_row][vc_column][vc_column_text][\/vc_column_text][\/vc_column][\/vc_row][vc_row][vc_column][vc_column_text][\/vc_column_text][\/vc_column][\/vc_row][vc_row css=&#8221;.vc_custom_1523261642376{background-color: #eeeeee !important;}&#8221;][vc_column][elx_heading font_size=&#8221;h3&#8243; text_color=&#8221;inherit&#8221; text_align=&#8221;text-left&#8221; css=&#8221;.vc_custom_1655219859352{background-color: #eeeeee !important;}&#8221;]Andere innovatieve oplossingen voor ketens[\/elx_heading][vc_empty_space][\/vc_column][\/vc_row][vc_row content_placement=&#8221;top&#8221; css=&#8221;.vc_custom_1523261606279{background-color: #eeeeee !important;}&#8221;][vc_column width=&#8221;1\/3&#8243;][vc_single_image image=&#8221;785&#8243; img_size=&#8221;500&#215;354&#8243;][elx_heading font_container=&#8221;h4&#8243; text_color=&#8221;inherit&#8221; text_align=&#8221;text-left&#8221;]Carlsberg DraughtMaster[\/elx_heading][vc_column_text css=&#8221;.vc_custom_1655315694636{padding-bottom: 20px !important;}&#8221;]Het innovatieve en duurzame DraughtMaster\u2122 systeem, speciaal ontwikkeld voor <strong>Carlsberg<\/strong>, is een biertap die buitengewone <strong>kwaliteit en smaak<\/strong> garandeert.<\/p>\n<p>Een <strong>duurzame oplossing<\/strong>: minder afval-productie en verminderde opslagruimte voor de vaten.<\/p>\n<p>De <strong>smaak wordt behouden<\/strong> dankzij het gebruik van externe druk dat het toevoegen van smaakveranderende CO2 onnodig maakt.[\/vc_column_text][\/vc_column][vc_column width=&#8221;1\/3&#8243;][vc_single_image image=&#8221;784&#8243; img_size=&#8221;500&#215;354&#8243;][elx_heading font_container=&#8221;h4&#8243; text_color=&#8221;inherit&#8221; text_align=&#8221;text-left&#8221;]Ontdooikasten[\/elx_heading][vc_column_text]De Ontdooikasten zijn speciaal ontwikkeld om kipfilets <strong>snel<\/strong> en met respect van de hygi\u00ebnenormen te <strong>ontdooien<\/strong>.<\/p>\n<p>De perfecte oplossing om een <strong>groot aantal gerechten sneller en veiliger<\/strong> klaar te maken.[\/vc_column_text][\/vc_column][vc_column width=&#8221;1\/3&#8243;][elx_simple_link_block link=&#8221;url:https%3A%2F%2Fwww.electroluxprofessional.com%2Fnl-be%2Fkeuken%2Ftrinitypro%2F|title:TrinityPro%20cutter%20mixers&#8221; text_align=&#8221;text-left&#8221; text_color=&#8221;inherit&#8221; background_color=&#8221;inherit&#8221; background_hover_color=&#8221;darker-hover&#8221; extra_class=&#8221;&#8221; reveal_effect=&#8221;&#8221; reveal_duration=&#8221;&#8221; reveal_delay=&#8221;&#8221;][vc_single_image image=&#8221;12829&#8243; img_size=&#8221;500&#215;354&#8243; alignment=&#8221;center&#8221;][elx_heading font_container=&#8221;h4&#8243; text_color=&#8221;inherit&#8221; text_align=&#8221;text-left&#8221;]Dynamische voorbereiding[\/elx_heading][vc_column_text]Alle ingredi\u00ebnten voor <strong>gezonde snacks met \u00e9\u00e9n machine<\/strong>: geraspte wortel, schijfjes komkommer, mayonnaise enz.<\/p>\n<p><strong>Gegarandeerde kwaliteit en hygi\u00ebne<\/strong>. Alle onderdelen gaan in de vaatwasser.<\/p>\n<p><strong>BPA-vrij<\/strong>[\/vc_column_text][\/elx_simple_link_block][\/vc_column][\/vc_row][vc_row][vc_column][vc_empty_space][elx_heading text_color=&#8221;inherit&#8221;]Ontdek meer[\/elx_heading][\/vc_column][\/vc_row][vc_row][vc_column width=&#8221;1\/3&#8243;][elx_maylike_box id_box=&#8221;11931&#8243;][\/vc_column][vc_column width=&#8221;1\/3&#8243;][elx_maylike_box id_box=&#8221;3240&#8243;][\/vc_column][vc_column width=&#8221;1\/3&#8243;][elx_maylike_box id_box=&#8221;3362&#8243;][\/vc_column][\/vc_row]<\/p>\n","protected":false},"excerpt":{"rendered":"<p>[vc_row full_width=&#8221;electroluxpro-full-width-no-padding&#8221;][vc_column][elx_image_block background_image=&#8221;786&#8243; minimum_height=&#8221;350px&#8221;][\/vc_column][\/vc_row][vc_row full_width=&#8221;electroluxpro-full-width-no-padding&#8221;][vc_column][vc_empty_space height=&#8221;50px&#8221;][elx_heading font_container=&#8221;h1&#8243; text_color=&#8221;inherit&#8221; text_align=&#8221;text-center&#8221;]Duurzame wasserij-, dranken en keukenapparatuur voor take-away en fast-food[\/elx_heading][vc_empty_space height=&#8221;50px&#8221;][\/vc_column][\/vc_row][vc_row full_width=&#8221;electroluxpro-container-no-padding&#8221;][vc_column][vc_column_text] Electrolux Professional levert wereldwijd apparatuur aan grote en kleine fast-food ketens en take-away restaurants. In de Benelux kun je ons vinden bij Greenway, Autogrill, Balls &amp; Glory en veel meer&#8230; Zij rekenen op ons advies bij [&hellip;]<\/p>\n","protected":false},"author":38,"featured_media":13045,"parent":2279,"menu_order":0,"comment_status":"closed","ping_status":"closed","template":"","meta":{"footnotes":""},"class_list":["post-13437","page","type-page","status-publish","has-post-thumbnail","hentry"],"yoast_head":"<!-- This site is optimized with the Yoast SEO plugin v23.3 - https:\/\/yoast.com\/wordpress\/plugins\/seo\/ -->\n<title>Take-away - Electrolux Professional Belgi\u00eb<\/title>\n<meta name=\"description\" content=\"Waarborg consistente resultaten en hoge bedrijfszekerheid dankzij het volledige gamma horeca-producten van Electrolux Professional\" \/>\n<meta name=\"robots\" content=\"index, follow, max-snippet:-1, max-image-preview:large, max-video-preview:-1\" \/>\n<link rel=\"canonical\" href=\"https:\/\/www.electroluxprofessional.com\/nl-be\/uw-profiel\/takeaway\/\" \/>\n<meta property=\"og:locale\" content=\"nl_BE\" \/>\n<meta property=\"og:type\" content=\"article\" \/>\n<meta property=\"og:title\" content=\"Take-away - Electrolux Professional Belgi\u00eb\" \/>\n<meta property=\"og:description\" content=\"Waarborg consistente resultaten en hoge bedrijfszekerheid dankzij het volledige gamma horeca-producten van Electrolux Professional\" \/>\n<meta property=\"og:url\" content=\"https:\/\/www.electroluxprofessional.com\/nl-be\/uw-profiel\/takeaway\/\" \/>\n<meta property=\"og:site_name\" content=\"Electrolux Professional Belgi\u00eb\" \/>\n<meta property=\"article:modified_time\" content=\"2023-06-14T10:23:05+00:00\" \/>\n<meta property=\"og:image\" content=\"https:\/\/www.electroluxprofessional.com\/nl-be\/wp-content\/uploads\/2022\/02\/retail_banner_desk.jpg\" \/>\n\t<meta property=\"og:image:width\" content=\"1920\" \/>\n\t<meta property=\"og:image:height\" content=\"582\" \/>\n\t<meta property=\"og:image:type\" content=\"image\/jpeg\" \/>\n<meta name=\"twitter:card\" content=\"summary_large_image\" \/>\n<meta name=\"twitter:label1\" content=\"Geschatte leestijd\" \/>\n\t<meta name=\"twitter:data1\" content=\"4 minuten\" \/>\n<script type=\"application\/ld+json\" class=\"yoast-schema-graph\">{\"@context\":\"https:\/\/schema.org\",\"@graph\":[{\"@type\":\"WebPage\",\"@id\":\"https:\/\/www.electroluxprofessional.com\/nl-be\/uw-profiel\/takeaway\/\",\"url\":\"https:\/\/www.electroluxprofessional.com\/nl-be\/uw-profiel\/takeaway\/\",\"name\":\"Take-away - Electrolux Professional Belgi\u00eb\",\"isPartOf\":{\"@id\":\"https:\/\/www.electroluxprofessional.com\/nl-be\/#website\"},\"primaryImageOfPage\":{\"@id\":\"https:\/\/www.electroluxprofessional.com\/nl-be\/uw-profiel\/takeaway\/#primaryimage\"},\"image\":{\"@id\":\"https:\/\/www.electroluxprofessional.com\/nl-be\/uw-profiel\/takeaway\/#primaryimage\"},\"thumbnailUrl\":\"https:\/\/www.electroluxprofessional.com\/nl-be\/wp-content\/uploads\/2022\/02\/retail_banner_desk.jpg\",\"datePublished\":\"2022-06-14T16:10:09+00:00\",\"dateModified\":\"2023-06-14T10:23:05+00:00\",\"description\":\"Waarborg consistente resultaten en hoge bedrijfszekerheid dankzij het volledige gamma horeca-producten van Electrolux Professional\",\"breadcrumb\":{\"@id\":\"https:\/\/www.electroluxprofessional.com\/nl-be\/uw-profiel\/takeaway\/#breadcrumb\"},\"inLanguage\":\"nl-BE\",\"potentialAction\":[{\"@type\":\"ReadAction\",\"target\":[\"https:\/\/www.electroluxprofessional.com\/nl-be\/uw-profiel\/takeaway\/\"]}]},{\"@type\":\"ImageObject\",\"inLanguage\":\"nl-BE\",\"@id\":\"https:\/\/www.electroluxprofessional.com\/nl-be\/uw-profiel\/takeaway\/#primaryimage\",\"url\":\"https:\/\/www.electroluxprofessional.com\/nl-be\/wp-content\/uploads\/2022\/02\/retail_banner_desk.jpg\",\"contentUrl\":\"https:\/\/www.electroluxprofessional.com\/nl-be\/wp-content\/uploads\/2022\/02\/retail_banner_desk.jpg\",\"width\":1920,\"height\":582,\"caption\":\"retail_banner_desk\"},{\"@type\":\"BreadcrumbList\",\"@id\":\"https:\/\/www.electroluxprofessional.com\/nl-be\/uw-profiel\/takeaway\/#breadcrumb\",\"itemListElement\":[{\"@type\":\"ListItem\",\"position\":1,\"name\":\"Home\",\"item\":\"https:\/\/www.electroluxprofessional.com\/nl-be\/\"},{\"@type\":\"ListItem\",\"position\":2,\"name\":\"Uw profiel\",\"item\":\"https:\/\/www.electroluxprofessional.com\/nl-be\/uw-profiel\/\"},{\"@type\":\"ListItem\",\"position\":3,\"name\":\"Fast-food, take-away en broodjes\"}]},{\"@type\":\"WebSite\",\"@id\":\"https:\/\/www.electroluxprofessional.com\/nl-be\/#website\",\"url\":\"https:\/\/www.electroluxprofessional.com\/nl-be\/\",\"name\":\"Electrolux Professional Belgi\u00eb\",\"description\":\"Professionele wasserij- en keukenapparatuur\",\"potentialAction\":[{\"@type\":\"SearchAction\",\"target\":{\"@type\":\"EntryPoint\",\"urlTemplate\":\"https:\/\/www.electroluxprofessional.com\/nl-be\/?src={search_term_string}\"},\"query-input\":\"required name=search_term_string\"}],\"inLanguage\":\"nl-BE\"}]}<\/script>\n<!-- \/ Yoast SEO plugin. -->","yoast_head_json":{"title":"Take-away - Electrolux Professional Belgi\u00eb","description":"Waarborg consistente resultaten en hoge bedrijfszekerheid dankzij het volledige gamma horeca-producten van Electrolux Professional","robots":{"index":"index","follow":"follow","max-snippet":"max-snippet:-1","max-image-preview":"max-image-preview:large","max-video-preview":"max-video-preview:-1"},"canonical":"https:\/\/www.electroluxprofessional.com\/nl-be\/uw-profiel\/takeaway\/","og_locale":"nl_BE","og_type":"article","og_title":"Take-away - Electrolux Professional Belgi\u00eb","og_description":"Waarborg consistente resultaten en hoge bedrijfszekerheid dankzij het volledige gamma horeca-producten van Electrolux Professional","og_url":"https:\/\/www.electroluxprofessional.com\/nl-be\/uw-profiel\/takeaway\/","og_site_name":"Electrolux Professional Belgi\u00eb","article_modified_time":"2023-06-14T10:23:05+00:00","og_image":[{"width":1920,"height":582,"url":"https:\/\/www.electroluxprofessional.com\/nl-be\/wp-content\/uploads\/2022\/02\/retail_banner_desk.jpg","type":"image\/jpeg"}],"twitter_card":"summary_large_image","twitter_misc":{"Geschatte leestijd":"4 minuten"},"schema":{"@context":"https:\/\/schema.org","@graph":[{"@type":"WebPage","@id":"https:\/\/www.electroluxprofessional.com\/nl-be\/uw-profiel\/takeaway\/","url":"https:\/\/www.electroluxprofessional.com\/nl-be\/uw-profiel\/takeaway\/","name":"Take-away - Electrolux Professional Belgi\u00eb","isPartOf":{"@id":"https:\/\/www.electroluxprofessional.com\/nl-be\/#website"},"primaryImageOfPage":{"@id":"https:\/\/www.electroluxprofessional.com\/nl-be\/uw-profiel\/takeaway\/#primaryimage"},"image":{"@id":"https:\/\/www.electroluxprofessional.com\/nl-be\/uw-profiel\/takeaway\/#primaryimage"},"thumbnailUrl":"https:\/\/www.electroluxprofessional.com\/nl-be\/wp-content\/uploads\/2022\/02\/retail_banner_desk.jpg","datePublished":"2022-06-14T16:10:09+00:00","dateModified":"2023-06-14T10:23:05+00:00","description":"Waarborg consistente resultaten en hoge bedrijfszekerheid dankzij het volledige gamma horeca-producten van Electrolux Professional","breadcrumb":{"@id":"https:\/\/www.electroluxprofessional.com\/nl-be\/uw-profiel\/takeaway\/#breadcrumb"},"inLanguage":"nl-BE","potentialAction":[{"@type":"ReadAction","target":["https:\/\/www.electroluxprofessional.com\/nl-be\/uw-profiel\/takeaway\/"]}]},{"@type":"ImageObject","inLanguage":"nl-BE","@id":"https:\/\/www.electroluxprofessional.com\/nl-be\/uw-profiel\/takeaway\/#primaryimage","url":"https:\/\/www.electroluxprofessional.com\/nl-be\/wp-content\/uploads\/2022\/02\/retail_banner_desk.jpg","contentUrl":"https:\/\/www.electroluxprofessional.com\/nl-be\/wp-content\/uploads\/2022\/02\/retail_banner_desk.jpg","width":1920,"height":582,"caption":"retail_banner_desk"},{"@type":"BreadcrumbList","@id":"https:\/\/www.electroluxprofessional.com\/nl-be\/uw-profiel\/takeaway\/#breadcrumb","itemListElement":[{"@type":"ListItem","position":1,"name":"Home","item":"https:\/\/www.electroluxprofessional.com\/nl-be\/"},{"@type":"ListItem","position":2,"name":"Uw profiel","item":"https:\/\/www.electroluxprofessional.com\/nl-be\/uw-profiel\/"},{"@type":"ListItem","position":3,"name":"Fast-food, take-away en broodjes"}]},{"@type":"WebSite","@id":"https:\/\/www.electroluxprofessional.com\/nl-be\/#website","url":"https:\/\/www.electroluxprofessional.com\/nl-be\/","name":"Electrolux Professional Belgi\u00eb","description":"Professionele wasserij- en keukenapparatuur","potentialAction":[{"@type":"SearchAction","target":{"@type":"EntryPoint","urlTemplate":"https:\/\/www.electroluxprofessional.com\/nl-be\/?src={search_term_string}"},"query-input":"required name=search_term_string"}],"inLanguage":"nl-BE"}]}},"_links":{"self":[{"href":"https:\/\/www.electroluxprofessional.com\/nl-be\/wp-json\/wp\/v2\/pages\/13437"}],"collection":[{"href":"https:\/\/www.electroluxprofessional.com\/nl-be\/wp-json\/wp\/v2\/pages"}],"about":[{"href":"https:\/\/www.electroluxprofessional.com\/nl-be\/wp-json\/wp\/v2\/types\/page"}],"author":[{"embeddable":true,"href":"https:\/\/www.electroluxprofessional.com\/nl-be\/wp-json\/wp\/v2\/users\/38"}],"replies":[{"embeddable":true,"href":"https:\/\/www.electroluxprofessional.com\/nl-be\/wp-json\/wp\/v2\/comments?post=13437"}],"version-history":[{"count":58,"href":"https:\/\/www.electroluxprofessional.com\/nl-be\/wp-json\/wp\/v2\/pages\/13437\/revisions"}],"predecessor-version":[{"id":13993,"href":"https:\/\/www.electroluxprofessional.com\/nl-be\/wp-json\/wp\/v2\/pages\/13437\/revisions\/13993"}],"up":[{"embeddable":true,"href":"https:\/\/www.electroluxprofessional.com\/nl-be\/wp-json\/wp\/v2\/pages\/2279"}],"wp:featuredmedia":[{"embeddable":true,"href":"https:\/\/www.electroluxprofessional.com\/nl-be\/wp-json\/wp\/v2\/media\/13045"}],"wp:attachment":[{"href":"https:\/\/www.electroluxprofessional.com\/nl-be\/wp-json\/wp\/v2\/media?parent=13437"}],"curies":[{"name":"wp","href":"https:\/\/api.w.org\/{rel}","templated":true}]}}