{"id":7579,"date":"2020-03-03T15:11:05","date_gmt":"2020-03-03T15:11:05","guid":{"rendered":"https:\/\/www.electroluxprofessional.com\/la\/?page_id=7579"},"modified":"2026-02-24T15:42:50","modified_gmt":"2026-02-24T15:42:50","slug":"homepage","status":"publish","type":"page","link":"https:\/\/www.electroluxprofessional.com\/la\/","title":{"rendered":"Homepage"},"content":{"rendered":"<p>[vc_row full_width=&#8221;electroluxpro-full-width-no-padding&#8221; css=&#8221;.vc_custom_1581601446712{margin-bottom: 0px !important;}&#8221;][vc_column css=&#8221;.vc_custom_1575015067714{margin-bottom: 0px !important;}&#8221;][elx_master_slider slide_order_1=&#8221;1&#8243; title_1=&#8221;SkyLine Soluci\u00f3n Cook&amp;Chill&#8221; text_1=&#8221;Presentamos una soluci\u00f3n pionera Cook&amp;Chill<br \/>\nque se anticipa a tus necesidades.&#8221; slide_order_2=&#8221;2&#8243; title_2=&#8221;Soluctiones sector salud&#8221; text_2=&#8221;Tecnolog\u00edas innovadoras<br \/>\npara el sector salud&#8221; slide_order_3=&#8221;3&#8243; title_3=&#8221;&#8221; text_3=&#8221;&#8221; slide_order_4=&#8221;4&#8243; title_4=&#8221;&#8221; text_4=&#8221;&#8221; link_1=&#8221;url:https%3A%2F%2Fwww.electroluxprofessional.com%2Fla%2Fcook-and-chill%2F|title:SIGA%20EL%20CAMINO%20PARA%20ULTIMAR%20LA%20CONFIABILIDAD||&#8221; background_image_media_library_1=&#8221;7584&#8243; background_image_media_library_mobile_1=&#8221;7585&#8243; background_image_media_library_2=&#8221;17065&#8243; background_image_media_library_3=&#8221;29274&#8243; background_image_media_library_4=&#8221;29276&#8243; link_2=&#8221;url:https%3A%2F%2Fwww.electroluxprofessional.com%2Fla%2Fseminarios-soluciones-sector-salud%2F%3Futm_campaign%3Dlaundry-2023-02-LATAM%26utm_content%3Dwebinar%26utm_medium%3Dbanner%26utm_source%3Dwebsite%26utm_term%3D615ae0f77a6b403fa49d656a59c7a685|title:REG%C3%8DSTRATE&#8221; link_3=&#8221;|||&#8221; link_4=&#8221;|||&#8221; background_image_media_library_mobile_2=&#8221;17066&#8243; background_image_media_library_mobile_3=&#8221;29270&#8243; background_image_media_library_mobile_4=&#8221;29272&#8243;][\/vc_column][\/vc_row][vc_row full_width=&#8221;electroluxpro-full-width-no-padding&#8221;][vc_column][elx_search title=&#8221;What are you looking for?&#8221;][\/vc_column][\/vc_row][vc_row full_width=&#8221;electroluxpro-full-width-no-padding&#8221;][vc_column][elx_full_banner title=&#8221;Apoyando a los clientes durante la crisis del coronavirus&#8221; text=&#8221;Electrolux Professional is the OnE trusted partner making your<br \/>\nwork-life easier, more profitable \u2013 and truly sustainable every day.&#8221; background_source=&#8221;image-media-library&#8221; link=&#8221;url:https%3A%2F%2Fwww.electroluxprofessional.com%2Fla%2Fsoporte-tecnico%2Fapoyo-clientes-crisis-coronavirus%2F|title:Descubre%20a%20tu%20Socio%20de%20Confianza%20OnE||&#8221; background_image_media_library=&#8221;7645&#8243; background_image_media_library_mobile=&#8221;7645&#8243;][\/vc_column][\/vc_row][vc_row][vc_column][elx_double_banner title_1=&#8221;Line 6000&#8243; text_1=&#8221;La L\u00ednea 6000 se sit\u00faa muy por delante de otras secadoras en t\u00e9rminos de velocidad y ahorro de energ\u00eda.&#8221; title_2=&#8221;Essentia &#8211; atenci\u00f3n al cliente&#8221; text_2=&#8221;Unidos para servirte. En cualquier momento, en cualquier lugar&#8221; background_source_1=&#8221;image-media-library&#8221; background_source_2=&#8221;image-media-library&#8221; link_1=&#8221;url:https%3A%2F%2Fwww.electroluxprofessional.com%2Fla%2Fequipamiento-lavanderia-comercial%2Fsecadoras-2%2F|title:Read%20more||&#8221; background_image_media_library_1=&#8221;7591&#8243; link_2=&#8221;url:https%3A%2F%2Fwww.electroluxprofessional.com%2Fla%2Fessentia-atencion-al-cliente%2F|title:Read%20more||&#8221; background_image_media_library_2=&#8221;7594&#8243; background_image_media_library_mobile_1=&#8221;7592&#8243; background_image_media_library_mobile_2=&#8221;7595&#8243;][\/vc_column][\/vc_row][vc_row disable_element=&#8221;yes&#8221;][vc_column][elx_double_banner title_1=&#8221;Espresso Coffee Machines&#8221; text_1=&#8221;Design and technology for a full-flavor experience, whether your business is large or small.&#8221; title_2=&#8221;Essentia Service agreements&#8221; text_2=&#8221;Tailor-made service packages to keep your equipment running smoothly.&#8221; background_source_1=&#8221;image-media-library&#8221; background_source_2=&#8221;image-media-library&#8221; link_1=&#8221;url:https%3A%2F%2Fwww.electroluxprofessional.com%2Fbeverage-solutions%2Fespresso-coffee-machines%2F|title:Discover%20more||&#8221; background_image_media_library_1=&#8221;29259&#8243; link_2=&#8221;url:https%3A%2F%2Fwww.electroluxprofessional.com%2Fcustomer-care%2Fservice-agreements%2F|title:Discover%20more||&#8221; background_image_media_library_2=&#8221;29261&#8243; background_image_media_library_mobile_1=&#8221;29260&#8243; background_image_media_library_mobile_2=&#8221;29262&#8243;][\/vc_column][\/vc_row][vc_row full_width=&#8221;electroluxpro-full-width-no-padding&#8221;][vc_column][elx_full_banner title=&#8221;Electrolux Professional Centers of Excellence&#8221; text=&#8221;Swiss design since 1871: over 100 years of production,<br \/>\nprecision and tradition&#8221; background_source=&#8221;image-media-library&#8221; link=&#8221;url:https%3A%2F%2Fwww.electroluxprofessional.com%2Fchef-s-hub%2Fcenters-of-excellence-electrolux-professional%2F|title:Visit%20our%20showrooms||&#8221; background_image_media_library=&#8221;7597&#8243; background_image_media_library_mobile=&#8221;7598&#8243;][\/vc_column][\/vc_row][vc_row full_width=&#8221;electroluxpro-full-width-no-padding&#8221;][vc_column][elx_last_references title=&#8221;Our customers&#8221;][\/vc_column][\/vc_row][vc_row full_width=&#8221;electroluxpro-full-width-no-padding&#8221;][vc_column][elx_last_news][\/vc_column][\/vc_row][vc_row][vc_column][elx_single_banner title=&#8221;Work with us&#8221; text=&#8221;Electrolux Professional welcomes passionate, business-minded team players to join our family. Check our career site to learn about openings and opportunities for you.&#8221; text_mobile=&#8221;Check our career site to learn about openings and opportunities for you.&#8221; background_source=&#8221;image-media-library&#8221; background_image_media_library=&#8221;7612&#8243; link=&#8221;url:https%3A%2F%2Fwww.electroluxprofessional.com%2Fcareer-opportunities%2F|title:Apply%20now||&#8221; background_image_media_library_mobile=&#8221;7613&#8243;][\/vc_column][\/vc_row][vc_row][vc_column][elx_active_banner title=&#8221;Sales and service locator&#8221; link=&#8221;url:https%3A%2F%2Fwww.electroluxprofessional.com%2Fla%2Fpuntos-de-venta-y-servicio%2F|title:Search||&#8221; background_image_media_library=&#8221;7614&#8243; background_image_media_library_mobile=&#8221;7615&#8243;][\/vc_column][\/vc_row][vc_row][vc_column][vc_empty_space height=&#8221;30px&#8221;][\/vc_column][\/vc_row]<\/p>\n","protected":false},"excerpt":{"rendered":"<p>[vc_row full_width=&#8221;electroluxpro-full-width-no-padding&#8221; css=&#8221;.vc_custom_1581601446712{margin-bottom: 0px !important;}&#8221;][vc_column css=&#8221;.vc_custom_1575015067714{margin-bottom: 0px !important;}&#8221;][elx_master_slider slide_order_1=&#8221;1&#8243; title_1=&#8221;SkyLine Soluci\u00f3n Cook&amp;Chill&#8221; text_1=&#8221;Presentamos una soluci\u00f3n pionera Cook&amp;Chill que se anticipa a tus necesidades.&#8221; slide_order_2=&#8221;2&#8243; title_2=&#8221;Soluctiones sector salud&#8221; text_2=&#8221;Tecnolog\u00edas innovadoras para el sector salud&#8221; slide_order_3=&#8221;3&#8243; title_3=&#8221;&#8221; text_3=&#8221;&#8221; slide_order_4=&#8221;4&#8243; title_4=&#8221;&#8221; text_4=&#8221;&#8221; link_1=&#8221;url:https%3A%2F%2Fwww.electroluxprofessional.com%2Fla%2Fcook-and-chill%2F|title:SIGA%20EL%20CAMINO%20PARA%20ULTIMAR%20LA%20CONFIABILIDAD||&#8221; background_image_media_library_1=&#8221;7584&#8243; background_image_media_library_mobile_1=&#8221;7585&#8243; background_image_media_library_2=&#8221;17065&#8243; background_image_media_library_3=&#8221;29274&#8243; background_image_media_library_4=&#8221;29276&#8243; link_2=&#8221;url:https%3A%2F%2Fwww.electroluxprofessional.com%2Fla%2Fseminarios-soluciones-sector-salud%2F%3Futm_campaign%3Dlaundry-2023-02-LATAM%26utm_content%3Dwebinar%26utm_medium%3Dbanner%26utm_source%3Dwebsite%26utm_term%3D615ae0f77a6b403fa49d656a59c7a685|title:REG%C3%8DSTRATE&#8221; link_3=&#8221;|||&#8221; link_4=&#8221;|||&#8221; background_image_media_library_mobile_2=&#8221;17066&#8243; background_image_media_library_mobile_3=&#8221;29270&#8243; background_image_media_library_mobile_4=&#8221;29272&#8243;][\/vc_column][\/vc_row][vc_row full_width=&#8221;electroluxpro-full-width-no-padding&#8221;][vc_column][elx_search title=&#8221;What are you [&hellip;]<\/p>\n","protected":false},"author":1,"featured_media":0,"parent":0,"menu_order":0,"comment_status":"closed","ping_status":"closed","template":"","meta":{"footnotes":""},"class_list":["post-7579","page","type-page","status-publish","hentry"],"acf":[],"yoast_head":"<!-- This site is optimized with the Yoast SEO plugin v23.3 - https:\/\/yoast.com\/wordpress\/plugins\/seo\/ -->\n<title>Homepage - Electrolux Professional Latin America<\/title>\n<meta name=\"robots\" content=\"index, follow, max-snippet:-1, max-image-preview:large, max-video-preview:-1\" \/>\n<link rel=\"canonical\" href=\"https:\/\/www.electroluxprofessional.com\/la\/\" \/>\n<meta property=\"og:locale\" content=\"es_MX\" \/>\n<meta property=\"og:type\" content=\"article\" \/>\n<meta property=\"og:title\" content=\"Homepage - Electrolux Professional Latin America\" \/>\n<meta property=\"og:description\" content=\"[vc_row full_width=&#8221;electroluxpro-full-width-no-padding&#8221; css=&#8221;.vc_custom_1581601446712{margin-bottom: 0px !important;}&#8221;][vc_column css=&#8221;.vc_custom_1575015067714{margin-bottom: 0px !important;}&#8221;][elx_master_slider slide_order_1=&#8221;1&#8243; title_1=&#8221;SkyLine Soluci\u00f3n Cook&amp;Chill&#8221; text_1=&#8221;Presentamos una soluci\u00f3n pionera Cook&amp;Chill que se anticipa a tus necesidades.&#8221; slide_order_2=&#8221;2&#8243; title_2=&#8221;Soluctiones sector salud&#8221; text_2=&#8221;Tecnolog\u00edas innovadoras para el sector salud&#8221; slide_order_3=&#8221;3&#8243; title_3=&#8221;&#8221; text_3=&#8221;&#8221; slide_order_4=&#8221;4&#8243; title_4=&#8221;&#8221; text_4=&#8221;&#8221; link_1=&#8221;url:https%3A%2F%2Fwww.electroluxprofessional.com%2Fla%2Fcook-and-chill%2F|title:SIGA%20EL%20CAMINO%20PARA%20ULTIMAR%20LA%20CONFIABILIDAD||&#8221; background_image_media_library_1=&#8221;7584&#8243; background_image_media_library_mobile_1=&#8221;7585&#8243; background_image_media_library_2=&#8221;17065&#8243; background_image_media_library_3=&#8221;29274&#8243; background_image_media_library_4=&#8221;29276&#8243; link_2=&#8221;url:https%3A%2F%2Fwww.electroluxprofessional.com%2Fla%2Fseminarios-soluciones-sector-salud%2F%3Futm_campaign%3Dlaundry-2023-02-LATAM%26utm_content%3Dwebinar%26utm_medium%3Dbanner%26utm_source%3Dwebsite%26utm_term%3D615ae0f77a6b403fa49d656a59c7a685|title:REG%C3%8DSTRATE&#8221; link_3=&#8221;|||&#8221; link_4=&#8221;|||&#8221; background_image_media_library_mobile_2=&#8221;17066&#8243; background_image_media_library_mobile_3=&#8221;29270&#8243; background_image_media_library_mobile_4=&#8221;29272&#8243;][\/vc_column][\/vc_row][vc_row full_width=&#8221;electroluxpro-full-width-no-padding&#8221;][vc_column][elx_search title=&#8221;What are you [&hellip;]\" \/>\n<meta property=\"og:url\" content=\"https:\/\/www.electroluxprofessional.com\/la\/\" \/>\n<meta property=\"og:site_name\" content=\"Electrolux Professional Latin America\" \/>\n<meta property=\"article:modified_time\" content=\"2026-02-24T15:42:50+00:00\" \/>\n<meta name=\"twitter:card\" content=\"summary_large_image\" \/>\n<meta name=\"twitter:label1\" content=\"Tiempo de lectura\" \/>\n\t<meta name=\"twitter:data1\" content=\"5 minutos\" \/>\n<script type=\"application\/ld+json\" class=\"yoast-schema-graph\">{\"@context\":\"https:\/\/schema.org\",\"@graph\":[{\"@type\":\"WebPage\",\"@id\":\"https:\/\/www.electroluxprofessional.com\/la\/\",\"url\":\"https:\/\/www.electroluxprofessional.com\/la\/\",\"name\":\"Homepage - Electrolux Professional Latin America\",\"isPartOf\":{\"@id\":\"https:\/\/www.electroluxprofessional.com\/la\/#website\"},\"datePublished\":\"2020-03-03T15:11:05+00:00\",\"dateModified\":\"2026-02-24T15:42:50+00:00\",\"breadcrumb\":{\"@id\":\"https:\/\/www.electroluxprofessional.com\/la\/#breadcrumb\"},\"inLanguage\":\"es\",\"potentialAction\":[{\"@type\":\"ReadAction\",\"target\":[\"https:\/\/www.electroluxprofessional.com\/la\/\"]}]},{\"@type\":\"BreadcrumbList\",\"@id\":\"https:\/\/www.electroluxprofessional.com\/la\/#breadcrumb\",\"itemListElement\":[{\"@type\":\"ListItem\",\"position\":1,\"name\":\"Home\",\"item\":\"https:\/\/www.electroluxprofessional.com\/la\/\"},{\"@type\":\"ListItem\",\"position\":2,\"name\":\"Homepage\"}]},{\"@type\":\"WebSite\",\"@id\":\"https:\/\/www.electroluxprofessional.com\/la\/#website\",\"url\":\"https:\/\/www.electroluxprofessional.com\/la\/\",\"name\":\"Electrolux Professional Latin America\",\"description\":\"Equipamiento cocinas profesionales y lavander\u00edas comerciales. Excelencia en el suministro de soluciones profesionales.\",\"potentialAction\":[{\"@type\":\"SearchAction\",\"target\":{\"@type\":\"EntryPoint\",\"urlTemplate\":\"https:\/\/www.electroluxprofessional.com\/la\/?src={search_term_string}\"},\"query-input\":\"required name=search_term_string\"}],\"inLanguage\":\"es\"}]}<\/script>\n<!-- \/ Yoast SEO plugin. -->","yoast_head_json":{"title":"Homepage - Electrolux Professional Latin America","robots":{"index":"index","follow":"follow","max-snippet":"max-snippet:-1","max-image-preview":"max-image-preview:large","max-video-preview":"max-video-preview:-1"},"canonical":"https:\/\/www.electroluxprofessional.com\/la\/","og_locale":"es_MX","og_type":"article","og_title":"Homepage - Electrolux Professional Latin America","og_description":"[vc_row full_width=&#8221;electroluxpro-full-width-no-padding&#8221; css=&#8221;.vc_custom_1581601446712{margin-bottom: 0px !important;}&#8221;][vc_column css=&#8221;.vc_custom_1575015067714{margin-bottom: 0px !important;}&#8221;][elx_master_slider slide_order_1=&#8221;1&#8243; title_1=&#8221;SkyLine Soluci\u00f3n Cook&amp;Chill&#8221; text_1=&#8221;Presentamos una soluci\u00f3n pionera Cook&amp;Chill que se anticipa a tus necesidades.&#8221; slide_order_2=&#8221;2&#8243; title_2=&#8221;Soluctiones sector salud&#8221; text_2=&#8221;Tecnolog\u00edas innovadoras para el sector salud&#8221; slide_order_3=&#8221;3&#8243; title_3=&#8221;&#8221; text_3=&#8221;&#8221; slide_order_4=&#8221;4&#8243; title_4=&#8221;&#8221; text_4=&#8221;&#8221; link_1=&#8221;url:https%3A%2F%2Fwww.electroluxprofessional.com%2Fla%2Fcook-and-chill%2F|title:SIGA%20EL%20CAMINO%20PARA%20ULTIMAR%20LA%20CONFIABILIDAD||&#8221; background_image_media_library_1=&#8221;7584&#8243; background_image_media_library_mobile_1=&#8221;7585&#8243; background_image_media_library_2=&#8221;17065&#8243; background_image_media_library_3=&#8221;29274&#8243; background_image_media_library_4=&#8221;29276&#8243; link_2=&#8221;url:https%3A%2F%2Fwww.electroluxprofessional.com%2Fla%2Fseminarios-soluciones-sector-salud%2F%3Futm_campaign%3Dlaundry-2023-02-LATAM%26utm_content%3Dwebinar%26utm_medium%3Dbanner%26utm_source%3Dwebsite%26utm_term%3D615ae0f77a6b403fa49d656a59c7a685|title:REG%C3%8DSTRATE&#8221; link_3=&#8221;|||&#8221; link_4=&#8221;|||&#8221; background_image_media_library_mobile_2=&#8221;17066&#8243; background_image_media_library_mobile_3=&#8221;29270&#8243; background_image_media_library_mobile_4=&#8221;29272&#8243;][\/vc_column][\/vc_row][vc_row full_width=&#8221;electroluxpro-full-width-no-padding&#8221;][vc_column][elx_search title=&#8221;What are you [&hellip;]","og_url":"https:\/\/www.electroluxprofessional.com\/la\/","og_site_name":"Electrolux Professional Latin America","article_modified_time":"2026-02-24T15:42:50+00:00","twitter_card":"summary_large_image","twitter_misc":{"Tiempo de lectura":"5 minutos"},"schema":{"@context":"https:\/\/schema.org","@graph":[{"@type":"WebPage","@id":"https:\/\/www.electroluxprofessional.com\/la\/","url":"https:\/\/www.electroluxprofessional.com\/la\/","name":"Homepage - Electrolux Professional Latin America","isPartOf":{"@id":"https:\/\/www.electroluxprofessional.com\/la\/#website"},"datePublished":"2020-03-03T15:11:05+00:00","dateModified":"2026-02-24T15:42:50+00:00","breadcrumb":{"@id":"https:\/\/www.electroluxprofessional.com\/la\/#breadcrumb"},"inLanguage":"es","potentialAction":[{"@type":"ReadAction","target":["https:\/\/www.electroluxprofessional.com\/la\/"]}]},{"@type":"BreadcrumbList","@id":"https:\/\/www.electroluxprofessional.com\/la\/#breadcrumb","itemListElement":[{"@type":"ListItem","position":1,"name":"Home","item":"https:\/\/www.electroluxprofessional.com\/la\/"},{"@type":"ListItem","position":2,"name":"Homepage"}]},{"@type":"WebSite","@id":"https:\/\/www.electroluxprofessional.com\/la\/#website","url":"https:\/\/www.electroluxprofessional.com\/la\/","name":"Electrolux Professional Latin America","description":"Equipamiento cocinas profesionales y lavander\u00edas comerciales. Excelencia en el suministro de soluciones profesionales.","potentialAction":[{"@type":"SearchAction","target":{"@type":"EntryPoint","urlTemplate":"https:\/\/www.electroluxprofessional.com\/la\/?src={search_term_string}"},"query-input":"required name=search_term_string"}],"inLanguage":"es"}]}},"_links":{"self":[{"href":"https:\/\/www.electroluxprofessional.com\/la\/wp-json\/wp\/v2\/pages\/7579"}],"collection":[{"href":"https:\/\/www.electroluxprofessional.com\/la\/wp-json\/wp\/v2\/pages"}],"about":[{"href":"https:\/\/www.electroluxprofessional.com\/la\/wp-json\/wp\/v2\/types\/page"}],"author":[{"embeddable":true,"href":"https:\/\/www.electroluxprofessional.com\/la\/wp-json\/wp\/v2\/users\/1"}],"replies":[{"embeddable":true,"href":"https:\/\/www.electroluxprofessional.com\/la\/wp-json\/wp\/v2\/comments?post=7579"}],"version-history":[{"count":24,"href":"https:\/\/www.electroluxprofessional.com\/la\/wp-json\/wp\/v2\/pages\/7579\/revisions"}],"predecessor-version":[{"id":17068,"href":"https:\/\/www.electroluxprofessional.com\/la\/wp-json\/wp\/v2\/pages\/7579\/revisions\/17068"}],"wp:attachment":[{"href":"https:\/\/www.electroluxprofessional.com\/la\/wp-json\/wp\/v2\/media?parent=7579"}],"curies":[{"name":"wp","href":"https:\/\/api.w.org\/{rel}","templated":true}]}}