{"id":5200,"date":"2019-04-09T19:58:44","date_gmt":"2019-04-09T19:58:44","guid":{"rendered":"https:\/\/www.electroluxprofessional.com\/la\/?page_id=5200"},"modified":"2019-04-09T19:58:44","modified_gmt":"2019-04-09T19:58:44","slug":"acuerdos-de-servicio","status":"publish","type":"page","link":"https:\/\/www.electroluxprofessional.com\/la\/acuerdos-de-servicio\/","title":{"rendered":"Acuerdos de Servicio"},"content":{"rendered":"<p>[vc_row][vc_column][elx_image_block background_image=&#8221;5203&#8243; minimum_height=&#8221;300px&#8221;][\/vc_column][\/vc_row][vc_row][vc_column width=&#8221;2\/3&#8243;][vc_empty_space][elx_heading font_size=&#8221;h3&#8243; text_color=&#8221;inherit&#8221;]Acuerdos de Servicio[\/elx_heading][vc_empty_space][elx_heading font_size=&#8221;h5&#8243; text_color=&#8221;inherit&#8221;]Puedes confiar[\/elx_heading][vc_column_text]El servicio de Atenci\u00f3n al Cliente de Electrolux ofrece varios paquetes de\u00a0<strong>acuerdos\u00a0de servicio a medida<\/strong>, dise\u00f1ados seg\u00fan nuestros manuales de producto para mantener el rendimiento, disponibilidad y seguridad de su equipo,\u00a0<strong>maximizando la\u00a0<\/strong><strong>durabilidad y la rentabilidad<\/strong>.[\/vc_column_text][elx_heading font_size=&#8221;h5&#8243; text_color=&#8221;inherit&#8221;]Paquete de Servicio B\u00e1sico[\/elx_heading][vc_column_text]El paquete B\u00e1sico, incluido en todos los productos debidamente registrados, te ofrece asistencia gratuita para resolver cualquier problema que pueda surgir por tel\u00e9fono y por correo electr\u00f3nico en horario laboral, acceso al inventario de recambios y escalado a nuestra red de servicios t\u00e9cnicos de campo.[\/vc_column_text][\/vc_column][vc_column width=&#8221;1\/3&#8243;][vc_empty_space][vc_empty_space][vc_empty_space][vc_empty_space][vc_empty_space][vc_single_image image=&#8221;5193&#8243; img_size=&#8221;large&#8221;][\/vc_column][\/vc_row][vc_row][vc_column][elx_heading font_size=&#8221;h3&#8243; text_color=&#8221;inherit&#8221;]Paquetes de Acuerdos de Servicio (*)[\/elx_heading][elx_heading font_container=&#8221;h3&#8243; font_size=&#8221;h5&#8243; text_color=&#8221;inherit&#8221;](*) Sujetos a disponibilidad local[\/elx_heading][vc_empty_space height=&#8221;50px&#8221;][\/vc_column][\/vc_row][vc_row][vc_column width=&#8221;1\/3&#8243;][vc_empty_space css=&#8221;.vc_custom_1554839825797{background-color: #9fb5ba !important;}&#8221;][elx_heading font_container=&#8221;h3&#8243; font_size=&#8221;h3&#8243; text_color=&#8221;inherit&#8221;]Performance[\/elx_heading][elx_heading font_container=&#8221;h4&#8243; font_size=&#8221;h5&#8243; text_color=&#8221;inherit&#8221;]Eleva tus est\u00e1ndares[\/elx_heading][vc_column_text]Reduce el tiempo de inactividad no planificado, manteniendo las condiciones de garant\u00eda y un rendimiento operativo \u00f3ptimo.[\/vc_column_text][\/vc_column][vc_column width=&#8221;1\/3&#8243;][vc_empty_space css=&#8221;.vc_custom_1554839874957{background-color: #666765 !important;}&#8221;][elx_heading font_container=&#8221;h3&#8243; font_size=&#8221;h3&#8243; text_color=&#8221;inherit&#8221;]Premium [\/elx_heading][elx_heading font_container=&#8221;h4&#8243; font_size=&#8221;h5&#8243; text_color=&#8221;inherit&#8221;]A\u00fan m\u00e1s para ti[\/elx_heading][vc_column_text]Mejora la garant\u00eda incluyendo recambios o costes de mano obra con intervenciones in situ m\u00e1s r\u00e1pidas y descuentos en Accesorios y Consumibles.[\/vc_column_text][\/vc_column][vc_column width=&#8221;1\/3&#8243;][vc_empty_space css=&#8221;.vc_custom_1554839903942{background-color: #bc8c47 !important;}&#8221;][elx_heading font_container=&#8221;h3&#8243; font_size=&#8221;h3&#8243; text_color=&#8221;inherit&#8221;]Excellence [\/elx_heading][elx_heading font_container=&#8221;h4&#8243; font_size=&#8221;h5&#8243; text_color=&#8221;inherit&#8221;]Tranquilidad asegurada[\/elx_heading][vc_column_text]Un programa de mantenimiento y servicios completo incluido en un precio fijo.[\/vc_column_text][\/vc_column][\/vc_row][vc_row][vc_column][elx_heading font_size=&#8221;h3&#8243; text_color=&#8221;inherit&#8221;]\u00danete a nuestros paquetes de acuerdos de Servicio[\/elx_heading][elx_o2000_contact_us r=&#8221;Me gustar\u00eda saber m\u00e1s sobre Acuerdos de Servicio Essentia.&#8221; s=&#8221;Quiero saber mas sobre Essentia&#8221; l=&#8221;es-la&#8221;][\/vc_column][\/vc_row]<\/p>\n","protected":false},"excerpt":{"rendered":"<p>[vc_row][vc_column][elx_image_block background_image=&#8221;5203&#8243; minimum_height=&#8221;300px&#8221;][\/vc_column][\/vc_row][vc_row][vc_column width=&#8221;2\/3&#8243;][vc_empty_space][elx_heading font_size=&#8221;h3&#8243; text_color=&#8221;inherit&#8221;]Acuerdos de Servicio[\/elx_heading][vc_empty_space][elx_heading font_size=&#8221;h5&#8243; text_color=&#8221;inherit&#8221;]Puedes confiar[\/elx_heading][vc_column_text]El servicio de Atenci\u00f3n al Cliente de Electrolux ofrece varios paquetes de\u00a0acuerdos\u00a0de servicio a medida, dise\u00f1ados seg\u00fan nuestros manuales de producto para mantener el rendimiento, disponibilidad y seguridad de su equipo,\u00a0maximizando la\u00a0durabilidad y la rentabilidad.[\/vc_column_text][elx_heading font_size=&#8221;h5&#8243; text_color=&#8221;inherit&#8221;]Paquete de Servicio B\u00e1sico[\/elx_heading][vc_column_text]El paquete B\u00e1sico, incluido en todos [&hellip;]<\/p>\n","protected":false},"author":31,"featured_media":0,"parent":0,"menu_order":0,"comment_status":"closed","ping_status":"closed","template":"","meta":{"footnotes":""},"class_list":["post-5200","page","type-page","status-publish","hentry"],"acf":[],"yoast_head":"<!-- This site is optimized with the Yoast SEO plugin v23.3 - https:\/\/yoast.com\/wordpress\/plugins\/seo\/ -->\n<title>Acuerdos de Servicio - Electrolux Professional Latin America<\/title>\n<meta name=\"robots\" content=\"index, follow, max-snippet:-1, max-image-preview:large, max-video-preview:-1\" \/>\n<link rel=\"canonical\" href=\"https:\/\/www.electroluxprofessional.com\/la\/acuerdos-de-servicio\/\" \/>\n<meta property=\"og:locale\" content=\"es_MX\" \/>\n<meta property=\"og:type\" content=\"article\" \/>\n<meta property=\"og:title\" content=\"Acuerdos de Servicio - Electrolux Professional Latin America\" \/>\n<meta property=\"og:description\" content=\"[vc_row][vc_column][elx_image_block background_image=&#8221;5203&#8243; minimum_height=&#8221;300px&#8221;][\/vc_column][\/vc_row][vc_row][vc_column width=&#8221;2\/3&#8243;][vc_empty_space][elx_heading font_size=&#8221;h3&#8243; text_color=&#8221;inherit&#8221;]Acuerdos de Servicio[\/elx_heading][vc_empty_space][elx_heading font_size=&#8221;h5&#8243; text_color=&#8221;inherit&#8221;]Puedes confiar[\/elx_heading][vc_column_text]El servicio de Atenci\u00f3n al Cliente de Electrolux ofrece varios paquetes de\u00a0acuerdos\u00a0de servicio a medida, dise\u00f1ados seg\u00fan nuestros manuales de producto para mantener el rendimiento, disponibilidad y seguridad de su equipo,\u00a0maximizando la\u00a0durabilidad y la rentabilidad.[\/vc_column_text][elx_heading font_size=&#8221;h5&#8243; text_color=&#8221;inherit&#8221;]Paquete de Servicio B\u00e1sico[\/elx_heading][vc_column_text]El paquete B\u00e1sico, incluido en todos [&hellip;]\" \/>\n<meta property=\"og:url\" content=\"https:\/\/www.electroluxprofessional.com\/la\/acuerdos-de-servicio\/\" \/>\n<meta property=\"og:site_name\" content=\"Electrolux Professional Latin America\" \/>\n<meta name=\"twitter:card\" content=\"summary_large_image\" \/>\n<meta name=\"twitter:label1\" content=\"Tiempo de lectura\" \/>\n\t<meta name=\"twitter:data1\" content=\"3 minutos\" \/>\n<script type=\"application\/ld+json\" class=\"yoast-schema-graph\">{\"@context\":\"https:\/\/schema.org\",\"@graph\":[{\"@type\":\"WebPage\",\"@id\":\"https:\/\/www.electroluxprofessional.com\/la\/acuerdos-de-servicio\/\",\"url\":\"https:\/\/www.electroluxprofessional.com\/la\/acuerdos-de-servicio\/\",\"name\":\"Acuerdos de Servicio - Electrolux Professional Latin America\",\"isPartOf\":{\"@id\":\"https:\/\/www.electroluxprofessional.com\/la\/#website\"},\"datePublished\":\"2019-04-09T19:58:44+00:00\",\"dateModified\":\"2019-04-09T19:58:44+00:00\",\"breadcrumb\":{\"@id\":\"https:\/\/www.electroluxprofessional.com\/la\/acuerdos-de-servicio\/#breadcrumb\"},\"inLanguage\":\"es\",\"potentialAction\":[{\"@type\":\"ReadAction\",\"target\":[\"https:\/\/www.electroluxprofessional.com\/la\/acuerdos-de-servicio\/\"]}]},{\"@type\":\"BreadcrumbList\",\"@id\":\"https:\/\/www.electroluxprofessional.com\/la\/acuerdos-de-servicio\/#breadcrumb\",\"itemListElement\":[{\"@type\":\"ListItem\",\"position\":1,\"name\":\"Home\",\"item\":\"https:\/\/www.electroluxprofessional.com\/la\/\"},{\"@type\":\"ListItem\",\"position\":2,\"name\":\"Acuerdos de Servicio\"}]},{\"@type\":\"WebSite\",\"@id\":\"https:\/\/www.electroluxprofessional.com\/la\/#website\",\"url\":\"https:\/\/www.electroluxprofessional.com\/la\/\",\"name\":\"Electrolux Professional Latin America\",\"description\":\"Equipamiento cocinas profesionales y lavander\u00edas comerciales. Excelencia en el suministro de soluciones profesionales.\",\"potentialAction\":[{\"@type\":\"SearchAction\",\"target\":{\"@type\":\"EntryPoint\",\"urlTemplate\":\"https:\/\/www.electroluxprofessional.com\/la\/?src={search_term_string}\"},\"query-input\":\"required name=search_term_string\"}],\"inLanguage\":\"es\"}]}<\/script>\n<!-- \/ Yoast SEO plugin. -->","yoast_head_json":{"title":"Acuerdos de Servicio - Electrolux Professional Latin America","robots":{"index":"index","follow":"follow","max-snippet":"max-snippet:-1","max-image-preview":"max-image-preview:large","max-video-preview":"max-video-preview:-1"},"canonical":"https:\/\/www.electroluxprofessional.com\/la\/acuerdos-de-servicio\/","og_locale":"es_MX","og_type":"article","og_title":"Acuerdos de Servicio - Electrolux Professional Latin America","og_description":"[vc_row][vc_column][elx_image_block background_image=&#8221;5203&#8243; minimum_height=&#8221;300px&#8221;][\/vc_column][\/vc_row][vc_row][vc_column width=&#8221;2\/3&#8243;][vc_empty_space][elx_heading font_size=&#8221;h3&#8243; text_color=&#8221;inherit&#8221;]Acuerdos de Servicio[\/elx_heading][vc_empty_space][elx_heading font_size=&#8221;h5&#8243; text_color=&#8221;inherit&#8221;]Puedes confiar[\/elx_heading][vc_column_text]El servicio de Atenci\u00f3n al Cliente de Electrolux ofrece varios paquetes de\u00a0acuerdos\u00a0de servicio a medida, dise\u00f1ados seg\u00fan nuestros manuales de producto para mantener el rendimiento, disponibilidad y seguridad de su equipo,\u00a0maximizando la\u00a0durabilidad y la rentabilidad.[\/vc_column_text][elx_heading font_size=&#8221;h5&#8243; text_color=&#8221;inherit&#8221;]Paquete de Servicio B\u00e1sico[\/elx_heading][vc_column_text]El paquete B\u00e1sico, incluido en todos [&hellip;]","og_url":"https:\/\/www.electroluxprofessional.com\/la\/acuerdos-de-servicio\/","og_site_name":"Electrolux Professional Latin America","twitter_card":"summary_large_image","twitter_misc":{"Tiempo de lectura":"3 minutos"},"schema":{"@context":"https:\/\/schema.org","@graph":[{"@type":"WebPage","@id":"https:\/\/www.electroluxprofessional.com\/la\/acuerdos-de-servicio\/","url":"https:\/\/www.electroluxprofessional.com\/la\/acuerdos-de-servicio\/","name":"Acuerdos de Servicio - Electrolux Professional Latin America","isPartOf":{"@id":"https:\/\/www.electroluxprofessional.com\/la\/#website"},"datePublished":"2019-04-09T19:58:44+00:00","dateModified":"2019-04-09T19:58:44+00:00","breadcrumb":{"@id":"https:\/\/www.electroluxprofessional.com\/la\/acuerdos-de-servicio\/#breadcrumb"},"inLanguage":"es","potentialAction":[{"@type":"ReadAction","target":["https:\/\/www.electroluxprofessional.com\/la\/acuerdos-de-servicio\/"]}]},{"@type":"BreadcrumbList","@id":"https:\/\/www.electroluxprofessional.com\/la\/acuerdos-de-servicio\/#breadcrumb","itemListElement":[{"@type":"ListItem","position":1,"name":"Home","item":"https:\/\/www.electroluxprofessional.com\/la\/"},{"@type":"ListItem","position":2,"name":"Acuerdos de Servicio"}]},{"@type":"WebSite","@id":"https:\/\/www.electroluxprofessional.com\/la\/#website","url":"https:\/\/www.electroluxprofessional.com\/la\/","name":"Electrolux Professional Latin America","description":"Equipamiento cocinas profesionales y lavander\u00edas comerciales. Excelencia en el suministro de soluciones profesionales.","potentialAction":[{"@type":"SearchAction","target":{"@type":"EntryPoint","urlTemplate":"https:\/\/www.electroluxprofessional.com\/la\/?src={search_term_string}"},"query-input":"required name=search_term_string"}],"inLanguage":"es"}]}},"_links":{"self":[{"href":"https:\/\/www.electroluxprofessional.com\/la\/wp-json\/wp\/v2\/pages\/5200"}],"collection":[{"href":"https:\/\/www.electroluxprofessional.com\/la\/wp-json\/wp\/v2\/pages"}],"about":[{"href":"https:\/\/www.electroluxprofessional.com\/la\/wp-json\/wp\/v2\/types\/page"}],"author":[{"embeddable":true,"href":"https:\/\/www.electroluxprofessional.com\/la\/wp-json\/wp\/v2\/users\/31"}],"replies":[{"embeddable":true,"href":"https:\/\/www.electroluxprofessional.com\/la\/wp-json\/wp\/v2\/comments?post=5200"}],"version-history":[{"count":19,"href":"https:\/\/www.electroluxprofessional.com\/la\/wp-json\/wp\/v2\/pages\/5200\/revisions"}],"predecessor-version":[{"id":5221,"href":"https:\/\/www.electroluxprofessional.com\/la\/wp-json\/wp\/v2\/pages\/5200\/revisions\/5221"}],"wp:attachment":[{"href":"https:\/\/www.electroluxprofessional.com\/la\/wp-json\/wp\/v2\/media?parent=5200"}],"curies":[{"name":"wp","href":"https:\/\/api.w.org\/{rel}","templated":true}]}}