{"id":5150,"date":"2019-04-10T12:45:26","date_gmt":"2019-04-10T12:45:26","guid":{"rendered":"https:\/\/www.electroluxprofessional.com\/la\/?page_id=5150"},"modified":"2024-07-02T14:38:41","modified_gmt":"2024-07-02T14:38:41","slug":"essentia-atencion-al-cliente","status":"publish","type":"page","link":"https:\/\/www.electroluxprofessional.com\/la\/essentia-atencion-al-cliente\/","title":{"rendered":"Essentia &#8211; atenci\u00f3n al cliente"},"content":{"rendered":"<p>[vc_row][vc_column][vc_single_image image=&#8221;5151&#8243; img_size=&#8221;2000*350&#8243; alignment=&#8221;center&#8221;][\/vc_column][\/vc_row][vc_row][vc_column width=&#8221;1\/4&#8243;][vc_empty_space][vc_single_image image=&#8221;5193&#8243; img_size=&#8221;300*300&#8243;][vc_empty_space][\/vc_column][vc_column width=&#8221;3\/4&#8243;][vc_empty_space][vc_empty_space][elx_heading font_container=&#8221;h1&#8243; font_size=&#8221;h2&#8243; text_color=&#8221;inherit&#8221;]Essentia[\/elx_heading][vc_column_text]<br \/>\nUnidos para servirte. En cualquier momento, en cualquier lugar<br \/>\n[\/vc_column_text][\/vc_column][\/vc_row][vc_row][vc_column width=&#8221;2\/3&#8243;][vc_empty_space][elx_video_block background_image=&#8221;5197&#8243; video_link=&#8221;https:\/\/www.youtube.com\/watch?v=A5f5aZNOIXI&#8221; minimum_height=&#8221;450px&#8221;][\/vc_column][vc_column width=&#8221;1\/3&#8243;][elx_heading font_size=&#8221;h3&#8243; text_color=&#8221;inherit&#8221;]El coraz\u00f3n de la Atenci\u00f3n al Cliente[\/elx_heading][vc_column_text]<br \/>\nEssentia eleva el servicio de Atenci\u00f3n al Cliente a un nuevo nivel. Un servicio dedicado que se convierte en la ventaja competitiva m\u00e1s importante.[\/vc_column_text][vc_column_text]<br \/>\nDesde la instalaci\u00f3n hasta el final de la vida \u00fatil de cualquier equipo, tenemos preparados acuerdos de mantenimiento integrales basados en nuestro amplio conocimiento, herencia y muchos a\u00f1os de dise\u00f1o de cocinas, lavander\u00edas y equipamiento de bebidas.[\/vc_column_text][\/vc_column][\/vc_row][vc_row][vc_column][elx_heading font_size=&#8221;h3&#8243; text_color=&#8221;inherit&#8221;]Descubre Essentia[\/elx_heading][vc_column_text]Te brindamos la asistencia que necesitas cuidando de tus procesos con una\u00a0<strong>red de servicios t\u00e9cnicos fiable<\/strong>, una gama de\u00a0<strong>servicios exclusivos<\/strong>\u00a0hechos a medida y una tecnolog\u00eda innovadora.[\/vc_column_text][\/vc_column][\/vc_row][vc_row css=&#8221;.vc_custom_1554841493778{background-color: #041e41 !important;}&#8221;][vc_column width=&#8221;2\/3&#8243;][vc_empty_space height=&#8221;100px&#8221;][elx_simple_link_block link=&#8221;url:https%3A%2F%2Fprofessional.electrolux.la%2Facuerdos-de-servicio%2F|title:Acuerdos%20de%20Servicios|target:%20_blank|&#8221; text_align=&#8221;text-left&#8221; text_color=&#8221;inherit&#8221; background_color=&#8221;inherit&#8221; background_hover_color=&#8221;darker-hover&#8221; extra_class=&#8221;&#8221; reveal_effect=&#8221;&#8221; reveal_duration=&#8221;&#8221; reveal_delay=&#8221;&#8221;][elx_heading font_size=&#8221;h3&#8243; text_color=&#8221;white&#8221;]Acuerdos de Servicio[\/elx_heading][vc_column_text]<\/p>\n<div class=\"vc_row wpb_row vc_row-fluid vc_custom_1523543977412 vc_row-has-fill containered\">\n<div class=\"container\">\n<div class=\"row\">\n<div class=\"wpb_column vc_column_container vc_col-sm-8\">\n<div class=\"vc_column-inner \">\n<div class=\"wpb_wrapper wow fadeIn\">\n<div class=\"simple-link-block bg-inherit no-padding darker-hover text-left \">\n<div class=\"content-area\">\n<div class=\"wpb_text_column wpb_content_element \">\n<div>\n<p><span style=\"color: #ffffff;\">Elige entre nuestros\u00a0<strong>paquetes flexibles a medida<\/strong>, seg\u00fan sean las necesidades de tu negocio, te ofrecemos una variedad de servicios de mantenimiento y soporte.<\/span><\/p>\n<\/div>\n<\/div>\n<\/div>\n<\/div>\n<\/div>\n<\/div>\n<\/div>\n<\/div>\n<\/div>\n<\/div>\n<div class=\"vc_row wpb_row vc_row-fluid containered\">\n<div class=\"container\">\n<div class=\"row\">\n<div class=\"wpb_column vc_column_container vc_col-sm-12\">\n<div class=\"vc_column-inner \">\n<div class=\"wpb_wrapper wow fadeIn\"><\/div>\n<\/div>\n<\/div>\n<\/div>\n<\/div>\n<\/div>\n<p>[\/vc_column_text][\/elx_simple_link_block][elx_button button_text=&#8221;M\u00e1s Informaci\u00f3n&#8221; button_link=&#8221;url:https%3A%2F%2Fprofessional.electrolux.la%2Facuerdos-de-servicio%2F|title:Acuerdos%20de%20Servicio|target:%20_blank|&#8221;][\/vc_column][vc_column width=&#8221;1\/3&#8243;][vc_single_image image=&#8221;5223&#8243; img_size=&#8221;full&#8221;][\/vc_column][\/vc_row][vc_row][vc_column][vc_empty_space height=&#8221;50px&#8221;][\/vc_column][\/vc_row][vc_row][vc_column width=&#8221;1\/3&#8243;][elx_simple_link_block link=&#8221;url:https%3A%2F%2Fprofessional.electrolux.la%2Faccesorios-y-consumibles%2F|title:Accesorios%20y%20Consumibles%20||&#8221; text_align=&#8221;text-left&#8221; text_color=&#8221;inherit&#8221; background_color=&#8221;inherit&#8221; background_hover_color=&#8221;darker-hover&#8221; extra_class=&#8221;&#8221; reveal_effect=&#8221;&#8221; reveal_duration=&#8221;&#8221; reveal_delay=&#8221;&#8221;][vc_single_image image=&#8221;5230&#8243; img_size=&#8221;360*120&#8243;][elx_heading font_size=&#8221;h5&#8243; text_color=&#8221;inherit&#8221;]<\/p>\n<p>Accesorios y Consumibles[\/elx_heading][vc_column_text]<\/p>\n<p class=\" h5 inherit inherit\">Env\u00edo r\u00e1pido de Accesorios y Consumibles originales, testados rigurosamente por expertos de Electrolux Professional para\u00a0<strong>asegurar la durabilidad y el\u00a0 rendimiento<\/strong>\u00a0de tu equipamiento, junto con la\u00a0<strong>seguridad <\/strong>de los usuarios.<\/p>\n<p>[\/vc_column_text][\/elx_simple_link_block][elx_button button_text=&#8221;Accesorios y Consumibles originales&#8221; button_style=&#8221;icon&#8221; button_link=&#8221;url:https%3A%2F%2Fprofessional.electrolux.la%2Faccesorios-y-consumibles%2F|||&#8221;][\/vc_column][vc_column width=&#8221;1\/3&#8243;][\/vc_column][vc_column width=&#8221;1\/3&#8243;][\/vc_column][\/vc_row][vc_row][vc_column width=&#8221;2\/3&#8243;][vc_empty_space height=&#8221;28px&#8221;][elx_heading font_size=&#8221;h3&#8243; text_color=&#8221;inherit&#8221;]Nuestra voz[\/elx_heading][vc_column_text]<em>\u201cCon nuestro nuevo servicio Essentia, aseguramos procedimientos de Atenci\u00f3n al Cliente estandarizados y armonizados a nivel mundial.<br \/>\nCon una relaci\u00f3n de Atenci\u00f3n al Cliente Essentia, queremos ser la raz\u00f3n por la que nuestros clientes elijan volver, una y otra vez, a los productos innovadores de calidad de Electrolux Professional.<\/em><em>\u201d<br \/>\n<\/em><strong>Magnus Savenas<br \/>\n<\/strong>V.P Customer Care &amp; Quality<br \/>\n<strong>Electrolux Professional<\/strong>[\/vc_column_text][\/vc_column][vc_column width=&#8221;1\/3&#8243;][vc_single_image image=&#8221;5232&#8243; img_size=&#8221;full&#8221;][\/vc_column][\/vc_row][vc_row][vc_column width=&#8221;2\/3&#8243;][vc_empty_space][elx_simple_link_block link=&#8221;url:https%3A%2F%2Fprofessional.electrolux.la%2Fpuntos-de-venta-y-servicio%2F|title:Red%20de%20Servicio||&#8221; text_align=&#8221;text-left&#8221; text_color=&#8221;inherit&#8221; background_color=&#8221;inherit&#8221; background_hover_color=&#8221;darker-hover&#8221; extra_class=&#8221;&#8221; reveal_effect=&#8221;&#8221; reveal_duration=&#8221;&#8221; reveal_delay=&#8221;&#8221;][elx_heading font_size=&#8221;h3&#8243; text_color=&#8221;inherit&#8221;]Red de Servicio [\/elx_heading][vc_column_text]Puedes contar con m\u00e1s de<strong>\u00a02.200 servicios t\u00e9cnicos autorizados<\/strong>, siempre disponibles, siempre a tu servicio. Estamos preparados y comprometidos para brindarte asistencia con una <strong>red \u00fanica de servicio<\/strong>\u00a0que har\u00e1n <strong>tu trabajo m\u00e1s f\u00e1cil<\/strong>.[\/vc_column_text][\/elx_simple_link_block][elx_button button_text=&#8221;Encuentra un servicio t\u00e9cnico&#8221; button_link=&#8221;url:https%3A%2F%2Fprofessional.electrolux.la%2Fpuntos-de-venta-y-servicio%2F|title:Encuentra%20un%20servicio%20t%C3%A9cnico||&#8221;][\/vc_column][vc_column width=&#8221;1\/3&#8243;][vc_empty_space][vc_single_image image=&#8221;5237&#8243; img_size=&#8221;full&#8221;][\/vc_column][\/vc_row][vc_row][vc_column][vc_empty_space][elx_heading font_size=&#8221;h3&#8243; text_color=&#8221;inherit&#8221;]Descubre m\u00e1s sobre Essentia[\/elx_heading][vc_empty_space][\/vc_column][\/vc_row][vc_row][vc_column width=&#8221;1\/2&#8243;][elx_download_block text=&#8221;Essentia cat\u00e1logo general&#8221; file_picker=&#8221;5266&#8243; background_color=&#8221;electrolux-blue&#8221;][\/vc_column][vc_column width=&#8221;1\/2&#8243;][elx_download_block text=&#8221;Essentia card&#8221; file_picker=&#8221;5267&#8243; background_color=&#8221;electrolux-blue&#8221;][\/vc_column][\/vc_row][vc_row][vc_column][elx_heading font_container=&#8221;h3&#8243; text_color=&#8221;inherit&#8221;]Descubre m\u00e1s sobre Essentia[\/elx_heading][elx_o2000_contact_us s=&#8221;Informaci\u00f3n sobre Essentia&#8221; r=&#8221;Me gustar\u00eda tener m\u00e1s informaci\u00f3n sobre Essentia&#8221; l=&#8221;es-la&#8221;][\/vc_column][\/vc_row]<\/p>\n","protected":false},"excerpt":{"rendered":"<p>[vc_row][vc_column][vc_single_image image=&#8221;5151&#8243; img_size=&#8221;2000*350&#8243; alignment=&#8221;center&#8221;][\/vc_column][\/vc_row][vc_row][vc_column width=&#8221;1\/4&#8243;][vc_empty_space][vc_single_image image=&#8221;5193&#8243; img_size=&#8221;300*300&#8243;][vc_empty_space][\/vc_column][vc_column width=&#8221;3\/4&#8243;][vc_empty_space][vc_empty_space][elx_heading font_container=&#8221;h1&#8243; font_size=&#8221;h2&#8243; text_color=&#8221;inherit&#8221;]Essentia[\/elx_heading][vc_column_text] Unidos para servirte. En cualquier momento, en cualquier lugar [\/vc_column_text][\/vc_column][\/vc_row][vc_row][vc_column width=&#8221;2\/3&#8243;][vc_empty_space][elx_video_block background_image=&#8221;5197&#8243; video_link=&#8221;https:\/\/www.youtube.com\/watch?v=A5f5aZNOIXI&#8221; minimum_height=&#8221;450px&#8221;][\/vc_column][vc_column width=&#8221;1\/3&#8243;][elx_heading font_size=&#8221;h3&#8243; text_color=&#8221;inherit&#8221;]El coraz\u00f3n de la Atenci\u00f3n al Cliente[\/elx_heading][vc_column_text] Essentia eleva el servicio de Atenci\u00f3n al Cliente a un nuevo nivel. Un servicio dedicado que se convierte en la ventaja [&hellip;]<\/p>\n","protected":false},"author":31,"featured_media":5193,"parent":0,"menu_order":0,"comment_status":"closed","ping_status":"closed","template":"","meta":{"footnotes":""},"class_list":["post-5150","page","type-page","status-publish","has-post-thumbnail","hentry"],"acf":[],"yoast_head":"<!-- This site is optimized with the Yoast SEO plugin v23.3 - https:\/\/yoast.com\/wordpress\/plugins\/seo\/ -->\n<title>Essentia - atenci\u00f3n al cliente - Electrolux Professional Latin America<\/title>\n<meta name=\"robots\" content=\"index, follow, max-snippet:-1, max-image-preview:large, max-video-preview:-1\" \/>\n<link rel=\"canonical\" href=\"https:\/\/www.electroluxprofessional.com\/la\/essentia-atencion-al-cliente\/\" \/>\n<meta property=\"og:locale\" content=\"es_MX\" \/>\n<meta property=\"og:type\" content=\"article\" \/>\n<meta property=\"og:title\" content=\"Essentia - atenci\u00f3n al cliente - Electrolux Professional Latin America\" \/>\n<meta property=\"og:description\" content=\"[vc_row][vc_column][vc_single_image image=&#8221;5151&#8243; img_size=&#8221;2000*350&#8243; alignment=&#8221;center&#8221;][\/vc_column][\/vc_row][vc_row][vc_column width=&#8221;1\/4&#8243;][vc_empty_space][vc_single_image image=&#8221;5193&#8243; img_size=&#8221;300*300&#8243;][vc_empty_space][\/vc_column][vc_column width=&#8221;3\/4&#8243;][vc_empty_space][vc_empty_space][elx_heading font_container=&#8221;h1&#8243; font_size=&#8221;h2&#8243; text_color=&#8221;inherit&#8221;]Essentia[\/elx_heading][vc_column_text] Unidos para servirte. En cualquier momento, en cualquier lugar [\/vc_column_text][\/vc_column][\/vc_row][vc_row][vc_column width=&#8221;2\/3&#8243;][vc_empty_space][elx_video_block background_image=&#8221;5197&#8243; video_link=&#8221;https:\/\/www.youtube.com\/watch?v=A5f5aZNOIXI&#8221; minimum_height=&#8221;450px&#8221;][\/vc_column][vc_column width=&#8221;1\/3&#8243;][elx_heading font_size=&#8221;h3&#8243; text_color=&#8221;inherit&#8221;]El coraz\u00f3n de la Atenci\u00f3n al Cliente[\/elx_heading][vc_column_text] Essentia eleva el servicio de Atenci\u00f3n al Cliente a un nuevo nivel. Un servicio dedicado que se convierte en la ventaja [&hellip;]\" \/>\n<meta property=\"og:url\" content=\"https:\/\/www.electroluxprofessional.com\/la\/essentia-atencion-al-cliente\/\" \/>\n<meta property=\"og:site_name\" content=\"Electrolux Professional Latin America\" \/>\n<meta property=\"article:modified_time\" content=\"2024-07-02T14:38:41+00:00\" \/>\n<meta property=\"og:image\" content=\"https:\/\/www.electroluxprofessional.com\/la\/wp-content\/uploads\/2019\/04\/E.jpg\" \/>\n\t<meta property=\"og:image:width\" content=\"300\" \/>\n\t<meta property=\"og:image:height\" content=\"300\" \/>\n\t<meta property=\"og:image:type\" content=\"image\/jpeg\" \/>\n<meta name=\"twitter:card\" content=\"summary_large_image\" \/>\n<meta name=\"twitter:label1\" content=\"Tiempo de lectura\" \/>\n\t<meta name=\"twitter:data1\" content=\"2 minutos\" \/>\n<script type=\"application\/ld+json\" class=\"yoast-schema-graph\">{\"@context\":\"https:\/\/schema.org\",\"@graph\":[{\"@type\":\"WebPage\",\"@id\":\"https:\/\/www.electroluxprofessional.com\/la\/essentia-atencion-al-cliente\/\",\"url\":\"https:\/\/www.electroluxprofessional.com\/la\/essentia-atencion-al-cliente\/\",\"name\":\"Essentia - atenci\u00f3n al cliente - Electrolux Professional Latin America\",\"isPartOf\":{\"@id\":\"https:\/\/www.electroluxprofessional.com\/la\/#website\"},\"primaryImageOfPage\":{\"@id\":\"https:\/\/www.electroluxprofessional.com\/la\/essentia-atencion-al-cliente\/#primaryimage\"},\"image\":{\"@id\":\"https:\/\/www.electroluxprofessional.com\/la\/essentia-atencion-al-cliente\/#primaryimage\"},\"thumbnailUrl\":\"https:\/\/www.electroluxprofessional.com\/la\/wp-content\/uploads\/2019\/04\/E.jpg\",\"datePublished\":\"2019-04-10T12:45:26+00:00\",\"dateModified\":\"2024-07-02T14:38:41+00:00\",\"breadcrumb\":{\"@id\":\"https:\/\/www.electroluxprofessional.com\/la\/essentia-atencion-al-cliente\/#breadcrumb\"},\"inLanguage\":\"es\",\"potentialAction\":[{\"@type\":\"ReadAction\",\"target\":[\"https:\/\/www.electroluxprofessional.com\/la\/essentia-atencion-al-cliente\/\"]}]},{\"@type\":\"ImageObject\",\"inLanguage\":\"es\",\"@id\":\"https:\/\/www.electroluxprofessional.com\/la\/essentia-atencion-al-cliente\/#primaryimage\",\"url\":\"https:\/\/www.electroluxprofessional.com\/la\/wp-content\/uploads\/2019\/04\/E.jpg\",\"contentUrl\":\"https:\/\/www.electroluxprofessional.com\/la\/wp-content\/uploads\/2019\/04\/E.jpg\",\"width\":300,\"height\":300,\"caption\":\"E\"},{\"@type\":\"BreadcrumbList\",\"@id\":\"https:\/\/www.electroluxprofessional.com\/la\/essentia-atencion-al-cliente\/#breadcrumb\",\"itemListElement\":[{\"@type\":\"ListItem\",\"position\":1,\"name\":\"Home\",\"item\":\"https:\/\/www.electroluxprofessional.com\/la\/\"},{\"@type\":\"ListItem\",\"position\":2,\"name\":\"Essentia &#8211; atenci\u00f3n al cliente\"}]},{\"@type\":\"WebSite\",\"@id\":\"https:\/\/www.electroluxprofessional.com\/la\/#website\",\"url\":\"https:\/\/www.electroluxprofessional.com\/la\/\",\"name\":\"Electrolux Professional Latin America\",\"description\":\"Equipamiento cocinas profesionales y lavander\u00edas comerciales. Excelencia en el suministro de soluciones profesionales.\",\"potentialAction\":[{\"@type\":\"SearchAction\",\"target\":{\"@type\":\"EntryPoint\",\"urlTemplate\":\"https:\/\/www.electroluxprofessional.com\/la\/?src={search_term_string}\"},\"query-input\":\"required name=search_term_string\"}],\"inLanguage\":\"es\"}]}<\/script>\n<!-- \/ Yoast SEO plugin. -->","yoast_head_json":{"title":"Essentia - atenci\u00f3n al cliente - Electrolux Professional Latin America","robots":{"index":"index","follow":"follow","max-snippet":"max-snippet:-1","max-image-preview":"max-image-preview:large","max-video-preview":"max-video-preview:-1"},"canonical":"https:\/\/www.electroluxprofessional.com\/la\/essentia-atencion-al-cliente\/","og_locale":"es_MX","og_type":"article","og_title":"Essentia - atenci\u00f3n al cliente - Electrolux Professional Latin America","og_description":"[vc_row][vc_column][vc_single_image image=&#8221;5151&#8243; img_size=&#8221;2000*350&#8243; alignment=&#8221;center&#8221;][\/vc_column][\/vc_row][vc_row][vc_column width=&#8221;1\/4&#8243;][vc_empty_space][vc_single_image image=&#8221;5193&#8243; img_size=&#8221;300*300&#8243;][vc_empty_space][\/vc_column][vc_column width=&#8221;3\/4&#8243;][vc_empty_space][vc_empty_space][elx_heading font_container=&#8221;h1&#8243; font_size=&#8221;h2&#8243; text_color=&#8221;inherit&#8221;]Essentia[\/elx_heading][vc_column_text] Unidos para servirte. En cualquier momento, en cualquier lugar [\/vc_column_text][\/vc_column][\/vc_row][vc_row][vc_column width=&#8221;2\/3&#8243;][vc_empty_space][elx_video_block background_image=&#8221;5197&#8243; video_link=&#8221;https:\/\/www.youtube.com\/watch?v=A5f5aZNOIXI&#8221; minimum_height=&#8221;450px&#8221;][\/vc_column][vc_column width=&#8221;1\/3&#8243;][elx_heading font_size=&#8221;h3&#8243; text_color=&#8221;inherit&#8221;]El coraz\u00f3n de la Atenci\u00f3n al Cliente[\/elx_heading][vc_column_text] Essentia eleva el servicio de Atenci\u00f3n al Cliente a un nuevo nivel. Un servicio dedicado que se convierte en la ventaja [&hellip;]","og_url":"https:\/\/www.electroluxprofessional.com\/la\/essentia-atencion-al-cliente\/","og_site_name":"Electrolux Professional Latin America","article_modified_time":"2024-07-02T14:38:41+00:00","og_image":[{"width":300,"height":300,"url":"https:\/\/www.electroluxprofessional.com\/la\/wp-content\/uploads\/2019\/04\/E.jpg","type":"image\/jpeg"}],"twitter_card":"summary_large_image","twitter_misc":{"Tiempo de lectura":"2 minutos"},"schema":{"@context":"https:\/\/schema.org","@graph":[{"@type":"WebPage","@id":"https:\/\/www.electroluxprofessional.com\/la\/essentia-atencion-al-cliente\/","url":"https:\/\/www.electroluxprofessional.com\/la\/essentia-atencion-al-cliente\/","name":"Essentia - atenci\u00f3n al cliente - Electrolux Professional Latin America","isPartOf":{"@id":"https:\/\/www.electroluxprofessional.com\/la\/#website"},"primaryImageOfPage":{"@id":"https:\/\/www.electroluxprofessional.com\/la\/essentia-atencion-al-cliente\/#primaryimage"},"image":{"@id":"https:\/\/www.electroluxprofessional.com\/la\/essentia-atencion-al-cliente\/#primaryimage"},"thumbnailUrl":"https:\/\/www.electroluxprofessional.com\/la\/wp-content\/uploads\/2019\/04\/E.jpg","datePublished":"2019-04-10T12:45:26+00:00","dateModified":"2024-07-02T14:38:41+00:00","breadcrumb":{"@id":"https:\/\/www.electroluxprofessional.com\/la\/essentia-atencion-al-cliente\/#breadcrumb"},"inLanguage":"es","potentialAction":[{"@type":"ReadAction","target":["https:\/\/www.electroluxprofessional.com\/la\/essentia-atencion-al-cliente\/"]}]},{"@type":"ImageObject","inLanguage":"es","@id":"https:\/\/www.electroluxprofessional.com\/la\/essentia-atencion-al-cliente\/#primaryimage","url":"https:\/\/www.electroluxprofessional.com\/la\/wp-content\/uploads\/2019\/04\/E.jpg","contentUrl":"https:\/\/www.electroluxprofessional.com\/la\/wp-content\/uploads\/2019\/04\/E.jpg","width":300,"height":300,"caption":"E"},{"@type":"BreadcrumbList","@id":"https:\/\/www.electroluxprofessional.com\/la\/essentia-atencion-al-cliente\/#breadcrumb","itemListElement":[{"@type":"ListItem","position":1,"name":"Home","item":"https:\/\/www.electroluxprofessional.com\/la\/"},{"@type":"ListItem","position":2,"name":"Essentia &#8211; atenci\u00f3n al cliente"}]},{"@type":"WebSite","@id":"https:\/\/www.electroluxprofessional.com\/la\/#website","url":"https:\/\/www.electroluxprofessional.com\/la\/","name":"Electrolux Professional Latin America","description":"Equipamiento cocinas profesionales y lavander\u00edas comerciales. Excelencia en el suministro de soluciones profesionales.","potentialAction":[{"@type":"SearchAction","target":{"@type":"EntryPoint","urlTemplate":"https:\/\/www.electroluxprofessional.com\/la\/?src={search_term_string}"},"query-input":"required name=search_term_string"}],"inLanguage":"es"}]}},"_links":{"self":[{"href":"https:\/\/www.electroluxprofessional.com\/la\/wp-json\/wp\/v2\/pages\/5150"}],"collection":[{"href":"https:\/\/www.electroluxprofessional.com\/la\/wp-json\/wp\/v2\/pages"}],"about":[{"href":"https:\/\/www.electroluxprofessional.com\/la\/wp-json\/wp\/v2\/types\/page"}],"author":[{"embeddable":true,"href":"https:\/\/www.electroluxprofessional.com\/la\/wp-json\/wp\/v2\/users\/31"}],"replies":[{"embeddable":true,"href":"https:\/\/www.electroluxprofessional.com\/la\/wp-json\/wp\/v2\/comments?post=5150"}],"version-history":[{"count":28,"href":"https:\/\/www.electroluxprofessional.com\/la\/wp-json\/wp\/v2\/pages\/5150\/revisions"}],"predecessor-version":[{"id":14723,"href":"https:\/\/www.electroluxprofessional.com\/la\/wp-json\/wp\/v2\/pages\/5150\/revisions\/14723"}],"wp:featuredmedia":[{"embeddable":true,"href":"https:\/\/www.electroluxprofessional.com\/la\/wp-json\/wp\/v2\/media\/5193"}],"wp:attachment":[{"href":"https:\/\/www.electroluxprofessional.com\/la\/wp-json\/wp\/v2\/media?parent=5150"}],"curies":[{"name":"wp","href":"https:\/\/api.w.org\/{rel}","templated":true}]}}