{"id":4075,"date":"2017-04-28T11:24:25","date_gmt":"2017-04-28T11:24:25","guid":{"rendered":"https:\/\/www.electroluxprofessional.com\/la\/?page_id=4075"},"modified":"2025-11-05T16:39:25","modified_gmt":"2025-11-05T16:39:25","slug":"cadenas-de-restaurantes","status":"publish","type":"page","link":"https:\/\/www.electroluxprofessional.com\/la\/cadenas-de-restaurantes\/","title":{"rendered":"Cadenas de Restaurantes"},"content":{"rendered":"<p>[vc_row full_width=&#8221;electroluxpro-full-width-no-padding&#8221;][vc_column][elx_hero_slider label_text_color=&#8221;inherit&#8221; images=&#8221;786&#8243;][elx_heading text_color=&#8221;orange&#8221; text_align=&#8221;text-left&#8221;]Construyendo Cadenas de valor.<br \/>\nJuntos[\/elx_heading][\/elx_hero_slider][\/vc_column][\/vc_row][vc_row full_width=&#8221;electroluxpro-container-no-padding&#8221; full_height=&#8221;yes&#8221; parallax=&#8221;content-moving&#8221;][vc_column css=&#8221;.vc_custom_1472030236138{padding-top: 20px !important;}&#8221;][elx_heading font_container=&#8221;h1&#8243; font_size=&#8221;h3&#8243; text_color=&#8221;inherit&#8221; text_align=&#8221;text-center&#8221;]Electrolux Professional cuenta con un equipo<br \/>\ndedicado a cadenas de restauraci\u00f3n<br \/>\npara reconocer todas tus necesidades.[\/elx_heading][\/vc_column][\/vc_row][vc_row][vc_column width=&#8221;1\/2&#8243;][elx_simple_block background_color=&#8221;inherit&#8221;][vc_column_text drop_caps=&#8221;big-first-letter&#8221;]<\/p>\n<p style=\"text-align: left;\">Si tu negocio es una cadena hotelera o de restaurantes, un proveedor de atenci\u00f3n m\u00e9dica o un grupo de ocio, Electrolux <span data-olk-copy-source=\"MessageBody\">Professional <\/span>est\u00e1 a tu disposici\u00f3n para asegurarte que cada ambiente ya sea de cocina o de lavander\u00eda, pueda ofrecerte los mismos niveles de <strong>innovaci\u00f3n, sostenibilidad, seguridad<\/strong> y <strong>simplicidad<\/strong>.<\/p>\n<p>Gracias a nuestra experiencia global y al compromiso con la excelencia, y a tu ambici\u00f3n, vamos a construir juntos una cadena de \u00e9xito.[\/vc_column_text][\/elx_simple_block][\/vc_column][vc_column width=&#8221;1\/2&#8243;][elx_simple_block background_color=&#8221;inherit&#8221;][vc_single_image image=&#8221;776&#8243; img_size=&#8221;full&#8221; style=&#8221;vc_box_circle_2&#8243;][\/elx_simple_block][\/vc_column][\/vc_row][vc_row][vc_column][elx_heading text_color=&#8221;inherit&#8221; text_align=&#8221;text-center&#8221;]\u00bfC\u00f3mo hacemos la diferencia?[\/elx_heading][vc_empty_space height=&#8221;50px&#8221;][\/vc_column][\/vc_row][vc_row][vc_column width=&#8221;1\/2&#8243;][elx_simple_block background_color=&#8221;inherit&#8221;][vc_single_image image=&#8221;8102&#8243; img_size=&#8221;full&#8221; style=&#8221;vc_box_circle_2&#8243;][\/elx_simple_block][\/vc_column][vc_column width=&#8221;1\/2&#8243;][elx_simple_block background_color=&#8221;inherit&#8221;][elx_heading font_size=&#8221;h4&#8243; text_color=&#8221;inherit&#8221;]Mychef Malpensa Airport[\/elx_heading][vc_column_text drop_caps=&#8221;big-first-letter&#8221;]Electrolux dise\u00f1\u00f3 y equip\u00f3 la cocina del mayor Hard Rock de Europa, situado en Tenerife y con una capacidad de 350 personas.<\/p>\n<p>4 freidoras XP de alta producci\u00f3n, 1 horno air-o-steam Touchline, 20 armarios Prostore y 1 lavavajillas rack type entre otros equipos, forman parte del equipamiento de la cocina.<\/p>\n<p>En los \u00faltimos a\u00f1os, Hard Rock Caf\u00e9, una de las grandes marcas internacionales del mundo de la\u00a0restauraci\u00f3n, est\u00e1 realizando un proceso importante de expansi\u00f3n mostrando un gran inter\u00e9s en el mercado espa\u00f1ol.[\/vc_column_text][\/elx_simple_block][\/vc_column][\/vc_row][vc_row][vc_column width=&#8221;1\/2&#8243;][elx_simple_block background_color=&#8221;inherit&#8221;][elx_heading font_size=&#8221;h4&#8243; text_color=&#8221;inherit&#8221;]Premio a la Innovaci\u00f3n de Proveedores Pret-a-Manger Trailblazer[\/elx_heading][vc_column_text drop_caps=&#8221;big-first-letter&#8221; css=&#8221;.vc_custom_1494486872242{margin-bottom: 0px !important;border-bottom-width: 0px !important;padding-bottom: 0px !important;}&#8221;]En reconocimiento a su fant\u00e1stica contribuci\u00f3n y colaboraci\u00f3n en la oferta de Toastie, el HSG High Speed Panini Grill recibi\u00f3 el premio a la Innovaci\u00f3n de Proveedores de Pret-a-Manger Trailbazer en diciembre de 2010.<\/p>\n<p>El HSG High Speed Panini Grill es hasta seis veces m\u00e1s r\u00e1pido que cualquier otro sandwich grill sin perder calidad.[\/vc_column_text][elx_button button_text=&#8221;Descubre el nuevo SpeeDelight high speed snack grill&#8221; button_style=&#8221;icon&#8221; button_link=&#8221;url:https%3A%2F%2Fprofessional.electrolux.la%2Fequipamiento-cocinas-profesionales%2Fspeedelight-high-speed-snack-grill%2F|title:SpeeDelight%20snack%20grill|target:%20_blank|&#8221;][\/elx_simple_block][\/vc_column][vc_column width=&#8221;1\/2&#8243;][elx_simple_block background_color=&#8221;inherit&#8221;][vc_single_image image=&#8221;792&#8243; img_size=&#8221;full&#8221; style=&#8221;vc_box_circle_2&#8243;][\/elx_simple_block][\/vc_column][\/vc_row][vc_row][vc_column width=&#8221;1\/2&#8243;][elx_simple_block background_color=&#8221;inherit&#8221;][vc_single_image image=&#8221;332&#8243; img_size=&#8221;full&#8221; style=&#8221;vc_box_circle_2&#8243;][\/elx_simple_block][\/vc_column][vc_column width=&#8221;1\/2&#8243;][elx_simple_block background_color=&#8221;inherit&#8221;][elx_heading font_size=&#8221;h4&#8243; text_color=&#8221;inherit&#8221;]Eataly<br \/>\n\u201c\u00a1Nunca cambies un equipo ganador!\u201d[\/elx_heading][vc_column_text drop_caps=&#8221;big-first-letter&#8221;]Este es el lema que mejor expresa la asociaci\u00f3n\u00a0de Electrolux Professional y Eataly, dos empresas que basan todas sus actividades en el principio de excelencia.<\/p>\n<p>La cooperaci\u00f3n comenz\u00f3 en 2007, cuando Eataly entendi\u00f3 que Electrolux Professional podr\u00eda representar no s\u00f3lo un proveedor y un interlocutor \u00fanico, sino, sobre todo, un socio t\u00e9cnico capaz de satisfacer todas sus necesidades.[\/vc_column_text][\/elx_simple_block][\/vc_column][\/vc_row][vc_row][vc_column][vc_empty_space][\/vc_column][\/vc_row][vc_row full_width=&#8221;electroluxpro-container-no-padding&#8221;][vc_column][elx_heading font_container=&#8221;h3&#8243; text_color=&#8221;inherit&#8221; text_align=&#8221;text-center&#8221;]Vamos a crear juntos un intercambio de energ\u00eda ganadora[\/elx_heading][vc_empty_space height=&#8221;50px&#8221;][\/vc_column][\/vc_row][vc_row][vc_column width=&#8221;1\/2&#8243;][elx_simple_block background_color=&#8221;inherit&#8221;][vc_column_text]Escuchar tus necesidades nos permite centrarnos en el valor adicional, revolucionando tu negocio reduciendo el desperdicio y las ineficiencias en cada paso en la preparaci\u00f3n del trabajo.<\/p>\n<p>Esta es la\u00a0<strong>Metodolog\u00eda Lean Electrolux <span data-olk-copy-source=\"MessageBody\">Professional<\/span><\/strong>, un proceso estrat\u00e9gico dise\u00f1ado espec\u00edficamente para ganar el juego.[\/vc_column_text][\/elx_simple_block][\/vc_column][vc_column width=&#8221;1\/2&#8243;][elx_simple_block background_color=&#8221;inherit&#8221;][vc_single_image image=&#8221;781&#8243; img_size=&#8221;full&#8221; alignment=&#8221;center&#8221;][\/elx_simple_block][\/vc_column][\/vc_row][vc_row][vc_column][vc_empty_space height=&#8221;50px&#8221;][elx_heading font_container=&#8221;h3&#8243; text_color=&#8221;inherit&#8221; text_align=&#8221;text-center&#8221; css=&#8221;.vc_custom_1494487862793{padding-top: 50px !important;padding-bottom: 50px !important;}&#8221;]&#8230; a\u00fan m\u00e1s, te seguimos alrededor del mundo.[\/elx_heading][\/vc_column][\/vc_row][vc_row][vc_column width=&#8221;1\/2&#8243;][elx_simple_block background_color=&#8221;inherit&#8221;][elx_heading font_container=&#8221;h3&#8243; font_size=&#8221;h4&#8243; text_color=&#8221;inherit&#8221; text_align=&#8221;text-left&#8221;]Equipo de I+D mundial: desde la visi\u00f3n al cliente hasta la excelencia en el interior[\/elx_heading][vc_column_text drop_caps=&#8221;big-first-letter&#8221;]Los equipos de I+D mundiales explotan sinerg\u00edas entre los sectores de dise\u00f1o interno para reducir el tiempo de lanzamiento al mercado mientras realizan estudios de mercado y buscan nuevas oportunidades.[\/vc_column_text][\/elx_simple_block][\/vc_column][vc_column width=&#8221;1\/2&#8243;][elx_simple_block background_color=&#8221;inherit&#8221;][elx_heading font_container=&#8221;h3&#8243; font_size=&#8221;h4&#8243; text_color=&#8221;inherit&#8221; text_align=&#8221;text-left&#8221;]La red de Atenci\u00f3n al Cliente m\u00e1s amplia del mundo[\/elx_heading][vc_column_text drop_caps=&#8221;big-first-letter&#8221;]Electrolux proporciona la red de Atenci\u00f3n al Cliente m\u00e1s amplia del mundo, capaz de satisfacer sus necesidades con una presencia local antes, durante y despu\u00e9s del proceso de compra.[\/vc_column_text][\/elx_simple_block][\/vc_column][\/vc_row][vc_row][vc_column][vc_empty_space][\/vc_column][\/vc_row][vc_row][vc_column width=&#8221;1\/2&#8243;][elx_simple_block background_color=&#8221;inherit&#8221;][elx_heading font_container=&#8221;h3&#8243; text_color=&#8221;inherit&#8221; text_align=&#8221;text-center&#8221; css=&#8221;.vc_custom_1494492576396{padding-top: 50px !important;padding-bottom: 50px !important;}&#8221;]La \u00fanica soluci\u00f3n<br \/>\nhecha a medida,<br \/>\ncambiando el juego[\/elx_heading][vc_column_text drop_caps=&#8221;big-first-letter&#8221;]Al asociarse con Electrolux <span data-olk-copy-source=\"MessageBody\">Professional<\/span>, una cadena mundial de restaurantes &#8216;fast food&#8217; fue capaz de mejorar significativamente sus flujos de trabajo en la cocina mediante la introducci\u00f3n de un concepto de preparaci\u00f3n de alimentos nunca antes visto.<\/p>\n<p>Las visitas a varios restaurantes de la marca permitieron a Electrolux <span data-olk-copy-source=\"MessageBody\">Professional<\/span> realizar un an\u00e1lisis en profundidad de los retos y posibles obst\u00e1culos que exist\u00edan para conseguir un servicio m\u00e1s r\u00e1pido.<\/p>\n<p>El resultado fue un prototipo de trabajo que combin\u00f3 m\u00faltiples etapas de preparaci\u00f3n en un s\u00f3lo aparato; <strong>mejorando la eficiencia, evitando el desperdicio, e incrementando la rentabilidad<\/strong>.[\/vc_column_text][vc_single_image image=&#8221;782&#8243; alignment=&#8221;center&#8221;][\/elx_simple_block][\/vc_column][vc_column width=&#8221;1\/2&#8243;][elx_heading font_container=&#8221;h4&#8243; text_color=&#8221;inherit&#8221; text_align=&#8221;text-left&#8221; css=&#8221;.vc_custom_1494492645055{padding-top: 50px !important;padding-bottom: 50px !important;}&#8221;]Descubre m\u00e1s, contacta con nuestro equipo[\/elx_heading][elx_o2000_contact_us s=&#8221;Petici\u00f3n de informaci\u00f3n sobre soluciones para cadenas de restaurantes&#8221; country=&#8221;Spain&#8221; container=&#8221;elxcontactus1476697611&#8243; r=&#8221;Me gustar\u00eda tener m\u00e1s informaci\u00f3n sobre soluciones para cadenas de restaurantes. Por favor, contacten conmigo.&#8221; l=&#8221;es&#8221; e=&#8221;foodservice@electrolux.es&#8221;][\/vc_column][\/vc_row][vc_row][vc_column][vc_empty_space height=&#8221;50px&#8221;][elx_heading font_container=&#8221;h3&#8243; text_color=&#8221;inherit&#8221; text_align=&#8221;text-center&#8221; css=&#8221;.vc_custom_1494492812557{padding-top: 50px !important;padding-bottom: 50px !important;}&#8221;]M\u00e1s soluciones innovadoras para tu cadena[\/elx_heading][vc_empty_space height=&#8221;50px&#8221;][\/vc_column][\/vc_row][vc_row content_placement=&#8221;top&#8221;][vc_column width=&#8221;1\/3&#8243;][vc_single_image image=&#8221;2143&#8243; img_size=&#8221;500&#215;354&#8243;][vc_empty_space height=&#8221;15px&#8221;][elx_heading font_container=&#8221;h4&#8243; text_color=&#8221;inherit&#8221; text_align=&#8221;text-left&#8221;]<strong>Gama XP<\/strong>[\/elx_heading][vc_empty_space height=&#8221;15px&#8221;][vc_column_text css=&#8221;.vc_custom_1602835587260{padding-bottom: 20px !important;}&#8221;]<\/p>\n<ul>\n<li>Las gamas<strong> 700 y 900XP<\/strong> encajan perfectamente en todo tipo de restaurantes, incluidos los restaurantes de comida r\u00e1pida.<\/li>\n<li>La nueva parrilla <strong>PowerGrill HP<\/strong> permite una alta producci\u00f3n y resultados perfectos en muy poco tiempo.<\/li>\n<\/ul>\n<p>[\/vc_column_text][vc_empty_space height=&#8221;10px&#8221;][elx_button button_text=&#8221;Gama 700 y 900XP&#8221; button_style=&#8221;icon&#8221; button_link=&#8221;url:https%3A%2F%2Fwww.electroluxprofessional.com%2Fla%2Fgamas-900xp-700xp%2F|||&#8221;][\/vc_column][vc_column width=&#8221;1\/3&#8243;][vc_single_image image=&#8221;784&#8243; img_size=&#8221;500&#215;354&#8243;][vc_empty_space height=&#8221;15px&#8221;][elx_heading font_container=&#8221;h4&#8243; text_color=&#8221;inherit&#8221; text_align=&#8221;text-left&#8221;]<strong>Armarios de Descongelaci\u00f3n<\/strong>[\/elx_heading][vc_empty_space height=&#8221;15px&#8221;][vc_column_text]<\/p>\n<ul>\n<li>Los armarios de Descongelaci\u00f3n se han desarrollado para descongelar pollo m\u00e1s r\u00e1pido.<\/li>\n<li>La respuesta perfecta al desaf\u00edo de <strong>servir a m\u00e1s comensales m\u00e1s r\u00e1pido.<\/strong><\/li>\n<li>Mejor clase energ\u00e9tica.<\/li>\n<\/ul>\n<p>[\/vc_column_text][vc_empty_space height=&#8221;10px&#8221;][elx_button button_text=&#8221;Armarios&#8221; button_style=&#8221;icon&#8221; button_link=&#8221;url:https%3A%2F%2Fwww.electroluxprofessional.com%2Fla%2Farmarios-refrigerados%2F|||&#8221;][\/vc_column][vc_column width=&#8221;1\/3&#8243;][vc_single_image image=&#8221;2621&#8243; img_size=&#8221;500&#215;354&#8243; alignment=&#8221;center&#8221;][vc_empty_space height=&#8221;15px&#8221;][elx_heading font_container=&#8221;h4&#8243; text_color=&#8221;inherit&#8221; text_align=&#8221;text-left&#8221;]<strong>SpeeDelight Snack Grill<\/strong>[\/elx_heading][vc_empty_space height=&#8221;15px&#8221;][vc_column_text]<\/p>\n<ul>\n<li>Ofrece bocadillos deliciosos y saludables, de forma r\u00e1pida y eficiente.<\/li>\n<li>Calidad en todos los niveles gracias a los\u00a0<strong>tres sistemas de calentamiento<\/strong>.<\/li>\n<li>Hasta un\u00a0<strong>60% de ahorro de energ\u00eda<\/strong>.<\/li>\n<\/ul>\n<p>[\/vc_column_text][vc_empty_space height=&#8221;10px&#8221;][elx_button button_text=&#8221;SpeeDelight&#8221; button_style=&#8221;icon&#8221; button_link=&#8221;url:https%3A%2F%2Fwww.electroluxprofessional.com%2Fla%2Fspeedelight-cocina-de-alta-velocidad%2F|||&#8221;][\/vc_column][\/vc_row][vc_row][vc_column][\/vc_column][\/vc_row][vc_row][vc_column][vc_empty_space height=&#8221;50px&#8221;][elx_heading font_size=&#8221;h2&#8243; text_color=&#8221;inherit&#8221;]Contacta con nuestro equipo de expertos[\/elx_heading][elx_o2000_contact_us s=&#8221;Petici\u00f3n de informaci\u00f3n sobre soluciones para cadenas de restaurantes&#8221; container=&#8221;elxcontactus1472110569&#8243; r=&#8221;Me gustar\u00eda tener m\u00e1s informaci\u00f3n sobre soluciones para cadenas de restaurantes. Por favor, contacten conmigo.&#8221; l=&#8221;es&#8221; e=&#8221;pedro.baltazar@electrolux.com&#8221;][vc_empty_space height=&#8221;50px&#8221;][\/vc_column][\/vc_row]<\/p>\n","protected":false},"excerpt":{"rendered":"<p>[vc_row full_width=&#8221;electroluxpro-full-width-no-padding&#8221;][vc_column][elx_hero_slider label_text_color=&#8221;inherit&#8221; images=&#8221;786&#8243;][elx_heading text_color=&#8221;orange&#8221; text_align=&#8221;text-left&#8221;]Construyendo Cadenas de valor. Juntos[\/elx_heading][\/elx_hero_slider][\/vc_column][\/vc_row][vc_row full_width=&#8221;electroluxpro-container-no-padding&#8221; full_height=&#8221;yes&#8221; parallax=&#8221;content-moving&#8221;][vc_column css=&#8221;.vc_custom_1472030236138{padding-top: 20px !important;}&#8221;][elx_heading font_container=&#8221;h1&#8243; font_size=&#8221;h3&#8243; text_color=&#8221;inherit&#8221; text_align=&#8221;text-center&#8221;]Electrolux Professional cuenta con un equipo dedicado a cadenas de restauraci\u00f3n para reconocer todas tus necesidades.[\/elx_heading][\/vc_column][\/vc_row][vc_row][vc_column width=&#8221;1\/2&#8243;][elx_simple_block background_color=&#8221;inherit&#8221;][vc_column_text drop_caps=&#8221;big-first-letter&#8221;] Si tu negocio es una cadena hotelera o de restaurantes, un proveedor de atenci\u00f3n m\u00e9dica o un [&hellip;]<\/p>\n","protected":false},"author":23,"featured_media":4959,"parent":0,"menu_order":0,"comment_status":"closed","ping_status":"closed","template":"","meta":{"footnotes":""},"class_list":["post-4075","page","type-page","status-publish","has-post-thumbnail","hentry"],"acf":[],"yoast_head":"<!-- This site is optimized with the Yoast SEO plugin v23.3 - https:\/\/yoast.com\/wordpress\/plugins\/seo\/ -->\n<title>Cadenas de Restaurantes - Electrolux Professional Latin America<\/title>\n<meta name=\"robots\" content=\"index, follow, max-snippet:-1, max-image-preview:large, max-video-preview:-1\" \/>\n<link rel=\"canonical\" href=\"https:\/\/www.electroluxprofessional.com\/la\/cadenas-de-restaurantes\/\" \/>\n<meta property=\"og:locale\" content=\"es_MX\" \/>\n<meta property=\"og:type\" content=\"article\" \/>\n<meta property=\"og:title\" content=\"Cadenas de Restaurantes - Electrolux Professional Latin America\" \/>\n<meta property=\"og:description\" content=\"[vc_row full_width=&#8221;electroluxpro-full-width-no-padding&#8221;][vc_column][elx_hero_slider label_text_color=&#8221;inherit&#8221; images=&#8221;786&#8243;][elx_heading text_color=&#8221;orange&#8221; text_align=&#8221;text-left&#8221;]Construyendo Cadenas de valor. Juntos[\/elx_heading][\/elx_hero_slider][\/vc_column][\/vc_row][vc_row full_width=&#8221;electroluxpro-container-no-padding&#8221; full_height=&#8221;yes&#8221; parallax=&#8221;content-moving&#8221;][vc_column css=&#8221;.vc_custom_1472030236138{padding-top: 20px !important;}&#8221;][elx_heading font_container=&#8221;h1&#8243; font_size=&#8221;h3&#8243; text_color=&#8221;inherit&#8221; text_align=&#8221;text-center&#8221;]Electrolux Professional cuenta con un equipo dedicado a cadenas de restauraci\u00f3n para reconocer todas tus necesidades.[\/elx_heading][\/vc_column][\/vc_row][vc_row][vc_column width=&#8221;1\/2&#8243;][elx_simple_block background_color=&#8221;inherit&#8221;][vc_column_text drop_caps=&#8221;big-first-letter&#8221;] Si tu negocio es una cadena hotelera o de restaurantes, un proveedor de atenci\u00f3n m\u00e9dica o un [&hellip;]\" \/>\n<meta property=\"og:url\" content=\"https:\/\/www.electroluxprofessional.com\/la\/cadenas-de-restaurantes\/\" \/>\n<meta property=\"og:site_name\" content=\"Electrolux Professional Latin America\" \/>\n<meta property=\"article:modified_time\" content=\"2025-11-05T16:39:25+00:00\" \/>\n<meta property=\"og:image\" content=\"https:\/\/www.electroluxprofessional.com\/la\/wp-content\/uploads\/2018\/11\/Cadenas-de-Restaurantes.jpg\" \/>\n\t<meta property=\"og:image:width\" content=\"358\" \/>\n\t<meta property=\"og:image:height\" content=\"256\" \/>\n\t<meta property=\"og:image:type\" content=\"image\/jpeg\" \/>\n<meta name=\"twitter:card\" content=\"summary_large_image\" \/>\n<meta name=\"twitter:label1\" content=\"Tiempo de lectura\" \/>\n\t<meta name=\"twitter:data1\" content=\"5 minutos\" \/>\n<script type=\"application\/ld+json\" class=\"yoast-schema-graph\">{\"@context\":\"https:\/\/schema.org\",\"@graph\":[{\"@type\":\"WebPage\",\"@id\":\"https:\/\/www.electroluxprofessional.com\/la\/cadenas-de-restaurantes\/\",\"url\":\"https:\/\/www.electroluxprofessional.com\/la\/cadenas-de-restaurantes\/\",\"name\":\"Cadenas de Restaurantes - Electrolux Professional Latin America\",\"isPartOf\":{\"@id\":\"https:\/\/www.electroluxprofessional.com\/la\/#website\"},\"primaryImageOfPage\":{\"@id\":\"https:\/\/www.electroluxprofessional.com\/la\/cadenas-de-restaurantes\/#primaryimage\"},\"image\":{\"@id\":\"https:\/\/www.electroluxprofessional.com\/la\/cadenas-de-restaurantes\/#primaryimage\"},\"thumbnailUrl\":\"https:\/\/www.electroluxprofessional.com\/la\/wp-content\/uploads\/2018\/11\/Cadenas-de-Restaurantes.jpg\",\"datePublished\":\"2017-04-28T11:24:25+00:00\",\"dateModified\":\"2025-11-05T16:39:25+00:00\",\"breadcrumb\":{\"@id\":\"https:\/\/www.electroluxprofessional.com\/la\/cadenas-de-restaurantes\/#breadcrumb\"},\"inLanguage\":\"es\",\"potentialAction\":[{\"@type\":\"ReadAction\",\"target\":[\"https:\/\/www.electroluxprofessional.com\/la\/cadenas-de-restaurantes\/\"]}]},{\"@type\":\"ImageObject\",\"inLanguage\":\"es\",\"@id\":\"https:\/\/www.electroluxprofessional.com\/la\/cadenas-de-restaurantes\/#primaryimage\",\"url\":\"https:\/\/www.electroluxprofessional.com\/la\/wp-content\/uploads\/2018\/11\/Cadenas-de-Restaurantes.jpg\",\"contentUrl\":\"https:\/\/www.electroluxprofessional.com\/la\/wp-content\/uploads\/2018\/11\/Cadenas-de-Restaurantes.jpg\",\"width\":358,\"height\":256,\"caption\":\"Cadenas de Restaurantes\"},{\"@type\":\"BreadcrumbList\",\"@id\":\"https:\/\/www.electroluxprofessional.com\/la\/cadenas-de-restaurantes\/#breadcrumb\",\"itemListElement\":[{\"@type\":\"ListItem\",\"position\":1,\"name\":\"Home\",\"item\":\"https:\/\/www.electroluxprofessional.com\/la\/\"},{\"@type\":\"ListItem\",\"position\":2,\"name\":\"Cadenas de Restaurantes\"}]},{\"@type\":\"WebSite\",\"@id\":\"https:\/\/www.electroluxprofessional.com\/la\/#website\",\"url\":\"https:\/\/www.electroluxprofessional.com\/la\/\",\"name\":\"Electrolux Professional Latin America\",\"description\":\"Equipamiento cocinas profesionales y lavander\u00edas comerciales. Excelencia en el suministro de soluciones profesionales.\",\"potentialAction\":[{\"@type\":\"SearchAction\",\"target\":{\"@type\":\"EntryPoint\",\"urlTemplate\":\"https:\/\/www.electroluxprofessional.com\/la\/?src={search_term_string}\"},\"query-input\":\"required name=search_term_string\"}],\"inLanguage\":\"es\"}]}<\/script>\n<!-- \/ Yoast SEO plugin. -->","yoast_head_json":{"title":"Cadenas de Restaurantes - Electrolux Professional Latin America","robots":{"index":"index","follow":"follow","max-snippet":"max-snippet:-1","max-image-preview":"max-image-preview:large","max-video-preview":"max-video-preview:-1"},"canonical":"https:\/\/www.electroluxprofessional.com\/la\/cadenas-de-restaurantes\/","og_locale":"es_MX","og_type":"article","og_title":"Cadenas de Restaurantes - Electrolux Professional Latin America","og_description":"[vc_row full_width=&#8221;electroluxpro-full-width-no-padding&#8221;][vc_column][elx_hero_slider label_text_color=&#8221;inherit&#8221; images=&#8221;786&#8243;][elx_heading text_color=&#8221;orange&#8221; text_align=&#8221;text-left&#8221;]Construyendo Cadenas de valor. Juntos[\/elx_heading][\/elx_hero_slider][\/vc_column][\/vc_row][vc_row full_width=&#8221;electroluxpro-container-no-padding&#8221; full_height=&#8221;yes&#8221; parallax=&#8221;content-moving&#8221;][vc_column css=&#8221;.vc_custom_1472030236138{padding-top: 20px !important;}&#8221;][elx_heading font_container=&#8221;h1&#8243; font_size=&#8221;h3&#8243; text_color=&#8221;inherit&#8221; text_align=&#8221;text-center&#8221;]Electrolux Professional cuenta con un equipo dedicado a cadenas de restauraci\u00f3n para reconocer todas tus necesidades.[\/elx_heading][\/vc_column][\/vc_row][vc_row][vc_column width=&#8221;1\/2&#8243;][elx_simple_block background_color=&#8221;inherit&#8221;][vc_column_text drop_caps=&#8221;big-first-letter&#8221;] Si tu negocio es una cadena hotelera o de restaurantes, un proveedor de atenci\u00f3n m\u00e9dica o un [&hellip;]","og_url":"https:\/\/www.electroluxprofessional.com\/la\/cadenas-de-restaurantes\/","og_site_name":"Electrolux Professional Latin America","article_modified_time":"2025-11-05T16:39:25+00:00","og_image":[{"width":358,"height":256,"url":"https:\/\/www.electroluxprofessional.com\/la\/wp-content\/uploads\/2018\/11\/Cadenas-de-Restaurantes.jpg","type":"image\/jpeg"}],"twitter_card":"summary_large_image","twitter_misc":{"Tiempo de lectura":"5 minutos"},"schema":{"@context":"https:\/\/schema.org","@graph":[{"@type":"WebPage","@id":"https:\/\/www.electroluxprofessional.com\/la\/cadenas-de-restaurantes\/","url":"https:\/\/www.electroluxprofessional.com\/la\/cadenas-de-restaurantes\/","name":"Cadenas de Restaurantes - Electrolux Professional Latin America","isPartOf":{"@id":"https:\/\/www.electroluxprofessional.com\/la\/#website"},"primaryImageOfPage":{"@id":"https:\/\/www.electroluxprofessional.com\/la\/cadenas-de-restaurantes\/#primaryimage"},"image":{"@id":"https:\/\/www.electroluxprofessional.com\/la\/cadenas-de-restaurantes\/#primaryimage"},"thumbnailUrl":"https:\/\/www.electroluxprofessional.com\/la\/wp-content\/uploads\/2018\/11\/Cadenas-de-Restaurantes.jpg","datePublished":"2017-04-28T11:24:25+00:00","dateModified":"2025-11-05T16:39:25+00:00","breadcrumb":{"@id":"https:\/\/www.electroluxprofessional.com\/la\/cadenas-de-restaurantes\/#breadcrumb"},"inLanguage":"es","potentialAction":[{"@type":"ReadAction","target":["https:\/\/www.electroluxprofessional.com\/la\/cadenas-de-restaurantes\/"]}]},{"@type":"ImageObject","inLanguage":"es","@id":"https:\/\/www.electroluxprofessional.com\/la\/cadenas-de-restaurantes\/#primaryimage","url":"https:\/\/www.electroluxprofessional.com\/la\/wp-content\/uploads\/2018\/11\/Cadenas-de-Restaurantes.jpg","contentUrl":"https:\/\/www.electroluxprofessional.com\/la\/wp-content\/uploads\/2018\/11\/Cadenas-de-Restaurantes.jpg","width":358,"height":256,"caption":"Cadenas de Restaurantes"},{"@type":"BreadcrumbList","@id":"https:\/\/www.electroluxprofessional.com\/la\/cadenas-de-restaurantes\/#breadcrumb","itemListElement":[{"@type":"ListItem","position":1,"name":"Home","item":"https:\/\/www.electroluxprofessional.com\/la\/"},{"@type":"ListItem","position":2,"name":"Cadenas de Restaurantes"}]},{"@type":"WebSite","@id":"https:\/\/www.electroluxprofessional.com\/la\/#website","url":"https:\/\/www.electroluxprofessional.com\/la\/","name":"Electrolux Professional Latin America","description":"Equipamiento cocinas profesionales y lavander\u00edas comerciales. Excelencia en el suministro de soluciones profesionales.","potentialAction":[{"@type":"SearchAction","target":{"@type":"EntryPoint","urlTemplate":"https:\/\/www.electroluxprofessional.com\/la\/?src={search_term_string}"},"query-input":"required name=search_term_string"}],"inLanguage":"es"}]}},"_links":{"self":[{"href":"https:\/\/www.electroluxprofessional.com\/la\/wp-json\/wp\/v2\/pages\/4075"}],"collection":[{"href":"https:\/\/www.electroluxprofessional.com\/la\/wp-json\/wp\/v2\/pages"}],"about":[{"href":"https:\/\/www.electroluxprofessional.com\/la\/wp-json\/wp\/v2\/types\/page"}],"author":[{"embeddable":true,"href":"https:\/\/www.electroluxprofessional.com\/la\/wp-json\/wp\/v2\/users\/23"}],"replies":[{"embeddable":true,"href":"https:\/\/www.electroluxprofessional.com\/la\/wp-json\/wp\/v2\/comments?post=4075"}],"version-history":[{"count":29,"href":"https:\/\/www.electroluxprofessional.com\/la\/wp-json\/wp\/v2\/pages\/4075\/revisions"}],"predecessor-version":[{"id":16673,"href":"https:\/\/www.electroluxprofessional.com\/la\/wp-json\/wp\/v2\/pages\/4075\/revisions\/16673"}],"wp:featuredmedia":[{"embeddable":true,"href":"https:\/\/www.electroluxprofessional.com\/la\/wp-json\/wp\/v2\/media\/4959"}],"wp:attachment":[{"href":"https:\/\/www.electroluxprofessional.com\/la\/wp-json\/wp\/v2\/media?parent=4075"}],"curies":[{"name":"wp","href":"https:\/\/api.w.org\/{rel}","templated":true}]}}