{"id":4051,"date":"2017-04-28T10:14:50","date_gmt":"2017-04-28T10:14:50","guid":{"rendered":"https:\/\/www.electroluxprofessional.com\/la\/?page_id=4051"},"modified":"2018-11-09T16:05:39","modified_gmt":"2018-11-09T16:05:39","slug":"hospitales","status":"publish","type":"page","link":"https:\/\/www.electroluxprofessional.com\/la\/hospitales\/","title":{"rendered":"Hospitales"},"content":{"rendered":"<p>[vc_row full_width=&#8221;electroluxpro-full-width-no-padding&#8221; equal_height=&#8221;yes&#8221; content_placement=&#8221;top&#8221;][vc_column reveal_effect=&#8221;&#8221; width=&#8221;1\/2&#8243;][elx_citation name=&#8221;Daniel Bertrand &#8211; Operario de lavander\u00eda&#8221; company=&#8221;&#8221;][elx_heading font_container=&#8221;h1&#8243; font_size=&#8221;h2&#8243; text_color=&#8221;inherit&#8221;]Vemos la diferencia. Nuestros pacientes la sienten. \u00a0Ning\u00fan otro proveedor entiende mejor los procedimientos sanitarios espec\u00edficos de nuestra industria y ofrece tan excelentes soluciones.[\/elx_heading][\/elx_citation][\/vc_column][vc_column reveal_effect=&#8221;&#8221; width=&#8221;1\/2&#8243;][elx_image_block background_image=&#8221;573&#8243; minimum_height=&#8221;670px&#8221;][\/vc_column][\/vc_row][vc_row full_width=&#8221;electroluxpro-container-no-padding&#8221;][vc_column][elx_heading text_color=&#8221;inherit&#8221; text_align=&#8221;text-center&#8221;]<strong>Hospitales:<\/strong> por una higiene libre de g\u00e9rmenes<br \/>\nsin compromiso<br \/>\n[\/elx_heading][vc_column_text]<\/p>\n<p style=\"text-align: center;\">Hospitales y cl\u00ednicas tienen<span style=\"color: #019bbf;\">\u00a0estrictas regulaciones de higiene<br \/>\n<\/span>que cubren desde la manipulaci\u00f3n a\u00a0<span style=\"color: #019bbf;\">la limpieza de ropa, lencer\u00eda,\u00a0toallas y uniformes<\/span>.<\/p>\n<p>[\/vc_column_text][vc_empty_space height=&#8221;50px&#8221;][\/vc_column][\/vc_row][vc_row full_width=&#8221;electroluxpro-full-width-no-padding&#8221; equal_height=&#8221;yes&#8221; content_placement=&#8221;middle&#8221; video_bg=&#8221;yes&#8221; video_bg_parallax=&#8221;content-moving&#8221;][vc_column reveal_effect=&#8221;&#8221; width=&#8221;1\/2&#8243;][elx_image_block background_image=&#8221;1856&#8243; minimum_height=&#8221;600px&#8221;][\/vc_column][vc_column width=&#8221;1\/2&#8243;][elx_simple_block background_color=&#8221;inherit&#8221;][vc_column_text]<\/p>\n<ul>\n<li>Soluciones de lavander\u00eda profesionales que cumplen con lo m\u00e1s estricto de los ya restrictivos requisitos de <strong>aislamiento sanitario<br \/>\n<\/strong><\/li>\n<li>Lider mundial en <strong>soluciones de lavander\u00eda de barrera <\/strong>con m\u00e1s de 500 instalaciones cada a\u00f1o<br \/>\n<strong>\u00a0\u00a0<\/strong><\/li>\n<li>Funciones inteligentes, como el exclusivo Certus Management\u2122 Information System para un <strong>control y trazabilidad<\/strong>\u00a0total en todos procesos de lavado<br \/>\n<strong>\u00a0\u00a0<\/strong><\/li>\n<li>Mayor eficiencia y productividad gracias a m\u00e1s cargas de lavado por d\u00eda<br \/>\n<strong>\u00a0\u00a0<\/strong><\/li>\n<li><strong>Servicio Excelente<\/strong>: la red m\u00e1s extensa del mundo de instaladores, repuestos y mantenimiento<\/li>\n<\/ul>\n<p>[\/vc_column_text][\/elx_simple_block][\/vc_column][\/vc_row][vc_row full_width=&#8221;electroluxpro-full-width-no-padding&#8221; equal_height=&#8221;yes&#8221;][vc_column width=&#8221;1\/2&#8243;][elx_simple_block background_color=&#8221;inherit&#8221;][elx_heading font_container=&#8221;h3&#8243; text_color=&#8221;inherit&#8221;]Peking Union Medical College Hospital[\/elx_heading][vc_column_text]Con un ritmo tan r\u00e1pido de desarrollo social y urbano en todo el pa\u00eds, PUMCH estuvo buscando abastecer sus necesidades en lavander\u00eda manteni\u00e9ndose en vanguardia en tecnolog\u00eda.[\/vc_column_text][\/elx_simple_block][\/vc_column][vc_column width=&#8221;1\/2&#8243;][elx_video_block background_image=&#8221;575&#8243; video_link=&#8221;https:\/\/www.youtube.com\/watch?v=dsOhbvScsz8&#8243; minimum_height=&#8221;600px&#8221;][\/vc_column][\/vc_row][vc_row][vc_column][vc_empty_space height=&#8221;100px&#8221;][elx_heading font_container=&#8221;h3&#8243; text_color=&#8221;inherit&#8221; text_align=&#8221;text-center&#8221;]<strong>Servicio de Lavander\u00eda<\/strong>[\/elx_heading][vc_empty_space height=&#8221;20px&#8221;][vc_column_text]<\/p>\n<h4>Una soluci\u00f3n sanitaria para tu negocio. Un mejor estilo de vida para pacientes y acompa\u00f1antes.<\/h4>\n<p>Proporciona a tus residentes la mejor <strong>comodidad<\/strong>, <strong>seguridad<\/strong>\u00a0y los m\u00e1s altos niveles <strong>higi\u00e9nicos,<\/strong>\u00a0manteniendo al mismo tiempo el control total de tus costes. Ropa de cama, toallas, servilletas y prendas de ropa, requieren soluciones especiales de limpieza que erradiquen el riesgo de infecci\u00f3n y contaminaci\u00f3n cruzada.[\/vc_column_text][vc_empty_space][vc_column_text][laundry-cycle-management][\/vc_column_text][elx_heading font_container=&#8221;h4&#8243; font_size=&#8221;h4&#8243; text_color=&#8221;inherit&#8221;]Contacta con nuestros expertos[\/elx_heading][elx_o2000_contact_us r=&#8221;Me gustar\u00eda tener m\u00e1s informaci\u00f3n sobre soluciones de lavander\u00eda para Hospitales.&#8221; s=&#8221;Petici\u00f3n de informaci\u00f3n sobre soluciones de lavander\u00eda para Hospitales&#8221; e=&#8221;pedro.baltazar@electrolux.com&#8221; l=&#8221;es&#8221; b=&#8221;laundry&#8221; container=&#8221;elxcontactus1480952722&#8243;][\/vc_column][\/vc_row][vc_row][vc_column][\/vc_column][\/vc_row][vc_row][vc_column][vc_empty_space height=&#8221;100px&#8221;][elx_heading font_container=&#8221;h3&#8243; text_color=&#8221;inherit&#8221; text_align=&#8221;text-center&#8221;]<strong>Producci\u00f3n y distribuci\u00f3n de comida<\/strong>[\/elx_heading][vc_empty_space height=&#8221;20px&#8221;][vc_column_text]<\/p>\n<h4 style=\"text-align: left;\">Electrolux Professional es tambi\u00e9n proveedor l\u00edder de soluciones de producci\u00f3n y distribuci\u00f3n de alimentos en entornos de riesgo.<\/h4>\n<p style=\"text-align: left;\">Las habitaciones de los hospitales a menudo est\u00e1n muy lejos de la cocina, lo que incrementa la carga log\u00edstica y aumenta el riesgo por retrasos en producci\u00f3n, servicio, entrega y consumo.<\/p>\n<p style=\"text-align: left;\">Nuestros expertos en flujos de trabajo te ayudar\u00e1n en el proceso de planificaci\u00f3n, para poder evitar tales riesgos en \u00e1reas funcionales importantes como el almacenamiento, la refrigeraci\u00f3n y la entrega de alimentos.<\/p>\n<h4><\/h4>\n<p>[\/vc_column_text][vc_empty_space height=&#8221;20px&#8221;][vc_single_image image=&#8221;2463&#8243; img_size=&#8221;full&#8221; alignment=&#8221;center&#8221;][elx_heading font_container=&#8221;h4&#8243; text_color=&#8221;inherit&#8221;]Contacta con nuestros expertos[\/elx_heading][elx_o2000_contact_us r=&#8221;Me gustar\u00eda tener m\u00e1s informaci\u00f3n sobre soluciones de cocina para Hospitales.&#8221; s=&#8221;Petici\u00f3n de informaci\u00f3n sobre soluciones de cocina para Hospitales&#8221; e=&#8221;pedro.baltazar@electrolux.com&#8221; l=&#8221;es&#8221; container=&#8221;elxcontactus14809527222&#8243;][\/vc_column][\/vc_row][vc_row][vc_column][vc_empty_space height=&#8221;50px&#8221;][\/vc_column][\/vc_row][vc_row][vc_column][vc_tta_tabs active_section=&#8221;1&#8243; title=&#8221;Soluciones para Hospitales&#8221;][vc_tta_section title=&#8221;Lavander\u00eda&#8221; tab_id=&#8221;1465542896542-38a9f91e-2d02&#8243;][vc_row_inner][vc_column_inner width=&#8221;1\/2&#8243;][vc_single_image image=&#8221;2240&#8243; img_size=&#8221;large&#8221;][\/vc_column_inner][vc_column_inner width=&#8221;1\/2&#8243;][elx_heading font_container=&#8221;h3&#8243; text_color=&#8221;orange&#8221;]Beijing Union Hospital, China[\/elx_heading][vc_column_text]De 7 a 10 toneladas por turno<\/p>\n<p>La instalaci\u00f3n incluye:<\/p>\n<ul>\n<li>13 x Lavadoras de Barrera Pullman (110kg)<\/li>\n<li>15 x Secadoras (60kg)<\/li>\n<li>2 x Calandras C-Flex 930-2<\/li>\n<\/ul>\n<p>[\/vc_column_text][\/vc_column_inner][\/vc_row_inner][\/vc_tta_section][vc_tta_section title=&#8221;Cocina&#8221; tab_id=&#8221;hospital-kitchen-package&#8221;][vc_row_inner][vc_column_inner width=&#8221;1\/2&#8243;][vc_single_image image=&#8221;578&#8243; img_size=&#8221;large&#8221;][\/vc_column_inner][vc_column_inner width=&#8221;1\/2&#8243;][elx_heading font_container=&#8221;h3&#8243; text_color=&#8221;orange&#8221;]Burgos, Espa\u00f1a[\/elx_heading][vc_column_text]1000 camas<\/p>\n<p>La instalaci\u00f3n incluye:<\/p>\n<ul>\n<li>L\u00ednea de cocci\u00f3n horizontal XP.<\/li>\n<li>Hornos Electrolux air-o-steam Touchline, cada uno con 40 bandejas para dar un total de 800 menus por turno<\/li>\n<\/ul>\n<p>[\/vc_column_text][\/vc_column_inner][\/vc_row_inner][\/vc_tta_section][\/vc_tta_tabs][\/vc_column][\/vc_row][vc_row][vc_column][elx_heading text_color=&#8221;inherit&#8221;]Contacta con nuestros expertos[\/elx_heading][elx_o2000_contact_us r=&#8221;Me gustar\u00eda tener la mejor soluci\u00f3n para mi Hospital. Por favor, contacten conmigo.&#8221; s=&#8221;Tu petici\u00f3n: sobre soluciones para hospitales&#8221; e=&#8221;pedro.baltazar@electrolux.com&#8221; l=&#8221;es&#8221; container=&#8221;elxcontactus1466429981&#8243;][\/vc_column][\/vc_row]<\/p>\n","protected":false},"excerpt":{"rendered":"<p>[vc_row full_width=&#8221;electroluxpro-full-width-no-padding&#8221; equal_height=&#8221;yes&#8221; content_placement=&#8221;top&#8221;][vc_column reveal_effect=&#8221;&#8221; width=&#8221;1\/2&#8243;][elx_citation name=&#8221;Daniel Bertrand &#8211; Operario de lavander\u00eda&#8221; company=&#8221;&#8221;][elx_heading font_container=&#8221;h1&#8243; font_size=&#8221;h2&#8243; text_color=&#8221;inherit&#8221;]Vemos la diferencia. Nuestros pacientes la sienten. \u00a0Ning\u00fan otro proveedor entiende mejor los procedimientos sanitarios espec\u00edficos de nuestra industria y ofrece tan excelentes soluciones.[\/elx_heading][\/elx_citation][\/vc_column][vc_column reveal_effect=&#8221;&#8221; width=&#8221;1\/2&#8243;][elx_image_block background_image=&#8221;573&#8243; minimum_height=&#8221;670px&#8221;][\/vc_column][\/vc_row][vc_row full_width=&#8221;electroluxpro-container-no-padding&#8221;][vc_column][elx_heading text_color=&#8221;inherit&#8221; text_align=&#8221;text-center&#8221;]Hospitales: por una higiene libre de g\u00e9rmenes sin compromiso [\/elx_heading][vc_column_text] [&hellip;]<\/p>\n","protected":false},"author":23,"featured_media":4922,"parent":0,"menu_order":0,"comment_status":"closed","ping_status":"closed","template":"","meta":{"footnotes":""},"class_list":["post-4051","page","type-page","status-publish","has-post-thumbnail","hentry"],"acf":[],"yoast_head":"<!-- This site is optimized with the Yoast SEO plugin v23.3 - https:\/\/yoast.com\/wordpress\/plugins\/seo\/ -->\n<title>Hospitales - Electrolux Professional Latin America<\/title>\n<meta name=\"robots\" content=\"index, follow, max-snippet:-1, max-image-preview:large, max-video-preview:-1\" \/>\n<link rel=\"canonical\" href=\"https:\/\/www.electroluxprofessional.com\/la\/hospitales\/\" \/>\n<meta property=\"og:locale\" content=\"es_MX\" \/>\n<meta property=\"og:type\" content=\"article\" \/>\n<meta property=\"og:title\" content=\"Hospitales - Electrolux Professional Latin America\" \/>\n<meta property=\"og:description\" content=\"[vc_row full_width=&#8221;electroluxpro-full-width-no-padding&#8221; equal_height=&#8221;yes&#8221; content_placement=&#8221;top&#8221;][vc_column reveal_effect=&#8221;&#8221; width=&#8221;1\/2&#8243;][elx_citation name=&#8221;Daniel Bertrand &#8211; Operario de lavander\u00eda&#8221; company=&#8221;&#8221;][elx_heading font_container=&#8221;h1&#8243; font_size=&#8221;h2&#8243; text_color=&#8221;inherit&#8221;]Vemos la diferencia. Nuestros pacientes la sienten. \u00a0Ning\u00fan otro proveedor entiende mejor los procedimientos sanitarios espec\u00edficos de nuestra industria y ofrece tan excelentes soluciones.[\/elx_heading][\/elx_citation][\/vc_column][vc_column reveal_effect=&#8221;&#8221; width=&#8221;1\/2&#8243;][elx_image_block background_image=&#8221;573&#8243; minimum_height=&#8221;670px&#8221;][\/vc_column][\/vc_row][vc_row full_width=&#8221;electroluxpro-container-no-padding&#8221;][vc_column][elx_heading text_color=&#8221;inherit&#8221; text_align=&#8221;text-center&#8221;]Hospitales: por una higiene libre de g\u00e9rmenes sin compromiso [\/elx_heading][vc_column_text] [&hellip;]\" \/>\n<meta property=\"og:url\" content=\"https:\/\/www.electroluxprofessional.com\/la\/hospitales\/\" \/>\n<meta property=\"og:site_name\" content=\"Electrolux Professional Latin America\" \/>\n<meta property=\"article:modified_time\" content=\"2018-11-09T16:05:39+00:00\" \/>\n<meta property=\"og:image\" content=\"https:\/\/www.electroluxprofessional.com\/la\/wp-content\/uploads\/2018\/11\/Hospitales.jpg\" \/>\n\t<meta property=\"og:image:width\" content=\"488\" \/>\n\t<meta property=\"og:image:height\" content=\"335\" \/>\n\t<meta property=\"og:image:type\" content=\"image\/jpeg\" \/>\n<meta name=\"twitter:card\" content=\"summary_large_image\" \/>\n<meta name=\"twitter:label1\" content=\"Tiempo de lectura\" \/>\n\t<meta name=\"twitter:data1\" content=\"5 minutos\" \/>\n<script type=\"application\/ld+json\" class=\"yoast-schema-graph\">{\"@context\":\"https:\/\/schema.org\",\"@graph\":[{\"@type\":\"WebPage\",\"@id\":\"https:\/\/www.electroluxprofessional.com\/la\/hospitales\/\",\"url\":\"https:\/\/www.electroluxprofessional.com\/la\/hospitales\/\",\"name\":\"Hospitales - Electrolux Professional Latin America\",\"isPartOf\":{\"@id\":\"https:\/\/www.electroluxprofessional.com\/la\/#website\"},\"primaryImageOfPage\":{\"@id\":\"https:\/\/www.electroluxprofessional.com\/la\/hospitales\/#primaryimage\"},\"image\":{\"@id\":\"https:\/\/www.electroluxprofessional.com\/la\/hospitales\/#primaryimage\"},\"thumbnailUrl\":\"https:\/\/www.electroluxprofessional.com\/la\/wp-content\/uploads\/2018\/11\/Hospitales.jpg\",\"datePublished\":\"2017-04-28T10:14:50+00:00\",\"dateModified\":\"2018-11-09T16:05:39+00:00\",\"breadcrumb\":{\"@id\":\"https:\/\/www.electroluxprofessional.com\/la\/hospitales\/#breadcrumb\"},\"inLanguage\":\"es\",\"potentialAction\":[{\"@type\":\"ReadAction\",\"target\":[\"https:\/\/www.electroluxprofessional.com\/la\/hospitales\/\"]}]},{\"@type\":\"ImageObject\",\"inLanguage\":\"es\",\"@id\":\"https:\/\/www.electroluxprofessional.com\/la\/hospitales\/#primaryimage\",\"url\":\"https:\/\/www.electroluxprofessional.com\/la\/wp-content\/uploads\/2018\/11\/Hospitales.jpg\",\"contentUrl\":\"https:\/\/www.electroluxprofessional.com\/la\/wp-content\/uploads\/2018\/11\/Hospitales.jpg\",\"width\":488,\"height\":335,\"caption\":\"Hospitales\"},{\"@type\":\"BreadcrumbList\",\"@id\":\"https:\/\/www.electroluxprofessional.com\/la\/hospitales\/#breadcrumb\",\"itemListElement\":[{\"@type\":\"ListItem\",\"position\":1,\"name\":\"Home\",\"item\":\"https:\/\/www.electroluxprofessional.com\/la\/\"},{\"@type\":\"ListItem\",\"position\":2,\"name\":\"Hospitales\"}]},{\"@type\":\"WebSite\",\"@id\":\"https:\/\/www.electroluxprofessional.com\/la\/#website\",\"url\":\"https:\/\/www.electroluxprofessional.com\/la\/\",\"name\":\"Electrolux Professional Latin America\",\"description\":\"Equipamiento cocinas profesionales y lavander\u00edas comerciales. Excelencia en el suministro de soluciones profesionales.\",\"potentialAction\":[{\"@type\":\"SearchAction\",\"target\":{\"@type\":\"EntryPoint\",\"urlTemplate\":\"https:\/\/www.electroluxprofessional.com\/la\/?src={search_term_string}\"},\"query-input\":\"required name=search_term_string\"}],\"inLanguage\":\"es\"}]}<\/script>\n<!-- \/ Yoast SEO plugin. -->","yoast_head_json":{"title":"Hospitales - Electrolux Professional Latin America","robots":{"index":"index","follow":"follow","max-snippet":"max-snippet:-1","max-image-preview":"max-image-preview:large","max-video-preview":"max-video-preview:-1"},"canonical":"https:\/\/www.electroluxprofessional.com\/la\/hospitales\/","og_locale":"es_MX","og_type":"article","og_title":"Hospitales - Electrolux Professional Latin America","og_description":"[vc_row full_width=&#8221;electroluxpro-full-width-no-padding&#8221; equal_height=&#8221;yes&#8221; content_placement=&#8221;top&#8221;][vc_column reveal_effect=&#8221;&#8221; width=&#8221;1\/2&#8243;][elx_citation name=&#8221;Daniel Bertrand &#8211; Operario de lavander\u00eda&#8221; company=&#8221;&#8221;][elx_heading font_container=&#8221;h1&#8243; font_size=&#8221;h2&#8243; text_color=&#8221;inherit&#8221;]Vemos la diferencia. Nuestros pacientes la sienten. \u00a0Ning\u00fan otro proveedor entiende mejor los procedimientos sanitarios espec\u00edficos de nuestra industria y ofrece tan excelentes soluciones.[\/elx_heading][\/elx_citation][\/vc_column][vc_column reveal_effect=&#8221;&#8221; width=&#8221;1\/2&#8243;][elx_image_block background_image=&#8221;573&#8243; minimum_height=&#8221;670px&#8221;][\/vc_column][\/vc_row][vc_row full_width=&#8221;electroluxpro-container-no-padding&#8221;][vc_column][elx_heading text_color=&#8221;inherit&#8221; text_align=&#8221;text-center&#8221;]Hospitales: por una higiene libre de g\u00e9rmenes sin compromiso [\/elx_heading][vc_column_text] [&hellip;]","og_url":"https:\/\/www.electroluxprofessional.com\/la\/hospitales\/","og_site_name":"Electrolux Professional Latin America","article_modified_time":"2018-11-09T16:05:39+00:00","og_image":[{"width":488,"height":335,"url":"https:\/\/www.electroluxprofessional.com\/la\/wp-content\/uploads\/2018\/11\/Hospitales.jpg","type":"image\/jpeg"}],"twitter_card":"summary_large_image","twitter_misc":{"Tiempo de lectura":"5 minutos"},"schema":{"@context":"https:\/\/schema.org","@graph":[{"@type":"WebPage","@id":"https:\/\/www.electroluxprofessional.com\/la\/hospitales\/","url":"https:\/\/www.electroluxprofessional.com\/la\/hospitales\/","name":"Hospitales - Electrolux Professional Latin America","isPartOf":{"@id":"https:\/\/www.electroluxprofessional.com\/la\/#website"},"primaryImageOfPage":{"@id":"https:\/\/www.electroluxprofessional.com\/la\/hospitales\/#primaryimage"},"image":{"@id":"https:\/\/www.electroluxprofessional.com\/la\/hospitales\/#primaryimage"},"thumbnailUrl":"https:\/\/www.electroluxprofessional.com\/la\/wp-content\/uploads\/2018\/11\/Hospitales.jpg","datePublished":"2017-04-28T10:14:50+00:00","dateModified":"2018-11-09T16:05:39+00:00","breadcrumb":{"@id":"https:\/\/www.electroluxprofessional.com\/la\/hospitales\/#breadcrumb"},"inLanguage":"es","potentialAction":[{"@type":"ReadAction","target":["https:\/\/www.electroluxprofessional.com\/la\/hospitales\/"]}]},{"@type":"ImageObject","inLanguage":"es","@id":"https:\/\/www.electroluxprofessional.com\/la\/hospitales\/#primaryimage","url":"https:\/\/www.electroluxprofessional.com\/la\/wp-content\/uploads\/2018\/11\/Hospitales.jpg","contentUrl":"https:\/\/www.electroluxprofessional.com\/la\/wp-content\/uploads\/2018\/11\/Hospitales.jpg","width":488,"height":335,"caption":"Hospitales"},{"@type":"BreadcrumbList","@id":"https:\/\/www.electroluxprofessional.com\/la\/hospitales\/#breadcrumb","itemListElement":[{"@type":"ListItem","position":1,"name":"Home","item":"https:\/\/www.electroluxprofessional.com\/la\/"},{"@type":"ListItem","position":2,"name":"Hospitales"}]},{"@type":"WebSite","@id":"https:\/\/www.electroluxprofessional.com\/la\/#website","url":"https:\/\/www.electroluxprofessional.com\/la\/","name":"Electrolux Professional Latin America","description":"Equipamiento cocinas profesionales y lavander\u00edas comerciales. Excelencia en el suministro de soluciones profesionales.","potentialAction":[{"@type":"SearchAction","target":{"@type":"EntryPoint","urlTemplate":"https:\/\/www.electroluxprofessional.com\/la\/?src={search_term_string}"},"query-input":"required name=search_term_string"}],"inLanguage":"es"}]}},"_links":{"self":[{"href":"https:\/\/www.electroluxprofessional.com\/la\/wp-json\/wp\/v2\/pages\/4051"}],"collection":[{"href":"https:\/\/www.electroluxprofessional.com\/la\/wp-json\/wp\/v2\/pages"}],"about":[{"href":"https:\/\/www.electroluxprofessional.com\/la\/wp-json\/wp\/v2\/types\/page"}],"author":[{"embeddable":true,"href":"https:\/\/www.electroluxprofessional.com\/la\/wp-json\/wp\/v2\/users\/23"}],"replies":[{"embeddable":true,"href":"https:\/\/www.electroluxprofessional.com\/la\/wp-json\/wp\/v2\/comments?post=4051"}],"version-history":[{"count":13,"href":"https:\/\/www.electroluxprofessional.com\/la\/wp-json\/wp\/v2\/pages\/4051\/revisions"}],"predecessor-version":[{"id":4923,"href":"https:\/\/www.electroluxprofessional.com\/la\/wp-json\/wp\/v2\/pages\/4051\/revisions\/4923"}],"wp:featuredmedia":[{"embeddable":true,"href":"https:\/\/www.electroluxprofessional.com\/la\/wp-json\/wp\/v2\/media\/4922"}],"wp:attachment":[{"href":"https:\/\/www.electroluxprofessional.com\/la\/wp-json\/wp\/v2\/media?parent=4051"}],"curies":[{"name":"wp","href":"https:\/\/api.w.org\/{rel}","templated":true}]}}