{"id":3964,"date":"2017-04-27T09:48:39","date_gmt":"2017-04-27T09:48:39","guid":{"rendered":"https:\/\/www.electroluxprofessional.com\/la\/?page_id=3964"},"modified":"2024-04-03T07:48:34","modified_gmt":"2024-04-03T07:48:34","slug":"registro-de-producto","status":"publish","type":"page","link":"https:\/\/www.electroluxprofessional.com\/la\/registro-de-producto\/","title":{"rendered":"Registro de producto"},"content":{"rendered":"<p>[vc_row full_width=&#8221;electroluxpro-full-width-no-padding&#8221;][vc_column][elx_hero_title label=&#8221;&#8221; background_image=&#8221;637&#8243;][elx_heading font_size=&#8221;h3&#8243; text_color=&#8221;white&#8221;]MyProfessional[\/elx_heading][elx_heading font_container=&#8221;h3&#8243; font_size=&#8221;h4&#8243; text_color=&#8221;white&#8221;]Tu espacio privado[\/elx_heading][\/elx_hero_title][\/vc_column][\/vc_row][vc_row][vc_column][vc_empty_space][elx_button button_text=&#8221;MyProfessional&#8221; button_style=&#8221;default&#8221; css=&#8221;.vc_custom_1712130466710{margin-right: 20px !important;margin-bottom: 20px !important;}&#8221; button_link=&#8221;url:https%3A%2F%2Felectroluxprofessional.com%2Fla%2Fmy-professional%2F|title:MyProfessional&#8221;][elx_button button_text=&#8221;Manuales de Usuario&#8221; button_style=&#8221;default&#8221; css=&#8221;.vc_custom_1712130475606{margin-right: 20px !important;margin-bottom: 20px !important;}&#8221; button_link=&#8221;url:https%3A%2F%2Felectroluxprofessional.com%2Fla%2Fmy-professional%2Fuserdoc%2F|title:manuales%20de%20usuario&#8221;][elx_button button_text=&#8221;Registro de Producto&#8221; button_style=&#8221;default&#8221; css=&#8221;.vc_custom_1712130494270{margin-right: 20px !important;margin-bottom: 20px !important;}&#8221; button_link=&#8221;url:https%3A%2F%2Felectroluxprofessional.com%2Fla%2Fmy-professional%2Fregistro-de-producto%2F|title:Registro%20de%20Producto&#8221;][elx_button button_text=&#8221;Mi Perfil&#8221; button_style=&#8221;default&#8221; css=&#8221;.vc_custom_1712130503398{margin-right: 20px !important;margin-bottom: 20px !important;}&#8221; button_link=&#8221;url:https%3A%2F%2Felectroluxprofessional.com%2Fla%2Fmy-professional%2Fperfil%2F|title:Mi%20Perfil&#8221;][elx_button button_text=&#8221;Partners area&#8221; button_style=&#8221;default&#8221; css=&#8221;.vc_custom_1712130512557{margin-right: 20px !important;margin-bottom: 20px !important;}&#8221; button_link=&#8221;url:https%3A%2F%2Felectroluxprofessional.com%2Fla%2Fmy-professional%2Fpartners-area%2F|title:Partners%20area&#8221;][vc_empty_space][\/vc_column][\/vc_row][vc_row][vc_column width=&#8221;1\/6&#8243;][vc_single_image image=&#8221;2533&#8243; img_size=&#8221;full&#8221;][\/vc_column][vc_column width=&#8221;5\/6&#8243;][elx_heading font_container=&#8221;h1&#8243; font_size=&#8221;h3&#8243; text_color=&#8221;inherit&#8221;]\u00bfPorqu\u00e9 registrar tus productos?[\/elx_heading][vc_column_text]<strong>Gracias por comprar productos Electrolux Professional.<\/strong><\/p>\n<p>Al registrar tus productos hoy, nos est\u00e1s ayudando a brindarte la mejor atenci\u00f3n posible. Nuestros especialistas van a estar siempre a tu lado para apoyarte en el d\u00eda a d\u00eda de tu negocio, y para asegurarte que obtendr\u00e1s la Excelencia Profesional que necesitas.[\/vc_column_text][\/vc_column][\/vc_row][vc_row][vc_column][elx_o2000_product_registration l=&#8221;es-la&#8221; c=&#8221;United States&#8221;][vc_empty_space][\/vc_column][\/vc_row]<\/p>\n","protected":false},"excerpt":{"rendered":"<p>[vc_row full_width=&#8221;electroluxpro-full-width-no-padding&#8221;][vc_column][elx_hero_title label=&#8221;&#8221; background_image=&#8221;637&#8243;][elx_heading font_size=&#8221;h3&#8243; text_color=&#8221;white&#8221;]MyProfessional[\/elx_heading][elx_heading font_container=&#8221;h3&#8243; font_size=&#8221;h4&#8243; text_color=&#8221;white&#8221;]Tu espacio privado[\/elx_heading][\/elx_hero_title][\/vc_column][\/vc_row][vc_row][vc_column][vc_empty_space][elx_button button_text=&#8221;MyProfessional&#8221; button_style=&#8221;default&#8221; css=&#8221;.vc_custom_1712130466710{margin-right: 20px !important;margin-bottom: 20px !important;}&#8221; button_link=&#8221;url:https%3A%2F%2Felectroluxprofessional.com%2Fla%2Fmy-professional%2F|title:MyProfessional&#8221;][elx_button button_text=&#8221;Manuales de Usuario&#8221; button_style=&#8221;default&#8221; css=&#8221;.vc_custom_1712130475606{margin-right: 20px !important;margin-bottom: 20px !important;}&#8221; button_link=&#8221;url:https%3A%2F%2Felectroluxprofessional.com%2Fla%2Fmy-professional%2Fuserdoc%2F|title:manuales%20de%20usuario&#8221;][elx_button button_text=&#8221;Registro de Producto&#8221; button_style=&#8221;default&#8221; css=&#8221;.vc_custom_1712130494270{margin-right: 20px !important;margin-bottom: 20px !important;}&#8221; button_link=&#8221;url:https%3A%2F%2Felectroluxprofessional.com%2Fla%2Fmy-professional%2Fregistro-de-producto%2F|title:Registro%20de%20Producto&#8221;][elx_button button_text=&#8221;Mi Perfil&#8221; button_style=&#8221;default&#8221; css=&#8221;.vc_custom_1712130503398{margin-right: 20px !important;margin-bottom: 20px !important;}&#8221; button_link=&#8221;url:https%3A%2F%2Felectroluxprofessional.com%2Fla%2Fmy-professional%2Fperfil%2F|title:Mi%20Perfil&#8221;][elx_button button_text=&#8221;Partners area&#8221; button_style=&#8221;default&#8221; css=&#8221;.vc_custom_1712130512557{margin-right: 20px !important;margin-bottom: 20px [&hellip;]<\/p>\n","protected":false},"author":23,"featured_media":4961,"parent":0,"menu_order":0,"comment_status":"closed","ping_status":"closed","template":"","meta":{"footnotes":""},"class_list":["post-3964","page","type-page","status-publish","has-post-thumbnail","hentry"],"acf":[],"yoast_head":"<!-- This site is optimized with the Yoast SEO plugin v23.3 - https:\/\/yoast.com\/wordpress\/plugins\/seo\/ -->\n<title>Registro de producto - Electrolux Professional Latin America<\/title>\n<meta name=\"robots\" content=\"index, follow, max-snippet:-1, max-image-preview:large, max-video-preview:-1\" \/>\n<link rel=\"canonical\" href=\"https:\/\/www.electroluxprofessional.com\/la\/registro-de-producto\/\" \/>\n<meta property=\"og:locale\" content=\"es_MX\" \/>\n<meta property=\"og:type\" content=\"article\" \/>\n<meta property=\"og:title\" content=\"Registro de producto - Electrolux Professional Latin America\" \/>\n<meta property=\"og:description\" content=\"[vc_row full_width=&#8221;electroluxpro-full-width-no-padding&#8221;][vc_column][elx_hero_title label=&#8221;&#8221; background_image=&#8221;637&#8243;][elx_heading font_size=&#8221;h3&#8243; text_color=&#8221;white&#8221;]MyProfessional[\/elx_heading][elx_heading font_container=&#8221;h3&#8243; font_size=&#8221;h4&#8243; text_color=&#8221;white&#8221;]Tu espacio privado[\/elx_heading][\/elx_hero_title][\/vc_column][\/vc_row][vc_row][vc_column][vc_empty_space][elx_button button_text=&#8221;MyProfessional&#8221; button_style=&#8221;default&#8221; css=&#8221;.vc_custom_1712130466710{margin-right: 20px !important;margin-bottom: 20px !important;}&#8221; button_link=&#8221;url:https%3A%2F%2Felectroluxprofessional.com%2Fla%2Fmy-professional%2F|title:MyProfessional&#8221;][elx_button button_text=&#8221;Manuales de Usuario&#8221; button_style=&#8221;default&#8221; css=&#8221;.vc_custom_1712130475606{margin-right: 20px !important;margin-bottom: 20px !important;}&#8221; button_link=&#8221;url:https%3A%2F%2Felectroluxprofessional.com%2Fla%2Fmy-professional%2Fuserdoc%2F|title:manuales%20de%20usuario&#8221;][elx_button button_text=&#8221;Registro de Producto&#8221; button_style=&#8221;default&#8221; css=&#8221;.vc_custom_1712130494270{margin-right: 20px !important;margin-bottom: 20px !important;}&#8221; button_link=&#8221;url:https%3A%2F%2Felectroluxprofessional.com%2Fla%2Fmy-professional%2Fregistro-de-producto%2F|title:Registro%20de%20Producto&#8221;][elx_button button_text=&#8221;Mi Perfil&#8221; button_style=&#8221;default&#8221; css=&#8221;.vc_custom_1712130503398{margin-right: 20px !important;margin-bottom: 20px !important;}&#8221; button_link=&#8221;url:https%3A%2F%2Felectroluxprofessional.com%2Fla%2Fmy-professional%2Fperfil%2F|title:Mi%20Perfil&#8221;][elx_button button_text=&#8221;Partners area&#8221; button_style=&#8221;default&#8221; css=&#8221;.vc_custom_1712130512557{margin-right: 20px !important;margin-bottom: 20px [&hellip;]\" \/>\n<meta property=\"og:url\" content=\"https:\/\/www.electroluxprofessional.com\/la\/registro-de-producto\/\" \/>\n<meta property=\"og:site_name\" content=\"Electrolux Professional Latin America\" \/>\n<meta property=\"article:modified_time\" content=\"2024-04-03T07:48:34+00:00\" \/>\n<meta property=\"og:image\" content=\"https:\/\/www.electroluxprofessional.com\/la\/wp-content\/uploads\/2018\/11\/Registro.jpg\" \/>\n\t<meta property=\"og:image:width\" content=\"1128\" \/>\n\t<meta property=\"og:image:height\" content=\"366\" \/>\n\t<meta property=\"og:image:type\" content=\"image\/jpeg\" \/>\n<meta name=\"twitter:card\" content=\"summary_large_image\" \/>\n<meta name=\"twitter:label1\" content=\"Tiempo de lectura\" \/>\n\t<meta name=\"twitter:data1\" content=\"1 minuto\" \/>\n<script type=\"application\/ld+json\" class=\"yoast-schema-graph\">{\"@context\":\"https:\/\/schema.org\",\"@graph\":[{\"@type\":\"WebPage\",\"@id\":\"https:\/\/www.electroluxprofessional.com\/la\/registro-de-producto\/\",\"url\":\"https:\/\/www.electroluxprofessional.com\/la\/registro-de-producto\/\",\"name\":\"Registro de producto - Electrolux Professional Latin America\",\"isPartOf\":{\"@id\":\"https:\/\/www.electroluxprofessional.com\/la\/#website\"},\"primaryImageOfPage\":{\"@id\":\"https:\/\/www.electroluxprofessional.com\/la\/registro-de-producto\/#primaryimage\"},\"image\":{\"@id\":\"https:\/\/www.electroluxprofessional.com\/la\/registro-de-producto\/#primaryimage\"},\"thumbnailUrl\":\"https:\/\/www.electroluxprofessional.com\/la\/wp-content\/uploads\/2018\/11\/Registro.jpg\",\"datePublished\":\"2017-04-27T09:48:39+00:00\",\"dateModified\":\"2024-04-03T07:48:34+00:00\",\"breadcrumb\":{\"@id\":\"https:\/\/www.electroluxprofessional.com\/la\/registro-de-producto\/#breadcrumb\"},\"inLanguage\":\"es\",\"potentialAction\":[{\"@type\":\"ReadAction\",\"target\":[\"https:\/\/www.electroluxprofessional.com\/la\/registro-de-producto\/\"]}]},{\"@type\":\"ImageObject\",\"inLanguage\":\"es\",\"@id\":\"https:\/\/www.electroluxprofessional.com\/la\/registro-de-producto\/#primaryimage\",\"url\":\"https:\/\/www.electroluxprofessional.com\/la\/wp-content\/uploads\/2018\/11\/Registro.jpg\",\"contentUrl\":\"https:\/\/www.electroluxprofessional.com\/la\/wp-content\/uploads\/2018\/11\/Registro.jpg\",\"width\":1128,\"height\":366,\"caption\":\"Registro de producto\"},{\"@type\":\"BreadcrumbList\",\"@id\":\"https:\/\/www.electroluxprofessional.com\/la\/registro-de-producto\/#breadcrumb\",\"itemListElement\":[{\"@type\":\"ListItem\",\"position\":1,\"name\":\"Home\",\"item\":\"https:\/\/www.electroluxprofessional.com\/la\/\"},{\"@type\":\"ListItem\",\"position\":2,\"name\":\"Registro de producto\"}]},{\"@type\":\"WebSite\",\"@id\":\"https:\/\/www.electroluxprofessional.com\/la\/#website\",\"url\":\"https:\/\/www.electroluxprofessional.com\/la\/\",\"name\":\"Electrolux Professional Latin America\",\"description\":\"Equipamiento cocinas profesionales y lavander\u00edas comerciales. Excelencia en el suministro de soluciones profesionales.\",\"potentialAction\":[{\"@type\":\"SearchAction\",\"target\":{\"@type\":\"EntryPoint\",\"urlTemplate\":\"https:\/\/www.electroluxprofessional.com\/la\/?src={search_term_string}\"},\"query-input\":\"required name=search_term_string\"}],\"inLanguage\":\"es\"}]}<\/script>\n<!-- \/ Yoast SEO plugin. -->","yoast_head_json":{"title":"Registro de producto - Electrolux Professional Latin America","robots":{"index":"index","follow":"follow","max-snippet":"max-snippet:-1","max-image-preview":"max-image-preview:large","max-video-preview":"max-video-preview:-1"},"canonical":"https:\/\/www.electroluxprofessional.com\/la\/registro-de-producto\/","og_locale":"es_MX","og_type":"article","og_title":"Registro de producto - Electrolux Professional Latin America","og_description":"[vc_row full_width=&#8221;electroluxpro-full-width-no-padding&#8221;][vc_column][elx_hero_title label=&#8221;&#8221; background_image=&#8221;637&#8243;][elx_heading font_size=&#8221;h3&#8243; text_color=&#8221;white&#8221;]MyProfessional[\/elx_heading][elx_heading font_container=&#8221;h3&#8243; font_size=&#8221;h4&#8243; text_color=&#8221;white&#8221;]Tu espacio privado[\/elx_heading][\/elx_hero_title][\/vc_column][\/vc_row][vc_row][vc_column][vc_empty_space][elx_button button_text=&#8221;MyProfessional&#8221; button_style=&#8221;default&#8221; css=&#8221;.vc_custom_1712130466710{margin-right: 20px !important;margin-bottom: 20px !important;}&#8221; button_link=&#8221;url:https%3A%2F%2Felectroluxprofessional.com%2Fla%2Fmy-professional%2F|title:MyProfessional&#8221;][elx_button button_text=&#8221;Manuales de Usuario&#8221; button_style=&#8221;default&#8221; css=&#8221;.vc_custom_1712130475606{margin-right: 20px !important;margin-bottom: 20px !important;}&#8221; button_link=&#8221;url:https%3A%2F%2Felectroluxprofessional.com%2Fla%2Fmy-professional%2Fuserdoc%2F|title:manuales%20de%20usuario&#8221;][elx_button button_text=&#8221;Registro de Producto&#8221; button_style=&#8221;default&#8221; css=&#8221;.vc_custom_1712130494270{margin-right: 20px !important;margin-bottom: 20px !important;}&#8221; button_link=&#8221;url:https%3A%2F%2Felectroluxprofessional.com%2Fla%2Fmy-professional%2Fregistro-de-producto%2F|title:Registro%20de%20Producto&#8221;][elx_button button_text=&#8221;Mi Perfil&#8221; button_style=&#8221;default&#8221; css=&#8221;.vc_custom_1712130503398{margin-right: 20px !important;margin-bottom: 20px !important;}&#8221; button_link=&#8221;url:https%3A%2F%2Felectroluxprofessional.com%2Fla%2Fmy-professional%2Fperfil%2F|title:Mi%20Perfil&#8221;][elx_button button_text=&#8221;Partners area&#8221; button_style=&#8221;default&#8221; css=&#8221;.vc_custom_1712130512557{margin-right: 20px !important;margin-bottom: 20px [&hellip;]","og_url":"https:\/\/www.electroluxprofessional.com\/la\/registro-de-producto\/","og_site_name":"Electrolux Professional Latin America","article_modified_time":"2024-04-03T07:48:34+00:00","og_image":[{"width":1128,"height":366,"url":"https:\/\/www.electroluxprofessional.com\/la\/wp-content\/uploads\/2018\/11\/Registro.jpg","type":"image\/jpeg"}],"twitter_card":"summary_large_image","twitter_misc":{"Tiempo de lectura":"1 minuto"},"schema":{"@context":"https:\/\/schema.org","@graph":[{"@type":"WebPage","@id":"https:\/\/www.electroluxprofessional.com\/la\/registro-de-producto\/","url":"https:\/\/www.electroluxprofessional.com\/la\/registro-de-producto\/","name":"Registro de producto - Electrolux Professional Latin America","isPartOf":{"@id":"https:\/\/www.electroluxprofessional.com\/la\/#website"},"primaryImageOfPage":{"@id":"https:\/\/www.electroluxprofessional.com\/la\/registro-de-producto\/#primaryimage"},"image":{"@id":"https:\/\/www.electroluxprofessional.com\/la\/registro-de-producto\/#primaryimage"},"thumbnailUrl":"https:\/\/www.electroluxprofessional.com\/la\/wp-content\/uploads\/2018\/11\/Registro.jpg","datePublished":"2017-04-27T09:48:39+00:00","dateModified":"2024-04-03T07:48:34+00:00","breadcrumb":{"@id":"https:\/\/www.electroluxprofessional.com\/la\/registro-de-producto\/#breadcrumb"},"inLanguage":"es","potentialAction":[{"@type":"ReadAction","target":["https:\/\/www.electroluxprofessional.com\/la\/registro-de-producto\/"]}]},{"@type":"ImageObject","inLanguage":"es","@id":"https:\/\/www.electroluxprofessional.com\/la\/registro-de-producto\/#primaryimage","url":"https:\/\/www.electroluxprofessional.com\/la\/wp-content\/uploads\/2018\/11\/Registro.jpg","contentUrl":"https:\/\/www.electroluxprofessional.com\/la\/wp-content\/uploads\/2018\/11\/Registro.jpg","width":1128,"height":366,"caption":"Registro de producto"},{"@type":"BreadcrumbList","@id":"https:\/\/www.electroluxprofessional.com\/la\/registro-de-producto\/#breadcrumb","itemListElement":[{"@type":"ListItem","position":1,"name":"Home","item":"https:\/\/www.electroluxprofessional.com\/la\/"},{"@type":"ListItem","position":2,"name":"Registro de producto"}]},{"@type":"WebSite","@id":"https:\/\/www.electroluxprofessional.com\/la\/#website","url":"https:\/\/www.electroluxprofessional.com\/la\/","name":"Electrolux Professional Latin America","description":"Equipamiento cocinas profesionales y lavander\u00edas comerciales. Excelencia en el suministro de soluciones profesionales.","potentialAction":[{"@type":"SearchAction","target":{"@type":"EntryPoint","urlTemplate":"https:\/\/www.electroluxprofessional.com\/la\/?src={search_term_string}"},"query-input":"required name=search_term_string"}],"inLanguage":"es"}]}},"_links":{"self":[{"href":"https:\/\/www.electroluxprofessional.com\/la\/wp-json\/wp\/v2\/pages\/3964"}],"collection":[{"href":"https:\/\/www.electroluxprofessional.com\/la\/wp-json\/wp\/v2\/pages"}],"about":[{"href":"https:\/\/www.electroluxprofessional.com\/la\/wp-json\/wp\/v2\/types\/page"}],"author":[{"embeddable":true,"href":"https:\/\/www.electroluxprofessional.com\/la\/wp-json\/wp\/v2\/users\/23"}],"replies":[{"embeddable":true,"href":"https:\/\/www.electroluxprofessional.com\/la\/wp-json\/wp\/v2\/comments?post=3964"}],"version-history":[{"count":9,"href":"https:\/\/www.electroluxprofessional.com\/la\/wp-json\/wp\/v2\/pages\/3964\/revisions"}],"predecessor-version":[{"id":14634,"href":"https:\/\/www.electroluxprofessional.com\/la\/wp-json\/wp\/v2\/pages\/3964\/revisions\/14634"}],"wp:featuredmedia":[{"embeddable":true,"href":"https:\/\/www.electroluxprofessional.com\/la\/wp-json\/wp\/v2\/media\/4961"}],"wp:attachment":[{"href":"https:\/\/www.electroluxprofessional.com\/la\/wp-json\/wp\/v2\/media?parent=3964"}],"curies":[{"name":"wp","href":"https:\/\/api.w.org\/{rel}","templated":true}]}}