{"id":3946,"date":"2017-04-26T07:14:05","date_gmt":"2017-04-26T07:14:05","guid":{"rendered":"https:\/\/www.electroluxprofessional.com\/la\/?page_id=3946"},"modified":"2025-11-05T16:47:54","modified_gmt":"2025-11-05T16:47:54","slug":"retail","status":"publish","type":"page","link":"https:\/\/www.electroluxprofessional.com\/la\/retail\/","title":{"rendered":"Retail"},"content":{"rendered":"<p>[vc_row full_width=&#8221;electroluxpro-full-width-no-padding&#8221; equal_height=&#8221;yes&#8221;][vc_column reveal_effect=&#8221;&#8221; width=&#8221;1\/2&#8243;][elx_citation name=&#8221;Kenneth Vansina, Head of Customer Experience&#8221; company=&#8221;Makro Cash &amp; Carry Belgium&#8221;][elx_heading font_size=&#8221;h2&#8243; text_color=&#8221;inherit&#8221;]Como gran jugador en el mercado minorista, estamos trabajando constantemente para sorprender a nuestros clientes, para ofrecerles algo m\u00e1s. Al integrar un Punto Libero en cada uno de nuestros 15 puntos de venta, hemos mejorado nuestras experiencias en la tienda. Ahora, adem\u00e1s de ofrecer ingredientes de alta calidad, tambi\u00e9n ofrecemos inspiraci\u00f3n.[\/elx_heading][\/elx_citation][\/vc_column][vc_column reveal_effect=&#8221;&#8221; width=&#8221;1\/2&#8243;][elx_image_block background_image=&#8221;326&#8243; vert_back_position=&#8221;top&#8221; minimum_height=&#8221;700px&#8221;][\/vc_column][\/vc_row][vc_row][vc_column][vc_empty_space height=&#8221;50px&#8221;][\/vc_column][\/vc_row][vc_row][vc_column][elx_heading font_container=&#8221;h1&#8243; font_size=&#8221;h2&#8243; text_color=&#8221;retail&#8221; text_align=&#8221;text-center&#8221;]Soluciones de servicio de alimentos para negocios minoristas de abarrotes.[\/elx_heading][\/vc_column][\/vc_row][vc_row][vc_column][vc_empty_space][\/vc_column][\/vc_row][vc_row css=&#8221;.vc_custom_1465562028814{padding-bottom: 30px !important;}&#8221;][vc_column width=&#8221;1\/2&#8243;][elx_image_block background_image=&#8221;548&#8243; vert_back_position=&#8221;top&#8221; minimum_height=&#8221;600px&#8221;][\/vc_column][vc_column width=&#8221;1\/2&#8243;][elx_heading font_size=&#8221;h2&#8243; text_color=&#8221;inherit&#8221;]NaturaS\u00ec[\/elx_heading][elx_heading font_container=&#8221;h4&#8243; font_size=&#8221;h4&#8243; text_color=&#8221;inherit&#8221;]Abre su primer bio-bistr\u00f3 con Electrolux Professional[\/elx_heading][vc_column_text]En el centro de Treviso, Italia, a pocos pasos de la Plaza Vittoria, encontrar\u00e1s NaturaSi: la cadena de supermercados que se centra exclusivamente en productos\u00a0biol\u00f3gicos.<\/p>\n<p><em>&#8220;Nuestro objetivo es llevar este concepto a otras ciudades, tanto Italianas como Europeas, incluso con la ayuda de Electrolux Professional, socio t\u00e9cnico que ha logrado traducir nuestros requisitos en un espacio peque\u00f1o pero completo al mismo tiempo&#8221;.<\/em><\/p>\n<p><strong>Andrea Frizzarin<\/strong>,\u00a0Gerente de Desarrollo de Negocios<\/p>\n<p>[\/vc_column_text][\/vc_column][\/vc_row][vc_row css=&#8221;.vc_custom_1465562028814{padding-bottom: 30px !important;}&#8221;][vc_column width=&#8221;1\/2&#8243;][elx_heading font_size=&#8221;h2&#8243; text_color=&#8221;inherit&#8221;]Eataly[\/elx_heading][elx_heading font_container=&#8221;h4&#8243; font_size=&#8221;h4&#8243; text_color=&#8221;inherit&#8221;]\u00a1Nunca cambies un equipo ganador![\/elx_heading][vc_column_text]Este es el lema que mejor expresa la asociaci<span lang=\"es\">\u00f3n de Electrolux Professional y Eataly, dos empresas que basan todas sus actividades en el principio de excelencia. <\/span><\/p>\n<p>La cooperaci\u00f3n comenz\u00f3 en el\u00a02007, cuando Eataly comprendi\u00f3 que Electrolux Professional podr\u00eda representar no solo un proveedor e interlocutor \u00fanico, sino, sobre todo, un socio t\u00e9cnico capaz de satisfacer todas sus necesidades.[\/vc_column_text][elx_button button_text=&#8221;Cadenas: \u00bfC\u00f3mo hacemos la diferencia?&#8221; button_link=&#8221;url:https%3A%2F%2Fwww.electroluxprofessional.com%2Fyour-business%2Frestaurant-chains%2F|||&#8221;][\/vc_column][vc_column width=&#8221;1\/2&#8243;][elx_image_block background_image=&#8221;332&#8243; minimum_height=&#8221;500px&#8221;][\/vc_column][\/vc_row][vc_row][vc_column][vc_empty_space height=&#8221;50px&#8221;][\/vc_column][\/vc_row][vc_row][vc_column][elx_heading font_size=&#8221;h3&#8243; text_color=&#8221;inherit&#8221; text_align=&#8221;text-center&#8221;]Soluciones y sugerencias para su negocio minorista.[\/elx_heading][\/vc_column][\/vc_row][vc_row][vc_column width=&#8221;1\/2&#8243;][vc_single_image image=&#8221;2546&#8243; img_size=&#8221;full&#8221; alignment=&#8221;center&#8221;][elx_simple_block][vc_single_image image=&#8221;2547&#8243; img_size=&#8221;full&#8221;][elx_heading font_container=&#8221;h3&#8243; font_size=&#8221;h3&#8243; text_color=&#8221;inherit&#8221;]Cook &amp; Chill Station[\/elx_heading][vc_column_text]<strong>Desde la tradici\u00f3n a las nuevas tendencias alimentarias<\/strong><br \/>\nLa solucion \u00fanica para maximizar el sabor de in men\u00fa tradicional en su esquina de delicatessen, incluida la posibilidad de explorer y ampliar f\u00e1cilmente su variedad de\u00a0men\u00fa, sin agregar nuevos equipos de cocina.<\/p>\n<p><strong>Garant\u00eda de resultados consistentes<br \/>\n<\/strong>M<span class=\"megaexamples-highlight\">\u00e1xima replicabilidad y rendimiento gracias a una atm\u00f3sfera de cocci\u00f3n y enfriamiento autom\u00e1tica y equilibrada con una interfaz simplificada para una\u00a0f\u00e1cil selecci\u00f3n. Con la l\u00ednea de contacto de air-o-steam y air-o-chill, la consistencia en sus resultados nunca ha sido tan f\u00e1cil. <\/span><\/p>\n<p><strong>M<span class=\"megaexamples-highlight\">\u00e1xima\u00a0rentabilidad en menos de 1 m2.\u00a0<\/span><br \/>\n<\/strong>La torre de <span class=\"megaexamples-highlight\">cocci\u00f3n y enfriamiento con capucha inodora de Electrolux es la soluci\u00f3n perfecta para ayudarlo en su trabajo diario: el Sistema le brinda la posibilidad de aumentar su rentabilidad al reducer el tiempo de cocci\u00f3n y enfriamiento, aumentar la vida \u00fatil de los alimentos y reducer el desperdicio de alimentos y\u00a0la p\u00e9rdida de peso. Nuestro Electrolux Chef Academy le brindar\u00e1 todo el apoyo para optimizer su flujo de trabajo incluso en cocinas de espacio reducido.<\/span>[\/vc_column_text][\/elx_simple_block][\/vc_column][vc_column width=&#8221;1\/2&#8243;][vc_row_inner][vc_column_inner offset=&#8221;vc_hidden-sm vc_hidden-xs&#8221;][vc_empty_space height=&#8221;186px&#8221;][\/vc_column_inner][\/vc_row_inner][vc_single_image image=&#8221;2548&#8243; img_size=&#8221;full&#8221; alignment=&#8221;center&#8221;][elx_simple_block][vc_single_image image=&#8221;2549&#8243; img_size=&#8221;full&#8221;][elx_heading font_container=&#8221;h3&#8243; font_size=&#8221;h3&#8243; text_color=&#8221;inherit&#8221;]Estaci\u00f3n de Preparaci\u00f3n de Sandwich[\/elx_heading][vc_column_text]<strong>El m\u00e1s r\u00e1pido nunca ha sabido tan bien<br \/>\n<\/strong>Sandwiches y bocadillos calientes gracias a SpeeDelight en\u00a0<strong>30 segundos: <\/strong>hasta 6 veces m\u00e1s r\u00e1pido que los electrodom\u00e9sticos <span class=\"megaexamples-highlight\">est\u00e1ndar gracias a la combinaci\u00f3n de 3 tecnologias de cocci\u00f3n diferentes.<\/span><\/p>\n<p><strong><span class=\"megaexamples-highlight\">Estaci\u00f3n compacta<\/span><br \/>\n<\/strong>En un peque\u00f1o espacio, todo lo que necesita para preparer sus sandwiches y asarlos: cortar, mezclar, almacenar y asar.<\/p>\n<p><strong>Ideas que coinciden<\/strong><strong><br \/>\n<\/strong>Con SpeeDelight, puedes dejar volar tu imaginaci\u00f3n gracias a la variedad de programas de cocina personalizables que comienzan con solo presionar un bot\u00f3n.[\/vc_column_text][\/elx_simple_block][\/vc_column][\/vc_row][vc_row][vc_column][elx_heading font_size=&#8221;h3&#8243; text_color=&#8221;inherit&#8221; text_align=&#8221;text-center&#8221;]Nuestras soluciones para su negocio minorista.[\/elx_heading][\/vc_column][\/vc_row][vc_row css=&#8221;.vc_custom_1483966760851{padding-top: 20px !important;padding-bottom: 20px !important;}&#8221;][vc_column width=&#8221;1\/3&#8243;][elx_image_block background_image=&#8221;423&#8243; minimum_height=&#8221;240px&#8221;][elx_heading font_container=&#8221;h3&#8243; text_color=&#8221;inherit&#8221; text_align=&#8221;text-left&#8221;]L\u00ednea Libero [\/elx_heading][vc_column_text]Concepto de cocina frontal. Servir a todos, en todas partes.<br \/>\nPrepare <strong>platos <\/strong><span class=\"megaexamples-highlight\"><strong>r\u00e1pidos<\/strong> <strong>para llevar y tambien para cenar<\/strong>. Todo, desde bocadillos simples hasta comidas preparadas. <\/span>[\/vc_column_text][\/vc_column][vc_column width=&#8221;1\/3&#8243;][elx_image_block background_image=&#8221;1290&#8243; minimum_height=&#8221;240px&#8221;][elx_heading font_container=&#8221;h3&#8243; text_color=&#8221;inherit&#8221;]Gamas de Cocina [\/elx_heading][vc_column_text]Una amplia gama de posibilidades para satisfacer sus necesidades: desde dispositivos de alta productividad hasta soluciones muy compactas, garantizando siempre <strong>altos est\u00e1ndares de calidad y funciones \u00fanicas<\/strong>.[\/vc_column_text][\/vc_column][vc_column width=&#8221;1\/3&#8243;][elx_image_block background_image=&#8221;2545&#8243; minimum_height=&#8221;240px&#8221;][elx_heading font_container=&#8221;h3&#8243; text_color=&#8221;inherit&#8221;]Preparaci\u00f3n din\u00e1mica[\/elx_heading][vc_column_text]<strong>Corte, mezcle y rebane<\/strong> con nuestra gama de rebanadoras de verduras, procesadoras de alimentos, mezcladoras, picadoras de carne, rebanadoras y picadoras.[\/vc_column_text][\/vc_column][\/vc_row][vc_row][vc_column][vc_empty_space height=&#8221;50px&#8221;][\/vc_column][\/vc_row][vc_row][vc_column][elx_heading font_size=&#8221;h2&#8243; text_color=&#8221;inherit&#8221; text_align=&#8221;text-center&#8221;]P\u00f3ngase en contacto con nuestros expertos[\/elx_heading][elx_o2000_contact_us r=&#8221;Solicitud de informaci\u00f3n sobre soluciones para el mercado minorista.&#8221; s=&#8221;&#8221; container=&#8221;elxcontactus1466430938&#8243;][vc_empty_space height=&#8221;50px&#8221;][\/vc_column][\/vc_row]<\/p>\n","protected":false},"excerpt":{"rendered":"<p>[vc_row full_width=&#8221;electroluxpro-full-width-no-padding&#8221; equal_height=&#8221;yes&#8221;][vc_column reveal_effect=&#8221;&#8221; width=&#8221;1\/2&#8243;][elx_citation name=&#8221;Kenneth Vansina, Head of Customer Experience&#8221; company=&#8221;Makro Cash &amp; Carry Belgium&#8221;][elx_heading font_size=&#8221;h2&#8243; text_color=&#8221;inherit&#8221;]Como gran jugador en el mercado minorista, estamos trabajando constantemente para sorprender a nuestros clientes, para ofrecerles algo m\u00e1s. Al integrar un Punto Libero en cada uno de nuestros 15 puntos de venta, hemos mejorado nuestras experiencias en [&hellip;]<\/p>\n","protected":false},"author":23,"featured_media":4908,"parent":0,"menu_order":0,"comment_status":"closed","ping_status":"closed","template":"","meta":{"footnotes":""},"class_list":["post-3946","page","type-page","status-publish","has-post-thumbnail","hentry"],"acf":[],"yoast_head":"<!-- This site is optimized with the Yoast SEO plugin v23.3 - https:\/\/yoast.com\/wordpress\/plugins\/seo\/ -->\n<title>Retail - Electrolux Professional Latin America<\/title>\n<meta name=\"description\" content=\"Como gran jugador en el mercado minorista, estamos trabajando constantemente para sorprender a nuestros clients, para ofrecerles algo m\u00e1s. Al integrar un Punto Libero en cada uno de nuestros 15 puntos de venta, hemos mejorado nuestras experiencias en la tienda. Ahora, adem\u00e1s de ofrecer ingredients de alta calidad.\" \/>\n<meta name=\"robots\" content=\"index, follow, max-snippet:-1, max-image-preview:large, max-video-preview:-1\" \/>\n<link rel=\"canonical\" href=\"https:\/\/www.electroluxprofessional.com\/la\/retail\/\" \/>\n<meta property=\"og:locale\" content=\"es_MX\" \/>\n<meta property=\"og:type\" content=\"article\" \/>\n<meta property=\"og:title\" content=\"Retail - Electrolux Professional Latin America\" \/>\n<meta property=\"og:description\" content=\"Como gran jugador en el mercado minorista, estamos trabajando constantemente para sorprender a nuestros clients, para ofrecerles algo m\u00e1s. Al integrar un Punto Libero en cada uno de nuestros 15 puntos de venta, hemos mejorado nuestras experiencias en la tienda. Ahora, adem\u00e1s de ofrecer ingredients de alta calidad.\" \/>\n<meta property=\"og:url\" content=\"https:\/\/www.electroluxprofessional.com\/la\/retail\/\" \/>\n<meta property=\"og:site_name\" content=\"Electrolux Professional Latin America\" \/>\n<meta property=\"article:modified_time\" content=\"2025-11-05T16:47:54+00:00\" \/>\n<meta property=\"og:image\" content=\"https:\/\/www.electroluxprofessional.com\/la\/wp-content\/uploads\/2018\/11\/retail.jpg\" \/>\n\t<meta property=\"og:image:width\" content=\"554\" \/>\n\t<meta property=\"og:image:height\" content=\"600\" \/>\n\t<meta property=\"og:image:type\" content=\"image\/jpeg\" \/>\n<meta name=\"twitter:card\" content=\"summary_large_image\" \/>\n<meta name=\"twitter:label1\" content=\"Tiempo de lectura\" \/>\n\t<meta name=\"twitter:data1\" content=\"4 minutos\" \/>\n<script type=\"application\/ld+json\" class=\"yoast-schema-graph\">{\"@context\":\"https:\/\/schema.org\",\"@graph\":[{\"@type\":\"WebPage\",\"@id\":\"https:\/\/www.electroluxprofessional.com\/la\/retail\/\",\"url\":\"https:\/\/www.electroluxprofessional.com\/la\/retail\/\",\"name\":\"Retail - Electrolux Professional Latin America\",\"isPartOf\":{\"@id\":\"https:\/\/www.electroluxprofessional.com\/la\/#website\"},\"primaryImageOfPage\":{\"@id\":\"https:\/\/www.electroluxprofessional.com\/la\/retail\/#primaryimage\"},\"image\":{\"@id\":\"https:\/\/www.electroluxprofessional.com\/la\/retail\/#primaryimage\"},\"thumbnailUrl\":\"https:\/\/www.electroluxprofessional.com\/la\/wp-content\/uploads\/2018\/11\/retail.jpg\",\"datePublished\":\"2017-04-26T07:14:05+00:00\",\"dateModified\":\"2025-11-05T16:47:54+00:00\",\"description\":\"Como gran jugador en el mercado minorista, estamos trabajando constantemente para sorprender a nuestros clients, para ofrecerles algo m\u00e1s. Al integrar un Punto Libero en cada uno de nuestros 15 puntos de venta, hemos mejorado nuestras experiencias en la tienda. Ahora, adem\u00e1s de ofrecer ingredients de alta calidad.\",\"breadcrumb\":{\"@id\":\"https:\/\/www.electroluxprofessional.com\/la\/retail\/#breadcrumb\"},\"inLanguage\":\"es\",\"potentialAction\":[{\"@type\":\"ReadAction\",\"target\":[\"https:\/\/www.electroluxprofessional.com\/la\/retail\/\"]}]},{\"@type\":\"ImageObject\",\"inLanguage\":\"es\",\"@id\":\"https:\/\/www.electroluxprofessional.com\/la\/retail\/#primaryimage\",\"url\":\"https:\/\/www.electroluxprofessional.com\/la\/wp-content\/uploads\/2018\/11\/retail.jpg\",\"contentUrl\":\"https:\/\/www.electroluxprofessional.com\/la\/wp-content\/uploads\/2018\/11\/retail.jpg\",\"width\":554,\"height\":600,\"caption\":\"Retail\"},{\"@type\":\"BreadcrumbList\",\"@id\":\"https:\/\/www.electroluxprofessional.com\/la\/retail\/#breadcrumb\",\"itemListElement\":[{\"@type\":\"ListItem\",\"position\":1,\"name\":\"Home\",\"item\":\"https:\/\/www.electroluxprofessional.com\/la\/\"},{\"@type\":\"ListItem\",\"position\":2,\"name\":\"Retail\"}]},{\"@type\":\"WebSite\",\"@id\":\"https:\/\/www.electroluxprofessional.com\/la\/#website\",\"url\":\"https:\/\/www.electroluxprofessional.com\/la\/\",\"name\":\"Electrolux Professional Latin America\",\"description\":\"Equipamiento cocinas profesionales y lavander\u00edas comerciales. Excelencia en el suministro de soluciones profesionales.\",\"potentialAction\":[{\"@type\":\"SearchAction\",\"target\":{\"@type\":\"EntryPoint\",\"urlTemplate\":\"https:\/\/www.electroluxprofessional.com\/la\/?src={search_term_string}\"},\"query-input\":\"required name=search_term_string\"}],\"inLanguage\":\"es\"}]}<\/script>\n<!-- \/ Yoast SEO plugin. -->","yoast_head_json":{"title":"Retail - Electrolux Professional Latin America","description":"Como gran jugador en el mercado minorista, estamos trabajando constantemente para sorprender a nuestros clients, para ofrecerles algo m\u00e1s. Al integrar un Punto Libero en cada uno de nuestros 15 puntos de venta, hemos mejorado nuestras experiencias en la tienda. Ahora, adem\u00e1s de ofrecer ingredients de alta calidad.","robots":{"index":"index","follow":"follow","max-snippet":"max-snippet:-1","max-image-preview":"max-image-preview:large","max-video-preview":"max-video-preview:-1"},"canonical":"https:\/\/www.electroluxprofessional.com\/la\/retail\/","og_locale":"es_MX","og_type":"article","og_title":"Retail - Electrolux Professional Latin America","og_description":"Como gran jugador en el mercado minorista, estamos trabajando constantemente para sorprender a nuestros clients, para ofrecerles algo m\u00e1s. Al integrar un Punto Libero en cada uno de nuestros 15 puntos de venta, hemos mejorado nuestras experiencias en la tienda. Ahora, adem\u00e1s de ofrecer ingredients de alta calidad.","og_url":"https:\/\/www.electroluxprofessional.com\/la\/retail\/","og_site_name":"Electrolux Professional Latin America","article_modified_time":"2025-11-05T16:47:54+00:00","og_image":[{"width":554,"height":600,"url":"https:\/\/www.electroluxprofessional.com\/la\/wp-content\/uploads\/2018\/11\/retail.jpg","type":"image\/jpeg"}],"twitter_card":"summary_large_image","twitter_misc":{"Tiempo de lectura":"4 minutos"},"schema":{"@context":"https:\/\/schema.org","@graph":[{"@type":"WebPage","@id":"https:\/\/www.electroluxprofessional.com\/la\/retail\/","url":"https:\/\/www.electroluxprofessional.com\/la\/retail\/","name":"Retail - Electrolux Professional Latin America","isPartOf":{"@id":"https:\/\/www.electroluxprofessional.com\/la\/#website"},"primaryImageOfPage":{"@id":"https:\/\/www.electroluxprofessional.com\/la\/retail\/#primaryimage"},"image":{"@id":"https:\/\/www.electroluxprofessional.com\/la\/retail\/#primaryimage"},"thumbnailUrl":"https:\/\/www.electroluxprofessional.com\/la\/wp-content\/uploads\/2018\/11\/retail.jpg","datePublished":"2017-04-26T07:14:05+00:00","dateModified":"2025-11-05T16:47:54+00:00","description":"Como gran jugador en el mercado minorista, estamos trabajando constantemente para sorprender a nuestros clients, para ofrecerles algo m\u00e1s. Al integrar un Punto Libero en cada uno de nuestros 15 puntos de venta, hemos mejorado nuestras experiencias en la tienda. Ahora, adem\u00e1s de ofrecer ingredients de alta calidad.","breadcrumb":{"@id":"https:\/\/www.electroluxprofessional.com\/la\/retail\/#breadcrumb"},"inLanguage":"es","potentialAction":[{"@type":"ReadAction","target":["https:\/\/www.electroluxprofessional.com\/la\/retail\/"]}]},{"@type":"ImageObject","inLanguage":"es","@id":"https:\/\/www.electroluxprofessional.com\/la\/retail\/#primaryimage","url":"https:\/\/www.electroluxprofessional.com\/la\/wp-content\/uploads\/2018\/11\/retail.jpg","contentUrl":"https:\/\/www.electroluxprofessional.com\/la\/wp-content\/uploads\/2018\/11\/retail.jpg","width":554,"height":600,"caption":"Retail"},{"@type":"BreadcrumbList","@id":"https:\/\/www.electroluxprofessional.com\/la\/retail\/#breadcrumb","itemListElement":[{"@type":"ListItem","position":1,"name":"Home","item":"https:\/\/www.electroluxprofessional.com\/la\/"},{"@type":"ListItem","position":2,"name":"Retail"}]},{"@type":"WebSite","@id":"https:\/\/www.electroluxprofessional.com\/la\/#website","url":"https:\/\/www.electroluxprofessional.com\/la\/","name":"Electrolux Professional Latin America","description":"Equipamiento cocinas profesionales y lavander\u00edas comerciales. Excelencia en el suministro de soluciones profesionales.","potentialAction":[{"@type":"SearchAction","target":{"@type":"EntryPoint","urlTemplate":"https:\/\/www.electroluxprofessional.com\/la\/?src={search_term_string}"},"query-input":"required name=search_term_string"}],"inLanguage":"es"}]}},"_links":{"self":[{"href":"https:\/\/www.electroluxprofessional.com\/la\/wp-json\/wp\/v2\/pages\/3946"}],"collection":[{"href":"https:\/\/www.electroluxprofessional.com\/la\/wp-json\/wp\/v2\/pages"}],"about":[{"href":"https:\/\/www.electroluxprofessional.com\/la\/wp-json\/wp\/v2\/types\/page"}],"author":[{"embeddable":true,"href":"https:\/\/www.electroluxprofessional.com\/la\/wp-json\/wp\/v2\/users\/23"}],"replies":[{"embeddable":true,"href":"https:\/\/www.electroluxprofessional.com\/la\/wp-json\/wp\/v2\/comments?post=3946"}],"version-history":[{"count":13,"href":"https:\/\/www.electroluxprofessional.com\/la\/wp-json\/wp\/v2\/pages\/3946\/revisions"}],"predecessor-version":[{"id":16688,"href":"https:\/\/www.electroluxprofessional.com\/la\/wp-json\/wp\/v2\/pages\/3946\/revisions\/16688"}],"wp:featuredmedia":[{"embeddable":true,"href":"https:\/\/www.electroluxprofessional.com\/la\/wp-json\/wp\/v2\/media\/4908"}],"wp:attachment":[{"href":"https:\/\/www.electroluxprofessional.com\/la\/wp-json\/wp\/v2\/media?parent=3946"}],"curies":[{"name":"wp","href":"https:\/\/api.w.org\/{rel}","templated":true}]}}