{"id":3836,"date":"2017-04-18T15:33:07","date_gmt":"2017-04-18T15:33:07","guid":{"rendered":"https:\/\/www.electroluxprofessional.com\/la\/?page_id=3836"},"modified":"2018-11-12T19:54:54","modified_gmt":"2018-11-12T19:54:54","slug":"sistema-de-dosificacion-eficiente","status":"publish","type":"page","link":"https:\/\/www.electroluxprofessional.com\/la\/sistema-de-dosificacion-eficiente\/","title":{"rendered":"Sistema de Dosificaci\u00f3n Eficiente"},"content":{"rendered":"<p>[vc_row full_width=&#8221;electroluxpro-full-width-no-padding&#8221;][vc_column][elx_hero_slider label_text_color=&#8221;inherit&#8221; images=&#8221;815&#8243;][elx_heading font_container=&#8221;h1&#8243; font_size=&#8221;h3&#8243; text_color=&#8221;inherit&#8221;]Sistema de Dosificaci\u00f3n Eficiente[\/elx_heading][vc_column_text]<\/p>\n<h4>Ahorra hasta un 40% en detergente.<\/h4>\n<h4>Mejor para la ropa, mejor para tu bolsillo.<\/h4>\n<p>[\/vc_column_text][\/elx_hero_slider][\/vc_column][\/vc_row][vc_row][vc_column][vc_empty_space height=&#8221;50px&#8221;][\/vc_column][\/vc_row][vc_row][vc_column width=&#8221;1\/2&#8243;][vc_empty_space][elx_heading font_container=&#8221;h3&#8243; font_size=&#8221;h3&#8243; text_color=&#8221;inherit&#8221; css=&#8221;.vc_custom_1492589607676{margin-bottom: 0px !important;border-bottom-width: 0px !important;padding-bottom: 0px !important;}&#8221;]Haz crecer tu negocio con ahorros significativos[\/elx_heading][vc_empty_space][vc_column_text]Con el Sistema de Dosificaci\u00f3n Eficiente de Electrolux Professional, tu lavander\u00eda ser\u00e1 m\u00e1s rentable que nunca.<\/p>\n<p>Control total del proceso de lavado y resultados garantizados. Se acab\u00f3 la ropa da\u00f1ada o las irritaciones en la piel ocasionadas por el uso excesivo de detergente.[\/vc_column_text][\/vc_column][vc_column width=&#8221;1\/2&#8243;][vc_single_image image=&#8221;813&#8243; img_size=&#8221;full&#8221;][\/vc_column][\/vc_row][vc_row][vc_column][vc_empty_space height=&#8221;50px&#8221;][elx_heading font_size=&#8221;h3&#8243; text_color=&#8221;inherit&#8221;]El Sistema de Dosificaci\u00f3n Eficiente garantiza los mejores resultados de lavado con menor coste por ciclo.[\/elx_heading][\/vc_column][\/vc_row][vc_row content_placement=&#8221;middle&#8221;][vc_column width=&#8221;1\/2&#8243; css=&#8221;.vc_custom_1473755632352{padding-top: 50px !important;}&#8221;][vc_column_text]<\/p>\n<h4>Saber el peso exacto es crucial<\/h4>\n<p>El Sistema de Ahorro Autom\u00e1tico determina el peso de la ropa al principio de cada ciclo y agrega la cantidad correcta de agua.<\/p>\n<h4>El Sistema de Dosificaci\u00f3n Eficiente<\/h4>\n<p>Permite que la lavadora y los dispensadores de detergente se comuniquen eficazmente y calculen la cantidad exacta de detergente basadas en el peso de la ropa y el programa de lavado seleccionado.<\/p>\n<h4>Estad\u00edsticas y control de costes<\/h4>\n<p>El sistema tambi\u00e9n te da acceso a estad\u00edsticas para ayudarte a controlar los costos por medio de una conexi\u00f3n USB.[\/vc_column_text][\/vc_column][vc_column width=&#8221;1\/2&#8243; css=&#8221;.vc_custom_1473758266855{padding-top: 50px !important;}&#8221;][vc_single_image image=&#8221;814&#8243; img_size=&#8221;full&#8221;][\/vc_column][\/vc_row][vc_row][vc_column][vc_empty_space height=&#8221;50px&#8221;][\/vc_column][\/vc_row][vc_row][vc_column width=&#8221;1\/3&#8243;][elx_download_block text=&#8221; Folleto Sistema de Dosificaci\u00f3n&#8221; link=&#8221;files.professional.electrolux.com\/docs\/?n=CLF-9JE00056&amp;b=5&amp;l=4&#8243; reveal_effect=&#8221;&#8221; reveal_duration=&#8221;&#8221; reveal_delay=&#8221;&#8221;][\/vc_column][vc_column width=&#8221;1\/3&#8243;][elx_download_block text=&#8221;Ficha de producto&#8221; link=&#8221;http:\/\/tools.professional.electrolux.com\/Mirror\/Doc\/ELS\/PDS\/PS_438919468EN_EDS%20Efficient%20Dosing%20System_EN.pdf&#8221; reveal_effect=&#8221;&#8221; reveal_duration=&#8221;&#8221; reveal_delay=&#8221;&#8221;][\/vc_column][vc_column width=&#8221;1\/3&#8243;][elx_video_block background_image=&#8221;2530&#8243; video_link=&#8221;https:\/\/www.youtube.com\/watch?v=6-wCdqDR9I8&#8243; minimum_height=&#8221;260px&#8221;][vc_column_text]<\/p>\n<div id=\"watch7-headline\" class=\"clearfix\">\n<div id=\"watch-headline-title\">\n<p class=\"watch-title-container\"><span id=\"eow-title\" class=\"watch-title\" dir=\"ltr\" title=\"Save up to 40% on detergent costs with Efficient Dosing\">Sistema de Dosificaci\u00f3n Eficiente<\/span><\/p>\n<\/div>\n<\/div>\n<p>[\/vc_column_text][\/vc_column][\/vc_row][vc_row][vc_column][elx_heading text_color=&#8221;inherit&#8221; text_align=&#8221;text-center&#8221;]Descubre lo que el Sistema de Dosificaci\u00f3n puede hacer por tu negocio[\/elx_heading][elx_o2000_contact_us r=&#8221;Me gustar\u00eda tener m\u00e1s informaci\u00f3n sobre el Sistema de Dosificaci\u00f3n Eficiente. Por favor, contacten conmigo.&#8221; s=&#8221;Petici\u00f3n de informaci\u00f3n sobre el Sistema de Dosificiaci\u00f3n Eficiente&#8221; l=&#8221;es-la&#8221; b=&#8221;laundry&#8221; container=&#8221;elxcontactus1473756279&#8243;][vc_empty_space height=&#8221;50px&#8221;][\/vc_column][\/vc_row][vc_row][vc_column][elx_heading font_size=&#8221;h3&#8243; text_color=&#8221;inherit&#8221; text_align=&#8221;text-center&#8221;]Encuentra tu soluci\u00f3n completa[\/elx_heading][\/vc_column][\/vc_row][vc_row][vc_column width=&#8221;1\/3&#8243;][elx_maylike_box id_box=&#8221;2039&#8243;][\/vc_column][vc_column width=&#8221;1\/3&#8243;][elx_maylike_box id_box=&#8221;374&#8243;][\/vc_column][vc_column width=&#8221;1\/3&#8243;][elx_maylike_box id_box=&#8221;1279&#8243;][\/vc_column][\/vc_row][vc_row][vc_column][vc_empty_space height=&#8221;50px&#8221;][\/vc_column][\/vc_row]<\/p>\n","protected":false},"excerpt":{"rendered":"<p>[vc_row full_width=&#8221;electroluxpro-full-width-no-padding&#8221;][vc_column][elx_hero_slider label_text_color=&#8221;inherit&#8221; images=&#8221;815&#8243;][elx_heading font_container=&#8221;h1&#8243; font_size=&#8221;h3&#8243; text_color=&#8221;inherit&#8221;]Sistema de Dosificaci\u00f3n Eficiente[\/elx_heading][vc_column_text] Ahorra hasta un 40% en detergente. Mejor para la ropa, mejor para tu bolsillo. [\/vc_column_text][\/elx_hero_slider][\/vc_column][\/vc_row][vc_row][vc_column][vc_empty_space height=&#8221;50px&#8221;][\/vc_column][\/vc_row][vc_row][vc_column width=&#8221;1\/2&#8243;][vc_empty_space][elx_heading font_container=&#8221;h3&#8243; font_size=&#8221;h3&#8243; text_color=&#8221;inherit&#8221; css=&#8221;.vc_custom_1492589607676{margin-bottom: 0px !important;border-bottom-width: 0px !important;padding-bottom: 0px !important;}&#8221;]Haz crecer tu negocio con ahorros significativos[\/elx_heading][vc_empty_space][vc_column_text]Con el Sistema de Dosificaci\u00f3n Eficiente de Electrolux Professional, tu lavander\u00eda ser\u00e1 m\u00e1s [&hellip;]<\/p>\n","protected":false},"author":23,"featured_media":4957,"parent":0,"menu_order":0,"comment_status":"closed","ping_status":"closed","template":"","meta":{"footnotes":""},"class_list":["post-3836","page","type-page","status-publish","has-post-thumbnail","hentry"],"acf":[],"yoast_head":"<!-- This site is optimized with the Yoast SEO plugin v23.3 - https:\/\/yoast.com\/wordpress\/plugins\/seo\/ -->\n<title>Sistema de Dosificaci\u00f3n Eficiente - Electrolux Professional Latin America<\/title>\n<meta name=\"description\" content=\"Sistema de Dosificaci\u00f3n eficiente para ahorrar hasta 40% en detergente. Mejor para la ropa, mejor para tu bolsillo. Haz crecer tu negocio con ahorros significativos. Con el Sistema de Dosificaci\u00f3n efeciente de Electrolux Professional, tu lavander\u00eda ser\u00e1 m\u00e1s rentable que nunca.\" \/>\n<meta name=\"robots\" content=\"index, follow, max-snippet:-1, max-image-preview:large, max-video-preview:-1\" \/>\n<link rel=\"canonical\" href=\"https:\/\/www.electroluxprofessional.com\/la\/sistema-de-dosificacion-eficiente\/\" \/>\n<meta property=\"og:locale\" content=\"es_MX\" \/>\n<meta property=\"og:type\" content=\"article\" \/>\n<meta property=\"og:title\" content=\"Sistema de Dosificaci\u00f3n Eficiente - Electrolux Professional Latin America\" \/>\n<meta property=\"og:description\" content=\"Sistema de Dosificaci\u00f3n eficiente para ahorrar hasta 40% en detergente. Mejor para la ropa, mejor para tu bolsillo. Haz crecer tu negocio con ahorros significativos. Con el Sistema de Dosificaci\u00f3n efeciente de Electrolux Professional, tu lavander\u00eda ser\u00e1 m\u00e1s rentable que nunca.\" \/>\n<meta property=\"og:url\" content=\"https:\/\/www.electroluxprofessional.com\/la\/sistema-de-dosificacion-eficiente\/\" \/>\n<meta property=\"og:site_name\" content=\"Electrolux Professional Latin America\" \/>\n<meta property=\"article:modified_time\" content=\"2018-11-12T19:54:54+00:00\" \/>\n<meta property=\"og:image\" content=\"https:\/\/www.electroluxprofessional.com\/la\/wp-content\/uploads\/2018\/11\/Sistema-de-Dosificacion-Eficiente.jpg\" \/>\n\t<meta property=\"og:image:width\" content=\"591\" \/>\n\t<meta property=\"og:image:height\" content=\"563\" \/>\n\t<meta property=\"og:image:type\" content=\"image\/jpeg\" \/>\n<meta name=\"twitter:card\" content=\"summary_large_image\" \/>\n<meta name=\"twitter:label1\" content=\"Tiempo de lectura\" \/>\n\t<meta name=\"twitter:data1\" content=\"3 minutos\" \/>\n<script type=\"application\/ld+json\" class=\"yoast-schema-graph\">{\"@context\":\"https:\/\/schema.org\",\"@graph\":[{\"@type\":\"WebPage\",\"@id\":\"https:\/\/www.electroluxprofessional.com\/la\/sistema-de-dosificacion-eficiente\/\",\"url\":\"https:\/\/www.electroluxprofessional.com\/la\/sistema-de-dosificacion-eficiente\/\",\"name\":\"Sistema de Dosificaci\u00f3n Eficiente - Electrolux Professional Latin America\",\"isPartOf\":{\"@id\":\"https:\/\/www.electroluxprofessional.com\/la\/#website\"},\"primaryImageOfPage\":{\"@id\":\"https:\/\/www.electroluxprofessional.com\/la\/sistema-de-dosificacion-eficiente\/#primaryimage\"},\"image\":{\"@id\":\"https:\/\/www.electroluxprofessional.com\/la\/sistema-de-dosificacion-eficiente\/#primaryimage\"},\"thumbnailUrl\":\"https:\/\/www.electroluxprofessional.com\/la\/wp-content\/uploads\/2018\/11\/Sistema-de-Dosificacion-Eficiente.jpg\",\"datePublished\":\"2017-04-18T15:33:07+00:00\",\"dateModified\":\"2018-11-12T19:54:54+00:00\",\"description\":\"Sistema de Dosificaci\u00f3n eficiente para ahorrar hasta 40% en detergente. Mejor para la ropa, mejor para tu bolsillo. Haz crecer tu negocio con ahorros significativos. Con el Sistema de Dosificaci\u00f3n efeciente de Electrolux Professional, tu lavander\u00eda ser\u00e1 m\u00e1s rentable que nunca.\",\"breadcrumb\":{\"@id\":\"https:\/\/www.electroluxprofessional.com\/la\/sistema-de-dosificacion-eficiente\/#breadcrumb\"},\"inLanguage\":\"es\",\"potentialAction\":[{\"@type\":\"ReadAction\",\"target\":[\"https:\/\/www.electroluxprofessional.com\/la\/sistema-de-dosificacion-eficiente\/\"]}]},{\"@type\":\"ImageObject\",\"inLanguage\":\"es\",\"@id\":\"https:\/\/www.electroluxprofessional.com\/la\/sistema-de-dosificacion-eficiente\/#primaryimage\",\"url\":\"https:\/\/www.electroluxprofessional.com\/la\/wp-content\/uploads\/2018\/11\/Sistema-de-Dosificacion-Eficiente.jpg\",\"contentUrl\":\"https:\/\/www.electroluxprofessional.com\/la\/wp-content\/uploads\/2018\/11\/Sistema-de-Dosificacion-Eficiente.jpg\",\"width\":591,\"height\":563,\"caption\":\"Sistema de Dosificaci\u00f3n Eficiente\"},{\"@type\":\"BreadcrumbList\",\"@id\":\"https:\/\/www.electroluxprofessional.com\/la\/sistema-de-dosificacion-eficiente\/#breadcrumb\",\"itemListElement\":[{\"@type\":\"ListItem\",\"position\":1,\"name\":\"Home\",\"item\":\"https:\/\/www.electroluxprofessional.com\/la\/\"},{\"@type\":\"ListItem\",\"position\":2,\"name\":\"Sistema de Dosificaci\u00f3n Eficiente\"}]},{\"@type\":\"WebSite\",\"@id\":\"https:\/\/www.electroluxprofessional.com\/la\/#website\",\"url\":\"https:\/\/www.electroluxprofessional.com\/la\/\",\"name\":\"Electrolux Professional Latin America\",\"description\":\"Equipamiento cocinas profesionales y lavander\u00edas comerciales. Excelencia en el suministro de soluciones profesionales.\",\"potentialAction\":[{\"@type\":\"SearchAction\",\"target\":{\"@type\":\"EntryPoint\",\"urlTemplate\":\"https:\/\/www.electroluxprofessional.com\/la\/?src={search_term_string}\"},\"query-input\":\"required name=search_term_string\"}],\"inLanguage\":\"es\"}]}<\/script>\n<!-- \/ Yoast SEO plugin. -->","yoast_head_json":{"title":"Sistema de Dosificaci\u00f3n Eficiente - Electrolux Professional Latin America","description":"Sistema de Dosificaci\u00f3n eficiente para ahorrar hasta 40% en detergente. Mejor para la ropa, mejor para tu bolsillo. Haz crecer tu negocio con ahorros significativos. Con el Sistema de Dosificaci\u00f3n efeciente de Electrolux Professional, tu lavander\u00eda ser\u00e1 m\u00e1s rentable que nunca.","robots":{"index":"index","follow":"follow","max-snippet":"max-snippet:-1","max-image-preview":"max-image-preview:large","max-video-preview":"max-video-preview:-1"},"canonical":"https:\/\/www.electroluxprofessional.com\/la\/sistema-de-dosificacion-eficiente\/","og_locale":"es_MX","og_type":"article","og_title":"Sistema de Dosificaci\u00f3n Eficiente - Electrolux Professional Latin America","og_description":"Sistema de Dosificaci\u00f3n eficiente para ahorrar hasta 40% en detergente. Mejor para la ropa, mejor para tu bolsillo. Haz crecer tu negocio con ahorros significativos. Con el Sistema de Dosificaci\u00f3n efeciente de Electrolux Professional, tu lavander\u00eda ser\u00e1 m\u00e1s rentable que nunca.","og_url":"https:\/\/www.electroluxprofessional.com\/la\/sistema-de-dosificacion-eficiente\/","og_site_name":"Electrolux Professional Latin America","article_modified_time":"2018-11-12T19:54:54+00:00","og_image":[{"width":591,"height":563,"url":"https:\/\/www.electroluxprofessional.com\/la\/wp-content\/uploads\/2018\/11\/Sistema-de-Dosificacion-Eficiente.jpg","type":"image\/jpeg"}],"twitter_card":"summary_large_image","twitter_misc":{"Tiempo de lectura":"3 minutos"},"schema":{"@context":"https:\/\/schema.org","@graph":[{"@type":"WebPage","@id":"https:\/\/www.electroluxprofessional.com\/la\/sistema-de-dosificacion-eficiente\/","url":"https:\/\/www.electroluxprofessional.com\/la\/sistema-de-dosificacion-eficiente\/","name":"Sistema de Dosificaci\u00f3n Eficiente - Electrolux Professional Latin America","isPartOf":{"@id":"https:\/\/www.electroluxprofessional.com\/la\/#website"},"primaryImageOfPage":{"@id":"https:\/\/www.electroluxprofessional.com\/la\/sistema-de-dosificacion-eficiente\/#primaryimage"},"image":{"@id":"https:\/\/www.electroluxprofessional.com\/la\/sistema-de-dosificacion-eficiente\/#primaryimage"},"thumbnailUrl":"https:\/\/www.electroluxprofessional.com\/la\/wp-content\/uploads\/2018\/11\/Sistema-de-Dosificacion-Eficiente.jpg","datePublished":"2017-04-18T15:33:07+00:00","dateModified":"2018-11-12T19:54:54+00:00","description":"Sistema de Dosificaci\u00f3n eficiente para ahorrar hasta 40% en detergente. Mejor para la ropa, mejor para tu bolsillo. Haz crecer tu negocio con ahorros significativos. Con el Sistema de Dosificaci\u00f3n efeciente de Electrolux Professional, tu lavander\u00eda ser\u00e1 m\u00e1s rentable que nunca.","breadcrumb":{"@id":"https:\/\/www.electroluxprofessional.com\/la\/sistema-de-dosificacion-eficiente\/#breadcrumb"},"inLanguage":"es","potentialAction":[{"@type":"ReadAction","target":["https:\/\/www.electroluxprofessional.com\/la\/sistema-de-dosificacion-eficiente\/"]}]},{"@type":"ImageObject","inLanguage":"es","@id":"https:\/\/www.electroluxprofessional.com\/la\/sistema-de-dosificacion-eficiente\/#primaryimage","url":"https:\/\/www.electroluxprofessional.com\/la\/wp-content\/uploads\/2018\/11\/Sistema-de-Dosificacion-Eficiente.jpg","contentUrl":"https:\/\/www.electroluxprofessional.com\/la\/wp-content\/uploads\/2018\/11\/Sistema-de-Dosificacion-Eficiente.jpg","width":591,"height":563,"caption":"Sistema de Dosificaci\u00f3n Eficiente"},{"@type":"BreadcrumbList","@id":"https:\/\/www.electroluxprofessional.com\/la\/sistema-de-dosificacion-eficiente\/#breadcrumb","itemListElement":[{"@type":"ListItem","position":1,"name":"Home","item":"https:\/\/www.electroluxprofessional.com\/la\/"},{"@type":"ListItem","position":2,"name":"Sistema de Dosificaci\u00f3n Eficiente"}]},{"@type":"WebSite","@id":"https:\/\/www.electroluxprofessional.com\/la\/#website","url":"https:\/\/www.electroluxprofessional.com\/la\/","name":"Electrolux Professional Latin America","description":"Equipamiento cocinas profesionales y lavander\u00edas comerciales. Excelencia en el suministro de soluciones profesionales.","potentialAction":[{"@type":"SearchAction","target":{"@type":"EntryPoint","urlTemplate":"https:\/\/www.electroluxprofessional.com\/la\/?src={search_term_string}"},"query-input":"required name=search_term_string"}],"inLanguage":"es"}]}},"_links":{"self":[{"href":"https:\/\/www.electroluxprofessional.com\/la\/wp-json\/wp\/v2\/pages\/3836"}],"collection":[{"href":"https:\/\/www.electroluxprofessional.com\/la\/wp-json\/wp\/v2\/pages"}],"about":[{"href":"https:\/\/www.electroluxprofessional.com\/la\/wp-json\/wp\/v2\/types\/page"}],"author":[{"embeddable":true,"href":"https:\/\/www.electroluxprofessional.com\/la\/wp-json\/wp\/v2\/users\/23"}],"replies":[{"embeddable":true,"href":"https:\/\/www.electroluxprofessional.com\/la\/wp-json\/wp\/v2\/comments?post=3836"}],"version-history":[{"count":11,"href":"https:\/\/www.electroluxprofessional.com\/la\/wp-json\/wp\/v2\/pages\/3836\/revisions"}],"predecessor-version":[{"id":4866,"href":"https:\/\/www.electroluxprofessional.com\/la\/wp-json\/wp\/v2\/pages\/3836\/revisions\/4866"}],"wp:featuredmedia":[{"embeddable":true,"href":"https:\/\/www.electroluxprofessional.com\/la\/wp-json\/wp\/v2\/media\/4957"}],"wp:attachment":[{"href":"https:\/\/www.electroluxprofessional.com\/la\/wp-json\/wp\/v2\/media?parent=3836"}],"curies":[{"name":"wp","href":"https:\/\/api.w.org\/{rel}","templated":true}]}}