{"id":3809,"date":"2017-04-18T09:50:01","date_gmt":"2017-04-18T09:50:01","guid":{"rendered":"https:\/\/www.electroluxprofessional.com\/la\/?page_id=3809"},"modified":"2018-11-13T16:42:58","modified_gmt":"2018-11-13T16:42:58","slug":"maquinas-de-laboratorio","status":"publish","type":"page","link":"https:\/\/www.electroluxprofessional.com\/la\/maquinas-de-laboratorio\/","title":{"rendered":"M\u00e1quinas de Laboratorio"},"content":{"rendered":"<p>[vc_row full_width=&#8221;electroluxpro-full-width-no-padding&#8221;][vc_column][elx_hero_slider label_text_color=&#8221;inherit&#8221; images=&#8221;4782&#8243;][elx_heading font_container=&#8221;h1&#8243; font_size=&#8221;h3&#8243; text_color=&#8221;inherit&#8221;]M\u00e1quinas de Laboratorio[\/elx_heading][vc_column_text]<\/p>\n<h4>Electrolux Professional establece el est\u00e1ndar de lavado y secado en todo el mundo con un sistema integrado para laboratorios de pruebas.<\/h4>\n<p>[\/vc_column_text][\/elx_hero_slider][\/vc_column][\/vc_row][vc_row][vc_column][vc_empty_space][vc_column_text]<\/p>\n<h4>Con el lanzamiento de la secadora LAB, Electrolux Professional ofrece una soluci\u00f3n profesional completa para laboratorios de pruebas.<\/h4>\n<p>La nueva Secadora LAB de Electrolux Professional est\u00e1 dise\u00f1ada y desarrollada espec\u00edficamente para cumplir con el est\u00e1ndar ISO 6330.<\/p>\n<p>Junto con la lavadora de referencia Wascator hacen un d\u00fao imbatible: un sistema integrado para la realizaci\u00f3n de ensayos de telas y prendas de vestir.[\/vc_column_text][\/vc_column][\/vc_row][vc_row][vc_column width=&#8221;2\/3&#8243;][elx_image_block background_image=&#8221;877&#8243; minimum_height=&#8221;400px&#8221;][\/vc_column][vc_column width=&#8221;1\/3&#8243;][elx_image_block background_image=&#8221;4782&#8243; minimum_height=&#8221;400px&#8221;][\/vc_column][\/vc_row][vc_row][vc_column width=&#8221;2\/3&#8243;][vc_column_text]<\/p>\n<h3>Desde 1969<\/h3>\n<p>Desde 1969, la conocida Wascator FOM71 CLS es <strong>la m\u00e1quina de referencia para an\u00e1lisis de lavado<\/strong>\u00a0en la industria de electrodom\u00e9sticos y de pruebas textiles.<\/p>\n<p>Ahora, tiene la compa\u00f1era perfecta: <strong>la nueva secadora LAB <\/strong>que ofrece a los clientes &#8211; productores textiles, grandes retailers, laboratorios de pruebas de fibras y centros de pruebas &#8211; los mismas ventajas en t\u00e9rminos de durabilidad, precisi\u00f3n y fiabilidad.[\/vc_column_text][\/vc_column][vc_column width=&#8221;1\/3&#8243;][vc_empty_space][vc_single_image image=&#8221;879&#8243; img_size=&#8221;full&#8221; alignment=&#8221;right&#8221; style=&#8221;vc_box_circle_2&#8243;][\/vc_column][\/vc_row][vc_row][vc_column][elx_heading font_size=&#8221;h3&#8243; text_color=&#8221;inherit&#8221; text_align=&#8221;text-center&#8221;]Cumpliendo los est\u00e1ndares que necesitas, en lavado y secado[\/elx_heading][vc_empty_space][vc_single_image image=&#8221;2579&#8243; img_size=&#8221;full&#8221; alignment=&#8221;center&#8221; onclick=&#8221;img_link_large&#8221;][vc_empty_space height=&#8221;50px&#8221;][\/vc_column][\/vc_row][vc_row][vc_column][elx_heading text_color=&#8221;inherit&#8221; text_align=&#8221;text-center&#8221;]Descubre lo que las M\u00e1quinas de Laboratorio pueden hacer por tu negocio[\/elx_heading][elx_o2000_contact_us r=&#8221;Me gustar\u00eda tener m\u00e1s informaci\u00f3n sobre M\u00e1quinas de Laboratorio. Por favor, contacten conmigo.&#8221; s=&#8221;Petici\u00f3n de informaci\u00f3n sobre M\u00e1quinas de Laboratorio&#8221; l=&#8221;es-la&#8221; b=&#8221;laundry&#8221; container=&#8221;elxcontactus1478701232&#8243;][\/vc_column][\/vc_row][vc_row][vc_column][vc_empty_space height=&#8221;50px&#8221;][\/vc_column][\/vc_row]<\/p>\n","protected":false},"excerpt":{"rendered":"<p>[vc_row full_width=&#8221;electroluxpro-full-width-no-padding&#8221;][vc_column][elx_hero_slider label_text_color=&#8221;inherit&#8221; images=&#8221;4782&#8243;][elx_heading font_container=&#8221;h1&#8243; font_size=&#8221;h3&#8243; text_color=&#8221;inherit&#8221;]M\u00e1quinas de Laboratorio[\/elx_heading][vc_column_text] Electrolux Professional establece el est\u00e1ndar de lavado y secado en todo el mundo con un sistema integrado para laboratorios de pruebas. [\/vc_column_text][\/elx_hero_slider][\/vc_column][\/vc_row][vc_row][vc_column][vc_empty_space][vc_column_text] Con el lanzamiento de la secadora LAB, Electrolux Professional ofrece una soluci\u00f3n profesional completa para laboratorios de pruebas. La nueva Secadora LAB de Electrolux [&hellip;]<\/p>\n","protected":false},"author":23,"featured_media":4962,"parent":0,"menu_order":0,"comment_status":"closed","ping_status":"closed","template":"","meta":{"footnotes":""},"class_list":["post-3809","page","type-page","status-publish","has-post-thumbnail","hentry"],"acf":[],"yoast_head":"<!-- This site is optimized with the Yoast SEO plugin v23.3 - https:\/\/yoast.com\/wordpress\/plugins\/seo\/ -->\n<title>M\u00e1quinas de Laboratorio - Electrolux Professional Latin America<\/title>\n<meta name=\"description\" content=\"M\u00e1quinas de Laboratorio Electrolux Professional establece el est\u00e1ndar de lavado y secado en todo el mundo con un Sistema integrado para laboratorios de pruebas. Con el lanzamiento de la secadora LAB, Electrolux Professional ofrece una soluci\u00f3n professional complete para laboratorios de pruebas.\" \/>\n<meta name=\"robots\" content=\"index, follow, max-snippet:-1, max-image-preview:large, max-video-preview:-1\" \/>\n<link rel=\"canonical\" href=\"https:\/\/www.electroluxprofessional.com\/la\/maquinas-de-laboratorio\/\" \/>\n<meta property=\"og:locale\" content=\"es_MX\" \/>\n<meta property=\"og:type\" content=\"article\" \/>\n<meta property=\"og:title\" content=\"M\u00e1quinas de Laboratorio - Electrolux Professional Latin America\" \/>\n<meta property=\"og:description\" content=\"M\u00e1quinas de Laboratorio Electrolux Professional establece el est\u00e1ndar de lavado y secado en todo el mundo con un Sistema integrado para laboratorios de pruebas. Con el lanzamiento de la secadora LAB, Electrolux Professional ofrece una soluci\u00f3n professional complete para laboratorios de pruebas.\" \/>\n<meta property=\"og:url\" content=\"https:\/\/www.electroluxprofessional.com\/la\/maquinas-de-laboratorio\/\" \/>\n<meta property=\"og:site_name\" content=\"Electrolux Professional Latin America\" \/>\n<meta property=\"article:modified_time\" content=\"2018-11-13T16:42:58+00:00\" \/>\n<meta property=\"og:image\" content=\"https:\/\/www.electroluxprofessional.com\/la\/wp-content\/uploads\/2018\/11\/Maquinas-de-Laboratorio.jpg\" \/>\n\t<meta property=\"og:image:width\" content=\"358\" \/>\n\t<meta property=\"og:image:height\" content=\"397\" \/>\n\t<meta property=\"og:image:type\" content=\"image\/jpeg\" \/>\n<meta name=\"twitter:card\" content=\"summary_large_image\" \/>\n<meta name=\"twitter:label1\" content=\"Tiempo de lectura\" \/>\n\t<meta name=\"twitter:data1\" content=\"2 minutos\" \/>\n<script type=\"application\/ld+json\" class=\"yoast-schema-graph\">{\"@context\":\"https:\/\/schema.org\",\"@graph\":[{\"@type\":\"WebPage\",\"@id\":\"https:\/\/www.electroluxprofessional.com\/la\/maquinas-de-laboratorio\/\",\"url\":\"https:\/\/www.electroluxprofessional.com\/la\/maquinas-de-laboratorio\/\",\"name\":\"M\u00e1quinas de Laboratorio - Electrolux Professional Latin America\",\"isPartOf\":{\"@id\":\"https:\/\/www.electroluxprofessional.com\/la\/#website\"},\"primaryImageOfPage\":{\"@id\":\"https:\/\/www.electroluxprofessional.com\/la\/maquinas-de-laboratorio\/#primaryimage\"},\"image\":{\"@id\":\"https:\/\/www.electroluxprofessional.com\/la\/maquinas-de-laboratorio\/#primaryimage\"},\"thumbnailUrl\":\"https:\/\/www.electroluxprofessional.com\/la\/wp-content\/uploads\/2018\/11\/Maquinas-de-Laboratorio.jpg\",\"datePublished\":\"2017-04-18T09:50:01+00:00\",\"dateModified\":\"2018-11-13T16:42:58+00:00\",\"description\":\"M\u00e1quinas de Laboratorio Electrolux Professional establece el est\u00e1ndar de lavado y secado en todo el mundo con un Sistema integrado para laboratorios de pruebas. Con el lanzamiento de la secadora LAB, Electrolux Professional ofrece una soluci\u00f3n professional complete para laboratorios de pruebas.\",\"breadcrumb\":{\"@id\":\"https:\/\/www.electroluxprofessional.com\/la\/maquinas-de-laboratorio\/#breadcrumb\"},\"inLanguage\":\"es\",\"potentialAction\":[{\"@type\":\"ReadAction\",\"target\":[\"https:\/\/www.electroluxprofessional.com\/la\/maquinas-de-laboratorio\/\"]}]},{\"@type\":\"ImageObject\",\"inLanguage\":\"es\",\"@id\":\"https:\/\/www.electroluxprofessional.com\/la\/maquinas-de-laboratorio\/#primaryimage\",\"url\":\"https:\/\/www.electroluxprofessional.com\/la\/wp-content\/uploads\/2018\/11\/Maquinas-de-Laboratorio.jpg\",\"contentUrl\":\"https:\/\/www.electroluxprofessional.com\/la\/wp-content\/uploads\/2018\/11\/Maquinas-de-Laboratorio.jpg\",\"width\":358,\"height\":397,\"caption\":\"M\u00e1quinas de Laboratorio\"},{\"@type\":\"BreadcrumbList\",\"@id\":\"https:\/\/www.electroluxprofessional.com\/la\/maquinas-de-laboratorio\/#breadcrumb\",\"itemListElement\":[{\"@type\":\"ListItem\",\"position\":1,\"name\":\"Home\",\"item\":\"https:\/\/www.electroluxprofessional.com\/la\/\"},{\"@type\":\"ListItem\",\"position\":2,\"name\":\"M\u00e1quinas de Laboratorio\"}]},{\"@type\":\"WebSite\",\"@id\":\"https:\/\/www.electroluxprofessional.com\/la\/#website\",\"url\":\"https:\/\/www.electroluxprofessional.com\/la\/\",\"name\":\"Electrolux Professional Latin America\",\"description\":\"Equipamiento cocinas profesionales y lavander\u00edas comerciales. Excelencia en el suministro de soluciones profesionales.\",\"potentialAction\":[{\"@type\":\"SearchAction\",\"target\":{\"@type\":\"EntryPoint\",\"urlTemplate\":\"https:\/\/www.electroluxprofessional.com\/la\/?src={search_term_string}\"},\"query-input\":\"required name=search_term_string\"}],\"inLanguage\":\"es\"}]}<\/script>\n<!-- \/ Yoast SEO plugin. -->","yoast_head_json":{"title":"M\u00e1quinas de Laboratorio - Electrolux Professional Latin America","description":"M\u00e1quinas de Laboratorio Electrolux Professional establece el est\u00e1ndar de lavado y secado en todo el mundo con un Sistema integrado para laboratorios de pruebas. Con el lanzamiento de la secadora LAB, Electrolux Professional ofrece una soluci\u00f3n professional complete para laboratorios de pruebas.","robots":{"index":"index","follow":"follow","max-snippet":"max-snippet:-1","max-image-preview":"max-image-preview:large","max-video-preview":"max-video-preview:-1"},"canonical":"https:\/\/www.electroluxprofessional.com\/la\/maquinas-de-laboratorio\/","og_locale":"es_MX","og_type":"article","og_title":"M\u00e1quinas de Laboratorio - Electrolux Professional Latin America","og_description":"M\u00e1quinas de Laboratorio Electrolux Professional establece el est\u00e1ndar de lavado y secado en todo el mundo con un Sistema integrado para laboratorios de pruebas. Con el lanzamiento de la secadora LAB, Electrolux Professional ofrece una soluci\u00f3n professional complete para laboratorios de pruebas.","og_url":"https:\/\/www.electroluxprofessional.com\/la\/maquinas-de-laboratorio\/","og_site_name":"Electrolux Professional Latin America","article_modified_time":"2018-11-13T16:42:58+00:00","og_image":[{"width":358,"height":397,"url":"https:\/\/www.electroluxprofessional.com\/la\/wp-content\/uploads\/2018\/11\/Maquinas-de-Laboratorio.jpg","type":"image\/jpeg"}],"twitter_card":"summary_large_image","twitter_misc":{"Tiempo de lectura":"2 minutos"},"schema":{"@context":"https:\/\/schema.org","@graph":[{"@type":"WebPage","@id":"https:\/\/www.electroluxprofessional.com\/la\/maquinas-de-laboratorio\/","url":"https:\/\/www.electroluxprofessional.com\/la\/maquinas-de-laboratorio\/","name":"M\u00e1quinas de Laboratorio - Electrolux Professional Latin America","isPartOf":{"@id":"https:\/\/www.electroluxprofessional.com\/la\/#website"},"primaryImageOfPage":{"@id":"https:\/\/www.electroluxprofessional.com\/la\/maquinas-de-laboratorio\/#primaryimage"},"image":{"@id":"https:\/\/www.electroluxprofessional.com\/la\/maquinas-de-laboratorio\/#primaryimage"},"thumbnailUrl":"https:\/\/www.electroluxprofessional.com\/la\/wp-content\/uploads\/2018\/11\/Maquinas-de-Laboratorio.jpg","datePublished":"2017-04-18T09:50:01+00:00","dateModified":"2018-11-13T16:42:58+00:00","description":"M\u00e1quinas de Laboratorio Electrolux Professional establece el est\u00e1ndar de lavado y secado en todo el mundo con un Sistema integrado para laboratorios de pruebas. Con el lanzamiento de la secadora LAB, Electrolux Professional ofrece una soluci\u00f3n professional complete para laboratorios de pruebas.","breadcrumb":{"@id":"https:\/\/www.electroluxprofessional.com\/la\/maquinas-de-laboratorio\/#breadcrumb"},"inLanguage":"es","potentialAction":[{"@type":"ReadAction","target":["https:\/\/www.electroluxprofessional.com\/la\/maquinas-de-laboratorio\/"]}]},{"@type":"ImageObject","inLanguage":"es","@id":"https:\/\/www.electroluxprofessional.com\/la\/maquinas-de-laboratorio\/#primaryimage","url":"https:\/\/www.electroluxprofessional.com\/la\/wp-content\/uploads\/2018\/11\/Maquinas-de-Laboratorio.jpg","contentUrl":"https:\/\/www.electroluxprofessional.com\/la\/wp-content\/uploads\/2018\/11\/Maquinas-de-Laboratorio.jpg","width":358,"height":397,"caption":"M\u00e1quinas de Laboratorio"},{"@type":"BreadcrumbList","@id":"https:\/\/www.electroluxprofessional.com\/la\/maquinas-de-laboratorio\/#breadcrumb","itemListElement":[{"@type":"ListItem","position":1,"name":"Home","item":"https:\/\/www.electroluxprofessional.com\/la\/"},{"@type":"ListItem","position":2,"name":"M\u00e1quinas de Laboratorio"}]},{"@type":"WebSite","@id":"https:\/\/www.electroluxprofessional.com\/la\/#website","url":"https:\/\/www.electroluxprofessional.com\/la\/","name":"Electrolux Professional Latin America","description":"Equipamiento cocinas profesionales y lavander\u00edas comerciales. Excelencia en el suministro de soluciones profesionales.","potentialAction":[{"@type":"SearchAction","target":{"@type":"EntryPoint","urlTemplate":"https:\/\/www.electroluxprofessional.com\/la\/?src={search_term_string}"},"query-input":"required name=search_term_string"}],"inLanguage":"es"}]}},"_links":{"self":[{"href":"https:\/\/www.electroluxprofessional.com\/la\/wp-json\/wp\/v2\/pages\/3809"}],"collection":[{"href":"https:\/\/www.electroluxprofessional.com\/la\/wp-json\/wp\/v2\/pages"}],"about":[{"href":"https:\/\/www.electroluxprofessional.com\/la\/wp-json\/wp\/v2\/types\/page"}],"author":[{"embeddable":true,"href":"https:\/\/www.electroluxprofessional.com\/la\/wp-json\/wp\/v2\/users\/23"}],"replies":[{"embeddable":true,"href":"https:\/\/www.electroluxprofessional.com\/la\/wp-json\/wp\/v2\/comments?post=3809"}],"version-history":[{"count":14,"href":"https:\/\/www.electroluxprofessional.com\/la\/wp-json\/wp\/v2\/pages\/3809\/revisions"}],"predecessor-version":[{"id":4871,"href":"https:\/\/www.electroluxprofessional.com\/la\/wp-json\/wp\/v2\/pages\/3809\/revisions\/4871"}],"wp:featuredmedia":[{"embeddable":true,"href":"https:\/\/www.electroluxprofessional.com\/la\/wp-json\/wp\/v2\/media\/4962"}],"wp:attachment":[{"href":"https:\/\/www.electroluxprofessional.com\/la\/wp-json\/wp\/v2\/media?parent=3809"}],"curies":[{"name":"wp","href":"https:\/\/api.w.org\/{rel}","templated":true}]}}