{"id":3675,"date":"2017-03-30T08:01:21","date_gmt":"2017-03-30T08:01:21","guid":{"rendered":"https:\/\/www.electroluxprofessional.com\/la\/?page_id=3675"},"modified":"2017-06-02T16:12:35","modified_gmt":"2017-06-02T16:12:35","slug":"seminarios","status":"publish","type":"page","link":"https:\/\/www.electroluxprofessional.com\/la\/seminarios\/","title":{"rendered":"Seminarios"},"content":{"rendered":"<p>[vc_row full_width=&#8221;electroluxpro-full-width-no-padding&#8221;][vc_column][elx_hero_title label=&#8221;&#8221; background_image=&#8221;2763&#8243;][elx_heading font_container=&#8221;h1&#8243; text_color=&#8221;oyster&#8221;]Seminarios profesionales[\/elx_heading][\/elx_hero_title][\/vc_column][\/vc_row][vc_row][vc_column][vc_empty_space][elx_heading font_size=&#8221;h3&#8243; text_color=&#8221;inherit&#8221;]<strong>Reuni\u00f3n, formaci\u00f3n, inspiraci\u00f3n e intercambio de experiencias<\/strong> en nuestro Center of Excellence[\/elx_heading][vc_empty_space height=&#8221;15px&#8221;][vc_column_text]<\/p>\n<h5>Los Seminarios de Electrolux Professional est\u00e1n basados en la <strong>metodolog\u00eda educativa de vanguardia de los mejores institutos culinarios internacionales<\/strong>. Son totalmente gratuitos y est\u00e1n dirigidos a profesionales de la hosteler\u00eda.<\/h5>\n<h5>Se realizan en nuestro <a href=\"https:\/\/www.electroluxprofessional.com\/la\/wp-content\/uploads\/2017\/05\/Calendario_Madrid_Q2.pdf\" target=\"_blank\">CoE de Madrid<\/a> y en la <a href=\"https:\/\/www.electroluxprofessional.com\/la\/wp-content\/uploads\/2017\/05\/Seminarios_Barcelona_Q2.pdf\" target=\"_blank\">Escuela de Hosteler\u00eda Hoffmann en Barcelona<\/a>. Adem\u00e1s, y de la mano de nuestros distribuidores <a href=\"https:\/\/www.electroluxprofessional.com\/la\/wp-content\/uploads\/2017\/05\/Calendario_Leon_Q2.pdf\" target=\"_blank\">Frimag\u00e1s<\/a> y <a href=\"https:\/\/www.electroluxprofessional.com\/la\/wp-content\/uploads\/2017\/05\/Seminarios_Cordoba_Q2.pdf\" target=\"_blank\">Lagain<\/a>, podr\u00e1s disfrutarlos en Le\u00f3n y en C\u00f3rdoba.<\/h5>\n<p>[\/vc_column_text][\/vc_column][\/vc_row][vc_row][vc_column][elx_heading text_color=&#8221;inherit&#8221;]Haz tu reserva[\/elx_heading][elx_o2000_contact_us r=&#8221;Me gustar\u00eda m\u00e1s informaci\u00f3n sobre los seminarios, por favor, contacten conmigo&#8221; s=&#8221;Petici\u00f3n de informaci\u00f3n sobres seminarios profesionales Electrolux&#8221; e=&#8221;foodservice@electrolux.es&#8221; country=&#8221;Spain&#8221; l=&#8221;es&#8221; container=&#8221;elxcontactus1491403516&#8243;][\/vc_column][\/vc_row][vc_row][vc_column][vc_empty_space][\/vc_column][\/vc_row]<\/p>\n","protected":false},"excerpt":{"rendered":"<p>[vc_row full_width=&#8221;electroluxpro-full-width-no-padding&#8221;][vc_column][elx_hero_title label=&#8221;&#8221; background_image=&#8221;2763&#8243;][elx_heading font_container=&#8221;h1&#8243; text_color=&#8221;oyster&#8221;]Seminarios profesionales[\/elx_heading][\/elx_hero_title][\/vc_column][\/vc_row][vc_row][vc_column][vc_empty_space][elx_heading font_size=&#8221;h3&#8243; text_color=&#8221;inherit&#8221;]Reuni\u00f3n, formaci\u00f3n, inspiraci\u00f3n e intercambio de experiencias en nuestro Center of Excellence[\/elx_heading][vc_empty_space height=&#8221;15px&#8221;][vc_column_text] Los Seminarios de Electrolux Professional est\u00e1n basados en la metodolog\u00eda educativa de vanguardia de los mejores institutos culinarios internacionales. Son totalmente gratuitos y est\u00e1n dirigidos a profesionales de la hosteler\u00eda. Se realizan en nuestro [&hellip;]<\/p>\n","protected":false},"author":23,"featured_media":0,"parent":0,"menu_order":0,"comment_status":"closed","ping_status":"closed","template":"template-seminars.php","meta":{"footnotes":""},"class_list":["post-3675","page","type-page","status-publish","hentry"],"acf":[],"yoast_head":"<!-- This site is optimized with the Yoast SEO plugin v23.3 - https:\/\/yoast.com\/wordpress\/plugins\/seo\/ -->\n<title>Seminarios - Electrolux Professional Latin America<\/title>\n<meta name=\"robots\" content=\"index, follow, max-snippet:-1, max-image-preview:large, max-video-preview:-1\" \/>\n<link rel=\"canonical\" href=\"https:\/\/www.electroluxprofessional.com\/la\/seminarios\/\" \/>\n<meta property=\"og:locale\" content=\"es_MX\" \/>\n<meta property=\"og:type\" content=\"article\" \/>\n<meta property=\"og:title\" content=\"Seminarios - Electrolux Professional Latin America\" \/>\n<meta property=\"og:description\" content=\"[vc_row full_width=&#8221;electroluxpro-full-width-no-padding&#8221;][vc_column][elx_hero_title label=&#8221;&#8221; background_image=&#8221;2763&#8243;][elx_heading font_container=&#8221;h1&#8243; text_color=&#8221;oyster&#8221;]Seminarios profesionales[\/elx_heading][\/elx_hero_title][\/vc_column][\/vc_row][vc_row][vc_column][vc_empty_space][elx_heading font_size=&#8221;h3&#8243; text_color=&#8221;inherit&#8221;]Reuni\u00f3n, formaci\u00f3n, inspiraci\u00f3n e intercambio de experiencias en nuestro Center of Excellence[\/elx_heading][vc_empty_space height=&#8221;15px&#8221;][vc_column_text] Los Seminarios de Electrolux Professional est\u00e1n basados en la metodolog\u00eda educativa de vanguardia de los mejores institutos culinarios internacionales. Son totalmente gratuitos y est\u00e1n dirigidos a profesionales de la hosteler\u00eda. Se realizan en nuestro [&hellip;]\" \/>\n<meta property=\"og:url\" content=\"https:\/\/www.electroluxprofessional.com\/la\/seminarios\/\" \/>\n<meta property=\"og:site_name\" content=\"Electrolux Professional Latin America\" \/>\n<meta property=\"article:modified_time\" content=\"2017-06-02T16:12:35+00:00\" \/>\n<meta name=\"twitter:card\" content=\"summary_large_image\" \/>\n<meta name=\"twitter:label1\" content=\"Tiempo de lectura\" \/>\n\t<meta name=\"twitter:data1\" content=\"1 minuto\" \/>\n<script type=\"application\/ld+json\" class=\"yoast-schema-graph\">{\"@context\":\"https:\/\/schema.org\",\"@graph\":[{\"@type\":\"WebPage\",\"@id\":\"https:\/\/www.electroluxprofessional.com\/la\/seminarios\/\",\"url\":\"https:\/\/www.electroluxprofessional.com\/la\/seminarios\/\",\"name\":\"Seminarios - Electrolux Professional Latin America\",\"isPartOf\":{\"@id\":\"https:\/\/www.electroluxprofessional.com\/la\/#website\"},\"datePublished\":\"2017-03-30T08:01:21+00:00\",\"dateModified\":\"2017-06-02T16:12:35+00:00\",\"breadcrumb\":{\"@id\":\"https:\/\/www.electroluxprofessional.com\/la\/seminarios\/#breadcrumb\"},\"inLanguage\":\"es\",\"potentialAction\":[{\"@type\":\"ReadAction\",\"target\":[\"https:\/\/www.electroluxprofessional.com\/la\/seminarios\/\"]}]},{\"@type\":\"BreadcrumbList\",\"@id\":\"https:\/\/www.electroluxprofessional.com\/la\/seminarios\/#breadcrumb\",\"itemListElement\":[{\"@type\":\"ListItem\",\"position\":1,\"name\":\"Home\",\"item\":\"https:\/\/www.electroluxprofessional.com\/la\/\"},{\"@type\":\"ListItem\",\"position\":2,\"name\":\"Seminarios\"}]},{\"@type\":\"WebSite\",\"@id\":\"https:\/\/www.electroluxprofessional.com\/la\/#website\",\"url\":\"https:\/\/www.electroluxprofessional.com\/la\/\",\"name\":\"Electrolux Professional Latin America\",\"description\":\"Equipamiento cocinas profesionales y lavander\u00edas comerciales. Excelencia en el suministro de soluciones profesionales.\",\"potentialAction\":[{\"@type\":\"SearchAction\",\"target\":{\"@type\":\"EntryPoint\",\"urlTemplate\":\"https:\/\/www.electroluxprofessional.com\/la\/?src={search_term_string}\"},\"query-input\":\"required name=search_term_string\"}],\"inLanguage\":\"es\"}]}<\/script>\n<!-- \/ Yoast SEO plugin. -->","yoast_head_json":{"title":"Seminarios - Electrolux Professional Latin America","robots":{"index":"index","follow":"follow","max-snippet":"max-snippet:-1","max-image-preview":"max-image-preview:large","max-video-preview":"max-video-preview:-1"},"canonical":"https:\/\/www.electroluxprofessional.com\/la\/seminarios\/","og_locale":"es_MX","og_type":"article","og_title":"Seminarios - Electrolux Professional Latin America","og_description":"[vc_row full_width=&#8221;electroluxpro-full-width-no-padding&#8221;][vc_column][elx_hero_title label=&#8221;&#8221; background_image=&#8221;2763&#8243;][elx_heading font_container=&#8221;h1&#8243; text_color=&#8221;oyster&#8221;]Seminarios profesionales[\/elx_heading][\/elx_hero_title][\/vc_column][\/vc_row][vc_row][vc_column][vc_empty_space][elx_heading font_size=&#8221;h3&#8243; text_color=&#8221;inherit&#8221;]Reuni\u00f3n, formaci\u00f3n, inspiraci\u00f3n e intercambio de experiencias en nuestro Center of Excellence[\/elx_heading][vc_empty_space height=&#8221;15px&#8221;][vc_column_text] Los Seminarios de Electrolux Professional est\u00e1n basados en la metodolog\u00eda educativa de vanguardia de los mejores institutos culinarios internacionales. Son totalmente gratuitos y est\u00e1n dirigidos a profesionales de la hosteler\u00eda. Se realizan en nuestro [&hellip;]","og_url":"https:\/\/www.electroluxprofessional.com\/la\/seminarios\/","og_site_name":"Electrolux Professional Latin America","article_modified_time":"2017-06-02T16:12:35+00:00","twitter_card":"summary_large_image","twitter_misc":{"Tiempo de lectura":"1 minuto"},"schema":{"@context":"https:\/\/schema.org","@graph":[{"@type":"WebPage","@id":"https:\/\/www.electroluxprofessional.com\/la\/seminarios\/","url":"https:\/\/www.electroluxprofessional.com\/la\/seminarios\/","name":"Seminarios - Electrolux Professional Latin America","isPartOf":{"@id":"https:\/\/www.electroluxprofessional.com\/la\/#website"},"datePublished":"2017-03-30T08:01:21+00:00","dateModified":"2017-06-02T16:12:35+00:00","breadcrumb":{"@id":"https:\/\/www.electroluxprofessional.com\/la\/seminarios\/#breadcrumb"},"inLanguage":"es","potentialAction":[{"@type":"ReadAction","target":["https:\/\/www.electroluxprofessional.com\/la\/seminarios\/"]}]},{"@type":"BreadcrumbList","@id":"https:\/\/www.electroluxprofessional.com\/la\/seminarios\/#breadcrumb","itemListElement":[{"@type":"ListItem","position":1,"name":"Home","item":"https:\/\/www.electroluxprofessional.com\/la\/"},{"@type":"ListItem","position":2,"name":"Seminarios"}]},{"@type":"WebSite","@id":"https:\/\/www.electroluxprofessional.com\/la\/#website","url":"https:\/\/www.electroluxprofessional.com\/la\/","name":"Electrolux Professional Latin America","description":"Equipamiento cocinas profesionales y lavander\u00edas comerciales. Excelencia en el suministro de soluciones profesionales.","potentialAction":[{"@type":"SearchAction","target":{"@type":"EntryPoint","urlTemplate":"https:\/\/www.electroluxprofessional.com\/la\/?src={search_term_string}"},"query-input":"required name=search_term_string"}],"inLanguage":"es"}]}},"_links":{"self":[{"href":"https:\/\/www.electroluxprofessional.com\/la\/wp-json\/wp\/v2\/pages\/3675"}],"collection":[{"href":"https:\/\/www.electroluxprofessional.com\/la\/wp-json\/wp\/v2\/pages"}],"about":[{"href":"https:\/\/www.electroluxprofessional.com\/la\/wp-json\/wp\/v2\/types\/page"}],"author":[{"embeddable":true,"href":"https:\/\/www.electroluxprofessional.com\/la\/wp-json\/wp\/v2\/users\/23"}],"replies":[{"embeddable":true,"href":"https:\/\/www.electroluxprofessional.com\/la\/wp-json\/wp\/v2\/comments?post=3675"}],"version-history":[{"count":12,"href":"https:\/\/www.electroluxprofessional.com\/la\/wp-json\/wp\/v2\/pages\/3675\/revisions"}],"predecessor-version":[{"id":4411,"href":"https:\/\/www.electroluxprofessional.com\/la\/wp-json\/wp\/v2\/pages\/3675\/revisions\/4411"}],"wp:attachment":[{"href":"https:\/\/www.electroluxprofessional.com\/la\/wp-json\/wp\/v2\/media?parent=3675"}],"curies":[{"name":"wp","href":"https:\/\/api.w.org\/{rel}","templated":true}]}}