{"id":3619,"date":"2017-03-28T15:04:29","date_gmt":"2017-03-28T15:04:29","guid":{"rendered":"https:\/\/www.electroluxprofessional.com\/la\/?page_id=3619"},"modified":"2019-12-12T17:42:32","modified_gmt":"2019-12-12T17:42:32","slug":"lavadoras-de-carga-frontal","status":"publish","type":"page","link":"https:\/\/www.electroluxprofessional.com\/la\/lavadoras-de-carga-frontal\/","title":{"rendered":"Lavadoras de Carga Frontal"},"content":{"rendered":"<p>[vc_row full_width=&#8221;electroluxpro-full-width-no-padding&#8221;][vc_column][elx_hero_slider label_text_color=&#8221;inherit&#8221; images=&#8221;2535&#8243;][elx_heading font_container=&#8221;h1&#8243; font_size=&#8221;h2&#8243; text_color=&#8221;inherit&#8221;]Lavadoras de Carga Frontal[\/elx_heading][\/elx_hero_slider][\/vc_column][\/vc_row][vc_row][vc_column width=&#8221;1\/2&#8243; css=&#8221;.vc_custom_1480692619788{padding-top: 50px !important;}&#8221;][elx_simple_block background_color=&#8221;inherit&#8221;][elx_heading font_size=&#8221;h3&#8243; text_color=&#8221;inherit&#8221;]Cuidado excelente con el mejor rendimiento<br \/>\ny el mejor resultado de lavado[\/elx_heading][vc_column_text css=&#8221;.vc_custom_1490770549993{padding-top: 20px !important;}&#8221;]Cada lavander\u00eda es diferente, por ello, ofrecemos una extensa gama de lavadoras centrifugadoras.[\/vc_column_text][\/elx_simple_block][\/vc_column][vc_column width=&#8221;1\/2&#8243;][vc_empty_space height=&#8221;50px&#8221;][elx_image_block background_image=&#8221;2532&#8243; minimum_height=&#8221;400px&#8221;][\/vc_column][\/vc_row][vc_row][vc_column][vc_empty_space height=&#8221;50px&#8221;][\/vc_column][\/vc_row][vc_row][vc_column width=&#8221;1\/4&#8243;][vc_single_image image=&#8221;2533&#8243; img_size=&#8221;medium&#8221; alignment=&#8221;center&#8221;][vc_column_text]M\u00e1quinas espec\u00edficas, desde las m\u00e1s exigentes en est\u00e1ndares sanitarios (empresas de servicios, granjas, sanidad), a las m\u00e1s intuitivas para autoservicio.[\/vc_column_text][\/vc_column][vc_column width=&#8221;1\/4&#8243;][vc_single_image image=&#8221;683&#8243; img_size=&#8221;medium&#8221; alignment=&#8221;center&#8221;][vc_column_text]Ahorros autom\u00e1ticos de agua y energ\u00eda a media carga (hasta un 50% de ahorro de agua).[\/vc_column_text][\/vc_column][vc_column width=&#8221;1\/4&#8243;][vc_single_image image=&#8221;976&#8243; img_size=&#8221;medium&#8221; alignment=&#8221;center&#8221;][vc_column_text]Controles f\u00e1ciles de usar con grandes displays en diferentes idiomas. Apertura completa de puerta para facilitar la carga y descarga.[\/vc_column_text][\/vc_column][vc_column width=&#8221;1\/4&#8243;][vc_single_image image=&#8221;2534&#8243; img_size=&#8221;medium&#8221; alignment=&#8221;center&#8221;][vc_column_text]Durabilidad y funcionamiento libre de problemas. 30 000 ciclos de lavado profesional con cargas pesadas.[\/vc_column_text][\/vc_column][\/vc_row][vc_row][vc_column][vc_empty_space][\/vc_column][\/vc_row][vc_row][vc_column width=&#8221;1\/2&#8243; css=&#8221;.vc_custom_1484574375079{margin-left: 0px !important;border-left-width: 0px !important;padding-left: 0px !important;}&#8221;][vc_empty_space height=&#8221;15px&#8221;][elx_simple_block background_color=&#8221;inherit&#8221;][elx_heading font_size=&#8221;h3&#8243; text_color=&#8221;inherit&#8221;]Lavander\u00eda eficiente<br \/>\nen cada detalle[\/elx_heading][vc_column_text]M\u00e1s eficiencia y ergonom\u00eda gracias a una amplia gama de accesorios.[\/vc_column_text][elx_button button_text=&#8221;Descubre nuestros accesorios y consumibles&#8221; button_style=&#8221;icon&#8221; button_link=&#8221;url:https%3A%2F%2Fprofessional.electrolux.la%2Faccesorios-y-consumibles%2Faccesorios-consumibles-lavanderia%2F|title:Accessories%20and%20consumables%20for%20laundry%20solutions||&#8221;][\/elx_simple_block][\/vc_column][vc_column width=&#8221;1\/2&#8243;][elx_heading font_container=&#8221;h3&#8243; font_size=&#8221;h4&#8243; text_color=&#8221;inherit&#8221;]L\u00ednea 5000 de Electrolux Professional[\/elx_heading][elx_video_block background_image=&#8221;2506&#8243; video_link=&#8221;https:\/\/www.youtube.com\/watch?v=0hFNKTAL5YE&#8221; minimum_height=&#8221;300px&#8221;][\/vc_column][\/vc_row][vc_row][vc_column][vc_empty_space height=&#8221;50px&#8221;][elx_heading font_size=&#8221;h2&#8243; text_color=&#8221;inherit&#8221; text_align=&#8221;text-center&#8221;]Descubre la Lavadora de Carga Frontal que se ajusta a tus necesidades[\/elx_heading][elx_o2000_contact_us r=&#8221;Me gustar\u00eda tener m\u00e1s informaci\u00f3n sobre lavadoras de carga frontal. Por favor, contacten conmigo.&#8221; s=&#8221;Petici\u00f3n de informaci\u00f3n sobre lavadoras de carga frontal&#8221; l=&#8221;es-la&#8221; b=&#8221;laundry&#8221; container=&#8221;elxcontactus1473771624&#8243;][vc_empty_space height=&#8221;50px&#8221;][\/vc_column][\/vc_row][vc_row][vc_column][vc_empty_space height=&#8221;50px&#8221;][\/vc_column][\/vc_row]<\/p>\n","protected":false},"excerpt":{"rendered":"<p>[vc_row full_width=&#8221;electroluxpro-full-width-no-padding&#8221;][vc_column][elx_hero_slider label_text_color=&#8221;inherit&#8221; images=&#8221;2535&#8243;][elx_heading font_container=&#8221;h1&#8243; font_size=&#8221;h2&#8243; text_color=&#8221;inherit&#8221;]Lavadoras de Carga Frontal[\/elx_heading][\/elx_hero_slider][\/vc_column][\/vc_row][vc_row][vc_column width=&#8221;1\/2&#8243; css=&#8221;.vc_custom_1480692619788{padding-top: 50px !important;}&#8221;][elx_simple_block background_color=&#8221;inherit&#8221;][elx_heading font_size=&#8221;h3&#8243; text_color=&#8221;inherit&#8221;]Cuidado excelente con el mejor rendimiento y el mejor resultado de lavado[\/elx_heading][vc_column_text css=&#8221;.vc_custom_1490770549993{padding-top: 20px !important;}&#8221;]Cada lavander\u00eda es diferente, por ello, ofrecemos una extensa gama de lavadoras centrifugadoras.[\/vc_column_text][\/elx_simple_block][\/vc_column][vc_column width=&#8221;1\/2&#8243;][vc_empty_space height=&#8221;50px&#8221;][elx_image_block background_image=&#8221;2532&#8243; minimum_height=&#8221;400px&#8221;][\/vc_column][\/vc_row][vc_row][vc_column][vc_empty_space height=&#8221;50px&#8221;][\/vc_column][\/vc_row][vc_row][vc_column width=&#8221;1\/4&#8243;][vc_single_image image=&#8221;2533&#8243; img_size=&#8221;medium&#8221; alignment=&#8221;center&#8221;][vc_column_text]M\u00e1quinas espec\u00edficas, desde las [&hellip;]<\/p>\n","protected":false},"author":23,"featured_media":4924,"parent":0,"menu_order":0,"comment_status":"closed","ping_status":"closed","template":"","meta":{"footnotes":""},"class_list":["post-3619","page","type-page","status-publish","has-post-thumbnail","hentry"],"acf":[],"yoast_head":"<!-- This site is optimized with the Yoast SEO plugin v23.3 - https:\/\/yoast.com\/wordpress\/plugins\/seo\/ -->\n<title>Lavadoras de Carga Frontal - Electrolux Professional Latin America<\/title>\n<meta name=\"description\" content=\"Lavadoras de Carga Frontal son excelente con el mejor rendimiento y el mejor resultado de lavado. Cada lavanderia es diferente, por ello, ofrecemos una extensa gama de lavadoras centrifugadoras. M\u00e1quinas especificas, desde las m\u00e1s exigentes en est\u00e1ndar sanitarios (empresas de servicios, granjas, sanidad).\" \/>\n<meta name=\"robots\" content=\"index, follow, max-snippet:-1, max-image-preview:large, max-video-preview:-1\" \/>\n<link rel=\"canonical\" href=\"https:\/\/www.electroluxprofessional.com\/la\/lavadoras-de-carga-frontal\/\" \/>\n<meta property=\"og:locale\" content=\"es_MX\" \/>\n<meta property=\"og:type\" content=\"article\" \/>\n<meta property=\"og:title\" content=\"Lavadoras de Carga Frontal - Electrolux Professional Latin America\" \/>\n<meta property=\"og:description\" content=\"Lavadoras de Carga Frontal son excelente con el mejor rendimiento y el mejor resultado de lavado. Cada lavanderia es diferente, por ello, ofrecemos una extensa gama de lavadoras centrifugadoras. M\u00e1quinas especificas, desde las m\u00e1s exigentes en est\u00e1ndar sanitarios (empresas de servicios, granjas, sanidad).\" \/>\n<meta property=\"og:url\" content=\"https:\/\/www.electroluxprofessional.com\/la\/lavadoras-de-carga-frontal\/\" \/>\n<meta property=\"og:site_name\" content=\"Electrolux Professional Latin America\" \/>\n<meta property=\"article:modified_time\" content=\"2019-12-12T17:42:32+00:00\" \/>\n<meta property=\"og:image\" content=\"https:\/\/www.electroluxprofessional.com\/la\/wp-content\/uploads\/2018\/11\/Carga-Frontal.jpg\" \/>\n\t<meta property=\"og:image:width\" content=\"551\" \/>\n\t<meta property=\"og:image:height\" content=\"395\" \/>\n\t<meta property=\"og:image:type\" content=\"image\/jpeg\" \/>\n<meta name=\"twitter:card\" content=\"summary_large_image\" \/>\n<meta name=\"twitter:label1\" content=\"Tiempo de lectura\" \/>\n\t<meta name=\"twitter:data1\" content=\"3 minutos\" \/>\n<script type=\"application\/ld+json\" class=\"yoast-schema-graph\">{\"@context\":\"https:\/\/schema.org\",\"@graph\":[{\"@type\":\"WebPage\",\"@id\":\"https:\/\/www.electroluxprofessional.com\/la\/lavadoras-de-carga-frontal\/\",\"url\":\"https:\/\/www.electroluxprofessional.com\/la\/lavadoras-de-carga-frontal\/\",\"name\":\"Lavadoras de Carga Frontal - Electrolux Professional Latin America\",\"isPartOf\":{\"@id\":\"https:\/\/www.electroluxprofessional.com\/la\/#website\"},\"primaryImageOfPage\":{\"@id\":\"https:\/\/www.electroluxprofessional.com\/la\/lavadoras-de-carga-frontal\/#primaryimage\"},\"image\":{\"@id\":\"https:\/\/www.electroluxprofessional.com\/la\/lavadoras-de-carga-frontal\/#primaryimage\"},\"thumbnailUrl\":\"https:\/\/www.electroluxprofessional.com\/la\/wp-content\/uploads\/2018\/11\/Carga-Frontal.jpg\",\"datePublished\":\"2017-03-28T15:04:29+00:00\",\"dateModified\":\"2019-12-12T17:42:32+00:00\",\"description\":\"Lavadoras de Carga Frontal son excelente con el mejor rendimiento y el mejor resultado de lavado. Cada lavanderia es diferente, por ello, ofrecemos una extensa gama de lavadoras centrifugadoras. M\u00e1quinas especificas, desde las m\u00e1s exigentes en est\u00e1ndar sanitarios (empresas de servicios, granjas, sanidad).\",\"breadcrumb\":{\"@id\":\"https:\/\/www.electroluxprofessional.com\/la\/lavadoras-de-carga-frontal\/#breadcrumb\"},\"inLanguage\":\"es\",\"potentialAction\":[{\"@type\":\"ReadAction\",\"target\":[\"https:\/\/www.electroluxprofessional.com\/la\/lavadoras-de-carga-frontal\/\"]}]},{\"@type\":\"ImageObject\",\"inLanguage\":\"es\",\"@id\":\"https:\/\/www.electroluxprofessional.com\/la\/lavadoras-de-carga-frontal\/#primaryimage\",\"url\":\"https:\/\/www.electroluxprofessional.com\/la\/wp-content\/uploads\/2018\/11\/Carga-Frontal.jpg\",\"contentUrl\":\"https:\/\/www.electroluxprofessional.com\/la\/wp-content\/uploads\/2018\/11\/Carga-Frontal.jpg\",\"width\":551,\"height\":395,\"caption\":\"Lavadora Carga Frontal\"},{\"@type\":\"BreadcrumbList\",\"@id\":\"https:\/\/www.electroluxprofessional.com\/la\/lavadoras-de-carga-frontal\/#breadcrumb\",\"itemListElement\":[{\"@type\":\"ListItem\",\"position\":1,\"name\":\"Home\",\"item\":\"https:\/\/www.electroluxprofessional.com\/la\/\"},{\"@type\":\"ListItem\",\"position\":2,\"name\":\"Lavadoras de Carga Frontal\"}]},{\"@type\":\"WebSite\",\"@id\":\"https:\/\/www.electroluxprofessional.com\/la\/#website\",\"url\":\"https:\/\/www.electroluxprofessional.com\/la\/\",\"name\":\"Electrolux Professional Latin America\",\"description\":\"Equipamiento cocinas profesionales y lavander\u00edas comerciales. Excelencia en el suministro de soluciones profesionales.\",\"potentialAction\":[{\"@type\":\"SearchAction\",\"target\":{\"@type\":\"EntryPoint\",\"urlTemplate\":\"https:\/\/www.electroluxprofessional.com\/la\/?src={search_term_string}\"},\"query-input\":\"required name=search_term_string\"}],\"inLanguage\":\"es\"}]}<\/script>\n<!-- \/ Yoast SEO plugin. -->","yoast_head_json":{"title":"Lavadoras de Carga Frontal - Electrolux Professional Latin America","description":"Lavadoras de Carga Frontal son excelente con el mejor rendimiento y el mejor resultado de lavado. Cada lavanderia es diferente, por ello, ofrecemos una extensa gama de lavadoras centrifugadoras. M\u00e1quinas especificas, desde las m\u00e1s exigentes en est\u00e1ndar sanitarios (empresas de servicios, granjas, sanidad).","robots":{"index":"index","follow":"follow","max-snippet":"max-snippet:-1","max-image-preview":"max-image-preview:large","max-video-preview":"max-video-preview:-1"},"canonical":"https:\/\/www.electroluxprofessional.com\/la\/lavadoras-de-carga-frontal\/","og_locale":"es_MX","og_type":"article","og_title":"Lavadoras de Carga Frontal - Electrolux Professional Latin America","og_description":"Lavadoras de Carga Frontal son excelente con el mejor rendimiento y el mejor resultado de lavado. Cada lavanderia es diferente, por ello, ofrecemos una extensa gama de lavadoras centrifugadoras. M\u00e1quinas especificas, desde las m\u00e1s exigentes en est\u00e1ndar sanitarios (empresas de servicios, granjas, sanidad).","og_url":"https:\/\/www.electroluxprofessional.com\/la\/lavadoras-de-carga-frontal\/","og_site_name":"Electrolux Professional Latin America","article_modified_time":"2019-12-12T17:42:32+00:00","og_image":[{"width":551,"height":395,"url":"https:\/\/www.electroluxprofessional.com\/la\/wp-content\/uploads\/2018\/11\/Carga-Frontal.jpg","type":"image\/jpeg"}],"twitter_card":"summary_large_image","twitter_misc":{"Tiempo de lectura":"3 minutos"},"schema":{"@context":"https:\/\/schema.org","@graph":[{"@type":"WebPage","@id":"https:\/\/www.electroluxprofessional.com\/la\/lavadoras-de-carga-frontal\/","url":"https:\/\/www.electroluxprofessional.com\/la\/lavadoras-de-carga-frontal\/","name":"Lavadoras de Carga Frontal - Electrolux Professional Latin America","isPartOf":{"@id":"https:\/\/www.electroluxprofessional.com\/la\/#website"},"primaryImageOfPage":{"@id":"https:\/\/www.electroluxprofessional.com\/la\/lavadoras-de-carga-frontal\/#primaryimage"},"image":{"@id":"https:\/\/www.electroluxprofessional.com\/la\/lavadoras-de-carga-frontal\/#primaryimage"},"thumbnailUrl":"https:\/\/www.electroluxprofessional.com\/la\/wp-content\/uploads\/2018\/11\/Carga-Frontal.jpg","datePublished":"2017-03-28T15:04:29+00:00","dateModified":"2019-12-12T17:42:32+00:00","description":"Lavadoras de Carga Frontal son excelente con el mejor rendimiento y el mejor resultado de lavado. Cada lavanderia es diferente, por ello, ofrecemos una extensa gama de lavadoras centrifugadoras. M\u00e1quinas especificas, desde las m\u00e1s exigentes en est\u00e1ndar sanitarios (empresas de servicios, granjas, sanidad).","breadcrumb":{"@id":"https:\/\/www.electroluxprofessional.com\/la\/lavadoras-de-carga-frontal\/#breadcrumb"},"inLanguage":"es","potentialAction":[{"@type":"ReadAction","target":["https:\/\/www.electroluxprofessional.com\/la\/lavadoras-de-carga-frontal\/"]}]},{"@type":"ImageObject","inLanguage":"es","@id":"https:\/\/www.electroluxprofessional.com\/la\/lavadoras-de-carga-frontal\/#primaryimage","url":"https:\/\/www.electroluxprofessional.com\/la\/wp-content\/uploads\/2018\/11\/Carga-Frontal.jpg","contentUrl":"https:\/\/www.electroluxprofessional.com\/la\/wp-content\/uploads\/2018\/11\/Carga-Frontal.jpg","width":551,"height":395,"caption":"Lavadora Carga Frontal"},{"@type":"BreadcrumbList","@id":"https:\/\/www.electroluxprofessional.com\/la\/lavadoras-de-carga-frontal\/#breadcrumb","itemListElement":[{"@type":"ListItem","position":1,"name":"Home","item":"https:\/\/www.electroluxprofessional.com\/la\/"},{"@type":"ListItem","position":2,"name":"Lavadoras de Carga Frontal"}]},{"@type":"WebSite","@id":"https:\/\/www.electroluxprofessional.com\/la\/#website","url":"https:\/\/www.electroluxprofessional.com\/la\/","name":"Electrolux Professional Latin America","description":"Equipamiento cocinas profesionales y lavander\u00edas comerciales. Excelencia en el suministro de soluciones profesionales.","potentialAction":[{"@type":"SearchAction","target":{"@type":"EntryPoint","urlTemplate":"https:\/\/www.electroluxprofessional.com\/la\/?src={search_term_string}"},"query-input":"required name=search_term_string"}],"inLanguage":"es"}]}},"_links":{"self":[{"href":"https:\/\/www.electroluxprofessional.com\/la\/wp-json\/wp\/v2\/pages\/3619"}],"collection":[{"href":"https:\/\/www.electroluxprofessional.com\/la\/wp-json\/wp\/v2\/pages"}],"about":[{"href":"https:\/\/www.electroluxprofessional.com\/la\/wp-json\/wp\/v2\/types\/page"}],"author":[{"embeddable":true,"href":"https:\/\/www.electroluxprofessional.com\/la\/wp-json\/wp\/v2\/users\/23"}],"replies":[{"embeddable":true,"href":"https:\/\/www.electroluxprofessional.com\/la\/wp-json\/wp\/v2\/comments?post=3619"}],"version-history":[{"count":18,"href":"https:\/\/www.electroluxprofessional.com\/la\/wp-json\/wp\/v2\/pages\/3619\/revisions"}],"predecessor-version":[{"id":7742,"href":"https:\/\/www.electroluxprofessional.com\/la\/wp-json\/wp\/v2\/pages\/3619\/revisions\/7742"}],"wp:featuredmedia":[{"embeddable":true,"href":"https:\/\/www.electroluxprofessional.com\/la\/wp-json\/wp\/v2\/media\/4924"}],"wp:attachment":[{"href":"https:\/\/www.electroluxprofessional.com\/la\/wp-json\/wp\/v2\/media?parent=3619"}],"curies":[{"name":"wp","href":"https:\/\/api.w.org\/{rel}","templated":true}]}}