{"id":3570,"date":"2017-03-28T07:34:26","date_gmt":"2017-03-28T07:34:26","guid":{"rendered":"https:\/\/www.electroluxprofessional.com\/la\/?page_id=3570"},"modified":"2018-11-12T14:06:06","modified_gmt":"2018-11-12T14:06:06","slug":"center-of-excellence","status":"publish","type":"page","link":"https:\/\/www.electroluxprofessional.com\/la\/center-of-excellence\/","title":{"rendered":"Centro De Excelencia"},"content":{"rendered":"<p>[vc_row full_width=&#8221;electroluxpro-full-width-no-padding&#8221;][vc_column][elx_hero_slider label_text_color=&#8221;inherit&#8221; images=&#8221;3577&#8243;][elx_heading font_container=&#8221;h1&#8243; font_size=&#8221;h2&#8243; text_color=&#8221;inherit&#8221;]Center of Excellence Madrid[\/elx_heading][\/elx_hero_slider][\/vc_column][\/vc_row][vc_row][vc_column][vc_empty_space][\/vc_column][\/vc_row][vc_row][vc_column][vc_column_text]<\/p>\n<h5>Nuestro\u00a0<span lang=\"es\">Centro De Excelencia<\/span> es un espacio moderno y funcional en el que disfrutar del placer de una formaci\u00f3n de vanguardia:<\/h5>\n<ul>\n<li>500 m2 dedicados a cursos, seminarios, eventos<\/li>\n<li>2 cocinas did\u00e1cticas<\/li>\n<li>1 lavander\u00eda funcional completa<\/li>\n<li>un calendario de <a href=\"https:\/\/www.electroluxprofessional.com\/la\/center-of-excellence\/seminarios\/\">seminarios<\/a> inpirado en la formaci\u00f3n y excelencia de las grandes escuelas de cocina<\/li>\n<li>m\u00e1s de 3.000 visitas al a\u00f1o, ahora tambi\u00e9n <a href=\"https:\/\/tourmake.it\/es\/tour\/503e21a9973cc2b4b79822596969e8f0\" target=\"_blank\" rel=\"noopener\">visita VR<\/a> (Realidad Virtual)<\/li>\n<\/ul>\n<p>[\/vc_column_text][\/vc_column][\/vc_row][vc_row][vc_column width=&#8221;1\/3&#8243;][elx_maylike_box id_box=&#8221;2741&#8243;][\/vc_column][vc_column width=&#8221;1\/3&#8243;][elx_maylike_box id_box=&#8221;1833&#8243;][\/vc_column][vc_column width=&#8221;1\/3&#8243;][elx_maylike_box id_box=&#8221;3613&#8243;][\/vc_column][\/vc_row][vc_row][vc_column][vc_empty_space][\/vc_column][\/vc_row]<\/p>\n","protected":false},"excerpt":{"rendered":"<p>[vc_row full_width=&#8221;electroluxpro-full-width-no-padding&#8221;][vc_column][elx_hero_slider label_text_color=&#8221;inherit&#8221; images=&#8221;3577&#8243;][elx_heading font_container=&#8221;h1&#8243; font_size=&#8221;h2&#8243; text_color=&#8221;inherit&#8221;]Center of Excellence Madrid[\/elx_heading][\/elx_hero_slider][\/vc_column][\/vc_row][vc_row][vc_column][vc_empty_space][\/vc_column][\/vc_row][vc_row][vc_column][vc_column_text] Nuestro\u00a0Centro De Excelencia es un espacio moderno y funcional en el que disfrutar del placer de una formaci\u00f3n de vanguardia: 500 m2 dedicados a cursos, seminarios, eventos 2 cocinas did\u00e1cticas 1 lavander\u00eda funcional completa un calendario de seminarios inpirado en la formaci\u00f3n y excelencia de [&hellip;]<\/p>\n","protected":false},"author":23,"featured_media":4940,"parent":0,"menu_order":0,"comment_status":"closed","ping_status":"closed","template":"","meta":{"footnotes":""},"class_list":["post-3570","page","type-page","status-publish","has-post-thumbnail","hentry"],"acf":[],"yoast_head":"<!-- This site is optimized with the Yoast SEO plugin v23.3 - https:\/\/yoast.com\/wordpress\/plugins\/seo\/ -->\n<title>Centro De Excelencia - Electrolux Professional Latin America<\/title>\n<meta name=\"description\" content=\"Centro de Excelcencia es un espacio modern y functional en el que disfruta del placer de una formaci\u00f3n de vanguardia: 500 m2 dedicados a cursos, seminarios, eventos 2 cocinas did\u00e1cticas 1 lavanderia functional complete un calendario de seminarios inspirado en la formaci\u00f3n y excelencia.\" \/>\n<meta name=\"robots\" content=\"index, follow, max-snippet:-1, max-image-preview:large, max-video-preview:-1\" \/>\n<link rel=\"canonical\" href=\"https:\/\/www.electroluxprofessional.com\/la\/center-of-excellence\/\" \/>\n<meta property=\"og:locale\" content=\"es_MX\" \/>\n<meta property=\"og:type\" content=\"article\" \/>\n<meta property=\"og:title\" content=\"Centro De Excelencia - Electrolux Professional Latin America\" \/>\n<meta property=\"og:description\" content=\"Centro de Excelcencia es un espacio modern y functional en el que disfruta del placer de una formaci\u00f3n de vanguardia: 500 m2 dedicados a cursos, seminarios, eventos 2 cocinas did\u00e1cticas 1 lavanderia functional complete un calendario de seminarios inspirado en la formaci\u00f3n y excelencia.\" \/>\n<meta property=\"og:url\" content=\"https:\/\/www.electroluxprofessional.com\/la\/center-of-excellence\/\" \/>\n<meta property=\"og:site_name\" content=\"Electrolux Professional Latin America\" \/>\n<meta property=\"article:modified_time\" content=\"2018-11-12T14:06:06+00:00\" \/>\n<meta property=\"og:image\" content=\"https:\/\/www.electroluxprofessional.com\/la\/wp-content\/uploads\/2018\/11\/Center-of-Excellence.jpg\" \/>\n\t<meta property=\"og:image:width\" content=\"359\" \/>\n\t<meta property=\"og:image:height\" content=\"359\" \/>\n\t<meta property=\"og:image:type\" content=\"image\/jpeg\" \/>\n<meta name=\"twitter:card\" content=\"summary_large_image\" \/>\n<meta name=\"twitter:label1\" content=\"Tiempo de lectura\" \/>\n\t<meta name=\"twitter:data1\" content=\"1 minuto\" \/>\n<script type=\"application\/ld+json\" class=\"yoast-schema-graph\">{\"@context\":\"https:\/\/schema.org\",\"@graph\":[{\"@type\":\"WebPage\",\"@id\":\"https:\/\/www.electroluxprofessional.com\/la\/center-of-excellence\/\",\"url\":\"https:\/\/www.electroluxprofessional.com\/la\/center-of-excellence\/\",\"name\":\"Centro De Excelencia - Electrolux Professional Latin America\",\"isPartOf\":{\"@id\":\"https:\/\/www.electroluxprofessional.com\/la\/#website\"},\"primaryImageOfPage\":{\"@id\":\"https:\/\/www.electroluxprofessional.com\/la\/center-of-excellence\/#primaryimage\"},\"image\":{\"@id\":\"https:\/\/www.electroluxprofessional.com\/la\/center-of-excellence\/#primaryimage\"},\"thumbnailUrl\":\"https:\/\/www.electroluxprofessional.com\/la\/wp-content\/uploads\/2018\/11\/Center-of-Excellence.jpg\",\"datePublished\":\"2017-03-28T07:34:26+00:00\",\"dateModified\":\"2018-11-12T14:06:06+00:00\",\"description\":\"Centro de Excelcencia es un espacio modern y functional en el que disfruta del placer de una formaci\u00f3n de vanguardia: 500 m2 dedicados a cursos, seminarios, eventos 2 cocinas did\u00e1cticas 1 lavanderia functional complete un calendario de seminarios inspirado en la formaci\u00f3n y excelencia.\",\"breadcrumb\":{\"@id\":\"https:\/\/www.electroluxprofessional.com\/la\/center-of-excellence\/#breadcrumb\"},\"inLanguage\":\"es\",\"potentialAction\":[{\"@type\":\"ReadAction\",\"target\":[\"https:\/\/www.electroluxprofessional.com\/la\/center-of-excellence\/\"]}]},{\"@type\":\"ImageObject\",\"inLanguage\":\"es\",\"@id\":\"https:\/\/www.electroluxprofessional.com\/la\/center-of-excellence\/#primaryimage\",\"url\":\"https:\/\/www.electroluxprofessional.com\/la\/wp-content\/uploads\/2018\/11\/Center-of-Excellence.jpg\",\"contentUrl\":\"https:\/\/www.electroluxprofessional.com\/la\/wp-content\/uploads\/2018\/11\/Center-of-Excellence.jpg\",\"width\":359,\"height\":359,\"caption\":\"Center of Excellence\"},{\"@type\":\"BreadcrumbList\",\"@id\":\"https:\/\/www.electroluxprofessional.com\/la\/center-of-excellence\/#breadcrumb\",\"itemListElement\":[{\"@type\":\"ListItem\",\"position\":1,\"name\":\"Home\",\"item\":\"https:\/\/www.electroluxprofessional.com\/la\/\"},{\"@type\":\"ListItem\",\"position\":2,\"name\":\"Centro De Excelencia\"}]},{\"@type\":\"WebSite\",\"@id\":\"https:\/\/www.electroluxprofessional.com\/la\/#website\",\"url\":\"https:\/\/www.electroluxprofessional.com\/la\/\",\"name\":\"Electrolux Professional Latin America\",\"description\":\"Equipamiento cocinas profesionales y lavander\u00edas comerciales. Excelencia en el suministro de soluciones profesionales.\",\"potentialAction\":[{\"@type\":\"SearchAction\",\"target\":{\"@type\":\"EntryPoint\",\"urlTemplate\":\"https:\/\/www.electroluxprofessional.com\/la\/?src={search_term_string}\"},\"query-input\":\"required name=search_term_string\"}],\"inLanguage\":\"es\"}]}<\/script>\n<!-- \/ Yoast SEO plugin. -->","yoast_head_json":{"title":"Centro De Excelencia - Electrolux Professional Latin America","description":"Centro de Excelcencia es un espacio modern y functional en el que disfruta del placer de una formaci\u00f3n de vanguardia: 500 m2 dedicados a cursos, seminarios, eventos 2 cocinas did\u00e1cticas 1 lavanderia functional complete un calendario de seminarios inspirado en la formaci\u00f3n y excelencia.","robots":{"index":"index","follow":"follow","max-snippet":"max-snippet:-1","max-image-preview":"max-image-preview:large","max-video-preview":"max-video-preview:-1"},"canonical":"https:\/\/www.electroluxprofessional.com\/la\/center-of-excellence\/","og_locale":"es_MX","og_type":"article","og_title":"Centro De Excelencia - Electrolux Professional Latin America","og_description":"Centro de Excelcencia es un espacio modern y functional en el que disfruta del placer de una formaci\u00f3n de vanguardia: 500 m2 dedicados a cursos, seminarios, eventos 2 cocinas did\u00e1cticas 1 lavanderia functional complete un calendario de seminarios inspirado en la formaci\u00f3n y excelencia.","og_url":"https:\/\/www.electroluxprofessional.com\/la\/center-of-excellence\/","og_site_name":"Electrolux Professional Latin America","article_modified_time":"2018-11-12T14:06:06+00:00","og_image":[{"width":359,"height":359,"url":"https:\/\/www.electroluxprofessional.com\/la\/wp-content\/uploads\/2018\/11\/Center-of-Excellence.jpg","type":"image\/jpeg"}],"twitter_card":"summary_large_image","twitter_misc":{"Tiempo de lectura":"1 minuto"},"schema":{"@context":"https:\/\/schema.org","@graph":[{"@type":"WebPage","@id":"https:\/\/www.electroluxprofessional.com\/la\/center-of-excellence\/","url":"https:\/\/www.electroluxprofessional.com\/la\/center-of-excellence\/","name":"Centro De Excelencia - Electrolux Professional Latin America","isPartOf":{"@id":"https:\/\/www.electroluxprofessional.com\/la\/#website"},"primaryImageOfPage":{"@id":"https:\/\/www.electroluxprofessional.com\/la\/center-of-excellence\/#primaryimage"},"image":{"@id":"https:\/\/www.electroluxprofessional.com\/la\/center-of-excellence\/#primaryimage"},"thumbnailUrl":"https:\/\/www.electroluxprofessional.com\/la\/wp-content\/uploads\/2018\/11\/Center-of-Excellence.jpg","datePublished":"2017-03-28T07:34:26+00:00","dateModified":"2018-11-12T14:06:06+00:00","description":"Centro de Excelcencia es un espacio modern y functional en el que disfruta del placer de una formaci\u00f3n de vanguardia: 500 m2 dedicados a cursos, seminarios, eventos 2 cocinas did\u00e1cticas 1 lavanderia functional complete un calendario de seminarios inspirado en la formaci\u00f3n y excelencia.","breadcrumb":{"@id":"https:\/\/www.electroluxprofessional.com\/la\/center-of-excellence\/#breadcrumb"},"inLanguage":"es","potentialAction":[{"@type":"ReadAction","target":["https:\/\/www.electroluxprofessional.com\/la\/center-of-excellence\/"]}]},{"@type":"ImageObject","inLanguage":"es","@id":"https:\/\/www.electroluxprofessional.com\/la\/center-of-excellence\/#primaryimage","url":"https:\/\/www.electroluxprofessional.com\/la\/wp-content\/uploads\/2018\/11\/Center-of-Excellence.jpg","contentUrl":"https:\/\/www.electroluxprofessional.com\/la\/wp-content\/uploads\/2018\/11\/Center-of-Excellence.jpg","width":359,"height":359,"caption":"Center of Excellence"},{"@type":"BreadcrumbList","@id":"https:\/\/www.electroluxprofessional.com\/la\/center-of-excellence\/#breadcrumb","itemListElement":[{"@type":"ListItem","position":1,"name":"Home","item":"https:\/\/www.electroluxprofessional.com\/la\/"},{"@type":"ListItem","position":2,"name":"Centro De Excelencia"}]},{"@type":"WebSite","@id":"https:\/\/www.electroluxprofessional.com\/la\/#website","url":"https:\/\/www.electroluxprofessional.com\/la\/","name":"Electrolux Professional Latin America","description":"Equipamiento cocinas profesionales y lavander\u00edas comerciales. Excelencia en el suministro de soluciones profesionales.","potentialAction":[{"@type":"SearchAction","target":{"@type":"EntryPoint","urlTemplate":"https:\/\/www.electroluxprofessional.com\/la\/?src={search_term_string}"},"query-input":"required name=search_term_string"}],"inLanguage":"es"}]}},"_links":{"self":[{"href":"https:\/\/www.electroluxprofessional.com\/la\/wp-json\/wp\/v2\/pages\/3570"}],"collection":[{"href":"https:\/\/www.electroluxprofessional.com\/la\/wp-json\/wp\/v2\/pages"}],"about":[{"href":"https:\/\/www.electroluxprofessional.com\/la\/wp-json\/wp\/v2\/types\/page"}],"author":[{"embeddable":true,"href":"https:\/\/www.electroluxprofessional.com\/la\/wp-json\/wp\/v2\/users\/23"}],"replies":[{"embeddable":true,"href":"https:\/\/www.electroluxprofessional.com\/la\/wp-json\/wp\/v2\/comments?post=3570"}],"version-history":[{"count":25,"href":"https:\/\/www.electroluxprofessional.com\/la\/wp-json\/wp\/v2\/pages\/3570\/revisions"}],"predecessor-version":[{"id":4860,"href":"https:\/\/www.electroluxprofessional.com\/la\/wp-json\/wp\/v2\/pages\/3570\/revisions\/4860"}],"wp:featuredmedia":[{"embeddable":true,"href":"https:\/\/www.electroluxprofessional.com\/la\/wp-json\/wp\/v2\/media\/4940"}],"wp:attachment":[{"href":"https:\/\/www.electroluxprofessional.com\/la\/wp-json\/wp\/v2\/media?parent=3570"}],"curies":[{"name":"wp","href":"https:\/\/api.w.org\/{rel}","templated":true}]}}