{"id":3423,"date":"2017-03-23T14:20:42","date_gmt":"2017-03-23T14:20:42","guid":{"rendered":"https:\/\/www.electroluxprofessional.com\/la\/?page_id=3423"},"modified":"2025-11-05T16:27:54","modified_gmt":"2025-11-05T16:27:54","slug":"amasar-batir-laminar","status":"publish","type":"page","link":"https:\/\/www.electroluxprofessional.com\/la\/amasar-batir-laminar\/","title":{"rendered":"Preparaci\u00f3n din\u00e1mica: amasar, batir y laminar"},"content":{"rendered":"<p>[vc_row full_width=&#8221;electroluxpro-full-width-no-padding&#8221;][vc_column][elx_image_block background_image=&#8221;2674&#8243; minimum_height=&#8221;450px&#8221;][\/vc_column][\/vc_row][vc_row][vc_column][vc_empty_space][elx_heading font_container=&#8221;h1&#8243; font_size=&#8221;h2&#8243; text_color=&#8221;inherit&#8221; text_align=&#8221;text-center&#8221;]Electrolux ofrece una amplia gama de batidoras mezcladoras, amasadoras y laminadoras<br \/>\npara satisfacer las necesidades en la preparaci\u00f3n de panader\u00eda, pasteler\u00eda y pizza[\/elx_heading][vc_empty_space][\/vc_column][\/vc_row][vc_row][vc_column][elx_heading text_color=&#8221;inherit&#8221; text_align=&#8221;text-center&#8221;]<strong>Batidoras mezcladoras<\/strong>[\/elx_heading][vc_empty_space][\/vc_column][\/vc_row][vc_row][vc_column width=&#8221;1\/4&#8243;][vc_single_image image=&#8221;2675&#8243; img_size=&#8221;full&#8221;][\/vc_column][vc_column width=&#8221;1\/2&#8243;][vc_column_text]M\u00e1ximo rendimiento. Compacto pero potente. Resistente por encima de todo.<\/p>\n<p>Una amplia gama de batidoras mezcladoras: <strong>de 5 a 80 litros<\/strong>.<br \/>\nA\u00f1ada ingredientes f\u00e1cilmente con la m\u00e1quina en marcha.<br \/>\nUn sistema \u201cclip\u201d, sin tornillos, permite desmontar y limpiar el protector anti salpicaduras.[\/vc_column_text][vc_column_text]Rendimiento superior gracias a:<\/p>\n<ul>\n<li>dise\u00f1o exclusivo<\/li>\n<li>velocidad de rotaci\u00f3n variable<\/li>\n<li>herramientas que se adaptan perfectamente a la cuba, para una mezcla uniforme a\u00fan con cantidades m\u00e1s peque\u00f1as<\/li>\n<li>100% lavable en lavavajillas<\/li>\n<\/ul>\n<p>[\/vc_column_text][\/vc_column][vc_column width=&#8221;1\/4&#8243; css=&#8221;.vc_custom_1486637291714{margin-top: 0px !important;border-top-width: 0px !important;padding-top: 0px !important;}&#8221;][vc_single_image image=&#8221;2676&#8243; img_size=&#8221;full&#8221;][\/vc_column][\/vc_row][vc_row][vc_column][vc_empty_space][elx_heading text_color=&#8221;inherit&#8221; text_align=&#8221;text-center&#8221;]<strong>Amasadoras<\/strong>[\/elx_heading][\/vc_column][\/vc_row][vc_row][vc_column width=&#8221;3\/4&#8243;][vc_column_text]Siempre una mezcla perfecta.<\/p>\n<p><strong>Las amasadoras<\/strong>\u00a0son la mejor opci\u00f3n para panader\u00edas y pizzer\u00edas. Ofrecemos\u00a0<strong>amasadoras de eje oblicuo o de eje espiral<\/strong>\u00a0para la preparaci\u00f3n de panes especiales, masas de pizza, pasteles vieneses&#8230;<\/p>\n<p><strong>\u00d3ptima calidad de amasado<\/strong>\u00a0ya sea a velocidad lenta para amasado tradicional o velocidad alternativa para amasado r\u00e1pido.<\/p>\n<p>Panel de control t\u00e1ctil f\u00e1cil de usar, con temporizador incorporado para un<strong>\u00a0control preciso<\/strong>.<\/p>\n<p>Adem\u00e1s, un\u00a0<strong>dispositivo de seguridad<\/strong>\u00a0detiene la m\u00e1quina cuando la pantalla de protecci\u00f3n est\u00e1 abierta.[\/vc_column_text][\/vc_column][vc_column width=&#8221;1\/4&#8243;][vc_single_image image=&#8221;2677&#8243; img_size=&#8221;full&#8221;][\/vc_column][\/vc_row][vc_row][vc_column][elx_heading text_color=&#8221;inherit&#8221; text_align=&#8221;text-center&#8221;]<strong>Laminadoras<\/strong>[\/elx_heading][vc_empty_space][\/vc_column][\/vc_row][vc_row][vc_column width=&#8221;1\/3&#8243;][vc_column_text]<strong>Laminadora manual<\/strong><\/p>\n<ul>\n<li>Compacta y f\u00e1cil de mover<\/li>\n<li>Cilindros recubiertos de Tefl\u00f3n (\u00d8 60 mm)<\/li>\n<li>Anchura de trabajo: 400 mm<\/li>\n<li>Tablas desmontables de acero inoxidable<\/li>\n<\/ul>\n<p>[\/vc_column_text][vc_single_image image=&#8221;2678&#8243; img_size=&#8221;full&#8221;][\/vc_column][vc_column width=&#8221;1\/3&#8243;][vc_column_text]<strong>Laminadora motorizada<\/strong><\/p>\n<ul>\n<li>Rejilla de seguridad<\/li>\n<li>Tablas desmontables recubiertas de Tefl\u00f3n facilitan deslizamiento de la masa<\/li>\n<li>Cilindros de acero cromado (\u00d8 60 mm) ajustables dependiendo del espesor necesario<\/li>\n<li>Palanca manual para invertir el sentido de rotaci\u00f3n<\/li>\n<li>Contenedor de harina en la parte superior de la m\u00e1quina<\/li>\n<li>Pedal remoto para cambiar el sentido de funcionamiento (accesorio opcional)<\/li>\n<\/ul>\n<p>[\/vc_column_text][\/vc_column][vc_column width=&#8221;1\/3&#8243;][vc_column_text]<strong>Laminadora de cinta<\/strong><\/p>\n<ul>\n<li>Modelos de 1 velocidad<\/li>\n<li>Bandejas plegables para ahorrar espacio<\/li>\n<li>Rejillas con microinterruptor de seguridad para evitar lesiones<\/li>\n<li>Palanca manual para invertir el sentido de la cinta<\/li>\n<li>Anchos disponibles: 500 mm \u00f3 600 mm<br \/>\n(dependiendo modelo)<\/li>\n<li>Contenedor para harina en la parte superior<\/li>\n<li>Pedal remoto para cambiar el sentido (accesorio opcional)<\/li>\n<\/ul>\n<p>[\/vc_column_text][\/vc_column][\/vc_row][vc_row][vc_column][vc_empty_space height=&#8221;50px&#8221;][\/vc_column][\/vc_row][vc_row][vc_column width=&#8221;1\/3&#8243;][elx_download_block text=&#8221;Cat\u00e1logo<br \/>\npreparaci\u00f3n din\u00e1mica&#8221; link=&#8221;files.professional.electrolux.com\/docs\/?n=BR-9JEEL&amp;b=5&amp;l=4&#8243; background_color=&#8221;cat-create&#8221; reveal_effect=&#8221;&#8221; reveal_duration=&#8221;&#8221; reveal_delay=&#8221;&#8221;][\/vc_column][vc_column width=&#8221;1\/3&#8243;][elx_download_block text=&#8221;EMIX<br \/>\nbatidora mezcladora 5,5 litros&#8221; link=&#8221;files.professional.electrolux.com\/docs\/?n=CLF-9JE00086&amp;b=5&amp;l=4&#8243; background_color=&#8221;cat-create&#8221; reveal_effect=&#8221;&#8221; reveal_duration=&#8221;&#8221; reveal_delay=&#8221;&#8221;][\/vc_column][vc_column width=&#8221;1\/3&#8243;][elx_download_block text=&#8221;BE5 &amp; BE8<br \/>\nbatidoras mezcladoras&#8221; link=&#8221;files.professional.electrolux.com\/docs\/?n=CLF-9JEHF&amp;b=5&amp;l=4&#8243; background_color=&#8221;cat-create&#8221; reveal_effect=&#8221;&#8221; reveal_duration=&#8221;&#8221; reveal_delay=&#8221;&#8221;][\/vc_column][\/vc_row][vc_row][vc_column][vc_empty_space height=&#8221;50px&#8221;][elx_heading text_color=&#8221;inherit&#8221; text_align=&#8221;text-center&#8221;]Descubre lo que nuestros productos pueden hacer por tu negocio[\/elx_heading][elx_o2000_contact_us r=&#8221;Me gustar\u00eda tener m\u00e1s informaci\u00f3n sobre mezcladoras, batidoras y laminadoras. Por favor, contacten conmigo.&#8221; s=&#8221;Petici\u00f3n de infomaci\u00f3n sobre mezcladoras, batidoras y laminadoras&#8221; e=&#8221;pedro.baltazar@electrolux.com&#8221; l=&#8221;es&#8221; container=&#8221;elxcontactus1480081277&#8243;][vc_empty_space height=&#8221;50px&#8221;][\/vc_column][\/vc_row]<\/p>\n","protected":false},"excerpt":{"rendered":"<p>[vc_row full_width=&#8221;electroluxpro-full-width-no-padding&#8221;][vc_column][elx_image_block background_image=&#8221;2674&#8243; minimum_height=&#8221;450px&#8221;][\/vc_column][\/vc_row][vc_row][vc_column][vc_empty_space][elx_heading font_container=&#8221;h1&#8243; font_size=&#8221;h2&#8243; text_color=&#8221;inherit&#8221; text_align=&#8221;text-center&#8221;]Electrolux ofrece una amplia gama de batidoras mezcladoras, amasadoras y laminadoras para satisfacer las necesidades en la preparaci\u00f3n de panader\u00eda, pasteler\u00eda y pizza[\/elx_heading][vc_empty_space][\/vc_column][\/vc_row][vc_row][vc_column][elx_heading text_color=&#8221;inherit&#8221; text_align=&#8221;text-center&#8221;]Batidoras mezcladoras[\/elx_heading][vc_empty_space][\/vc_column][\/vc_row][vc_row][vc_column width=&#8221;1\/4&#8243;][vc_single_image image=&#8221;2675&#8243; img_size=&#8221;full&#8221;][\/vc_column][vc_column width=&#8221;1\/2&#8243;][vc_column_text]M\u00e1ximo rendimiento. Compacto pero potente. Resistente por encima de todo. Una amplia gama de batidoras mezcladoras: de 5 a [&hellip;]<\/p>\n","protected":false},"author":23,"featured_media":0,"parent":0,"menu_order":0,"comment_status":"closed","ping_status":"closed","template":"","meta":{"footnotes":""},"class_list":["post-3423","page","type-page","status-publish","hentry"],"acf":[],"yoast_head":"<!-- This site is optimized with the Yoast SEO plugin v23.3 - https:\/\/yoast.com\/wordpress\/plugins\/seo\/ -->\n<title>Preparaci\u00f3n din\u00e1mica: amasar, batir y laminar - Electrolux Professional Latin America<\/title>\n<meta name=\"robots\" content=\"index, follow, max-snippet:-1, max-image-preview:large, max-video-preview:-1\" \/>\n<link rel=\"canonical\" href=\"https:\/\/www.electroluxprofessional.com\/la\/amasar-batir-laminar\/\" \/>\n<meta property=\"og:locale\" content=\"es_MX\" \/>\n<meta property=\"og:type\" content=\"article\" \/>\n<meta property=\"og:title\" content=\"Preparaci\u00f3n din\u00e1mica: amasar, batir y laminar - Electrolux Professional Latin America\" \/>\n<meta property=\"og:description\" content=\"[vc_row full_width=&#8221;electroluxpro-full-width-no-padding&#8221;][vc_column][elx_image_block background_image=&#8221;2674&#8243; minimum_height=&#8221;450px&#8221;][\/vc_column][\/vc_row][vc_row][vc_column][vc_empty_space][elx_heading font_container=&#8221;h1&#8243; font_size=&#8221;h2&#8243; text_color=&#8221;inherit&#8221; text_align=&#8221;text-center&#8221;]Electrolux ofrece una amplia gama de batidoras mezcladoras, amasadoras y laminadoras para satisfacer las necesidades en la preparaci\u00f3n de panader\u00eda, pasteler\u00eda y pizza[\/elx_heading][vc_empty_space][\/vc_column][\/vc_row][vc_row][vc_column][elx_heading text_color=&#8221;inherit&#8221; text_align=&#8221;text-center&#8221;]Batidoras mezcladoras[\/elx_heading][vc_empty_space][\/vc_column][\/vc_row][vc_row][vc_column width=&#8221;1\/4&#8243;][vc_single_image image=&#8221;2675&#8243; img_size=&#8221;full&#8221;][\/vc_column][vc_column width=&#8221;1\/2&#8243;][vc_column_text]M\u00e1ximo rendimiento. Compacto pero potente. Resistente por encima de todo. Una amplia gama de batidoras mezcladoras: de 5 a [&hellip;]\" \/>\n<meta property=\"og:url\" content=\"https:\/\/www.electroluxprofessional.com\/la\/amasar-batir-laminar\/\" \/>\n<meta property=\"og:site_name\" content=\"Electrolux Professional Latin America\" \/>\n<meta property=\"article:modified_time\" content=\"2025-11-05T16:27:54+00:00\" \/>\n<meta name=\"twitter:card\" content=\"summary_large_image\" \/>\n<meta name=\"twitter:label1\" content=\"Tiempo de lectura\" \/>\n\t<meta name=\"twitter:data1\" content=\"2 minutos\" \/>\n<script type=\"application\/ld+json\" class=\"yoast-schema-graph\">{\"@context\":\"https:\/\/schema.org\",\"@graph\":[{\"@type\":\"WebPage\",\"@id\":\"https:\/\/www.electroluxprofessional.com\/la\/amasar-batir-laminar\/\",\"url\":\"https:\/\/www.electroluxprofessional.com\/la\/amasar-batir-laminar\/\",\"name\":\"Preparaci\u00f3n din\u00e1mica: amasar, batir y laminar - Electrolux Professional Latin America\",\"isPartOf\":{\"@id\":\"https:\/\/www.electroluxprofessional.com\/la\/#website\"},\"datePublished\":\"2017-03-23T14:20:42+00:00\",\"dateModified\":\"2025-11-05T16:27:54+00:00\",\"breadcrumb\":{\"@id\":\"https:\/\/www.electroluxprofessional.com\/la\/amasar-batir-laminar\/#breadcrumb\"},\"inLanguage\":\"es\",\"potentialAction\":[{\"@type\":\"ReadAction\",\"target\":[\"https:\/\/www.electroluxprofessional.com\/la\/amasar-batir-laminar\/\"]}]},{\"@type\":\"BreadcrumbList\",\"@id\":\"https:\/\/www.electroluxprofessional.com\/la\/amasar-batir-laminar\/#breadcrumb\",\"itemListElement\":[{\"@type\":\"ListItem\",\"position\":1,\"name\":\"Home\",\"item\":\"https:\/\/www.electroluxprofessional.com\/la\/\"},{\"@type\":\"ListItem\",\"position\":2,\"name\":\"Preparaci\u00f3n din\u00e1mica: amasar, batir y laminar\"}]},{\"@type\":\"WebSite\",\"@id\":\"https:\/\/www.electroluxprofessional.com\/la\/#website\",\"url\":\"https:\/\/www.electroluxprofessional.com\/la\/\",\"name\":\"Electrolux Professional Latin America\",\"description\":\"Equipamiento cocinas profesionales y lavander\u00edas comerciales. Excelencia en el suministro de soluciones profesionales.\",\"potentialAction\":[{\"@type\":\"SearchAction\",\"target\":{\"@type\":\"EntryPoint\",\"urlTemplate\":\"https:\/\/www.electroluxprofessional.com\/la\/?src={search_term_string}\"},\"query-input\":\"required name=search_term_string\"}],\"inLanguage\":\"es\"}]}<\/script>\n<!-- \/ Yoast SEO plugin. -->","yoast_head_json":{"title":"Preparaci\u00f3n din\u00e1mica: amasar, batir y laminar - Electrolux Professional Latin America","robots":{"index":"index","follow":"follow","max-snippet":"max-snippet:-1","max-image-preview":"max-image-preview:large","max-video-preview":"max-video-preview:-1"},"canonical":"https:\/\/www.electroluxprofessional.com\/la\/amasar-batir-laminar\/","og_locale":"es_MX","og_type":"article","og_title":"Preparaci\u00f3n din\u00e1mica: amasar, batir y laminar - Electrolux Professional Latin America","og_description":"[vc_row full_width=&#8221;electroluxpro-full-width-no-padding&#8221;][vc_column][elx_image_block background_image=&#8221;2674&#8243; minimum_height=&#8221;450px&#8221;][\/vc_column][\/vc_row][vc_row][vc_column][vc_empty_space][elx_heading font_container=&#8221;h1&#8243; font_size=&#8221;h2&#8243; text_color=&#8221;inherit&#8221; text_align=&#8221;text-center&#8221;]Electrolux ofrece una amplia gama de batidoras mezcladoras, amasadoras y laminadoras para satisfacer las necesidades en la preparaci\u00f3n de panader\u00eda, pasteler\u00eda y pizza[\/elx_heading][vc_empty_space][\/vc_column][\/vc_row][vc_row][vc_column][elx_heading text_color=&#8221;inherit&#8221; text_align=&#8221;text-center&#8221;]Batidoras mezcladoras[\/elx_heading][vc_empty_space][\/vc_column][\/vc_row][vc_row][vc_column width=&#8221;1\/4&#8243;][vc_single_image image=&#8221;2675&#8243; img_size=&#8221;full&#8221;][\/vc_column][vc_column width=&#8221;1\/2&#8243;][vc_column_text]M\u00e1ximo rendimiento. Compacto pero potente. Resistente por encima de todo. Una amplia gama de batidoras mezcladoras: de 5 a [&hellip;]","og_url":"https:\/\/www.electroluxprofessional.com\/la\/amasar-batir-laminar\/","og_site_name":"Electrolux Professional Latin America","article_modified_time":"2025-11-05T16:27:54+00:00","twitter_card":"summary_large_image","twitter_misc":{"Tiempo de lectura":"2 minutos"},"schema":{"@context":"https:\/\/schema.org","@graph":[{"@type":"WebPage","@id":"https:\/\/www.electroluxprofessional.com\/la\/amasar-batir-laminar\/","url":"https:\/\/www.electroluxprofessional.com\/la\/amasar-batir-laminar\/","name":"Preparaci\u00f3n din\u00e1mica: amasar, batir y laminar - Electrolux Professional Latin America","isPartOf":{"@id":"https:\/\/www.electroluxprofessional.com\/la\/#website"},"datePublished":"2017-03-23T14:20:42+00:00","dateModified":"2025-11-05T16:27:54+00:00","breadcrumb":{"@id":"https:\/\/www.electroluxprofessional.com\/la\/amasar-batir-laminar\/#breadcrumb"},"inLanguage":"es","potentialAction":[{"@type":"ReadAction","target":["https:\/\/www.electroluxprofessional.com\/la\/amasar-batir-laminar\/"]}]},{"@type":"BreadcrumbList","@id":"https:\/\/www.electroluxprofessional.com\/la\/amasar-batir-laminar\/#breadcrumb","itemListElement":[{"@type":"ListItem","position":1,"name":"Home","item":"https:\/\/www.electroluxprofessional.com\/la\/"},{"@type":"ListItem","position":2,"name":"Preparaci\u00f3n din\u00e1mica: amasar, batir y laminar"}]},{"@type":"WebSite","@id":"https:\/\/www.electroluxprofessional.com\/la\/#website","url":"https:\/\/www.electroluxprofessional.com\/la\/","name":"Electrolux Professional Latin America","description":"Equipamiento cocinas profesionales y lavander\u00edas comerciales. Excelencia en el suministro de soluciones profesionales.","potentialAction":[{"@type":"SearchAction","target":{"@type":"EntryPoint","urlTemplate":"https:\/\/www.electroluxprofessional.com\/la\/?src={search_term_string}"},"query-input":"required name=search_term_string"}],"inLanguage":"es"}]}},"_links":{"self":[{"href":"https:\/\/www.electroluxprofessional.com\/la\/wp-json\/wp\/v2\/pages\/3423"}],"collection":[{"href":"https:\/\/www.electroluxprofessional.com\/la\/wp-json\/wp\/v2\/pages"}],"about":[{"href":"https:\/\/www.electroluxprofessional.com\/la\/wp-json\/wp\/v2\/types\/page"}],"author":[{"embeddable":true,"href":"https:\/\/www.electroluxprofessional.com\/la\/wp-json\/wp\/v2\/users\/23"}],"replies":[{"embeddable":true,"href":"https:\/\/www.electroluxprofessional.com\/la\/wp-json\/wp\/v2\/comments?post=3423"}],"version-history":[{"count":12,"href":"https:\/\/www.electroluxprofessional.com\/la\/wp-json\/wp\/v2\/pages\/3423\/revisions"}],"predecessor-version":[{"id":16646,"href":"https:\/\/www.electroluxprofessional.com\/la\/wp-json\/wp\/v2\/pages\/3423\/revisions\/16646"}],"wp:attachment":[{"href":"https:\/\/www.electroluxprofessional.com\/la\/wp-json\/wp\/v2\/media?parent=3423"}],"curies":[{"name":"wp","href":"https:\/\/api.w.org\/{rel}","templated":true}]}}