{"id":3403,"date":"2017-03-23T10:31:41","date_gmt":"2017-03-23T10:31:41","guid":{"rendered":"https:\/\/www.electroluxprofessional.com\/la\/?page_id=3403"},"modified":"2025-11-05T16:16:30","modified_gmt":"2025-11-05T16:16:30","slug":"lavavajillas-de-capota","status":"publish","type":"page","link":"https:\/\/www.electroluxprofessional.com\/la\/lavado-de-vajilla\/lavavajillas-de-capota\/","title":{"rendered":"Lavavajillas de capota"},"content":{"rendered":"<p>[vc_row full_width=&#8221;electroluxpro-full-width-no-padding&#8221;][vc_column][elx_hero_slider label_text_color=&#8221;inherit&#8221; images=&#8221;677&#8243;][elx_heading font_container=&#8221;h1&#8243; font_size=&#8221;h2&#8243; text_color=&#8221;inherit&#8221;]<\/p>\n<h2>lavavajillas de capota Green&amp;clean<\/h2>\n<h2><\/h2>\n<p>[\/elx_heading][vc_column_text]<\/p>\n<h3>consigue un ahorro<br \/>\nde hasta 1.040\u20ac al a\u00f1o*<\/h3>\n<p>[\/vc_column_text][\/elx_hero_slider][\/vc_column][\/vc_row][vc_row][vc_column][vc_empty_space][elx_heading text_color=&#8221;inherit&#8221; text_align=&#8221;text-center&#8221;]Green&amp;Clean siempre con alg\u00fan extra.<br \/>\n[\/elx_heading][vc_empty_space height=&#8221;50px&#8221;][\/vc_column][\/vc_row][vc_row][vc_column width=&#8221;1\/2&#8243;][elx_heading font_container=&#8221;h1&#8243; font_size=&#8221;h2&#8243; text_color=&#8221;inherit&#8221;]Lavavajillas de Capota Green&amp;Clean[\/elx_heading][vc_column_text]Eficiencia, Sencillez, Rendimiento.<\/p>\n<p>Todo lo que le pidas a una m\u00e1quina, Electrolux es capaz de ofrec\u00e9rtelo. Siempre con alg\u00fan extra: eficiencia con la m\u00e1xima fiabilidad; facilidad de uso con la tecnolog\u00eda m\u00e1s innovadora; rendimiento superior combinado con ahorro de energ\u00eda, agua y detergente.<\/p>\n<p>Nuestra especializaci\u00f3n en lavado de vajillas atraviesa un largo camino, la experiencia es la clave para lograr la excelencia. \u00a0Escuchar es nuestro fuerte: en Electrolux estamos acostumbrados a escuchar a nuestros clientes, a anticipar sus necesidades para satisfacer sus peticiones sin vacilaci\u00f3n.[\/vc_column_text][\/vc_column][vc_column width=&#8221;1\/2&#8243;][vc_single_image image=&#8221;675&#8243; img_size=&#8221;full&#8221; alignment=&#8221;center&#8221;][\/vc_column][\/vc_row][vc_row][vc_column][vc_empty_space height=&#8221;50px&#8221;][\/vc_column][\/vc_row][vc_row][vc_column width=&#8221;1\/4&#8243;][vc_single_image image=&#8221;683&#8243; img_size=&#8221;full&#8221; alignment=&#8221;center&#8221;][elx_heading font_size=&#8221;h4&#8243; text_color=&#8221;inherit&#8221; text_align=&#8221;text-center&#8221;]Green[\/elx_heading][vc_column_text]Menor consumo de agua, energ\u00eda, detergente y abrillantador para reducir los costes de funcionamiento y el impacto medioambiental.[\/vc_column_text][\/vc_column][vc_column width=&#8221;1\/4&#8243;][vc_single_image image=&#8221;2489&#8243; img_size=&#8221;full&#8221; alignment=&#8221;center&#8221;][elx_heading font_size=&#8221;h4&#8243; text_color=&#8221;inherit&#8221; text_align=&#8221;text-center&#8221;]Clean[\/elx_heading][vc_column_text]El mejor rendimiento de lavado y aclarado de su clase con eliminaci\u00f3n total del detergente.[\/vc_column_text][\/vc_column][vc_column width=&#8221;1\/4&#8243;][vc_single_image image=&#8221;2490&#8243; img_size=&#8221;full&#8221; alignment=&#8221;center&#8221;][elx_heading font_size=&#8221;h4&#8243; text_color=&#8221;inherit&#8221; text_align=&#8221;text-center&#8221;]Safe[\/elx_heading][vc_column_text]Dispositivo \u00fanico WASH\u00b7SAFE CONTROL para una temperatura constante nominal de 84 \u00b0C.[\/vc_column_text][\/vc_column][vc_column width=&#8221;1\/4&#8243;][vc_single_image image=&#8221;976&#8243; alignment=&#8221;center&#8221;][elx_heading font_size=&#8221;h4&#8243; text_color=&#8221;inherit&#8221; text_align=&#8221;text-center&#8221;]Easy[\/elx_heading][vc_column_text]Funcionamiento y mantenimiento sin preocupaciones.[\/vc_column_text][\/vc_column][\/vc_row][vc_row][vc_column][vc_empty_space height=&#8221;25px&#8221;][vc_single_image image=&#8221;3279&#8243; img_size=&#8221;full&#8221;][vc_empty_space height=&#8221;18px&#8221;][vc_column_text]<em>* Ahorros obtenidos como resultado de c\u00e1lculos realizados por Electrolux Professional LAB, certificado por IMQ e INTERTEK. Comparativa hecha entre un lavavajillas de capota green&amp;clean y una m\u00e1quina equivalente convencional usando 3 lt\/ciclo para el aclarado, 100 ciclos\/d\u00eda, 300 d\u00edas de trabajo\/a\u00f1o y agua entrante a temperatura de 10 \u00b0C.<\/em>[\/vc_column_text][vc_empty_space][\/vc_column][\/vc_row][vc_row][vc_column width=&#8221;1\/3&#8243;][elx_video_block background_image=&#8221;482&#8243; video_link=&#8221;https:\/\/www.youtube.com\/watch?v=sXEMOOS6h4g&#8221; minimum_height=&#8221;260px&#8221;][\/vc_column][vc_column width=&#8221;1\/3&#8243;][elx_download_block text=&#8221;Lavavajillas de Capota Green&amp;Clean Cat\u00e1logo &#8221; link=&#8221;files.professional.electrolux.com\/docs\/?n=BR-9JEHC&amp;t=BR&amp;l=4&#8243; background_color=&#8221;orange&#8221; reveal_effect=&#8221;fadeIn&#8221; reveal_duration=&#8221;&#8221; reveal_delay=&#8221;&#8221;][\/vc_column][vc_column width=&#8221;1\/3&#8243;][elx_download_block text=&#8221;Tratamiento de Agua&#8221; link=&#8221;files.professional.electrolux.com\/docs\/?n=CLF-9JER12&amp;b=5&amp;l=4&#8243; background_color=&#8221;orange&#8221; reveal_effect=&#8221;&#8221; reveal_duration=&#8221;&#8221; reveal_delay=&#8221;&#8221;][\/vc_column][\/vc_row][vc_row][vc_column][vc_empty_space][elx_heading font_container=&#8221;h3&#8243; text_color=&#8221;inherit&#8221; text_align=&#8221;text-center&#8221;]Resultados brillantes y el mejor rendimiento[\/elx_heading][vc_empty_space][\/vc_column][\/vc_row][vc_row][vc_column width=&#8221;1\/2&#8243;][elx_image_block background_image=&#8221;1283&#8243; minimum_height=&#8221;500px&#8221;][\/vc_column][vc_column width=&#8221;1\/2&#8243;][vc_empty_space][vc_single_image image=&#8221;808&#8243; img_size=&#8221;full&#8221;][vc_column_text]<\/p>\n<div class=\"wpb_text_column wpb_content_element \">\n<div class=\"\">\n<h4>Detergentes l\u00edquidos desinfectantes<\/h4>\n<p>Para una vajilla brillante, detergentes que eliminan por completo las gotas y las manchas, dej\u00e1ndola perfectamente limpia y seca. F\u00f3rmula espec\u00edfica que evita la formaci\u00f3n de cal.<\/p>\n<\/div>\n<\/div>\n<p>[\/vc_column_text][elx_button button_text=&#8221;Ver m\u00e1s sobre accesorios y consumibles&#8221; button_style=&#8221;icon&#8221; button_link=&#8221;url:https%3A%2F%2Fprofessional.electrolux.la%2Faccesorios-y-consumibles%2Faccesorios-y-consumibles-lavado-de-vajilla%2F|title:Accessories%20and%20consumables%20for%20dishwashing||&#8221;][\/vc_column][\/vc_row][vc_row][vc_column][vc_empty_space height=&#8221;50px&#8221;][elx_heading text_color=&#8221;inherit&#8221; text_align=&#8221;text-center&#8221;]Descubre lo que los Lavavajillas de Capota pueden hacer por tu negocio[\/elx_heading][elx_o2000_contact_us r=&#8221;Me gustar\u00eda tener m\u00e1s informaci\u00f3n sobre lavavajillas de capota, por favor, contacten conmigo.&#8221; s=&#8221;Petici\u00f3n de informaci\u00f3n sobre lavavajillas de capota&#8221; e=&#8221;pedro.baltazar@electrolux.com&#8221; l=&#8221;es&#8221; container=&#8221;elxcontactus1466429748&#8243;][vc_empty_space height=&#8221;50px&#8221;][\/vc_column][\/vc_row]<\/p>\n","protected":false},"excerpt":{"rendered":"<p>[vc_row full_width=&#8221;electroluxpro-full-width-no-padding&#8221;][vc_column][elx_hero_slider label_text_color=&#8221;inherit&#8221; images=&#8221;677&#8243;][elx_heading font_container=&#8221;h1&#8243; font_size=&#8221;h2&#8243; text_color=&#8221;inherit&#8221;] lavavajillas de capota Green&amp;clean [\/elx_heading][vc_column_text] consigue un ahorro de hasta 1.040\u20ac al a\u00f1o* [\/vc_column_text][\/elx_hero_slider][\/vc_column][\/vc_row][vc_row][vc_column][vc_empty_space][elx_heading text_color=&#8221;inherit&#8221; text_align=&#8221;text-center&#8221;]Green&amp;Clean siempre con alg\u00fan extra. [\/elx_heading][vc_empty_space height=&#8221;50px&#8221;][\/vc_column][\/vc_row][vc_row][vc_column width=&#8221;1\/2&#8243;][elx_heading font_container=&#8221;h1&#8243; font_size=&#8221;h2&#8243; text_color=&#8221;inherit&#8221;]Lavavajillas de Capota Green&amp;Clean[\/elx_heading][vc_column_text]Eficiencia, Sencillez, Rendimiento. Todo lo que le pidas a una m\u00e1quina, Electrolux es capaz de ofrec\u00e9rtelo. Siempre con alg\u00fan extra: [&hellip;]<\/p>\n","protected":false},"author":23,"featured_media":0,"parent":3324,"menu_order":0,"comment_status":"closed","ping_status":"closed","template":"","meta":{"footnotes":""},"class_list":["post-3403","page","type-page","status-publish","hentry"],"acf":[],"yoast_head":"<!-- This site is optimized with the Yoast SEO plugin v23.3 - https:\/\/yoast.com\/wordpress\/plugins\/seo\/ -->\n<title>Lavavajillas de capota - Electrolux Professional Latin America<\/title>\n<meta name=\"robots\" content=\"index, follow, max-snippet:-1, max-image-preview:large, max-video-preview:-1\" \/>\n<link rel=\"canonical\" href=\"https:\/\/www.electroluxprofessional.com\/la\/lavado-de-vajilla\/lavavajillas-de-capota\/\" \/>\n<meta property=\"og:locale\" content=\"es_MX\" \/>\n<meta property=\"og:type\" content=\"article\" \/>\n<meta property=\"og:title\" content=\"Lavavajillas de capota - Electrolux Professional Latin America\" \/>\n<meta property=\"og:description\" content=\"[vc_row full_width=&#8221;electroluxpro-full-width-no-padding&#8221;][vc_column][elx_hero_slider label_text_color=&#8221;inherit&#8221; images=&#8221;677&#8243;][elx_heading font_container=&#8221;h1&#8243; font_size=&#8221;h2&#8243; text_color=&#8221;inherit&#8221;] lavavajillas de capota Green&amp;clean [\/elx_heading][vc_column_text] consigue un ahorro de hasta 1.040\u20ac al a\u00f1o* [\/vc_column_text][\/elx_hero_slider][\/vc_column][\/vc_row][vc_row][vc_column][vc_empty_space][elx_heading text_color=&#8221;inherit&#8221; text_align=&#8221;text-center&#8221;]Green&amp;Clean siempre con alg\u00fan extra. [\/elx_heading][vc_empty_space height=&#8221;50px&#8221;][\/vc_column][\/vc_row][vc_row][vc_column width=&#8221;1\/2&#8243;][elx_heading font_container=&#8221;h1&#8243; font_size=&#8221;h2&#8243; text_color=&#8221;inherit&#8221;]Lavavajillas de Capota Green&amp;Clean[\/elx_heading][vc_column_text]Eficiencia, Sencillez, Rendimiento. Todo lo que le pidas a una m\u00e1quina, Electrolux es capaz de ofrec\u00e9rtelo. Siempre con alg\u00fan extra: [&hellip;]\" \/>\n<meta property=\"og:url\" content=\"https:\/\/www.electroluxprofessional.com\/la\/lavado-de-vajilla\/lavavajillas-de-capota\/\" \/>\n<meta property=\"og:site_name\" content=\"Electrolux Professional Latin America\" \/>\n<meta property=\"article:modified_time\" content=\"2025-11-05T16:16:30+00:00\" \/>\n<meta name=\"twitter:card\" content=\"summary_large_image\" \/>\n<meta name=\"twitter:label1\" content=\"Tiempo de lectura\" \/>\n\t<meta name=\"twitter:data1\" content=\"2 minutos\" \/>\n<script type=\"application\/ld+json\" class=\"yoast-schema-graph\">{\"@context\":\"https:\/\/schema.org\",\"@graph\":[{\"@type\":\"WebPage\",\"@id\":\"https:\/\/www.electroluxprofessional.com\/la\/lavado-de-vajilla\/lavavajillas-de-capota\/\",\"url\":\"https:\/\/www.electroluxprofessional.com\/la\/lavado-de-vajilla\/lavavajillas-de-capota\/\",\"name\":\"Lavavajillas de capota - Electrolux Professional Latin America\",\"isPartOf\":{\"@id\":\"https:\/\/www.electroluxprofessional.com\/la\/#website\"},\"datePublished\":\"2017-03-23T10:31:41+00:00\",\"dateModified\":\"2025-11-05T16:16:30+00:00\",\"breadcrumb\":{\"@id\":\"https:\/\/www.electroluxprofessional.com\/la\/lavado-de-vajilla\/lavavajillas-de-capota\/#breadcrumb\"},\"inLanguage\":\"es\",\"potentialAction\":[{\"@type\":\"ReadAction\",\"target\":[\"https:\/\/www.electroluxprofessional.com\/la\/lavado-de-vajilla\/lavavajillas-de-capota\/\"]}]},{\"@type\":\"BreadcrumbList\",\"@id\":\"https:\/\/www.electroluxprofessional.com\/la\/lavado-de-vajilla\/lavavajillas-de-capota\/#breadcrumb\",\"itemListElement\":[{\"@type\":\"ListItem\",\"position\":1,\"name\":\"Home\",\"item\":\"https:\/\/www.electroluxprofessional.com\/la\/\"},{\"@type\":\"ListItem\",\"position\":2,\"name\":\"Lavado de vajilla\",\"item\":\"https:\/\/www.electroluxprofessional.com\/la\/lavado-de-vajilla\/\"},{\"@type\":\"ListItem\",\"position\":3,\"name\":\"Lavavajillas de capota\"}]},{\"@type\":\"WebSite\",\"@id\":\"https:\/\/www.electroluxprofessional.com\/la\/#website\",\"url\":\"https:\/\/www.electroluxprofessional.com\/la\/\",\"name\":\"Electrolux Professional Latin America\",\"description\":\"Equipamiento cocinas profesionales y lavander\u00edas comerciales. Excelencia en el suministro de soluciones profesionales.\",\"potentialAction\":[{\"@type\":\"SearchAction\",\"target\":{\"@type\":\"EntryPoint\",\"urlTemplate\":\"https:\/\/www.electroluxprofessional.com\/la\/?src={search_term_string}\"},\"query-input\":\"required name=search_term_string\"}],\"inLanguage\":\"es\"}]}<\/script>\n<!-- \/ Yoast SEO plugin. -->","yoast_head_json":{"title":"Lavavajillas de capota - Electrolux Professional Latin America","robots":{"index":"index","follow":"follow","max-snippet":"max-snippet:-1","max-image-preview":"max-image-preview:large","max-video-preview":"max-video-preview:-1"},"canonical":"https:\/\/www.electroluxprofessional.com\/la\/lavado-de-vajilla\/lavavajillas-de-capota\/","og_locale":"es_MX","og_type":"article","og_title":"Lavavajillas de capota - Electrolux Professional Latin America","og_description":"[vc_row full_width=&#8221;electroluxpro-full-width-no-padding&#8221;][vc_column][elx_hero_slider label_text_color=&#8221;inherit&#8221; images=&#8221;677&#8243;][elx_heading font_container=&#8221;h1&#8243; font_size=&#8221;h2&#8243; text_color=&#8221;inherit&#8221;] lavavajillas de capota Green&amp;clean [\/elx_heading][vc_column_text] consigue un ahorro de hasta 1.040\u20ac al a\u00f1o* [\/vc_column_text][\/elx_hero_slider][\/vc_column][\/vc_row][vc_row][vc_column][vc_empty_space][elx_heading text_color=&#8221;inherit&#8221; text_align=&#8221;text-center&#8221;]Green&amp;Clean siempre con alg\u00fan extra. [\/elx_heading][vc_empty_space height=&#8221;50px&#8221;][\/vc_column][\/vc_row][vc_row][vc_column width=&#8221;1\/2&#8243;][elx_heading font_container=&#8221;h1&#8243; font_size=&#8221;h2&#8243; text_color=&#8221;inherit&#8221;]Lavavajillas de Capota Green&amp;Clean[\/elx_heading][vc_column_text]Eficiencia, Sencillez, Rendimiento. Todo lo que le pidas a una m\u00e1quina, Electrolux es capaz de ofrec\u00e9rtelo. Siempre con alg\u00fan extra: [&hellip;]","og_url":"https:\/\/www.electroluxprofessional.com\/la\/lavado-de-vajilla\/lavavajillas-de-capota\/","og_site_name":"Electrolux Professional Latin America","article_modified_time":"2025-11-05T16:16:30+00:00","twitter_card":"summary_large_image","twitter_misc":{"Tiempo de lectura":"2 minutos"},"schema":{"@context":"https:\/\/schema.org","@graph":[{"@type":"WebPage","@id":"https:\/\/www.electroluxprofessional.com\/la\/lavado-de-vajilla\/lavavajillas-de-capota\/","url":"https:\/\/www.electroluxprofessional.com\/la\/lavado-de-vajilla\/lavavajillas-de-capota\/","name":"Lavavajillas de capota - Electrolux Professional Latin America","isPartOf":{"@id":"https:\/\/www.electroluxprofessional.com\/la\/#website"},"datePublished":"2017-03-23T10:31:41+00:00","dateModified":"2025-11-05T16:16:30+00:00","breadcrumb":{"@id":"https:\/\/www.electroluxprofessional.com\/la\/lavado-de-vajilla\/lavavajillas-de-capota\/#breadcrumb"},"inLanguage":"es","potentialAction":[{"@type":"ReadAction","target":["https:\/\/www.electroluxprofessional.com\/la\/lavado-de-vajilla\/lavavajillas-de-capota\/"]}]},{"@type":"BreadcrumbList","@id":"https:\/\/www.electroluxprofessional.com\/la\/lavado-de-vajilla\/lavavajillas-de-capota\/#breadcrumb","itemListElement":[{"@type":"ListItem","position":1,"name":"Home","item":"https:\/\/www.electroluxprofessional.com\/la\/"},{"@type":"ListItem","position":2,"name":"Lavado de vajilla","item":"https:\/\/www.electroluxprofessional.com\/la\/lavado-de-vajilla\/"},{"@type":"ListItem","position":3,"name":"Lavavajillas de capota"}]},{"@type":"WebSite","@id":"https:\/\/www.electroluxprofessional.com\/la\/#website","url":"https:\/\/www.electroluxprofessional.com\/la\/","name":"Electrolux Professional Latin America","description":"Equipamiento cocinas profesionales y lavander\u00edas comerciales. Excelencia en el suministro de soluciones profesionales.","potentialAction":[{"@type":"SearchAction","target":{"@type":"EntryPoint","urlTemplate":"https:\/\/www.electroluxprofessional.com\/la\/?src={search_term_string}"},"query-input":"required name=search_term_string"}],"inLanguage":"es"}]}},"_links":{"self":[{"href":"https:\/\/www.electroluxprofessional.com\/la\/wp-json\/wp\/v2\/pages\/3403"}],"collection":[{"href":"https:\/\/www.electroluxprofessional.com\/la\/wp-json\/wp\/v2\/pages"}],"about":[{"href":"https:\/\/www.electroluxprofessional.com\/la\/wp-json\/wp\/v2\/types\/page"}],"author":[{"embeddable":true,"href":"https:\/\/www.electroluxprofessional.com\/la\/wp-json\/wp\/v2\/users\/23"}],"replies":[{"embeddable":true,"href":"https:\/\/www.electroluxprofessional.com\/la\/wp-json\/wp\/v2\/comments?post=3403"}],"version-history":[{"count":7,"href":"https:\/\/www.electroluxprofessional.com\/la\/wp-json\/wp\/v2\/pages\/3403\/revisions"}],"predecessor-version":[{"id":16631,"href":"https:\/\/www.electroluxprofessional.com\/la\/wp-json\/wp\/v2\/pages\/3403\/revisions\/16631"}],"up":[{"embeddable":true,"href":"https:\/\/www.electroluxprofessional.com\/la\/wp-json\/wp\/v2\/pages\/3324"}],"wp:attachment":[{"href":"https:\/\/www.electroluxprofessional.com\/la\/wp-json\/wp\/v2\/media?parent=3403"}],"curies":[{"name":"wp","href":"https:\/\/api.w.org\/{rel}","templated":true}]}}