{"id":3361,"date":"2017-03-21T14:19:55","date_gmt":"2017-03-21T14:19:55","guid":{"rendered":"https:\/\/www.electroluxprofessional.com\/la\/?page_id=3361"},"modified":"2025-11-05T16:26:59","modified_gmt":"2025-11-05T16:26:59","slug":"pelar-lavar-secar","status":"publish","type":"page","link":"https:\/\/www.electroluxprofessional.com\/la\/pelar-lavar-secar\/","title":{"rendered":"Preparaci\u00f3n Din\u00e1mica: pelar, lavar y secar"},"content":{"rendered":"<p>[vc_row full_width=&#8221;electroluxpro-full-width-no-padding&#8221;][vc_column][elx_image_block background_image=&#8221;2669&#8243; minimum_height=&#8221;400px&#8221;][\/vc_column][\/vc_row][vc_row][vc_column][vc_empty_space][elx_heading font_container=&#8221;h1&#8243; font_size=&#8221;h2&#8243; text_color=&#8221;inherit&#8221; text_align=&#8221;text-center&#8221;]Pelar, lavar y secar con nuestra gama de<br \/>\npeladoras, lavaverduras y centr\u00edfugas[\/elx_heading][vc_empty_space][\/vc_column][\/vc_row][vc_row][vc_column][elx_heading text_color=&#8221;inherit&#8221; text_align=&#8221;text-center&#8221;]<strong>Peladoras multifunci\u00f3n<\/strong>[\/elx_heading][\/vc_column][\/vc_row][vc_row][vc_column width=&#8221;1\/4&#8243;][elx_video_block background_image=&#8221;2670&#8243; video_link=&#8221;https:\/\/www.youtube.com\/watch?v=od6ljHaJmLA&#8221; minimum_height=&#8221;442px&#8221;][\/vc_column][vc_column width=&#8221;3\/4&#8243;][vc_empty_space][vc_column_text]Las<strong> peladoras Electrolux <\/strong>resuelven el problema de eliminar <strong>la piel de la patata\u00a0<\/strong>y adem\u00e1s tambi\u00e9n\u00a0<strong>pelan y lavan verduras y limpian mariscos de concha.<\/strong><\/p>\n<p>Se suministra con plato abrasivo como est\u00e1ndar para un resultado de alta calidad.<\/p>\n<p>Nuestras peladoras tienen <strong>diferentes capacidades de pelado <\/strong>para satisfacer las necesidades de los peque\u00f1os y medianos restaurantes y garantizar una\u00a0<strong>producci\u00f3n m\u00e1xima\u00a0de\u00a080 kg\/h a 400 kg\/h<\/strong>\u00a0de verduras peladas.<\/p>\n<p><strong>Panel de control t\u00e1ctil resistente al agua, simple y f\u00e1cil de usar,<\/strong>\u00a0con bot\u00f3n de reinicio y temporizador programable.<\/p>\n<div><\/div>\n<p>[\/vc_column_text][\/vc_column][\/vc_row][vc_row][vc_column][vc_empty_space][elx_heading text_color=&#8221;inherit&#8221; text_align=&#8221;text-center&#8221;]<strong>Lavaverduras y centr\u00edfugas<\/strong>[\/elx_heading][\/vc_column][\/vc_row][vc_row][vc_column width=&#8221;3\/4&#8243;][vc_empty_space][vc_column_text]Electrolux ofrece una amplia gama de\u00a0<strong>lavaverduras<\/strong>, <strong>centr\u00edfugas<\/strong>\u00a0y\u00a0<strong>m\u00e1quinas combinadas<\/strong>\u00a0que proporcionan soluciones 2 en 1 para cualquier tama\u00f1o de cocina. Son elementos esenciales en cocinas peque\u00f1as, medianas y grandes.<\/p>\n<p>Elije lo mejor para tu cocina profesional, para lavar y secar lechugas, espinacas, puerros, perejil, repollo, br\u00f3coli y alcachofas en tiempo r\u00e9cord, asegurando que el sabor y la textura se mantienen hasta que se sirve.<\/p>\n<p>Todos nuestros equipos est\u00e1n dise\u00f1ados <strong>para tratar de modo eficiente y\u00a0seguro cualquier tipo de hortalizas,\u00a0garantizando la higiene<\/strong> y son f\u00e1ciles de limpiar.<\/p>\n<div><\/div>\n<p>[\/vc_column_text][\/vc_column][vc_column width=&#8221;1\/4&#8243;][vc_single_image image=&#8221;2672&#8243; img_size=&#8221;full&#8221;][\/vc_column][\/vc_row][vc_row][vc_column][vc_empty_space][\/vc_column][\/vc_row][vc_row][vc_column width=&#8221;1\/3&#8243;][elx_download_block text=&#8221;Cat\u00e1logo de Producto<br \/>\npreparaci\u00f3n din\u00e1mica&#8221; link=&#8221;files.professional.electrolux.com\/docs\/?n=BR-9JEEL&amp;b=5&amp;l=4&#8243; background_color=&#8221;cat-create&#8221; reveal_effect=&#8221;fadeIn&#8221; reveal_duration=&#8221;&#8221; reveal_delay=&#8221;&#8221;][\/vc_column][vc_column width=&#8221;1\/3&#8243;][elx_download_block text=&#8221;Descubre nuestras cortadoras, picadoras y trituradores&#8221; link=&#8221;https:\/\/www.electroluxprofessional.com\/la\/equipamiento-cocinas-profesionales\/cortar-triturar-picar\/&#8221; link_target=&#8221;self&#8221; background_color=&#8221;cat-create&#8221; reveal_effect=&#8221;&#8221; reveal_duration=&#8221;&#8221; reveal_delay=&#8221;&#8221; background_image=&#8221;2671&#8243;][\/vc_column][vc_column width=&#8221;1\/3&#8243;][elx_download_block text=&#8221;Descubre nuestras amasadoras<br \/>\ny laminadoras&#8221; link=&#8221;https:\/\/www.electroluxprofessional.com\/la\/equipamiento-cocinas-profesionales\/amasar-batir-laminar\/&#8221; link_target=&#8221;self&#8221; background_color=&#8221;cat-create&#8221; reveal_effect=&#8221;&#8221; reveal_duration=&#8221;&#8221; reveal_delay=&#8221;&#8221; background_image=&#8221;1899&#8243;][\/vc_column][\/vc_row][vc_row][vc_column][vc_empty_space height=&#8221;50px&#8221;][elx_heading text_color=&#8221;inherit&#8221; text_align=&#8221;text-center&#8221;]Descubre lo que nuestras peladoras, lavaverduras y centr\u00edfugas pueden hacer por tu negocio[\/elx_heading][elx_o2000_contact_us r=&#8221;Me gustar\u00eda tener m\u00e1s informaci\u00f3n sobre peladoras, lavaverduras y centr\u00edfugas. Por favor, contacten conmigo.&#8221; s=&#8221;Petici\u00f3n de informaci\u00f3n sobre peladoras, lavaverduras y centr\u00edfugas&#8221; e=&#8221;pedro.baltazar@electrolux.com&#8221; l=&#8221;es&#8221; container=&#8221;elxcontactus1480070717&#8243;][vc_empty_space height=&#8221;50px&#8221;][\/vc_column][\/vc_row]<\/p>\n","protected":false},"excerpt":{"rendered":"<p>[vc_row full_width=&#8221;electroluxpro-full-width-no-padding&#8221;][vc_column][elx_image_block background_image=&#8221;2669&#8243; minimum_height=&#8221;400px&#8221;][\/vc_column][\/vc_row][vc_row][vc_column][vc_empty_space][elx_heading font_container=&#8221;h1&#8243; font_size=&#8221;h2&#8243; text_color=&#8221;inherit&#8221; text_align=&#8221;text-center&#8221;]Pelar, lavar y secar con nuestra gama de peladoras, lavaverduras y centr\u00edfugas[\/elx_heading][vc_empty_space][\/vc_column][\/vc_row][vc_row][vc_column][elx_heading text_color=&#8221;inherit&#8221; text_align=&#8221;text-center&#8221;]Peladoras multifunci\u00f3n[\/elx_heading][\/vc_column][\/vc_row][vc_row][vc_column width=&#8221;1\/4&#8243;][elx_video_block background_image=&#8221;2670&#8243; video_link=&#8221;https:\/\/www.youtube.com\/watch?v=od6ljHaJmLA&#8221; minimum_height=&#8221;442px&#8221;][\/vc_column][vc_column width=&#8221;3\/4&#8243;][vc_empty_space][vc_column_text]Las peladoras Electrolux resuelven el problema de eliminar la piel de la patata\u00a0y adem\u00e1s tambi\u00e9n\u00a0pelan y lavan verduras y limpian mariscos de concha. Se suministra con plato abrasivo como [&hellip;]<\/p>\n","protected":false},"author":23,"featured_media":4967,"parent":0,"menu_order":0,"comment_status":"closed","ping_status":"closed","template":"","meta":{"footnotes":""},"class_list":["post-3361","page","type-page","status-publish","has-post-thumbnail","hentry"],"acf":[],"yoast_head":"<!-- This site is optimized with the Yoast SEO plugin v23.3 - https:\/\/yoast.com\/wordpress\/plugins\/seo\/ -->\n<title>Preparaci\u00f3n Din\u00e1mica: pelar, lavar y secar - Electrolux Professional Latin America<\/title>\n<meta name=\"robots\" content=\"index, follow, max-snippet:-1, max-image-preview:large, max-video-preview:-1\" \/>\n<link rel=\"canonical\" href=\"https:\/\/www.electroluxprofessional.com\/la\/pelar-lavar-secar\/\" \/>\n<meta property=\"og:locale\" content=\"es_MX\" \/>\n<meta property=\"og:type\" content=\"article\" \/>\n<meta property=\"og:title\" content=\"Preparaci\u00f3n Din\u00e1mica: pelar, lavar y secar - Electrolux Professional Latin America\" \/>\n<meta property=\"og:description\" content=\"[vc_row full_width=&#8221;electroluxpro-full-width-no-padding&#8221;][vc_column][elx_image_block background_image=&#8221;2669&#8243; minimum_height=&#8221;400px&#8221;][\/vc_column][\/vc_row][vc_row][vc_column][vc_empty_space][elx_heading font_container=&#8221;h1&#8243; font_size=&#8221;h2&#8243; text_color=&#8221;inherit&#8221; text_align=&#8221;text-center&#8221;]Pelar, lavar y secar con nuestra gama de peladoras, lavaverduras y centr\u00edfugas[\/elx_heading][vc_empty_space][\/vc_column][\/vc_row][vc_row][vc_column][elx_heading text_color=&#8221;inherit&#8221; text_align=&#8221;text-center&#8221;]Peladoras multifunci\u00f3n[\/elx_heading][\/vc_column][\/vc_row][vc_row][vc_column width=&#8221;1\/4&#8243;][elx_video_block background_image=&#8221;2670&#8243; video_link=&#8221;https:\/\/www.youtube.com\/watch?v=od6ljHaJmLA&#8221; minimum_height=&#8221;442px&#8221;][\/vc_column][vc_column width=&#8221;3\/4&#8243;][vc_empty_space][vc_column_text]Las peladoras Electrolux resuelven el problema de eliminar la piel de la patata\u00a0y adem\u00e1s tambi\u00e9n\u00a0pelan y lavan verduras y limpian mariscos de concha. Se suministra con plato abrasivo como [&hellip;]\" \/>\n<meta property=\"og:url\" content=\"https:\/\/www.electroluxprofessional.com\/la\/pelar-lavar-secar\/\" \/>\n<meta property=\"og:site_name\" content=\"Electrolux Professional Latin America\" \/>\n<meta property=\"article:modified_time\" content=\"2025-11-05T16:26:59+00:00\" \/>\n<meta property=\"og:image\" content=\"https:\/\/www.electroluxprofessional.com\/la\/wp-content\/uploads\/2018\/11\/Preparacion-Dinamica.jpg\" \/>\n\t<meta property=\"og:image:width\" content=\"1228\" \/>\n\t<meta property=\"og:image:height\" content=\"398\" \/>\n\t<meta property=\"og:image:type\" content=\"image\/jpeg\" \/>\n<meta name=\"twitter:card\" content=\"summary_large_image\" \/>\n<meta name=\"twitter:label1\" content=\"Tiempo de lectura\" \/>\n\t<meta name=\"twitter:data1\" content=\"2 minutos\" \/>\n<script type=\"application\/ld+json\" class=\"yoast-schema-graph\">{\"@context\":\"https:\/\/schema.org\",\"@graph\":[{\"@type\":\"WebPage\",\"@id\":\"https:\/\/www.electroluxprofessional.com\/la\/pelar-lavar-secar\/\",\"url\":\"https:\/\/www.electroluxprofessional.com\/la\/pelar-lavar-secar\/\",\"name\":\"Preparaci\u00f3n Din\u00e1mica: pelar, lavar y secar - Electrolux Professional Latin America\",\"isPartOf\":{\"@id\":\"https:\/\/www.electroluxprofessional.com\/la\/#website\"},\"primaryImageOfPage\":{\"@id\":\"https:\/\/www.electroluxprofessional.com\/la\/pelar-lavar-secar\/#primaryimage\"},\"image\":{\"@id\":\"https:\/\/www.electroluxprofessional.com\/la\/pelar-lavar-secar\/#primaryimage\"},\"thumbnailUrl\":\"https:\/\/www.electroluxprofessional.com\/la\/wp-content\/uploads\/2018\/11\/Preparacion-Dinamica.jpg\",\"datePublished\":\"2017-03-21T14:19:55+00:00\",\"dateModified\":\"2025-11-05T16:26:59+00:00\",\"breadcrumb\":{\"@id\":\"https:\/\/www.electroluxprofessional.com\/la\/pelar-lavar-secar\/#breadcrumb\"},\"inLanguage\":\"es\",\"potentialAction\":[{\"@type\":\"ReadAction\",\"target\":[\"https:\/\/www.electroluxprofessional.com\/la\/pelar-lavar-secar\/\"]}]},{\"@type\":\"ImageObject\",\"inLanguage\":\"es\",\"@id\":\"https:\/\/www.electroluxprofessional.com\/la\/pelar-lavar-secar\/#primaryimage\",\"url\":\"https:\/\/www.electroluxprofessional.com\/la\/wp-content\/uploads\/2018\/11\/Preparacion-Dinamica.jpg\",\"contentUrl\":\"https:\/\/www.electroluxprofessional.com\/la\/wp-content\/uploads\/2018\/11\/Preparacion-Dinamica.jpg\",\"width\":1228,\"height\":398,\"caption\":\"Preparaci\u00f3n Din\u00e1mica\"},{\"@type\":\"BreadcrumbList\",\"@id\":\"https:\/\/www.electroluxprofessional.com\/la\/pelar-lavar-secar\/#breadcrumb\",\"itemListElement\":[{\"@type\":\"ListItem\",\"position\":1,\"name\":\"Home\",\"item\":\"https:\/\/www.electroluxprofessional.com\/la\/\"},{\"@type\":\"ListItem\",\"position\":2,\"name\":\"Preparaci\u00f3n Din\u00e1mica: pelar, lavar y secar\"}]},{\"@type\":\"WebSite\",\"@id\":\"https:\/\/www.electroluxprofessional.com\/la\/#website\",\"url\":\"https:\/\/www.electroluxprofessional.com\/la\/\",\"name\":\"Electrolux Professional Latin America\",\"description\":\"Equipamiento cocinas profesionales y lavander\u00edas comerciales. Excelencia en el suministro de soluciones profesionales.\",\"potentialAction\":[{\"@type\":\"SearchAction\",\"target\":{\"@type\":\"EntryPoint\",\"urlTemplate\":\"https:\/\/www.electroluxprofessional.com\/la\/?src={search_term_string}\"},\"query-input\":\"required name=search_term_string\"}],\"inLanguage\":\"es\"}]}<\/script>\n<!-- \/ Yoast SEO plugin. -->","yoast_head_json":{"title":"Preparaci\u00f3n Din\u00e1mica: pelar, lavar y secar - Electrolux Professional Latin America","robots":{"index":"index","follow":"follow","max-snippet":"max-snippet:-1","max-image-preview":"max-image-preview:large","max-video-preview":"max-video-preview:-1"},"canonical":"https:\/\/www.electroluxprofessional.com\/la\/pelar-lavar-secar\/","og_locale":"es_MX","og_type":"article","og_title":"Preparaci\u00f3n Din\u00e1mica: pelar, lavar y secar - Electrolux Professional Latin America","og_description":"[vc_row full_width=&#8221;electroluxpro-full-width-no-padding&#8221;][vc_column][elx_image_block background_image=&#8221;2669&#8243; minimum_height=&#8221;400px&#8221;][\/vc_column][\/vc_row][vc_row][vc_column][vc_empty_space][elx_heading font_container=&#8221;h1&#8243; font_size=&#8221;h2&#8243; text_color=&#8221;inherit&#8221; text_align=&#8221;text-center&#8221;]Pelar, lavar y secar con nuestra gama de peladoras, lavaverduras y centr\u00edfugas[\/elx_heading][vc_empty_space][\/vc_column][\/vc_row][vc_row][vc_column][elx_heading text_color=&#8221;inherit&#8221; text_align=&#8221;text-center&#8221;]Peladoras multifunci\u00f3n[\/elx_heading][\/vc_column][\/vc_row][vc_row][vc_column width=&#8221;1\/4&#8243;][elx_video_block background_image=&#8221;2670&#8243; video_link=&#8221;https:\/\/www.youtube.com\/watch?v=od6ljHaJmLA&#8221; minimum_height=&#8221;442px&#8221;][\/vc_column][vc_column width=&#8221;3\/4&#8243;][vc_empty_space][vc_column_text]Las peladoras Electrolux resuelven el problema de eliminar la piel de la patata\u00a0y adem\u00e1s tambi\u00e9n\u00a0pelan y lavan verduras y limpian mariscos de concha. Se suministra con plato abrasivo como [&hellip;]","og_url":"https:\/\/www.electroluxprofessional.com\/la\/pelar-lavar-secar\/","og_site_name":"Electrolux Professional Latin America","article_modified_time":"2025-11-05T16:26:59+00:00","og_image":[{"width":1228,"height":398,"url":"https:\/\/www.electroluxprofessional.com\/la\/wp-content\/uploads\/2018\/11\/Preparacion-Dinamica.jpg","type":"image\/jpeg"}],"twitter_card":"summary_large_image","twitter_misc":{"Tiempo de lectura":"2 minutos"},"schema":{"@context":"https:\/\/schema.org","@graph":[{"@type":"WebPage","@id":"https:\/\/www.electroluxprofessional.com\/la\/pelar-lavar-secar\/","url":"https:\/\/www.electroluxprofessional.com\/la\/pelar-lavar-secar\/","name":"Preparaci\u00f3n Din\u00e1mica: pelar, lavar y secar - Electrolux Professional Latin America","isPartOf":{"@id":"https:\/\/www.electroluxprofessional.com\/la\/#website"},"primaryImageOfPage":{"@id":"https:\/\/www.electroluxprofessional.com\/la\/pelar-lavar-secar\/#primaryimage"},"image":{"@id":"https:\/\/www.electroluxprofessional.com\/la\/pelar-lavar-secar\/#primaryimage"},"thumbnailUrl":"https:\/\/www.electroluxprofessional.com\/la\/wp-content\/uploads\/2018\/11\/Preparacion-Dinamica.jpg","datePublished":"2017-03-21T14:19:55+00:00","dateModified":"2025-11-05T16:26:59+00:00","breadcrumb":{"@id":"https:\/\/www.electroluxprofessional.com\/la\/pelar-lavar-secar\/#breadcrumb"},"inLanguage":"es","potentialAction":[{"@type":"ReadAction","target":["https:\/\/www.electroluxprofessional.com\/la\/pelar-lavar-secar\/"]}]},{"@type":"ImageObject","inLanguage":"es","@id":"https:\/\/www.electroluxprofessional.com\/la\/pelar-lavar-secar\/#primaryimage","url":"https:\/\/www.electroluxprofessional.com\/la\/wp-content\/uploads\/2018\/11\/Preparacion-Dinamica.jpg","contentUrl":"https:\/\/www.electroluxprofessional.com\/la\/wp-content\/uploads\/2018\/11\/Preparacion-Dinamica.jpg","width":1228,"height":398,"caption":"Preparaci\u00f3n Din\u00e1mica"},{"@type":"BreadcrumbList","@id":"https:\/\/www.electroluxprofessional.com\/la\/pelar-lavar-secar\/#breadcrumb","itemListElement":[{"@type":"ListItem","position":1,"name":"Home","item":"https:\/\/www.electroluxprofessional.com\/la\/"},{"@type":"ListItem","position":2,"name":"Preparaci\u00f3n Din\u00e1mica: pelar, lavar y secar"}]},{"@type":"WebSite","@id":"https:\/\/www.electroluxprofessional.com\/la\/#website","url":"https:\/\/www.electroluxprofessional.com\/la\/","name":"Electrolux Professional Latin America","description":"Equipamiento cocinas profesionales y lavander\u00edas comerciales. Excelencia en el suministro de soluciones profesionales.","potentialAction":[{"@type":"SearchAction","target":{"@type":"EntryPoint","urlTemplate":"https:\/\/www.electroluxprofessional.com\/la\/?src={search_term_string}"},"query-input":"required name=search_term_string"}],"inLanguage":"es"}]}},"_links":{"self":[{"href":"https:\/\/www.electroluxprofessional.com\/la\/wp-json\/wp\/v2\/pages\/3361"}],"collection":[{"href":"https:\/\/www.electroluxprofessional.com\/la\/wp-json\/wp\/v2\/pages"}],"about":[{"href":"https:\/\/www.electroluxprofessional.com\/la\/wp-json\/wp\/v2\/types\/page"}],"author":[{"embeddable":true,"href":"https:\/\/www.electroluxprofessional.com\/la\/wp-json\/wp\/v2\/users\/23"}],"replies":[{"embeddable":true,"href":"https:\/\/www.electroluxprofessional.com\/la\/wp-json\/wp\/v2\/comments?post=3361"}],"version-history":[{"count":17,"href":"https:\/\/www.electroluxprofessional.com\/la\/wp-json\/wp\/v2\/pages\/3361\/revisions"}],"predecessor-version":[{"id":16644,"href":"https:\/\/www.electroluxprofessional.com\/la\/wp-json\/wp\/v2\/pages\/3361\/revisions\/16644"}],"wp:featuredmedia":[{"embeddable":true,"href":"https:\/\/www.electroluxprofessional.com\/la\/wp-json\/wp\/v2\/media\/4967"}],"wp:attachment":[{"href":"https:\/\/www.electroluxprofessional.com\/la\/wp-json\/wp\/v2\/media?parent=3361"}],"curies":[{"name":"wp","href":"https:\/\/api.w.org\/{rel}","templated":true}]}}