{"id":3208,"date":"2017-03-14T10:05:59","date_gmt":"2017-03-14T10:05:59","guid":{"rendered":"https:\/\/www.electroluxprofessional.com\/la\/?page_id=3208"},"modified":"2025-11-05T16:21:05","modified_gmt":"2025-11-05T16:21:05","slug":"lavavasos-y-bajomostradores","status":"publish","type":"page","link":"https:\/\/www.electroluxprofessional.com\/la\/lavavasos-y-bajomostradores\/","title":{"rendered":"Lavavasos y Bajomostradores"},"content":{"rendered":"<p>[vc_row full_width=&#8221;electroluxpro-full-width-no-padding&#8221;][vc_column][elx_hero_slider label_text_color=&#8221;inherit&#8221; images=&#8221;2637&#8243;][elx_heading font_container=&#8221;h1&#8243; font_size=&#8221;h2&#8243; text_color=&#8221;inherit&#8221;]Lavavasos y<br \/>\nlavavajillas<br \/>\nBajomostrador[\/elx_heading][\/elx_hero_slider][\/vc_column][\/vc_row][vc_row][vc_column][vc_empty_space height=&#8221;50px&#8221;][elx_heading font_size=&#8221;h2&#8243; text_color=&#8221;inherit&#8221; text_align=&#8221;text-center&#8221;]M\u00e1s f\u00e1cil, m\u00e1s seguro, m\u00e1s enfocado a tus clientes[\/elx_heading][vc_empty_space height=&#8221;50px&#8221;][\/vc_column][\/vc_row][vc_row][vc_column width=&#8221;1\/2&#8243;][elx_image_block background_image=&#8221;2623&#8243; minimum_height=&#8221;500px&#8221;][\/vc_column][vc_column width=&#8221;1\/2&#8243;][elx_heading text_color=&#8221;inherit&#8221;]Lavavasos E-flex[\/elx_heading][vc_empty_space height=&#8221;15px&#8221;][vc_column_text]Programas complejos que provocan lentitud de funcionamiento y una mala ergonom\u00eda son los problemas diarios a los que se enfrentan muchos negocios.<\/p>\n<p>Tanto si tienes un bar, un pub o un caf\u00e9, tu objetivo es siempre atender a tus clientes de la mejor forma posible.<\/p>\n<p>Un servicio r\u00e1pido de lavado de vasos y copas.<\/p>\n<p>Esto es posible gracias a los \u00a0<strong>Lavavasos E-flex<\/strong>\u00a0de Electrolux Professional.[\/vc_column_text][\/vc_column][\/vc_row][vc_row][vc_column][vc_empty_space height=&#8221;50px&#8221;][\/vc_column][\/vc_row][vc_row][vc_column width=&#8221;1\/4&#8243;][elx_image_block background_image=&#8221;2624&#8243; minimum_height=&#8221;300px&#8221;][elx_heading font_size=&#8221;h4&#8243; text_color=&#8221;inherit&#8221;]En menos<br \/>\ntiempo[\/elx_heading][vc_column_text]Panel electr\u00f3nico con visor de temperatura para monitorizaci\u00f3n de la m\u00e1quina.[\/vc_column_text][\/vc_column][vc_column width=&#8221;1\/4&#8243;][elx_image_block background_image=&#8221;2625&#8243; minimum_height=&#8221;300px&#8221;][elx_heading font_size=&#8221;h4&#8243; text_color=&#8221;inherit&#8221;]Seguro y<br \/>\nergon\u00f3mico[\/elx_heading][vc_column_text]Puerta con contrapeso para apertura y cierre suave.[\/vc_column_text][\/vc_column][vc_column width=&#8221;1\/4&#8243;][elx_image_block background_image=&#8221;2626&#8243; minimum_height=&#8221;300px&#8221;][elx_heading font_size=&#8221;h4&#8243; text_color=&#8221;inherit&#8221;]Rendimiento<br \/>\nexcepcional[\/elx_heading][vc_column_text]Resultados perfectos gracias a los brazos de aclarado dobles superiores e inferiores.[\/vc_column_text][\/vc_column][vc_column width=&#8221;1\/4&#8243;][elx_image_block background_image=&#8221;2627&#8243; minimum_height=&#8221;300px&#8221;][elx_heading font_size=&#8221;h4&#8243; text_color=&#8221;inherit&#8221;]Higiene<br \/>\nexcelente[\/elx_heading][vc_column_text]Fabricaci\u00f3n en acero inoxidable dise\u00f1ado para una f\u00e1cil limpieza e higiene perfecta.[\/vc_column_text][\/vc_column][\/vc_row][vc_row disable_element=&#8221;yes&#8221;][vc_column width=&#8221;1\/4&#8243;][vc_empty_space][\/vc_column][vc_column width=&#8221;1\/4&#8243;][elx_image_block background_image=&#8221;2628&#8243; minimum_height=&#8221;300px&#8221;][elx_heading font_size=&#8221;h4&#8243; text_color=&#8221;inherit&#8221;]Long<br \/>\nlifetime[\/elx_heading][vc_column_text]Robust construction with heavy-duty stainless steel components.[\/vc_column_text][\/vc_column][vc_column width=&#8221;1\/4&#8243;][elx_image_block background_image=&#8221;2629&#8243; minimum_height=&#8221;300px&#8221;][elx_heading font_size=&#8221;h4&#8243; text_color=&#8221;inherit&#8221;]Best<br \/>\nwork-ergonomy[\/elx_heading][vc_column_text]Double skin insulated door and cabinet ensure a more silent operation and less heat dispersion.[\/vc_column_text][\/vc_column][vc_column width=&#8221;1\/4&#8243;][\/vc_column][\/vc_row][vc_row css=&#8221;.vc_custom_1484573085298{margin-top: 0px !important;border-top-width: 0px !important;padding-top: 0px !important;}&#8221;][vc_column][elx_button button_text=&#8221;Accesorios y consumibles&#8221; button_style=&#8221;icon&#8221; button_link=&#8221;url:https%3A%2F%2Fprofessional.electrolux.la%2Faccesorios-y-consumibles%2Faccesorios-y-consumibles-lavado-de-vajilla%2F|title:Accessories%20and%20consumables%20for%20dishwashing||&#8221;][\/vc_column][\/vc_row][vc_row][vc_column][vc_empty_space height=&#8221;50px&#8221;][\/vc_column][\/vc_row][vc_row][vc_column width=&#8221;1\/4&#8243;][elx_video_block background_image=&#8221;2630&#8243; video_link=&#8221;https:\/\/www.youtube.com\/watch?v=qeVfwgTkxyY&#8221; minimum_height=&#8221;260px&#8221;][\/vc_column][vc_column width=&#8221;1\/4&#8243;][elx_download_block text=&#8221;Lavavasos electr\u00f3nicos E-flex&#8221; link=&#8221;files.professional.electrolux.com\/docs\/?n=CLF-9JE00063&amp;b=5&amp;l=4&#8243; reveal_effect=&#8221;&#8221; reveal_duration=&#8221;&#8221; reveal_delay=&#8221;&#8221;][\/vc_column][vc_column width=&#8221;1\/4&#8243;][elx_download_block text=&#8221;Lavavasos E-flex&#8221; link=&#8221;files.professional.electrolux.com\/docs\/?n=CLF-9JE00004&amp;b=5&amp;l=4&#8243; reveal_effect=&#8221;&#8221; reveal_duration=&#8221;&#8221; reveal_delay=&#8221;&#8221;][\/vc_column][vc_column width=&#8221;1\/4&#8243;][elx_download_block text=&#8221;Tratamiento de agua&#8221; link=&#8221;files.professional.electrolux.com\/docs\/?n=CLF-9JER12&amp;b=5&amp;l=4&#8243; reveal_effect=&#8221;&#8221; reveal_duration=&#8221;&#8221; reveal_delay=&#8221;&#8221;][\/vc_column][\/vc_row][vc_row][vc_column][vc_empty_space height=&#8221;60px&#8221;][\/vc_column][\/vc_row][vc_row][vc_column width=&#8221;1\/2&#8243;][vc_empty_space][elx_heading text_color=&#8221;inherit&#8221;]Lavavajillas bajomostrador[\/elx_heading][vc_empty_space height=&#8221;15px&#8221;][elx_heading font_size=&#8221;h3&#8243; text_color=&#8221;inherit&#8221;]La soluci\u00f3n ideal para clientes que demandan alto rendimiento y costes bajos de funcionamiento.[\/elx_heading][\/vc_column][vc_column width=&#8221;1\/2&#8243;][elx_image_block background_image=&#8221;2631&#8243; minimum_height=&#8221;450px&#8221;][\/vc_column][\/vc_row][vc_row][vc_column][vc_empty_space height=&#8221;50px&#8221;][\/vc_column][\/vc_row][vc_row][vc_column width=&#8221;1\/4&#8243;][elx_image_block background_image=&#8221;2632&#8243; minimum_height=&#8221;300px&#8221;][vc_column_text]<\/p>\n<h4>Reduce tus costes hasta un 20%<\/h4>\n<p>Menor consumo de agua, energ\u00eda, detergente y abrillantador lo que supone menores costes de funcionamiento y un menor impacto medioambiental.[\/vc_column_text][\/vc_column][vc_column width=&#8221;1\/4&#8243;][elx_image_block background_image=&#8221;2633&#8243; minimum_height=&#8221;300px&#8221;][vc_column_text]<\/p>\n<h4>Excelente rendimiento en lavado y aclarado<\/h4>\n<p>Mejor rendimiento en lavado y aclarado con eliminaci\u00f3n total\u00a0del detergente.[\/vc_column_text][\/vc_column][vc_column width=&#8221;1\/4&#8243;][elx_image_block background_image=&#8221;2634&#8243; minimum_height=&#8221;300px&#8221;][vc_column_text]<\/p>\n<h4>Bajo nivel de ruido<\/h4>\n<p>el mejor de su clase por su baja emisi\u00f3n de ruido y menor p\u00e9rdida de calor de la m\u00e1quina gracias al aislamiento de doble pared.[\/vc_column_text][\/vc_column][vc_column width=&#8221;1\/4&#8243;][elx_image_block background_image=&#8221;2635&#8243; minimum_height=&#8221;300px&#8221;][vc_column_text]<\/p>\n<h4>Temperatura de aclarado constante<\/h4>\n<p>calidad del aclarado garantizada gracias a la temperatura constante a 84\u00ba C y a la presi\u00f3n del agua.[\/vc_column_text][\/vc_column][\/vc_row][vc_row][vc_column][vc_empty_space][\/vc_column][\/vc_row][vc_row][vc_column][vc_empty_space height=&#8221;50px&#8221;][elx_heading text_color=&#8221;inherit&#8221; text_align=&#8221;text-center&#8221;]Descubre lo que los lavavasos E-Flex y bajomostradores pueden hacer por tu negocio[\/elx_heading][elx_o2000_contact_us r=&#8221;Quisiera m\u00e1s informaci\u00f3n sobre lavavasos E-flex y Bajomostradores. Por favor, contacten conmigo.&#8221; s=&#8221;Petici\u00f3n de informaci\u00f3n sobre lavavasos E-flex y Bajomostradores&#8221; e=&#8221;pedro.baltazar@electrolux.com&#8221; l=&#8221;es&#8221; container=&#8221;elxcontactus1479715079&#8243;][vc_empty_space height=&#8221;50px&#8221;][\/vc_column][\/vc_row][vc_row][vc_column][vc_empty_space height=&#8221;50px&#8221;][\/vc_column][\/vc_row]<\/p>\n","protected":false},"excerpt":{"rendered":"<p>[vc_row full_width=&#8221;electroluxpro-full-width-no-padding&#8221;][vc_column][elx_hero_slider label_text_color=&#8221;inherit&#8221; images=&#8221;2637&#8243;][elx_heading font_container=&#8221;h1&#8243; font_size=&#8221;h2&#8243; text_color=&#8221;inherit&#8221;]Lavavasos y lavavajillas Bajomostrador[\/elx_heading][\/elx_hero_slider][\/vc_column][\/vc_row][vc_row][vc_column][vc_empty_space height=&#8221;50px&#8221;][elx_heading font_size=&#8221;h2&#8243; text_color=&#8221;inherit&#8221; text_align=&#8221;text-center&#8221;]M\u00e1s f\u00e1cil, m\u00e1s seguro, m\u00e1s enfocado a tus clientes[\/elx_heading][vc_empty_space height=&#8221;50px&#8221;][\/vc_column][\/vc_row][vc_row][vc_column width=&#8221;1\/2&#8243;][elx_image_block background_image=&#8221;2623&#8243; minimum_height=&#8221;500px&#8221;][\/vc_column][vc_column width=&#8221;1\/2&#8243;][elx_heading text_color=&#8221;inherit&#8221;]Lavavasos E-flex[\/elx_heading][vc_empty_space height=&#8221;15px&#8221;][vc_column_text]Programas complejos que provocan lentitud de funcionamiento y una mala ergonom\u00eda son los problemas diarios a los que se enfrentan muchos negocios. Tanto si tienes un [&hellip;]<\/p>\n","protected":false},"author":23,"featured_media":4935,"parent":0,"menu_order":0,"comment_status":"closed","ping_status":"closed","template":"","meta":{"footnotes":""},"class_list":["post-3208","page","type-page","status-publish","has-post-thumbnail","hentry"],"acf":[],"yoast_head":"<!-- This site is optimized with the Yoast SEO plugin v23.3 - https:\/\/yoast.com\/wordpress\/plugins\/seo\/ -->\n<title>Lavavasos y Bajomostradores - Electrolux Professional Latin America<\/title>\n<meta name=\"robots\" content=\"index, follow, max-snippet:-1, max-image-preview:large, max-video-preview:-1\" \/>\n<link rel=\"canonical\" href=\"https:\/\/www.electroluxprofessional.com\/la\/lavavasos-y-bajomostradores\/\" \/>\n<meta property=\"og:locale\" content=\"es_MX\" \/>\n<meta property=\"og:type\" content=\"article\" \/>\n<meta property=\"og:title\" content=\"Lavavasos y Bajomostradores - Electrolux Professional Latin America\" \/>\n<meta property=\"og:description\" content=\"[vc_row full_width=&#8221;electroluxpro-full-width-no-padding&#8221;][vc_column][elx_hero_slider label_text_color=&#8221;inherit&#8221; images=&#8221;2637&#8243;][elx_heading font_container=&#8221;h1&#8243; font_size=&#8221;h2&#8243; text_color=&#8221;inherit&#8221;]Lavavasos y lavavajillas Bajomostrador[\/elx_heading][\/elx_hero_slider][\/vc_column][\/vc_row][vc_row][vc_column][vc_empty_space height=&#8221;50px&#8221;][elx_heading font_size=&#8221;h2&#8243; text_color=&#8221;inherit&#8221; text_align=&#8221;text-center&#8221;]M\u00e1s f\u00e1cil, m\u00e1s seguro, m\u00e1s enfocado a tus clientes[\/elx_heading][vc_empty_space height=&#8221;50px&#8221;][\/vc_column][\/vc_row][vc_row][vc_column width=&#8221;1\/2&#8243;][elx_image_block background_image=&#8221;2623&#8243; minimum_height=&#8221;500px&#8221;][\/vc_column][vc_column width=&#8221;1\/2&#8243;][elx_heading text_color=&#8221;inherit&#8221;]Lavavasos E-flex[\/elx_heading][vc_empty_space height=&#8221;15px&#8221;][vc_column_text]Programas complejos que provocan lentitud de funcionamiento y una mala ergonom\u00eda son los problemas diarios a los que se enfrentan muchos negocios. Tanto si tienes un [&hellip;]\" \/>\n<meta property=\"og:url\" content=\"https:\/\/www.electroluxprofessional.com\/la\/lavavasos-y-bajomostradores\/\" \/>\n<meta property=\"og:site_name\" content=\"Electrolux Professional Latin America\" \/>\n<meta property=\"article:modified_time\" content=\"2025-11-05T16:21:05+00:00\" \/>\n<meta property=\"og:image\" content=\"https:\/\/www.electroluxprofessional.com\/la\/wp-content\/uploads\/2018\/11\/lavavasos.jpg\" \/>\n\t<meta property=\"og:image:width\" content=\"551\" \/>\n\t<meta property=\"og:image:height\" content=\"447\" \/>\n\t<meta property=\"og:image:type\" content=\"image\/jpeg\" \/>\n<meta name=\"twitter:card\" content=\"summary_large_image\" \/>\n<meta name=\"twitter:label1\" content=\"Tiempo de lectura\" \/>\n\t<meta name=\"twitter:data1\" content=\"3 minutos\" \/>\n<script type=\"application\/ld+json\" class=\"yoast-schema-graph\">{\"@context\":\"https:\/\/schema.org\",\"@graph\":[{\"@type\":\"WebPage\",\"@id\":\"https:\/\/www.electroluxprofessional.com\/la\/lavavasos-y-bajomostradores\/\",\"url\":\"https:\/\/www.electroluxprofessional.com\/la\/lavavasos-y-bajomostradores\/\",\"name\":\"Lavavasos y Bajomostradores - Electrolux Professional Latin America\",\"isPartOf\":{\"@id\":\"https:\/\/www.electroluxprofessional.com\/la\/#website\"},\"primaryImageOfPage\":{\"@id\":\"https:\/\/www.electroluxprofessional.com\/la\/lavavasos-y-bajomostradores\/#primaryimage\"},\"image\":{\"@id\":\"https:\/\/www.electroluxprofessional.com\/la\/lavavasos-y-bajomostradores\/#primaryimage\"},\"thumbnailUrl\":\"https:\/\/www.electroluxprofessional.com\/la\/wp-content\/uploads\/2018\/11\/lavavasos.jpg\",\"datePublished\":\"2017-03-14T10:05:59+00:00\",\"dateModified\":\"2025-11-05T16:21:05+00:00\",\"breadcrumb\":{\"@id\":\"https:\/\/www.electroluxprofessional.com\/la\/lavavasos-y-bajomostradores\/#breadcrumb\"},\"inLanguage\":\"es\",\"potentialAction\":[{\"@type\":\"ReadAction\",\"target\":[\"https:\/\/www.electroluxprofessional.com\/la\/lavavasos-y-bajomostradores\/\"]}]},{\"@type\":\"ImageObject\",\"inLanguage\":\"es\",\"@id\":\"https:\/\/www.electroluxprofessional.com\/la\/lavavasos-y-bajomostradores\/#primaryimage\",\"url\":\"https:\/\/www.electroluxprofessional.com\/la\/wp-content\/uploads\/2018\/11\/lavavasos.jpg\",\"contentUrl\":\"https:\/\/www.electroluxprofessional.com\/la\/wp-content\/uploads\/2018\/11\/lavavasos.jpg\",\"width\":551,\"height\":447,\"caption\":\"Lavavasos\"},{\"@type\":\"BreadcrumbList\",\"@id\":\"https:\/\/www.electroluxprofessional.com\/la\/lavavasos-y-bajomostradores\/#breadcrumb\",\"itemListElement\":[{\"@type\":\"ListItem\",\"position\":1,\"name\":\"Home\",\"item\":\"https:\/\/www.electroluxprofessional.com\/la\/\"},{\"@type\":\"ListItem\",\"position\":2,\"name\":\"Lavavasos y Bajomostradores\"}]},{\"@type\":\"WebSite\",\"@id\":\"https:\/\/www.electroluxprofessional.com\/la\/#website\",\"url\":\"https:\/\/www.electroluxprofessional.com\/la\/\",\"name\":\"Electrolux Professional Latin America\",\"description\":\"Equipamiento cocinas profesionales y lavander\u00edas comerciales. Excelencia en el suministro de soluciones profesionales.\",\"potentialAction\":[{\"@type\":\"SearchAction\",\"target\":{\"@type\":\"EntryPoint\",\"urlTemplate\":\"https:\/\/www.electroluxprofessional.com\/la\/?src={search_term_string}\"},\"query-input\":\"required name=search_term_string\"}],\"inLanguage\":\"es\"}]}<\/script>\n<!-- \/ Yoast SEO plugin. -->","yoast_head_json":{"title":"Lavavasos y Bajomostradores - Electrolux Professional Latin America","robots":{"index":"index","follow":"follow","max-snippet":"max-snippet:-1","max-image-preview":"max-image-preview:large","max-video-preview":"max-video-preview:-1"},"canonical":"https:\/\/www.electroluxprofessional.com\/la\/lavavasos-y-bajomostradores\/","og_locale":"es_MX","og_type":"article","og_title":"Lavavasos y Bajomostradores - Electrolux Professional Latin America","og_description":"[vc_row full_width=&#8221;electroluxpro-full-width-no-padding&#8221;][vc_column][elx_hero_slider label_text_color=&#8221;inherit&#8221; images=&#8221;2637&#8243;][elx_heading font_container=&#8221;h1&#8243; font_size=&#8221;h2&#8243; text_color=&#8221;inherit&#8221;]Lavavasos y lavavajillas Bajomostrador[\/elx_heading][\/elx_hero_slider][\/vc_column][\/vc_row][vc_row][vc_column][vc_empty_space height=&#8221;50px&#8221;][elx_heading font_size=&#8221;h2&#8243; text_color=&#8221;inherit&#8221; text_align=&#8221;text-center&#8221;]M\u00e1s f\u00e1cil, m\u00e1s seguro, m\u00e1s enfocado a tus clientes[\/elx_heading][vc_empty_space height=&#8221;50px&#8221;][\/vc_column][\/vc_row][vc_row][vc_column width=&#8221;1\/2&#8243;][elx_image_block background_image=&#8221;2623&#8243; minimum_height=&#8221;500px&#8221;][\/vc_column][vc_column width=&#8221;1\/2&#8243;][elx_heading text_color=&#8221;inherit&#8221;]Lavavasos E-flex[\/elx_heading][vc_empty_space height=&#8221;15px&#8221;][vc_column_text]Programas complejos que provocan lentitud de funcionamiento y una mala ergonom\u00eda son los problemas diarios a los que se enfrentan muchos negocios. Tanto si tienes un [&hellip;]","og_url":"https:\/\/www.electroluxprofessional.com\/la\/lavavasos-y-bajomostradores\/","og_site_name":"Electrolux Professional Latin America","article_modified_time":"2025-11-05T16:21:05+00:00","og_image":[{"width":551,"height":447,"url":"https:\/\/www.electroluxprofessional.com\/la\/wp-content\/uploads\/2018\/11\/lavavasos.jpg","type":"image\/jpeg"}],"twitter_card":"summary_large_image","twitter_misc":{"Tiempo de lectura":"3 minutos"},"schema":{"@context":"https:\/\/schema.org","@graph":[{"@type":"WebPage","@id":"https:\/\/www.electroluxprofessional.com\/la\/lavavasos-y-bajomostradores\/","url":"https:\/\/www.electroluxprofessional.com\/la\/lavavasos-y-bajomostradores\/","name":"Lavavasos y Bajomostradores - Electrolux Professional Latin America","isPartOf":{"@id":"https:\/\/www.electroluxprofessional.com\/la\/#website"},"primaryImageOfPage":{"@id":"https:\/\/www.electroluxprofessional.com\/la\/lavavasos-y-bajomostradores\/#primaryimage"},"image":{"@id":"https:\/\/www.electroluxprofessional.com\/la\/lavavasos-y-bajomostradores\/#primaryimage"},"thumbnailUrl":"https:\/\/www.electroluxprofessional.com\/la\/wp-content\/uploads\/2018\/11\/lavavasos.jpg","datePublished":"2017-03-14T10:05:59+00:00","dateModified":"2025-11-05T16:21:05+00:00","breadcrumb":{"@id":"https:\/\/www.electroluxprofessional.com\/la\/lavavasos-y-bajomostradores\/#breadcrumb"},"inLanguage":"es","potentialAction":[{"@type":"ReadAction","target":["https:\/\/www.electroluxprofessional.com\/la\/lavavasos-y-bajomostradores\/"]}]},{"@type":"ImageObject","inLanguage":"es","@id":"https:\/\/www.electroluxprofessional.com\/la\/lavavasos-y-bajomostradores\/#primaryimage","url":"https:\/\/www.electroluxprofessional.com\/la\/wp-content\/uploads\/2018\/11\/lavavasos.jpg","contentUrl":"https:\/\/www.electroluxprofessional.com\/la\/wp-content\/uploads\/2018\/11\/lavavasos.jpg","width":551,"height":447,"caption":"Lavavasos"},{"@type":"BreadcrumbList","@id":"https:\/\/www.electroluxprofessional.com\/la\/lavavasos-y-bajomostradores\/#breadcrumb","itemListElement":[{"@type":"ListItem","position":1,"name":"Home","item":"https:\/\/www.electroluxprofessional.com\/la\/"},{"@type":"ListItem","position":2,"name":"Lavavasos y Bajomostradores"}]},{"@type":"WebSite","@id":"https:\/\/www.electroluxprofessional.com\/la\/#website","url":"https:\/\/www.electroluxprofessional.com\/la\/","name":"Electrolux Professional Latin America","description":"Equipamiento cocinas profesionales y lavander\u00edas comerciales. Excelencia en el suministro de soluciones profesionales.","potentialAction":[{"@type":"SearchAction","target":{"@type":"EntryPoint","urlTemplate":"https:\/\/www.electroluxprofessional.com\/la\/?src={search_term_string}"},"query-input":"required name=search_term_string"}],"inLanguage":"es"}]}},"_links":{"self":[{"href":"https:\/\/www.electroluxprofessional.com\/la\/wp-json\/wp\/v2\/pages\/3208"}],"collection":[{"href":"https:\/\/www.electroluxprofessional.com\/la\/wp-json\/wp\/v2\/pages"}],"about":[{"href":"https:\/\/www.electroluxprofessional.com\/la\/wp-json\/wp\/v2\/types\/page"}],"author":[{"embeddable":true,"href":"https:\/\/www.electroluxprofessional.com\/la\/wp-json\/wp\/v2\/users\/23"}],"replies":[{"embeddable":true,"href":"https:\/\/www.electroluxprofessional.com\/la\/wp-json\/wp\/v2\/comments?post=3208"}],"version-history":[{"count":25,"href":"https:\/\/www.electroluxprofessional.com\/la\/wp-json\/wp\/v2\/pages\/3208\/revisions"}],"predecessor-version":[{"id":16633,"href":"https:\/\/www.electroluxprofessional.com\/la\/wp-json\/wp\/v2\/pages\/3208\/revisions\/16633"}],"wp:featuredmedia":[{"embeddable":true,"href":"https:\/\/www.electroluxprofessional.com\/la\/wp-json\/wp\/v2\/media\/4935"}],"wp:attachment":[{"href":"https:\/\/www.electroluxprofessional.com\/la\/wp-json\/wp\/v2\/media?parent=3208"}],"curies":[{"name":"wp","href":"https:\/\/api.w.org\/{rel}","templated":true}]}}