{"id":3185,"date":"2017-03-10T12:27:54","date_gmt":"2017-03-10T12:27:54","guid":{"rendered":"https:\/\/www.electroluxprofessional.com\/la\/?page_id=3185"},"modified":"2025-11-05T16:25:11","modified_gmt":"2025-11-05T16:25:11","slug":"fabricadores-de-hielo","status":"publish","type":"page","link":"https:\/\/www.electroluxprofessional.com\/la\/fabricadores-de-hielo\/","title":{"rendered":"Fabricadores de hielo"},"content":{"rendered":"<p>[vc_row full_width=&#8221;electroluxpro-full-width-no-padding&#8221;][vc_column][elx_image_block background_image=&#8221;607&#8243; minimum_height=&#8221;400px&#8221;][\/vc_column][\/vc_row][vc_row][vc_column][vc_empty_space][elx_heading font_container=&#8221;h1&#8243; font_size=&#8221;h2&#8243; text_color=&#8221;inherit&#8221; text_align=&#8221;text-center&#8221;]Fabricadores de cubitos y hielo triturado[\/elx_heading][vc_empty_space height=&#8221;50px&#8221;][\/vc_column][\/vc_row][vc_row][vc_column width=&#8221;1\/2&#8243;][vc_column_text]Los\u00a0<strong>fabricadores de cubitos y de hielo triturado<\/strong> de\u00a0Electrolux\u00a0se han dise\u00f1ado para poder cubrir las necesidades de cualquier establecimiento seg\u00fan sea su tama\u00f1o, con una impresionante gama de\u00a0<strong>21 modelos<\/strong>\u00a0que producen desde\u00a0<strong>21 &#8211; 200 kg de cubitos cada 24 horas<\/strong>\u00a0\u00f3\u00a0<strong>90 &#8211; 500 kg<\/strong>\u00a0de\u00a0<strong>hielo triturado<\/strong>\u00a0cada\u00a0<strong>24 horas<\/strong>.<\/p>\n<p>El sistema de pulverizaci\u00f3n produce cubitos de hielo s\u00f3lido y escamas de derretimiento lento, por lo que la duraci\u00f3n en la bebida es mayor.<\/p>\n<p>Nuestra tecnolog\u00eda garantiza un rendimiento incluso en lugares con un suministro de agua dura. La producci\u00f3n de hielo no se ve afectada por la cal.[\/vc_column_text][\/vc_column][vc_column width=&#8221;1\/2&#8243;][vc_single_image image=&#8221;2697&#8243; img_size=&#8221;full&#8221;][\/vc_column][\/vc_row][vc_row][vc_column][vc_empty_space height=&#8221;50px&#8221;][elx_heading text_color=&#8221;inherit&#8221; text_align=&#8221;text-center&#8221;]Descubre lo que nuestros fabricadores de hielo pueden hacer por tu negocio[\/elx_heading][elx_o2000_contact_us r=&#8221;Quisiera m\u00e1s informaci\u00f3n sobre fabricadores de cubitos y de hielo triturado. Contacten conmigo, por favor.&#8221; s=&#8221;Petici\u00f3n de informaci\u00f3n sobre fabricadores de cubitos y de hielo triturado&#8221; l=&#8221;es&#8221; container=&#8221;elxcontactus1480429564&#8243;][vc_empty_space height=&#8221;50px&#8221;][\/vc_column][\/vc_row]<\/p>\n","protected":false},"excerpt":{"rendered":"<p>[vc_row full_width=&#8221;electroluxpro-full-width-no-padding&#8221;][vc_column][elx_image_block background_image=&#8221;607&#8243; minimum_height=&#8221;400px&#8221;][\/vc_column][\/vc_row][vc_row][vc_column][vc_empty_space][elx_heading font_container=&#8221;h1&#8243; font_size=&#8221;h2&#8243; text_color=&#8221;inherit&#8221; text_align=&#8221;text-center&#8221;]Fabricadores de cubitos y hielo triturado[\/elx_heading][vc_empty_space height=&#8221;50px&#8221;][\/vc_column][\/vc_row][vc_row][vc_column width=&#8221;1\/2&#8243;][vc_column_text]Los\u00a0fabricadores de cubitos y de hielo triturado de\u00a0Electrolux\u00a0se han dise\u00f1ado para poder cubrir las necesidades de cualquier establecimiento seg\u00fan sea su tama\u00f1o, con una impresionante gama de\u00a021 modelos\u00a0que producen desde\u00a021 &#8211; 200 kg de cubitos cada 24 horas\u00a0\u00f3\u00a090 &#8211; 500 kg\u00a0de\u00a0hielo [&hellip;]<\/p>\n","protected":false},"author":23,"featured_media":4947,"parent":0,"menu_order":0,"comment_status":"closed","ping_status":"closed","template":"","meta":{"footnotes":""},"class_list":["post-3185","page","type-page","status-publish","has-post-thumbnail","hentry"],"acf":[],"yoast_head":"<!-- This site is optimized with the Yoast SEO plugin v23.3 - https:\/\/yoast.com\/wordpress\/plugins\/seo\/ -->\n<title>Fabricadores de hielo - Electrolux Professional Latin America<\/title>\n<meta name=\"description\" content=\"Fabricadores de cubitos y hielo triturado de Electrolux se han dise\u00f1ado para poder cubrir las necesidades de cualquier establecimineto seg\u00fan sea su tama\u00f1o, con una impresionante gama de 21 modelos que producen desde 21 \u2013 200 kg de cubitos cada 24 horas.\" \/>\n<meta name=\"robots\" content=\"index, follow, max-snippet:-1, max-image-preview:large, max-video-preview:-1\" \/>\n<link rel=\"canonical\" href=\"https:\/\/www.electroluxprofessional.com\/la\/fabricadores-de-hielo\/\" \/>\n<meta property=\"og:locale\" content=\"es_MX\" \/>\n<meta property=\"og:type\" content=\"article\" \/>\n<meta property=\"og:title\" content=\"Fabricadores de hielo - Electrolux Professional Latin America\" \/>\n<meta property=\"og:description\" content=\"Fabricadores de cubitos y hielo triturado de Electrolux se han dise\u00f1ado para poder cubrir las necesidades de cualquier establecimineto seg\u00fan sea su tama\u00f1o, con una impresionante gama de 21 modelos que producen desde 21 \u2013 200 kg de cubitos cada 24 horas.\" \/>\n<meta property=\"og:url\" content=\"https:\/\/www.electroluxprofessional.com\/la\/fabricadores-de-hielo\/\" \/>\n<meta property=\"og:site_name\" content=\"Electrolux Professional Latin America\" \/>\n<meta property=\"article:modified_time\" content=\"2025-11-05T16:25:11+00:00\" \/>\n<meta property=\"og:image\" content=\"https:\/\/www.electroluxprofessional.com\/la\/wp-content\/uploads\/2018\/11\/fruit.jpg\" \/>\n\t<meta property=\"og:image:width\" content=\"1123\" \/>\n\t<meta property=\"og:image:height\" content=\"402\" \/>\n\t<meta property=\"og:image:type\" content=\"image\/jpeg\" \/>\n<meta name=\"twitter:card\" content=\"summary_large_image\" \/>\n<meta name=\"twitter:label1\" content=\"Tiempo de lectura\" \/>\n\t<meta name=\"twitter:data1\" content=\"1 minuto\" \/>\n<script type=\"application\/ld+json\" class=\"yoast-schema-graph\">{\"@context\":\"https:\/\/schema.org\",\"@graph\":[{\"@type\":\"WebPage\",\"@id\":\"https:\/\/www.electroluxprofessional.com\/la\/fabricadores-de-hielo\/\",\"url\":\"https:\/\/www.electroluxprofessional.com\/la\/fabricadores-de-hielo\/\",\"name\":\"Fabricadores de hielo - Electrolux Professional Latin America\",\"isPartOf\":{\"@id\":\"https:\/\/www.electroluxprofessional.com\/la\/#website\"},\"primaryImageOfPage\":{\"@id\":\"https:\/\/www.electroluxprofessional.com\/la\/fabricadores-de-hielo\/#primaryimage\"},\"image\":{\"@id\":\"https:\/\/www.electroluxprofessional.com\/la\/fabricadores-de-hielo\/#primaryimage\"},\"thumbnailUrl\":\"https:\/\/www.electroluxprofessional.com\/la\/wp-content\/uploads\/2018\/11\/fruit.jpg\",\"datePublished\":\"2017-03-10T12:27:54+00:00\",\"dateModified\":\"2025-11-05T16:25:11+00:00\",\"description\":\"Fabricadores de cubitos y hielo triturado de Electrolux se han dise\u00f1ado para poder cubrir las necesidades de cualquier establecimineto seg\u00fan sea su tama\u00f1o, con una impresionante gama de 21 modelos que producen desde 21 \u2013 200 kg de cubitos cada 24 horas.\",\"breadcrumb\":{\"@id\":\"https:\/\/www.electroluxprofessional.com\/la\/fabricadores-de-hielo\/#breadcrumb\"},\"inLanguage\":\"es\",\"potentialAction\":[{\"@type\":\"ReadAction\",\"target\":[\"https:\/\/www.electroluxprofessional.com\/la\/fabricadores-de-hielo\/\"]}]},{\"@type\":\"ImageObject\",\"inLanguage\":\"es\",\"@id\":\"https:\/\/www.electroluxprofessional.com\/la\/fabricadores-de-hielo\/#primaryimage\",\"url\":\"https:\/\/www.electroluxprofessional.com\/la\/wp-content\/uploads\/2018\/11\/fruit.jpg\",\"contentUrl\":\"https:\/\/www.electroluxprofessional.com\/la\/wp-content\/uploads\/2018\/11\/fruit.jpg\",\"width\":1123,\"height\":402,\"caption\":\"Fruta\"},{\"@type\":\"BreadcrumbList\",\"@id\":\"https:\/\/www.electroluxprofessional.com\/la\/fabricadores-de-hielo\/#breadcrumb\",\"itemListElement\":[{\"@type\":\"ListItem\",\"position\":1,\"name\":\"Home\",\"item\":\"https:\/\/www.electroluxprofessional.com\/la\/\"},{\"@type\":\"ListItem\",\"position\":2,\"name\":\"Fabricadores de hielo\"}]},{\"@type\":\"WebSite\",\"@id\":\"https:\/\/www.electroluxprofessional.com\/la\/#website\",\"url\":\"https:\/\/www.electroluxprofessional.com\/la\/\",\"name\":\"Electrolux Professional Latin America\",\"description\":\"Equipamiento cocinas profesionales y lavander\u00edas comerciales. Excelencia en el suministro de soluciones profesionales.\",\"potentialAction\":[{\"@type\":\"SearchAction\",\"target\":{\"@type\":\"EntryPoint\",\"urlTemplate\":\"https:\/\/www.electroluxprofessional.com\/la\/?src={search_term_string}\"},\"query-input\":\"required name=search_term_string\"}],\"inLanguage\":\"es\"}]}<\/script>\n<!-- \/ Yoast SEO plugin. -->","yoast_head_json":{"title":"Fabricadores de hielo - Electrolux Professional Latin America","description":"Fabricadores de cubitos y hielo triturado de Electrolux se han dise\u00f1ado para poder cubrir las necesidades de cualquier establecimineto seg\u00fan sea su tama\u00f1o, con una impresionante gama de 21 modelos que producen desde 21 \u2013 200 kg de cubitos cada 24 horas.","robots":{"index":"index","follow":"follow","max-snippet":"max-snippet:-1","max-image-preview":"max-image-preview:large","max-video-preview":"max-video-preview:-1"},"canonical":"https:\/\/www.electroluxprofessional.com\/la\/fabricadores-de-hielo\/","og_locale":"es_MX","og_type":"article","og_title":"Fabricadores de hielo - Electrolux Professional Latin America","og_description":"Fabricadores de cubitos y hielo triturado de Electrolux se han dise\u00f1ado para poder cubrir las necesidades de cualquier establecimineto seg\u00fan sea su tama\u00f1o, con una impresionante gama de 21 modelos que producen desde 21 \u2013 200 kg de cubitos cada 24 horas.","og_url":"https:\/\/www.electroluxprofessional.com\/la\/fabricadores-de-hielo\/","og_site_name":"Electrolux Professional Latin America","article_modified_time":"2025-11-05T16:25:11+00:00","og_image":[{"width":1123,"height":402,"url":"https:\/\/www.electroluxprofessional.com\/la\/wp-content\/uploads\/2018\/11\/fruit.jpg","type":"image\/jpeg"}],"twitter_card":"summary_large_image","twitter_misc":{"Tiempo de lectura":"1 minuto"},"schema":{"@context":"https:\/\/schema.org","@graph":[{"@type":"WebPage","@id":"https:\/\/www.electroluxprofessional.com\/la\/fabricadores-de-hielo\/","url":"https:\/\/www.electroluxprofessional.com\/la\/fabricadores-de-hielo\/","name":"Fabricadores de hielo - Electrolux Professional Latin America","isPartOf":{"@id":"https:\/\/www.electroluxprofessional.com\/la\/#website"},"primaryImageOfPage":{"@id":"https:\/\/www.electroluxprofessional.com\/la\/fabricadores-de-hielo\/#primaryimage"},"image":{"@id":"https:\/\/www.electroluxprofessional.com\/la\/fabricadores-de-hielo\/#primaryimage"},"thumbnailUrl":"https:\/\/www.electroluxprofessional.com\/la\/wp-content\/uploads\/2018\/11\/fruit.jpg","datePublished":"2017-03-10T12:27:54+00:00","dateModified":"2025-11-05T16:25:11+00:00","description":"Fabricadores de cubitos y hielo triturado de Electrolux se han dise\u00f1ado para poder cubrir las necesidades de cualquier establecimineto seg\u00fan sea su tama\u00f1o, con una impresionante gama de 21 modelos que producen desde 21 \u2013 200 kg de cubitos cada 24 horas.","breadcrumb":{"@id":"https:\/\/www.electroluxprofessional.com\/la\/fabricadores-de-hielo\/#breadcrumb"},"inLanguage":"es","potentialAction":[{"@type":"ReadAction","target":["https:\/\/www.electroluxprofessional.com\/la\/fabricadores-de-hielo\/"]}]},{"@type":"ImageObject","inLanguage":"es","@id":"https:\/\/www.electroluxprofessional.com\/la\/fabricadores-de-hielo\/#primaryimage","url":"https:\/\/www.electroluxprofessional.com\/la\/wp-content\/uploads\/2018\/11\/fruit.jpg","contentUrl":"https:\/\/www.electroluxprofessional.com\/la\/wp-content\/uploads\/2018\/11\/fruit.jpg","width":1123,"height":402,"caption":"Fruta"},{"@type":"BreadcrumbList","@id":"https:\/\/www.electroluxprofessional.com\/la\/fabricadores-de-hielo\/#breadcrumb","itemListElement":[{"@type":"ListItem","position":1,"name":"Home","item":"https:\/\/www.electroluxprofessional.com\/la\/"},{"@type":"ListItem","position":2,"name":"Fabricadores de hielo"}]},{"@type":"WebSite","@id":"https:\/\/www.electroluxprofessional.com\/la\/#website","url":"https:\/\/www.electroluxprofessional.com\/la\/","name":"Electrolux Professional Latin America","description":"Equipamiento cocinas profesionales y lavander\u00edas comerciales. Excelencia en el suministro de soluciones profesionales.","potentialAction":[{"@type":"SearchAction","target":{"@type":"EntryPoint","urlTemplate":"https:\/\/www.electroluxprofessional.com\/la\/?src={search_term_string}"},"query-input":"required name=search_term_string"}],"inLanguage":"es"}]}},"_links":{"self":[{"href":"https:\/\/www.electroluxprofessional.com\/la\/wp-json\/wp\/v2\/pages\/3185"}],"collection":[{"href":"https:\/\/www.electroluxprofessional.com\/la\/wp-json\/wp\/v2\/pages"}],"about":[{"href":"https:\/\/www.electroluxprofessional.com\/la\/wp-json\/wp\/v2\/types\/page"}],"author":[{"embeddable":true,"href":"https:\/\/www.electroluxprofessional.com\/la\/wp-json\/wp\/v2\/users\/23"}],"replies":[{"embeddable":true,"href":"https:\/\/www.electroluxprofessional.com\/la\/wp-json\/wp\/v2\/comments?post=3185"}],"version-history":[{"count":11,"href":"https:\/\/www.electroluxprofessional.com\/la\/wp-json\/wp\/v2\/pages\/3185\/revisions"}],"predecessor-version":[{"id":16642,"href":"https:\/\/www.electroluxprofessional.com\/la\/wp-json\/wp\/v2\/pages\/3185\/revisions\/16642"}],"wp:featuredmedia":[{"embeddable":true,"href":"https:\/\/www.electroluxprofessional.com\/la\/wp-json\/wp\/v2\/media\/4947"}],"wp:attachment":[{"href":"https:\/\/www.electroluxprofessional.com\/la\/wp-json\/wp\/v2\/media?parent=3185"}],"curies":[{"name":"wp","href":"https:\/\/api.w.org\/{rel}","templated":true}]}}