{"id":3153,"date":"2017-03-09T11:44:47","date_gmt":"2017-03-09T11:44:47","guid":{"rendered":"https:\/\/www.electroluxprofessional.com\/la\/?page_id=3153"},"modified":"2025-11-05T16:23:57","modified_gmt":"2025-11-05T16:23:57","slug":"mesas-refrigeradas","status":"publish","type":"page","link":"https:\/\/www.electroluxprofessional.com\/la\/mesas-refrigeradas\/","title":{"rendered":"Mesas refrigeradas"},"content":{"rendered":"<p>[vc_row full_width=&#8221;electroluxpro-full-width-no-padding&#8221;][vc_column][elx_video_block background_image=&#8221;2689&#8243; video_link=&#8221;https:\/\/www.youtube.com\/watch?v=aWn0HnaU-ec&#8221; minimum_height=&#8221;500px&#8221;][\/vc_column][\/vc_row][vc_row full_width=&#8221;electroluxpro-full-width-no-padding&#8221; disable_element=&#8221;yes&#8221;][vc_column][elx_image_block background_image=&#8221;687&#8243; minimum_height=&#8221;400px&#8221;][\/vc_column][\/vc_row][vc_row][vc_column][vc_empty_space][elx_heading font_container=&#8221;h1&#8243; font_size=&#8221;h2&#8243; text_color=&#8221;inherit&#8221; text_align=&#8221;text-center&#8221;]Mesas Fr\u00edas ecostore<sup>HP<\/sup><br \/>\nextrA eficiencia y seguridad alimentaria<br \/>\nen clase clim\u00e1tica 5[\/elx_heading][vc_empty_space height=&#8221;50px&#8221;][\/vc_column][\/vc_row][vc_row][vc_column width=&#8221;1\/2&#8243;][vc_single_image image=&#8221;2685&#8243; img_size=&#8221;full&#8221; onclick=&#8221;custom_link&#8221; link=&#8221;https:\/\/www.electroluxprofessional.com\/la\/equipamiento-cocinas-profesionales\/armarios-refrigerados\/calcula-tu-ahorro-en-refrigeracion\/&#8221;][\/vc_column][vc_column width=&#8221;1\/2&#8243;][vc_empty_space][elx_simple_block background_color=&#8221;inherit&#8221;][elx_heading font_size=&#8221;h3&#8243; text_color=&#8221;cat-cool&#8221; text_align=&#8221;text-center&#8221;]<a href=\"https:\/\/www.electroluxprofessional.com\/la\/calcula-tu-ahorro-en-refrigeracion\/\">Calcula tu ahorro en refrigeraci\u00f3n<\/a>[\/elx_heading][vc_single_image image=&#8221;2691&#8243; img_size=&#8221;medium&#8221; alignment=&#8221;center&#8221; css=&#8221;.vc_custom_1486558111654{margin-top: 0px !important;border-top-width: 0px !important;padding-top: 0px !important;}&#8221;][\/elx_simple_block][\/vc_column][\/vc_row][vc_row][vc_column][vc_empty_space][\/vc_column][\/vc_row][vc_row][vc_column width=&#8221;1\/2&#8243;][elx_simple_block background_color=&#8221;inherit&#8221;][elx_heading text_color=&#8221;cat-cool&#8221; text_align=&#8221;text-left&#8221;]ecostore<sup>HP<\/sup> Premium calidad extrA[\/elx_heading][vc_column_text css=&#8221;.vc_custom_1489132246073{margin-bottom: 10px !important;border-bottom-width: 10px !important;padding-bottom: 10px !important;}&#8221;]las mesas fr\u00edas<strong> ecostore<sup>HP<\/sup><\/strong>\u00a0son pioneras en la industria al contar con<strong>\u00a0<span style=\"color: #009abf;\">clase A de eficiencia energ\u00e9tica y clase clim\u00e1tica 5<\/span><\/strong>.<\/p>\n<p>Electrolux Professional pone en marcha la eficiencia en la cocina con las nuevas mesas refrigeradas ecostore<sup>HP<\/sup>. Nos hemos superado y ya podemos ofertar una gama entera de armarios y mesas refrigeradas con la\u00a0<strong>combinaci\u00f3n \u00fanica de la clase energ\u00e9tica y la clase clim\u00e1tica m\u00e1s altas (clase A y clase 5)\u00a0<\/strong>del mercado.[\/vc_column_text][vc_column_text]HP representa <strong>High Performance<\/strong> y es que <strong>las mesas fr\u00edas ecostore son las m\u00e1s eficientes<\/strong>, las que tienen mayor rendimiento, mayor seguridad alimentaria y mayor capacidad.[\/vc_column_text][\/elx_simple_block][\/vc_column][vc_column width=&#8221;1\/2&#8243;][vc_row_inner][vc_column_inner offset=&#8221;vc_hidden-sm vc_hidden-xs&#8221;][vc_empty_space height=&#8221;150px&#8221;][\/vc_column_inner][\/vc_row_inner][vc_single_image image=&#8221;1296&#8243; img_size=&#8221;full&#8221;][vc_empty_space][\/vc_column][\/vc_row][vc_row][vc_column width=&#8221;1\/4&#8243;][vc_single_image image=&#8221;683&#8243; alignment=&#8221;center&#8221;][elx_heading font_size=&#8221;h4&#8243; text_color=&#8221;inherit&#8221; text_align=&#8221;text-center&#8221;]extrA ahorro<br \/>\ncon clase A[\/elx_heading][vc_column_text]La clase A de eficiencia energ\u00e9tica marca una verdadera diferencia en la factura de la luz. Ahorro energ\u00e9tico de hasta 480 \u20ac\/a\u00f1o asegurando un r\u00e1pido retorno de la inversi\u00f3n. Pide a un experto Electrolux que calcule cuanto puede ahorrarse tu negocio.[\/vc_column_text][\/vc_column][vc_column width=&#8221;1\/4&#8243;][vc_single_image image=&#8221;2692&#8243; alignment=&#8221;center&#8221;][elx_heading font_size=&#8221;h4&#8243; text_color=&#8221;inherit&#8221; text_align=&#8221;text-center&#8221;]extrA seguridad<br \/>\nalimentaria[\/elx_heading][vc_column_text]La comida permanece m\u00e1s fresca durante m\u00e1s tiempo con Optiflow, el sistema de circulaci\u00f3n de aire inteligente y clase clim\u00e1tica 5, lo que significa un excelente rendimiento incluso en las condiciones m\u00e1s duras.[\/vc_column_text][\/vc_column][vc_column width=&#8221;1\/4&#8243;][vc_single_image image=&#8221;682&#8243; alignment=&#8221;center&#8221;][elx_heading font_size=&#8221;h4&#8243; text_color=&#8221;inherit&#8221; text_align=&#8221;text-center&#8221;]extrA<br \/>\ncapacidad[\/elx_heading][vc_column_text]Almacena m\u00e1s comida. Un volumen neto con 50 litros extra, lo que significa un 20% m\u00e1s de capacidad.[\/vc_column_text][\/vc_column][vc_column width=&#8221;1\/4&#8243;][vc_single_image image=&#8221;2693&#8243; alignment=&#8221;center&#8221;][elx_heading font_size=&#8221;h4&#8243; text_color=&#8221;inherit&#8221; text_align=&#8221;text-center&#8221;]extrA<br \/>\npersonalizaci\u00f3n[\/elx_heading][vc_column_text]Con diferentes opciones personalizadas, Electrolux puede ofrecerte la mesa que necesitas. Pregunta a un Distribuidor Electrolux por tu soluci\u00f3n ideal.[\/vc_column_text][\/vc_column][\/vc_row][vc_row][vc_column width=&#8221;1\/3&#8243;][vc_single_image image=&#8221;2694&#8243; img_size=&#8221;medium&#8221; alignment=&#8221;center&#8221;][\/vc_column][vc_column width=&#8221;2\/3&#8243;][elx_simple_block background_color=&#8221;inherit&#8221;][elx_heading text_color=&#8221;inherit&#8221;]<strong>conservaci\u00f3n \u00f3ptima con ecostore<sup>HP<\/sup><\/strong>[\/elx_heading][vc_column_text]Reduce el desperdicio de comida con Optiflow y la clase clim\u00e1tica 5[\/vc_column_text][\/elx_simple_block][\/vc_column][\/vc_row][vc_row][vc_column width=&#8221;1\/2&#8243;][elx_simple_block background_color=&#8221;inherit&#8221;][vc_column_text]<strong>ecostore<sup>HP<\/sup> <\/strong>Premium alcanza la conservaci\u00f3n \u00f3ptima creando un microclima con las condiciones ideales para todos los diferentes tipos de alimentos que necesitan temperaturas y niveles de humedad espec\u00edficos.[\/vc_column_text][elx_button button_text=&#8221;Descubre nuestros accesorios&#8221; button_style=&#8221;icon&#8221; css=&#8221;.vc_custom_1489132616741{margin-top: 10px !important;border-top-width: 10px !important;padding-top: 10px !important;}&#8221; button_link=&#8221;url:https%3A%2F%2Fprofessional.electrolux.la%2Faccesorios-y-consumibles%2Faccesorios-y-consumibles-refrigeracion%2F|title:Accesorios%20y%20consumibles%20refrigeraci%C3%B3n||&#8221;][\/elx_simple_block][\/vc_column][vc_column width=&#8221;1\/2&#8243;][vc_single_image image=&#8221;2695&#8243; img_size=&#8221;full&#8221; alignment=&#8221;center&#8221;][\/vc_column][\/vc_row][vc_row][vc_column][vc_empty_space height=&#8221;50px&#8221;][\/vc_column][\/vc_row][vc_row][vc_column width=&#8221;1\/3&#8243;][elx_download_block text=&#8221;mesas refrigeradas ecostore cat\u00e1logo&#8221; link=&#8221;https:\/\/www.electroluxprofessional.com\/wp-content\/uploads\/2017\/02\/ecostore-refrigerated-counters-LR.pdf&#8221; background_color=&#8221;cat-cool&#8221; reveal_effect=&#8221;&#8221; reveal_duration=&#8221;&#8221; reveal_delay=&#8221;&#8221;][\/vc_column][vc_column width=&#8221;1\/3&#8243;][elx_download_block text=&#8221;Armarios refrigerados clase A 5&#8243; link_target=&#8221;self&#8221; link=&#8221;https:\/\/www.electroluxprofessional.com\/la\/equipamiento-cocinas-profesionales\/armarios-refrigerados\/&#8221; background_color=&#8221;cat-cool&#8221; background_hover_color=&#8221;lighter-hover&#8221; background_image=&#8221;685&#8243; reveal_effect=&#8221;&#8221; reveal_duration=&#8221;&#8221; reveal_delay=&#8221;&#8221;][\/vc_column][vc_column width=&#8221;1\/3&#8243;][elx_download_block text=&#8221;Saladette&#8221; link_target=&#8221;self&#8221; link=&#8221;https:\/\/www.electroluxprofessional.com\/la\/equipamiento-cocinas-profesionales\/saladette\/&#8221; background_color=&#8221;cat-cool&#8221; background_hover_color=&#8221;lighter-hover&#8221; background_image=&#8221;3183&#8243; reveal_effect=&#8221;&#8221; reveal_duration=&#8221;&#8221; reveal_delay=&#8221;&#8221;][\/vc_column][\/vc_row][vc_row][vc_column][vc_empty_space height=&#8221;50px&#8221;][vc_row_inner][vc_column_inner width=&#8221;2\/3&#8243;][elx_heading text_color=&#8221;inherit&#8221;]Descubre lo que podemos hacer por tu negocio[\/elx_heading][\/vc_column_inner][vc_column_inner width=&#8221;1\/3&#8243;][\/vc_column_inner][\/vc_row_inner][\/vc_column][\/vc_row][vc_row][vc_column width=&#8221;2\/3&#8243;][elx_o2000_contact_us r=&#8221;Me gustar\u00eda tener m\u00e1s informaci\u00f3n sobre mesas fr\u00edas ecostore. Por favor, contactad conmigo.&#8221; s=&#8221;Petici\u00f3n de informaci\u00f3n sobre mesas fr\u00edas ecostoreHP&#8221; l=&#8221;es&#8221; e=&#8221;pedro.baltazar@electrolux.com&#8221; container=&#8221;elxcontactus1480090979&#8243;][vc_empty_space height=&#8221;50px&#8221;][\/vc_column][vc_column width=&#8221;1\/3&#8243;][elx_heading font_size=&#8221;h5&#8243; text_color=&#8221;inherit&#8221;]Pr\u00f3ximamente tendremos un configurador on-line para mesas refrigeradas.<br \/>\nSi necesitas crear una configuraci\u00f3n ya, por favor, contacta con nuestros expertos.[\/elx_heading][vc_empty_space][elx_download_block text=&#8221;ecogu\u00eda ecostore&#8221; link=&#8221;files.professional.electrolux.com\/docs\/?n=ECO-9JEFT&amp;b=5&amp;l=4&#8243; background_color=&#8221;cat-cool&#8221; reveal_effect=&#8221;&#8221; reveal_duration=&#8221;&#8221; reveal_delay=&#8221;&#8221;][\/vc_column][\/vc_row]<\/p>\n","protected":false},"excerpt":{"rendered":"<p>[vc_row full_width=&#8221;electroluxpro-full-width-no-padding&#8221;][vc_column][elx_video_block background_image=&#8221;2689&#8243; video_link=&#8221;https:\/\/www.youtube.com\/watch?v=aWn0HnaU-ec&#8221; minimum_height=&#8221;500px&#8221;][\/vc_column][\/vc_row][vc_row full_width=&#8221;electroluxpro-full-width-no-padding&#8221; disable_element=&#8221;yes&#8221;][vc_column][elx_image_block background_image=&#8221;687&#8243; minimum_height=&#8221;400px&#8221;][\/vc_column][\/vc_row][vc_row][vc_column][vc_empty_space][elx_heading font_container=&#8221;h1&#8243; font_size=&#8221;h2&#8243; text_color=&#8221;inherit&#8221; text_align=&#8221;text-center&#8221;]Mesas Fr\u00edas ecostoreHP extrA eficiencia y seguridad alimentaria en clase clim\u00e1tica 5[\/elx_heading][vc_empty_space height=&#8221;50px&#8221;][\/vc_column][\/vc_row][vc_row][vc_column width=&#8221;1\/2&#8243;][vc_single_image image=&#8221;2685&#8243; img_size=&#8221;full&#8221; onclick=&#8221;custom_link&#8221; link=&#8221;https:\/\/www.electroluxprofessional.com\/la\/equipamiento-cocinas-profesionales\/armarios-refrigerados\/calcula-tu-ahorro-en-refrigeracion\/&#8221;][\/vc_column][vc_column width=&#8221;1\/2&#8243;][vc_empty_space][elx_simple_block background_color=&#8221;inherit&#8221;][elx_heading font_size=&#8221;h3&#8243; text_color=&#8221;cat-cool&#8221; text_align=&#8221;text-center&#8221;]Calcula tu ahorro en refrigeraci\u00f3n[\/elx_heading][vc_single_image image=&#8221;2691&#8243; img_size=&#8221;medium&#8221; alignment=&#8221;center&#8221; css=&#8221;.vc_custom_1486558111654{margin-top: 0px !important;border-top-width: 0px !important;padding-top: 0px !important;}&#8221;][\/elx_simple_block][\/vc_column][\/vc_row][vc_row][vc_column][vc_empty_space][\/vc_column][\/vc_row][vc_row][vc_column width=&#8221;1\/2&#8243;][elx_simple_block background_color=&#8221;inherit&#8221;][elx_heading text_color=&#8221;cat-cool&#8221; text_align=&#8221;text-left&#8221;]ecostoreHP Premium calidad [&hellip;]<\/p>\n","protected":false},"author":23,"featured_media":4950,"parent":0,"menu_order":0,"comment_status":"closed","ping_status":"closed","template":"","meta":{"footnotes":""},"class_list":["post-3153","page","type-page","status-publish","has-post-thumbnail","hentry"],"acf":[],"yoast_head":"<!-- This site is optimized with the Yoast SEO plugin v23.3 - https:\/\/yoast.com\/wordpress\/plugins\/seo\/ -->\n<title>Mesas refrigeradas - Electrolux Professional Latin America<\/title>\n<meta name=\"description\" content=\"Mesas Fr\u00edas escostore HP extra eficiencia y seguridad alimentaria en clase clim\u00e1tica. Calcula tu ahorro en la refrigeracion.\" \/>\n<meta name=\"robots\" content=\"index, follow, max-snippet:-1, max-image-preview:large, max-video-preview:-1\" \/>\n<link rel=\"canonical\" href=\"https:\/\/www.electroluxprofessional.com\/la\/mesas-refrigeradas\/\" \/>\n<meta property=\"og:locale\" content=\"es_MX\" \/>\n<meta property=\"og:type\" content=\"article\" \/>\n<meta property=\"og:title\" content=\"Mesas refrigeradas - Electrolux Professional Latin America\" \/>\n<meta property=\"og:description\" content=\"Mesas Fr\u00edas escostore HP extra eficiencia y seguridad alimentaria en clase clim\u00e1tica. Calcula tu ahorro en la refrigeracion.\" \/>\n<meta property=\"og:url\" content=\"https:\/\/www.electroluxprofessional.com\/la\/mesas-refrigeradas\/\" \/>\n<meta property=\"og:site_name\" content=\"Electrolux Professional Latin America\" \/>\n<meta property=\"article:modified_time\" content=\"2025-11-05T16:23:57+00:00\" \/>\n<meta property=\"og:image\" content=\"https:\/\/www.electroluxprofessional.com\/la\/wp-content\/uploads\/2018\/11\/mesas-refrigeradas.jpg\" \/>\n\t<meta property=\"og:image:width\" content=\"581\" \/>\n\t<meta property=\"og:image:height\" content=\"384\" \/>\n\t<meta property=\"og:image:type\" content=\"image\/jpeg\" \/>\n<meta name=\"twitter:card\" content=\"summary_large_image\" \/>\n<meta name=\"twitter:label1\" content=\"Tiempo de lectura\" \/>\n\t<meta name=\"twitter:data1\" content=\"3 minutos\" \/>\n<script type=\"application\/ld+json\" class=\"yoast-schema-graph\">{\"@context\":\"https:\/\/schema.org\",\"@graph\":[{\"@type\":\"WebPage\",\"@id\":\"https:\/\/www.electroluxprofessional.com\/la\/mesas-refrigeradas\/\",\"url\":\"https:\/\/www.electroluxprofessional.com\/la\/mesas-refrigeradas\/\",\"name\":\"Mesas refrigeradas - Electrolux Professional Latin America\",\"isPartOf\":{\"@id\":\"https:\/\/www.electroluxprofessional.com\/la\/#website\"},\"primaryImageOfPage\":{\"@id\":\"https:\/\/www.electroluxprofessional.com\/la\/mesas-refrigeradas\/#primaryimage\"},\"image\":{\"@id\":\"https:\/\/www.electroluxprofessional.com\/la\/mesas-refrigeradas\/#primaryimage\"},\"thumbnailUrl\":\"https:\/\/www.electroluxprofessional.com\/la\/wp-content\/uploads\/2018\/11\/mesas-refrigeradas.jpg\",\"datePublished\":\"2017-03-09T11:44:47+00:00\",\"dateModified\":\"2025-11-05T16:23:57+00:00\",\"description\":\"Mesas Fr\u00edas escostore HP extra eficiencia y seguridad alimentaria en clase clim\u00e1tica. Calcula tu ahorro en la refrigeracion.\",\"breadcrumb\":{\"@id\":\"https:\/\/www.electroluxprofessional.com\/la\/mesas-refrigeradas\/#breadcrumb\"},\"inLanguage\":\"es\",\"potentialAction\":[{\"@type\":\"ReadAction\",\"target\":[\"https:\/\/www.electroluxprofessional.com\/la\/mesas-refrigeradas\/\"]}]},{\"@type\":\"ImageObject\",\"inLanguage\":\"es\",\"@id\":\"https:\/\/www.electroluxprofessional.com\/la\/mesas-refrigeradas\/#primaryimage\",\"url\":\"https:\/\/www.electroluxprofessional.com\/la\/wp-content\/uploads\/2018\/11\/mesas-refrigeradas.jpg\",\"contentUrl\":\"https:\/\/www.electroluxprofessional.com\/la\/wp-content\/uploads\/2018\/11\/mesas-refrigeradas.jpg\",\"width\":581,\"height\":384,\"caption\":\"mesas refrigeradas\"},{\"@type\":\"BreadcrumbList\",\"@id\":\"https:\/\/www.electroluxprofessional.com\/la\/mesas-refrigeradas\/#breadcrumb\",\"itemListElement\":[{\"@type\":\"ListItem\",\"position\":1,\"name\":\"Home\",\"item\":\"https:\/\/www.electroluxprofessional.com\/la\/\"},{\"@type\":\"ListItem\",\"position\":2,\"name\":\"Mesas refrigeradas\"}]},{\"@type\":\"WebSite\",\"@id\":\"https:\/\/www.electroluxprofessional.com\/la\/#website\",\"url\":\"https:\/\/www.electroluxprofessional.com\/la\/\",\"name\":\"Electrolux Professional Latin America\",\"description\":\"Equipamiento cocinas profesionales y lavander\u00edas comerciales. Excelencia en el suministro de soluciones profesionales.\",\"potentialAction\":[{\"@type\":\"SearchAction\",\"target\":{\"@type\":\"EntryPoint\",\"urlTemplate\":\"https:\/\/www.electroluxprofessional.com\/la\/?src={search_term_string}\"},\"query-input\":\"required name=search_term_string\"}],\"inLanguage\":\"es\"}]}<\/script>\n<!-- \/ Yoast SEO plugin. -->","yoast_head_json":{"title":"Mesas refrigeradas - Electrolux Professional Latin America","description":"Mesas Fr\u00edas escostore HP extra eficiencia y seguridad alimentaria en clase clim\u00e1tica. Calcula tu ahorro en la refrigeracion.","robots":{"index":"index","follow":"follow","max-snippet":"max-snippet:-1","max-image-preview":"max-image-preview:large","max-video-preview":"max-video-preview:-1"},"canonical":"https:\/\/www.electroluxprofessional.com\/la\/mesas-refrigeradas\/","og_locale":"es_MX","og_type":"article","og_title":"Mesas refrigeradas - Electrolux Professional Latin America","og_description":"Mesas Fr\u00edas escostore HP extra eficiencia y seguridad alimentaria en clase clim\u00e1tica. Calcula tu ahorro en la refrigeracion.","og_url":"https:\/\/www.electroluxprofessional.com\/la\/mesas-refrigeradas\/","og_site_name":"Electrolux Professional Latin America","article_modified_time":"2025-11-05T16:23:57+00:00","og_image":[{"width":581,"height":384,"url":"https:\/\/www.electroluxprofessional.com\/la\/wp-content\/uploads\/2018\/11\/mesas-refrigeradas.jpg","type":"image\/jpeg"}],"twitter_card":"summary_large_image","twitter_misc":{"Tiempo de lectura":"3 minutos"},"schema":{"@context":"https:\/\/schema.org","@graph":[{"@type":"WebPage","@id":"https:\/\/www.electroluxprofessional.com\/la\/mesas-refrigeradas\/","url":"https:\/\/www.electroluxprofessional.com\/la\/mesas-refrigeradas\/","name":"Mesas refrigeradas - Electrolux Professional Latin America","isPartOf":{"@id":"https:\/\/www.electroluxprofessional.com\/la\/#website"},"primaryImageOfPage":{"@id":"https:\/\/www.electroluxprofessional.com\/la\/mesas-refrigeradas\/#primaryimage"},"image":{"@id":"https:\/\/www.electroluxprofessional.com\/la\/mesas-refrigeradas\/#primaryimage"},"thumbnailUrl":"https:\/\/www.electroluxprofessional.com\/la\/wp-content\/uploads\/2018\/11\/mesas-refrigeradas.jpg","datePublished":"2017-03-09T11:44:47+00:00","dateModified":"2025-11-05T16:23:57+00:00","description":"Mesas Fr\u00edas escostore HP extra eficiencia y seguridad alimentaria en clase clim\u00e1tica. Calcula tu ahorro en la refrigeracion.","breadcrumb":{"@id":"https:\/\/www.electroluxprofessional.com\/la\/mesas-refrigeradas\/#breadcrumb"},"inLanguage":"es","potentialAction":[{"@type":"ReadAction","target":["https:\/\/www.electroluxprofessional.com\/la\/mesas-refrigeradas\/"]}]},{"@type":"ImageObject","inLanguage":"es","@id":"https:\/\/www.electroluxprofessional.com\/la\/mesas-refrigeradas\/#primaryimage","url":"https:\/\/www.electroluxprofessional.com\/la\/wp-content\/uploads\/2018\/11\/mesas-refrigeradas.jpg","contentUrl":"https:\/\/www.electroluxprofessional.com\/la\/wp-content\/uploads\/2018\/11\/mesas-refrigeradas.jpg","width":581,"height":384,"caption":"mesas refrigeradas"},{"@type":"BreadcrumbList","@id":"https:\/\/www.electroluxprofessional.com\/la\/mesas-refrigeradas\/#breadcrumb","itemListElement":[{"@type":"ListItem","position":1,"name":"Home","item":"https:\/\/www.electroluxprofessional.com\/la\/"},{"@type":"ListItem","position":2,"name":"Mesas refrigeradas"}]},{"@type":"WebSite","@id":"https:\/\/www.electroluxprofessional.com\/la\/#website","url":"https:\/\/www.electroluxprofessional.com\/la\/","name":"Electrolux Professional Latin America","description":"Equipamiento cocinas profesionales y lavander\u00edas comerciales. Excelencia en el suministro de soluciones profesionales.","potentialAction":[{"@type":"SearchAction","target":{"@type":"EntryPoint","urlTemplate":"https:\/\/www.electroluxprofessional.com\/la\/?src={search_term_string}"},"query-input":"required name=search_term_string"}],"inLanguage":"es"}]}},"_links":{"self":[{"href":"https:\/\/www.electroluxprofessional.com\/la\/wp-json\/wp\/v2\/pages\/3153"}],"collection":[{"href":"https:\/\/www.electroluxprofessional.com\/la\/wp-json\/wp\/v2\/pages"}],"about":[{"href":"https:\/\/www.electroluxprofessional.com\/la\/wp-json\/wp\/v2\/types\/page"}],"author":[{"embeddable":true,"href":"https:\/\/www.electroluxprofessional.com\/la\/wp-json\/wp\/v2\/users\/23"}],"replies":[{"embeddable":true,"href":"https:\/\/www.electroluxprofessional.com\/la\/wp-json\/wp\/v2\/comments?post=3153"}],"version-history":[{"count":21,"href":"https:\/\/www.electroluxprofessional.com\/la\/wp-json\/wp\/v2\/pages\/3153\/revisions"}],"predecessor-version":[{"id":16638,"href":"https:\/\/www.electroluxprofessional.com\/la\/wp-json\/wp\/v2\/pages\/3153\/revisions\/16638"}],"wp:featuredmedia":[{"embeddable":true,"href":"https:\/\/www.electroluxprofessional.com\/la\/wp-json\/wp\/v2\/media\/4950"}],"wp:attachment":[{"href":"https:\/\/www.electroluxprofessional.com\/la\/wp-json\/wp\/v2\/media?parent=3153"}],"curies":[{"name":"wp","href":"https:\/\/api.w.org\/{rel}","templated":true}]}}