{"id":3128,"date":"2017-03-09T08:18:19","date_gmt":"2017-03-09T08:18:19","guid":{"rendered":"https:\/\/www.electroluxprofessional.com\/la\/?page_id=3128"},"modified":"2025-11-06T11:32:01","modified_gmt":"2025-11-06T11:32:01","slug":"accesorios-y-consumibles-refrigeracion","status":"publish","type":"page","link":"https:\/\/www.electroluxprofessional.com\/la\/accesorios-y-consumibles-refrigeracion\/","title":{"rendered":"Accesorios y consumibles &#8211; Refrigeraci\u00f3n"},"content":{"rendered":"<p>[vc_row full_width=&#8221;electroluxpro-full-width-no-padding&#8221;][vc_column][elx_hero_title label=&#8221;&#8221; background_image=&#8221;1294&#8243;][elx_heading font_container=&#8221;h1&#8243; text_color=&#8221;white&#8221;]Accesorios y Consumibles<br \/>\nRefrigeraci\u00f3n[\/elx_heading][\/elx_hero_title][\/vc_column][\/vc_row][vc_row][vc_column][vc_empty_space height=&#8221;50px&#8221;][elx_heading font_container=&#8221;h3&#8243; text_color=&#8221;inherit&#8221; text_align=&#8221;text-center&#8221;]Refrigeraci\u00f3n responsable[\/elx_heading][vc_empty_space height=&#8221;50px&#8221;][\/vc_column][\/vc_row][vc_row full_width=&#8221;electroluxpro-container-no-padding&#8221; equal_height=&#8221;yes&#8221;][vc_column width=&#8221;1\/2&#8243;][elx_image_block background_image=&#8221;793&#8243; minimum_height=&#8221;450px&#8221;][\/vc_column][vc_column width=&#8221;1\/2&#8243;][elx_simple_block background_color=&#8221;inherit&#8221;][vc_column_text]<\/p>\n<h4>Juntas, rejillas y cestos de varilla<\/h4>\n<p>Para conservar la comida, los accesorios de refrigeraci\u00f3n son de los bienes m\u00e1s valiosos de tu cocina. Elegir el accesorio correcto es garant\u00eda de funcionamiento correcto y eficiente.[\/vc_column_text][vc_single_image image=&#8221;805&#8243; img_size=&#8221;500&#215;285&#8243; css_animation=&#8221;right-to-left&#8221;][\/elx_simple_block][\/vc_column][\/vc_row][vc_row][vc_column][vc_empty_space][\/vc_column][\/vc_row][vc_row][vc_column width=&#8221;1\/3&#8243;][elx_download_block text=&#8221;Accesorios &amp; consumibles<br \/>\nRefrigeraci\u00f3n&#8221; link=&#8221;href=&#8220;http:\/\/files.professional.electrolux.com\/docs\/?n=BR-9JE00043&amp;b=5&amp;l=4&#8220;&#8221; background_color=&#8221;cat-cool&#8221; reveal_effect=&#8221;&#8221; reveal_duration=&#8221;&#8221; reveal_delay=&#8221;&#8221;][\/vc_column][vc_column width=&#8221;1\/3&#8243;][elx_download_block text=&#8221;Armarios refrigerados&#8221; link=&#8221;https:\/\/www.electroluxprofessional.com\/la\/equipamiento-cocinas-profesionales\/armarios-refrigerados\/&#8221; link_target=&#8221;self&#8221; background_color=&#8221;electrolux-blue&#8221; background_hover_color=&#8221;lighter-hover&#8221; background_image=&#8221;1295&#8243; reveal_effect=&#8221;&#8221; reveal_duration=&#8221;&#8221; reveal_delay=&#8221;&#8221;][\/vc_column][vc_column width=&#8221;1\/3&#8243;][elx_download_block text=&#8221;Mesas refrigeradas&#8221; link=&#8221;https:\/\/www.electroluxprofessional.com\/la\/equipamiento-cocinas-profesionales\/mesas-refrigeradas\/&#8221; link_target=&#8221;self&#8221; background_color=&#8221;electrolux-blue&#8221; background_hover_color=&#8221;lighter-hover&#8221; background_image=&#8221;1296&#8243; reveal_effect=&#8221;&#8221; reveal_duration=&#8221;&#8221; reveal_delay=&#8221;&#8221;][\/vc_column][\/vc_row][vc_row][vc_column][vc_empty_space][elx_heading font_container=&#8221;h3&#8243; text_color=&#8221;inherit&#8221;]Descubre m\u00e1s sobre accesorios de refrigeraci\u00f3n[\/elx_heading][elx_o2000_contact_us r=&#8221;Me gustar\u00eda tener m\u00e1s informaci\u00f3n sobre accesorios de refrigeraci\u00f3n.&#8221; s=&#8221;Petici\u00f3n de informaci\u00f3n sobre accesorios de refrigeraci\u00f3n.&#8221; e=&#8221;pedro.baltazar@electrolux.com&#8221; country=&#8221;Spain&#8221; l=&#8221;es&#8221; container=&#8221;elxcontactus1484306106&#8243;][\/vc_column][\/vc_row]<\/p>\n","protected":false},"excerpt":{"rendered":"<p>[vc_row full_width=&#8221;electroluxpro-full-width-no-padding&#8221;][vc_column][elx_hero_title label=&#8221;&#8221; background_image=&#8221;1294&#8243;][elx_heading font_container=&#8221;h1&#8243; text_color=&#8221;white&#8221;]Accesorios y Consumibles Refrigeraci\u00f3n[\/elx_heading][\/elx_hero_title][\/vc_column][\/vc_row][vc_row][vc_column][vc_empty_space height=&#8221;50px&#8221;][elx_heading font_container=&#8221;h3&#8243; text_color=&#8221;inherit&#8221; text_align=&#8221;text-center&#8221;]Refrigeraci\u00f3n responsable[\/elx_heading][vc_empty_space height=&#8221;50px&#8221;][\/vc_column][\/vc_row][vc_row full_width=&#8221;electroluxpro-container-no-padding&#8221; equal_height=&#8221;yes&#8221;][vc_column width=&#8221;1\/2&#8243;][elx_image_block background_image=&#8221;793&#8243; minimum_height=&#8221;450px&#8221;][\/vc_column][vc_column width=&#8221;1\/2&#8243;][elx_simple_block background_color=&#8221;inherit&#8221;][vc_column_text] Juntas, rejillas y cestos de varilla Para conservar la comida, los accesorios de refrigeraci\u00f3n son de los bienes m\u00e1s valiosos de tu cocina. Elegir el accesorio correcto es garant\u00eda de funcionamiento correcto y [&hellip;]<\/p>\n","protected":false},"author":23,"featured_media":0,"parent":0,"menu_order":0,"comment_status":"closed","ping_status":"closed","template":"","meta":{"footnotes":""},"class_list":["post-3128","page","type-page","status-publish","hentry"],"acf":[],"yoast_head":"<!-- This site is optimized with the Yoast SEO plugin v23.3 - https:\/\/yoast.com\/wordpress\/plugins\/seo\/ -->\n<title>Accesorios y consumibles - Refrigeraci\u00f3n - Electrolux Professional Latin America<\/title>\n<meta name=\"robots\" content=\"index, follow, max-snippet:-1, max-image-preview:large, max-video-preview:-1\" \/>\n<link rel=\"canonical\" href=\"https:\/\/www.electroluxprofessional.com\/la\/accesorios-y-consumibles-refrigeracion\/\" \/>\n<meta property=\"og:locale\" content=\"es_MX\" \/>\n<meta property=\"og:type\" content=\"article\" \/>\n<meta property=\"og:title\" content=\"Accesorios y consumibles - Refrigeraci\u00f3n - Electrolux Professional Latin America\" \/>\n<meta property=\"og:description\" content=\"[vc_row full_width=&#8221;electroluxpro-full-width-no-padding&#8221;][vc_column][elx_hero_title label=&#8221;&#8221; background_image=&#8221;1294&#8243;][elx_heading font_container=&#8221;h1&#8243; text_color=&#8221;white&#8221;]Accesorios y Consumibles Refrigeraci\u00f3n[\/elx_heading][\/elx_hero_title][\/vc_column][\/vc_row][vc_row][vc_column][vc_empty_space height=&#8221;50px&#8221;][elx_heading font_container=&#8221;h3&#8243; text_color=&#8221;inherit&#8221; text_align=&#8221;text-center&#8221;]Refrigeraci\u00f3n responsable[\/elx_heading][vc_empty_space height=&#8221;50px&#8221;][\/vc_column][\/vc_row][vc_row full_width=&#8221;electroluxpro-container-no-padding&#8221; equal_height=&#8221;yes&#8221;][vc_column width=&#8221;1\/2&#8243;][elx_image_block background_image=&#8221;793&#8243; minimum_height=&#8221;450px&#8221;][\/vc_column][vc_column width=&#8221;1\/2&#8243;][elx_simple_block background_color=&#8221;inherit&#8221;][vc_column_text] Juntas, rejillas y cestos de varilla Para conservar la comida, los accesorios de refrigeraci\u00f3n son de los bienes m\u00e1s valiosos de tu cocina. Elegir el accesorio correcto es garant\u00eda de funcionamiento correcto y [&hellip;]\" \/>\n<meta property=\"og:url\" content=\"https:\/\/www.electroluxprofessional.com\/la\/accesorios-y-consumibles-refrigeracion\/\" \/>\n<meta property=\"og:site_name\" content=\"Electrolux Professional Latin America\" \/>\n<meta property=\"article:modified_time\" content=\"2025-11-06T11:32:01+00:00\" \/>\n<meta name=\"twitter:card\" content=\"summary_large_image\" \/>\n<meta name=\"twitter:label1\" content=\"Tiempo de lectura\" \/>\n\t<meta name=\"twitter:data1\" content=\"1 minuto\" \/>\n<script type=\"application\/ld+json\" class=\"yoast-schema-graph\">{\"@context\":\"https:\/\/schema.org\",\"@graph\":[{\"@type\":\"WebPage\",\"@id\":\"https:\/\/www.electroluxprofessional.com\/la\/accesorios-y-consumibles-refrigeracion\/\",\"url\":\"https:\/\/www.electroluxprofessional.com\/la\/accesorios-y-consumibles-refrigeracion\/\",\"name\":\"Accesorios y consumibles - Refrigeraci\u00f3n - Electrolux Professional Latin America\",\"isPartOf\":{\"@id\":\"https:\/\/www.electroluxprofessional.com\/la\/#website\"},\"datePublished\":\"2017-03-09T08:18:19+00:00\",\"dateModified\":\"2025-11-06T11:32:01+00:00\",\"breadcrumb\":{\"@id\":\"https:\/\/www.electroluxprofessional.com\/la\/accesorios-y-consumibles-refrigeracion\/#breadcrumb\"},\"inLanguage\":\"es\",\"potentialAction\":[{\"@type\":\"ReadAction\",\"target\":[\"https:\/\/www.electroluxprofessional.com\/la\/accesorios-y-consumibles-refrigeracion\/\"]}]},{\"@type\":\"BreadcrumbList\",\"@id\":\"https:\/\/www.electroluxprofessional.com\/la\/accesorios-y-consumibles-refrigeracion\/#breadcrumb\",\"itemListElement\":[{\"@type\":\"ListItem\",\"position\":1,\"name\":\"Home\",\"item\":\"https:\/\/www.electroluxprofessional.com\/la\/\"},{\"@type\":\"ListItem\",\"position\":2,\"name\":\"Accesorios y consumibles &#8211; Refrigeraci\u00f3n\"}]},{\"@type\":\"WebSite\",\"@id\":\"https:\/\/www.electroluxprofessional.com\/la\/#website\",\"url\":\"https:\/\/www.electroluxprofessional.com\/la\/\",\"name\":\"Electrolux Professional Latin America\",\"description\":\"Equipamiento cocinas profesionales y lavander\u00edas comerciales. Excelencia en el suministro de soluciones profesionales.\",\"potentialAction\":[{\"@type\":\"SearchAction\",\"target\":{\"@type\":\"EntryPoint\",\"urlTemplate\":\"https:\/\/www.electroluxprofessional.com\/la\/?src={search_term_string}\"},\"query-input\":\"required name=search_term_string\"}],\"inLanguage\":\"es\"}]}<\/script>\n<!-- \/ Yoast SEO plugin. -->","yoast_head_json":{"title":"Accesorios y consumibles - Refrigeraci\u00f3n - Electrolux Professional Latin America","robots":{"index":"index","follow":"follow","max-snippet":"max-snippet:-1","max-image-preview":"max-image-preview:large","max-video-preview":"max-video-preview:-1"},"canonical":"https:\/\/www.electroluxprofessional.com\/la\/accesorios-y-consumibles-refrigeracion\/","og_locale":"es_MX","og_type":"article","og_title":"Accesorios y consumibles - Refrigeraci\u00f3n - Electrolux Professional Latin America","og_description":"[vc_row full_width=&#8221;electroluxpro-full-width-no-padding&#8221;][vc_column][elx_hero_title label=&#8221;&#8221; background_image=&#8221;1294&#8243;][elx_heading font_container=&#8221;h1&#8243; text_color=&#8221;white&#8221;]Accesorios y Consumibles Refrigeraci\u00f3n[\/elx_heading][\/elx_hero_title][\/vc_column][\/vc_row][vc_row][vc_column][vc_empty_space height=&#8221;50px&#8221;][elx_heading font_container=&#8221;h3&#8243; text_color=&#8221;inherit&#8221; text_align=&#8221;text-center&#8221;]Refrigeraci\u00f3n responsable[\/elx_heading][vc_empty_space height=&#8221;50px&#8221;][\/vc_column][\/vc_row][vc_row full_width=&#8221;electroluxpro-container-no-padding&#8221; equal_height=&#8221;yes&#8221;][vc_column width=&#8221;1\/2&#8243;][elx_image_block background_image=&#8221;793&#8243; minimum_height=&#8221;450px&#8221;][\/vc_column][vc_column width=&#8221;1\/2&#8243;][elx_simple_block background_color=&#8221;inherit&#8221;][vc_column_text] Juntas, rejillas y cestos de varilla Para conservar la comida, los accesorios de refrigeraci\u00f3n son de los bienes m\u00e1s valiosos de tu cocina. Elegir el accesorio correcto es garant\u00eda de funcionamiento correcto y [&hellip;]","og_url":"https:\/\/www.electroluxprofessional.com\/la\/accesorios-y-consumibles-refrigeracion\/","og_site_name":"Electrolux Professional Latin America","article_modified_time":"2025-11-06T11:32:01+00:00","twitter_card":"summary_large_image","twitter_misc":{"Tiempo de lectura":"1 minuto"},"schema":{"@context":"https:\/\/schema.org","@graph":[{"@type":"WebPage","@id":"https:\/\/www.electroluxprofessional.com\/la\/accesorios-y-consumibles-refrigeracion\/","url":"https:\/\/www.electroluxprofessional.com\/la\/accesorios-y-consumibles-refrigeracion\/","name":"Accesorios y consumibles - Refrigeraci\u00f3n - Electrolux Professional Latin America","isPartOf":{"@id":"https:\/\/www.electroluxprofessional.com\/la\/#website"},"datePublished":"2017-03-09T08:18:19+00:00","dateModified":"2025-11-06T11:32:01+00:00","breadcrumb":{"@id":"https:\/\/www.electroluxprofessional.com\/la\/accesorios-y-consumibles-refrigeracion\/#breadcrumb"},"inLanguage":"es","potentialAction":[{"@type":"ReadAction","target":["https:\/\/www.electroluxprofessional.com\/la\/accesorios-y-consumibles-refrigeracion\/"]}]},{"@type":"BreadcrumbList","@id":"https:\/\/www.electroluxprofessional.com\/la\/accesorios-y-consumibles-refrigeracion\/#breadcrumb","itemListElement":[{"@type":"ListItem","position":1,"name":"Home","item":"https:\/\/www.electroluxprofessional.com\/la\/"},{"@type":"ListItem","position":2,"name":"Accesorios y consumibles &#8211; Refrigeraci\u00f3n"}]},{"@type":"WebSite","@id":"https:\/\/www.electroluxprofessional.com\/la\/#website","url":"https:\/\/www.electroluxprofessional.com\/la\/","name":"Electrolux Professional Latin America","description":"Equipamiento cocinas profesionales y lavander\u00edas comerciales. Excelencia en el suministro de soluciones profesionales.","potentialAction":[{"@type":"SearchAction","target":{"@type":"EntryPoint","urlTemplate":"https:\/\/www.electroluxprofessional.com\/la\/?src={search_term_string}"},"query-input":"required name=search_term_string"}],"inLanguage":"es"}]}},"_links":{"self":[{"href":"https:\/\/www.electroluxprofessional.com\/la\/wp-json\/wp\/v2\/pages\/3128"}],"collection":[{"href":"https:\/\/www.electroluxprofessional.com\/la\/wp-json\/wp\/v2\/pages"}],"about":[{"href":"https:\/\/www.electroluxprofessional.com\/la\/wp-json\/wp\/v2\/types\/page"}],"author":[{"embeddable":true,"href":"https:\/\/www.electroluxprofessional.com\/la\/wp-json\/wp\/v2\/users\/23"}],"replies":[{"embeddable":true,"href":"https:\/\/www.electroluxprofessional.com\/la\/wp-json\/wp\/v2\/comments?post=3128"}],"version-history":[{"count":8,"href":"https:\/\/www.electroluxprofessional.com\/la\/wp-json\/wp\/v2\/pages\/3128\/revisions"}],"predecessor-version":[{"id":16692,"href":"https:\/\/www.electroluxprofessional.com\/la\/wp-json\/wp\/v2\/pages\/3128\/revisions\/16692"}],"wp:attachment":[{"href":"https:\/\/www.electroluxprofessional.com\/la\/wp-json\/wp\/v2\/media?parent=3128"}],"curies":[{"name":"wp","href":"https:\/\/api.w.org\/{rel}","templated":true}]}}