{"id":3123,"date":"2017-03-08T16:23:00","date_gmt":"2017-03-08T16:23:00","guid":{"rendered":"https:\/\/www.electroluxprofessional.com\/la\/?page_id=3123"},"modified":"2024-07-02T14:34:01","modified_gmt":"2024-07-02T14:34:01","slug":"calcula-tu-ahorro-en-refrigeracion","status":"publish","type":"page","link":"https:\/\/www.electroluxprofessional.com\/la\/calcula-tu-ahorro-en-refrigeracion\/","title":{"rendered":"Calcula tu ahorro en refrigeraci\u00f3n"},"content":{"rendered":"<p>[vc_row full_width=&#8221;electroluxpro-full-width-no-padding&#8221;][vc_column][elx_hero_slider label_text_color=&#8221;inherit&#8221; images=&#8221;2683&#8243;][elx_heading font_container=&#8221;h1&#8243; font_size=&#8221;h2&#8243; text_color=&#8221;inherit&#8221;]Calcula tu ahorro en refrigeraci\u00f3n[\/elx_heading][\/elx_hero_slider][\/vc_column][\/vc_row][vc_row][vc_column][vc_empty_space][elx_o2000_refrigeration_calculator language=&#8221;es&#8221;][\/vc_column][\/vc_row][vc_row][vc_column][vc_empty_space height=&#8221;50px&#8221;][\/vc_column][\/vc_row][vc_row][vc_column width=&#8221;1\/2&#8243;][elx_download_block text=&#8221;Descubre nuestros armarios refrigerados&#8221; link_target=&#8221;self&#8221; link=&#8221;https:\/\/www.electroluxprofessional.com\/la\/equipamiento-cocinas-profesionales\/armarios-refrigerados\/&#8221; background_color=&#8221;cat-cool&#8221; reveal_effect=&#8221;&#8221; reveal_duration=&#8221;&#8221; reveal_delay=&#8221;&#8221; background_image=&#8221;1295&#8243;][\/vc_column][vc_column width=&#8221;1\/2&#8243;][elx_download_block text=&#8221;Descubre nuestras mesas refrigeradas&#8221; link_target=&#8221;self&#8221; link=&#8221;https:\/\/www.electroluxprofessional.com\/la\/equipamiento-cocinas-profesionales\/mesas-refrigeradas\/&#8221; background_color=&#8221;cat-cool&#8221; reveal_effect=&#8221;&#8221; reveal_duration=&#8221;&#8221; reveal_delay=&#8221;&#8221; background_image=&#8221;1296&#8243;][\/vc_column][\/vc_row][vc_row][vc_column][vc_empty_space height=&#8221;50px&#8221;][elx_heading font_size=&#8221;h2&#8243; text_color=&#8221;inherit&#8221; text_align=&#8221;text-center&#8221;]Contacta con nuestro equipo de expertos y cu\u00e9ntanos que podemos hacer por tu negocio[\/elx_heading][elx_o2000_contact_us s=&#8221;Petici\u00f3n de informaci\u00f3n sobre ahorro en refrigeraci\u00f3n&#8221; container=&#8221;elxcontactus1480333446&#8243; r=&#8221;Me gustar\u00eda tener m\u00e1s informaci\u00f3n sobre ahorro en refrigeraci\u00f3n.&#8221; l=&#8221;es&#8221;][vc_empty_space height=&#8221;50px&#8221;][\/vc_column][\/vc_row]<\/p>\n","protected":false},"excerpt":{"rendered":"<p>[vc_row full_width=&#8221;electroluxpro-full-width-no-padding&#8221;][vc_column][elx_hero_slider label_text_color=&#8221;inherit&#8221; images=&#8221;2683&#8243;][elx_heading font_container=&#8221;h1&#8243; font_size=&#8221;h2&#8243; text_color=&#8221;inherit&#8221;]Calcula tu ahorro en refrigeraci\u00f3n[\/elx_heading][\/elx_hero_slider][\/vc_column][\/vc_row][vc_row][vc_column][vc_empty_space][elx_o2000_refrigeration_calculator language=&#8221;es&#8221;][\/vc_column][\/vc_row][vc_row][vc_column][vc_empty_space height=&#8221;50px&#8221;][\/vc_column][\/vc_row][vc_row][vc_column width=&#8221;1\/2&#8243;][elx_download_block text=&#8221;Descubre nuestros armarios refrigerados&#8221; link_target=&#8221;self&#8221; link=&#8221;https:\/\/www.electroluxprofessional.com\/la\/equipamiento-cocinas-profesionales\/armarios-refrigerados\/&#8221; background_color=&#8221;cat-cool&#8221; reveal_effect=&#8221;&#8221; reveal_duration=&#8221;&#8221; reveal_delay=&#8221;&#8221; background_image=&#8221;1295&#8243;][\/vc_column][vc_column width=&#8221;1\/2&#8243;][elx_download_block text=&#8221;Descubre nuestras mesas refrigeradas&#8221; link_target=&#8221;self&#8221; link=&#8221;https:\/\/www.electroluxprofessional.com\/la\/equipamiento-cocinas-profesionales\/mesas-refrigeradas\/&#8221; background_color=&#8221;cat-cool&#8221; reveal_effect=&#8221;&#8221; reveal_duration=&#8221;&#8221; reveal_delay=&#8221;&#8221; background_image=&#8221;1296&#8243;][\/vc_column][\/vc_row][vc_row][vc_column][vc_empty_space height=&#8221;50px&#8221;][elx_heading font_size=&#8221;h2&#8243; text_color=&#8221;inherit&#8221; text_align=&#8221;text-center&#8221;]Contacta con nuestro equipo de expertos y cu\u00e9ntanos que podemos hacer por tu negocio[\/elx_heading][elx_o2000_contact_us s=&#8221;Petici\u00f3n [&hellip;]<\/p>\n","protected":false},"author":23,"featured_media":4943,"parent":0,"menu_order":0,"comment_status":"closed","ping_status":"closed","template":"","meta":{"footnotes":""},"class_list":["post-3123","page","type-page","status-publish","has-post-thumbnail","hentry"],"acf":[],"yoast_head":"<!-- This site is optimized with the Yoast SEO plugin v23.3 - https:\/\/yoast.com\/wordpress\/plugins\/seo\/ -->\n<title>Calcula tu ahorro en refrigeraci\u00f3n - Electrolux Professional Latin America<\/title>\n<meta name=\"robots\" content=\"index, follow, max-snippet:-1, max-image-preview:large, max-video-preview:-1\" \/>\n<link rel=\"canonical\" href=\"https:\/\/www.electroluxprofessional.com\/la\/calcula-tu-ahorro-en-refrigeracion\/\" \/>\n<meta property=\"og:locale\" content=\"es_MX\" \/>\n<meta property=\"og:type\" content=\"article\" \/>\n<meta property=\"og:title\" content=\"Calcula tu ahorro en refrigeraci\u00f3n - Electrolux Professional Latin America\" \/>\n<meta property=\"og:description\" content=\"[vc_row full_width=&#8221;electroluxpro-full-width-no-padding&#8221;][vc_column][elx_hero_slider label_text_color=&#8221;inherit&#8221; images=&#8221;2683&#8243;][elx_heading font_container=&#8221;h1&#8243; font_size=&#8221;h2&#8243; text_color=&#8221;inherit&#8221;]Calcula tu ahorro en refrigeraci\u00f3n[\/elx_heading][\/elx_hero_slider][\/vc_column][\/vc_row][vc_row][vc_column][vc_empty_space][elx_o2000_refrigeration_calculator language=&#8221;es&#8221;][\/vc_column][\/vc_row][vc_row][vc_column][vc_empty_space height=&#8221;50px&#8221;][\/vc_column][\/vc_row][vc_row][vc_column width=&#8221;1\/2&#8243;][elx_download_block text=&#8221;Descubre nuestros armarios refrigerados&#8221; link_target=&#8221;self&#8221; link=&#8221;https:\/\/www.electroluxprofessional.com\/la\/equipamiento-cocinas-profesionales\/armarios-refrigerados\/&#8221; background_color=&#8221;cat-cool&#8221; reveal_effect=&#8221;&#8221; reveal_duration=&#8221;&#8221; reveal_delay=&#8221;&#8221; background_image=&#8221;1295&#8243;][\/vc_column][vc_column width=&#8221;1\/2&#8243;][elx_download_block text=&#8221;Descubre nuestras mesas refrigeradas&#8221; link_target=&#8221;self&#8221; link=&#8221;https:\/\/www.electroluxprofessional.com\/la\/equipamiento-cocinas-profesionales\/mesas-refrigeradas\/&#8221; background_color=&#8221;cat-cool&#8221; reveal_effect=&#8221;&#8221; reveal_duration=&#8221;&#8221; reveal_delay=&#8221;&#8221; background_image=&#8221;1296&#8243;][\/vc_column][\/vc_row][vc_row][vc_column][vc_empty_space height=&#8221;50px&#8221;][elx_heading font_size=&#8221;h2&#8243; text_color=&#8221;inherit&#8221; text_align=&#8221;text-center&#8221;]Contacta con nuestro equipo de expertos y cu\u00e9ntanos que podemos hacer por tu negocio[\/elx_heading][elx_o2000_contact_us s=&#8221;Petici\u00f3n [&hellip;]\" \/>\n<meta property=\"og:url\" content=\"https:\/\/www.electroluxprofessional.com\/la\/calcula-tu-ahorro-en-refrigeracion\/\" \/>\n<meta property=\"og:site_name\" content=\"Electrolux Professional Latin America\" \/>\n<meta property=\"article:modified_time\" content=\"2024-07-02T14:34:01+00:00\" \/>\n<meta property=\"og:image\" content=\"https:\/\/www.electroluxprofessional.com\/la\/wp-content\/uploads\/2018\/11\/Consumibles.jpg\" \/>\n\t<meta property=\"og:image:width\" content=\"359\" \/>\n\t<meta property=\"og:image:height\" content=\"359\" \/>\n\t<meta property=\"og:image:type\" content=\"image\/jpeg\" \/>\n<meta name=\"twitter:card\" content=\"summary_large_image\" \/>\n<meta name=\"twitter:label1\" content=\"Tiempo de lectura\" \/>\n\t<meta name=\"twitter:data1\" content=\"1 minuto\" \/>\n<script type=\"application\/ld+json\" class=\"yoast-schema-graph\">{\"@context\":\"https:\/\/schema.org\",\"@graph\":[{\"@type\":\"WebPage\",\"@id\":\"https:\/\/www.electroluxprofessional.com\/la\/calcula-tu-ahorro-en-refrigeracion\/\",\"url\":\"https:\/\/www.electroluxprofessional.com\/la\/calcula-tu-ahorro-en-refrigeracion\/\",\"name\":\"Calcula tu ahorro en refrigeraci\u00f3n - Electrolux Professional Latin America\",\"isPartOf\":{\"@id\":\"https:\/\/www.electroluxprofessional.com\/la\/#website\"},\"primaryImageOfPage\":{\"@id\":\"https:\/\/www.electroluxprofessional.com\/la\/calcula-tu-ahorro-en-refrigeracion\/#primaryimage\"},\"image\":{\"@id\":\"https:\/\/www.electroluxprofessional.com\/la\/calcula-tu-ahorro-en-refrigeracion\/#primaryimage\"},\"thumbnailUrl\":\"https:\/\/www.electroluxprofessional.com\/la\/wp-content\/uploads\/2018\/11\/Consumibles.jpg\",\"datePublished\":\"2017-03-08T16:23:00+00:00\",\"dateModified\":\"2024-07-02T14:34:01+00:00\",\"breadcrumb\":{\"@id\":\"https:\/\/www.electroluxprofessional.com\/la\/calcula-tu-ahorro-en-refrigeracion\/#breadcrumb\"},\"inLanguage\":\"es\",\"potentialAction\":[{\"@type\":\"ReadAction\",\"target\":[\"https:\/\/www.electroluxprofessional.com\/la\/calcula-tu-ahorro-en-refrigeracion\/\"]}]},{\"@type\":\"ImageObject\",\"inLanguage\":\"es\",\"@id\":\"https:\/\/www.electroluxprofessional.com\/la\/calcula-tu-ahorro-en-refrigeracion\/#primaryimage\",\"url\":\"https:\/\/www.electroluxprofessional.com\/la\/wp-content\/uploads\/2018\/11\/Consumibles.jpg\",\"contentUrl\":\"https:\/\/www.electroluxprofessional.com\/la\/wp-content\/uploads\/2018\/11\/Consumibles.jpg\",\"width\":359,\"height\":359,\"caption\":\"Consumibles\"},{\"@type\":\"BreadcrumbList\",\"@id\":\"https:\/\/www.electroluxprofessional.com\/la\/calcula-tu-ahorro-en-refrigeracion\/#breadcrumb\",\"itemListElement\":[{\"@type\":\"ListItem\",\"position\":1,\"name\":\"Home\",\"item\":\"https:\/\/www.electroluxprofessional.com\/la\/\"},{\"@type\":\"ListItem\",\"position\":2,\"name\":\"Calcula tu ahorro en refrigeraci\u00f3n\"}]},{\"@type\":\"WebSite\",\"@id\":\"https:\/\/www.electroluxprofessional.com\/la\/#website\",\"url\":\"https:\/\/www.electroluxprofessional.com\/la\/\",\"name\":\"Electrolux Professional Latin America\",\"description\":\"Equipamiento cocinas profesionales y lavander\u00edas comerciales. Excelencia en el suministro de soluciones profesionales.\",\"potentialAction\":[{\"@type\":\"SearchAction\",\"target\":{\"@type\":\"EntryPoint\",\"urlTemplate\":\"https:\/\/www.electroluxprofessional.com\/la\/?src={search_term_string}\"},\"query-input\":\"required name=search_term_string\"}],\"inLanguage\":\"es\"}]}<\/script>\n<!-- \/ Yoast SEO plugin. -->","yoast_head_json":{"title":"Calcula tu ahorro en refrigeraci\u00f3n - Electrolux Professional Latin America","robots":{"index":"index","follow":"follow","max-snippet":"max-snippet:-1","max-image-preview":"max-image-preview:large","max-video-preview":"max-video-preview:-1"},"canonical":"https:\/\/www.electroluxprofessional.com\/la\/calcula-tu-ahorro-en-refrigeracion\/","og_locale":"es_MX","og_type":"article","og_title":"Calcula tu ahorro en refrigeraci\u00f3n - Electrolux Professional Latin America","og_description":"[vc_row full_width=&#8221;electroluxpro-full-width-no-padding&#8221;][vc_column][elx_hero_slider label_text_color=&#8221;inherit&#8221; images=&#8221;2683&#8243;][elx_heading font_container=&#8221;h1&#8243; font_size=&#8221;h2&#8243; text_color=&#8221;inherit&#8221;]Calcula tu ahorro en refrigeraci\u00f3n[\/elx_heading][\/elx_hero_slider][\/vc_column][\/vc_row][vc_row][vc_column][vc_empty_space][elx_o2000_refrigeration_calculator language=&#8221;es&#8221;][\/vc_column][\/vc_row][vc_row][vc_column][vc_empty_space height=&#8221;50px&#8221;][\/vc_column][\/vc_row][vc_row][vc_column width=&#8221;1\/2&#8243;][elx_download_block text=&#8221;Descubre nuestros armarios refrigerados&#8221; link_target=&#8221;self&#8221; link=&#8221;https:\/\/www.electroluxprofessional.com\/la\/equipamiento-cocinas-profesionales\/armarios-refrigerados\/&#8221; background_color=&#8221;cat-cool&#8221; reveal_effect=&#8221;&#8221; reveal_duration=&#8221;&#8221; reveal_delay=&#8221;&#8221; background_image=&#8221;1295&#8243;][\/vc_column][vc_column width=&#8221;1\/2&#8243;][elx_download_block text=&#8221;Descubre nuestras mesas refrigeradas&#8221; link_target=&#8221;self&#8221; link=&#8221;https:\/\/www.electroluxprofessional.com\/la\/equipamiento-cocinas-profesionales\/mesas-refrigeradas\/&#8221; background_color=&#8221;cat-cool&#8221; reveal_effect=&#8221;&#8221; reveal_duration=&#8221;&#8221; reveal_delay=&#8221;&#8221; background_image=&#8221;1296&#8243;][\/vc_column][\/vc_row][vc_row][vc_column][vc_empty_space height=&#8221;50px&#8221;][elx_heading font_size=&#8221;h2&#8243; text_color=&#8221;inherit&#8221; text_align=&#8221;text-center&#8221;]Contacta con nuestro equipo de expertos y cu\u00e9ntanos que podemos hacer por tu negocio[\/elx_heading][elx_o2000_contact_us s=&#8221;Petici\u00f3n [&hellip;]","og_url":"https:\/\/www.electroluxprofessional.com\/la\/calcula-tu-ahorro-en-refrigeracion\/","og_site_name":"Electrolux Professional Latin America","article_modified_time":"2024-07-02T14:34:01+00:00","og_image":[{"width":359,"height":359,"url":"https:\/\/www.electroluxprofessional.com\/la\/wp-content\/uploads\/2018\/11\/Consumibles.jpg","type":"image\/jpeg"}],"twitter_card":"summary_large_image","twitter_misc":{"Tiempo de lectura":"1 minuto"},"schema":{"@context":"https:\/\/schema.org","@graph":[{"@type":"WebPage","@id":"https:\/\/www.electroluxprofessional.com\/la\/calcula-tu-ahorro-en-refrigeracion\/","url":"https:\/\/www.electroluxprofessional.com\/la\/calcula-tu-ahorro-en-refrigeracion\/","name":"Calcula tu ahorro en refrigeraci\u00f3n - Electrolux Professional Latin America","isPartOf":{"@id":"https:\/\/www.electroluxprofessional.com\/la\/#website"},"primaryImageOfPage":{"@id":"https:\/\/www.electroluxprofessional.com\/la\/calcula-tu-ahorro-en-refrigeracion\/#primaryimage"},"image":{"@id":"https:\/\/www.electroluxprofessional.com\/la\/calcula-tu-ahorro-en-refrigeracion\/#primaryimage"},"thumbnailUrl":"https:\/\/www.electroluxprofessional.com\/la\/wp-content\/uploads\/2018\/11\/Consumibles.jpg","datePublished":"2017-03-08T16:23:00+00:00","dateModified":"2024-07-02T14:34:01+00:00","breadcrumb":{"@id":"https:\/\/www.electroluxprofessional.com\/la\/calcula-tu-ahorro-en-refrigeracion\/#breadcrumb"},"inLanguage":"es","potentialAction":[{"@type":"ReadAction","target":["https:\/\/www.electroluxprofessional.com\/la\/calcula-tu-ahorro-en-refrigeracion\/"]}]},{"@type":"ImageObject","inLanguage":"es","@id":"https:\/\/www.electroluxprofessional.com\/la\/calcula-tu-ahorro-en-refrigeracion\/#primaryimage","url":"https:\/\/www.electroluxprofessional.com\/la\/wp-content\/uploads\/2018\/11\/Consumibles.jpg","contentUrl":"https:\/\/www.electroluxprofessional.com\/la\/wp-content\/uploads\/2018\/11\/Consumibles.jpg","width":359,"height":359,"caption":"Consumibles"},{"@type":"BreadcrumbList","@id":"https:\/\/www.electroluxprofessional.com\/la\/calcula-tu-ahorro-en-refrigeracion\/#breadcrumb","itemListElement":[{"@type":"ListItem","position":1,"name":"Home","item":"https:\/\/www.electroluxprofessional.com\/la\/"},{"@type":"ListItem","position":2,"name":"Calcula tu ahorro en refrigeraci\u00f3n"}]},{"@type":"WebSite","@id":"https:\/\/www.electroluxprofessional.com\/la\/#website","url":"https:\/\/www.electroluxprofessional.com\/la\/","name":"Electrolux Professional Latin America","description":"Equipamiento cocinas profesionales y lavander\u00edas comerciales. Excelencia en el suministro de soluciones profesionales.","potentialAction":[{"@type":"SearchAction","target":{"@type":"EntryPoint","urlTemplate":"https:\/\/www.electroluxprofessional.com\/la\/?src={search_term_string}"},"query-input":"required name=search_term_string"}],"inLanguage":"es"}]}},"_links":{"self":[{"href":"https:\/\/www.electroluxprofessional.com\/la\/wp-json\/wp\/v2\/pages\/3123"}],"collection":[{"href":"https:\/\/www.electroluxprofessional.com\/la\/wp-json\/wp\/v2\/pages"}],"about":[{"href":"https:\/\/www.electroluxprofessional.com\/la\/wp-json\/wp\/v2\/types\/page"}],"author":[{"embeddable":true,"href":"https:\/\/www.electroluxprofessional.com\/la\/wp-json\/wp\/v2\/users\/23"}],"replies":[{"embeddable":true,"href":"https:\/\/www.electroluxprofessional.com\/la\/wp-json\/wp\/v2\/comments?post=3123"}],"version-history":[{"count":14,"href":"https:\/\/www.electroluxprofessional.com\/la\/wp-json\/wp\/v2\/pages\/3123\/revisions"}],"predecessor-version":[{"id":14719,"href":"https:\/\/www.electroluxprofessional.com\/la\/wp-json\/wp\/v2\/pages\/3123\/revisions\/14719"}],"wp:featuredmedia":[{"embeddable":true,"href":"https:\/\/www.electroluxprofessional.com\/la\/wp-json\/wp\/v2\/media\/4943"}],"wp:attachment":[{"href":"https:\/\/www.electroluxprofessional.com\/la\/wp-json\/wp\/v2\/media?parent=3123"}],"curies":[{"name":"wp","href":"https:\/\/api.w.org\/{rel}","templated":true}]}}