{"id":3080,"date":"2017-03-07T15:51:27","date_gmt":"2017-03-07T15:51:27","guid":{"rendered":"https:\/\/www.electroluxprofessional.com\/la\/?page_id=3080"},"modified":"2025-11-05T16:12:07","modified_gmt":"2025-11-05T16:12:07","slug":"electric-powergrill-hp","status":"publish","type":"page","link":"https:\/\/www.electroluxprofessional.com\/la\/electric-powergrill-hp\/","title":{"rendered":"Electric PowerGrill HP"},"content":{"rendered":"<p>[vc_row full_width=&#8221;electroluxpro-full-width-no-padding&#8221;][vc_column][elx_hero_slider label_text_color=&#8221;inherit&#8221; images=&#8221;2803&#8243;][elx_heading font_container=&#8221;h1&#8243; text_color=&#8221;cat-cook&#8221;]<strong>Electric PowerGrill<sup>HP<\/sup><\/strong>[\/elx_heading][elx_heading font_size=&#8221;h4&#8243; text_color=&#8221;inherit&#8221;]La parrilla perfecta[\/elx_heading][\/elx_hero_slider][\/vc_column][\/vc_row][vc_row][vc_column][vc_empty_space][elx_heading font_size=&#8221;h3&#8243; text_color=&#8221;inherit&#8221; text_align=&#8221;text-center&#8221;]\u00bfBuscas una parrilla que ofrezca resultados con una uniformidad perfecta, <strong>sin quemar, super r\u00e1pida<\/strong><br \/>\ny que funcione en los momentos de m\u00e1s actividad de tu negocio?[\/elx_heading][vc_empty_space][elx_heading font_container=&#8221;h3&#8243; font_size=&#8221;h5&#8243; text_color=&#8221;inherit&#8221; text_align=&#8221;text-center&#8221;]<strong>Presentamos la nueva Electrolux Electric PowerGrill<sup>HP<\/sup>.<br \/>\nHP por High Productivity y High Performance.<\/strong>[\/elx_heading][vc_empty_space][\/vc_column][\/vc_row][vc_row][vc_column width=&#8221;1\/4&#8243;][vc_single_image image=&#8221;2534&#8243; img_size=&#8221;full&#8221;][elx_heading font_size=&#8221;h4&#8243; text_color=&#8221;cat-cook&#8221;]Alta productividad[\/elx_heading][vc_column_text]La <strong>tecnolog\u00eda de calor r\u00e1pido<\/strong> de Electric PowerGrill<sup>HP<\/sup>\u00a0no s\u00f3lo calienta la parrilla en tiempo r\u00e9cord, sino que tambi\u00e9n reduce los tiempos gracias a sus elementos calentadores y las parrillas y deflectores extra\u00edbles Heat Boost.[\/vc_column_text][\/vc_column][vc_column width=&#8221;1\/4&#8243;][vc_single_image image=&#8221;2800&#8243; img_size=&#8221;full&#8221;][elx_heading font_size=&#8221;h4&#8243; text_color=&#8221;cat-cook&#8221;]Resultados perfectos[\/elx_heading][vc_column_text]Porci\u00f3n tras porci\u00f3n, un\u00a0<strong>resultado impecable<\/strong>, y un tiempo de calentamiento nunca visto. El dise\u00f1o \u00fanico de la Electric PowerGrill<sup>HP\u00a0<\/sup>reduce la distancia entre los elementos calentadores y las parrillas consiguiendo una <strong>distribuci\u00f3n uniforme del calor.<\/strong>[\/vc_column_text][\/vc_column][vc_column width=&#8221;1\/4&#8243;][vc_single_image image=&#8221;2489&#8243; img_size=&#8221;full&#8221;][elx_heading font_size=&#8221;h4&#8243; text_color=&#8221;cat-cook&#8221;]Limpieza f\u00e1cil[\/elx_heading][vc_column_text]Limpiar tu PowerGrill<sup>HP<\/sup>\u00a0no pod\u00eda ser m\u00e1s sencillo, gracias a las\u00a0<strong>parrillas extra\u00edbles lavables en el lavavajillas<\/strong>. Lleva integrado un \u00a0grifo de agua, un colector de grasas y un desag\u00fce de vaciado.[\/vc_column_text][\/vc_column][vc_column width=&#8221;1\/4&#8243;][vc_single_image image=&#8221;2801&#8243; img_size=&#8221;full&#8221;][elx_heading font_size=&#8221;h4&#8243; text_color=&#8221;cat-cook&#8221;]Alto rendimiento[\/elx_heading][vc_column_text]<strong>Reduce los tiempos<\/strong>, <strong>ahorra energ\u00eda<\/strong>\u00a0y\u00a0<strong>usa diferentes modo de cocci\u00f3n<\/strong>\u00a0con el control de energ\u00eda de precisi\u00f3n de Electric PowerGrill<sup>HP<\/sup>. La parrilla se mantiene al m\u00ednimo cuando no se utiliza y luego alcanza temperatura en tiempo r\u00e9cord.[\/vc_column_text][\/vc_column][\/vc_row][vc_row][vc_column][vc_empty_space][\/vc_column][\/vc_row][vc_row][vc_column width=&#8221;1\/2&#8243;][elx_heading font_size=&#8221;h3&#8243; text_color=&#8221;inherit&#8221;]Una parrilla en cualquier lugar.[\/elx_heading][vc_empty_space][elx_heading font_size=&#8221;h5&#8243; text_color=&#8221;cat-cook&#8221;]La parrilla el\u00e9ctrica PowerGrill<sup>HP<\/sup> te permite poder tener <strong>una parrilla de alto rendimiento donde quieras<\/strong>, incluso en lugares donde no suele haber gas como centros comerciales o centros hist\u00f3ricos[\/elx_heading][\/vc_column][vc_column width=&#8221;1\/2&#8243;][vc_single_image image=&#8221;2802&#8243; img_size=&#8221;full&#8221;][\/vc_column][\/vc_row][vc_row][vc_column][vc_empty_space][\/vc_column][\/vc_row][vc_row][vc_column width=&#8221;1\/2&#8243;][elx_video_block background_image=&#8221;2799&#8243; video_link=&#8221;https:\/\/www.youtube.com\/watch?v=V2p676XTGEk&#8221; minimum_height=&#8221;260px&#8221;][\/vc_column][vc_column width=&#8221;1\/2&#8243;][elx_download_block text=&#8221;Cat\u00e1logo Parrilla PowerGrill&#8221; link=&#8221;files.professional.electrolux.com\/docs\/?n=BR-9JE00053&amp;b=5&amp;l=4&#8243; background_color=&#8221;cat-cook&#8221; reveal_effect=&#8221;&#8221; reveal_duration=&#8221;&#8221; reveal_delay=&#8221;&#8221;][\/vc_column][\/vc_row][vc_row][vc_column][vc_empty_space][elx_heading text_color=&#8221;inherit&#8221;]Descubre lo que Electric PowerGrill<br \/>\npuede hacer por tu negocio[\/elx_heading][elx_o2000_contact_us r=&#8221;Me gustar\u00eda tener m\u00e1s informaci\u00f3n sobre la parrilla Electric PowerGrill. Por favor, contacten conmigo.&#8221; s=&#8221;Petici\u00f3n de informaci\u00f3n sobre parrillas Electric PowerGrill&#8221; e=&#8221;pedro.baltazar@electrolux.com&#8221; country=&#8221;Spain&#8221; container=&#8221;elxcontactus1486978248&#8243;][\/vc_column][\/vc_row][vc_row][vc_column][\/vc_column][\/vc_row]<\/p>\n","protected":false},"excerpt":{"rendered":"<p>[vc_row full_width=&#8221;electroluxpro-full-width-no-padding&#8221;][vc_column][elx_hero_slider label_text_color=&#8221;inherit&#8221; images=&#8221;2803&#8243;][elx_heading font_container=&#8221;h1&#8243; text_color=&#8221;cat-cook&#8221;]Electric PowerGrillHP[\/elx_heading][elx_heading font_size=&#8221;h4&#8243; text_color=&#8221;inherit&#8221;]La parrilla perfecta[\/elx_heading][\/elx_hero_slider][\/vc_column][\/vc_row][vc_row][vc_column][vc_empty_space][elx_heading font_size=&#8221;h3&#8243; text_color=&#8221;inherit&#8221; text_align=&#8221;text-center&#8221;]\u00bfBuscas una parrilla que ofrezca resultados con una uniformidad perfecta, sin quemar, super r\u00e1pida y que funcione en los momentos de m\u00e1s actividad de tu negocio?[\/elx_heading][vc_empty_space][elx_heading font_container=&#8221;h3&#8243; font_size=&#8221;h5&#8243; text_color=&#8221;inherit&#8221; text_align=&#8221;text-center&#8221;]Presentamos la nueva Electrolux Electric PowerGrillHP. HP por High Productivity y High Performance.[\/elx_heading][vc_empty_space][\/vc_column][\/vc_row][vc_row][vc_column [&hellip;]<\/p>\n","protected":false},"author":23,"featured_media":4969,"parent":0,"menu_order":0,"comment_status":"closed","ping_status":"closed","template":"","meta":{"footnotes":""},"class_list":["post-3080","page","type-page","status-publish","has-post-thumbnail","hentry"],"acf":[],"yoast_head":"<!-- This site is optimized with the Yoast SEO plugin v23.3 - https:\/\/yoast.com\/wordpress\/plugins\/seo\/ -->\n<title>Electric PowerGrill HP - Electrolux Professional Latin America<\/title>\n<meta name=\"robots\" content=\"index, follow, max-snippet:-1, max-image-preview:large, max-video-preview:-1\" \/>\n<link rel=\"canonical\" href=\"https:\/\/www.electroluxprofessional.com\/la\/electric-powergrill-hp\/\" \/>\n<meta property=\"og:locale\" content=\"es_MX\" \/>\n<meta property=\"og:type\" content=\"article\" \/>\n<meta property=\"og:title\" content=\"Electric PowerGrill HP - Electrolux Professional Latin America\" \/>\n<meta property=\"og:description\" content=\"[vc_row full_width=&#8221;electroluxpro-full-width-no-padding&#8221;][vc_column][elx_hero_slider label_text_color=&#8221;inherit&#8221; images=&#8221;2803&#8243;][elx_heading font_container=&#8221;h1&#8243; text_color=&#8221;cat-cook&#8221;]Electric PowerGrillHP[\/elx_heading][elx_heading font_size=&#8221;h4&#8243; text_color=&#8221;inherit&#8221;]La parrilla perfecta[\/elx_heading][\/elx_hero_slider][\/vc_column][\/vc_row][vc_row][vc_column][vc_empty_space][elx_heading font_size=&#8221;h3&#8243; text_color=&#8221;inherit&#8221; text_align=&#8221;text-center&#8221;]\u00bfBuscas una parrilla que ofrezca resultados con una uniformidad perfecta, sin quemar, super r\u00e1pida y que funcione en los momentos de m\u00e1s actividad de tu negocio?[\/elx_heading][vc_empty_space][elx_heading font_container=&#8221;h3&#8243; font_size=&#8221;h5&#8243; text_color=&#8221;inherit&#8221; text_align=&#8221;text-center&#8221;]Presentamos la nueva Electrolux Electric PowerGrillHP. HP por High Productivity y High Performance.[\/elx_heading][vc_empty_space][\/vc_column][\/vc_row][vc_row][vc_column [&hellip;]\" \/>\n<meta property=\"og:url\" content=\"https:\/\/www.electroluxprofessional.com\/la\/electric-powergrill-hp\/\" \/>\n<meta property=\"og:site_name\" content=\"Electrolux Professional Latin America\" \/>\n<meta property=\"article:modified_time\" content=\"2025-11-05T16:12:07+00:00\" \/>\n<meta property=\"og:image\" content=\"https:\/\/www.electroluxprofessional.com\/la\/wp-content\/uploads\/2018\/11\/Electric-PowerGrill-HP.jpg\" \/>\n\t<meta property=\"og:image:width\" content=\"551\" \/>\n\t<meta property=\"og:image:height\" content=\"380\" \/>\n\t<meta property=\"og:image:type\" content=\"image\/jpeg\" \/>\n<meta name=\"twitter:card\" content=\"summary_large_image\" \/>\n<meta name=\"twitter:label1\" content=\"Tiempo de lectura\" \/>\n\t<meta name=\"twitter:data1\" content=\"2 minutos\" \/>\n<script type=\"application\/ld+json\" class=\"yoast-schema-graph\">{\"@context\":\"https:\/\/schema.org\",\"@graph\":[{\"@type\":\"WebPage\",\"@id\":\"https:\/\/www.electroluxprofessional.com\/la\/electric-powergrill-hp\/\",\"url\":\"https:\/\/www.electroluxprofessional.com\/la\/electric-powergrill-hp\/\",\"name\":\"Electric PowerGrill HP - Electrolux Professional Latin America\",\"isPartOf\":{\"@id\":\"https:\/\/www.electroluxprofessional.com\/la\/#website\"},\"primaryImageOfPage\":{\"@id\":\"https:\/\/www.electroluxprofessional.com\/la\/electric-powergrill-hp\/#primaryimage\"},\"image\":{\"@id\":\"https:\/\/www.electroluxprofessional.com\/la\/electric-powergrill-hp\/#primaryimage\"},\"thumbnailUrl\":\"https:\/\/www.electroluxprofessional.com\/la\/wp-content\/uploads\/2018\/11\/Electric-PowerGrill-HP.jpg\",\"datePublished\":\"2017-03-07T15:51:27+00:00\",\"dateModified\":\"2025-11-05T16:12:07+00:00\",\"breadcrumb\":{\"@id\":\"https:\/\/www.electroluxprofessional.com\/la\/electric-powergrill-hp\/#breadcrumb\"},\"inLanguage\":\"es\",\"potentialAction\":[{\"@type\":\"ReadAction\",\"target\":[\"https:\/\/www.electroluxprofessional.com\/la\/electric-powergrill-hp\/\"]}]},{\"@type\":\"ImageObject\",\"inLanguage\":\"es\",\"@id\":\"https:\/\/www.electroluxprofessional.com\/la\/electric-powergrill-hp\/#primaryimage\",\"url\":\"https:\/\/www.electroluxprofessional.com\/la\/wp-content\/uploads\/2018\/11\/Electric-PowerGrill-HP.jpg\",\"contentUrl\":\"https:\/\/www.electroluxprofessional.com\/la\/wp-content\/uploads\/2018\/11\/Electric-PowerGrill-HP.jpg\",\"width\":551,\"height\":380,\"caption\":\"Electric PowerGrill HP\"},{\"@type\":\"BreadcrumbList\",\"@id\":\"https:\/\/www.electroluxprofessional.com\/la\/electric-powergrill-hp\/#breadcrumb\",\"itemListElement\":[{\"@type\":\"ListItem\",\"position\":1,\"name\":\"Home\",\"item\":\"https:\/\/www.electroluxprofessional.com\/la\/\"},{\"@type\":\"ListItem\",\"position\":2,\"name\":\"Electric PowerGrill HP\"}]},{\"@type\":\"WebSite\",\"@id\":\"https:\/\/www.electroluxprofessional.com\/la\/#website\",\"url\":\"https:\/\/www.electroluxprofessional.com\/la\/\",\"name\":\"Electrolux Professional Latin America\",\"description\":\"Equipamiento cocinas profesionales y lavander\u00edas comerciales. Excelencia en el suministro de soluciones profesionales.\",\"potentialAction\":[{\"@type\":\"SearchAction\",\"target\":{\"@type\":\"EntryPoint\",\"urlTemplate\":\"https:\/\/www.electroluxprofessional.com\/la\/?src={search_term_string}\"},\"query-input\":\"required name=search_term_string\"}],\"inLanguage\":\"es\"}]}<\/script>\n<!-- \/ Yoast SEO plugin. -->","yoast_head_json":{"title":"Electric PowerGrill HP - Electrolux Professional Latin America","robots":{"index":"index","follow":"follow","max-snippet":"max-snippet:-1","max-image-preview":"max-image-preview:large","max-video-preview":"max-video-preview:-1"},"canonical":"https:\/\/www.electroluxprofessional.com\/la\/electric-powergrill-hp\/","og_locale":"es_MX","og_type":"article","og_title":"Electric PowerGrill HP - Electrolux Professional Latin America","og_description":"[vc_row full_width=&#8221;electroluxpro-full-width-no-padding&#8221;][vc_column][elx_hero_slider label_text_color=&#8221;inherit&#8221; images=&#8221;2803&#8243;][elx_heading font_container=&#8221;h1&#8243; text_color=&#8221;cat-cook&#8221;]Electric PowerGrillHP[\/elx_heading][elx_heading font_size=&#8221;h4&#8243; text_color=&#8221;inherit&#8221;]La parrilla perfecta[\/elx_heading][\/elx_hero_slider][\/vc_column][\/vc_row][vc_row][vc_column][vc_empty_space][elx_heading font_size=&#8221;h3&#8243; text_color=&#8221;inherit&#8221; text_align=&#8221;text-center&#8221;]\u00bfBuscas una parrilla que ofrezca resultados con una uniformidad perfecta, sin quemar, super r\u00e1pida y que funcione en los momentos de m\u00e1s actividad de tu negocio?[\/elx_heading][vc_empty_space][elx_heading font_container=&#8221;h3&#8243; font_size=&#8221;h5&#8243; text_color=&#8221;inherit&#8221; text_align=&#8221;text-center&#8221;]Presentamos la nueva Electrolux Electric PowerGrillHP. HP por High Productivity y High Performance.[\/elx_heading][vc_empty_space][\/vc_column][\/vc_row][vc_row][vc_column [&hellip;]","og_url":"https:\/\/www.electroluxprofessional.com\/la\/electric-powergrill-hp\/","og_site_name":"Electrolux Professional Latin America","article_modified_time":"2025-11-05T16:12:07+00:00","og_image":[{"width":551,"height":380,"url":"https:\/\/www.electroluxprofessional.com\/la\/wp-content\/uploads\/2018\/11\/Electric-PowerGrill-HP.jpg","type":"image\/jpeg"}],"twitter_card":"summary_large_image","twitter_misc":{"Tiempo de lectura":"2 minutos"},"schema":{"@context":"https:\/\/schema.org","@graph":[{"@type":"WebPage","@id":"https:\/\/www.electroluxprofessional.com\/la\/electric-powergrill-hp\/","url":"https:\/\/www.electroluxprofessional.com\/la\/electric-powergrill-hp\/","name":"Electric PowerGrill HP - Electrolux Professional Latin America","isPartOf":{"@id":"https:\/\/www.electroluxprofessional.com\/la\/#website"},"primaryImageOfPage":{"@id":"https:\/\/www.electroluxprofessional.com\/la\/electric-powergrill-hp\/#primaryimage"},"image":{"@id":"https:\/\/www.electroluxprofessional.com\/la\/electric-powergrill-hp\/#primaryimage"},"thumbnailUrl":"https:\/\/www.electroluxprofessional.com\/la\/wp-content\/uploads\/2018\/11\/Electric-PowerGrill-HP.jpg","datePublished":"2017-03-07T15:51:27+00:00","dateModified":"2025-11-05T16:12:07+00:00","breadcrumb":{"@id":"https:\/\/www.electroluxprofessional.com\/la\/electric-powergrill-hp\/#breadcrumb"},"inLanguage":"es","potentialAction":[{"@type":"ReadAction","target":["https:\/\/www.electroluxprofessional.com\/la\/electric-powergrill-hp\/"]}]},{"@type":"ImageObject","inLanguage":"es","@id":"https:\/\/www.electroluxprofessional.com\/la\/electric-powergrill-hp\/#primaryimage","url":"https:\/\/www.electroluxprofessional.com\/la\/wp-content\/uploads\/2018\/11\/Electric-PowerGrill-HP.jpg","contentUrl":"https:\/\/www.electroluxprofessional.com\/la\/wp-content\/uploads\/2018\/11\/Electric-PowerGrill-HP.jpg","width":551,"height":380,"caption":"Electric PowerGrill HP"},{"@type":"BreadcrumbList","@id":"https:\/\/www.electroluxprofessional.com\/la\/electric-powergrill-hp\/#breadcrumb","itemListElement":[{"@type":"ListItem","position":1,"name":"Home","item":"https:\/\/www.electroluxprofessional.com\/la\/"},{"@type":"ListItem","position":2,"name":"Electric PowerGrill HP"}]},{"@type":"WebSite","@id":"https:\/\/www.electroluxprofessional.com\/la\/#website","url":"https:\/\/www.electroluxprofessional.com\/la\/","name":"Electrolux Professional Latin America","description":"Equipamiento cocinas profesionales y lavander\u00edas comerciales. Excelencia en el suministro de soluciones profesionales.","potentialAction":[{"@type":"SearchAction","target":{"@type":"EntryPoint","urlTemplate":"https:\/\/www.electroluxprofessional.com\/la\/?src={search_term_string}"},"query-input":"required name=search_term_string"}],"inLanguage":"es"}]}},"_links":{"self":[{"href":"https:\/\/www.electroluxprofessional.com\/la\/wp-json\/wp\/v2\/pages\/3080"}],"collection":[{"href":"https:\/\/www.electroluxprofessional.com\/la\/wp-json\/wp\/v2\/pages"}],"about":[{"href":"https:\/\/www.electroluxprofessional.com\/la\/wp-json\/wp\/v2\/types\/page"}],"author":[{"embeddable":true,"href":"https:\/\/www.electroluxprofessional.com\/la\/wp-json\/wp\/v2\/users\/23"}],"replies":[{"embeddable":true,"href":"https:\/\/www.electroluxprofessional.com\/la\/wp-json\/wp\/v2\/comments?post=3080"}],"version-history":[{"count":18,"href":"https:\/\/www.electroluxprofessional.com\/la\/wp-json\/wp\/v2\/pages\/3080\/revisions"}],"predecessor-version":[{"id":16626,"href":"https:\/\/www.electroluxprofessional.com\/la\/wp-json\/wp\/v2\/pages\/3080\/revisions\/16626"}],"wp:featuredmedia":[{"embeddable":true,"href":"https:\/\/www.electroluxprofessional.com\/la\/wp-json\/wp\/v2\/media\/4969"}],"wp:attachment":[{"href":"https:\/\/www.electroluxprofessional.com\/la\/wp-json\/wp\/v2\/media?parent=3080"}],"curies":[{"name":"wp","href":"https:\/\/api.w.org\/{rel}","templated":true}]}}