{"id":3047,"date":"2017-03-06T15:50:44","date_gmt":"2017-03-06T15:50:44","guid":{"rendered":"https:\/\/www.electroluxprofessional.com\/la\/?page_id=3047"},"modified":"2025-11-05T16:13:22","modified_gmt":"2025-11-05T16:13:22","slug":"libero-line","status":"publish","type":"page","link":"https:\/\/www.electroluxprofessional.com\/la\/libero-line\/","title":{"rendered":"Libero line"},"content":{"rendered":"<p>[vc_row full_width=&#8221;electroluxpro-full-width-no-padding&#8221; equal_height=&#8221;yes&#8221;][vc_column width=&#8221;2\/3&#8243;][elx_image_block background_image=&#8221;606&#8243; minimum_height=&#8221;500px&#8221;][\/vc_column][vc_column width=&#8221;1\/3&#8243;][elx_image_block background_image=&#8221;704&#8243; minimum_height=&#8221;500px&#8221;][\/vc_column][\/vc_row][vc_row][vc_column][vc_empty_space][\/vc_column][\/vc_row][vc_row][vc_column width=&#8221;1\/2&#8243;][elx_heading font_container=&#8221;h1&#8243; font_size=&#8221;h2&#8243; text_color=&#8221;inherit&#8221;]<strong>Libero Line<\/strong>[\/elx_heading][vc_empty_space][elx_heading font_size=&#8221;h3&#8243; text_color=&#8221;inherit&#8221;]El concepto de cocina frontal. Servir a todo el mundo en cualquier sitio. [\/elx_heading][vc_empty_space height=&#8221;15px&#8221;][vc_column_text]Prepara platos r\u00e1pidos sobre la marcha. De todo, desde bocadillos\u00a0hasta comidas elaboradas.[\/vc_column_text][elx_heading font_size=&#8221;h4&#8243; text_color=&#8221;inherit&#8221;]Cerca de los ingredientes[\/elx_heading][vc_column_text]El\u00a0<strong>Punto Libero<\/strong>\u00a0con <strong>cajones refrigerados <\/strong>mantiene frescos los alimentos y\u00a0<strong>permite tener cerca los ingredientes que se necesitan<\/strong>, adem\u00e1s, ampl\u00eda la gama Libero de cocinas m\u00f3viles.[\/vc_column_text][elx_heading font_size=&#8221;h4&#8243; text_color=&#8221;inherit&#8221;]Cerca de tus clientes[\/elx_heading][vc_column_text]El innovador sistema Anti-Olores con triple ventilaci\u00f3n filtrante reduce los malos olores emitidos al cocinar, haciendo del Punto Libero la soluci\u00f3n ideal para todo tipo de ambiente, interior o exterior.[\/vc_column_text][\/vc_column][vc_column width=&#8221;1\/2&#8243;][vc_single_image image=&#8221;617&#8243; img_size=&#8221;573&#215;730&#8243; css=&#8221;.vc_custom_1487259624583{padding-top: 60px !important;}&#8221;][\/vc_column][\/vc_row][vc_row][vc_column][vc_empty_space height=&#8221;50px&#8221;][\/vc_column][\/vc_row][vc_row][vc_column width=&#8221;1\/3&#8243;][vc_single_image image=&#8221;949&#8243; img_size=&#8221;full&#8221;][\/vc_column][vc_column width=&#8221;1\/3&#8243;][elx_heading font_size=&#8221;h4&#8243; text_color=&#8221;inherit&#8221;]Premio &#8220;Janus de l&#8217;industrie&#8221;[\/elx_heading][vc_empty_space height=&#8221;15px&#8221;][vc_column_text]En 2011 el Punto Libero recibi\u00f3 el prestigioso\u00a0<strong>Janus de l\u2019Industrie<\/strong>, uno de los premios europeos m\u00e1s importantes de dise\u00f1o.[\/vc_column_text][\/vc_column][vc_column width=&#8221;1\/3&#8243;][vc_single_image image=&#8221;616&#8243; img_size=&#8221;full&#8221; alignment=&#8221;center&#8221;][\/vc_column][\/vc_row][vc_row][vc_column width=&#8221;1\/4&#8243;][elx_heading font_size=&#8221;h4&#8243; text_color=&#8221;inherit&#8221;]<strong>Fry Top\/Plancha<\/strong>[\/elx_heading][vc_column_text]<\/p>\n<ul>\n<li>\u00a1Sirve a tus clientes en tiempo record! De 20\u00b0C a 265\u00b0C en menos de 15 minutos<\/li>\n<li>El nivel correcto de temperatura para hacer comida a la plancha uniformemente<\/li>\n<li>Incluye una herramienta de limpieza especial para quitar f\u00e1cilmente cualquier residuo de comida de la superficie<\/li>\n<\/ul>\n<p>[\/vc_column_text][vc_single_image image=&#8221;2552&#8243; img_size=&#8221;full&#8221;][\/vc_column][vc_column width=&#8221;1\/4&#8243;][elx_heading font_size=&#8221;h4&#8243; text_color=&#8221;inherit&#8221;]<strong>Wok de inducci\u00f3n<\/strong>[\/elx_heading][vc_column_text]<\/p>\n<ul>\n<li>M\u00e1xima eficiencia energ\u00e9tica, gracias a la detecci\u00f3n autom\u00e1tica que activa la zona de inducci\u00f3n s\u00f3lo cuando se coloca un recipiente sobre la superficie<\/li>\n<li>Menos dispersi\u00f3n de calor, s\u00f3lo hacia el recipiente de inducci\u00f3n magn\u00e9tica<\/li>\n<\/ul>\n<p>[\/vc_column_text][vc_empty_space][vc_single_image image=&#8221;2553&#8243; img_size=&#8221;full&#8221;][\/vc_column][vc_column width=&#8221;1\/4&#8243;][elx_heading font_size=&#8221;h4&#8243; text_color=&#8221;inherit&#8221;]<strong>Placa de inducci\u00f3n<\/strong>[\/elx_heading][vc_column_text]<\/p>\n<ul>\n<li>Reduce tus costes ahorrando hasta un 60% de energ\u00eda usando placas de inducci\u00f3n<\/li>\n<li>Sirve platos en pocos minutos gracias al r\u00e1pido calentamiento de la inducci\u00f3n<\/li>\n<li>Gracias a las superficies lisas y las esquinas redondeadas la limpieza es m\u00e1s f\u00e1cil y c\u00f3moda, la fabricaci\u00f3n en acero inoxidable evita el riesgo de corrosi\u00f3n<\/li>\n<\/ul>\n<p>[\/vc_column_text][vc_single_image image=&#8221;2554&#8243; img_size=&#8221;full&#8221;][\/vc_column][vc_column width=&#8221;1\/4&#8243;][elx_heading font_size=&#8221;h4&#8243; text_color=&#8221;inherit&#8221;]<strong>Horno Mini Combi<\/strong>[\/elx_heading][vc_column_text]<\/p>\n<ul>\n<li>Un gran horno de peque\u00f1o tama\u00f1o. Todo lo que necesitas para cocinar al vapor, hornear, brasear o asar<\/li>\n<li>Compacto, f\u00e1cil de usar<\/li>\n<li>No necesita tomas de agua<\/li>\n<li>Piezas internas f\u00e1cilmente desmontables para su limpieza<\/li>\n<\/ul>\n<p>[\/vc_column_text][vc_single_image image=&#8221;2555&#8243; img_size=&#8221;medium&#8221;][\/vc_column][\/vc_row][vc_row][vc_column][vc_empty_space][\/vc_column][\/vc_row][vc_row video_bg=&#8221;yes&#8221;][vc_column width=&#8221;1\/4&#8243;][elx_download_block text=&#8221;Libero line&#8221; link=&#8221;files.professional.electrolux.com\/docs\/?n=BR-9JEDT&amp;b=5&amp;l=4&#8243; background_color=&#8221;orchid&#8221; reveal_effect=&#8221;&#8221; reveal_duration=&#8221;&#8221; reveal_delay=&#8221;&#8221;][\/vc_column][vc_column width=&#8221;1\/4&#8243;][elx_download_block text=&#8221;Horno Mini Combi&#8221; link=&#8221;files.professional.electrolux.com\/docs\/?n=REC-9JEDU&amp;b=5&amp;l=4&#8243; background_color=&#8221;orchid&#8221; reveal_effect=&#8221;&#8221; reveal_duration=&#8221;&#8221; reveal_delay=&#8221;&#8221;][\/vc_column][vc_column width=&#8221;2\/4&#8243;][elx_video_block background_image=&#8221;2551&#8243; video_link=&#8221;https:\/\/www.youtube.com\/watch?v=jHWPvs9ZOXM&#8221; minimum_height=&#8221;260px&#8221;][vc_column_text]Presentaci\u00f3n Libero Line[\/vc_column_text][\/vc_column][\/vc_row][vc_row][vc_column][vc_empty_space height=&#8221;50px&#8221;][elx_heading text_color=&#8221;inherit&#8221; text_align=&#8221;text-center&#8221;]Descubre lo que Libero Line puede hacer por tu negocio[\/elx_heading][elx_o2000_contact_us r=&#8221;Me gustar\u00eda tener m\u00e1s informaci\u00f3n de libero line. Por favor, contacten conmigo.&#8221; s=&#8221;Petici\u00f3n de informaci\u00f3n de libero line&#8221; e=&#8221;pedro.baltazar@electrolux.com&#8221; l=&#8221;es&#8221; container=&#8221;elxcontactus1469457188&#8243;][vc_empty_space height=&#8221;50px&#8221;][\/vc_column][\/vc_row]<\/p>\n","protected":false},"excerpt":{"rendered":"<p>[vc_row full_width=&#8221;electroluxpro-full-width-no-padding&#8221; equal_height=&#8221;yes&#8221;][vc_column width=&#8221;2\/3&#8243;][elx_image_block background_image=&#8221;606&#8243; minimum_height=&#8221;500px&#8221;][\/vc_column][vc_column width=&#8221;1\/3&#8243;][elx_image_block background_image=&#8221;704&#8243; minimum_height=&#8221;500px&#8221;][\/vc_column][\/vc_row][vc_row][vc_column][vc_empty_space][\/vc_column][\/vc_row][vc_row][vc_column width=&#8221;1\/2&#8243;][elx_heading font_container=&#8221;h1&#8243; font_size=&#8221;h2&#8243; text_color=&#8221;inherit&#8221;]Libero Line[\/elx_heading][vc_empty_space][elx_heading font_size=&#8221;h3&#8243; text_color=&#8221;inherit&#8221;]El concepto de cocina frontal. Servir a todo el mundo en cualquier sitio. [\/elx_heading][vc_empty_space height=&#8221;15px&#8221;][vc_column_text]Prepara platos r\u00e1pidos sobre la marcha. De todo, desde bocadillos\u00a0hasta comidas elaboradas.[\/vc_column_text][elx_heading font_size=&#8221;h4&#8243; text_color=&#8221;inherit&#8221;]Cerca de los ingredientes[\/elx_heading][vc_column_text]El\u00a0Punto Libero\u00a0con cajones refrigerados mantiene frescos los alimentos y\u00a0permite tener [&hellip;]<\/p>\n","protected":false},"author":23,"featured_media":4910,"parent":0,"menu_order":0,"comment_status":"closed","ping_status":"closed","template":"","meta":{"footnotes":""},"class_list":["post-3047","page","type-page","status-publish","has-post-thumbnail","hentry"],"acf":[],"yoast_head":"<!-- This site is optimized with the Yoast SEO plugin v23.3 - https:\/\/yoast.com\/wordpress\/plugins\/seo\/ -->\n<title>Libero line - Electrolux Professional Latin America<\/title>\n<meta name=\"robots\" content=\"index, follow, max-snippet:-1, max-image-preview:large, max-video-preview:-1\" \/>\n<link rel=\"canonical\" href=\"https:\/\/www.electroluxprofessional.com\/la\/libero-line\/\" \/>\n<meta property=\"og:locale\" content=\"es_MX\" \/>\n<meta property=\"og:type\" content=\"article\" \/>\n<meta property=\"og:title\" content=\"Libero line - Electrolux Professional Latin America\" \/>\n<meta property=\"og:description\" content=\"[vc_row full_width=&#8221;electroluxpro-full-width-no-padding&#8221; equal_height=&#8221;yes&#8221;][vc_column width=&#8221;2\/3&#8243;][elx_image_block background_image=&#8221;606&#8243; minimum_height=&#8221;500px&#8221;][\/vc_column][vc_column width=&#8221;1\/3&#8243;][elx_image_block background_image=&#8221;704&#8243; minimum_height=&#8221;500px&#8221;][\/vc_column][\/vc_row][vc_row][vc_column][vc_empty_space][\/vc_column][\/vc_row][vc_row][vc_column width=&#8221;1\/2&#8243;][elx_heading font_container=&#8221;h1&#8243; font_size=&#8221;h2&#8243; text_color=&#8221;inherit&#8221;]Libero Line[\/elx_heading][vc_empty_space][elx_heading font_size=&#8221;h3&#8243; text_color=&#8221;inherit&#8221;]El concepto de cocina frontal. Servir a todo el mundo en cualquier sitio. [\/elx_heading][vc_empty_space height=&#8221;15px&#8221;][vc_column_text]Prepara platos r\u00e1pidos sobre la marcha. De todo, desde bocadillos\u00a0hasta comidas elaboradas.[\/vc_column_text][elx_heading font_size=&#8221;h4&#8243; text_color=&#8221;inherit&#8221;]Cerca de los ingredientes[\/elx_heading][vc_column_text]El\u00a0Punto Libero\u00a0con cajones refrigerados mantiene frescos los alimentos y\u00a0permite tener [&hellip;]\" \/>\n<meta property=\"og:url\" content=\"https:\/\/www.electroluxprofessional.com\/la\/libero-line\/\" \/>\n<meta property=\"og:site_name\" content=\"Electrolux Professional Latin America\" \/>\n<meta property=\"article:modified_time\" content=\"2025-11-05T16:13:22+00:00\" \/>\n<meta property=\"og:image\" content=\"https:\/\/www.electroluxprofessional.com\/la\/wp-content\/uploads\/2018\/11\/Libero.jpg\" \/>\n\t<meta property=\"og:image:width\" content=\"552\" \/>\n\t<meta property=\"og:image:height\" content=\"640\" \/>\n\t<meta property=\"og:image:type\" content=\"image\/jpeg\" \/>\n<meta name=\"twitter:card\" content=\"summary_large_image\" \/>\n<meta name=\"twitter:label1\" content=\"Tiempo de lectura\" \/>\n\t<meta name=\"twitter:data1\" content=\"3 minutos\" \/>\n<script type=\"application\/ld+json\" class=\"yoast-schema-graph\">{\"@context\":\"https:\/\/schema.org\",\"@graph\":[{\"@type\":\"WebPage\",\"@id\":\"https:\/\/www.electroluxprofessional.com\/la\/libero-line\/\",\"url\":\"https:\/\/www.electroluxprofessional.com\/la\/libero-line\/\",\"name\":\"Libero line - Electrolux Professional Latin America\",\"isPartOf\":{\"@id\":\"https:\/\/www.electroluxprofessional.com\/la\/#website\"},\"primaryImageOfPage\":{\"@id\":\"https:\/\/www.electroluxprofessional.com\/la\/libero-line\/#primaryimage\"},\"image\":{\"@id\":\"https:\/\/www.electroluxprofessional.com\/la\/libero-line\/#primaryimage\"},\"thumbnailUrl\":\"https:\/\/www.electroluxprofessional.com\/la\/wp-content\/uploads\/2018\/11\/Libero.jpg\",\"datePublished\":\"2017-03-06T15:50:44+00:00\",\"dateModified\":\"2025-11-05T16:13:22+00:00\",\"breadcrumb\":{\"@id\":\"https:\/\/www.electroluxprofessional.com\/la\/libero-line\/#breadcrumb\"},\"inLanguage\":\"es\",\"potentialAction\":[{\"@type\":\"ReadAction\",\"target\":[\"https:\/\/www.electroluxprofessional.com\/la\/libero-line\/\"]}]},{\"@type\":\"ImageObject\",\"inLanguage\":\"es\",\"@id\":\"https:\/\/www.electroluxprofessional.com\/la\/libero-line\/#primaryimage\",\"url\":\"https:\/\/www.electroluxprofessional.com\/la\/wp-content\/uploads\/2018\/11\/Libero.jpg\",\"contentUrl\":\"https:\/\/www.electroluxprofessional.com\/la\/wp-content\/uploads\/2018\/11\/Libero.jpg\",\"width\":552,\"height\":640,\"caption\":\"Libero\"},{\"@type\":\"BreadcrumbList\",\"@id\":\"https:\/\/www.electroluxprofessional.com\/la\/libero-line\/#breadcrumb\",\"itemListElement\":[{\"@type\":\"ListItem\",\"position\":1,\"name\":\"Home\",\"item\":\"https:\/\/www.electroluxprofessional.com\/la\/\"},{\"@type\":\"ListItem\",\"position\":2,\"name\":\"Libero line\"}]},{\"@type\":\"WebSite\",\"@id\":\"https:\/\/www.electroluxprofessional.com\/la\/#website\",\"url\":\"https:\/\/www.electroluxprofessional.com\/la\/\",\"name\":\"Electrolux Professional Latin America\",\"description\":\"Equipamiento cocinas profesionales y lavander\u00edas comerciales. Excelencia en el suministro de soluciones profesionales.\",\"potentialAction\":[{\"@type\":\"SearchAction\",\"target\":{\"@type\":\"EntryPoint\",\"urlTemplate\":\"https:\/\/www.electroluxprofessional.com\/la\/?src={search_term_string}\"},\"query-input\":\"required name=search_term_string\"}],\"inLanguage\":\"es\"}]}<\/script>\n<!-- \/ Yoast SEO plugin. -->","yoast_head_json":{"title":"Libero line - Electrolux Professional Latin America","robots":{"index":"index","follow":"follow","max-snippet":"max-snippet:-1","max-image-preview":"max-image-preview:large","max-video-preview":"max-video-preview:-1"},"canonical":"https:\/\/www.electroluxprofessional.com\/la\/libero-line\/","og_locale":"es_MX","og_type":"article","og_title":"Libero line - Electrolux Professional Latin America","og_description":"[vc_row full_width=&#8221;electroluxpro-full-width-no-padding&#8221; equal_height=&#8221;yes&#8221;][vc_column width=&#8221;2\/3&#8243;][elx_image_block background_image=&#8221;606&#8243; minimum_height=&#8221;500px&#8221;][\/vc_column][vc_column width=&#8221;1\/3&#8243;][elx_image_block background_image=&#8221;704&#8243; minimum_height=&#8221;500px&#8221;][\/vc_column][\/vc_row][vc_row][vc_column][vc_empty_space][\/vc_column][\/vc_row][vc_row][vc_column width=&#8221;1\/2&#8243;][elx_heading font_container=&#8221;h1&#8243; font_size=&#8221;h2&#8243; text_color=&#8221;inherit&#8221;]Libero Line[\/elx_heading][vc_empty_space][elx_heading font_size=&#8221;h3&#8243; text_color=&#8221;inherit&#8221;]El concepto de cocina frontal. Servir a todo el mundo en cualquier sitio. [\/elx_heading][vc_empty_space height=&#8221;15px&#8221;][vc_column_text]Prepara platos r\u00e1pidos sobre la marcha. De todo, desde bocadillos\u00a0hasta comidas elaboradas.[\/vc_column_text][elx_heading font_size=&#8221;h4&#8243; text_color=&#8221;inherit&#8221;]Cerca de los ingredientes[\/elx_heading][vc_column_text]El\u00a0Punto Libero\u00a0con cajones refrigerados mantiene frescos los alimentos y\u00a0permite tener [&hellip;]","og_url":"https:\/\/www.electroluxprofessional.com\/la\/libero-line\/","og_site_name":"Electrolux Professional Latin America","article_modified_time":"2025-11-05T16:13:22+00:00","og_image":[{"width":552,"height":640,"url":"https:\/\/www.electroluxprofessional.com\/la\/wp-content\/uploads\/2018\/11\/Libero.jpg","type":"image\/jpeg"}],"twitter_card":"summary_large_image","twitter_misc":{"Tiempo de lectura":"3 minutos"},"schema":{"@context":"https:\/\/schema.org","@graph":[{"@type":"WebPage","@id":"https:\/\/www.electroluxprofessional.com\/la\/libero-line\/","url":"https:\/\/www.electroluxprofessional.com\/la\/libero-line\/","name":"Libero line - Electrolux Professional Latin America","isPartOf":{"@id":"https:\/\/www.electroluxprofessional.com\/la\/#website"},"primaryImageOfPage":{"@id":"https:\/\/www.electroluxprofessional.com\/la\/libero-line\/#primaryimage"},"image":{"@id":"https:\/\/www.electroluxprofessional.com\/la\/libero-line\/#primaryimage"},"thumbnailUrl":"https:\/\/www.electroluxprofessional.com\/la\/wp-content\/uploads\/2018\/11\/Libero.jpg","datePublished":"2017-03-06T15:50:44+00:00","dateModified":"2025-11-05T16:13:22+00:00","breadcrumb":{"@id":"https:\/\/www.electroluxprofessional.com\/la\/libero-line\/#breadcrumb"},"inLanguage":"es","potentialAction":[{"@type":"ReadAction","target":["https:\/\/www.electroluxprofessional.com\/la\/libero-line\/"]}]},{"@type":"ImageObject","inLanguage":"es","@id":"https:\/\/www.electroluxprofessional.com\/la\/libero-line\/#primaryimage","url":"https:\/\/www.electroluxprofessional.com\/la\/wp-content\/uploads\/2018\/11\/Libero.jpg","contentUrl":"https:\/\/www.electroluxprofessional.com\/la\/wp-content\/uploads\/2018\/11\/Libero.jpg","width":552,"height":640,"caption":"Libero"},{"@type":"BreadcrumbList","@id":"https:\/\/www.electroluxprofessional.com\/la\/libero-line\/#breadcrumb","itemListElement":[{"@type":"ListItem","position":1,"name":"Home","item":"https:\/\/www.electroluxprofessional.com\/la\/"},{"@type":"ListItem","position":2,"name":"Libero line"}]},{"@type":"WebSite","@id":"https:\/\/www.electroluxprofessional.com\/la\/#website","url":"https:\/\/www.electroluxprofessional.com\/la\/","name":"Electrolux Professional Latin America","description":"Equipamiento cocinas profesionales y lavander\u00edas comerciales. Excelencia en el suministro de soluciones profesionales.","potentialAction":[{"@type":"SearchAction","target":{"@type":"EntryPoint","urlTemplate":"https:\/\/www.electroluxprofessional.com\/la\/?src={search_term_string}"},"query-input":"required name=search_term_string"}],"inLanguage":"es"}]}},"_links":{"self":[{"href":"https:\/\/www.electroluxprofessional.com\/la\/wp-json\/wp\/v2\/pages\/3047"}],"collection":[{"href":"https:\/\/www.electroluxprofessional.com\/la\/wp-json\/wp\/v2\/pages"}],"about":[{"href":"https:\/\/www.electroluxprofessional.com\/la\/wp-json\/wp\/v2\/types\/page"}],"author":[{"embeddable":true,"href":"https:\/\/www.electroluxprofessional.com\/la\/wp-json\/wp\/v2\/users\/23"}],"replies":[{"embeddable":true,"href":"https:\/\/www.electroluxprofessional.com\/la\/wp-json\/wp\/v2\/comments?post=3047"}],"version-history":[{"count":18,"href":"https:\/\/www.electroluxprofessional.com\/la\/wp-json\/wp\/v2\/pages\/3047\/revisions"}],"predecessor-version":[{"id":16628,"href":"https:\/\/www.electroluxprofessional.com\/la\/wp-json\/wp\/v2\/pages\/3047\/revisions\/16628"}],"wp:featuredmedia":[{"embeddable":true,"href":"https:\/\/www.electroluxprofessional.com\/la\/wp-json\/wp\/v2\/media\/4910"}],"wp:attachment":[{"href":"https:\/\/www.electroluxprofessional.com\/la\/wp-json\/wp\/v2\/media?parent=3047"}],"curies":[{"name":"wp","href":"https:\/\/api.w.org\/{rel}","templated":true}]}}