{"id":3016,"date":"2017-03-03T12:48:43","date_gmt":"2017-03-03T12:48:43","guid":{"rendered":"https:\/\/www.electroluxprofessional.com\/la\/?page_id=3016"},"modified":"2025-11-06T11:31:41","modified_gmt":"2025-11-06T11:31:41","slug":"accesorios-y-consumibles-cook-chill","status":"publish","type":"page","link":"https:\/\/www.electroluxprofessional.com\/la\/accesorios-y-consumibles-cook-chill\/","title":{"rendered":"Accesorios y consumibles &#8211; Cook and chill"},"content":{"rendered":"<p>[vc_row full_width=&#8221;electroluxpro-full-width-no-padding&#8221;][vc_column][elx_hero_title label=&#8221;&#8221; label_background_color=&#8221;inherit&#8221; background_image=&#8221;658&#8243;][elx_heading font_container=&#8221;h1&#8243; font_size=&#8221;h1&#8243; text_color=&#8221;white&#8221; text_align=&#8221;text-center&#8221;]Accesorios y Consumibles<br \/>\nCook &amp; chill[\/elx_heading][\/elx_hero_title][\/vc_column][\/vc_row][vc_row][vc_column][vc_empty_space][elx_heading font_container=&#8221;h3&#8243; text_color=&#8221;inherit&#8221; text_align=&#8221;text-center&#8221;]Consigue los mejores resultados en tu air-o-system[\/elx_heading][vc_empty_space height=&#8221;50px&#8221;][\/vc_column][\/vc_row][vc_row full_width=&#8221;electroluxpro-container-no-padding&#8221; equal_height=&#8221;yes&#8221;][vc_column width=&#8221;1\/2&#8243;][elx_image_block background_image=&#8221;658&#8243; minimum_height=&#8221;450px&#8221;][\/vc_column][vc_column width=&#8221;1\/2&#8243;][elx_simple_block background_color=&#8221;inherit&#8221;][vc_column_text]<\/p>\n<h4>Rejillas y bandejas<\/h4>\n<p>Una amplia gama de soluciones para ampliar tu men\u00fa f\u00e1cilmente con tu air-o-steam Touchline: desde recipientes universales, rejillas para pollos, bastidores, cestos para fre\u00edr, bandejas para baguettes y mucho m\u00e1s.[\/vc_column_text][vc_single_image image=&#8221;2502&#8243; img_size=&#8221;600&#215;300&#8243; css_animation=&#8221;right-to-left&#8221;][\/elx_simple_block][\/vc_column][\/vc_row][vc_row][vc_column][vc_empty_space][elx_heading font_container=&#8221;h3&#8243; text_color=&#8221;inherit&#8221; text_align=&#8221;text-center&#8221;]Sous-vide, el complemento perfecto[\/elx_heading][vc_empty_space height=&#8221;50px&#8221;][\/vc_column][\/vc_row][vc_row full_width=&#8221;electroluxpro-container-no-padding&#8221; equal_height=&#8221;yes&#8221;][vc_column width=&#8221;1\/2&#8243;][elx_image_block background_image=&#8221;788&#8243; minimum_height=&#8221;450px&#8221;][\/vc_column][vc_column width=&#8221;1\/2&#8243;][elx_simple_block background_color=&#8221;inherit&#8221;][vc_column_text]<\/p>\n<h4>Envasadora al vac\u00edo<\/h4>\n<p>Los accesorios de envasado al vac\u00edo son indispensables para realizar cocciones sous-vide y son \u00fatiles para almacenar alimentos protegi\u00e9ndolos de los efectos nocivos de la humedad y el aire.[\/vc_column_text][vc_single_image image=&#8221;800&#8243; img_size=&#8221;600&#215;300&#8243; css_animation=&#8221;right-to-left&#8221;][\/elx_simple_block][\/vc_column][\/vc_row][vc_row][vc_column][vc_empty_space height=&#8221;50px&#8221;][elx_heading font_container=&#8221;h3&#8243; text_color=&#8221;inherit&#8221; text_align=&#8221;text-center&#8221;]Deleite a sus comensales con el toque ahumado[\/elx_heading][vc_empty_space height=&#8221;50px&#8221;][\/vc_column][\/vc_row][vc_row full_width=&#8221;electroluxpro-container-no-padding&#8221; equal_height=&#8221;yes&#8221;][vc_column width=&#8221;1\/2&#8243;][elx_image_block background_image=&#8221;794&#8243; minimum_height=&#8221;450px&#8221;][\/vc_column][vc_column width=&#8221;1\/2&#8243;][elx_simple_block background_color=&#8221;inherit&#8221;][vc_column_text]<\/p>\n<h4>El ahumador volcano<\/h4>\n<p>El ahumador volcano es el accesorio perfecto para hacer tus recetas de sabor ahumado en tu horno combi, utilizando m\u00e9todos tradicionales con virutas de madera o especias secas.[\/vc_column_text][vc_single_image image=&#8221;806&#8243; img_size=&#8221;500&#215;285&#8243; css_animation=&#8221;right-to-left&#8221;][\/elx_simple_block][\/vc_column][\/vc_row][vc_row][vc_column][vc_empty_space height=&#8221;50px&#8221;][elx_heading font_container=&#8221;h3&#8243; text_color=&#8221;inherit&#8221; text_align=&#8221;text-center&#8221;]Hacer un pollo delicioso nunca fue tan f\u00e1cil[\/elx_heading][vc_empty_space height=&#8221;50px&#8221;][\/vc_column][\/vc_row][vc_row full_width=&#8221;electroluxpro-container-no-padding&#8221; equal_height=&#8221;yes&#8221;][vc_column width=&#8221;1\/2&#8243;][elx_image_block background_image=&#8221;795&#8243; minimum_height=&#8221;450px&#8221;][\/vc_column][vc_column width=&#8221;1\/2&#8243;][elx_simple_block][vc_column_text]<\/p>\n<h4>Chicken system<\/h4>\n<p>Minimice el tiempo de cocinado y maximice el sabor en el air-o-steam Touchline. La combinaci\u00f3n del ciclo espec\u00edfico para crujientes y sabrosos pollos asados junto con los accesorios para mejorar su manipulaci\u00f3n, son la soluci\u00f3n perfecta para aumentar f\u00e1cilmente sus ventas.[\/vc_column_text][vc_single_image image=&#8221;807&#8243; img_size=&#8221;530&#215;285&#8243; css_animation=&#8221;right-to-left&#8221;][\/elx_simple_block][\/vc_column][\/vc_row][vc_row][vc_column][vc_empty_space height=&#8221;50px&#8221;][elx_heading font_container=&#8221;h3&#8243; text_color=&#8221;inherit&#8221; text_align=&#8221;text-center&#8221;]La mejor f\u00f3rmula para cuidar tu equipamiento[\/elx_heading][vc_empty_space height=&#8221;50px&#8221;][\/vc_column][\/vc_row][vc_row full_width=&#8221;electroluxpro-container-no-padding&#8221; equal_height=&#8221;yes&#8221;][vc_column width=&#8221;1\/2&#8243;][elx_image_block background_image=&#8221;790&#8243; minimum_height=&#8221;450px&#8221;][\/vc_column][vc_column width=&#8221;1\/2&#8243;][elx_simple_block background_color=&#8221;inherit&#8221;][vc_column_text]<\/p>\n<h4>Limpieza y aclarado extra para hornos<\/h4>\n<p>Nuestros detergentes cumplen los est\u00e1ndares de higiene y seguridad, su rendimiento y eficiencia son elevados.[\/vc_column_text][vc_single_image image=&#8221;802&#8243; img_size=&#8221;440&#215;265&#8243; css_animation=&#8221;right-to-left&#8221;][\/elx_simple_block][\/vc_column][\/vc_row][vc_row][vc_column][vc_empty_space][elx_heading font_size=&#8221;h3&#8243; text_color=&#8221;inherit&#8221; text_align=&#8221;text-center&#8221;]Descubre todos los accesorios[\/elx_heading][vc_empty_space height=&#8221;20px&#8221;][elx_video_block background_image=&#8221;693&#8243; video_link=&#8221;https:\/\/www.youtube.com\/watch?v=u_2r9PxDHzI&#8221; minimum_height=&#8221;400px&#8221;][\/vc_column][\/vc_row][vc_row][vc_column][vc_empty_space height=&#8221;40px&#8221;][\/vc_column][\/vc_row][vc_row][vc_column width=&#8221;1\/3&#8243;][elx_download_block text=&#8221;Accesorios &amp; Consumibles<br \/>\nCook &amp; Chill&#8221; link=&#8221;files.professional.electrolux.com\/docs\/?n=BR-9JE00044&amp;b=5&amp;l=1&#8243; background_color=&#8221;cat-cook-and-chill&#8221; reveal_effect=&#8221;&#8221; reveal_duration=&#8221;&#8221; reveal_delay=&#8221;&#8221;][\/vc_column][vc_column width=&#8221;1\/3&#8243;][elx_download_block text=&#8221;air-o-system<br \/>\nCat\u00e1logo&#8221; link=&#8221;http:\/\/files.professional.electrolux.com\/docs\/?n=BR-9JEET&amp;b=5&amp;l=4&#8243; background_color=&#8221;cat-cook-and-chill&#8221; reveal_effect=&#8221;&#8221; reveal_duration=&#8221;&#8221; reveal_delay=&#8221;&#8221;][\/vc_column][vc_column width=&#8221;1\/3&#8243;][elx_download_block text=&#8221;Descubre m\u00e1s sobre<br \/>\nCook &amp; Chill&#8221; link=&#8221;https:\/\/www.electroluxprofessional.com\/la\/equipamiento-cocinas-profesionales\/cook-and-chill\/&#8221; link_target=&#8221;self&#8221; background_color=&#8221;electrolux-blue&#8221; background_hover_color=&#8221;lighter-hover&#8221; background_image=&#8221;1281&#8243; reveal_effect=&#8221;&#8221; reveal_duration=&#8221;&#8221; reveal_delay=&#8221;&#8221;][\/vc_column][\/vc_row][vc_row][vc_column][vc_empty_space][elx_heading font_container=&#8221;h3&#8243; text_color=&#8221;inherit&#8221;]\u00bfAlguna pregunta? Contacta con nosotros[\/elx_heading][elx_o2000_contact_us r=&#8221;Me gustar\u00eda tener m\u00e1s informaci\u00f3n a cerca de accesorios para cook &amp; chill. Por favor, contacten conmigo.&#8221; s=&#8221;Petici\u00f3n de informaci\u00f3n sobre accesorios para cook &amp; chill&#8221; l=&#8221;es&#8221; container=&#8221;elxcontactus1484302025&#8243;][\/vc_column][\/vc_row]<\/p>\n","protected":false},"excerpt":{"rendered":"<p>[vc_row full_width=&#8221;electroluxpro-full-width-no-padding&#8221;][vc_column][elx_hero_title label=&#8221;&#8221; label_background_color=&#8221;inherit&#8221; background_image=&#8221;658&#8243;][elx_heading font_container=&#8221;h1&#8243; font_size=&#8221;h1&#8243; text_color=&#8221;white&#8221; text_align=&#8221;text-center&#8221;]Accesorios y Consumibles Cook &amp; chill[\/elx_heading][\/elx_hero_title][\/vc_column][\/vc_row][vc_row][vc_column][vc_empty_space][elx_heading font_container=&#8221;h3&#8243; text_color=&#8221;inherit&#8221; text_align=&#8221;text-center&#8221;]Consigue los mejores resultados en tu air-o-system[\/elx_heading][vc_empty_space height=&#8221;50px&#8221;][\/vc_column][\/vc_row][vc_row full_width=&#8221;electroluxpro-container-no-padding&#8221; equal_height=&#8221;yes&#8221;][vc_column width=&#8221;1\/2&#8243;][elx_image_block background_image=&#8221;658&#8243; minimum_height=&#8221;450px&#8221;][\/vc_column][vc_column width=&#8221;1\/2&#8243;][elx_simple_block background_color=&#8221;inherit&#8221;][vc_column_text] Rejillas y bandejas Una amplia gama de soluciones para ampliar tu men\u00fa f\u00e1cilmente con tu air-o-steam Touchline: desde recipientes universales, rejillas para pollos, bastidores, [&hellip;]<\/p>\n","protected":false},"author":23,"featured_media":4907,"parent":0,"menu_order":0,"comment_status":"closed","ping_status":"closed","template":"","meta":{"footnotes":""},"class_list":["post-3016","page","type-page","status-publish","has-post-thumbnail","hentry"],"acf":[],"yoast_head":"<!-- This site is optimized with the Yoast SEO plugin v23.3 - https:\/\/yoast.com\/wordpress\/plugins\/seo\/ -->\n<title>Accesorios y consumibles - Cook and chill - Electrolux Professional Latin America<\/title>\n<meta name=\"description\" content=\"Consigue los mejoires resultados en tu air-o-system. Una amplia gama de soluciones para ampliar tu men\u00fa f\u00e1cilmente con tu air-o-steam. Touchline: desde recipientes universals. Rejillas para pollos, bastidores, cestos para fre\u00edr, bandejas para baguettes y mucho m\u00e1s.\" \/>\n<meta name=\"robots\" content=\"index, follow, max-snippet:-1, max-image-preview:large, max-video-preview:-1\" \/>\n<link rel=\"canonical\" href=\"https:\/\/www.electroluxprofessional.com\/la\/accesorios-y-consumibles-cook-chill\/\" \/>\n<meta property=\"og:locale\" content=\"es_MX\" \/>\n<meta property=\"og:type\" content=\"article\" \/>\n<meta property=\"og:title\" content=\"Accesorios y consumibles - Cook and chill - Electrolux Professional Latin America\" \/>\n<meta property=\"og:description\" content=\"Consigue los mejoires resultados en tu air-o-system. Una amplia gama de soluciones para ampliar tu men\u00fa f\u00e1cilmente con tu air-o-steam. Touchline: desde recipientes universals. Rejillas para pollos, bastidores, cestos para fre\u00edr, bandejas para baguettes y mucho m\u00e1s.\" \/>\n<meta property=\"og:url\" content=\"https:\/\/www.electroluxprofessional.com\/la\/accesorios-y-consumibles-cook-chill\/\" \/>\n<meta property=\"og:site_name\" content=\"Electrolux Professional Latin America\" \/>\n<meta property=\"article:modified_time\" content=\"2025-11-06T11:31:41+00:00\" \/>\n<meta property=\"og:image\" content=\"https:\/\/www.electroluxprofessional.com\/la\/wp-content\/uploads\/2018\/11\/accessories.jpg\" \/>\n\t<meta property=\"og:image:width\" content=\"600\" \/>\n\t<meta property=\"og:image:height\" content=\"300\" \/>\n\t<meta property=\"og:image:type\" content=\"image\/jpeg\" \/>\n<meta name=\"twitter:card\" content=\"summary_large_image\" \/>\n<meta name=\"twitter:label1\" content=\"Tiempo de lectura\" \/>\n\t<meta name=\"twitter:data1\" content=\"2 minutos\" \/>\n<script type=\"application\/ld+json\" class=\"yoast-schema-graph\">{\"@context\":\"https:\/\/schema.org\",\"@graph\":[{\"@type\":\"WebPage\",\"@id\":\"https:\/\/www.electroluxprofessional.com\/la\/accesorios-y-consumibles-cook-chill\/\",\"url\":\"https:\/\/www.electroluxprofessional.com\/la\/accesorios-y-consumibles-cook-chill\/\",\"name\":\"Accesorios y consumibles - Cook and chill - Electrolux Professional Latin America\",\"isPartOf\":{\"@id\":\"https:\/\/www.electroluxprofessional.com\/la\/#website\"},\"primaryImageOfPage\":{\"@id\":\"https:\/\/www.electroluxprofessional.com\/la\/accesorios-y-consumibles-cook-chill\/#primaryimage\"},\"image\":{\"@id\":\"https:\/\/www.electroluxprofessional.com\/la\/accesorios-y-consumibles-cook-chill\/#primaryimage\"},\"thumbnailUrl\":\"https:\/\/www.electroluxprofessional.com\/la\/wp-content\/uploads\/2018\/11\/accessories.jpg\",\"datePublished\":\"2017-03-03T12:48:43+00:00\",\"dateModified\":\"2025-11-06T11:31:41+00:00\",\"description\":\"Consigue los mejoires resultados en tu air-o-system. Una amplia gama de soluciones para ampliar tu men\u00fa f\u00e1cilmente con tu air-o-steam. Touchline: desde recipientes universals. Rejillas para pollos, bastidores, cestos para fre\u00edr, bandejas para baguettes y mucho m\u00e1s.\",\"breadcrumb\":{\"@id\":\"https:\/\/www.electroluxprofessional.com\/la\/accesorios-y-consumibles-cook-chill\/#breadcrumb\"},\"inLanguage\":\"es\",\"potentialAction\":[{\"@type\":\"ReadAction\",\"target\":[\"https:\/\/www.electroluxprofessional.com\/la\/accesorios-y-consumibles-cook-chill\/\"]}]},{\"@type\":\"ImageObject\",\"inLanguage\":\"es\",\"@id\":\"https:\/\/www.electroluxprofessional.com\/la\/accesorios-y-consumibles-cook-chill\/#primaryimage\",\"url\":\"https:\/\/www.electroluxprofessional.com\/la\/wp-content\/uploads\/2018\/11\/accessories.jpg\",\"contentUrl\":\"https:\/\/www.electroluxprofessional.com\/la\/wp-content\/uploads\/2018\/11\/accessories.jpg\",\"width\":600,\"height\":300,\"caption\":\"Accesorios\"},{\"@type\":\"BreadcrumbList\",\"@id\":\"https:\/\/www.electroluxprofessional.com\/la\/accesorios-y-consumibles-cook-chill\/#breadcrumb\",\"itemListElement\":[{\"@type\":\"ListItem\",\"position\":1,\"name\":\"Home\",\"item\":\"https:\/\/www.electroluxprofessional.com\/la\/\"},{\"@type\":\"ListItem\",\"position\":2,\"name\":\"Accesorios y consumibles &#8211; Cook and chill\"}]},{\"@type\":\"WebSite\",\"@id\":\"https:\/\/www.electroluxprofessional.com\/la\/#website\",\"url\":\"https:\/\/www.electroluxprofessional.com\/la\/\",\"name\":\"Electrolux Professional Latin America\",\"description\":\"Equipamiento cocinas profesionales y lavander\u00edas comerciales. Excelencia en el suministro de soluciones profesionales.\",\"potentialAction\":[{\"@type\":\"SearchAction\",\"target\":{\"@type\":\"EntryPoint\",\"urlTemplate\":\"https:\/\/www.electroluxprofessional.com\/la\/?src={search_term_string}\"},\"query-input\":\"required name=search_term_string\"}],\"inLanguage\":\"es\"}]}<\/script>\n<!-- \/ Yoast SEO plugin. -->","yoast_head_json":{"title":"Accesorios y consumibles - Cook and chill - Electrolux Professional Latin America","description":"Consigue los mejoires resultados en tu air-o-system. Una amplia gama de soluciones para ampliar tu men\u00fa f\u00e1cilmente con tu air-o-steam. Touchline: desde recipientes universals. Rejillas para pollos, bastidores, cestos para fre\u00edr, bandejas para baguettes y mucho m\u00e1s.","robots":{"index":"index","follow":"follow","max-snippet":"max-snippet:-1","max-image-preview":"max-image-preview:large","max-video-preview":"max-video-preview:-1"},"canonical":"https:\/\/www.electroluxprofessional.com\/la\/accesorios-y-consumibles-cook-chill\/","og_locale":"es_MX","og_type":"article","og_title":"Accesorios y consumibles - Cook and chill - Electrolux Professional Latin America","og_description":"Consigue los mejoires resultados en tu air-o-system. Una amplia gama de soluciones para ampliar tu men\u00fa f\u00e1cilmente con tu air-o-steam. Touchline: desde recipientes universals. Rejillas para pollos, bastidores, cestos para fre\u00edr, bandejas para baguettes y mucho m\u00e1s.","og_url":"https:\/\/www.electroluxprofessional.com\/la\/accesorios-y-consumibles-cook-chill\/","og_site_name":"Electrolux Professional Latin America","article_modified_time":"2025-11-06T11:31:41+00:00","og_image":[{"width":600,"height":300,"url":"https:\/\/www.electroluxprofessional.com\/la\/wp-content\/uploads\/2018\/11\/accessories.jpg","type":"image\/jpeg"}],"twitter_card":"summary_large_image","twitter_misc":{"Tiempo de lectura":"2 minutos"},"schema":{"@context":"https:\/\/schema.org","@graph":[{"@type":"WebPage","@id":"https:\/\/www.electroluxprofessional.com\/la\/accesorios-y-consumibles-cook-chill\/","url":"https:\/\/www.electroluxprofessional.com\/la\/accesorios-y-consumibles-cook-chill\/","name":"Accesorios y consumibles - Cook and chill - Electrolux Professional Latin America","isPartOf":{"@id":"https:\/\/www.electroluxprofessional.com\/la\/#website"},"primaryImageOfPage":{"@id":"https:\/\/www.electroluxprofessional.com\/la\/accesorios-y-consumibles-cook-chill\/#primaryimage"},"image":{"@id":"https:\/\/www.electroluxprofessional.com\/la\/accesorios-y-consumibles-cook-chill\/#primaryimage"},"thumbnailUrl":"https:\/\/www.electroluxprofessional.com\/la\/wp-content\/uploads\/2018\/11\/accessories.jpg","datePublished":"2017-03-03T12:48:43+00:00","dateModified":"2025-11-06T11:31:41+00:00","description":"Consigue los mejoires resultados en tu air-o-system. Una amplia gama de soluciones para ampliar tu men\u00fa f\u00e1cilmente con tu air-o-steam. Touchline: desde recipientes universals. Rejillas para pollos, bastidores, cestos para fre\u00edr, bandejas para baguettes y mucho m\u00e1s.","breadcrumb":{"@id":"https:\/\/www.electroluxprofessional.com\/la\/accesorios-y-consumibles-cook-chill\/#breadcrumb"},"inLanguage":"es","potentialAction":[{"@type":"ReadAction","target":["https:\/\/www.electroluxprofessional.com\/la\/accesorios-y-consumibles-cook-chill\/"]}]},{"@type":"ImageObject","inLanguage":"es","@id":"https:\/\/www.electroluxprofessional.com\/la\/accesorios-y-consumibles-cook-chill\/#primaryimage","url":"https:\/\/www.electroluxprofessional.com\/la\/wp-content\/uploads\/2018\/11\/accessories.jpg","contentUrl":"https:\/\/www.electroluxprofessional.com\/la\/wp-content\/uploads\/2018\/11\/accessories.jpg","width":600,"height":300,"caption":"Accesorios"},{"@type":"BreadcrumbList","@id":"https:\/\/www.electroluxprofessional.com\/la\/accesorios-y-consumibles-cook-chill\/#breadcrumb","itemListElement":[{"@type":"ListItem","position":1,"name":"Home","item":"https:\/\/www.electroluxprofessional.com\/la\/"},{"@type":"ListItem","position":2,"name":"Accesorios y consumibles &#8211; Cook and chill"}]},{"@type":"WebSite","@id":"https:\/\/www.electroluxprofessional.com\/la\/#website","url":"https:\/\/www.electroluxprofessional.com\/la\/","name":"Electrolux Professional Latin America","description":"Equipamiento cocinas profesionales y lavander\u00edas comerciales. Excelencia en el suministro de soluciones profesionales.","potentialAction":[{"@type":"SearchAction","target":{"@type":"EntryPoint","urlTemplate":"https:\/\/www.electroluxprofessional.com\/la\/?src={search_term_string}"},"query-input":"required name=search_term_string"}],"inLanguage":"es"}]}},"_links":{"self":[{"href":"https:\/\/www.electroluxprofessional.com\/la\/wp-json\/wp\/v2\/pages\/3016"}],"collection":[{"href":"https:\/\/www.electroluxprofessional.com\/la\/wp-json\/wp\/v2\/pages"}],"about":[{"href":"https:\/\/www.electroluxprofessional.com\/la\/wp-json\/wp\/v2\/types\/page"}],"author":[{"embeddable":true,"href":"https:\/\/www.electroluxprofessional.com\/la\/wp-json\/wp\/v2\/users\/23"}],"replies":[{"embeddable":true,"href":"https:\/\/www.electroluxprofessional.com\/la\/wp-json\/wp\/v2\/comments?post=3016"}],"version-history":[{"count":16,"href":"https:\/\/www.electroluxprofessional.com\/la\/wp-json\/wp\/v2\/pages\/3016\/revisions"}],"predecessor-version":[{"id":16691,"href":"https:\/\/www.electroluxprofessional.com\/la\/wp-json\/wp\/v2\/pages\/3016\/revisions\/16691"}],"wp:featuredmedia":[{"embeddable":true,"href":"https:\/\/www.electroluxprofessional.com\/la\/wp-json\/wp\/v2\/media\/4907"}],"wp:attachment":[{"href":"https:\/\/www.electroluxprofessional.com\/la\/wp-json\/wp\/v2\/media?parent=3016"}],"curies":[{"name":"wp","href":"https:\/\/api.w.org\/{rel}","templated":true}]}}