{"id":2947,"date":"2017-03-01T09:20:48","date_gmt":"2017-03-01T09:20:48","guid":{"rendered":"https:\/\/www.electroluxprofessional.com\/la\/?page_id=2947"},"modified":"2019-12-03T13:43:05","modified_gmt":"2019-12-03T13:43:05","slug":"home","status":"publish","type":"page","link":"https:\/\/www.electroluxprofessional.com\/la\/home\/","title":{"rendered":"Home"},"content":{"rendered":"<p>[vc_row full_width=&#8221;electroluxpro-full-width&#8221; matched_labels=&#8221;&#8221; css=&#8221;.vc_custom_1575379681786{padding-top: 50px !important;padding-right: 50px !important;padding-bottom: 50px !important;padding-left: 50px !important;background-image: url(https:\/\/www.electroluxprofessional.com\/la\/wp-content\/uploads\/2019\/12\/Untitled-design-1.jpg?id=7068) !important;background-position: center !important;background-repeat: no-repeat !important;background-size: cover !important;}&#8221;][vc_column width=&#8221;1\/2&#8243;][elx_simple_block background_color=&#8221;inherit&#8221; background_image=&#8221;7069&#8243;][elx_heading text_color=&#8221;inherit&#8221;]SkyLine<br \/>\nSoluci\u00f3n Cook&#038;Chill[\/elx_heading][vc_column_text]Presentamos una soluci\u00f3n pionera Cook&amp;Chill que se anticipa a tus necesidades.[\/vc_column_text][elx_button button_text=&#8221;SkyLine&#8221; button_link=&#8221;url:https%3A%2F%2Fprofessional.electrolux.la%2Fcook-and-chill%2F|title:SkyLine||&#8221;][\/elx_simple_block][\/vc_column][vc_column width=&#8221;1\/2&#8243;][\/vc_column][\/vc_row][vc_row][vc_column][elx_heading text_color=&#8221;inherit&#8221;]Lo \u00faltimo de Electrolux Professional[\/elx_heading][vc_empty_space height=&#8221;20px&#8221;][\/vc_column][\/vc_row][vc_row][vc_column width=&#8221;2\/3&#8243;][elx_simple_link_block link=&#8221;url:https%3A%2F%2Fprofessional.electrolux.la%2Fequipamiento-lavanderia-comercial%2Fsecadoras%2F|title:Line%206000||&#8221; text_align=&#8221;text-left&#8221; text_color=&#8221;inherit&#8221; background_color=&#8221;inherit&#8221; background_hover_color=&#8221;darker-hover&#8221; extra_class=&#8221;&#8221; reveal_effect=&#8221;&#8221; reveal_duration=&#8221;&#8221; reveal_delay=&#8221;&#8221;][vc_single_image image=&#8221;7071&#8243; img_size=&#8221;750&#215;313&#8243;][elx_heading text_color=&#8221;inherit&#8221;]L\u00ednea 6000[\/elx_heading][vc_column_text]<\/p>\n<p>L\u00ednea 6000 de Electrolux<br \/>\nla secadora m\u00e1s productiva que puedes comprar[\/vc_column_text][\/elx_simple_link_block][\/vc_column][vc_column width=&#8221;1\/3&#8243;][elx_simple_link_block link=&#8221;url:https%3A%2F%2Fprofessional.electrolux.la%2Fessentia-atencion-al-cliente%2F|title:Essentia%20||&#8221; text_align=&#8221;text-left&#8221; text_color=&#8221;inherit&#8221; background_color=&#8221;inherit&#8221; background_hover_color=&#8221;darker-hover&#8221; extra_class=&#8221;&#8221; reveal_effect=&#8221;&#8221; reveal_duration=&#8221;&#8221; reveal_delay=&#8221;&#8221;][vc_single_image image=&#8221;5197&#8243; img_size=&#8221;360&#215;313&#8243;][elx_heading font_container=&#8221;h3&#8243; text_color=&#8221;inherit&#8221;]Essentia [\/elx_heading][vc_column_text]<\/p>\n<div class=\"wpb_text_column wpb_content_element \">\n<div>\n<div class=\"youmaylike-content\">\n<p>Essentia eleva el servicio de<strong>\u00a0Atenci\u00f3n al Cliente<\/strong>\u00a0a un nuevo nivel. Un servicio dedicado que se convierte en la ventaja competitiva m\u00e1s importante.<\/div>\n<\/div>\n<\/div>\n<div class=\"vc_row wpb_row vc_row-fluid containered\">\n<div class=\"container\">\n<div class=\"row\">\n<div class=\"wpb_column vc_column_container vc_col-sm-12\">\n<div class=\"vc_column-inner \">\n<div class=\"wpb_wrapper wow fadeIn\">\n<div class=\"vc_empty_space\"><\/div>\n<\/div>\n<\/div>\n<\/div>\n<\/div>\n<\/div>\n<\/div>\n<p>[\/vc_column_text][\/elx_simple_link_block][\/vc_column][\/vc_row][vc_row][vc_column width=&#8221;2\/3&#8243;][elx_simple_link_block link=&#8221;url:https%3A%2F%2Fprofessional.electrolux.la%2Freferences%2Felite-professional-laundry-services%2F|title:Platea%20Madrid||&#8221; text_align=&#8221;text-left&#8221; text_color=&#8221;inherit&#8221; background_color=&#8221;inherit&#8221; background_hover_color=&#8221;darker-hover&#8221; extra_class=&#8221;&#8221; reveal_effect=&#8221;&#8221; reveal_duration=&#8221;&#8221; reveal_delay=&#8221;&#8221;][vc_single_image image=&#8221;4699&#8243; img_size=&#8221;750&#215;313&#8243;][elx_heading font_container=&#8221;h3&#8243; text_color=&#8221;inherit&#8221;]Dando el paso con lagoon\u00ae Advanced Care[\/elx_heading][vc_column_text]&#8221;Puede parecer sesgado, pero <strong>la limpieza en h\u00famedo es muy superior a la limpieza en seco<\/strong>. Escucho muchos testimonios de personas que usan la limpieza en h\u00famedo, y est\u00e1 claro que est\u00e1s ofreciendo un servicio de calidad mucho m\u00e1s alto, y tus clientes lo notan &#8220;.\u00a0<strong>Ben King, propietario de elite\u00a0Professional Laundry Services<\/strong>[\/vc_column_text][\/elx_simple_link_block][\/vc_column][vc_column width=&#8221;1\/3&#8243;][elx_simple_link_block link=&#8221;url:https%3A%2F%2Fprofessional.electrolux.la%2Fequipamiento-cocinas-profesionales%2Flavado-de-vajilla%2Flavavajillas-rack-type%2F|title:nuevos%20lavavajillas%20rack%20type%20green%26clean||&#8221; text_align=&#8221;text-left&#8221; text_color=&#8221;inherit&#8221; background_color=&#8221;inherit&#8221; background_hover_color=&#8221;darker-hover&#8221; extra_class=&#8221;&#8221; reveal_effect=&#8221;&#8221; reveal_duration=&#8221;&#8221; reveal_delay=&#8221;&#8221;][vc_single_image image=&#8221;4489&#8243; img_size=&#8221;360&#215;313&#8243;][elx_heading font_container=&#8221;h3&#8243; text_color=&#8221;inherit&#8221;]lavavajillas Rack Type green&amp;clean[\/elx_heading][vc_column_text]<\/p>\n<div class=\"youmaylike-content\">\n<p><strong>Los costes m\u00e1s bajos de la industria:<\/strong>\u00a0ahorra 3.240\u20ac* lavando 500 comidas\/en hora punta dos veces al d\u00eda.<\/div>\n<p>[\/vc_column_text][\/elx_simple_link_block][\/vc_column][\/vc_row][vc_row disable_element=&#8221;yes&#8221;][vc_column width=&#8221;2\/3&#8243;][elx_simple_link_block link=&#8221;url:https%3A%2F%2Fwww.electroluxprofessional.com%2Freferences%2Frichmond-lim%2F|title:Kitchen%20equipment%20in%20the%20Kuala%20Lumpur%20Convention%20Centre||&#8221; text_align=&#8221;text-left&#8221; text_color=&#8221;inherit&#8221; background_color=&#8221;inherit&#8221; background_hover_color=&#8221;darker-hover&#8221; extra_class=&#8221;&#8221; reveal_effect=&#8221;&#8221; reveal_duration=&#8221;&#8221; reveal_delay=&#8221;&#8221;][vc_single_image image=&#8221;430&#8243; img_size=&#8221;750&#215;313&#8243;][elx_heading font_container=&#8221;h3&#8243; text_color=&#8221;inherit&#8221;]Electrolux Professional furnishes the Kuala Lumpur Convention Centre[\/elx_heading][vc_column_text]The largest commercial kitchen in Malaysia in the <strong>Kuala Lumpur Convention Centre (KLCC)<\/strong>, fully furnished with <strong>Electrolux Professional kitchen equipment<\/strong>, witnesses the five stars of banqueting with executive chef,\u00a0<strong>Richmond Lim<\/strong>.<\/p>\n<p>[\/vc_column_text][\/elx_simple_link_block][\/vc_column][vc_column width=&#8221;1\/3&#8243;][elx_simple_link_block link=&#8221;url:https%3A%2F%2Fwww.electroluxprofessional.com%2Fhaccp%2F|title:haccp||&#8221; text_align=&#8221;text-left&#8221; text_color=&#8221;inherit&#8221; background_color=&#8221;inherit&#8221; background_hover_color=&#8221;darker-hover&#8221; extra_class=&#8221;&#8221; reveal_effect=&#8221;&#8221; reveal_duration=&#8221;&#8221; reveal_delay=&#8221;&#8221;][vc_single_image image=&#8221;568&#8243; img_size=&#8221;360&#215;313&#8243;][elx_heading font_container=&#8221;h3&#8243; text_color=&#8221;inherit&#8221;]What should you know about HACCP?[\/elx_heading][vc_column_text]Electrolux Professional has been respecting HACCP process since 1998. But what does it mean?[\/vc_column_text][\/elx_simple_link_block][\/vc_column][\/vc_row][vc_row][vc_column][vc_empty_space][\/vc_column][\/vc_row][vc_row equal_height=&#8221;yes&#8221; css=&#8221;.vc_custom_1487341069729{margin-top: 50px !important;}&#8221;][vc_column][elx_simple_link_block background_color=&#8221;customer-care&#8221; background_hover_color=&#8221;darker-hover&#8221; link=&#8221;url:https%3A%2F%2Fprofessional.electrolux.la%2Fsoporte-tecnico%2F|title:Servicio%20posventa||&#8221; text_align=&#8221;text-left&#8221; text_color=&#8221;inherit&#8221; extra_class=&#8221;&#8221; reveal_effect=&#8221;&#8221; reveal_duration=&#8221;&#8221; reveal_delay=&#8221;&#8221;][elx_heading text_color=&#8221;inherit&#8221;]<em>Servicio<\/em> posventa[\/elx_heading][vc_column_text]Consigue ayuda para utilizar tu producto Electrolux, contacta con nosotros o busca un servicio t\u00e9cnico oficial.[\/vc_column_text][\/elx_simple_link_block][\/vc_column][\/vc_row][vc_row css=&#8221;.vc_custom_1487341046371{margin-top: 0px !important;}&#8221;][vc_column width=&#8221;1\/3&#8243;][elx_maylike_box id_box=&#8221;2461&#8243; hide_text=&#8221;self&#8221;][\/vc_column][vc_column width=&#8221;1\/3&#8243;][elx_maylike_box id_box=&#8221;4364&#8243;][\/vc_column][vc_column width=&#8221;1\/3&#8243;][elx_maylike_box id_box=&#8221;3613&#8243;][\/vc_column][\/vc_row][vc_row][vc_column][vc_empty_space][\/vc_column][\/vc_row]<\/p>\n","protected":false},"excerpt":{"rendered":"<p>[vc_row full_width=&#8221;electroluxpro-full-width&#8221; matched_labels=&#8221;&#8221; css=&#8221;.vc_custom_1575379681786{padding-top: 50px !important;padding-right: 50px !important;padding-bottom: 50px !important;padding-left: 50px !important;background-image: url(https:\/\/www.electroluxprofessional.com\/la\/wp-content\/uploads\/2019\/12\/Untitled-design-1.jpg?id=7068) !important;background-position: center !important;background-repeat: no-repeat !important;background-size: cover !important;}&#8221;][vc_column width=&#8221;1\/2&#8243;][elx_simple_block background_color=&#8221;inherit&#8221; background_image=&#8221;7069&#8243;][elx_heading text_color=&#8221;inherit&#8221;]SkyLine Soluci\u00f3n Cook&#038;Chill[\/elx_heading][vc_column_text]Presentamos una soluci\u00f3n pionera Cook&amp;Chill que se anticipa a tus necesidades.[\/vc_column_text][elx_button button_text=&#8221;SkyLine&#8221; button_link=&#8221;url:https%3A%2F%2Fprofessional.electrolux.la%2Fcook-and-chill%2F|title:SkyLine||&#8221;][\/elx_simple_block][\/vc_column][vc_column width=&#8221;1\/2&#8243;][\/vc_column][\/vc_row][vc_row][vc_column][elx_heading text_color=&#8221;inherit&#8221;]Lo \u00faltimo de Electrolux Professional[\/elx_heading][vc_empty_space height=&#8221;20px&#8221;][\/vc_column][\/vc_row][vc_row][vc_column width=&#8221;2\/3&#8243;][elx_simple_link_block link=&#8221;url:https%3A%2F%2Fprofessional.electrolux.la%2Fequipamiento-lavanderia-comercial%2Fsecadoras%2F|title:Line%206000||&#8221; text_align=&#8221;text-left&#8221; text_color=&#8221;inherit&#8221; background_color=&#8221;inherit&#8221; background_hover_color=&#8221;darker-hover&#8221; extra_class=&#8221;&#8221; reveal_effect=&#8221;&#8221; reveal_duration=&#8221;&#8221; reveal_delay=&#8221;&#8221;][vc_single_image [&hellip;]<\/p>\n","protected":false},"author":23,"featured_media":0,"parent":0,"menu_order":0,"comment_status":"closed","ping_status":"closed","template":"","meta":{"footnotes":""},"class_list":["post-2947","page","type-page","status-publish","hentry"],"acf":[],"yoast_head":"<!-- This site is optimized with the Yoast SEO plugin v23.3 - https:\/\/yoast.com\/wordpress\/plugins\/seo\/ -->\n<title>Home - Electrolux Professional Latin America<\/title>\n<meta name=\"robots\" content=\"index, follow, max-snippet:-1, max-image-preview:large, max-video-preview:-1\" \/>\n<link rel=\"canonical\" href=\"https:\/\/www.electroluxprofessional.com\/la\/home\/\" \/>\n<meta property=\"og:locale\" content=\"es_MX\" \/>\n<meta property=\"og:type\" content=\"article\" \/>\n<meta property=\"og:title\" content=\"Home - Electrolux Professional Latin America\" \/>\n<meta property=\"og:description\" content=\"[vc_row full_width=&#8221;electroluxpro-full-width&#8221; matched_labels=&#8221;&#8221; css=&#8221;.vc_custom_1575379681786{padding-top: 50px !important;padding-right: 50px !important;padding-bottom: 50px !important;padding-left: 50px !important;background-image: url(https:\/\/www.electroluxprofessional.com\/la\/wp-content\/uploads\/2019\/12\/Untitled-design-1.jpg?id=7068) !important;background-position: center !important;background-repeat: no-repeat !important;background-size: cover !important;}&#8221;][vc_column width=&#8221;1\/2&#8243;][elx_simple_block background_color=&#8221;inherit&#8221; background_image=&#8221;7069&#8243;][elx_heading text_color=&#8221;inherit&#8221;]SkyLine Soluci\u00f3n Cook&#038;Chill[\/elx_heading][vc_column_text]Presentamos una soluci\u00f3n pionera Cook&amp;Chill que se anticipa a tus necesidades.[\/vc_column_text][elx_button button_text=&#8221;SkyLine&#8221; button_link=&#8221;url:https%3A%2F%2Fprofessional.electrolux.la%2Fcook-and-chill%2F|title:SkyLine||&#8221;][\/elx_simple_block][\/vc_column][vc_column width=&#8221;1\/2&#8243;][\/vc_column][\/vc_row][vc_row][vc_column][elx_heading text_color=&#8221;inherit&#8221;]Lo \u00faltimo de Electrolux Professional[\/elx_heading][vc_empty_space height=&#8221;20px&#8221;][\/vc_column][\/vc_row][vc_row][vc_column width=&#8221;2\/3&#8243;][elx_simple_link_block link=&#8221;url:https%3A%2F%2Fprofessional.electrolux.la%2Fequipamiento-lavanderia-comercial%2Fsecadoras%2F|title:Line%206000||&#8221; text_align=&#8221;text-left&#8221; text_color=&#8221;inherit&#8221; background_color=&#8221;inherit&#8221; background_hover_color=&#8221;darker-hover&#8221; extra_class=&#8221;&#8221; reveal_effect=&#8221;&#8221; reveal_duration=&#8221;&#8221; reveal_delay=&#8221;&#8221;][vc_single_image [&hellip;]\" \/>\n<meta property=\"og:url\" content=\"https:\/\/www.electroluxprofessional.com\/la\/home\/\" \/>\n<meta property=\"og:site_name\" content=\"Electrolux Professional Latin America\" \/>\n<meta property=\"article:modified_time\" content=\"2019-12-03T13:43:05+00:00\" \/>\n<meta name=\"twitter:card\" content=\"summary_large_image\" \/>\n<meta name=\"twitter:label1\" content=\"Tiempo de lectura\" \/>\n\t<meta name=\"twitter:data1\" content=\"5 minutos\" \/>\n<script type=\"application\/ld+json\" class=\"yoast-schema-graph\">{\"@context\":\"https:\/\/schema.org\",\"@graph\":[{\"@type\":\"WebPage\",\"@id\":\"https:\/\/www.electroluxprofessional.com\/la\/home\/\",\"url\":\"https:\/\/www.electroluxprofessional.com\/la\/home\/\",\"name\":\"Home - Electrolux Professional Latin America\",\"isPartOf\":{\"@id\":\"https:\/\/www.electroluxprofessional.com\/la\/#website\"},\"datePublished\":\"2017-03-01T09:20:48+00:00\",\"dateModified\":\"2019-12-03T13:43:05+00:00\",\"breadcrumb\":{\"@id\":\"https:\/\/www.electroluxprofessional.com\/la\/home\/#breadcrumb\"},\"inLanguage\":\"es\",\"potentialAction\":[{\"@type\":\"ReadAction\",\"target\":[\"https:\/\/www.electroluxprofessional.com\/la\/home\/\"]}]},{\"@type\":\"BreadcrumbList\",\"@id\":\"https:\/\/www.electroluxprofessional.com\/la\/home\/#breadcrumb\",\"itemListElement\":[{\"@type\":\"ListItem\",\"position\":1,\"name\":\"Home\",\"item\":\"https:\/\/www.electroluxprofessional.com\/la\/\"},{\"@type\":\"ListItem\",\"position\":2,\"name\":\"Home\"}]},{\"@type\":\"WebSite\",\"@id\":\"https:\/\/www.electroluxprofessional.com\/la\/#website\",\"url\":\"https:\/\/www.electroluxprofessional.com\/la\/\",\"name\":\"Electrolux Professional Latin America\",\"description\":\"Equipamiento cocinas profesionales y lavander\u00edas comerciales. Excelencia en el suministro de soluciones profesionales.\",\"potentialAction\":[{\"@type\":\"SearchAction\",\"target\":{\"@type\":\"EntryPoint\",\"urlTemplate\":\"https:\/\/www.electroluxprofessional.com\/la\/?src={search_term_string}\"},\"query-input\":\"required name=search_term_string\"}],\"inLanguage\":\"es\"}]}<\/script>\n<!-- \/ Yoast SEO plugin. -->","yoast_head_json":{"title":"Home - Electrolux Professional Latin America","robots":{"index":"index","follow":"follow","max-snippet":"max-snippet:-1","max-image-preview":"max-image-preview:large","max-video-preview":"max-video-preview:-1"},"canonical":"https:\/\/www.electroluxprofessional.com\/la\/home\/","og_locale":"es_MX","og_type":"article","og_title":"Home - Electrolux Professional Latin America","og_description":"[vc_row full_width=&#8221;electroluxpro-full-width&#8221; matched_labels=&#8221;&#8221; css=&#8221;.vc_custom_1575379681786{padding-top: 50px !important;padding-right: 50px !important;padding-bottom: 50px !important;padding-left: 50px !important;background-image: url(https:\/\/www.electroluxprofessional.com\/la\/wp-content\/uploads\/2019\/12\/Untitled-design-1.jpg?id=7068) !important;background-position: center !important;background-repeat: no-repeat !important;background-size: cover !important;}&#8221;][vc_column width=&#8221;1\/2&#8243;][elx_simple_block background_color=&#8221;inherit&#8221; background_image=&#8221;7069&#8243;][elx_heading text_color=&#8221;inherit&#8221;]SkyLine Soluci\u00f3n Cook&#038;Chill[\/elx_heading][vc_column_text]Presentamos una soluci\u00f3n pionera Cook&amp;Chill que se anticipa a tus necesidades.[\/vc_column_text][elx_button button_text=&#8221;SkyLine&#8221; button_link=&#8221;url:https%3A%2F%2Fprofessional.electrolux.la%2Fcook-and-chill%2F|title:SkyLine||&#8221;][\/elx_simple_block][\/vc_column][vc_column width=&#8221;1\/2&#8243;][\/vc_column][\/vc_row][vc_row][vc_column][elx_heading text_color=&#8221;inherit&#8221;]Lo \u00faltimo de Electrolux Professional[\/elx_heading][vc_empty_space height=&#8221;20px&#8221;][\/vc_column][\/vc_row][vc_row][vc_column width=&#8221;2\/3&#8243;][elx_simple_link_block link=&#8221;url:https%3A%2F%2Fprofessional.electrolux.la%2Fequipamiento-lavanderia-comercial%2Fsecadoras%2F|title:Line%206000||&#8221; text_align=&#8221;text-left&#8221; text_color=&#8221;inherit&#8221; background_color=&#8221;inherit&#8221; background_hover_color=&#8221;darker-hover&#8221; extra_class=&#8221;&#8221; reveal_effect=&#8221;&#8221; reveal_duration=&#8221;&#8221; reveal_delay=&#8221;&#8221;][vc_single_image [&hellip;]","og_url":"https:\/\/www.electroluxprofessional.com\/la\/home\/","og_site_name":"Electrolux Professional Latin America","article_modified_time":"2019-12-03T13:43:05+00:00","twitter_card":"summary_large_image","twitter_misc":{"Tiempo de lectura":"5 minutos"},"schema":{"@context":"https:\/\/schema.org","@graph":[{"@type":"WebPage","@id":"https:\/\/www.electroluxprofessional.com\/la\/home\/","url":"https:\/\/www.electroluxprofessional.com\/la\/home\/","name":"Home - Electrolux Professional Latin America","isPartOf":{"@id":"https:\/\/www.electroluxprofessional.com\/la\/#website"},"datePublished":"2017-03-01T09:20:48+00:00","dateModified":"2019-12-03T13:43:05+00:00","breadcrumb":{"@id":"https:\/\/www.electroluxprofessional.com\/la\/home\/#breadcrumb"},"inLanguage":"es","potentialAction":[{"@type":"ReadAction","target":["https:\/\/www.electroluxprofessional.com\/la\/home\/"]}]},{"@type":"BreadcrumbList","@id":"https:\/\/www.electroluxprofessional.com\/la\/home\/#breadcrumb","itemListElement":[{"@type":"ListItem","position":1,"name":"Home","item":"https:\/\/www.electroluxprofessional.com\/la\/"},{"@type":"ListItem","position":2,"name":"Home"}]},{"@type":"WebSite","@id":"https:\/\/www.electroluxprofessional.com\/la\/#website","url":"https:\/\/www.electroluxprofessional.com\/la\/","name":"Electrolux Professional Latin America","description":"Equipamiento cocinas profesionales y lavander\u00edas comerciales. Excelencia en el suministro de soluciones profesionales.","potentialAction":[{"@type":"SearchAction","target":{"@type":"EntryPoint","urlTemplate":"https:\/\/www.electroluxprofessional.com\/la\/?src={search_term_string}"},"query-input":"required name=search_term_string"}],"inLanguage":"es"}]}},"_links":{"self":[{"href":"https:\/\/www.electroluxprofessional.com\/la\/wp-json\/wp\/v2\/pages\/2947"}],"collection":[{"href":"https:\/\/www.electroluxprofessional.com\/la\/wp-json\/wp\/v2\/pages"}],"about":[{"href":"https:\/\/www.electroluxprofessional.com\/la\/wp-json\/wp\/v2\/types\/page"}],"author":[{"embeddable":true,"href":"https:\/\/www.electroluxprofessional.com\/la\/wp-json\/wp\/v2\/users\/23"}],"replies":[{"embeddable":true,"href":"https:\/\/www.electroluxprofessional.com\/la\/wp-json\/wp\/v2\/comments?post=2947"}],"version-history":[{"count":60,"href":"https:\/\/www.electroluxprofessional.com\/la\/wp-json\/wp\/v2\/pages\/2947\/revisions"}],"predecessor-version":[{"id":7072,"href":"https:\/\/www.electroluxprofessional.com\/la\/wp-json\/wp\/v2\/pages\/2947\/revisions\/7072"}],"wp:attachment":[{"href":"https:\/\/www.electroluxprofessional.com\/la\/wp-json\/wp\/v2\/media?parent=2947"}],"curies":[{"name":"wp","href":"https:\/\/api.w.org\/{rel}","templated":true}]}}