{"id":2943,"date":"2017-02-28T16:06:53","date_gmt":"2017-02-28T16:06:53","guid":{"rendered":"https:\/\/www.electroluxprofessional.com\/la\/?page_id=2943"},"modified":"2025-11-05T16:14:11","modified_gmt":"2025-11-05T16:14:11","slug":"sartenes-y-marmitas-prothermetic","status":"publish","type":"page","link":"https:\/\/www.electroluxprofessional.com\/la\/sartenes-y-marmitas-prothermetic\/","title":{"rendered":"Sartenes y Marmitas ProThermetic"},"content":{"rendered":"<p>[vc_row full_width=&#8221;electroluxpro-full-width-no-padding&#8221;][vc_column][elx_hero_slider text_position=&#8221;hero_slider_text_align_right&#8221; label_text_color=&#8221;inherit&#8221; images=&#8221;2606&#8243;][elx_heading font_container=&#8221;h1&#8243; font_size=&#8221;h2&#8243; text_color=&#8221;inherit&#8221;]Sartenes y marmitas ProThermetic[\/elx_heading][\/elx_hero_slider][\/vc_column][\/vc_row][vc_row][vc_column][vc_empty_space][elx_heading font_size=&#8221;h2&#8243; text_color=&#8221;inherit&#8221; text_align=&#8221;text-center&#8221;]Dise\u00f1adas para atender las necesidades de uso intensivo en hoteles, instituciones, hospitales, cocinas centrales y caterings[\/elx_heading][vc_empty_space][\/vc_column][\/vc_row][vc_row][vc_column width=&#8221;1\/2&#8243;][elx_heading font_size=&#8221;h4&#8243; text_color=&#8221;inherit&#8221;]Cocci\u00f3n a presi\u00f3n con ProThermetic: la soluci\u00f3n definitiva para una alta productividad, eficiencia y precisi\u00f3n[\/elx_heading][vc_empty_space][vc_column_text]Tecnolog\u00eda \u00fanica que optimiza los procesos de cocci\u00f3n y ofrece m\u00e1xima flexibilidad, simplicidad incomparable, higiene, eficiencia y rentabilidad.<\/p>\n<p>La gama\u00a0<strong>therma<em>line<\/em> ProThermetic<\/strong>\u00a0de\u00a0<strong>Marmitas y Sartenes a presi\u00f3n<\/strong>\u00a0ha sido dise\u00f1ada especialmente para uso industrial intensivo en t\u00e9rminos de cantidad, rendimiento y resultados de cocci\u00f3n.[\/vc_column_text][\/vc_column][vc_column width=&#8221;1\/2&#8243;][elx_image_block background_image=&#8221;723&#8243; minimum_height=&#8221;450px&#8221;][\/vc_column][\/vc_row][vc_row][vc_column][vc_empty_space height=&#8221;50px&#8221;][\/vc_column][\/vc_row][vc_row][vc_column width=&#8221;1\/4&#8243;][elx_heading font_size=&#8221;h4&#8243; text_color=&#8221;inherit&#8221;]F\u00e1cil<br \/>\nde usar[\/elx_heading][vc_column_text]Equipado con un panel de\u00a0<strong>pantalla t\u00e1ctil<\/strong>\u00a0en diferentes idiomas, visible a distancia, con iconos intuitivos para un ajuste f\u00e1cil y preciso de niveles de potencia y temperaturas.[\/vc_column_text][\/vc_column][vc_column width=&#8221;1\/4&#8243;][elx_heading font_size=&#8221;h4&#8243; text_color=&#8221;inherit&#8221;]Higiene por<br \/>\nencima de todo[\/elx_heading][vc_column_text]Limpieza r\u00e1pida, f\u00e1cil y completa gracias al nivel <strong>de protecci\u00f3n al agua IPX6<\/strong>, 8 veces m\u00e1s resistente contra fuertes chorros de agua.[\/vc_column_text][\/vc_column][vc_column width=&#8221;1\/4&#8243;][elx_heading font_size=&#8221;h4&#8243; text_color=&#8221;inherit&#8221;]Saludable,<br \/>\nalta calidad[\/elx_heading][vc_column_text]La baja presencia de ox\u00edgeno en el aire evita la oxidaci\u00f3n de nutrientes y vitaminas, lo que da como resultado un mejor sabor, color y consistencia de los alimentos.[\/vc_column_text][\/vc_column][vc_column width=&#8221;1\/4&#8243;][elx_heading font_size=&#8221;h4&#8243; text_color=&#8221;inherit&#8221;]Ahorro<br \/>\nde energ\u00eda[\/elx_heading][vc_column_text]La reducci\u00f3n de los tiempos de cocci\u00f3n garantiza una mayor productividad, al tiempo que ahorra energ\u00eda, tanto en los ciclos de calentamiento como de cocci\u00f3n.[\/vc_column_text][\/vc_column][\/vc_row][vc_row][vc_column][vc_empty_space height=&#8221;20px&#8221;][\/vc_column][\/vc_row][vc_row][vc_column width=&#8221;1\/3&#8243;][vc_empty_space height=&#8221;20px&#8221;][elx_download_block text=&#8221;thermaline ProThermetic<br \/>\nmarmitas y sartenes&#8221; link=&#8221;files.professional.electrolux.com\/docs\/?n=9JEHO&amp;b=5&amp;l=4&#8243; background_color=&#8221;orange&#8221; reveal_effect=&#8221;&#8221; reveal_duration=&#8221;&#8221; reveal_delay=&#8221;&#8221;][\/vc_column][vc_column width=&#8221;2\/3&#8243;][elx_heading text_color=&#8221;inherit&#8221;]Video recetas para ProThermetic[\/elx_heading][elx_video_block background_image=&#8221;2604&#8243; is_full_height=&#8221;full-height&#8221; video_link=&#8221;https:\/\/www.youtube.com\/watch?v=cSwURycS1aQ&amp;list=PLn-GI5LWCZdQ5Hva7Kd0SB5eH2WkvuBt8&#8243; minimum_height=&#8221;260px&#8221;][\/vc_column][\/vc_row][vc_row][vc_column][vc_empty_space height=&#8221;50px&#8221;][elx_heading text_color=&#8221;inherit&#8221; text_align=&#8221;text-center&#8221;]Descubre lo que ProThermetic puede hacer por tu negocio[\/elx_heading][elx_o2000_contact_us r=&#8221;Me gustar\u00eda tener m\u00e1s informaci\u00f3n sobre marmitas y sartenes ProThermetic. Por favor, contactad conmigo.&#8221; s=&#8221;Petici\u00f3n de info a cerca de marmitas y sartenes ProThermetic&#8221; e=&#8221;pedro.baltazar@electrolux.com&#8221; l=&#8221;es&#8221; container=&#8221;elxcontactus1479220371&#8243;][vc_empty_space height=&#8221;50px&#8221;][\/vc_column][\/vc_row]<\/p>\n","protected":false},"excerpt":{"rendered":"<p>[vc_row full_width=&#8221;electroluxpro-full-width-no-padding&#8221;][vc_column][elx_hero_slider text_position=&#8221;hero_slider_text_align_right&#8221; label_text_color=&#8221;inherit&#8221; images=&#8221;2606&#8243;][elx_heading font_container=&#8221;h1&#8243; font_size=&#8221;h2&#8243; text_color=&#8221;inherit&#8221;]Sartenes y marmitas ProThermetic[\/elx_heading][\/elx_hero_slider][\/vc_column][\/vc_row][vc_row][vc_column][vc_empty_space][elx_heading font_size=&#8221;h2&#8243; text_color=&#8221;inherit&#8221; text_align=&#8221;text-center&#8221;]Dise\u00f1adas para atender las necesidades de uso intensivo en hoteles, instituciones, hospitales, cocinas centrales y caterings[\/elx_heading][vc_empty_space][\/vc_column][\/vc_row][vc_row][vc_column width=&#8221;1\/2&#8243;][elx_heading font_size=&#8221;h4&#8243; text_color=&#8221;inherit&#8221;]Cocci\u00f3n a presi\u00f3n con ProThermetic: la soluci\u00f3n definitiva para una alta productividad, eficiencia y precisi\u00f3n[\/elx_heading][vc_empty_space][vc_column_text]Tecnolog\u00eda \u00fanica que optimiza los procesos de cocci\u00f3n y ofrece [&hellip;]<\/p>\n","protected":false},"author":23,"featured_media":0,"parent":0,"menu_order":0,"comment_status":"closed","ping_status":"closed","template":"","meta":{"footnotes":""},"class_list":["post-2943","page","type-page","status-publish","hentry"],"acf":[],"yoast_head":"<!-- This site is optimized with the Yoast SEO plugin v23.3 - https:\/\/yoast.com\/wordpress\/plugins\/seo\/ -->\n<title>Sartenes y Marmitas ProThermetic - Electrolux Professional Latin America<\/title>\n<meta name=\"robots\" content=\"index, follow, max-snippet:-1, max-image-preview:large, max-video-preview:-1\" \/>\n<link rel=\"canonical\" href=\"https:\/\/www.electroluxprofessional.com\/la\/sartenes-y-marmitas-prothermetic\/\" \/>\n<meta property=\"og:locale\" content=\"es_MX\" \/>\n<meta property=\"og:type\" content=\"article\" \/>\n<meta property=\"og:title\" content=\"Sartenes y Marmitas ProThermetic - Electrolux Professional Latin America\" \/>\n<meta property=\"og:description\" content=\"[vc_row full_width=&#8221;electroluxpro-full-width-no-padding&#8221;][vc_column][elx_hero_slider text_position=&#8221;hero_slider_text_align_right&#8221; label_text_color=&#8221;inherit&#8221; images=&#8221;2606&#8243;][elx_heading font_container=&#8221;h1&#8243; font_size=&#8221;h2&#8243; text_color=&#8221;inherit&#8221;]Sartenes y marmitas ProThermetic[\/elx_heading][\/elx_hero_slider][\/vc_column][\/vc_row][vc_row][vc_column][vc_empty_space][elx_heading font_size=&#8221;h2&#8243; text_color=&#8221;inherit&#8221; text_align=&#8221;text-center&#8221;]Dise\u00f1adas para atender las necesidades de uso intensivo en hoteles, instituciones, hospitales, cocinas centrales y caterings[\/elx_heading][vc_empty_space][\/vc_column][\/vc_row][vc_row][vc_column width=&#8221;1\/2&#8243;][elx_heading font_size=&#8221;h4&#8243; text_color=&#8221;inherit&#8221;]Cocci\u00f3n a presi\u00f3n con ProThermetic: la soluci\u00f3n definitiva para una alta productividad, eficiencia y precisi\u00f3n[\/elx_heading][vc_empty_space][vc_column_text]Tecnolog\u00eda \u00fanica que optimiza los procesos de cocci\u00f3n y ofrece [&hellip;]\" \/>\n<meta property=\"og:url\" content=\"https:\/\/www.electroluxprofessional.com\/la\/sartenes-y-marmitas-prothermetic\/\" \/>\n<meta property=\"og:site_name\" content=\"Electrolux Professional Latin America\" \/>\n<meta property=\"article:modified_time\" content=\"2025-11-05T16:14:11+00:00\" \/>\n<meta name=\"twitter:card\" content=\"summary_large_image\" \/>\n<meta name=\"twitter:label1\" content=\"Tiempo de lectura\" \/>\n\t<meta name=\"twitter:data1\" content=\"2 minutos\" \/>\n<script type=\"application\/ld+json\" class=\"yoast-schema-graph\">{\"@context\":\"https:\/\/schema.org\",\"@graph\":[{\"@type\":\"WebPage\",\"@id\":\"https:\/\/www.electroluxprofessional.com\/la\/sartenes-y-marmitas-prothermetic\/\",\"url\":\"https:\/\/www.electroluxprofessional.com\/la\/sartenes-y-marmitas-prothermetic\/\",\"name\":\"Sartenes y Marmitas ProThermetic - Electrolux Professional Latin America\",\"isPartOf\":{\"@id\":\"https:\/\/www.electroluxprofessional.com\/la\/#website\"},\"datePublished\":\"2017-02-28T16:06:53+00:00\",\"dateModified\":\"2025-11-05T16:14:11+00:00\",\"breadcrumb\":{\"@id\":\"https:\/\/www.electroluxprofessional.com\/la\/sartenes-y-marmitas-prothermetic\/#breadcrumb\"},\"inLanguage\":\"es\",\"potentialAction\":[{\"@type\":\"ReadAction\",\"target\":[\"https:\/\/www.electroluxprofessional.com\/la\/sartenes-y-marmitas-prothermetic\/\"]}]},{\"@type\":\"BreadcrumbList\",\"@id\":\"https:\/\/www.electroluxprofessional.com\/la\/sartenes-y-marmitas-prothermetic\/#breadcrumb\",\"itemListElement\":[{\"@type\":\"ListItem\",\"position\":1,\"name\":\"Home\",\"item\":\"https:\/\/www.electroluxprofessional.com\/la\/\"},{\"@type\":\"ListItem\",\"position\":2,\"name\":\"Sartenes y Marmitas ProThermetic\"}]},{\"@type\":\"WebSite\",\"@id\":\"https:\/\/www.electroluxprofessional.com\/la\/#website\",\"url\":\"https:\/\/www.electroluxprofessional.com\/la\/\",\"name\":\"Electrolux Professional Latin America\",\"description\":\"Equipamiento cocinas profesionales y lavander\u00edas comerciales. Excelencia en el suministro de soluciones profesionales.\",\"potentialAction\":[{\"@type\":\"SearchAction\",\"target\":{\"@type\":\"EntryPoint\",\"urlTemplate\":\"https:\/\/www.electroluxprofessional.com\/la\/?src={search_term_string}\"},\"query-input\":\"required name=search_term_string\"}],\"inLanguage\":\"es\"}]}<\/script>\n<!-- \/ Yoast SEO plugin. -->","yoast_head_json":{"title":"Sartenes y Marmitas ProThermetic - Electrolux Professional Latin America","robots":{"index":"index","follow":"follow","max-snippet":"max-snippet:-1","max-image-preview":"max-image-preview:large","max-video-preview":"max-video-preview:-1"},"canonical":"https:\/\/www.electroluxprofessional.com\/la\/sartenes-y-marmitas-prothermetic\/","og_locale":"es_MX","og_type":"article","og_title":"Sartenes y Marmitas ProThermetic - Electrolux Professional Latin America","og_description":"[vc_row full_width=&#8221;electroluxpro-full-width-no-padding&#8221;][vc_column][elx_hero_slider text_position=&#8221;hero_slider_text_align_right&#8221; label_text_color=&#8221;inherit&#8221; images=&#8221;2606&#8243;][elx_heading font_container=&#8221;h1&#8243; font_size=&#8221;h2&#8243; text_color=&#8221;inherit&#8221;]Sartenes y marmitas ProThermetic[\/elx_heading][\/elx_hero_slider][\/vc_column][\/vc_row][vc_row][vc_column][vc_empty_space][elx_heading font_size=&#8221;h2&#8243; text_color=&#8221;inherit&#8221; text_align=&#8221;text-center&#8221;]Dise\u00f1adas para atender las necesidades de uso intensivo en hoteles, instituciones, hospitales, cocinas centrales y caterings[\/elx_heading][vc_empty_space][\/vc_column][\/vc_row][vc_row][vc_column width=&#8221;1\/2&#8243;][elx_heading font_size=&#8221;h4&#8243; text_color=&#8221;inherit&#8221;]Cocci\u00f3n a presi\u00f3n con ProThermetic: la soluci\u00f3n definitiva para una alta productividad, eficiencia y precisi\u00f3n[\/elx_heading][vc_empty_space][vc_column_text]Tecnolog\u00eda \u00fanica que optimiza los procesos de cocci\u00f3n y ofrece [&hellip;]","og_url":"https:\/\/www.electroluxprofessional.com\/la\/sartenes-y-marmitas-prothermetic\/","og_site_name":"Electrolux Professional Latin America","article_modified_time":"2025-11-05T16:14:11+00:00","twitter_card":"summary_large_image","twitter_misc":{"Tiempo de lectura":"2 minutos"},"schema":{"@context":"https:\/\/schema.org","@graph":[{"@type":"WebPage","@id":"https:\/\/www.electroluxprofessional.com\/la\/sartenes-y-marmitas-prothermetic\/","url":"https:\/\/www.electroluxprofessional.com\/la\/sartenes-y-marmitas-prothermetic\/","name":"Sartenes y Marmitas ProThermetic - Electrolux Professional Latin America","isPartOf":{"@id":"https:\/\/www.electroluxprofessional.com\/la\/#website"},"datePublished":"2017-02-28T16:06:53+00:00","dateModified":"2025-11-05T16:14:11+00:00","breadcrumb":{"@id":"https:\/\/www.electroluxprofessional.com\/la\/sartenes-y-marmitas-prothermetic\/#breadcrumb"},"inLanguage":"es","potentialAction":[{"@type":"ReadAction","target":["https:\/\/www.electroluxprofessional.com\/la\/sartenes-y-marmitas-prothermetic\/"]}]},{"@type":"BreadcrumbList","@id":"https:\/\/www.electroluxprofessional.com\/la\/sartenes-y-marmitas-prothermetic\/#breadcrumb","itemListElement":[{"@type":"ListItem","position":1,"name":"Home","item":"https:\/\/www.electroluxprofessional.com\/la\/"},{"@type":"ListItem","position":2,"name":"Sartenes y Marmitas ProThermetic"}]},{"@type":"WebSite","@id":"https:\/\/www.electroluxprofessional.com\/la\/#website","url":"https:\/\/www.electroluxprofessional.com\/la\/","name":"Electrolux Professional Latin America","description":"Equipamiento cocinas profesionales y lavander\u00edas comerciales. Excelencia en el suministro de soluciones profesionales.","potentialAction":[{"@type":"SearchAction","target":{"@type":"EntryPoint","urlTemplate":"https:\/\/www.electroluxprofessional.com\/la\/?src={search_term_string}"},"query-input":"required name=search_term_string"}],"inLanguage":"es"}]}},"_links":{"self":[{"href":"https:\/\/www.electroluxprofessional.com\/la\/wp-json\/wp\/v2\/pages\/2943"}],"collection":[{"href":"https:\/\/www.electroluxprofessional.com\/la\/wp-json\/wp\/v2\/pages"}],"about":[{"href":"https:\/\/www.electroluxprofessional.com\/la\/wp-json\/wp\/v2\/types\/page"}],"author":[{"embeddable":true,"href":"https:\/\/www.electroluxprofessional.com\/la\/wp-json\/wp\/v2\/users\/23"}],"replies":[{"embeddable":true,"href":"https:\/\/www.electroluxprofessional.com\/la\/wp-json\/wp\/v2\/comments?post=2943"}],"version-history":[{"count":21,"href":"https:\/\/www.electroluxprofessional.com\/la\/wp-json\/wp\/v2\/pages\/2943\/revisions"}],"predecessor-version":[{"id":16629,"href":"https:\/\/www.electroluxprofessional.com\/la\/wp-json\/wp\/v2\/pages\/2943\/revisions\/16629"}],"wp:attachment":[{"href":"https:\/\/www.electroluxprofessional.com\/la\/wp-json\/wp\/v2\/media?parent=2943"}],"curies":[{"name":"wp","href":"https:\/\/api.w.org\/{rel}","templated":true}]}}