{"id":1672,"date":"2017-02-16T16:14:26","date_gmt":"2017-02-16T16:14:26","guid":{"rendered":"https:\/\/www.electroluxprofessional.com\/la\/?page_id=1672"},"modified":"2025-11-06T11:31:34","modified_gmt":"2025-11-06T11:31:34","slug":"accesorios-y-consumibles-coccion-modular","status":"publish","type":"page","link":"https:\/\/www.electroluxprofessional.com\/la\/accesorios-y-consumibles-coccion-modular\/","title":{"rendered":"Accesorios y consumibles &#8211; Cocci\u00f3n modular"},"content":{"rendered":"<p>[vc_row full_width=&#8221;electroluxpro-full-width-no-padding&#8221;][vc_column][elx_hero_title label=&#8221;&#8221; background_image=&#8221;1290&#8243;][elx_heading font_container=&#8221;h1&#8243; text_color=&#8221;white&#8221; text_align=&#8221;text-center&#8221;]Accesorios y Consumibles<br \/>\nCocci\u00f3n Modular[\/elx_heading][\/elx_hero_title][\/vc_column][\/vc_row][vc_row][vc_column][vc_empty_space height=&#8221;50px&#8221;][elx_heading font_container=&#8221;h3&#8243; text_color=&#8221;inherit&#8221; text_align=&#8221;text-center&#8221;]Cocedor multiproducto, extremadamente vers\u00e1til[\/elx_heading][vc_empty_space height=&#8221;50px&#8221;][\/vc_column][\/vc_row][vc_row full_width=&#8221;electroluxpro-container-no-padding&#8221; equal_height=&#8221;yes&#8221;][vc_column width=&#8221;1\/2&#8243;][elx_image_block background_image=&#8221;789&#8243; minimum_height=&#8221;450px&#8221;][\/vc_column][vc_column width=&#8221;1\/2&#8243;][elx_simple_block background_color=&#8221;inherit&#8221;][vc_column_text]<\/p>\n<h4>Cestos para cocedores multiproducto<\/h4>\n<p>Fabricados en AISI 304 para asegurar la m\u00e1xima higiene, nuestros cestos est\u00e1n dise\u00f1ados para ofrecer la m\u00e1xima ergonom\u00eda.[\/vc_column_text][vc_single_image image=&#8221;801&#8243; img_size=&#8221;600&#215;300&#8243; alignment=&#8221;center&#8221; css_animation=&#8221;right-to-left&#8221;][\/elx_simple_block][\/vc_column][\/vc_row][vc_row][vc_column][vc_empty_space height=&#8221;50px&#8221;][elx_heading font_container=&#8221;h3&#8243; text_color=&#8221;inherit&#8221; text_align=&#8221;text-center&#8221;]Desengrasante profesional para limpieza de superficies calientes a altas temperaturas[\/elx_heading][vc_empty_space height=&#8221;50px&#8221;][\/vc_column][\/vc_row][vc_row full_width=&#8221;electroluxpro-container-no-padding&#8221; equal_height=&#8221;yes&#8221;][vc_column width=&#8221;1\/2&#8243;][elx_image_block background_image=&#8221;791&#8243; minimum_height=&#8221;450px&#8221;][\/vc_column][vc_column width=&#8221;1\/2&#8243;][elx_simple_block background_color=&#8221;inherit&#8221;][vc_column_text]<\/p>\n<h4>Desengrasante profesional<\/h4>\n<p>Nuestro desengrasante profesional es la soluci\u00f3n ideal de limpieza para superficies de cocci\u00f3n a altas temperaturas. Recomendado para fry tops (planchas), sartenes y cocedores multifuncionales.[\/vc_column_text][vc_single_image image=&#8221;803&#8243; img_size=&#8221;440&#215;265&#8243; css_animation=&#8221;right-to-left&#8221;][\/elx_simple_block][\/vc_column][\/vc_row][vc_row][vc_column][vc_empty_space][\/vc_column][\/vc_row][vc_row][vc_column width=&#8221;1\/3&#8243;][elx_download_block text=&#8221;Accesorios &amp; consumibles<br \/>\nCocci\u00f3n modular&#8221; link=&#8221;http:\/\/files.professional.electrolux.com\/docs\/?n=BR-9JE00045&amp;b=5&amp;l=4&#8243; background_color=&#8221;cat-cook&#8221; reveal_effect=&#8221;&#8221; reveal_duration=&#8221;&#8221; reveal_delay=&#8221;&#8221;][\/vc_column][vc_column width=&#8221;1\/3&#8243;][elx_download_block text=&#8221;gama<br \/>\ntherma<em>line<\/em>&#8221; link=&#8221;https:\/\/www.electroluxprofessional.com\/la\/equipamiento-cocinas-profesionales\/gama-thermaline\/&#8221; link_target=&#8221;self&#8221; background_color=&#8221;electrolux-blue&#8221; background_hover_color=&#8221;lighter-hover&#8221; background_image=&#8221;1291&#8243; reveal_effect=&#8221;&#8221; reveal_duration=&#8221;&#8221; reveal_delay=&#8221;&#8221;][\/vc_column][vc_column width=&#8221;1\/3&#8243;][elx_download_block text=&#8221;gamas<br \/>\n900XP y 700XP&#8221; link=&#8221;https:\/\/www.electroluxprofessional.com\/la\/equipamiento-cocinas-profesionales\/gamas-900xp-700xp\/&#8221; link_target=&#8221;self&#8221; background_color=&#8221;electrolux-blue&#8221; background_hover_color=&#8221;lighter-hover&#8221; background_image=&#8221;1292&#8243; reveal_effect=&#8221;&#8221; reveal_duration=&#8221;&#8221; reveal_delay=&#8221;&#8221;][\/vc_column][\/vc_row][vc_row][vc_column][vc_empty_space][elx_heading font_container=&#8221;h3&#8243; text_color=&#8221;inherit&#8221;]Descubre como personalizar tu cocina modular[\/elx_heading][elx_o2000_contact_us r=&#8221;Me gustar\u00eda tener m\u00e1s informaci\u00f3n sobre accesorios y consumibles para cocci\u00f3n modular. Por favor, contacten conmigo.&#8221; s=&#8221;Petici\u00f3n de informaci\u00f3n sobre accesorios y consumibles para cocci\u00f3n modular&#8221; country=&#8221;Spain&#8221; l=&#8221;es&#8221; container=&#8221;elxcontactus1484304163&#8243;][vc_empty_space][\/vc_column][\/vc_row]<\/p>\n","protected":false},"excerpt":{"rendered":"<p>[vc_row full_width=&#8221;electroluxpro-full-width-no-padding&#8221;][vc_column][elx_hero_title label=&#8221;&#8221; background_image=&#8221;1290&#8243;][elx_heading font_container=&#8221;h1&#8243; text_color=&#8221;white&#8221; text_align=&#8221;text-center&#8221;]Accesorios y Consumibles Cocci\u00f3n Modular[\/elx_heading][\/elx_hero_title][\/vc_column][\/vc_row][vc_row][vc_column][vc_empty_space height=&#8221;50px&#8221;][elx_heading font_container=&#8221;h3&#8243; text_color=&#8221;inherit&#8221; text_align=&#8221;text-center&#8221;]Cocedor multiproducto, extremadamente vers\u00e1til[\/elx_heading][vc_empty_space height=&#8221;50px&#8221;][\/vc_column][\/vc_row][vc_row full_width=&#8221;electroluxpro-container-no-padding&#8221; equal_height=&#8221;yes&#8221;][vc_column width=&#8221;1\/2&#8243;][elx_image_block background_image=&#8221;789&#8243; minimum_height=&#8221;450px&#8221;][\/vc_column][vc_column width=&#8221;1\/2&#8243;][elx_simple_block background_color=&#8221;inherit&#8221;][vc_column_text] Cestos para cocedores multiproducto Fabricados en AISI 304 para asegurar la m\u00e1xima higiene, nuestros cestos est\u00e1n dise\u00f1ados para ofrecer la m\u00e1xima ergonom\u00eda.[\/vc_column_text][vc_single_image image=&#8221;801&#8243; img_size=&#8221;600&#215;300&#8243; alignment=&#8221;center&#8221; css_animation=&#8221;right-to-left&#8221;][\/elx_simple_block][\/vc_column][\/vc_row][vc_row][vc_column][vc_empty_space height=&#8221;50px&#8221;][elx_heading font_container=&#8221;h3&#8243; text_color=&#8221;inherit&#8221; [&hellip;]<\/p>\n","protected":false},"author":23,"featured_media":0,"parent":0,"menu_order":0,"comment_status":"closed","ping_status":"closed","template":"","meta":{"footnotes":""},"class_list":["post-1672","page","type-page","status-publish","hentry"],"acf":[],"yoast_head":"<!-- This site is optimized with the Yoast SEO plugin v23.3 - https:\/\/yoast.com\/wordpress\/plugins\/seo\/ -->\n<title>Accesorios y consumibles - Cocci\u00f3n modular - Electrolux Professional Latin America<\/title>\n<meta name=\"description\" content=\"Cocedor multiproducto, extremadamente vers\u00e1til. Fabricados en AISI 304 para asegurar la maxima hygiene, nuestros cestos est\u00e1n dise\u00f1ados para ofrecer la m\u00e1xima ergonomia. Desengrasante professional para limpieza de superficies calientes.\" \/>\n<meta name=\"robots\" content=\"index, follow, max-snippet:-1, max-image-preview:large, max-video-preview:-1\" \/>\n<link rel=\"canonical\" href=\"https:\/\/www.electroluxprofessional.com\/la\/accesorios-y-consumibles-coccion-modular\/\" \/>\n<meta property=\"og:locale\" content=\"es_MX\" \/>\n<meta property=\"og:type\" content=\"article\" \/>\n<meta property=\"og:title\" content=\"Accesorios y consumibles - Cocci\u00f3n modular - Electrolux Professional Latin America\" \/>\n<meta property=\"og:description\" content=\"Cocedor multiproducto, extremadamente vers\u00e1til. Fabricados en AISI 304 para asegurar la maxima hygiene, nuestros cestos est\u00e1n dise\u00f1ados para ofrecer la m\u00e1xima ergonomia. Desengrasante professional para limpieza de superficies calientes.\" \/>\n<meta property=\"og:url\" content=\"https:\/\/www.electroluxprofessional.com\/la\/accesorios-y-consumibles-coccion-modular\/\" \/>\n<meta property=\"og:site_name\" content=\"Electrolux Professional Latin America\" \/>\n<meta property=\"article:modified_time\" content=\"2025-11-06T11:31:34+00:00\" \/>\n<meta name=\"twitter:card\" content=\"summary_large_image\" \/>\n<meta name=\"twitter:label1\" content=\"Tiempo de lectura\" \/>\n\t<meta name=\"twitter:data1\" content=\"1 minuto\" \/>\n<script type=\"application\/ld+json\" class=\"yoast-schema-graph\">{\"@context\":\"https:\/\/schema.org\",\"@graph\":[{\"@type\":\"WebPage\",\"@id\":\"https:\/\/www.electroluxprofessional.com\/la\/accesorios-y-consumibles-coccion-modular\/\",\"url\":\"https:\/\/www.electroluxprofessional.com\/la\/accesorios-y-consumibles-coccion-modular\/\",\"name\":\"Accesorios y consumibles - Cocci\u00f3n modular - Electrolux Professional Latin America\",\"isPartOf\":{\"@id\":\"https:\/\/www.electroluxprofessional.com\/la\/#website\"},\"datePublished\":\"2017-02-16T16:14:26+00:00\",\"dateModified\":\"2025-11-06T11:31:34+00:00\",\"description\":\"Cocedor multiproducto, extremadamente vers\u00e1til. Fabricados en AISI 304 para asegurar la maxima hygiene, nuestros cestos est\u00e1n dise\u00f1ados para ofrecer la m\u00e1xima ergonomia. Desengrasante professional para limpieza de superficies calientes.\",\"breadcrumb\":{\"@id\":\"https:\/\/www.electroluxprofessional.com\/la\/accesorios-y-consumibles-coccion-modular\/#breadcrumb\"},\"inLanguage\":\"es\",\"potentialAction\":[{\"@type\":\"ReadAction\",\"target\":[\"https:\/\/www.electroluxprofessional.com\/la\/accesorios-y-consumibles-coccion-modular\/\"]}]},{\"@type\":\"BreadcrumbList\",\"@id\":\"https:\/\/www.electroluxprofessional.com\/la\/accesorios-y-consumibles-coccion-modular\/#breadcrumb\",\"itemListElement\":[{\"@type\":\"ListItem\",\"position\":1,\"name\":\"Home\",\"item\":\"https:\/\/www.electroluxprofessional.com\/la\/\"},{\"@type\":\"ListItem\",\"position\":2,\"name\":\"Accesorios y consumibles &#8211; Cocci\u00f3n modular\"}]},{\"@type\":\"WebSite\",\"@id\":\"https:\/\/www.electroluxprofessional.com\/la\/#website\",\"url\":\"https:\/\/www.electroluxprofessional.com\/la\/\",\"name\":\"Electrolux Professional Latin America\",\"description\":\"Equipamiento cocinas profesionales y lavander\u00edas comerciales. Excelencia en el suministro de soluciones profesionales.\",\"potentialAction\":[{\"@type\":\"SearchAction\",\"target\":{\"@type\":\"EntryPoint\",\"urlTemplate\":\"https:\/\/www.electroluxprofessional.com\/la\/?src={search_term_string}\"},\"query-input\":\"required name=search_term_string\"}],\"inLanguage\":\"es\"}]}<\/script>\n<!-- \/ Yoast SEO plugin. -->","yoast_head_json":{"title":"Accesorios y consumibles - Cocci\u00f3n modular - Electrolux Professional Latin America","description":"Cocedor multiproducto, extremadamente vers\u00e1til. Fabricados en AISI 304 para asegurar la maxima hygiene, nuestros cestos est\u00e1n dise\u00f1ados para ofrecer la m\u00e1xima ergonomia. Desengrasante professional para limpieza de superficies calientes.","robots":{"index":"index","follow":"follow","max-snippet":"max-snippet:-1","max-image-preview":"max-image-preview:large","max-video-preview":"max-video-preview:-1"},"canonical":"https:\/\/www.electroluxprofessional.com\/la\/accesorios-y-consumibles-coccion-modular\/","og_locale":"es_MX","og_type":"article","og_title":"Accesorios y consumibles - Cocci\u00f3n modular - Electrolux Professional Latin America","og_description":"Cocedor multiproducto, extremadamente vers\u00e1til. Fabricados en AISI 304 para asegurar la maxima hygiene, nuestros cestos est\u00e1n dise\u00f1ados para ofrecer la m\u00e1xima ergonomia. Desengrasante professional para limpieza de superficies calientes.","og_url":"https:\/\/www.electroluxprofessional.com\/la\/accesorios-y-consumibles-coccion-modular\/","og_site_name":"Electrolux Professional Latin America","article_modified_time":"2025-11-06T11:31:34+00:00","twitter_card":"summary_large_image","twitter_misc":{"Tiempo de lectura":"1 minuto"},"schema":{"@context":"https:\/\/schema.org","@graph":[{"@type":"WebPage","@id":"https:\/\/www.electroluxprofessional.com\/la\/accesorios-y-consumibles-coccion-modular\/","url":"https:\/\/www.electroluxprofessional.com\/la\/accesorios-y-consumibles-coccion-modular\/","name":"Accesorios y consumibles - Cocci\u00f3n modular - Electrolux Professional Latin America","isPartOf":{"@id":"https:\/\/www.electroluxprofessional.com\/la\/#website"},"datePublished":"2017-02-16T16:14:26+00:00","dateModified":"2025-11-06T11:31:34+00:00","description":"Cocedor multiproducto, extremadamente vers\u00e1til. Fabricados en AISI 304 para asegurar la maxima hygiene, nuestros cestos est\u00e1n dise\u00f1ados para ofrecer la m\u00e1xima ergonomia. Desengrasante professional para limpieza de superficies calientes.","breadcrumb":{"@id":"https:\/\/www.electroluxprofessional.com\/la\/accesorios-y-consumibles-coccion-modular\/#breadcrumb"},"inLanguage":"es","potentialAction":[{"@type":"ReadAction","target":["https:\/\/www.electroluxprofessional.com\/la\/accesorios-y-consumibles-coccion-modular\/"]}]},{"@type":"BreadcrumbList","@id":"https:\/\/www.electroluxprofessional.com\/la\/accesorios-y-consumibles-coccion-modular\/#breadcrumb","itemListElement":[{"@type":"ListItem","position":1,"name":"Home","item":"https:\/\/www.electroluxprofessional.com\/la\/"},{"@type":"ListItem","position":2,"name":"Accesorios y consumibles &#8211; Cocci\u00f3n modular"}]},{"@type":"WebSite","@id":"https:\/\/www.electroluxprofessional.com\/la\/#website","url":"https:\/\/www.electroluxprofessional.com\/la\/","name":"Electrolux Professional Latin America","description":"Equipamiento cocinas profesionales y lavander\u00edas comerciales. Excelencia en el suministro de soluciones profesionales.","potentialAction":[{"@type":"SearchAction","target":{"@type":"EntryPoint","urlTemplate":"https:\/\/www.electroluxprofessional.com\/la\/?src={search_term_string}"},"query-input":"required name=search_term_string"}],"inLanguage":"es"}]}},"_links":{"self":[{"href":"https:\/\/www.electroluxprofessional.com\/la\/wp-json\/wp\/v2\/pages\/1672"}],"collection":[{"href":"https:\/\/www.electroluxprofessional.com\/la\/wp-json\/wp\/v2\/pages"}],"about":[{"href":"https:\/\/www.electroluxprofessional.com\/la\/wp-json\/wp\/v2\/types\/page"}],"author":[{"embeddable":true,"href":"https:\/\/www.electroluxprofessional.com\/la\/wp-json\/wp\/v2\/users\/23"}],"replies":[{"embeddable":true,"href":"https:\/\/www.electroluxprofessional.com\/la\/wp-json\/wp\/v2\/comments?post=1672"}],"version-history":[{"count":17,"href":"https:\/\/www.electroluxprofessional.com\/la\/wp-json\/wp\/v2\/pages\/1672\/revisions"}],"predecessor-version":[{"id":16690,"href":"https:\/\/www.electroluxprofessional.com\/la\/wp-json\/wp\/v2\/pages\/1672\/revisions\/16690"}],"wp:attachment":[{"href":"https:\/\/www.electroluxprofessional.com\/la\/wp-json\/wp\/v2\/media?parent=1672"}],"curies":[{"name":"wp","href":"https:\/\/api.w.org\/{rel}","templated":true}]}}