{"id":1652,"date":"2017-02-13T09:50:00","date_gmt":"2017-02-13T09:50:00","guid":{"rendered":"https:\/\/www.electroluxprofessional.com\/la\/?page_id=1652"},"modified":"2025-11-05T16:10:25","modified_gmt":"2025-11-05T16:10:25","slug":"gama-thermaline-2","status":"publish","type":"page","link":"https:\/\/www.electroluxprofessional.com\/la\/gama-thermaline-2\/","title":{"rendered":"gama thermaline"},"content":{"rendered":"<p>[vc_row full_width=&#8221;electroluxpro-full-width-no-padding&#8221;][vc_column][elx_hero_slider label_text_color=&#8221;inherit&#8221; images=&#8221;596&#8243;][elx_heading font_container=&#8221;h1&#8243; font_size=&#8221;h2&#8243; text_color=&#8221;inherit&#8221;]<strong>therma<em>line<\/em><\/strong><br \/>\nla gama premium de cocinas Electrolux made in Suiza<\/p>\n<p>[\/elx_heading][\/elx_hero_slider][\/vc_column][\/vc_row][vc_row equal_height=&#8221;yes&#8221; css=&#8221;.vc_custom_1487938464454{padding-top: 50px !important;}&#8221;][vc_column][elx_heading text_color=&#8221;inherit&#8221; text_align=&#8221;text-center&#8221;]Desde 1871.<br \/>\nProducci\u00f3n, precisi\u00f3n y tradici\u00f3n desde hace m\u00e1s de 100 a\u00f1os.[\/elx_heading][\/vc_column][\/vc_row][vc_row][vc_column][vc_empty_space][\/vc_column][\/vc_row][vc_row][vc_column][elx_heading font_size=&#8221;h3&#8243; text_color=&#8221;inherit&#8221; text_align=&#8221;text-center&#8221;]therma<em>line<\/em>M2M<br \/>\nhecha a medida[\/elx_heading][vc_empty_space][\/vc_column][\/vc_row][vc_row][vc_column][vc_single_image image=&#8221;851&#8243; img_size=&#8221;full&#8221; alignment=&#8221;center&#8221;][vc_empty_space][\/vc_column][\/vc_row][vc_row][vc_column width=&#8221;1\/2&#8243;][elx_heading font_container=&#8221;h4&#8243; text_color=&#8221;inherit&#8221; text_align=&#8221;text-left&#8221;]Crea tu cocina ideal[\/elx_heading][vc_column_text]Made to Measure (M2M) se crea para ofrecer a cada cocinero un compa\u00f1ero para toda la vida, <strong>satisfaciendo las necesidades de hoteles de cinco estrellas y restaurantes elegantes\u00a0<\/strong>con la \u00faltima tecnolog\u00eda profesional y el dise\u00f1o final de la cocina.[\/vc_column_text][\/vc_column][vc_column width=&#8221;1\/2&#8243;][elx_heading font_container=&#8221;h4&#8243; text_color=&#8221;inherit&#8221; text_align=&#8221;text-left&#8221;]Ganador del Premio Red Dot por su dise\u00f1o[\/elx_heading][vc_column_text]<strong>therma<em>line<\/em> M2M \u2013 Made to Measure de Electrolux Professional ha ganado el Premio Red Dot 2014 por su dise\u00f1o<\/strong>\u00a0\u2013 un premio que se ha consolidado como el m\u00e1s representativo de la excelencia en el dise\u00f1o a nivel mundial.[\/vc_column_text][\/vc_column][\/vc_row][vc_row][vc_column][vc_empty_space][\/vc_column][\/vc_row][vc_row css=&#8221;.vc_custom_1472715048599{padding-top: 50px !important;padding-bottom: 50px !important;}&#8221;][vc_column width=&#8221;1\/2&#8243;][vc_empty_space height=&#8221;30px&#8221;][elx_heading font_container=&#8221;h3&#8243; text_color=&#8221;inherit&#8221; text_align=&#8221;text-left&#8221;]therma<em>line<\/em>\u00a0modular 80 &amp; 90[\/elx_heading][vc_empty_space][vc_column_text]<\/p>\n<ul>\n<li>thermaline Modular 80 &amp; 90 cuenta con una\u00a0<strong>robusta estructura interna\u00a0<\/strong>resistente a golpes y corrosi\u00f3n<\/li>\n<li><strong>Free-cooking top<\/strong>\u00a0te permite usar a la vez ollas, sartenes y cocinar directamente en la superficie<\/li>\n<li>Pantalla de cristal retroiluminada y digitos LED de gran visibilidad, en versi\u00f3n el\u00e9ctrica,\u00a0<strong>proporcionan un control total de tus operaciones<\/strong>.<\/li>\n<li>Uni\u00f3n entre elementos sin fisuras Thermodul (sartenes y marmitas ProThermetic incluidas) <strong>evitan infiltraci\u00f3n de l\u00edquidos<\/strong><\/li>\n<li>Quemadores patentados de triple anillo que <strong>adaptan la llama<\/strong>\u00a0al tama\u00f1o del recipiente, los quemadores flower-flame ofrecen\u00a0<strong>combusti\u00f3n optimizada<\/strong>\u00a0y alcanzan hasta un 65% de eficiencia<\/li>\n<\/ul>\n<p>[\/vc_column_text][\/vc_column][vc_column width=&#8221;1\/2&#8243;][vc_single_image image=&#8221;1844&#8243; img_size=&#8221;full&#8221;][\/vc_column][\/vc_row][vc_row equal_height=&#8221;yes&#8221;][vc_column width=&#8221;1\/2&#8243;][vc_single_image image=&#8221;1845&#8243; img_size=&#8221;full&#8221;][\/vc_column][vc_column width=&#8221;1\/2&#8243;][vc_empty_space height=&#8221;40px&#8221;][elx_heading font_container=&#8221;h3&#8243; text_color=&#8221;inherit&#8221; text_align=&#8221;text-left&#8221;]therma<em>line<\/em>\u00a0modular 85[\/elx_heading][vc_empty_space height=&#8221;30px&#8221;][vc_column_text]El sistema de cocci\u00f3n modular m\u00e1s flexible que ofrece m\u00faltiples configuraciones (a pared y adosado)[\/vc_column_text][\/vc_column][\/vc_row][vc_row][vc_column][vc_empty_space][\/vc_column][\/vc_row][vc_row][vc_column width=&#8221;1\/3&#8243;][elx_download_block text=&#8221;thermaline<br \/>\nmodular 80 &amp; 90&#8243; link=&#8221;files.professional.electrolux.com\/docs\/?n=BR-9JEHT&amp;b=5&amp;l=4&#8243; background_color=&#8221;orange&#8221;][\/vc_column][vc_column width=&#8221;1\/3&#8243;][elx_download_block text=&#8221;thermaline<br \/>\nmodular 85&#8243; link=&#8221;files.professional.electrolux.com\/docs\/?n=BR-9JEHU&amp;b=5&amp;l=4&#8243; background_color=&#8221;orange&#8221;][\/vc_column][vc_column width=&#8221;1\/3&#8243;][elx_video_block background_image=&#8221;1291&#8243; video_link=&#8221;https:\/\/www.youtube.com\/watch?v=93DlOIlsv9w&amp;list=PLn-GI5LWCZdReBIT6ENQdhJ4GU0ab0nOf&#8221; minimum_height=&#8221;260px&#8221;][\/vc_column][\/vc_row][vc_row css=&#8221;.vc_custom_1472551359919{padding-bottom: 10px !important;}&#8221;][vc_column][elx_heading text_color=&#8221;inherit&#8221;]Descubre lo que Electrolux puede hacer por tu negocio[\/elx_heading][elx_o2000_contact_us r=&#8221;Me gustar\u00eda que contactaran conmigo y tener m\u00e1s informaci\u00f3n sobre cocinas thermaline&#8221; s=&#8221;Petici\u00f3n de informaci\u00f3n realizada desde gamas de cocinas thermaline&#8221; l=&#8221;es&#8221; container=&#8221;elxcontactus1466428041&#8243;][\/vc_column][\/vc_row][vc_row][vc_column][vc_empty_space][\/vc_column][\/vc_row][vc_row][vc_column]<div class=\"com21-product-filter-container 38\">[\/vc_column][\/vc_row]<\/p>\n","protected":false},"excerpt":{"rendered":"<p>[vc_row full_width=&#8221;electroluxpro-full-width-no-padding&#8221;][vc_column][elx_hero_slider label_text_color=&#8221;inherit&#8221; images=&#8221;596&#8243;][elx_heading font_container=&#8221;h1&#8243; font_size=&#8221;h2&#8243; text_color=&#8221;inherit&#8221;]thermaline la gama premium de cocinas Electrolux made in Suiza [\/elx_heading][\/elx_hero_slider][\/vc_column][\/vc_row][vc_row equal_height=&#8221;yes&#8221; css=&#8221;.vc_custom_1487938464454{padding-top: 50px !important;}&#8221;][vc_column][elx_heading text_color=&#8221;inherit&#8221; text_align=&#8221;text-center&#8221;]Desde 1871. Producci\u00f3n, precisi\u00f3n y tradici\u00f3n desde hace m\u00e1s de 100 a\u00f1os.[\/elx_heading][\/vc_column][\/vc_row][vc_row][vc_column][vc_empty_space][\/vc_column][\/vc_row][vc_row][vc_column][elx_heading font_size=&#8221;h3&#8243; text_color=&#8221;inherit&#8221; text_align=&#8221;text-center&#8221;]thermalineM2M hecha a medida[\/elx_heading][vc_empty_space][\/vc_column][\/vc_row][vc_row][vc_column][vc_single_image image=&#8221;851&#8243; img_size=&#8221;full&#8221; alignment=&#8221;center&#8221;][vc_empty_space][\/vc_column][\/vc_row][vc_row][vc_column width=&#8221;1\/2&#8243;][elx_heading font_container=&#8221;h4&#8243; text_color=&#8221;inherit&#8221; text_align=&#8221;text-left&#8221;]Crea tu cocina ideal[\/elx_heading][vc_column_text]Made to Measure (M2M) se crea [&hellip;]<\/p>\n","protected":false},"author":23,"featured_media":4913,"parent":0,"menu_order":0,"comment_status":"closed","ping_status":"closed","template":"","meta":{"footnotes":""},"class_list":["post-1652","page","type-page","status-publish","has-post-thumbnail","hentry"],"acf":[],"yoast_head":"<!-- This site is optimized with the Yoast SEO plugin v23.3 - https:\/\/yoast.com\/wordpress\/plugins\/seo\/ -->\n<title>gama thermaline - Electrolux Professional Latin America<\/title>\n<meta name=\"robots\" content=\"index, follow, max-snippet:-1, max-image-preview:large, max-video-preview:-1\" \/>\n<link rel=\"canonical\" href=\"https:\/\/www.electroluxprofessional.com\/la\/gama-thermaline-2\/\" \/>\n<meta property=\"og:locale\" content=\"es_MX\" \/>\n<meta property=\"og:type\" content=\"article\" \/>\n<meta property=\"og:title\" content=\"gama thermaline - Electrolux Professional Latin America\" \/>\n<meta property=\"og:description\" content=\"[vc_row full_width=&#8221;electroluxpro-full-width-no-padding&#8221;][vc_column][elx_hero_slider label_text_color=&#8221;inherit&#8221; images=&#8221;596&#8243;][elx_heading font_container=&#8221;h1&#8243; font_size=&#8221;h2&#8243; text_color=&#8221;inherit&#8221;]thermaline la gama premium de cocinas Electrolux made in Suiza [\/elx_heading][\/elx_hero_slider][\/vc_column][\/vc_row][vc_row equal_height=&#8221;yes&#8221; css=&#8221;.vc_custom_1487938464454{padding-top: 50px !important;}&#8221;][vc_column][elx_heading text_color=&#8221;inherit&#8221; text_align=&#8221;text-center&#8221;]Desde 1871. Producci\u00f3n, precisi\u00f3n y tradici\u00f3n desde hace m\u00e1s de 100 a\u00f1os.[\/elx_heading][\/vc_column][\/vc_row][vc_row][vc_column][vc_empty_space][\/vc_column][\/vc_row][vc_row][vc_column][elx_heading font_size=&#8221;h3&#8243; text_color=&#8221;inherit&#8221; text_align=&#8221;text-center&#8221;]thermalineM2M hecha a medida[\/elx_heading][vc_empty_space][\/vc_column][\/vc_row][vc_row][vc_column][vc_single_image image=&#8221;851&#8243; img_size=&#8221;full&#8221; alignment=&#8221;center&#8221;][vc_empty_space][\/vc_column][\/vc_row][vc_row][vc_column width=&#8221;1\/2&#8243;][elx_heading font_container=&#8221;h4&#8243; text_color=&#8221;inherit&#8221; text_align=&#8221;text-left&#8221;]Crea tu cocina ideal[\/elx_heading][vc_column_text]Made to Measure (M2M) se crea [&hellip;]\" \/>\n<meta property=\"og:url\" content=\"https:\/\/www.electroluxprofessional.com\/la\/gama-thermaline-2\/\" \/>\n<meta property=\"og:site_name\" content=\"Electrolux Professional Latin America\" \/>\n<meta property=\"article:modified_time\" content=\"2025-11-05T16:10:25+00:00\" \/>\n<meta property=\"og:image\" content=\"https:\/\/www.electroluxprofessional.com\/la\/wp-content\/uploads\/2018\/11\/gama-thermaline.jpg\" \/>\n\t<meta property=\"og:image:width\" content=\"502\" \/>\n\t<meta property=\"og:image:height\" content=\"438\" \/>\n\t<meta property=\"og:image:type\" content=\"image\/jpeg\" \/>\n<meta name=\"twitter:card\" content=\"summary_large_image\" \/>\n<meta name=\"twitter:label1\" content=\"Tiempo de lectura\" \/>\n\t<meta name=\"twitter:data1\" content=\"2 minutos\" \/>\n<script type=\"application\/ld+json\" class=\"yoast-schema-graph\">{\"@context\":\"https:\/\/schema.org\",\"@graph\":[{\"@type\":\"WebPage\",\"@id\":\"https:\/\/www.electroluxprofessional.com\/la\/gama-thermaline-2\/\",\"url\":\"https:\/\/www.electroluxprofessional.com\/la\/gama-thermaline-2\/\",\"name\":\"gama thermaline - Electrolux Professional Latin America\",\"isPartOf\":{\"@id\":\"https:\/\/www.electroluxprofessional.com\/la\/#website\"},\"primaryImageOfPage\":{\"@id\":\"https:\/\/www.electroluxprofessional.com\/la\/gama-thermaline-2\/#primaryimage\"},\"image\":{\"@id\":\"https:\/\/www.electroluxprofessional.com\/la\/gama-thermaline-2\/#primaryimage\"},\"thumbnailUrl\":\"https:\/\/www.electroluxprofessional.com\/la\/wp-content\/uploads\/2018\/11\/gama-thermaline.jpg\",\"datePublished\":\"2017-02-13T09:50:00+00:00\",\"dateModified\":\"2025-11-05T16:10:25+00:00\",\"breadcrumb\":{\"@id\":\"https:\/\/www.electroluxprofessional.com\/la\/gama-thermaline-2\/#breadcrumb\"},\"inLanguage\":\"es\",\"potentialAction\":[{\"@type\":\"ReadAction\",\"target\":[\"https:\/\/www.electroluxprofessional.com\/la\/gama-thermaline-2\/\"]}]},{\"@type\":\"ImageObject\",\"inLanguage\":\"es\",\"@id\":\"https:\/\/www.electroluxprofessional.com\/la\/gama-thermaline-2\/#primaryimage\",\"url\":\"https:\/\/www.electroluxprofessional.com\/la\/wp-content\/uploads\/2018\/11\/gama-thermaline.jpg\",\"contentUrl\":\"https:\/\/www.electroluxprofessional.com\/la\/wp-content\/uploads\/2018\/11\/gama-thermaline.jpg\",\"width\":502,\"height\":438,\"caption\":\"Gama Thermaline\"},{\"@type\":\"BreadcrumbList\",\"@id\":\"https:\/\/www.electroluxprofessional.com\/la\/gama-thermaline-2\/#breadcrumb\",\"itemListElement\":[{\"@type\":\"ListItem\",\"position\":1,\"name\":\"Home\",\"item\":\"https:\/\/www.electroluxprofessional.com\/la\/\"},{\"@type\":\"ListItem\",\"position\":2,\"name\":\"gama thermaline\"}]},{\"@type\":\"WebSite\",\"@id\":\"https:\/\/www.electroluxprofessional.com\/la\/#website\",\"url\":\"https:\/\/www.electroluxprofessional.com\/la\/\",\"name\":\"Electrolux Professional Latin America\",\"description\":\"Equipamiento cocinas profesionales y lavander\u00edas comerciales. Excelencia en el suministro de soluciones profesionales.\",\"potentialAction\":[{\"@type\":\"SearchAction\",\"target\":{\"@type\":\"EntryPoint\",\"urlTemplate\":\"https:\/\/www.electroluxprofessional.com\/la\/?src={search_term_string}\"},\"query-input\":\"required name=search_term_string\"}],\"inLanguage\":\"es\"}]}<\/script>\n<!-- \/ Yoast SEO plugin. -->","yoast_head_json":{"title":"gama thermaline - Electrolux Professional Latin America","robots":{"index":"index","follow":"follow","max-snippet":"max-snippet:-1","max-image-preview":"max-image-preview:large","max-video-preview":"max-video-preview:-1"},"canonical":"https:\/\/www.electroluxprofessional.com\/la\/gama-thermaline-2\/","og_locale":"es_MX","og_type":"article","og_title":"gama thermaline - Electrolux Professional Latin America","og_description":"[vc_row full_width=&#8221;electroluxpro-full-width-no-padding&#8221;][vc_column][elx_hero_slider label_text_color=&#8221;inherit&#8221; images=&#8221;596&#8243;][elx_heading font_container=&#8221;h1&#8243; font_size=&#8221;h2&#8243; text_color=&#8221;inherit&#8221;]thermaline la gama premium de cocinas Electrolux made in Suiza [\/elx_heading][\/elx_hero_slider][\/vc_column][\/vc_row][vc_row equal_height=&#8221;yes&#8221; css=&#8221;.vc_custom_1487938464454{padding-top: 50px !important;}&#8221;][vc_column][elx_heading text_color=&#8221;inherit&#8221; text_align=&#8221;text-center&#8221;]Desde 1871. Producci\u00f3n, precisi\u00f3n y tradici\u00f3n desde hace m\u00e1s de 100 a\u00f1os.[\/elx_heading][\/vc_column][\/vc_row][vc_row][vc_column][vc_empty_space][\/vc_column][\/vc_row][vc_row][vc_column][elx_heading font_size=&#8221;h3&#8243; text_color=&#8221;inherit&#8221; text_align=&#8221;text-center&#8221;]thermalineM2M hecha a medida[\/elx_heading][vc_empty_space][\/vc_column][\/vc_row][vc_row][vc_column][vc_single_image image=&#8221;851&#8243; img_size=&#8221;full&#8221; alignment=&#8221;center&#8221;][vc_empty_space][\/vc_column][\/vc_row][vc_row][vc_column width=&#8221;1\/2&#8243;][elx_heading font_container=&#8221;h4&#8243; text_color=&#8221;inherit&#8221; text_align=&#8221;text-left&#8221;]Crea tu cocina ideal[\/elx_heading][vc_column_text]Made to Measure (M2M) se crea [&hellip;]","og_url":"https:\/\/www.electroluxprofessional.com\/la\/gama-thermaline-2\/","og_site_name":"Electrolux Professional Latin America","article_modified_time":"2025-11-05T16:10:25+00:00","og_image":[{"width":502,"height":438,"url":"https:\/\/www.electroluxprofessional.com\/la\/wp-content\/uploads\/2018\/11\/gama-thermaline.jpg","type":"image\/jpeg"}],"twitter_card":"summary_large_image","twitter_misc":{"Tiempo de lectura":"2 minutos"},"schema":{"@context":"https:\/\/schema.org","@graph":[{"@type":"WebPage","@id":"https:\/\/www.electroluxprofessional.com\/la\/gama-thermaline-2\/","url":"https:\/\/www.electroluxprofessional.com\/la\/gama-thermaline-2\/","name":"gama thermaline - Electrolux Professional Latin America","isPartOf":{"@id":"https:\/\/www.electroluxprofessional.com\/la\/#website"},"primaryImageOfPage":{"@id":"https:\/\/www.electroluxprofessional.com\/la\/gama-thermaline-2\/#primaryimage"},"image":{"@id":"https:\/\/www.electroluxprofessional.com\/la\/gama-thermaline-2\/#primaryimage"},"thumbnailUrl":"https:\/\/www.electroluxprofessional.com\/la\/wp-content\/uploads\/2018\/11\/gama-thermaline.jpg","datePublished":"2017-02-13T09:50:00+00:00","dateModified":"2025-11-05T16:10:25+00:00","breadcrumb":{"@id":"https:\/\/www.electroluxprofessional.com\/la\/gama-thermaline-2\/#breadcrumb"},"inLanguage":"es","potentialAction":[{"@type":"ReadAction","target":["https:\/\/www.electroluxprofessional.com\/la\/gama-thermaline-2\/"]}]},{"@type":"ImageObject","inLanguage":"es","@id":"https:\/\/www.electroluxprofessional.com\/la\/gama-thermaline-2\/#primaryimage","url":"https:\/\/www.electroluxprofessional.com\/la\/wp-content\/uploads\/2018\/11\/gama-thermaline.jpg","contentUrl":"https:\/\/www.electroluxprofessional.com\/la\/wp-content\/uploads\/2018\/11\/gama-thermaline.jpg","width":502,"height":438,"caption":"Gama Thermaline"},{"@type":"BreadcrumbList","@id":"https:\/\/www.electroluxprofessional.com\/la\/gama-thermaline-2\/#breadcrumb","itemListElement":[{"@type":"ListItem","position":1,"name":"Home","item":"https:\/\/www.electroluxprofessional.com\/la\/"},{"@type":"ListItem","position":2,"name":"gama thermaline"}]},{"@type":"WebSite","@id":"https:\/\/www.electroluxprofessional.com\/la\/#website","url":"https:\/\/www.electroluxprofessional.com\/la\/","name":"Electrolux Professional Latin America","description":"Equipamiento cocinas profesionales y lavander\u00edas comerciales. Excelencia en el suministro de soluciones profesionales.","potentialAction":[{"@type":"SearchAction","target":{"@type":"EntryPoint","urlTemplate":"https:\/\/www.electroluxprofessional.com\/la\/?src={search_term_string}"},"query-input":"required name=search_term_string"}],"inLanguage":"es"}]}},"_links":{"self":[{"href":"https:\/\/www.electroluxprofessional.com\/la\/wp-json\/wp\/v2\/pages\/1652"}],"collection":[{"href":"https:\/\/www.electroluxprofessional.com\/la\/wp-json\/wp\/v2\/pages"}],"about":[{"href":"https:\/\/www.electroluxprofessional.com\/la\/wp-json\/wp\/v2\/types\/page"}],"author":[{"embeddable":true,"href":"https:\/\/www.electroluxprofessional.com\/la\/wp-json\/wp\/v2\/users\/23"}],"replies":[{"embeddable":true,"href":"https:\/\/www.electroluxprofessional.com\/la\/wp-json\/wp\/v2\/comments?post=1652"}],"version-history":[{"count":56,"href":"https:\/\/www.electroluxprofessional.com\/la\/wp-json\/wp\/v2\/pages\/1652\/revisions"}],"predecessor-version":[{"id":16624,"href":"https:\/\/www.electroluxprofessional.com\/la\/wp-json\/wp\/v2\/pages\/1652\/revisions\/16624"}],"wp:featuredmedia":[{"embeddable":true,"href":"https:\/\/www.electroluxprofessional.com\/la\/wp-json\/wp\/v2\/media\/4913"}],"wp:attachment":[{"href":"https:\/\/www.electroluxprofessional.com\/la\/wp-json\/wp\/v2\/media?parent=1652"}],"curies":[{"name":"wp","href":"https:\/\/api.w.org\/{rel}","templated":true}]}}