{"id":15793,"date":"2025-02-27T08:55:28","date_gmt":"2025-02-27T08:55:28","guid":{"rendered":"https:\/\/www.electroluxprofessional.com\/la\/?page_id=15793"},"modified":"2025-10-31T08:39:51","modified_gmt":"2025-10-31T08:39:51","slug":"contactanos","status":"publish","type":"page","link":"https:\/\/www.electroluxprofessional.com\/la\/contactanos\/","title":{"rendered":"Cont\u00e1ctanos"},"content":{"rendered":"<p>[vc_row full_width=&#8221;electroluxpro-full-width-no-padding&#8221; matched_labels=&#8221;&#8221;][vc_column][elx_hero_title label=&#8221;&#8221; label_background_color=&#8221;inherit&#8221; background_image=&#8221;16605&#8243;][elx_heading text_color=&#8221;inherit&#8221;][\/elx_heading][\/elx_hero_title][\/vc_column][\/vc_row][vc_row][vc_column][elx_heading font_container=&#8221;h1&#8243; text_color=&#8221;inherit&#8221; text_align=&#8221;text-center&#8221;]Cont\u00e1ctanos[\/elx_heading][\/vc_column][\/vc_row][vc_row][vc_column][elx_heading text_color=&#8221;inherit&#8221; text_align=&#8221;text-center&#8221;]\u00bfNecesitas ayuda? Conectemos.[\/elx_heading][vc_empty_space height=&#8221;12px&#8221;][vc_column_text]<\/p>\n<p style=\"text-align: center;\">Ya sea que busques informaci\u00f3n sobre productos, soporte t\u00e9cnico o un presupuesto, nuestro equipo est\u00e1 aqu\u00ed para ayudarte.<br \/>\nElige el tipo de solicitud para que podamos canalizarla m\u00e1s r\u00e1pidamente.<\/p>\n<p>[\/vc_column_text][vc_empty_space height=&#8221;12px&#8221;][elx_o2000_contact_us container=&#8221;elxcontactus1493279134&#8243; r=&#8221;I&#8217;d like to find out more about your FOOD and LAUNDRY solutions, please get in touch with me.&#8221; l=&#8221;en&#8221;][vc_empty_space height=&#8221;12px&#8221;][\/vc_column][\/vc_row][vc_row custom_color_row=&#8221;bg-row-light-blue&#8221;][vc_column][vc_empty_space][elx_heading text_color=&#8221;inherit&#8221; text_align=&#8221;text-center&#8221; css=&#8221;.vc_custom_1761899774997{background-color: #ffffff !important;}&#8221;]Encu\u00e9ntranos cerca de ti[\/elx_heading][vc_empty_space height=&#8221;20px&#8221;][vc_column_text]<\/p>\n<p style=\"text-align: center;\">\u00bfQuieres localizar a tu socio de ventas o servicio m\u00e1s cercano?<br \/>\nHaz clic en el bot\u00f3n de abajo para acceder a nuestro mapa interactivo y encontrar ubicaciones de Electrolux Professional cerca de ti.<\/p>\n<p>[\/vc_column_text][vc_empty_space height=&#8221;20px&#8221;][elx_button button_text=&#8221;Sales and Service Locator&#8221; button_display_block=&#8221;display_block_on&#8221; button_alignment=&#8221;align_center&#8221; button_alignment_mobile=&#8221;text-center-mobile&#8221; button_link=&#8221;url:https%3A%2F%2Feprdev.comunicazione21.com%2Fsales-and-service-locator%2F|title:Find%20a%20dealer||&#8221;][vc_empty_space height=&#8221;20px&#8221;][vc_empty_space height=&#8221;20px&#8221;][\/vc_column][\/vc_row]<\/p>\n","protected":false},"excerpt":{"rendered":"<p>[vc_row full_width=&#8221;electroluxpro-full-width-no-padding&#8221; matched_labels=&#8221;&#8221;][vc_column][elx_hero_title label=&#8221;&#8221; label_background_color=&#8221;inherit&#8221; background_image=&#8221;16605&#8243;][elx_heading text_color=&#8221;inherit&#8221;][\/elx_heading][\/elx_hero_title][\/vc_column][\/vc_row][vc_row][vc_column][elx_heading font_container=&#8221;h1&#8243; text_color=&#8221;inherit&#8221; text_align=&#8221;text-center&#8221;]Cont\u00e1ctanos[\/elx_heading][\/vc_column][\/vc_row][vc_row][vc_column][elx_heading text_color=&#8221;inherit&#8221; text_align=&#8221;text-center&#8221;]\u00bfNecesitas ayuda? Conectemos.[\/elx_heading][vc_empty_space height=&#8221;12px&#8221;][vc_column_text] Ya sea que busques informaci\u00f3n sobre productos, soporte t\u00e9cnico o un presupuesto, nuestro equipo est\u00e1 aqu\u00ed para ayudarte. Elige el tipo de solicitud para que podamos canalizarla m\u00e1s r\u00e1pidamente. [\/vc_column_text][vc_empty_space height=&#8221;12px&#8221;][elx_o2000_contact_us container=&#8221;elxcontactus1493279134&#8243; r=&#8221;I&#8217;d like to find out more about your [&hellip;]<\/p>\n","protected":false},"author":39,"featured_media":0,"parent":0,"menu_order":0,"comment_status":"closed","ping_status":"closed","template":"","meta":{"footnotes":""},"class_list":["post-15793","page","type-page","status-publish","hentry"],"acf":[],"yoast_head":"<!-- This site is optimized with the Yoast SEO plugin v23.3 - https:\/\/yoast.com\/wordpress\/plugins\/seo\/ -->\n<title>Cont\u00e1ctanos - Electrolux Professional Latin America<\/title>\n<meta name=\"description\" content=\"Contact us for more information about food and laundry solutions. Our experts will get in touch with you as fast as possible\" \/>\n<meta name=\"robots\" content=\"index, follow, max-snippet:-1, max-image-preview:large, max-video-preview:-1\" \/>\n<link rel=\"canonical\" href=\"https:\/\/www.electroluxprofessional.com\/la\/contactanos\/\" \/>\n<meta property=\"og:locale\" content=\"es_MX\" \/>\n<meta property=\"og:type\" content=\"article\" \/>\n<meta property=\"og:title\" content=\"Cont\u00e1ctanos - Electrolux Professional Latin America\" \/>\n<meta property=\"og:description\" content=\"Contact us for more information about food and laundry solutions. Our experts will get in touch with you as fast as possible\" \/>\n<meta property=\"og:url\" content=\"https:\/\/www.electroluxprofessional.com\/la\/contactanos\/\" \/>\n<meta property=\"og:site_name\" content=\"Electrolux Professional Latin America\" \/>\n<meta property=\"article:modified_time\" content=\"2025-10-31T08:39:51+00:00\" \/>\n<meta name=\"twitter:card\" content=\"summary_large_image\" \/>\n<meta name=\"twitter:label1\" content=\"Tiempo de lectura\" \/>\n\t<meta name=\"twitter:data1\" content=\"1 minuto\" \/>\n<script type=\"application\/ld+json\" class=\"yoast-schema-graph\">{\"@context\":\"https:\/\/schema.org\",\"@graph\":[{\"@type\":\"WebPage\",\"@id\":\"https:\/\/www.electroluxprofessional.com\/la\/contactanos\/\",\"url\":\"https:\/\/www.electroluxprofessional.com\/la\/contactanos\/\",\"name\":\"Cont\u00e1ctanos - Electrolux Professional Latin America\",\"isPartOf\":{\"@id\":\"https:\/\/www.electroluxprofessional.com\/la\/#website\"},\"datePublished\":\"2025-02-27T08:55:28+00:00\",\"dateModified\":\"2025-10-31T08:39:51+00:00\",\"description\":\"Contact us for more information about food and laundry solutions. Our experts will get in touch with you as fast as possible\",\"breadcrumb\":{\"@id\":\"https:\/\/www.electroluxprofessional.com\/la\/contactanos\/#breadcrumb\"},\"inLanguage\":\"es\",\"potentialAction\":[{\"@type\":\"ReadAction\",\"target\":[\"https:\/\/www.electroluxprofessional.com\/la\/contactanos\/\"]}]},{\"@type\":\"BreadcrumbList\",\"@id\":\"https:\/\/www.electroluxprofessional.com\/la\/contactanos\/#breadcrumb\",\"itemListElement\":[{\"@type\":\"ListItem\",\"position\":1,\"name\":\"Home\",\"item\":\"https:\/\/www.electroluxprofessional.com\/la\/\"},{\"@type\":\"ListItem\",\"position\":2,\"name\":\"Cont\u00e1ctanos\"}]},{\"@type\":\"WebSite\",\"@id\":\"https:\/\/www.electroluxprofessional.com\/la\/#website\",\"url\":\"https:\/\/www.electroluxprofessional.com\/la\/\",\"name\":\"Electrolux Professional Latin America\",\"description\":\"Equipamiento cocinas profesionales y lavander\u00edas comerciales. Excelencia en el suministro de soluciones profesionales.\",\"potentialAction\":[{\"@type\":\"SearchAction\",\"target\":{\"@type\":\"EntryPoint\",\"urlTemplate\":\"https:\/\/www.electroluxprofessional.com\/la\/?src={search_term_string}\"},\"query-input\":\"required name=search_term_string\"}],\"inLanguage\":\"es\"}]}<\/script>\n<!-- \/ Yoast SEO plugin. -->","yoast_head_json":{"title":"Cont\u00e1ctanos - Electrolux Professional Latin America","description":"Contact us for more information about food and laundry solutions. Our experts will get in touch with you as fast as possible","robots":{"index":"index","follow":"follow","max-snippet":"max-snippet:-1","max-image-preview":"max-image-preview:large","max-video-preview":"max-video-preview:-1"},"canonical":"https:\/\/www.electroluxprofessional.com\/la\/contactanos\/","og_locale":"es_MX","og_type":"article","og_title":"Cont\u00e1ctanos - Electrolux Professional Latin America","og_description":"Contact us for more information about food and laundry solutions. Our experts will get in touch with you as fast as possible","og_url":"https:\/\/www.electroluxprofessional.com\/la\/contactanos\/","og_site_name":"Electrolux Professional Latin America","article_modified_time":"2025-10-31T08:39:51+00:00","twitter_card":"summary_large_image","twitter_misc":{"Tiempo de lectura":"1 minuto"},"schema":{"@context":"https:\/\/schema.org","@graph":[{"@type":"WebPage","@id":"https:\/\/www.electroluxprofessional.com\/la\/contactanos\/","url":"https:\/\/www.electroluxprofessional.com\/la\/contactanos\/","name":"Cont\u00e1ctanos - Electrolux Professional Latin America","isPartOf":{"@id":"https:\/\/www.electroluxprofessional.com\/la\/#website"},"datePublished":"2025-02-27T08:55:28+00:00","dateModified":"2025-10-31T08:39:51+00:00","description":"Contact us for more information about food and laundry solutions. Our experts will get in touch with you as fast as possible","breadcrumb":{"@id":"https:\/\/www.electroluxprofessional.com\/la\/contactanos\/#breadcrumb"},"inLanguage":"es","potentialAction":[{"@type":"ReadAction","target":["https:\/\/www.electroluxprofessional.com\/la\/contactanos\/"]}]},{"@type":"BreadcrumbList","@id":"https:\/\/www.electroluxprofessional.com\/la\/contactanos\/#breadcrumb","itemListElement":[{"@type":"ListItem","position":1,"name":"Home","item":"https:\/\/www.electroluxprofessional.com\/la\/"},{"@type":"ListItem","position":2,"name":"Cont\u00e1ctanos"}]},{"@type":"WebSite","@id":"https:\/\/www.electroluxprofessional.com\/la\/#website","url":"https:\/\/www.electroluxprofessional.com\/la\/","name":"Electrolux Professional Latin America","description":"Equipamiento cocinas profesionales y lavander\u00edas comerciales. Excelencia en el suministro de soluciones profesionales.","potentialAction":[{"@type":"SearchAction","target":{"@type":"EntryPoint","urlTemplate":"https:\/\/www.electroluxprofessional.com\/la\/?src={search_term_string}"},"query-input":"required name=search_term_string"}],"inLanguage":"es"}]}},"_links":{"self":[{"href":"https:\/\/www.electroluxprofessional.com\/la\/wp-json\/wp\/v2\/pages\/15793"}],"collection":[{"href":"https:\/\/www.electroluxprofessional.com\/la\/wp-json\/wp\/v2\/pages"}],"about":[{"href":"https:\/\/www.electroluxprofessional.com\/la\/wp-json\/wp\/v2\/types\/page"}],"author":[{"embeddable":true,"href":"https:\/\/www.electroluxprofessional.com\/la\/wp-json\/wp\/v2\/users\/39"}],"replies":[{"embeddable":true,"href":"https:\/\/www.electroluxprofessional.com\/la\/wp-json\/wp\/v2\/comments?post=15793"}],"version-history":[{"count":8,"href":"https:\/\/www.electroluxprofessional.com\/la\/wp-json\/wp\/v2\/pages\/15793\/revisions"}],"predecessor-version":[{"id":16606,"href":"https:\/\/www.electroluxprofessional.com\/la\/wp-json\/wp\/v2\/pages\/15793\/revisions\/16606"}],"wp:attachment":[{"href":"https:\/\/www.electroluxprofessional.com\/la\/wp-json\/wp\/v2\/media?parent=15793"}],"curies":[{"name":"wp","href":"https:\/\/api.w.org\/{rel}","templated":true}]}}