{"id":15759,"date":"2025-02-26T14:34:44","date_gmt":"2025-02-26T14:34:44","guid":{"rendered":"https:\/\/www.electroluxprofessional.com\/la\/?page_id=15759"},"modified":"2025-06-03T09:12:23","modified_gmt":"2025-06-03T09:12:23","slug":"puntos-de-venta-y-servicio","status":"publish","type":"page","link":"https:\/\/www.electroluxprofessional.com\/la\/puntos-de-venta-y-servicio\/","title":{"rendered":"Puntos de venta y servicio"},"content":{"rendered":"<p>[vc_row full_width=&#8221;electroluxpro-full-width-no-padding&#8221;][vc_column][vc_single_image image=&#8221;15758&#8243; img_size=&#8221;full&#8221;][\/vc_column][\/vc_row][vc_row][vc_column][elx_heading font_container=&#8221;h1&#8243; font_size=&#8221;h3&#8243; text_color=&#8221;inherit&#8221;]Puntos de venta y servicio[\/elx_heading][vc_column_text]Estamos preparados y comprometidos a tu disposici\u00f3n con una red \u00fanica de ventas y servicios que te har\u00e1n la vida m\u00e1s f\u00e1cil. La presencia de nuestros distribuidores y socios se extiende por todo el mundo.[\/vc_column_text][\/vc_column][\/vc_row][vc_row][vc_column][vc_empty_space][elx_o2000_locator cf=&#8221;Spain&#8221; l=&#8221;es&#8221; container=&#8221;elxlocator1481706075&#8243; request=&#8221;Me gustar\u00eda tener m\u00e1s informaci\u00f3n sobre {{acs}}&#8221;][vc_empty_space][\/vc_column][\/vc_row][vc_row custom_color_row=&#8221;bg-row-light-blue&#8221; css=&#8221;.vc_custom_1739176875824{background-color: #e9eff5 !important;}&#8221;][vc_column][vc_empty_space][elx_heading font_size=&#8221;h4&#8243; text_color=&#8221;electrolux-blue&#8221; text_align=&#8221;text-left&#8221;]\u00a1Convi\u00e9rtete en un socio de servicio certificado!  [\/elx_heading][vc_empty_space height=&#8221;10px&#8221;][vc_column_text]<span class=\"TextRun SCXW131559419 BCX0\" data-contrast=\"none\"><span class=\"NormalTextRun SCXW131559419 BCX0\">\u00a1\u00danete a nuestra red de servicios certificados! Expande tu negocio convirti\u00e9ndote en un socio de servicio autorizado. Obt\u00e9n acceso a formaci\u00f3n exclusiva, soporte y oportunidades de crecimiento.\u00a0<\/span><\/span><span class=\"EOP SCXW131559419 BCX0\" data-ccp-props=\"{&quot;134233117&quot;:true,&quot;201341983&quot;:0,&quot;335557856&quot;:16777215,&quot;335559739&quot;:0,&quot;335559740&quot;:240}\">\u00a0<\/span>[\/vc_column_text][vc_empty_space height=&#8221;25px&#8221;][elx_o2000_contact_us request_type=&#8221;Customer support&#8221; button_mode=&#8221;true&#8221; button_style=&#8221;secondary&#8221; postion_button=&#8221;text-left&#8221; postion_button_mobile=&#8221;text-left-mobile&#8221; text_btn_contact=&#8221;\u00a1Aplica hoy! &#8221; r=&#8221;Me gustar\u00eda ser contactado para convertirme en su socio de servicio. Gracias.&#8221;][vc_empty_space height=&#8221;40px&#8221;][\/vc_column][\/vc_row]<\/p>\n","protected":false},"excerpt":{"rendered":"<p>[vc_row full_width=&#8221;electroluxpro-full-width-no-padding&#8221;][vc_column][vc_single_image image=&#8221;15758&#8243; img_size=&#8221;full&#8221;][\/vc_column][\/vc_row][vc_row][vc_column][elx_heading font_container=&#8221;h1&#8243; font_size=&#8221;h3&#8243; text_color=&#8221;inherit&#8221;]Puntos de venta y servicio[\/elx_heading][vc_column_text]Estamos preparados y comprometidos a tu disposici\u00f3n con una red \u00fanica de ventas y servicios que te har\u00e1n la vida m\u00e1s f\u00e1cil. La presencia de nuestros distribuidores y socios se extiende por todo el mundo.[\/vc_column_text][\/vc_column][\/vc_row][vc_row][vc_column][vc_empty_space][elx_o2000_locator cf=&#8221;Spain&#8221; l=&#8221;es&#8221; container=&#8221;elxlocator1481706075&#8243; request=&#8221;Me gustar\u00eda tener m\u00e1s informaci\u00f3n sobre {{acs}}&#8221;][vc_empty_space][\/vc_column][\/vc_row][vc_row [&hellip;]<\/p>\n","protected":false},"author":39,"featured_media":0,"parent":0,"menu_order":0,"comment_status":"closed","ping_status":"closed","template":"","meta":{"footnotes":""},"class_list":["post-15759","page","type-page","status-publish","hentry"],"acf":[],"yoast_head":"<!-- This site is optimized with the Yoast SEO plugin v23.3 - https:\/\/yoast.com\/wordpress\/plugins\/seo\/ -->\n<title>Puntos de venta y servicio - Electrolux Professional Latin America<\/title>\n<meta name=\"description\" content=\"Puntos de venta y servicio Electrolux Professional. Estamos preparados y comprometidos a tu disposici\u00f3n con una red \u00fanica de ventas y servicios que te har\u00e1n la vida m\u00e1s f\u00e1cil. La presencia de nuestros distribuidores y socios se extiende por todo el mundo.\" \/>\n<meta name=\"robots\" content=\"index, follow, max-snippet:-1, max-image-preview:large, max-video-preview:-1\" \/>\n<link rel=\"canonical\" href=\"https:\/\/www.electroluxprofessional.com\/la\/puntos-de-venta-y-servicio\/\" \/>\n<meta property=\"og:locale\" content=\"es_MX\" \/>\n<meta property=\"og:type\" content=\"article\" \/>\n<meta property=\"og:title\" content=\"Puntos de venta y servicio - Electrolux Professional Latin America\" \/>\n<meta property=\"og:description\" content=\"Puntos de venta y servicio Electrolux Professional. Estamos preparados y comprometidos a tu disposici\u00f3n con una red \u00fanica de ventas y servicios que te har\u00e1n la vida m\u00e1s f\u00e1cil. La presencia de nuestros distribuidores y socios se extiende por todo el mundo.\" \/>\n<meta property=\"og:url\" content=\"https:\/\/www.electroluxprofessional.com\/la\/puntos-de-venta-y-servicio\/\" \/>\n<meta property=\"og:site_name\" content=\"Electrolux Professional Latin America\" \/>\n<meta property=\"article:modified_time\" content=\"2025-06-03T09:12:23+00:00\" \/>\n<meta name=\"twitter:card\" content=\"summary_large_image\" \/>\n<meta name=\"twitter:label1\" content=\"Tiempo de lectura\" \/>\n\t<meta name=\"twitter:data1\" content=\"1 minuto\" \/>\n<script type=\"application\/ld+json\" class=\"yoast-schema-graph\">{\"@context\":\"https:\/\/schema.org\",\"@graph\":[{\"@type\":\"WebPage\",\"@id\":\"https:\/\/www.electroluxprofessional.com\/la\/puntos-de-venta-y-servicio\/\",\"url\":\"https:\/\/www.electroluxprofessional.com\/la\/puntos-de-venta-y-servicio\/\",\"name\":\"Puntos de venta y servicio - Electrolux Professional Latin America\",\"isPartOf\":{\"@id\":\"https:\/\/www.electroluxprofessional.com\/la\/#website\"},\"datePublished\":\"2025-02-26T14:34:44+00:00\",\"dateModified\":\"2025-06-03T09:12:23+00:00\",\"description\":\"Puntos de venta y servicio Electrolux Professional. Estamos preparados y comprometidos a tu disposici\u00f3n con una red \u00fanica de ventas y servicios que te har\u00e1n la vida m\u00e1s f\u00e1cil. La presencia de nuestros distribuidores y socios se extiende por todo el mundo.\",\"breadcrumb\":{\"@id\":\"https:\/\/www.electroluxprofessional.com\/la\/puntos-de-venta-y-servicio\/#breadcrumb\"},\"inLanguage\":\"es\",\"potentialAction\":[{\"@type\":\"ReadAction\",\"target\":[\"https:\/\/www.electroluxprofessional.com\/la\/puntos-de-venta-y-servicio\/\"]}]},{\"@type\":\"BreadcrumbList\",\"@id\":\"https:\/\/www.electroluxprofessional.com\/la\/puntos-de-venta-y-servicio\/#breadcrumb\",\"itemListElement\":[{\"@type\":\"ListItem\",\"position\":1,\"name\":\"Home\",\"item\":\"https:\/\/www.electroluxprofessional.com\/la\/\"},{\"@type\":\"ListItem\",\"position\":2,\"name\":\"Puntos de venta y servicio\"}]},{\"@type\":\"WebSite\",\"@id\":\"https:\/\/www.electroluxprofessional.com\/la\/#website\",\"url\":\"https:\/\/www.electroluxprofessional.com\/la\/\",\"name\":\"Electrolux Professional Latin America\",\"description\":\"Equipamiento cocinas profesionales y lavander\u00edas comerciales. Excelencia en el suministro de soluciones profesionales.\",\"potentialAction\":[{\"@type\":\"SearchAction\",\"target\":{\"@type\":\"EntryPoint\",\"urlTemplate\":\"https:\/\/www.electroluxprofessional.com\/la\/?src={search_term_string}\"},\"query-input\":\"required name=search_term_string\"}],\"inLanguage\":\"es\"}]}<\/script>\n<!-- \/ Yoast SEO plugin. -->","yoast_head_json":{"title":"Puntos de venta y servicio - Electrolux Professional Latin America","description":"Puntos de venta y servicio Electrolux Professional. Estamos preparados y comprometidos a tu disposici\u00f3n con una red \u00fanica de ventas y servicios que te har\u00e1n la vida m\u00e1s f\u00e1cil. La presencia de nuestros distribuidores y socios se extiende por todo el mundo.","robots":{"index":"index","follow":"follow","max-snippet":"max-snippet:-1","max-image-preview":"max-image-preview:large","max-video-preview":"max-video-preview:-1"},"canonical":"https:\/\/www.electroluxprofessional.com\/la\/puntos-de-venta-y-servicio\/","og_locale":"es_MX","og_type":"article","og_title":"Puntos de venta y servicio - Electrolux Professional Latin America","og_description":"Puntos de venta y servicio Electrolux Professional. Estamos preparados y comprometidos a tu disposici\u00f3n con una red \u00fanica de ventas y servicios que te har\u00e1n la vida m\u00e1s f\u00e1cil. La presencia de nuestros distribuidores y socios se extiende por todo el mundo.","og_url":"https:\/\/www.electroluxprofessional.com\/la\/puntos-de-venta-y-servicio\/","og_site_name":"Electrolux Professional Latin America","article_modified_time":"2025-06-03T09:12:23+00:00","twitter_card":"summary_large_image","twitter_misc":{"Tiempo de lectura":"1 minuto"},"schema":{"@context":"https:\/\/schema.org","@graph":[{"@type":"WebPage","@id":"https:\/\/www.electroluxprofessional.com\/la\/puntos-de-venta-y-servicio\/","url":"https:\/\/www.electroluxprofessional.com\/la\/puntos-de-venta-y-servicio\/","name":"Puntos de venta y servicio - Electrolux Professional Latin America","isPartOf":{"@id":"https:\/\/www.electroluxprofessional.com\/la\/#website"},"datePublished":"2025-02-26T14:34:44+00:00","dateModified":"2025-06-03T09:12:23+00:00","description":"Puntos de venta y servicio Electrolux Professional. Estamos preparados y comprometidos a tu disposici\u00f3n con una red \u00fanica de ventas y servicios que te har\u00e1n la vida m\u00e1s f\u00e1cil. La presencia de nuestros distribuidores y socios se extiende por todo el mundo.","breadcrumb":{"@id":"https:\/\/www.electroluxprofessional.com\/la\/puntos-de-venta-y-servicio\/#breadcrumb"},"inLanguage":"es","potentialAction":[{"@type":"ReadAction","target":["https:\/\/www.electroluxprofessional.com\/la\/puntos-de-venta-y-servicio\/"]}]},{"@type":"BreadcrumbList","@id":"https:\/\/www.electroluxprofessional.com\/la\/puntos-de-venta-y-servicio\/#breadcrumb","itemListElement":[{"@type":"ListItem","position":1,"name":"Home","item":"https:\/\/www.electroluxprofessional.com\/la\/"},{"@type":"ListItem","position":2,"name":"Puntos de venta y servicio"}]},{"@type":"WebSite","@id":"https:\/\/www.electroluxprofessional.com\/la\/#website","url":"https:\/\/www.electroluxprofessional.com\/la\/","name":"Electrolux Professional Latin America","description":"Equipamiento cocinas profesionales y lavander\u00edas comerciales. Excelencia en el suministro de soluciones profesionales.","potentialAction":[{"@type":"SearchAction","target":{"@type":"EntryPoint","urlTemplate":"https:\/\/www.electroluxprofessional.com\/la\/?src={search_term_string}"},"query-input":"required name=search_term_string"}],"inLanguage":"es"}]}},"_links":{"self":[{"href":"https:\/\/www.electroluxprofessional.com\/la\/wp-json\/wp\/v2\/pages\/15759"}],"collection":[{"href":"https:\/\/www.electroluxprofessional.com\/la\/wp-json\/wp\/v2\/pages"}],"about":[{"href":"https:\/\/www.electroluxprofessional.com\/la\/wp-json\/wp\/v2\/types\/page"}],"author":[{"embeddable":true,"href":"https:\/\/www.electroluxprofessional.com\/la\/wp-json\/wp\/v2\/users\/39"}],"replies":[{"embeddable":true,"href":"https:\/\/www.electroluxprofessional.com\/la\/wp-json\/wp\/v2\/comments?post=15759"}],"version-history":[{"count":2,"href":"https:\/\/www.electroluxprofessional.com\/la\/wp-json\/wp\/v2\/pages\/15759\/revisions"}],"predecessor-version":[{"id":16313,"href":"https:\/\/www.electroluxprofessional.com\/la\/wp-json\/wp\/v2\/pages\/15759\/revisions\/16313"}],"wp:attachment":[{"href":"https:\/\/www.electroluxprofessional.com\/la\/wp-json\/wp\/v2\/media?parent=15759"}],"curies":[{"name":"wp","href":"https:\/\/api.w.org\/{rel}","templated":true}]}}