{"id":15675,"date":"2025-02-25T10:00:55","date_gmt":"2025-02-25T10:00:55","guid":{"rendered":"https:\/\/www.electroluxprofessional.com\/la\/?page_id=15675"},"modified":"2025-11-05T16:32:36","modified_gmt":"2025-11-05T16:32:36","slug":"lavadoras-de-barrera-sanitaria-linea-6000","status":"publish","type":"page","link":"https:\/\/www.electroluxprofessional.com\/la\/lavadoras-de-barrera-sanitaria-linea-6000\/","title":{"rendered":"Lavadoras de barrera sanitaria"},"content":{"rendered":"<p>[vc_row full_width=&#8221;electroluxpro-full-width-no-padding&#8221;][vc_column][vc_single_image image=&#8221;5600&#8243; img_size=&#8221;2000*350&#8243; alignment=&#8221;center&#8221;][\/vc_column][\/vc_row][vc_row][vc_column][vc_empty_space][elx_text_image tag_title=&#8221;h1&#8243; style_image=&#8221;image_square&#8221; bg_row=&#8221;bg-download-white&#8221; lists=&#8221;%5B%7B%7D%5D&#8221; values=&#8221;%5B%7B%7D%5D&#8221; link=&#8221;url:%23products|title:IR%20A%20PRODUCTS&#8221; single_image=&#8221;15671&#8243; title=&#8221;L\u00ednea 6000<br \/>\nLavadoras de barrera sanitaria&#8221; subtitle=&#8221;Control total de la contaminaci\u00f3n en entornos delicados de lavander\u00eda.&#8221;]Utiliza programas de gesti\u00f3n del ciclo de lavado a prueba de fallos en las aplicaciones de alto riesgo. Una amplia gama de lavadoras de barrera sanitaria de alta productividad, dise\u00f1adas para evitar los errores humanos y la contaminaci\u00f3n accidental.[\/elx_text_image][vc_empty_space][\/vc_column][\/vc_row][vc_row full_width=&#8221;electroluxpro-full-width-no-padding&#8221;][vc_column][elx_features_download title=&#8221;&#8221; title_download=&#8221;Descargar&#8221; title_discover=&#8221;Descubre&#8221; title_position=&#8221;top&#8221; bg_row=&#8221;bg-row-sustainability-green&#8221; values=&#8221;%5B%7B%22select_type%22%3A%22link%22%7D%5D&#8221; discover=&#8221;%5B%7B%7D%5D&#8221; features=&#8221;%5B%7B%22icon_electroluxpro%22%3A%22elx-icon%20icon-50-water-savings-white%22%2C%22title_icon%22%3A%22Ahorro%20de%20agua%22%2C%22text_icon%22%3A%22Reduce%20el%20consumo%20de%20agua%20en%20un%2050%25%20con%20una%20lavadora%20de%20barrera%20equipada%20con%20una%20segunda%20v%C3%A1lvula%20de%20desag%C3%BCe.%22%7D%5D&#8221;][\/elx_features_download][\/vc_column][\/vc_row][vc_row full_width=&#8221;electroluxpro-full-width-no-padding&#8221;][vc_column][elx_features_download title=&#8221;Mayor facilidad de uso, seguridad superior&#8221; tag_title=&#8221;h2&#8243; title_download=&#8221;Descargar&#8221; title_discover=&#8221;Descubre&#8221; bg_discover_color=&#8221;bg-download-white&#8221; link_discover_color=&#8221;download-text-blue&#8221; title_position=&#8221;top&#8221; bg_row=&#8221;bg-row-light-blue&#8221; values=&#8221;%5B%7B%22select_type%22%3A%22link%22%2C%22link_download%22%3A%22url%3Ahttps%253A%252F%252Fwww.electroluxprofessional.com%252Fes%252Fwp-content%252Fuploads%252F2024%252F03%252F2018418LO-24-brochure-Evolution2-barrierWashers_ES_BAJA.pdf%7Ctitle%3AL%25C3%25ADnea%25206000%2520Lavadoras%2520de%2520Barrera%2520Evolution%7Ctarget%3A_blank%22%7D%2C%7B%22select_type%22%3A%22link%22%2C%22link_download%22%3A%22url%3Ahttps%253A%252F%252Fwww.electroluxprofessional.com%252Fes%252Fwp-content%252Fuploads%252F2024%252F03%252FEPR-leaflet-pullman-barrier-washer-ES-20230919_Low-res.pdf%7Ctitle%3AL%25C3%25ADnea%25206000%2520Pullman%7Ctarget%3A_blank%22%7D%2C%7B%22select_type%22%3A%22link%22%2C%22link_download%22%3A%22url%3Ahttps%253A%252F%252Fwww.electroluxprofessional.com%252Fes%252Fwp-content%252Fuploads%252F2024%252F03%252FElectrolux_WhitePaper_CleaningSolution_ES.pdf%7Ctitle%3AFolleto%2520Limpiar%252C%2520Higienizar%252C%2520Descontaminar%7Ctarget%3A_blank%22%7D%5D&#8221; discover=&#8221;%5B%7B%22link_discover%22%3A%22url%3Ahttps%253A%252F%252Fwww.electroluxprofessional.com%252Fla%252Fcuidado-hospitales%252F%7Ctitle%3AHospital%253A%2520Higiene%2520sin%2520concesiones%7Ctarget%3A_blank%22%7D%2C%7B%22link_discover%22%3A%22url%3Ahttps%253A%252F%252Fwww.electroluxprofessional.com%252Fla%252Ftu-negocio-bomberos%252F%7Ctitle%3ABomberos%253A%2520Proteger%2520a%2520los%2520protectores%7Ctarget%3A_blank%22%7D%2C%7B%22link_discover%22%3A%22url%3Ahttps%253A%252F%252Fwww.electroluxprofessional.com%252Fes%252Fcustomer-care%252F%7Ctitle%3AEssentia%253A%2520el%2520coraz%25C3%25B3n%2520del%2520servicio%2520al%2520cliente%7Ctarget%3A_blank%22%7D%5D&#8221; features=&#8221;%5B%7B%22icon_electroluxpro%22%3A%22elx-icon%20icon-circle-safe-blue%22%2C%22title_icon%22%3A%22M%C3%A1xima%20higiene%20en%20aplicaciones%20sanitarias%5Cn%22%2C%22text_icon%22%3A%22S%C3%B3lidas%20medidas%20de%20prevenci%C3%B3n%20de%20infecciones%20para%20eliminar%20el%20riesgo%20de%20contaminaci%C3%B3n%22%7D%2C%7B%22icon_electroluxpro%22%3A%22elx-icon%20icon-circle-ergonomics-blue%22%2C%22title_icon%22%3A%22Apoyo%20al%20operario%20en%20lavander%C3%ADas%20de%20alto%20rendimiento%22%2C%22text_icon%22%3A%22Tambor%20de%20doble%20partici%C3%B3n%20y%20posicionamiento%20autom%C3%A1tico%20para%20facilitar%20la%20manipulaci%C3%B3n%20manual%20de%20cargas%20pesadas%22%7D%2C%7B%22icon_electroluxpro%22%3A%22elx-icon%20icon-circle-easy-blue%22%2C%22title_icon%22%3A%22Control%20inteligente%22%2C%22text_icon%22%3A%22Interfaz%20intuitiva%20en%20zonas%20sucias%20y%20limpias%20para%20una%20desinfecci%C3%B3n%20a%20prueba%20de%20fallos%22%7D%5D&#8221;][\/elx_features_download][\/vc_column][\/vc_row][vc_row][vc_column][elx_text_image number_images=&#8221;n&#8221; style_image=&#8221;image_horizontal&#8221; image_position=&#8221;image_left&#8221; bg_row=&#8221;bg-download-white&#8221; title=&#8221;M\u00e1xima higiene en centros sanitarios&#8221; lists=&#8221;%5B%7B%7D%5D&#8221; values=&#8221;%5B%7B%7D%5D&#8221; multi_images=&#8221;15674&#8243;]La tecnolog\u00eda de lavado de barrera sanitaria ayuda a evitar la propagaci\u00f3n de infecciones mediante una gesti\u00f3n del ciclo de lavado eficaz y repetible.<br \/>\nLas lavadoras de barrera sanitaria L\u00ednea 6000 proporcionan una barrera f\u00edsica entre las zonas sucia y limpia de la lavander\u00eda y se enrasan con la pared para facilitar la limpieza.<\/p>\n<div class=\"row\">\n<div class=\"col-md-10\"><img loading=\"lazy\" decoding=\"async\" class=\"alignleft wp-image-15797 size-full\" src=\"https:\/\/www.electroluxprofessional.com\/la\/wp-content\/uploads\/2025\/02\/HygieneWatch_png.jpg\" alt=\"\" width=\"132\" height=\"130\" \/>La funci\u00f3n <strong>Hygiene Watchdog<\/strong> impide la apertura accidental de las puertas para que no haya contaminaci\u00f3n cruzada<\/div>\n<\/div>\n<p>[\/elx_text_image][\/vc_column][\/vc_row][vc_row][vc_column][elx_text_image style_image=&#8221;image_square&#8221; bg_row=&#8221;bg-download-white&#8221; title=&#8221;Respaldo al operador en lavander\u00edas de alta producci\u00f3n&#8221; lists=&#8221;%5B%7B%7D%5D&#8221; values=&#8221;%5B%7B%7D%5D&#8221; single_image=&#8221;15672&#8243;]Todas las lavadoras de barrera sanitaria L\u00ednea 6000 poseen la certificaci\u00f3n ErgoCert de 4 estrellas y tienen puertas de altura \u00f3ptima con tiradores ergon\u00f3micos para facilitar la carga y descarga.<\/p>\n<p>Los modelos de capacidad superior a 50 kg llevan un tambor con doble compartimento que al final de cada ciclo queda autom\u00e1ticamente en la posici\u00f3n de descarga correcta.<\/p>\n<div class=\"row\">\n<p><img loading=\"lazy\" decoding=\"async\" class=\"size-full wp-image-15796 alignleft\" src=\"https:\/\/www.electroluxprofessional.com\/la\/wp-content\/uploads\/2025\/02\/AutoInner_png.jpg\" alt=\"\" width=\"132\" height=\"130\" \/>La funci\u00f3n <strong>Auto Inner Door Opening<\/strong> ofrece m\u00e1xima seguridad al operador gracias a la preapertura de las puertas interiores del tambor al final de cada ciclo de lavado.<\/p>\n<\/div>\n<p>[\/elx_text_image][\/vc_column][\/vc_row][vc_row][vc_column][elx_text_image style_image=&#8221;image_square&#8221; image_position=&#8221;image_left&#8221; bg_row=&#8221;bg-download-white&#8221; title=&#8221;Control inteligente*&#8221; lists=&#8221;%5B%7B%7D%5D&#8221; values=&#8221;%5B%7B%7D%5D&#8221; single_image=&#8221;15673&#8243;]El nuevo Clarus Vibe* es el panel de control m\u00e1s intuitivo de Electrolux Professional.<br \/>\nLleva preajustados diversos programas intuitivos para aumentar la productividad y reducir los costes de funcionamiento.<br \/>\nLas lavadoras de barrera sanitaria tienen pantallas espec\u00edficas en el lado limpio y el lado sucio para que los operadores no tengan que pasar de una zona a otra.<\/p>\n<p>* Solo disponible en la L\u00ednea Pullman[\/elx_text_image][vc_empty_space height=&#8221;50px&#8221;][\/vc_column][\/vc_row][vc_row css=&#8221;.vc_custom_1695306084113{background-color: rgba(136,184,204,0.8) !important;*background-color: rgb(136,184,204) !important;}&#8221;][vc_column][elx_heading text_color=&#8221;inherit&#8221;]D\u00f3nde puedes encontrar nuestras soluciones de barrera sanitaria[\/elx_heading][vc_empty_space height=&#8221;50px&#8221;][\/vc_column][\/vc_row][vc_row css=&#8221;.vc_custom_1554732161793{background-color: rgba(136,184,204,0.8) !important;*background-color: rgb(136,184,204) !important;}&#8221;][vc_column width=&#8221;1\/3&#8243;][elx_simple_link_block link=&#8221;url:https%3A%2F%2Fwww.electroluxprofessional.com%2Fla%2Fresidencias%2F|title:Residencias|target:_blank&#8221; text_align=&#8221;text-left&#8221; text_color=&#8221;inherit&#8221; background_color=&#8221;inherit&#8221; background_hover_color=&#8221;darker-hover&#8221; extra_class=&#8221;&#8221; reveal_effect=&#8221;&#8221; reveal_duration=&#8221;&#8221; reveal_delay=&#8221;&#8221;][vc_single_image image=&#8221;15668&#8243; img_size=&#8221;full&#8221; onclick=&#8221;custom_link&#8221;][elx_heading font_container=&#8221;h3&#8243; text_color=&#8221;inherit&#8221;]Centros sanitarios[\/elx_heading][vc_column_text]Aseguran el cumplimiento de los requisitos higi\u00e9nicos m\u00e1s exigentes y minimizan el riesgo de infecci\u00f3n en gran variedad de entornos de asistencia social y sanitaria.[\/vc_column_text][\/elx_simple_link_block][\/vc_column][vc_column width=&#8221;1\/3&#8243;][elx_simple_link_block link=&#8221;url:https%3A%2F%2Fwww.electroluxprofessional.com%2Fla%2Ftu-negocio-bomberos%2F|target:_blank&#8221; text_align=&#8221;text-left&#8221; text_color=&#8221;inherit&#8221; background_color=&#8221;inherit&#8221; background_hover_color=&#8221;darker-hover&#8221; extra_class=&#8221;&#8221; reveal_effect=&#8221;&#8221; reveal_duration=&#8221;&#8221; reveal_delay=&#8221;&#8221;][vc_single_image image=&#8221;15669&#8243; img_size=&#8221;full&#8221; onclick=&#8221;custom_link&#8221; img_link_target=&#8221;_blank&#8221;][elx_heading font_container=&#8221;h3&#8243; text_color=&#8221;inherit&#8221;]Bomberos[\/elx_heading][vc_column_text]Efect\u00faan una limpieza segura de los uniformes y los equipos de protecci\u00f3n tras la exposici\u00f3n a carcin\u00f3genos y otras sustancias t\u00f3xicas.[\/vc_column_text][\/elx_simple_link_block][\/vc_column][vc_column reveal_effect=&#8221;&#8221; width=&#8221;1\/3&#8243;][elx_simple_link_block link=&#8221;url:https%3A%2F%2Fwww.electroluxprofessional.com%2Fla%2Fsala-blanca%2F|target:_blank&#8221; text_align=&#8221;text-left&#8221; text_color=&#8221;inherit&#8221; background_color=&#8221;inherit&#8221; background_hover_color=&#8221;darker-hover&#8221; extra_class=&#8221;&#8221; reveal_effect=&#8221;&#8221; reveal_duration=&#8221;&#8221; reveal_delay=&#8221;&#8221;][vc_single_image image=&#8221;15670&#8243; img_size=&#8221;full&#8221;][elx_heading font_container=&#8221;h3&#8243; text_color=&#8221;inherit&#8221;]Salas limpias[\/elx_heading][vc_column_text]Ayudan a respetar estrictas normas de limpieza en instalaciones de fabricaci\u00f3n avanzadas con entornos de funcionamiento hipersensibles.[\/vc_column_text][\/elx_simple_link_block][\/vc_column][\/vc_row][vc_row][vc_column][vc_empty_space height=&#8221;50px&#8221;][\/vc_column][\/vc_row][vc_row el_id=&#8221;products&#8221;][vc_column]<div class=\"com21-product-filter-container 46\">[\/vc_column][\/vc_row][vc_row][vc_column][vc_column_text][\/vc_column_text][\/vc_column][\/vc_row][vc_row full_width=&#8221;electroluxpro-full-width-no-padding&#8221;][vc_column][elx_features_download title=&#8221;Essentia: el coraz\u00f3n de la mejor atenci\u00f3n al cliente&#8221; title_download=&#8221;&#8221; title_discover=&#8221;&#8221; bg_row=&#8221;bg-row-light-blue&#8221; values=&#8221;%5B%7B%22select_type%22%3A%22link%22%2C%22link_download%22%3A%22url%3Ahttps%253A%252F%252Fwww.electroluxprofessional.com%252Fwp-content%252Fuploads%252F2022%252F01%252FCLF_CLF-9JE00193_1_5_1_5_EPR_Essentia_Service-agreements_2020_ENG_LR.pdf%253F_gl%253D1*13k39qu*_up*MQ..*_ga*MTU0ODQ3NTIwMi4xNzQ0MTg0MTg2*_ga_MNVYVN9CET*MTc0NDE4NDE4Ni4xLjAuMTc0NDE4NDE4Ni4wLjAuMA..*_ga_28J7B14W8H*MTc0NDE4NDE4Ni4xLjAuMTc0NDE4NDE4Ni4wLjAuMA..%7Ctitle%3ADescubre%2520Essentia%7Ctarget%3A_blank%22%7D%5D&#8221; discover=&#8221;%5B%7B%7D%5D&#8221; features=&#8221;%5B%7B%7D%5D&#8221;]Essentia: el coraz\u00f3n de la mejor atenci\u00f3n al cliente Ofrece la asistencia que necesitas y se ocupa de los procesos a trav\u00e9s de una red de servicios fiable, una gama de servicios exclusivos a medida y una tecnolog\u00eda innovadora.[\/elx_features_download][\/vc_column][\/vc_row][vc_row][vc_column][elx_heading text_color=&#8221;inherit&#8221;]Contacta con nosotros para descubrir lo que las lavadoras de barrera sanitaria pueden hacer por tu negocio[\/elx_heading][elx_o2000_contact_us s=&#8221;{customtag:16}&#8221; b=&#8221;laundry&#8221; container=&#8221;elxcontactus1478690541&#8243; r=&#8221;{customtag:17}&#8221;][vc_empty_space height=&#8221;50px&#8221;][\/vc_column][\/vc_row]<\/p>\n","protected":false},"excerpt":{"rendered":"<p>[vc_row full_width=&#8221;electroluxpro-full-width-no-padding&#8221;][vc_column][vc_single_image image=&#8221;5600&#8243; img_size=&#8221;2000*350&#8243; alignment=&#8221;center&#8221;][\/vc_column][\/vc_row][vc_row][vc_column][vc_empty_space][elx_text_image tag_title=&#8221;h1&#8243; style_image=&#8221;image_square&#8221; bg_row=&#8221;bg-download-white&#8221; lists=&#8221;%5B%7B%7D%5D&#8221; values=&#8221;%5B%7B%7D%5D&#8221; link=&#8221;url:%23products|title:IR%20A%20PRODUCTS&#8221; single_image=&#8221;15671&#8243; title=&#8221;L\u00ednea 6000 Lavadoras de barrera sanitaria&#8221; subtitle=&#8221;Control total de la contaminaci\u00f3n en entornos delicados de lavander\u00eda.&#8221;]Utiliza programas de gesti\u00f3n del ciclo de lavado a prueba de fallos en las aplicaciones de alto riesgo. Una amplia gama de lavadoras de barrera sanitaria de alta [&hellip;]<\/p>\n","protected":false},"author":39,"featured_media":15667,"parent":0,"menu_order":0,"comment_status":"closed","ping_status":"closed","template":"","meta":{"footnotes":""},"class_list":["post-15675","page","type-page","status-publish","has-post-thumbnail","hentry"],"acf":[],"yoast_head":"<!-- This site is optimized with the Yoast SEO plugin v23.3 - https:\/\/yoast.com\/wordpress\/plugins\/seo\/ -->\n<title>Lavadoras de barrera sanitaria - Electrolux Professional Latin America<\/title>\n<meta name=\"description\" content=\"The new Line 6000 barrier washers prevent cross contamination providing unparalleled productivity and outstanding performances to your barrier laundry process.\" \/>\n<meta name=\"robots\" content=\"index, follow, max-snippet:-1, max-image-preview:large, max-video-preview:-1\" \/>\n<link rel=\"canonical\" href=\"https:\/\/www.electroluxprofessional.com\/la\/lavadoras-de-barrera-sanitaria-linea-6000\/\" \/>\n<meta property=\"og:locale\" content=\"es_MX\" \/>\n<meta property=\"og:type\" content=\"article\" \/>\n<meta property=\"og:title\" content=\"Lavadoras de barrera sanitaria - Electrolux Professional Latin America\" \/>\n<meta property=\"og:description\" content=\"The new Line 6000 barrier washers prevent cross contamination providing unparalleled productivity and outstanding performances to your barrier laundry process.\" \/>\n<meta property=\"og:url\" content=\"https:\/\/www.electroluxprofessional.com\/la\/lavadoras-de-barrera-sanitaria-linea-6000\/\" \/>\n<meta property=\"og:site_name\" content=\"Electrolux Professional Latin America\" \/>\n<meta property=\"article:modified_time\" content=\"2025-11-05T16:32:36+00:00\" \/>\n<meta name=\"twitter:card\" content=\"summary_large_image\" \/>\n<meta name=\"twitter:image\" content=\"https:\/\/www.electroluxprofessional.com\/la\/wp-content\/uploads\/2025\/02\/side-load-barrier-washer-banner.jpg\" \/>\n<meta name=\"twitter:label1\" content=\"Tiempo de lectura\" \/>\n\t<meta name=\"twitter:data1\" content=\"4 minutos\" \/>\n<script type=\"application\/ld+json\" class=\"yoast-schema-graph\">{\"@context\":\"https:\/\/schema.org\",\"@graph\":[{\"@type\":\"WebPage\",\"@id\":\"https:\/\/www.electroluxprofessional.com\/la\/lavadoras-de-barrera-sanitaria-linea-6000\/\",\"url\":\"https:\/\/www.electroluxprofessional.com\/la\/lavadoras-de-barrera-sanitaria-linea-6000\/\",\"name\":\"Lavadoras de barrera sanitaria - Electrolux Professional Latin America\",\"isPartOf\":{\"@id\":\"https:\/\/www.electroluxprofessional.com\/la\/#website\"},\"primaryImageOfPage\":{\"@id\":\"https:\/\/www.electroluxprofessional.com\/la\/lavadoras-de-barrera-sanitaria-linea-6000\/#primaryimage\"},\"image\":{\"@id\":\"https:\/\/www.electroluxprofessional.com\/la\/lavadoras-de-barrera-sanitaria-linea-6000\/#primaryimage\"},\"thumbnailUrl\":\"https:\/\/www.electroluxprofessional.com\/la\/wp-content\/uploads\/2025\/02\/side-load-barrier-washer-banner.jpg\",\"datePublished\":\"2025-02-25T10:00:55+00:00\",\"dateModified\":\"2025-11-05T16:32:36+00:00\",\"description\":\"The new Line 6000 barrier washers prevent cross contamination providing unparalleled productivity and outstanding performances to your barrier laundry process.\",\"breadcrumb\":{\"@id\":\"https:\/\/www.electroluxprofessional.com\/la\/lavadoras-de-barrera-sanitaria-linea-6000\/#breadcrumb\"},\"inLanguage\":\"es\",\"potentialAction\":[{\"@type\":\"ReadAction\",\"target\":[\"https:\/\/www.electroluxprofessional.com\/la\/lavadoras-de-barrera-sanitaria-linea-6000\/\"]}]},{\"@type\":\"ImageObject\",\"inLanguage\":\"es\",\"@id\":\"https:\/\/www.electroluxprofessional.com\/la\/lavadoras-de-barrera-sanitaria-linea-6000\/#primaryimage\",\"url\":\"https:\/\/www.electroluxprofessional.com\/la\/wp-content\/uploads\/2025\/02\/side-load-barrier-washer-banner.jpg\",\"contentUrl\":\"https:\/\/www.electroluxprofessional.com\/la\/wp-content\/uploads\/2025\/02\/side-load-barrier-washer-banner.jpg\",\"width\":1200,\"height\":799},{\"@type\":\"BreadcrumbList\",\"@id\":\"https:\/\/www.electroluxprofessional.com\/la\/lavadoras-de-barrera-sanitaria-linea-6000\/#breadcrumb\",\"itemListElement\":[{\"@type\":\"ListItem\",\"position\":1,\"name\":\"Home\",\"item\":\"https:\/\/www.electroluxprofessional.com\/la\/\"},{\"@type\":\"ListItem\",\"position\":2,\"name\":\"Lavadoras de barrera sanitaria\"}]},{\"@type\":\"WebSite\",\"@id\":\"https:\/\/www.electroluxprofessional.com\/la\/#website\",\"url\":\"https:\/\/www.electroluxprofessional.com\/la\/\",\"name\":\"Electrolux Professional Latin America\",\"description\":\"Equipamiento cocinas profesionales y lavander\u00edas comerciales. Excelencia en el suministro de soluciones profesionales.\",\"potentialAction\":[{\"@type\":\"SearchAction\",\"target\":{\"@type\":\"EntryPoint\",\"urlTemplate\":\"https:\/\/www.electroluxprofessional.com\/la\/?src={search_term_string}\"},\"query-input\":\"required name=search_term_string\"}],\"inLanguage\":\"es\"}]}<\/script>\n<!-- \/ Yoast SEO plugin. -->","yoast_head_json":{"title":"Lavadoras de barrera sanitaria - Electrolux Professional Latin America","description":"The new Line 6000 barrier washers prevent cross contamination providing unparalleled productivity and outstanding performances to your barrier laundry process.","robots":{"index":"index","follow":"follow","max-snippet":"max-snippet:-1","max-image-preview":"max-image-preview:large","max-video-preview":"max-video-preview:-1"},"canonical":"https:\/\/www.electroluxprofessional.com\/la\/lavadoras-de-barrera-sanitaria-linea-6000\/","og_locale":"es_MX","og_type":"article","og_title":"Lavadoras de barrera sanitaria - Electrolux Professional Latin America","og_description":"The new Line 6000 barrier washers prevent cross contamination providing unparalleled productivity and outstanding performances to your barrier laundry process.","og_url":"https:\/\/www.electroluxprofessional.com\/la\/lavadoras-de-barrera-sanitaria-linea-6000\/","og_site_name":"Electrolux Professional Latin America","article_modified_time":"2025-11-05T16:32:36+00:00","twitter_card":"summary_large_image","twitter_image":"https:\/\/www.electroluxprofessional.com\/la\/wp-content\/uploads\/2025\/02\/side-load-barrier-washer-banner.jpg","twitter_misc":{"Tiempo de lectura":"4 minutos"},"schema":{"@context":"https:\/\/schema.org","@graph":[{"@type":"WebPage","@id":"https:\/\/www.electroluxprofessional.com\/la\/lavadoras-de-barrera-sanitaria-linea-6000\/","url":"https:\/\/www.electroluxprofessional.com\/la\/lavadoras-de-barrera-sanitaria-linea-6000\/","name":"Lavadoras de barrera sanitaria - Electrolux Professional Latin America","isPartOf":{"@id":"https:\/\/www.electroluxprofessional.com\/la\/#website"},"primaryImageOfPage":{"@id":"https:\/\/www.electroluxprofessional.com\/la\/lavadoras-de-barrera-sanitaria-linea-6000\/#primaryimage"},"image":{"@id":"https:\/\/www.electroluxprofessional.com\/la\/lavadoras-de-barrera-sanitaria-linea-6000\/#primaryimage"},"thumbnailUrl":"https:\/\/www.electroluxprofessional.com\/la\/wp-content\/uploads\/2025\/02\/side-load-barrier-washer-banner.jpg","datePublished":"2025-02-25T10:00:55+00:00","dateModified":"2025-11-05T16:32:36+00:00","description":"The new Line 6000 barrier washers prevent cross contamination providing unparalleled productivity and outstanding performances to your barrier laundry process.","breadcrumb":{"@id":"https:\/\/www.electroluxprofessional.com\/la\/lavadoras-de-barrera-sanitaria-linea-6000\/#breadcrumb"},"inLanguage":"es","potentialAction":[{"@type":"ReadAction","target":["https:\/\/www.electroluxprofessional.com\/la\/lavadoras-de-barrera-sanitaria-linea-6000\/"]}]},{"@type":"ImageObject","inLanguage":"es","@id":"https:\/\/www.electroluxprofessional.com\/la\/lavadoras-de-barrera-sanitaria-linea-6000\/#primaryimage","url":"https:\/\/www.electroluxprofessional.com\/la\/wp-content\/uploads\/2025\/02\/side-load-barrier-washer-banner.jpg","contentUrl":"https:\/\/www.electroluxprofessional.com\/la\/wp-content\/uploads\/2025\/02\/side-load-barrier-washer-banner.jpg","width":1200,"height":799},{"@type":"BreadcrumbList","@id":"https:\/\/www.electroluxprofessional.com\/la\/lavadoras-de-barrera-sanitaria-linea-6000\/#breadcrumb","itemListElement":[{"@type":"ListItem","position":1,"name":"Home","item":"https:\/\/www.electroluxprofessional.com\/la\/"},{"@type":"ListItem","position":2,"name":"Lavadoras de barrera sanitaria"}]},{"@type":"WebSite","@id":"https:\/\/www.electroluxprofessional.com\/la\/#website","url":"https:\/\/www.electroluxprofessional.com\/la\/","name":"Electrolux Professional Latin America","description":"Equipamiento cocinas profesionales y lavander\u00edas comerciales. Excelencia en el suministro de soluciones profesionales.","potentialAction":[{"@type":"SearchAction","target":{"@type":"EntryPoint","urlTemplate":"https:\/\/www.electroluxprofessional.com\/la\/?src={search_term_string}"},"query-input":"required name=search_term_string"}],"inLanguage":"es"}]}},"_links":{"self":[{"href":"https:\/\/www.electroluxprofessional.com\/la\/wp-json\/wp\/v2\/pages\/15675"}],"collection":[{"href":"https:\/\/www.electroluxprofessional.com\/la\/wp-json\/wp\/v2\/pages"}],"about":[{"href":"https:\/\/www.electroluxprofessional.com\/la\/wp-json\/wp\/v2\/types\/page"}],"author":[{"embeddable":true,"href":"https:\/\/www.electroluxprofessional.com\/la\/wp-json\/wp\/v2\/users\/39"}],"replies":[{"embeddable":true,"href":"https:\/\/www.electroluxprofessional.com\/la\/wp-json\/wp\/v2\/comments?post=15675"}],"version-history":[{"count":27,"href":"https:\/\/www.electroluxprofessional.com\/la\/wp-json\/wp\/v2\/pages\/15675\/revisions"}],"predecessor-version":[{"id":16656,"href":"https:\/\/www.electroluxprofessional.com\/la\/wp-json\/wp\/v2\/pages\/15675\/revisions\/16656"}],"wp:featuredmedia":[{"embeddable":true,"href":"https:\/\/www.electroluxprofessional.com\/la\/wp-json\/wp\/v2\/media\/15667"}],"wp:attachment":[{"href":"https:\/\/www.electroluxprofessional.com\/la\/wp-json\/wp\/v2\/media?parent=15675"}],"curies":[{"name":"wp","href":"https:\/\/api.w.org\/{rel}","templated":true}]}}