{"id":15576,"date":"2025-02-25T08:08:09","date_gmt":"2025-02-25T08:08:09","guid":{"rendered":"https:\/\/www.electroluxprofessional.com\/la\/?page_id=15576"},"modified":"2025-11-05T16:45:33","modified_gmt":"2025-11-05T16:45:33","slug":"lavanderia-en-viviendas-multiples","status":"publish","type":"page","link":"https:\/\/www.electroluxprofessional.com\/la\/lavanderia-en-viviendas-multiples\/","title":{"rendered":"Lavander\u00eda en viviendas m\u00faltiples"},"content":{"rendered":"<p>[vc_row full_width=&#8221;electroluxpro-full-width-no-padding&#8221; equal_height=&#8221;yes&#8221; css=&#8221;.vc_custom_1604054607517{margin-top: -30px !important;border-top-width: -30px !important;padding-top: -30px !important;}&#8221;][vc_column][elx_full_banner title=&#8221;Lavander\u00eda en viviendas m\u00faltiples&#8221; set_as_h1=&#8221;true&#8221; background_image_media_library=&#8221;15570&#8243; background_image_media_library_mobile=&#8221;15571&#8243;][\/vc_column][\/vc_row][vc_row][vc_column][vc_empty_space][elx_heading font_size=&#8221;h2&#8243; text_color=&#8221;inherit&#8221; text_align=&#8221;text-center&#8221;]Para edificios m\u00e1s peque\u00f1os, residencias estudiantiles y lugares con espacio limitado de vida funcional[\/elx_heading][vc_empty_space][vc_column_text]<\/p>\n<p style=\"text-align: center; font-size: 22px;\">\u00bfEres el presidente de la junta de un bloque de apartamentos? \u00bfQuieres facilitarle a los dem\u00e1s residentes el hacer la lavander\u00eda? Si est\u00e1s buscando equipos fiables, f\u00e1ciles de usar, duraderos y que hagan un excelente trabajo de lavado y secado&#8230; \u00a1tenemos lo que necesitas!<\/p>\n<p>[\/vc_column_text][vc_empty_space][vc_row_inner][vc_column_inner width=&#8221;1\/2&#8243;][vc_column_text]<\/p>\n<ul>\n<li style=\"font-size: 20px;\">Edificios de apartamentos<\/li>\n<li style=\"font-size: 20px;\">Residencias estudiantiles<\/li>\n<li style=\"font-size: 20px;\">Universidades y colegios<\/li>\n<li style=\"font-size: 20px;\">Hogares estudiantiles<\/li>\n<\/ul>\n<p>[\/vc_column_text][\/vc_column_inner][vc_column_inner width=&#8221;1\/2&#8243;][vc_column_text]<\/p>\n<ul>\n<li style=\"font-size: 20px;\">Viviendas para trabajadores j\u00f3venes<\/li>\n<li style=\"font-size: 20px;\">Residencias de larga estancia para trabajadores<\/li>\n<li style=\"font-size: 20px;\">Hogares grupales<\/li>\n<\/ul>\n<p>[\/vc_column_text][\/vc_column_inner][\/vc_row_inner][vc_empty_space][\/vc_column][\/vc_row][vc_row full_width=&#8221;electroluxpro-full-width&#8221;][vc_column][elx_hero_slider text_position=&#8221;hero_slider_text_align_right&#8221; text_color=&#8221;electrolux-blue&#8221; label_text_color=&#8221;electrolux-blue&#8221; images=&#8221;15562&#8243;][elx_heading font_container=&#8221;h4&#8243; font_size=&#8221;h4&#8243; text_color=&#8221;electrolux-blue&#8221; text_align=&#8221;text-left&#8221;]Eficiencia de clase mundial al menor costo de servicios p\u00fablicos[\/elx_heading][vc_column_text]Cuando se trata de lavander\u00edas en <strong>vivienda compartida<\/strong>, la calidad significa: resultados de lavado \u00f3ptimos, tiempos de lavado cortos, bajos costos operativos y una fiabilidad inquebrantable. Por eso necesitas un socio con <strong>experiencia y conocimientos<\/strong> \u2013 alguien que conozca los electrodom\u00e9sticos profesionales al dedillo.[\/vc_column_text][\/elx_hero_slider][vc_empty_space][\/vc_column][\/vc_row][vc_row][vc_column][vc_empty_space][elx_heading font_size=&#8221;h2&#8243; text_color=&#8221;inherit&#8221; text_align=&#8221;text-center&#8221;]Soluciones a medida[\/elx_heading][vc_empty_space][vc_column_text]<\/p>\n<p style=\"text-align: center;\">Estamos aqu\u00ed para ayudarte a <strong>componer la soluci\u00f3n que sea mejor para ti<\/strong>.<br \/>\n<strong>No hay dos configuraciones iguales<\/strong>: adem\u00e1s de los par\u00e1metros b\u00e1sicos de tama\u00f1o y rendimiento, la tuya variar\u00e1 seg\u00fan el tipo de manguera, ventilaci\u00f3n, fuentes de energ\u00eda y otras caracter\u00edsticas que satisfagan las necesidades de tus inquilinos. <strong>Lavadoras, secadoras y accesorios<\/strong> \u2013 todas las soluciones de <strong>Electrolux Professional est\u00e1n dise\u00f1adas para trabajar juntas para un rendimiento \u00f3ptimo<\/strong>.<\/p>\n<p>[\/vc_column_text][vc_empty_space][elx_double_banner title_1=&#8221;Lavadoras y Secadoras L\u00ednea 6000&#8243; title_mobile_1=&#8221;Lavadoras y Secadoras L\u00ednea 6000&#8243; link_1=&#8221;url:https%3A%2F%2Fwww.electroluxprofessional.com%2Fla%2Fwp-content%2Fuploads%2F2025%2F05%2FElectrolux-Professional_Line-6000-Washers-Dryers-brochure-LR.pdf|title:Descarga%20el%20folleto|target:_blank&#8221; background_image_media_library_1=&#8221;15572&#8243; background_image_media_library_mobile_1=&#8221;15573&#8243; title_2=&#8221;myPRO XL&#8221; link_2=&#8221;url:https%3A%2F%2Fwww.electroluxprofessional.com%2Fla%2Fwp-content%2Fuploads%2F2025%2F05%2FEPR-leaflet-General-myPRO-XL_2021-dark-grey.pdf|title:Descarga%20el%20folleto|target:_blank&#8221; background_image_media_library_2=&#8221;15574&#8243; background_image_media_library_mobile_2=&#8221;15574&#8243;][vc_empty_space][\/vc_column][\/vc_row][vc_row full_width=&#8221;electroluxpro-full-width&#8221;][vc_column][elx_hero_slider text_color=&#8221;electrolux-blue&#8221; label_text_color=&#8221;electrolux-blue&#8221; images=&#8221;15563&#8243;][elx_heading font_container=&#8221;h4&#8243; font_size=&#8221;h4&#8243; text_color=&#8221;electrolux-blue&#8221; text_align=&#8221;text-left&#8221;]A tu servicio[\/elx_heading][vc_column_text]Ofrecemos las soluciones m\u00e1s innovadoras para satisfacer tus necesidades. Usando herramientas de dise\u00f1o de realidad virtual de \u00faltima generaci\u00f3n, nuestros expertos en lavander\u00eda simular\u00e1n cualquier configuraci\u00f3n que desees ver.<br \/>\n<strong>Venta consultiva: somos tu socio a lo largo de todo el proceso.<\/strong>[\/vc_column_text][elx_button button_text=&#8221;Cont\u00e1ctanos&#8221; button_link=&#8221;url:%23contact|||&#8221;][\/elx_hero_slider][vc_empty_space][\/vc_column][\/vc_row][vc_row css=&#8221;.vc_custom_1604014478182{background-color: #efefef !important;}&#8221;][vc_column][vc_empty_space][elx_heading text_color=&#8221;inherit&#8221; text_align=&#8221;text-center&#8221;]Muchas opciones pr\u00e1cticas[\/elx_heading][vc_empty_space][\/vc_column][\/vc_row][vc_row css=&#8221;.vc_custom_1604014467256{background-color: #efefef !important;}&#8221;][vc_column][vc_row_inner][vc_column_inner width=&#8221;1\/3&#8243;][vc_single_image image=&#8221;15564&#8243; img_size=&#8221;100px&#8221; alignment=&#8221;center&#8221;][elx_heading font_container=&#8221;h6&#8243; font_size=&#8221;h6&#8243; text_color=&#8221;electrolux-blue&#8221; text_align=&#8221;text-center&#8221;]Operaci\u00f3n con monedas.[\/elx_heading][vc_column_text]<\/p>\n<p style=\"font-size: 16px; text-align: center;\">Fichas o monedas, mec\u00e1nicas o electromec\u00e1nicas<\/p>\n<p>[\/vc_column_text][vc_empty_space][\/vc_column_inner][vc_column_inner width=&#8221;1\/3&#8243;][vc_single_image image=&#8221;15565&#8243; img_size=&#8221;100px&#8221; alignment=&#8221;center&#8221;][elx_heading font_container=&#8221;h6&#8243; font_size=&#8221;h6&#8243; text_color=&#8221;electrolux-blue&#8221; text_align=&#8221;text-center&#8221;]Lectores de tarjetas[\/elx_heading][vc_column_text]<\/p>\n<p style=\"font-size: 16px; text-align: center;\">Prepagas, tarjetas llave,tarjetas bancarias<\/p>\n<p>[\/vc_column_text][vc_empty_space][\/vc_column_inner][vc_column_inner width=&#8221;1\/3&#8243;][vc_single_image image=&#8221;15566&#8243; img_size=&#8221;80px&#8221; alignment=&#8221;center&#8221;][elx_heading font_container=&#8221;h6&#8243; font_size=&#8221;h6&#8243; text_color=&#8221;electrolux-blue&#8221; text_align=&#8221;text-center&#8221;]Aplicaciones[\/elx_heading][vc_column_text]<\/p>\n<p style=\"font-size: 16px; text-align: center;\">Standalone<br \/>\nConnected to existing payment systems[\/vc_column_text][vc_empty_space][\/vc_column_inner][\/vc_row_inner][vc_row_inner][vc_column_inner width=&#8221;1\/3&#8243;][vc_single_image image=&#8221;15567&#8243; img_size=&#8221;100px&#8221; alignment=&#8221;center&#8221;][elx_heading font_container=&#8221;h6&#8243; font_size=&#8221;h6&#8243; text_color=&#8221;electrolux-blue&#8221; text_align=&#8221;text-center&#8221;]Contadores inteligentes[\/elx_heading][vc_column_text]<\/p>\n<p style=\"font-size: 16px; text-align: center;\">Mecanismo independiente para encender o apagar el suministro el\u00e9ctrico<\/p>\n<p>[\/vc_column_text][vc_empty_space][\/vc_column_inner][vc_column_inner width=&#8221;1\/3&#8243;][vc_single_image image=&#8221;15568&#8243; img_size=&#8221;100px&#8221; alignment=&#8221;center&#8221;][elx_heading font_container=&#8221;h6&#8243; font_size=&#8221;h6&#8243; text_color=&#8221;electrolux-blue&#8221; text_align=&#8221;text-center&#8221;]Sistemas de pago centralizado[\/elx_heading][vc_column_text]<\/p>\n<p style=\"font-size: 16px; text-align: center;\">Estaci\u00f3n de pago \u00fanica para monitorear varias m\u00e1quinas.<\/p>\n<p>[\/vc_column_text][vc_empty_space][\/vc_column_inner][vc_column_inner width=&#8221;1\/3&#8243;][vc_single_image image=&#8221;15569&#8243; img_size=&#8221;100px&#8221; alignment=&#8221;center&#8221;][elx_heading font_container=&#8221;h6&#8243; font_size=&#8221;h6&#8243; text_color=&#8221;electrolux-blue&#8221; text_align=&#8221;text-center&#8221;]Sistemas de reserva con pago mensual[\/elx_heading][vc_column_text]<\/p>\n<p style=\"font-size: 16px; text-align: center;\">Un dispositivo por lavander\u00eda para reservar m\u00e1quinas de forma presencial o remota. Varias opciones de pago<\/p>\n<p>[\/vc_column_text][vc_empty_space][\/vc_column_inner][\/vc_row_inner][vc_empty_space height=&#8221;50px&#8221;][\/vc_column][\/vc_row][vc_row][vc_column][elx_heading text_color=&#8221;inherit&#8221; text_align=&#8221;text-center&#8221;]Lo que dicen nuestros usuarios de lavander\u00eda[\/elx_heading][\/vc_column][\/vc_row][vc_row][vc_column width=&#8221;1\/3&#8243;][elx_image_block background_image=&#8221;1986&#8243; vert_back_position=&#8221;top&#8221; minimum_height=&#8221;300px&#8221;][elx_heading font_container=&#8221;h4&#8243; text_color=&#8221;inherit&#8221;]Residencias estudiantiles[\/elx_heading][vc_column_text]<\/p>\n<h4 class=\" h6 inherit inherit\"><strong>Campus Diemen Zuid<\/strong><\/h4>\n<p style=\"font-size: 18px;\"><strong>Pa\u00edses Bajos<\/strong><\/p>\n<p style=\"font-size: 16px;\">Campus Diemen Zuid necesitaba una lavander\u00eda moderna para los residentes de su edificio de apartamentos. Para ofrecer a los estudiantes instalaciones de alta calidad y m\u00e9todos de pago creativos, eligi\u00f3 las m\u00e1quinas Electrolux Line 5000 en combinaci\u00f3n con el sistema de pago por lavado.<\/p>\n<p>[\/vc_column_text][vc_empty_space][\/vc_column][vc_column width=&#8221;1\/3&#8243;][elx_image_block background_image=&#8221;2013&#8243; minimum_height=&#8221;300px&#8221;][elx_heading font_container=&#8221;h4&#8243; text_color=&#8221;inherit&#8221;]Edificios de apartamentos[\/elx_heading][vc_column_text]<\/p>\n<h4 class=\" h6 inherit inherit\"><strong>Charlottenborg<\/strong><\/h4>\n<p style=\"font-size: 18px;\"><strong>Suecia<\/strong><\/p>\n<p style=\"font-size: 16px;\">Charlottenborg, una asociaci\u00f3n de 311 apartamentos, ha ahorrado una buena suma de dinero al reducir el consumo de electricidad y agua. &#8220;Hemos medido un ahorro anual de 52,000 SEK [casi $8,500] al cambiar a equipos nuevos y energ\u00e9ticamente eficientes tanto para el lavado como para el secado.&#8221;<br data-start=\"319\" data-end=\"322\" \/>Roland Bengtsson, t\u00e9cnico en HSB Sk\u00e5ne<\/p>\n<p>[\/vc_column_text][vc_empty_space][\/vc_column][vc_column width=&#8221;1\/3&#8243;][elx_image_block background_image=&#8221;2019&#8243; minimum_height=&#8221;300px&#8221;][elx_heading font_container=&#8221;h4&#8243; text_color=&#8221;inherit&#8221;]Residencias estudiantiles[\/elx_heading][vc_column_text]<\/p>\n<h4 class=\" h6 inherit inherit\"><strong>Malm\u00f6 Student House<\/strong><\/h4>\n<p style=\"font-size: 18px;\"><strong>Suecia<\/strong><\/p>\n<p style=\"font-size: 16px;\">La nueva instalaci\u00f3n ha sido un gran \u00e9xito: se ha convertido en un punto de encuentro natural donde los estudiantes se re\u00fanen, disfrutan de un refrigerio y estudian mientras vigilan su lavander\u00eda.<br data-start=\"228\" data-end=\"231\" \/>Los estudiantes necesitan una tarjeta o etiqueta preprogramada para entrar, que tambi\u00e9n se utiliza para reservar horarios de lavander\u00eda y salas de estudio, todo a trav\u00e9s del sistema Electrolux Professional Laundry Vision.<\/p>\n<p>[\/vc_column_text][vc_empty_space][\/vc_column][\/vc_row][vc_row css=&#8221;.vc_custom_1603316831487{background-color: #14133b !important;}&#8221; el_id=&#8221;contact&#8221;][vc_column][vc_empty_space][elx_heading font_container=&#8221;h3&#8243; text_color=&#8221;white&#8221; text_align=&#8221;text-center&#8221;]Descubre m\u00e1s. Ponte en contacto con nuestros expertos[\/elx_heading][elx_o2000_contact_us s=&#8221;Solicitud de informaci\u00f3n sobre lavander\u00eda para edificios residenciales&#8221; b=&#8221;laundry&#8221; text_color=&#8221;#FFFFFF&#8221; container=&#8221;elxcontactus1482242857&#8243; flag_background=&#8221;true&#8221; r=&#8221;Me gustar\u00eda obtener m\u00e1s informaci\u00f3n sobre lavander\u00eda para edificios residenciales&#8221; l=&#8221;en&#8221;][\/vc_column][\/vc_row][vc_row][vc_column][vc_column_text][\/vc_column_text][\/vc_column][\/vc_row]<\/p>\n","protected":false},"excerpt":{"rendered":"<p>[vc_row full_width=&#8221;electroluxpro-full-width-no-padding&#8221; equal_height=&#8221;yes&#8221; css=&#8221;.vc_custom_1604054607517{margin-top: -30px !important;border-top-width: -30px !important;padding-top: -30px !important;}&#8221;][vc_column][elx_full_banner title=&#8221;Lavander\u00eda en viviendas m\u00faltiples&#8221; set_as_h1=&#8221;true&#8221; background_image_media_library=&#8221;15570&#8243; background_image_media_library_mobile=&#8221;15571&#8243;][\/vc_column][\/vc_row][vc_row][vc_column][vc_empty_space][elx_heading font_size=&#8221;h2&#8243; text_color=&#8221;inherit&#8221; text_align=&#8221;text-center&#8221;]Para edificios m\u00e1s peque\u00f1os, residencias estudiantiles y lugares con espacio limitado de vida funcional[\/elx_heading][vc_empty_space][vc_column_text] \u00bfEres el presidente de la junta de un bloque de apartamentos? \u00bfQuieres facilitarle a los dem\u00e1s residentes el hacer la lavander\u00eda? Si [&hellip;]<\/p>\n","protected":false},"author":39,"featured_media":15561,"parent":0,"menu_order":0,"comment_status":"closed","ping_status":"closed","template":"","meta":{"footnotes":""},"class_list":["post-15576","page","type-page","status-publish","has-post-thumbnail","hentry"],"acf":[],"yoast_head":"<!-- This site is optimized with the Yoast SEO plugin v23.3 - https:\/\/yoast.com\/wordpress\/plugins\/seo\/ -->\n<title>Lavander\u00eda en viviendas m\u00faltiples - Electrolux Professional Latin America<\/title>\n<meta name=\"description\" content=\"Discover our solutions for multi housing laundry such as apartment buildings, universities &amp; colleges, student homes, long stay residences for workers.\" \/>\n<meta name=\"robots\" content=\"index, follow, max-snippet:-1, max-image-preview:large, max-video-preview:-1\" \/>\n<link rel=\"canonical\" href=\"https:\/\/www.electroluxprofessional.com\/la\/lavanderia-en-viviendas-multiples\/\" \/>\n<meta property=\"og:locale\" content=\"es_MX\" \/>\n<meta property=\"og:type\" content=\"article\" \/>\n<meta property=\"og:title\" content=\"Lavander\u00eda en viviendas m\u00faltiples - Electrolux Professional Latin America\" \/>\n<meta property=\"og:description\" content=\"Discover our solutions for multi housing laundry such as apartment buildings, universities &amp; colleges, student homes, long stay residences for workers.\" \/>\n<meta property=\"og:url\" content=\"https:\/\/www.electroluxprofessional.com\/la\/lavanderia-en-viviendas-multiples\/\" \/>\n<meta property=\"og:site_name\" content=\"Electrolux Professional Latin America\" \/>\n<meta property=\"article:modified_time\" content=\"2025-11-05T16:45:33+00:00\" \/>\n<meta property=\"og:image\" content=\"https:\/\/www.electroluxprofessional.com\/la\/wp-content\/uploads\/2025\/02\/maylike-multihousing.jpg\" \/>\n\t<meta property=\"og:image:width\" content=\"700\" \/>\n\t<meta property=\"og:image:height\" content=\"700\" \/>\n\t<meta property=\"og:image:type\" content=\"image\/jpeg\" \/>\n<meta name=\"twitter:card\" content=\"summary_large_image\" \/>\n<meta name=\"twitter:label1\" content=\"Tiempo de lectura\" \/>\n\t<meta name=\"twitter:data1\" content=\"4 minutos\" \/>\n<script type=\"application\/ld+json\" class=\"yoast-schema-graph\">{\"@context\":\"https:\/\/schema.org\",\"@graph\":[{\"@type\":\"WebPage\",\"@id\":\"https:\/\/www.electroluxprofessional.com\/la\/lavanderia-en-viviendas-multiples\/\",\"url\":\"https:\/\/www.electroluxprofessional.com\/la\/lavanderia-en-viviendas-multiples\/\",\"name\":\"Lavander\u00eda en viviendas m\u00faltiples - Electrolux Professional Latin America\",\"isPartOf\":{\"@id\":\"https:\/\/www.electroluxprofessional.com\/la\/#website\"},\"primaryImageOfPage\":{\"@id\":\"https:\/\/www.electroluxprofessional.com\/la\/lavanderia-en-viviendas-multiples\/#primaryimage\"},\"image\":{\"@id\":\"https:\/\/www.electroluxprofessional.com\/la\/lavanderia-en-viviendas-multiples\/#primaryimage\"},\"thumbnailUrl\":\"https:\/\/www.electroluxprofessional.com\/la\/wp-content\/uploads\/2025\/02\/maylike-multihousing.jpg\",\"datePublished\":\"2025-02-25T08:08:09+00:00\",\"dateModified\":\"2025-11-05T16:45:33+00:00\",\"description\":\"Discover our solutions for multi housing laundry such as apartment buildings, universities & colleges, student homes, long stay residences for workers.\",\"breadcrumb\":{\"@id\":\"https:\/\/www.electroluxprofessional.com\/la\/lavanderia-en-viviendas-multiples\/#breadcrumb\"},\"inLanguage\":\"es\",\"potentialAction\":[{\"@type\":\"ReadAction\",\"target\":[\"https:\/\/www.electroluxprofessional.com\/la\/lavanderia-en-viviendas-multiples\/\"]}]},{\"@type\":\"ImageObject\",\"inLanguage\":\"es\",\"@id\":\"https:\/\/www.electroluxprofessional.com\/la\/lavanderia-en-viviendas-multiples\/#primaryimage\",\"url\":\"https:\/\/www.electroluxprofessional.com\/la\/wp-content\/uploads\/2025\/02\/maylike-multihousing.jpg\",\"contentUrl\":\"https:\/\/www.electroluxprofessional.com\/la\/wp-content\/uploads\/2025\/02\/maylike-multihousing.jpg\",\"width\":700,\"height\":700},{\"@type\":\"BreadcrumbList\",\"@id\":\"https:\/\/www.electroluxprofessional.com\/la\/lavanderia-en-viviendas-multiples\/#breadcrumb\",\"itemListElement\":[{\"@type\":\"ListItem\",\"position\":1,\"name\":\"Home\",\"item\":\"https:\/\/www.electroluxprofessional.com\/la\/\"},{\"@type\":\"ListItem\",\"position\":2,\"name\":\"Lavander\u00eda en viviendas m\u00faltiples\"}]},{\"@type\":\"WebSite\",\"@id\":\"https:\/\/www.electroluxprofessional.com\/la\/#website\",\"url\":\"https:\/\/www.electroluxprofessional.com\/la\/\",\"name\":\"Electrolux Professional Latin America\",\"description\":\"Equipamiento cocinas profesionales y lavander\u00edas comerciales. Excelencia en el suministro de soluciones profesionales.\",\"potentialAction\":[{\"@type\":\"SearchAction\",\"target\":{\"@type\":\"EntryPoint\",\"urlTemplate\":\"https:\/\/www.electroluxprofessional.com\/la\/?src={search_term_string}\"},\"query-input\":\"required name=search_term_string\"}],\"inLanguage\":\"es\"}]}<\/script>\n<!-- \/ Yoast SEO plugin. -->","yoast_head_json":{"title":"Lavander\u00eda en viviendas m\u00faltiples - Electrolux Professional Latin America","description":"Discover our solutions for multi housing laundry such as apartment buildings, universities & colleges, student homes, long stay residences for workers.","robots":{"index":"index","follow":"follow","max-snippet":"max-snippet:-1","max-image-preview":"max-image-preview:large","max-video-preview":"max-video-preview:-1"},"canonical":"https:\/\/www.electroluxprofessional.com\/la\/lavanderia-en-viviendas-multiples\/","og_locale":"es_MX","og_type":"article","og_title":"Lavander\u00eda en viviendas m\u00faltiples - Electrolux Professional Latin America","og_description":"Discover our solutions for multi housing laundry such as apartment buildings, universities & colleges, student homes, long stay residences for workers.","og_url":"https:\/\/www.electroluxprofessional.com\/la\/lavanderia-en-viviendas-multiples\/","og_site_name":"Electrolux Professional Latin America","article_modified_time":"2025-11-05T16:45:33+00:00","og_image":[{"width":700,"height":700,"url":"https:\/\/www.electroluxprofessional.com\/la\/wp-content\/uploads\/2025\/02\/maylike-multihousing.jpg","type":"image\/jpeg"}],"twitter_card":"summary_large_image","twitter_misc":{"Tiempo de lectura":"4 minutos"},"schema":{"@context":"https:\/\/schema.org","@graph":[{"@type":"WebPage","@id":"https:\/\/www.electroluxprofessional.com\/la\/lavanderia-en-viviendas-multiples\/","url":"https:\/\/www.electroluxprofessional.com\/la\/lavanderia-en-viviendas-multiples\/","name":"Lavander\u00eda en viviendas m\u00faltiples - Electrolux Professional Latin America","isPartOf":{"@id":"https:\/\/www.electroluxprofessional.com\/la\/#website"},"primaryImageOfPage":{"@id":"https:\/\/www.electroluxprofessional.com\/la\/lavanderia-en-viviendas-multiples\/#primaryimage"},"image":{"@id":"https:\/\/www.electroluxprofessional.com\/la\/lavanderia-en-viviendas-multiples\/#primaryimage"},"thumbnailUrl":"https:\/\/www.electroluxprofessional.com\/la\/wp-content\/uploads\/2025\/02\/maylike-multihousing.jpg","datePublished":"2025-02-25T08:08:09+00:00","dateModified":"2025-11-05T16:45:33+00:00","description":"Discover our solutions for multi housing laundry such as apartment buildings, universities & colleges, student homes, long stay residences for workers.","breadcrumb":{"@id":"https:\/\/www.electroluxprofessional.com\/la\/lavanderia-en-viviendas-multiples\/#breadcrumb"},"inLanguage":"es","potentialAction":[{"@type":"ReadAction","target":["https:\/\/www.electroluxprofessional.com\/la\/lavanderia-en-viviendas-multiples\/"]}]},{"@type":"ImageObject","inLanguage":"es","@id":"https:\/\/www.electroluxprofessional.com\/la\/lavanderia-en-viviendas-multiples\/#primaryimage","url":"https:\/\/www.electroluxprofessional.com\/la\/wp-content\/uploads\/2025\/02\/maylike-multihousing.jpg","contentUrl":"https:\/\/www.electroluxprofessional.com\/la\/wp-content\/uploads\/2025\/02\/maylike-multihousing.jpg","width":700,"height":700},{"@type":"BreadcrumbList","@id":"https:\/\/www.electroluxprofessional.com\/la\/lavanderia-en-viviendas-multiples\/#breadcrumb","itemListElement":[{"@type":"ListItem","position":1,"name":"Home","item":"https:\/\/www.electroluxprofessional.com\/la\/"},{"@type":"ListItem","position":2,"name":"Lavander\u00eda en viviendas m\u00faltiples"}]},{"@type":"WebSite","@id":"https:\/\/www.electroluxprofessional.com\/la\/#website","url":"https:\/\/www.electroluxprofessional.com\/la\/","name":"Electrolux Professional Latin America","description":"Equipamiento cocinas profesionales y lavander\u00edas comerciales. Excelencia en el suministro de soluciones profesionales.","potentialAction":[{"@type":"SearchAction","target":{"@type":"EntryPoint","urlTemplate":"https:\/\/www.electroluxprofessional.com\/la\/?src={search_term_string}"},"query-input":"required name=search_term_string"}],"inLanguage":"es"}]}},"_links":{"self":[{"href":"https:\/\/www.electroluxprofessional.com\/la\/wp-json\/wp\/v2\/pages\/15576"}],"collection":[{"href":"https:\/\/www.electroluxprofessional.com\/la\/wp-json\/wp\/v2\/pages"}],"about":[{"href":"https:\/\/www.electroluxprofessional.com\/la\/wp-json\/wp\/v2\/types\/page"}],"author":[{"embeddable":true,"href":"https:\/\/www.electroluxprofessional.com\/la\/wp-json\/wp\/v2\/users\/39"}],"replies":[{"embeddable":true,"href":"https:\/\/www.electroluxprofessional.com\/la\/wp-json\/wp\/v2\/comments?post=15576"}],"version-history":[{"count":7,"href":"https:\/\/www.electroluxprofessional.com\/la\/wp-json\/wp\/v2\/pages\/15576\/revisions"}],"predecessor-version":[{"id":16685,"href":"https:\/\/www.electroluxprofessional.com\/la\/wp-json\/wp\/v2\/pages\/15576\/revisions\/16685"}],"wp:featuredmedia":[{"embeddable":true,"href":"https:\/\/www.electroluxprofessional.com\/la\/wp-json\/wp\/v2\/media\/15561"}],"wp:attachment":[{"href":"https:\/\/www.electroluxprofessional.com\/la\/wp-json\/wp\/v2\/media?parent=15576"}],"curies":[{"name":"wp","href":"https:\/\/api.w.org\/{rel}","templated":true}]}}