{"id":15557,"date":"2025-02-25T07:46:06","date_gmt":"2025-02-25T07:46:06","guid":{"rendered":"https:\/\/www.electroluxprofessional.com\/la\/?page_id=15557"},"modified":"2025-11-05T16:48:15","modified_gmt":"2025-11-05T16:48:15","slug":"self-service-laundry","status":"publish","type":"page","link":"https:\/\/www.electroluxprofessional.com\/la\/self-service-laundry\/","title":{"rendered":"Soluciones de lavander\u00eda de autoservicio"},"content":{"rendered":"<p>[vc_row full_width=&#8221;electroluxpro-full-width-no-padding&#8221; css=&#8221;.vc_custom_1663593385575{margin-top: -50px !important;}&#8221;][vc_column][elx_full_banner title=&#8221;Soluciones de lavander\u00eda de autoservicio&#8221; background_image_media_library=&#8221;15555&#8243; background_image_media_library_mobile=&#8221;15556&#8243;][\/vc_column][\/vc_row][vc_row][vc_column][vc_empty_space][\/vc_column][\/vc_row][vc_row][vc_column width=&#8221;2\/3&#8243;][elx_heading font_container=&#8221;h1&#8243; text_color=&#8221;electrolux-blue&#8221;]Soluciones de lavander\u00eda para autoservicio[\/elx_heading][vc_column_text]Ideal para su uso en edificios de apartamentos peque\u00f1os y medianos, as\u00ed como en instalaciones de vivienda compartida, <strong>myPRO combina durabilidad con eficiencia<\/strong>, permitiendo a los residentes lavar y secar m\u00e1s r\u00e1pido y con menos esfuerzo. Ahorra dinero mientras tus residentes ahorran tiempo.[\/vc_column_text][elx_button button_text=&#8221;Ir a productos.&#8221; button_style=&#8221;icon&#8221; button_link=&#8221;url:https%3A%2F%2Fwww.electroluxprofessional.com%2Fla%2Fcommercial-laundry-equipment%2Fmypro-washers-dryers-steam-ironers%2F|title:myPRO%20washers%2C%20dryers%20and%20steam%20ironers%20for%20small%20businesses||&#8221;][\/vc_column][vc_column width=&#8221;1\/3&#8243;][elx_heading text_color=&#8221;electrolux-blue&#8221;]Descarga tu folleto[\/elx_heading][elx_download_block text=&#8221;Soluci\u00f3n de lavander\u00eda myPRO<br \/>\npara autoservicio&#8221; document_type=&#8221;leaflets&#8221; background_color=&#8221;laundry-solutions&#8221; le_document_number=&#8221;CLFL-9JE00002&#8243;][\/vc_column][\/vc_row][vc_row][vc_column][vc_single_image image=&#8221;5760&#8243; img_size=&#8221;full&#8221; alignment=&#8221;center&#8221;][\/vc_column][\/vc_row][vc_row content_placement=&#8221;top&#8221; el_class=&#8221;marginNegative&#8221;][vc_column width=&#8221;1\/3&#8243;][vc_empty_space][elx_heading font_container=&#8221;h5&#8243; font_size=&#8221;h5&#8243; text_color=&#8221;inherit&#8221;]Programas profesionales[\/elx_heading][vc_column_text]Hasta <strong>50% m\u00e1s r\u00e1pido que las m\u00e1quinas dom\u00e9sticas<\/strong>, adem\u00e1s de una mayor flexibilidad, con programas para una amplia variedad de aplicaciones, incluidos programas de desinfecci\u00f3n.[\/vc_column_text][\/vc_column][vc_column width=&#8221;1\/3&#8243;][vc_empty_space][elx_heading font_container=&#8221;h5&#8243; font_size=&#8221;h5&#8243; text_color=&#8221;inherit&#8221;]Programas de desinfecci\u00f3n[\/elx_heading][vc_column_text]Mayor flexibilidad, con programas para una amplia variedad de aplicaciones, incluidos <strong>programas de desinfecci\u00f3n<\/strong> para ayudarte a cumplir con los requisitos de higiene y limpieza.[\/vc_column_text][\/vc_column][vc_column width=&#8221;1\/3&#8243;][vc_empty_space][elx_heading font_container=&#8221;h5&#8243; font_size=&#8221;h5&#8243; text_color=&#8221;inherit&#8221;]Control autom\u00e1tico de humedad[\/elx_heading][vc_column_text]Shorter drying cycle thanks to\u00a0<strong>real time control<\/strong>\u00a0of moisture level inside garments.<br \/>\nPrevents fibers from over-drying, saves time, and gives users peace of mind.[\/vc_column_text][\/vc_column][\/vc_row][vc_row content_placement=&#8221;top&#8221; el_class=&#8221;marginNegative&#8221;][vc_column width=&#8221;1\/3&#8243;][vc_single_image image=&#8221;15552&#8243; img_size=&#8221;large&#8221;][elx_heading text_color=&#8221;inherit&#8221;]Eficiente y fiable[\/elx_heading][vc_column_text css=&#8221;.vc_custom_1571759201767{margin-bottom: 0px !important;}&#8221; el_class=&#8221;minHeightCirclesText&#8221;]<em>&#8220;I don\u2019t need to worry about breakdowns in the laundry room&#8221;<\/em>[\/vc_column_text][vc_column_text css=&#8221;.vc_custom_1740470209747{margin-top: 15px !important;}&#8221;]<\/p>\n<ul>\n<li>Lavadora y secadora dise\u00f1adas para durar <strong data-start=\"41\" data-end=\"56\">3 veces m\u00e1s<\/strong> que las m\u00e1quinas dom\u00e9sticas.<\/li>\n<li>Garant\u00eda para aplicaciones profesionales.<\/li>\n<li><strong>Mayor flexibilidad<\/strong> con el Sistema de Dosificaci\u00f3n Externa.<\/li>\n<\/ul>\n<p>[\/vc_column_text][\/vc_column][vc_column width=&#8221;1\/3&#8243;][vc_single_image image=&#8221;15553&#8243; img_size=&#8221;full&#8221;][elx_heading text_color=&#8221;inherit&#8221; css=&#8221;.vc_custom_1740470102316{margin-top: 0px !important;}&#8221;]Ahorra dinero mientras los usuarios ahorran tiempo[\/elx_heading][vc_column_text css=&#8221;.vc_custom_1571759219435{margin-bottom: 0px !important;}&#8221; el_class=&#8221;minHeightCirclesText&#8221;]<em>&#8220;As the cycle time is shorter, I have many happy end-users&#8221;<\/em>[\/vc_column_text][vc_column_text css=&#8221;.vc_custom_1740470282787{margin-top: 15px !important;}&#8221;]<\/p>\n<ul>\n<li>Hasta <strong>50% m\u00e1s r\u00e1pido<\/strong> con programas profesionales.<\/li>\n<li><strong>Deshidrataci\u00f3n de clase mundial<\/strong> que facilita las fases de secado y planchado.<\/li>\n<li><strong>Ciclo de secado m\u00e1s corto<\/strong> gracias al Control Autom\u00e1tico de Humedad.<\/li>\n<\/ul>\n<p>[\/vc_column_text][\/vc_column][vc_column width=&#8221;1\/3&#8243;][vc_single_image image=&#8221;15554&#8243; img_size=&#8221;large&#8221;][elx_heading text_color=&#8221;inherit&#8221;]Seguridad y ergonom\u00eda[\/elx_heading][vc_column_text css=&#8221;.vc_custom_1571759240723{margin-bottom: 0px !important;}&#8221; el_class=&#8221;minHeightCirclesText&#8221;]<em>&#8220;With the safety door, my customers can relax when children are around&#8221;<\/em>[\/vc_column_text][vc_column_text css=&#8221;.vc_custom_1740470344467{margin-top: 15px !important;}&#8221;]<\/p>\n<ul>\n<li class=\"li1\">Tranquilidad con puerta a prueba de ni\u00f1os: <strong>f\u00e1cil de abrir desde dentro<\/strong>.<\/li>\n<li class=\"li1\"><strong>Visi\u00f3n r\u00e1pida y f\u00e1cil<\/strong> del tambor interior con luz en el tambor.<\/li>\n<li class=\"li1\"><strong>Menos vibraci\u00f3n y ruido<\/strong> gracias al sistema de absorci\u00f3n de golpes altamente efectivo<\/li>\n<\/ul>\n<p>[\/vc_column_text][\/vc_column][\/vc_row][vc_row][vc_column][vc_empty_space][\/vc_column][\/vc_row][vc_row][vc_column][elx_o2000_contact_us s=&#8221;Solicitud de informaci\u00f3n sobre peluquer\u00edas y salones de belleza&#8221; b=&#8221;laundry&#8221; r=&#8221;Me gustar\u00eda saber m\u00e1s sobre soluciones de lavander\u00eda para autoservicio&#8221; l=&#8221;en&#8221;][\/vc_column][\/vc_row][vc_row][vc_column][vc_empty_space][\/vc_column][\/vc_row][vc_row css=&#8221;.vc_custom_1534772259989{background-color: #eeeeee !important;}&#8221;][vc_column width=&#8221;2\/3&#8243;][elx_heading font_size=&#8221;h3&#8243; text_color=&#8221;inherit&#8221;]\u00bfBuscas soluciones m\u00e1s productivas?[\/elx_heading][elx_heading font_container=&#8221;h3&#8243; font_size=&#8221;h5&#8243; text_color=&#8221;inherit&#8221;]Ve y descubre nuestras soluciones de lavander\u00eda comercial[\/elx_heading][vc_column_text]Electrolux Professional ofrece una gama completa de productos para satisfacer tus necesidades de lavander\u00eda profesional[\/vc_column_text][elx_button button_text=&#8221;Descubre nuestras soluciones para lavander\u00edas comerciales.&#8221; button_style=&#8221;icon&#8221; button_link=&#8221;url:https%3A%2F%2Fwww.electroluxprofessional.com%2Fla%2Fequipamiento-lavanderia-comercial%2F|title:Equipamiento%20de%20Lavander%C3%ADa&#8221;][\/vc_column][vc_column width=&#8221;1\/3&#8243;][vc_empty_space][vc_single_image image=&#8221;1839&#8243; img_size=&#8221;700px&#8221; onclick=&#8221;custom_link&#8221; link=&#8221;http:\/\/https:\/\/www.electroluxprofessional.com\/la\/your-business\/commercial-laundries\/&#8221;][\/vc_column][\/vc_row]<\/p>\n","protected":false},"excerpt":{"rendered":"<p>[vc_row full_width=&#8221;electroluxpro-full-width-no-padding&#8221; css=&#8221;.vc_custom_1663593385575{margin-top: -50px !important;}&#8221;][vc_column][elx_full_banner title=&#8221;Soluciones de lavander\u00eda de autoservicio&#8221; background_image_media_library=&#8221;15555&#8243; background_image_media_library_mobile=&#8221;15556&#8243;][\/vc_column][\/vc_row][vc_row][vc_column][vc_empty_space][\/vc_column][\/vc_row][vc_row][vc_column width=&#8221;2\/3&#8243;][elx_heading font_container=&#8221;h1&#8243; text_color=&#8221;electrolux-blue&#8221;]Soluciones de lavander\u00eda para autoservicio[\/elx_heading][vc_column_text]Ideal para su uso en edificios de apartamentos peque\u00f1os y medianos, as\u00ed como en instalaciones de vivienda compartida, myPRO combina durabilidad con eficiencia, permitiendo a los residentes lavar y secar m\u00e1s r\u00e1pido y con menos esfuerzo. Ahorra [&hellip;]<\/p>\n","protected":false},"author":39,"featured_media":15551,"parent":0,"menu_order":0,"comment_status":"closed","ping_status":"closed","template":"","meta":{"footnotes":""},"class_list":["post-15557","page","type-page","status-publish","has-post-thumbnail","hentry"],"acf":[],"yoast_head":"<!-- This site is optimized with the Yoast SEO plugin v23.3 - https:\/\/yoast.com\/wordpress\/plugins\/seo\/ -->\n<title>Self-service laundry solutions - Electrolux Professional<\/title>\n<meta name=\"description\" content=\"Laundry solutions for Self-service. Ideal for use in small and medium-sized apartment blocks and shared housing facilities.\" \/>\n<meta name=\"robots\" content=\"index, follow, max-snippet:-1, max-image-preview:large, max-video-preview:-1\" \/>\n<link rel=\"canonical\" href=\"https:\/\/www.electroluxprofessional.com\/la\/self-service-laundry\/\" \/>\n<meta property=\"og:locale\" content=\"es_MX\" \/>\n<meta property=\"og:type\" content=\"article\" \/>\n<meta property=\"og:title\" content=\"Self-service laundry solutions - Electrolux Professional\" \/>\n<meta property=\"og:description\" content=\"Laundry solutions for Self-service. Ideal for use in small and medium-sized apartment blocks and shared housing facilities.\" \/>\n<meta property=\"og:url\" content=\"https:\/\/www.electroluxprofessional.com\/la\/self-service-laundry\/\" \/>\n<meta property=\"og:site_name\" content=\"Electrolux Professional Latin America\" \/>\n<meta property=\"article:modified_time\" content=\"2025-11-05T16:48:15+00:00\" \/>\n<meta property=\"og:image\" content=\"https:\/\/www.electroluxprofessional.com\/la\/wp-content\/uploads\/2025\/02\/myPRO-zip-self-service-laundries-featured.jpg\" \/>\n\t<meta property=\"og:image:width\" content=\"800\" \/>\n\t<meta property=\"og:image:height\" content=\"500\" \/>\n\t<meta property=\"og:image:type\" content=\"image\/jpeg\" \/>\n<meta name=\"twitter:card\" content=\"summary_large_image\" \/>\n<meta name=\"twitter:label1\" content=\"Tiempo de lectura\" \/>\n\t<meta name=\"twitter:data1\" content=\"3 minutos\" \/>\n<script type=\"application\/ld+json\" class=\"yoast-schema-graph\">{\"@context\":\"https:\/\/schema.org\",\"@graph\":[{\"@type\":\"WebPage\",\"@id\":\"https:\/\/www.electroluxprofessional.com\/la\/self-service-laundry\/\",\"url\":\"https:\/\/www.electroluxprofessional.com\/la\/self-service-laundry\/\",\"name\":\"Self-service laundry solutions - Electrolux Professional\",\"isPartOf\":{\"@id\":\"https:\/\/www.electroluxprofessional.com\/la\/#website\"},\"primaryImageOfPage\":{\"@id\":\"https:\/\/www.electroluxprofessional.com\/la\/self-service-laundry\/#primaryimage\"},\"image\":{\"@id\":\"https:\/\/www.electroluxprofessional.com\/la\/self-service-laundry\/#primaryimage\"},\"thumbnailUrl\":\"https:\/\/www.electroluxprofessional.com\/la\/wp-content\/uploads\/2025\/02\/myPRO-zip-self-service-laundries-featured.jpg\",\"datePublished\":\"2025-02-25T07:46:06+00:00\",\"dateModified\":\"2025-11-05T16:48:15+00:00\",\"description\":\"Laundry solutions for Self-service. Ideal for use in small and medium-sized apartment blocks and shared housing facilities.\",\"breadcrumb\":{\"@id\":\"https:\/\/www.electroluxprofessional.com\/la\/self-service-laundry\/#breadcrumb\"},\"inLanguage\":\"es\",\"potentialAction\":[{\"@type\":\"ReadAction\",\"target\":[\"https:\/\/www.electroluxprofessional.com\/la\/self-service-laundry\/\"]}]},{\"@type\":\"ImageObject\",\"inLanguage\":\"es\",\"@id\":\"https:\/\/www.electroluxprofessional.com\/la\/self-service-laundry\/#primaryimage\",\"url\":\"https:\/\/www.electroluxprofessional.com\/la\/wp-content\/uploads\/2025\/02\/myPRO-zip-self-service-laundries-featured.jpg\",\"contentUrl\":\"https:\/\/www.electroluxprofessional.com\/la\/wp-content\/uploads\/2025\/02\/myPRO-zip-self-service-laundries-featured.jpg\",\"width\":800,\"height\":500},{\"@type\":\"BreadcrumbList\",\"@id\":\"https:\/\/www.electroluxprofessional.com\/la\/self-service-laundry\/#breadcrumb\",\"itemListElement\":[{\"@type\":\"ListItem\",\"position\":1,\"name\":\"Home\",\"item\":\"https:\/\/www.electroluxprofessional.com\/la\/\"},{\"@type\":\"ListItem\",\"position\":2,\"name\":\"Soluciones de lavander\u00eda de autoservicio\"}]},{\"@type\":\"WebSite\",\"@id\":\"https:\/\/www.electroluxprofessional.com\/la\/#website\",\"url\":\"https:\/\/www.electroluxprofessional.com\/la\/\",\"name\":\"Electrolux Professional Latin America\",\"description\":\"Equipamiento cocinas profesionales y lavander\u00edas comerciales. Excelencia en el suministro de soluciones profesionales.\",\"potentialAction\":[{\"@type\":\"SearchAction\",\"target\":{\"@type\":\"EntryPoint\",\"urlTemplate\":\"https:\/\/www.electroluxprofessional.com\/la\/?src={search_term_string}\"},\"query-input\":\"required name=search_term_string\"}],\"inLanguage\":\"es\"}]}<\/script>\n<!-- \/ Yoast SEO plugin. -->","yoast_head_json":{"title":"Self-service laundry solutions - Electrolux Professional","description":"Laundry solutions for Self-service. Ideal for use in small and medium-sized apartment blocks and shared housing facilities.","robots":{"index":"index","follow":"follow","max-snippet":"max-snippet:-1","max-image-preview":"max-image-preview:large","max-video-preview":"max-video-preview:-1"},"canonical":"https:\/\/www.electroluxprofessional.com\/la\/self-service-laundry\/","og_locale":"es_MX","og_type":"article","og_title":"Self-service laundry solutions - Electrolux Professional","og_description":"Laundry solutions for Self-service. Ideal for use in small and medium-sized apartment blocks and shared housing facilities.","og_url":"https:\/\/www.electroluxprofessional.com\/la\/self-service-laundry\/","og_site_name":"Electrolux Professional Latin America","article_modified_time":"2025-11-05T16:48:15+00:00","og_image":[{"width":800,"height":500,"url":"https:\/\/www.electroluxprofessional.com\/la\/wp-content\/uploads\/2025\/02\/myPRO-zip-self-service-laundries-featured.jpg","type":"image\/jpeg"}],"twitter_card":"summary_large_image","twitter_misc":{"Tiempo de lectura":"3 minutos"},"schema":{"@context":"https:\/\/schema.org","@graph":[{"@type":"WebPage","@id":"https:\/\/www.electroluxprofessional.com\/la\/self-service-laundry\/","url":"https:\/\/www.electroluxprofessional.com\/la\/self-service-laundry\/","name":"Self-service laundry solutions - Electrolux Professional","isPartOf":{"@id":"https:\/\/www.electroluxprofessional.com\/la\/#website"},"primaryImageOfPage":{"@id":"https:\/\/www.electroluxprofessional.com\/la\/self-service-laundry\/#primaryimage"},"image":{"@id":"https:\/\/www.electroluxprofessional.com\/la\/self-service-laundry\/#primaryimage"},"thumbnailUrl":"https:\/\/www.electroluxprofessional.com\/la\/wp-content\/uploads\/2025\/02\/myPRO-zip-self-service-laundries-featured.jpg","datePublished":"2025-02-25T07:46:06+00:00","dateModified":"2025-11-05T16:48:15+00:00","description":"Laundry solutions for Self-service. Ideal for use in small and medium-sized apartment blocks and shared housing facilities.","breadcrumb":{"@id":"https:\/\/www.electroluxprofessional.com\/la\/self-service-laundry\/#breadcrumb"},"inLanguage":"es","potentialAction":[{"@type":"ReadAction","target":["https:\/\/www.electroluxprofessional.com\/la\/self-service-laundry\/"]}]},{"@type":"ImageObject","inLanguage":"es","@id":"https:\/\/www.electroluxprofessional.com\/la\/self-service-laundry\/#primaryimage","url":"https:\/\/www.electroluxprofessional.com\/la\/wp-content\/uploads\/2025\/02\/myPRO-zip-self-service-laundries-featured.jpg","contentUrl":"https:\/\/www.electroluxprofessional.com\/la\/wp-content\/uploads\/2025\/02\/myPRO-zip-self-service-laundries-featured.jpg","width":800,"height":500},{"@type":"BreadcrumbList","@id":"https:\/\/www.electroluxprofessional.com\/la\/self-service-laundry\/#breadcrumb","itemListElement":[{"@type":"ListItem","position":1,"name":"Home","item":"https:\/\/www.electroluxprofessional.com\/la\/"},{"@type":"ListItem","position":2,"name":"Soluciones de lavander\u00eda de autoservicio"}]},{"@type":"WebSite","@id":"https:\/\/www.electroluxprofessional.com\/la\/#website","url":"https:\/\/www.electroluxprofessional.com\/la\/","name":"Electrolux Professional Latin America","description":"Equipamiento cocinas profesionales y lavander\u00edas comerciales. Excelencia en el suministro de soluciones profesionales.","potentialAction":[{"@type":"SearchAction","target":{"@type":"EntryPoint","urlTemplate":"https:\/\/www.electroluxprofessional.com\/la\/?src={search_term_string}"},"query-input":"required name=search_term_string"}],"inLanguage":"es"}]}},"_links":{"self":[{"href":"https:\/\/www.electroluxprofessional.com\/la\/wp-json\/wp\/v2\/pages\/15557"}],"collection":[{"href":"https:\/\/www.electroluxprofessional.com\/la\/wp-json\/wp\/v2\/pages"}],"about":[{"href":"https:\/\/www.electroluxprofessional.com\/la\/wp-json\/wp\/v2\/types\/page"}],"author":[{"embeddable":true,"href":"https:\/\/www.electroluxprofessional.com\/la\/wp-json\/wp\/v2\/users\/39"}],"replies":[{"embeddable":true,"href":"https:\/\/www.electroluxprofessional.com\/la\/wp-json\/wp\/v2\/comments?post=15557"}],"version-history":[{"count":5,"href":"https:\/\/www.electroluxprofessional.com\/la\/wp-json\/wp\/v2\/pages\/15557\/revisions"}],"predecessor-version":[{"id":16689,"href":"https:\/\/www.electroluxprofessional.com\/la\/wp-json\/wp\/v2\/pages\/15557\/revisions\/16689"}],"wp:featuredmedia":[{"embeddable":true,"href":"https:\/\/www.electroluxprofessional.com\/la\/wp-json\/wp\/v2\/media\/15551"}],"wp:attachment":[{"href":"https:\/\/www.electroluxprofessional.com\/la\/wp-json\/wp\/v2\/media?parent=15557"}],"curies":[{"name":"wp","href":"https:\/\/api.w.org\/{rel}","templated":true}]}}