{"id":15548,"date":"2025-02-24T15:34:36","date_gmt":"2025-02-24T15:34:36","guid":{"rendered":"https:\/\/www.electroluxprofessional.com\/la\/?page_id=15548"},"modified":"2025-11-05T16:41:06","modified_gmt":"2025-11-05T16:41:06","slug":"gestion-de-instalaciones","status":"publish","type":"page","link":"https:\/\/www.electroluxprofessional.com\/la\/gestion-de-instalaciones\/","title":{"rendered":"Gesti\u00f3n de instalaciones"},"content":{"rendered":"<p>[vc_row full_width=&#8221;electroluxpro-full-width-no-padding&#8221; css=&#8221;.vc_custom_1665128440813{margin-top: -50px !important;}&#8221;][vc_column reveal_effect=&#8221;&#8221;][elx_full_banner title=&#8221;Gesti\u00f3n de instalaciones&#8221; background_image_media_library=&#8221;15546&#8243; background_image_media_library_mobile=&#8221;15547&#8243;][\/vc_column][\/vc_row][vc_row][vc_column][vc_empty_space][elx_heading font_container=&#8221;h1&#8243; text_color=&#8221;inherit&#8221; text_align=&#8221;text-left&#8221;]Flexibilidad total con resultados de la m\u00e1s alta calidad[\/elx_heading][vc_empty_space][\/vc_column][\/vc_row][vc_row][vc_column width=&#8221;2\/3&#8243;][vc_column_text]<\/p>\n<p class=\"p1\"><span class=\"s1\">Cuando el enemigo es invisible, necesitas a The OnE para mantener los ojos abiertos por ti. <b>El<\/b>\u00a0concepto\u00a0<b>Electrolux Professional Mop Washer<\/b>\u00a0est\u00e1 dise\u00f1ado para ofrecer una gama incre\u00edblemente amplia de soluciones de limpieza gracias a elementos de calentamiento especiales, un tambor interno y una v\u00e1lvula de drenaje el\u00e9ctrica para un drenaje r\u00e1pido.<\/span><\/p>\n<p class=\"p1\"><span class=\"s1\">Electrolux Professional ofrece soluciones para todo tipo de\u00a0servicios\u00a0de\u00a0<b>Facility Management<\/b>\u00a0.\u00a0Nuestra experiencia en la limpieza de materiales de microfibra lo ayuda a alcanzar los m\u00e1s altos est\u00e1ndares de higiene posibles.\u00a0\u00bfResultado?\u00a0M\u00e1xima defensa contra la propagaci\u00f3n de microorganismos y total flexibilidad con calidad.<\/span><\/p>\n<p class=\"p1\"><span class=\"s1\">La productividad lo es todo.\u00a0<b>Elimina la suciedad en 1,7 segundos<\/b>\u00a0con soluciones para mopas Electrolux Professional versus 3,2 segundos con lavadoras dom\u00e9sticas.<\/span><\/p>\n<p class=\"p2\"><span class=\"s1\">Descubre c\u00f3mo usar y lavar tus mopas para preservar su vida \u00fatil y rendimiento.\u00a0La alta eficiencia y longevidad te hacen\u00a0<b>ahorrar tiempo<\/b>\u00a0y\u00a0<b>dinero<\/b>\u00a0.<\/span><\/p>\n<p>[\/vc_column_text][\/vc_column][vc_column width=&#8221;1\/3&#8243;][vc_single_image image=&#8221;15529&#8243; img_size=&#8221;full&#8221; alignment=&#8221;center&#8221;][\/vc_column][\/vc_row][vc_row][vc_column][vc_empty_space][elx_heading font_size=&#8221;h1&#8243; text_color=&#8221;inherit&#8221;]Conf\u00eda en la experiencia profesional de limpieza 360\u00b0[\/elx_heading][vc_empty_space][\/vc_column][\/vc_row][vc_row content_placement=&#8221;top&#8221;][vc_column width=&#8221;2\/3&#8243;][vc_single_image image=&#8221;15530&#8243; img_size=&#8221;full&#8221;][vc_empty_space][vc_empty_space][\/vc_column][vc_column width=&#8221;1\/3&#8243;][elx_heading text_color=&#8221;inherit&#8221;]PASO 1<br \/>\nLa elecci\u00f3n[\/elx_heading][vc_column_text]<\/p>\n<p class=\"p1\"><span class=\"s1\">La mopa de microfibra plana es sostenible, m\u00e1s eficiente y garantiza una mejor limpieza.<\/span><\/p>\n<p>[\/vc_column_text][\/vc_column][\/vc_row][vc_row content_placement=&#8221;top&#8221;][vc_column width=&#8221;1\/3&#8243;][elx_heading text_color=&#8221;inherit&#8221;]PASO 2<br \/>\nC\u00f3mo usar la mopa[\/elx_heading][vc_column_text]<\/p>\n<p class=\"p1\"><span class=\"s1\">El movimiento &#8220;S&#8221; asegura su m\u00e1xima eficiencia, cubriendo hasta<br \/>\n60 metros cuadrados.<\/span>[\/vc_column_text][\/vc_column][vc_column width=&#8221;2\/3&#8243;][vc_single_image image=&#8221;15531&#8243; img_size=&#8221;full&#8221;][vc_empty_space][\/vc_column][\/vc_row][vc_row content_placement=&#8221;top&#8221;][vc_column width=&#8221;2\/3&#8243;][vc_single_image image=&#8221;15532&#8243; img_size=&#8221;full&#8221;][vc_empty_space][vc_empty_space][\/vc_column][vc_column width=&#8221;1\/3&#8243;][elx_heading text_color=&#8221;inherit&#8221;]PASO 3<br \/>\nLavado de la mopa[\/elx_heading][vc_column_text]<\/p>\n<p class=\"p1\"><span class=\"s1\">M\u00e1s higiene, mayor vida \u00fatil, mejores resultados hacen que ahorres tiempo y dinero.<\/span><\/p>\n<p>[\/vc_column_text][\/vc_column][\/vc_row][vc_row content_placement=&#8221;top&#8221;][vc_column width=&#8221;1\/3&#8243;][elx_heading text_color=&#8221;inherit&#8221;]PASO 4<br \/>\nInvierte en Electrolux Professional[\/elx_heading][vc_column_text]<\/p>\n<p class=\"p1\"><span class=\"s1\">La alta eficiencia y la longevidad mejorada te aseguran un retorno econ\u00f3mico de tu inversi\u00f3n, garantizando a\u00fan los mejores rendimientos.<\/span><\/p>\n<p>[\/vc_column_text][\/vc_column][vc_column width=&#8221;2\/3&#8243;][vc_single_image image=&#8221;15533&#8243; img_size=&#8221;full&#8221;][vc_empty_space][\/vc_column][\/vc_row][vc_row content_placement=&#8221;top&#8221;][vc_column css=&#8221;.vc_custom_1586186819724{background-color: #e9ebf1 !important;}&#8221;][vc_empty_space][elx_heading font_size=&#8221;h1&#8243; text_color=&#8221;inherit&#8221; text_align=&#8221;text-center&#8221;]Gracias a las lavadoras profesionales Electrolux,<br \/>\nProfessional\u2028tus mopas duran m\u00e1s[\/elx_heading][vc_empty_space][\/vc_column][\/vc_row][vc_row][vc_column][vc_empty_space][elx_heading font_container=&#8221;h3&#8243; text_color=&#8221;inherit&#8221;]Sin dosificaci\u00f3n extra aumenta la vida \u00fatil de los tejidos[\/elx_heading][vc_empty_space][\/vc_column][\/vc_row][vc_row][vc_column width=&#8221;2\/3&#8243;][vc_column_text]<\/p>\n<p class=\"p1\"><span class=\"s1\">El\u00a0<b>sistema de dosificaci\u00f3n eficiente<\/b>\u00a0calcula autom\u00e1ticamente la cantidad correcta de detergente seg\u00fan la indicaci\u00f3n de peso del\u00a0<b>sistema de ahorro autom\u00e1tico<\/b>\u00a0que controla la adici\u00f3n de la cantidad exacta de agua y consumo de energ\u00eda necesarios.<\/span><\/p>\n<p class=\"p1\"><span class=\"s1\">La gesti\u00f3n de la lavander\u00eda es m\u00e1s f\u00e1cil y m\u00e1s eficiente con informes de lavander\u00eda y validaci\u00f3n de temperatura.<\/span><\/p>\n<p class=\"p2\"><span class=\"s1\">Si prefieres limpiar con mopas secas, simplemente seca las mopas reci\u00e9n lavadas en una\u00a0<a href=\"https:\/\/www.electroluxprofessional.com\/new-line-6000-tumble-dryers\/\"><span class=\"s2\">secadora de Electrolux<\/span><\/a>\u00a0Professional.<\/span><\/p>\n<p>[\/vc_column_text][elx_heading font_container=&#8221;h3&#8243; text_color=&#8221;inherit&#8221;]Soluci\u00f3n eficiente de limpieza de suelos[\/elx_heading][vc_column_text]<\/p>\n<p class=\"p1\"><span class=\"s1\">El extractor especial de lavadoras de mopas incluye un\u00a0<b>paquete especial de programas de lavado<\/b>\u00a0(3 programas para mopas y 4 programas generales), elementos de calentamiento especiales, un tambor interno especial y una v\u00e1lvula de drenaje el\u00e9ctrica para un drenaje r\u00e1pido.<\/span><\/p>\n<p>[\/vc_column_text][vc_empty_space][\/vc_column][vc_column width=&#8221;1\/3&#8243;][vc_single_image image=&#8221;15534&#8243; img_size=&#8221;full&#8221;][\/vc_column][\/vc_row][vc_row content_placement=&#8221;top&#8221;][vc_column width=&#8221;2\/3&#8243;][vc_empty_space][vc_single_image image=&#8221;15535&#8243; img_size=&#8221;full&#8221; alignment=&#8221;center&#8221;][\/vc_column][vc_column width=&#8221;1\/3&#8243;][vc_empty_space][vc_column_text]<\/p>\n<p class=\"p1\"><span class=\"s1\">Preserva tu inversi\u00f3n en la mopa con la lavadora de Electrolux Professional.<br \/>\n<\/span><span style=\"font-size: 12px;\">(prueba realizada con una capacidad de carga no completa)<\/span><\/p>\n<p class=\"p1\"><span class=\"s1\"><b>Despu\u00e9s de 450 ciclos, la mopa mantiene un alto rendimiento de limpieza.<\/b><\/span><\/p>\n<p>[\/vc_column_text][vc_single_image image=&#8221;15536&#8243; img_size=&#8221;&#8221;][\/vc_column][\/vc_row][vc_row css=&#8221;.vc_custom_1473071764748{padding-top: 50px !important;padding-bottom: 50px !important;}&#8221;][vc_column][vc_empty_space][elx_heading font_size=&#8221;h1&#8243; text_color=&#8221;inherit&#8221; text_align=&#8221;text-center&#8221;]Tenemos la soluci\u00f3n a medida adecuada[\/elx_heading][\/vc_column][\/vc_row][vc_row][vc_column][vc_tta_section title=&#8221;Hospital&#8221; tab_id=&#8221;1473088626874-85a65eef-528a&#8221;][vc_row_inner][vc_column_inner width=&#8221;1\/2&#8243;][vc_single_image image=&#8221;15537&#8243; img_size=&#8221;full&#8221;][elx_button button_text=&#8221;Discover more on our solutions for hospitals&#8221; button_style=&#8221;icon&#8221; button_link=&#8221;url:https%3A%2F%2Fwww.electroluxprofessional.com%2Fla%2Fhospitales%2F|title:Hospitals||&#8221;][\/vc_column_inner][vc_column_inner width=&#8221;1\/2&#8243;][elx_heading font_container=&#8221;h3&#8243; text_color=&#8221;inherit&#8221;]Hospital St. Thomas<br \/>\nLondres, Reino Unido[\/elx_heading][vc_column_text]<\/p>\n<p class=\"p1\"><span class=\"s1\">Limpieza diaria de m\u00e1s de 850 kg de mopas y trapos de microfibra.\u00a0Seguimiento de los procesos de lavado y consumo.<\/span><\/p>\n<p>[\/vc_column_text][vc_column_text]<\/p>\n<p class=\"p1\"><span class=\"s1\">Soluci\u00f3n utilizada:<\/span><\/p>\n<p class=\"p1\"><span class=\"s1\">3 x\u00a0<a href=\"https:\/\/www.electroluxprofessional.com\/commercial-laundry-equipment\/line-6000-barrier-washers\/\"><span class=\"s2\">lavadoras de barrera<\/span><\/a>\u00a0(70 kg)<br \/>\n3 x\u00a0<a href=\"https:\/\/www.electroluxprofessional.com\/commercial-laundry-equipment\/tumble-dryers\/\"><span class=\"s2\">secadoras<\/span><\/a>\u00a0(67 kg)<br \/>\nCM &#8211;\u00a0\u00a0Sistema de informaci\u00f3n\u00a0Certus Management\u00a0<\/span><span class=\"s3\"><sup>TM<\/sup><\/span>[\/vc_column_text][\/vc_column_inner][\/vc_row_inner][\/vc_tta_section][vc_tta_section title=&#8221;Lavander\u00eda central&#8221; tab_id=&#8221;1473088629051-162eecc0-9ef7&#8243;][vc_row_inner][vc_column_inner width=&#8221;1\/2&#8243;][vc_single_image image=&#8221;15538&#8243; img_size=&#8221;full&#8221;][\/vc_column_inner][vc_column_inner width=&#8221;1\/2&#8243;][elx_heading font_container=&#8221;h3&#8243; text_color=&#8221;inherit&#8221;]U.D.O. Central Laundry<br \/>\nTubingen, Germany[\/elx_heading][vc_column_text]Cleaning weekly over 9 tons of mops, cloths and incontinence underpads for the hospital.[\/vc_column_text][vc_column_text]Solution used:<\/p>\n<p>2 x Barrier Washers (70 kg +\u00a090 kg)<br \/>\n1 x Commercial Mop Washer (8 kg) for microfiber mops and cloths<br \/>\n2 x Tumble Dryers (45 kg +\u00a060 kg)[\/vc_column_text][\/vc_column_inner][\/vc_row_inner][\/vc_tta_section][\/vc_column][\/vc_row][vc_row][vc_column][vc_column_text][\/vc_column_text][\/vc_column][\/vc_row][vc_row][vc_column][vc_empty_space][elx_heading text_color=&#8221;inherit&#8221; text_align=&#8221;text-left&#8221;]Descubre lo que Electrolux Professional puede hacer por tu negocio[\/elx_heading][elx_o2000_contact_us s=&#8221;Informaci\u00f3n de: gesti\u00f3n de instalaciones&#8221; country=&#8221;Spain&#8221; b=&#8221;laundry&#8221; container=&#8221;elxcontactus1473161992&#8243; r=&#8221;me gustar\u00eda saber m\u00e1s sobre las soluciones de gesti\u00f3n de instalaciones, por favor cont\u00e1ctenme.&#8221; l=&#8221;es&#8221;][vc_empty_space][\/vc_column][\/vc_row][vc_row][vc_column][vc_empty_space height=&#8221;50px&#8221;][\/vc_column][\/vc_row][vc_row][vc_column][vc_column_text][\/vc_column_text][\/vc_column][\/vc_row][vc_row][vc_column width=&#8221;1\/3&#8243;][vc_empty_space][\/vc_column][vc_column width=&#8221;1\/3&#8243;][vc_empty_space][vc_single_image image=&#8221;2229&#8243; img_size=&#8221;300*300&#8243; alignment=&#8221;center&#8221;][vc_column_text]<\/p>\n<p class=\"p1\" style=\"text-align: center;\"><span class=\"s1\">Unidos para servirte.\u00a0En cualquier momento, en cualquier lugar<\/span><\/p>\n<p>[\/vc_column_text][vc_empty_space][\/vc_column][vc_column width=&#8221;1\/3&#8243;][\/vc_column][\/vc_row][vc_row][vc_column][vc_column_text][\/vc_column_text][\/vc_column][\/vc_row][vc_row][vc_column][vc_column_text][\/vc_column_text][\/vc_column][\/vc_row][vc_row][vc_column][vc_column_text][\/vc_column_text][\/vc_column][\/vc_row][vc_row disable_element=&#8221;yes&#8221; matched_labels=&#8221;&#8221; css=&#8221;.vc_custom_1752742790776{background-color: #041e41 !important;}&#8221;][vc_column width=&#8221;1\/3&#8243;][vc_empty_space][elx_heading text_color=&#8221;white&#8221;]<span style=\"color: #ffffff;\">Descubre Essentia<\/span>[\/elx_heading][vc_column_text]<span style=\"color: #ffffff;\">Brindando el soporte que necesitas, cuidando tus procesos con una red de servicios fiable, una gama de servicios exclusivos personalizados y una tecnolog\u00eda innovadora.<br \/>\n<\/span>[\/vc_column_text][\/vc_column][vc_column width=&#8221;1\/3&#8243;][vc_empty_space][elx_heading text_color=&#8221;white&#8221;]Acuerdos de servicio[\/elx_heading][vc_column_text]<span style=\"color: #ffffff;\"> Elige entre paquetes flexibles y hechos a medida.\u00a0Reduce el tiempo de inactividad de tu negocio, manteniendo los mejores rendimientos operativos. <\/span>[\/vc_column_text][\/vc_column][vc_column width=&#8221;1\/3&#8243;][vc_empty_space][elx_heading text_color=&#8221;white&#8221;]<span style=\"color: #ffffff;\">El coraz\u00f3n de OnE<\/span>[\/elx_heading][vc_column_text]<span style=\"color: #ffffff;\"> Un socio de confianza \u00fanico para todas tus operaciones de alimentos, bebidas y lavander\u00eda. Desde la planificaci\u00f3n e instalaci\u00f3n, hasta la formaci\u00f3n personalizada y el servicio especializado. Con The OnE optimizamos el flujo de trabajo y evitamos el tiempo de inactividad, aumentando tu productividad y rendimiento.<br \/>\n<\/span>[\/vc_column_text][\/vc_column][\/vc_row][vc_row disable_element=&#8221;yes&#8221; matched_labels=&#8221;&#8221;][vc_column][vc_column_text][\/vc_column_text][\/vc_column][\/vc_row][vc_row disable_element=&#8221;yes&#8221; matched_labels=&#8221;&#8221; css=&#8221;.vc_custom_1752742800921{background-color: #041e41 !important;}&#8221;][vc_column width=&#8221;1\/3&#8243;][vc_empty_space][elx_button button_text=&#8221;Accesorios y consumibles&#8221; button_link=&#8221;url:https%3A%2F%2Fwww.electroluxprofessional.com%2Fmodular-cooking%2F|title:Service%20agreements&#8221;][\/vc_column][vc_column width=&#8221;1\/3&#8243;][vc_empty_space][elx_button button_text=&#8221;Eleva tu nivel&#8221; button_link=&#8221;url:https%3A%2F%2Fwww.electroluxprofessional.com%2Fla%2Fcustomer-care%2Fservice-agreements%2F|title:Service%20agreements&#8221;][\/vc_column][vc_column width=&#8221;1\/3&#8243;][vc_empty_space][elx_button button_text=&#8221;Descubre OnE&#8221; button_link=&#8221;url:https%3A%2F%2Fwww.electroluxprofessional.com%2Fla%2Fsupporting-customer-through-the-coronavirus-crisis%2F|title:Service%20agreements||&#8221;][\/vc_column][\/vc_row][vc_row disable_element=&#8221;yes&#8221; matched_labels=&#8221;&#8221; css=&#8221;.vc_custom_1752742812308{background-color: #041e41 !important;}&#8221;][vc_column][vc_empty_space][vc_column_text]<\/p>\n<p style=\"text-align: center;\"><span style=\"color: #ffffff;\"><strong> Electrolux Professional es el socio de confianza de The OnE que hace que tu vida laboral\u2028sea \u200b\u200bm\u00e1s f\u00e1cil, m\u00e1s rentable y verdaderamente sostenible cada d\u00eda. <\/strong><\/span>[\/vc_column_text][vc_empty_space][vc_single_image image=&#8221;15539&#8243; img_size=&#8221;150&#215;150&#8243; alignment=&#8221;center&#8221;][vc_empty_space][\/vc_column][\/vc_row][vc_row][\/vc_row][vc_row][vc_column][elx_heading font_size=&#8221;h1&#8243; text_color=&#8221;inherit&#8221; text_align=&#8221;text-center&#8221;]Conoce m\u00e1s sobre nuestras soluciones[\/elx_heading][\/vc_column][\/vc_row][vc_row][vc_column width=&#8221;1\/3&#8243;][elx_maylike_box id_box=&#8221;15541&#8243;][\/vc_column][vc_column width=&#8221;1\/3&#8243;][elx_maylike_box id_box=&#8221;15543&#8243;][\/vc_column][vc_column width=&#8221;1\/3&#8243;][elx_maylike_box id_box=&#8221;15545&#8243;][\/vc_column][\/vc_row]<\/p>\n","protected":false},"excerpt":{"rendered":"<p>[vc_row full_width=&#8221;electroluxpro-full-width-no-padding&#8221; css=&#8221;.vc_custom_1665128440813{margin-top: -50px !important;}&#8221;][vc_column reveal_effect=&#8221;&#8221;][elx_full_banner title=&#8221;Gesti\u00f3n de instalaciones&#8221; background_image_media_library=&#8221;15546&#8243; background_image_media_library_mobile=&#8221;15547&#8243;][\/vc_column][\/vc_row][vc_row][vc_column][vc_empty_space][elx_heading font_container=&#8221;h1&#8243; text_color=&#8221;inherit&#8221; text_align=&#8221;text-left&#8221;]Flexibilidad total con resultados de la m\u00e1s alta calidad[\/elx_heading][vc_empty_space][\/vc_column][\/vc_row][vc_row][vc_column width=&#8221;2\/3&#8243;][vc_column_text] Cuando el enemigo es invisible, necesitas a The OnE para mantener los ojos abiertos por ti. El\u00a0concepto\u00a0Electrolux Professional Mop Washer\u00a0est\u00e1 dise\u00f1ado para ofrecer una gama incre\u00edblemente amplia de soluciones de limpieza gracias [&hellip;]<\/p>\n","protected":false},"author":39,"featured_media":15528,"parent":0,"menu_order":0,"comment_status":"closed","ping_status":"closed","template":"","meta":{"footnotes":""},"class_list":["post-15548","page","type-page","status-publish","has-post-thumbnail","hentry"],"acf":[],"yoast_head":"<!-- This site is optimized with the Yoast SEO plugin v23.3 - https:\/\/yoast.com\/wordpress\/plugins\/seo\/ -->\n<title>Gesti\u00f3n de instalaciones - Electrolux Professional Latin America<\/title>\n<meta name=\"description\" content=\"Electrolux Professional te trae consejos sobre gesti\u00f3n de instalaciones. Soluciones profesionales para todo tipo de negocios y profesionales.\" \/>\n<meta name=\"robots\" content=\"index, follow, max-snippet:-1, max-image-preview:large, max-video-preview:-1\" \/>\n<link rel=\"canonical\" href=\"https:\/\/www.electroluxprofessional.com\/la\/gestion-de-instalaciones\/\" \/>\n<meta property=\"og:locale\" content=\"es_MX\" \/>\n<meta property=\"og:type\" content=\"article\" \/>\n<meta property=\"og:title\" content=\"Gesti\u00f3n de instalaciones - Electrolux Professional Latin America\" \/>\n<meta property=\"og:description\" content=\"Electrolux Professional te trae consejos sobre gesti\u00f3n de instalaciones. Soluciones profesionales para todo tipo de negocios y profesionales.\" \/>\n<meta property=\"og:url\" content=\"https:\/\/www.electroluxprofessional.com\/la\/gestion-de-instalaciones\/\" \/>\n<meta property=\"og:site_name\" content=\"Electrolux Professional Latin America\" \/>\n<meta property=\"article:modified_time\" content=\"2025-11-05T16:41:06+00:00\" \/>\n<meta property=\"og:image\" content=\"https:\/\/www.electroluxprofessional.com\/la\/wp-content\/uploads\/2025\/02\/facility-management-testimonial1-1.jpg\" \/>\n\t<meta property=\"og:image:width\" content=\"873\" \/>\n\t<meta property=\"og:image:height\" content=\"778\" \/>\n\t<meta property=\"og:image:type\" content=\"image\/jpeg\" \/>\n<meta name=\"twitter:card\" content=\"summary_large_image\" \/>\n<meta name=\"twitter:label1\" content=\"Tiempo de lectura\" \/>\n\t<meta name=\"twitter:data1\" content=\"5 minutos\" \/>\n<script type=\"application\/ld+json\" class=\"yoast-schema-graph\">{\"@context\":\"https:\/\/schema.org\",\"@graph\":[{\"@type\":\"WebPage\",\"@id\":\"https:\/\/www.electroluxprofessional.com\/la\/gestion-de-instalaciones\/\",\"url\":\"https:\/\/www.electroluxprofessional.com\/la\/gestion-de-instalaciones\/\",\"name\":\"Gesti\u00f3n de instalaciones - Electrolux Professional Latin America\",\"isPartOf\":{\"@id\":\"https:\/\/www.electroluxprofessional.com\/la\/#website\"},\"primaryImageOfPage\":{\"@id\":\"https:\/\/www.electroluxprofessional.com\/la\/gestion-de-instalaciones\/#primaryimage\"},\"image\":{\"@id\":\"https:\/\/www.electroluxprofessional.com\/la\/gestion-de-instalaciones\/#primaryimage\"},\"thumbnailUrl\":\"https:\/\/www.electroluxprofessional.com\/la\/wp-content\/uploads\/2025\/02\/facility-management-testimonial1-1.jpg\",\"datePublished\":\"2025-02-24T15:34:36+00:00\",\"dateModified\":\"2025-11-05T16:41:06+00:00\",\"description\":\"Electrolux Professional te trae consejos sobre gesti\u00f3n de instalaciones. Soluciones profesionales para todo tipo de negocios y profesionales.\",\"breadcrumb\":{\"@id\":\"https:\/\/www.electroluxprofessional.com\/la\/gestion-de-instalaciones\/#breadcrumb\"},\"inLanguage\":\"es\",\"potentialAction\":[{\"@type\":\"ReadAction\",\"target\":[\"https:\/\/www.electroluxprofessional.com\/la\/gestion-de-instalaciones\/\"]}]},{\"@type\":\"ImageObject\",\"inLanguage\":\"es\",\"@id\":\"https:\/\/www.electroluxprofessional.com\/la\/gestion-de-instalaciones\/#primaryimage\",\"url\":\"https:\/\/www.electroluxprofessional.com\/la\/wp-content\/uploads\/2025\/02\/facility-management-testimonial1-1.jpg\",\"contentUrl\":\"https:\/\/www.electroluxprofessional.com\/la\/wp-content\/uploads\/2025\/02\/facility-management-testimonial1-1.jpg\",\"width\":873,\"height\":778},{\"@type\":\"BreadcrumbList\",\"@id\":\"https:\/\/www.electroluxprofessional.com\/la\/gestion-de-instalaciones\/#breadcrumb\",\"itemListElement\":[{\"@type\":\"ListItem\",\"position\":1,\"name\":\"Home\",\"item\":\"https:\/\/www.electroluxprofessional.com\/la\/\"},{\"@type\":\"ListItem\",\"position\":2,\"name\":\"Gesti\u00f3n de instalaciones\"}]},{\"@type\":\"WebSite\",\"@id\":\"https:\/\/www.electroluxprofessional.com\/la\/#website\",\"url\":\"https:\/\/www.electroluxprofessional.com\/la\/\",\"name\":\"Electrolux Professional Latin America\",\"description\":\"Equipamiento cocinas profesionales y lavander\u00edas comerciales. Excelencia en el suministro de soluciones profesionales.\",\"potentialAction\":[{\"@type\":\"SearchAction\",\"target\":{\"@type\":\"EntryPoint\",\"urlTemplate\":\"https:\/\/www.electroluxprofessional.com\/la\/?src={search_term_string}\"},\"query-input\":\"required name=search_term_string\"}],\"inLanguage\":\"es\"}]}<\/script>\n<!-- \/ Yoast SEO plugin. -->","yoast_head_json":{"title":"Gesti\u00f3n de instalaciones - Electrolux Professional Latin America","description":"Electrolux Professional te trae consejos sobre gesti\u00f3n de instalaciones. Soluciones profesionales para todo tipo de negocios y profesionales.","robots":{"index":"index","follow":"follow","max-snippet":"max-snippet:-1","max-image-preview":"max-image-preview:large","max-video-preview":"max-video-preview:-1"},"canonical":"https:\/\/www.electroluxprofessional.com\/la\/gestion-de-instalaciones\/","og_locale":"es_MX","og_type":"article","og_title":"Gesti\u00f3n de instalaciones - Electrolux Professional Latin America","og_description":"Electrolux Professional te trae consejos sobre gesti\u00f3n de instalaciones. Soluciones profesionales para todo tipo de negocios y profesionales.","og_url":"https:\/\/www.electroluxprofessional.com\/la\/gestion-de-instalaciones\/","og_site_name":"Electrolux Professional Latin America","article_modified_time":"2025-11-05T16:41:06+00:00","og_image":[{"width":873,"height":778,"url":"https:\/\/www.electroluxprofessional.com\/la\/wp-content\/uploads\/2025\/02\/facility-management-testimonial1-1.jpg","type":"image\/jpeg"}],"twitter_card":"summary_large_image","twitter_misc":{"Tiempo de lectura":"5 minutos"},"schema":{"@context":"https:\/\/schema.org","@graph":[{"@type":"WebPage","@id":"https:\/\/www.electroluxprofessional.com\/la\/gestion-de-instalaciones\/","url":"https:\/\/www.electroluxprofessional.com\/la\/gestion-de-instalaciones\/","name":"Gesti\u00f3n de instalaciones - Electrolux Professional Latin America","isPartOf":{"@id":"https:\/\/www.electroluxprofessional.com\/la\/#website"},"primaryImageOfPage":{"@id":"https:\/\/www.electroluxprofessional.com\/la\/gestion-de-instalaciones\/#primaryimage"},"image":{"@id":"https:\/\/www.electroluxprofessional.com\/la\/gestion-de-instalaciones\/#primaryimage"},"thumbnailUrl":"https:\/\/www.electroluxprofessional.com\/la\/wp-content\/uploads\/2025\/02\/facility-management-testimonial1-1.jpg","datePublished":"2025-02-24T15:34:36+00:00","dateModified":"2025-11-05T16:41:06+00:00","description":"Electrolux Professional te trae consejos sobre gesti\u00f3n de instalaciones. Soluciones profesionales para todo tipo de negocios y profesionales.","breadcrumb":{"@id":"https:\/\/www.electroluxprofessional.com\/la\/gestion-de-instalaciones\/#breadcrumb"},"inLanguage":"es","potentialAction":[{"@type":"ReadAction","target":["https:\/\/www.electroluxprofessional.com\/la\/gestion-de-instalaciones\/"]}]},{"@type":"ImageObject","inLanguage":"es","@id":"https:\/\/www.electroluxprofessional.com\/la\/gestion-de-instalaciones\/#primaryimage","url":"https:\/\/www.electroluxprofessional.com\/la\/wp-content\/uploads\/2025\/02\/facility-management-testimonial1-1.jpg","contentUrl":"https:\/\/www.electroluxprofessional.com\/la\/wp-content\/uploads\/2025\/02\/facility-management-testimonial1-1.jpg","width":873,"height":778},{"@type":"BreadcrumbList","@id":"https:\/\/www.electroluxprofessional.com\/la\/gestion-de-instalaciones\/#breadcrumb","itemListElement":[{"@type":"ListItem","position":1,"name":"Home","item":"https:\/\/www.electroluxprofessional.com\/la\/"},{"@type":"ListItem","position":2,"name":"Gesti\u00f3n de instalaciones"}]},{"@type":"WebSite","@id":"https:\/\/www.electroluxprofessional.com\/la\/#website","url":"https:\/\/www.electroluxprofessional.com\/la\/","name":"Electrolux Professional Latin America","description":"Equipamiento cocinas profesionales y lavander\u00edas comerciales. Excelencia en el suministro de soluciones profesionales.","potentialAction":[{"@type":"SearchAction","target":{"@type":"EntryPoint","urlTemplate":"https:\/\/www.electroluxprofessional.com\/la\/?src={search_term_string}"},"query-input":"required name=search_term_string"}],"inLanguage":"es"}]}},"_links":{"self":[{"href":"https:\/\/www.electroluxprofessional.com\/la\/wp-json\/wp\/v2\/pages\/15548"}],"collection":[{"href":"https:\/\/www.electroluxprofessional.com\/la\/wp-json\/wp\/v2\/pages"}],"about":[{"href":"https:\/\/www.electroluxprofessional.com\/la\/wp-json\/wp\/v2\/types\/page"}],"author":[{"embeddable":true,"href":"https:\/\/www.electroluxprofessional.com\/la\/wp-json\/wp\/v2\/users\/39"}],"replies":[{"embeddable":true,"href":"https:\/\/www.electroluxprofessional.com\/la\/wp-json\/wp\/v2\/comments?post=15548"}],"version-history":[{"count":6,"href":"https:\/\/www.electroluxprofessional.com\/la\/wp-json\/wp\/v2\/pages\/15548\/revisions"}],"predecessor-version":[{"id":16676,"href":"https:\/\/www.electroluxprofessional.com\/la\/wp-json\/wp\/v2\/pages\/15548\/revisions\/16676"}],"wp:featuredmedia":[{"embeddable":true,"href":"https:\/\/www.electroluxprofessional.com\/la\/wp-json\/wp\/v2\/media\/15528"}],"wp:attachment":[{"href":"https:\/\/www.electroluxprofessional.com\/la\/wp-json\/wp\/v2\/media?parent=15548"}],"curies":[{"name":"wp","href":"https:\/\/api.w.org\/{rel}","templated":true}]}}