{"id":15463,"date":"2025-02-24T14:45:58","date_gmt":"2025-02-24T14:45:58","guid":{"rendered":"https:\/\/www.electroluxprofessional.com\/la\/?page_id=15463"},"modified":"2025-11-05T16:45:20","modified_gmt":"2025-11-05T16:45:20","slug":"autoservicio-lavanderia-huespedes","status":"publish","type":"page","link":"https:\/\/www.electroluxprofessional.com\/la\/autoservicio-lavanderia-huespedes\/","title":{"rendered":"Lavander\u00edas para hu\u00e9spedes"},"content":{"rendered":"<p>[vc_row full_width=&#8221;electroluxpro-full-width-no-padding&#8221; equal_height=&#8221;yes&#8221; css=&#8221;.vc_custom_1604054607517{margin-top: -30px !important;border-top-width: -30px !important;padding-top: -30px !important;}&#8221;][vc_column][elx_full_banner title=&#8221;Lavander\u00edas para hu\u00e9spedes&#8221; set_as_h1=&#8221;true&#8221; background_image_media_library=&#8221;15448&#8243; background_image_media_library_mobile=&#8221;15460&#8243;][\/vc_column][\/vc_row][vc_row][vc_column][vc_empty_space][elx_heading font_size=&#8221;h2&#8243; text_color=&#8221;inherit&#8221; text_align=&#8221;text-center&#8221;]Descanso total[\/elx_heading][vc_empty_space][vc_column_text]<\/p>\n<p style=\"text-align: center; font-size: 22px;\">El tiempo de ocio es sagrado, la gente de vacaciones desea descansar y disfrutar, y saber que pueden lavar y secar sus prendas con rapidez. Ayuda a tus hu\u00e9spedes a aprovechar su viaje al m\u00e1ximo<br \/>\ncon las soluciones de lavander\u00eda Electrolux Professional.[\/vc_column_text][vc_empty_space][vc_row_inner][vc_column_inner width=&#8221;1\/2&#8243;][vc_column_text]<\/p>\n<ul>\n<li style=\"font-size: 20px;\">Campings<\/li>\n<li style=\"font-size: 20px;\">Zonas de descanso<\/li>\n<\/ul>\n<p>[\/vc_column_text][\/vc_column_inner][vc_column_inner width=&#8221;1\/2&#8243;][vc_column_text]<\/p>\n<ul>\n<li style=\"font-size: 20px;\">Gimnasios<\/li>\n<\/ul>\n<ul>\n<li style=\"font-size: 20px;\">Centros deportivos<\/li>\n<\/ul>\n<p>[\/vc_column_text][\/vc_column_inner][\/vc_row_inner][vc_empty_space][\/vc_column][\/vc_row][vc_row full_width=&#8221;electroluxpro-full-width-no-padding&#8221;][vc_column][elx_hero_slider text_position=&#8221;hero_slider_text_align_right&#8221; text_color=&#8221;electrolux-blue&#8221; label_text_color=&#8221;electrolux-blue&#8221; images=&#8221;15449&#8243;][elx_heading font_container=&#8221;h4&#8243; font_size=&#8221;h4&#8243; text_color=&#8221;electrolux-blue&#8221; text_align=&#8221;text-left&#8221;]Haz que disfruten de su estancia[\/elx_heading][vc_column_text]<\/p>\n<p style=\"font-size: 20px;\">Si administras un camping, un lugar de alquiler de vacaciones, un albergue juvenil, un puerto deportivo u otras instalaciones de ocio, a tus hu\u00e9spedes les encantar\u00e1 poder lavar su ropa de inmediato. Unas m\u00e1quinas eficientes y resistentes har\u00e1n que t\u00fa ahorres dinero y tus hu\u00e9spedes un tiempo muy valioso.<\/p>\n<p>[\/vc_column_text][\/elx_hero_slider][vc_empty_space][\/vc_column][\/vc_row][vc_row full_width=&#8221;electroluxpro-container-no-padding&#8221;][vc_column][vc_empty_space][elx_heading font_size=&#8221;h2&#8243; text_color=&#8221;inherit&#8221; text_align=&#8221;text-center&#8221;]Conoce nuestras soluciones de lavander\u00eda[\/elx_heading][vc_empty_space][elx_double_banner title_1=&#8221;Lavadoras L\u00ednea 6000&#8243; text_1=&#8221;Las nuevas lavadoras comerciales de la L\u00ednea 6000 se han dise\u00f1ado para el menor consumo posible de agua, energ\u00eda y detergente. Por encima de todo, se han dise\u00f1ado para ofrecer la mejor experiencia de usuario.&#8221; title_2=&#8221;Secadoras L\u00ednea 6000&#8243; text_2=&#8221;Las nuevas secadoras L\u00ednea 6000 van varios pasos por delante de otras secadoras en cuanto a ahorro de energ\u00eda y velocidad. Con un dise\u00f1o ergon\u00f3mico homologado y un enfoque centrado en las personas, ofrecen siempre una experiencia sin esfuerzo.&#8221; background_image_media_library_1=&#8221;15461&#8243; background_image_media_library_mobile_1=&#8221;15461&#8243; background_image_media_library_2=&#8221;15462&#8243; background_image_media_library_mobile_2=&#8221;15462&#8243; link_1=&#8221;url:https%3A%2F%2Fwww.electroluxprofessional.com%2Fla%2Fequipamiento-lavanderia-comercial%2Fcommercial-washers%2F|title:DESCUBRE%20NUESTRAS%20LAVADORAS|target:_blank&#8221; link_2=&#8221;url:https%3A%2F%2Fwww.electroluxprofessional.com%2Fla%2Fequipamiento-lavanderia-comercial%2Ftumble-dryers%2F|title:DESCUBRE%20NUESTRAS%20SECADORAS|target:_blank&#8221;][vc_empty_space][vc_row_inner][vc_column_inner][\/vc_column_inner][\/vc_row_inner][\/vc_column][\/vc_row][vc_row full_width=&#8221;electroluxpro-full-width-no-padding&#8221;][vc_column][elx_hero_slider text_position=&#8221;hero_slider_text_align_right&#8221; text_color=&#8221;electrolux-blue&#8221; label_text_color=&#8221;electrolux-blue&#8221; images=&#8221;15450&#8243;][elx_heading font_container=&#8221;h4&#8243; font_size=&#8221;h4&#8243; text_color=&#8221;electrolux-blue&#8221; text_align=&#8221;text-left&#8221;]Lo que myPROzip ofrece:[\/elx_heading][vc_column_text]<\/p>\n<p style=\"font-size: 20px;\">\u2013 Es hasta un 50\u2009% m\u00e1s r\u00e1pida con programas profesionales<br \/>\n\u2013 Dura hasta 3 veces m\u00e1s que los equipos est\u00e1ndar<br \/>\n\u2013 Proporciona resultados excelentes en cada lavado gracias al exclusivo tambor SpeedCare de Electrolux Professional[\/vc_column_text][elx_button button_text=&#8221;Descarga el cat\u00e1logo&#8221; button_link=&#8221;url:https%3A%2F%2Fwww.electroluxprofessional.com%2Fla%2Fwp-content%2Fuploads%2F2025%2F05%2FEPR_sales-booklet-mypro-ENG_LR.pdf|target:_blank&#8221;][\/elx_hero_slider][vc_empty_space][\/vc_column][\/vc_row][vc_row full_width=&#8221;electroluxpro-container-no-padding&#8221;][vc_column width=&#8221;1\/2&#8243; css=&#8221;.vc_custom_1606971695132{margin-left: 0px !important;border-left-width: 0px !important;padding-left: 0px !important;}&#8221;][vc_empty_space height=&#8221;64px&#8221;][elx_heading text_color=&#8221;inherit&#8221;]M\u00e1s opciones para cargas mayores con myPRO XL[\/elx_heading][vc_empty_space height=&#8221;64px&#8221;][vc_column_text css=&#8221;.vc_custom_1608692304686{padding-right: 20px !important;}&#8221;]\u00a1Ahorra tiempo! Mayor rapidez y eficiencia.<br \/>\n\u2013 <strong>Lavadoras myPRO XL:<\/strong> programa predeterminado de 35 minutos con agua fr\u00eda.<br \/>\nSolo 73 minutos para un programa normal a 60 \u00b0C, con entradas de agua fr\u00eda a 15 \u00b0C y agua caliente a 55 \u00b0C<br \/>\n\u2013 <strong>Secadoras myPRO XL:<\/strong> solo 87 minutos para carga completa, 45 minutos para media carga[\/vc_column_text][vc_empty_space][elx_button button_text=&#8221;Descarga el cat\u00e1logo&#8221; button_link=&#8221;url:https%3A%2F%2Fwww.electroluxprofessional.com%2Fla%2Fwp-content%2Fuploads%2F2025%2F05%2FEPR_sales-booklet-mypro-ENG_LR.pdf|target:_blank&#8221;][\/vc_column][vc_column width=&#8221;1\/2&#8243; css=&#8221;.vc_custom_1606950623004{margin-left: 10px !important;border-left-width: 10px !important;padding-left: 10px !important;}&#8221;][vc_single_image image=&#8221;15451&#8243; img_size=&#8221;650px&#8221;][\/vc_column][\/vc_row][vc_row][vc_column][vc_empty_space][elx_heading text_color=&#8221;inherit&#8221; text_align=&#8221;text-center&#8221;]Las tareas de lavander\u00eda son m\u00e1s f\u00e1ciles y rentables que nunca.[\/elx_heading][vc_empty_space][\/vc_column][\/vc_row][vc_row][vc_column width=&#8221;1\/2&#8243;][vc_empty_space][vc_hoverbox image=&#8221;15452&#8243; primary_title=&#8221;F\u00e1cil de usar&#8221; hover_title=&#8221;F\u00e1cil de usar&#8221;]Interfaz sumamente intuitiva y ventajas ergon\u00f3micas que reducen el esfuerzo, en especial para clientes con discapacidad.[\/vc_hoverbox][vc_empty_space][\/vc_column][vc_column width=&#8221;1\/2&#8243;][vc_empty_space][vc_hoverbox image=&#8221;15452&#8243; primary_title=&#8221;Ahorro de dinero&#8221; hover_title=&#8221;Ahorro de dinero&#8221;]Instalaci\u00f3n muy sencilla y econ\u00f3mica, con gastos de funcionamiento y energ\u00eda sumamente bajos a lo largo del tiempo.[\/vc_hoverbox][vc_empty_space][\/vc_column][\/vc_row][vc_row full_width=&#8221;electroluxpro-container-no-padding&#8221;][vc_column width=&#8221;1\/2&#8243;][vc_empty_space][vc_hoverbox image=&#8221;15452&#8243; primary_title=&#8221;Adaptada a tu negocio&#8221; hover_title=&#8221;Adaptada a tu negocio&#8221; el_width=&#8221;90&#8243;]Tanto si eliges los modelos apilables m\u00e1s peque\u00f1os como los de mayor tama\u00f1o, toda la gama tiene unas dimensiones reducidas y optimizadas para ahorrar espacio.[\/vc_hoverbox][vc_empty_space][\/vc_column][vc_column width=&#8221;1\/2&#8243;][vc_empty_space][vc_hoverbox image=&#8221;15452&#8243; primary_title=&#8221;Ergonom\u00eda certificada&#8221; hover_title=&#8221;Ergonom\u00eda certificada&#8221;]La nueva gama de lavadoras y secadoras tiene certificaci\u00f3n de las normas internacionales por su dise\u00f1o ergon\u00f3mico y centrado en las personas.[\/vc_hoverbox][vc_empty_space][\/vc_column][\/vc_row][vc_row][vc_column][vc_row_inner][vc_column_inner width=&#8221;1\/4&#8243;][vc_empty_space][vc_single_image image=&#8221;15453&#8243; img_size=&#8221;medium&#8221; alignment=&#8221;center&#8221;][vc_empty_space][\/vc_column_inner][vc_column_inner width=&#8221;3\/4&#8243;][elx_heading text_color=&#8221;inherit&#8221; text_align=&#8221;text-left&#8221;]M\u00e1s sobre la ergonom\u00eda certificada[\/elx_heading][vc_column_text]Todas las lavadoras y secadoras de la L\u00ednea 6000 est\u00e1n homologadas por las normas internacionales de ergonom\u00eda y dise\u00f1o centrado en las personas. Esto quiere decir que se han sometido a pruebas de usuarios para garantizar que exigen menos tensi\u00f3n y esfuerzo y que convierten las tareas de lavander\u00eda en una experiencia m\u00e1s placentera.<\/p>\n<p><strong>La versi\u00f3n ClarusVibe de lavadoras y algunos modelos de secadoras han obtenido la prestigiosa calificaci\u00f3n Ergocert 4 estrellas, la m\u00e1xima en ergonom\u00eda.<\/strong>[\/vc_column_text][vc_empty_space][\/vc_column_inner][\/vc_row_inner][\/vc_column][\/vc_row][vc_row equal_height=&#8221;yes&#8221;][\/vc_row][vc_row css=&#8221;.vc_custom_1604014478182{background-color: #efefef !important;}&#8221;][vc_column][vc_empty_space][elx_heading text_color=&#8221;inherit&#8221; text_align=&#8221;text-center&#8221;]Muchas opciones pr\u00e1cticas[\/elx_heading][vc_empty_space][\/vc_column][\/vc_row][vc_row css=&#8221;.vc_custom_1604014467256{background-color: #efefef !important;}&#8221;][vc_column][vc_row_inner][vc_column_inner width=&#8221;1\/3&#8243;][vc_single_image image=&#8221;15454&#8243; img_size=&#8221;100px&#8221; alignment=&#8221;center&#8221;][elx_heading font_container=&#8221;h6&#8243; font_size=&#8221;h6&#8243; text_color=&#8221;electrolux-blue&#8221; text_align=&#8221;text-center&#8221;]Monederos[\/elx_heading][vc_column_text]<\/p>\n<p style=\"font-size: 16px; text-align: center;\">Con fichas o monedas, mec\u00e1nico o electromec\u00e1nico<\/p>\n<p>[\/vc_column_text][vc_empty_space][\/vc_column_inner][vc_column_inner width=&#8221;1\/3&#8243;][vc_single_image image=&#8221;15455&#8243; img_size=&#8221;100px&#8221; alignment=&#8221;center&#8221;][elx_heading font_container=&#8221;h6&#8243; font_size=&#8221;h6&#8243; text_color=&#8221;electrolux-blue&#8221; text_align=&#8221;text-center&#8221;]Lectores de tarjetas[\/elx_heading][vc_column_text]<\/p>\n<p style=\"font-size: 16px; text-align: center;\">Prepago, tarjetas llave,<br \/>\ntarjetas bancarias[\/vc_column_text][vc_empty_space][\/vc_column_inner][vc_column_inner width=&#8221;1\/3&#8243;][vc_single_image image=&#8221;15456&#8243; img_size=&#8221;80px&#8221; alignment=&#8221;center&#8221;][elx_heading font_container=&#8221;h6&#8243; font_size=&#8221;h6&#8243; text_color=&#8221;electrolux-blue&#8221; text_align=&#8221;text-center&#8221;]Aplicaciones[\/elx_heading][vc_column_text]<\/p>\n<p style=\"font-size: 16px; text-align: center;\">Independiente<br \/>\nConectada a los sistemas de pago existentes<\/p>\n<p>[\/vc_column_text][vc_empty_space][\/vc_column_inner][\/vc_row_inner][vc_row_inner][vc_column_inner width=&#8221;1\/3&#8243;][vc_single_image image=&#8221;15457&#8243; img_size=&#8221;100px&#8221; alignment=&#8221;center&#8221;][elx_heading font_container=&#8221;h6&#8243; font_size=&#8221;h6&#8243; text_color=&#8221;electrolux-blue&#8221; text_align=&#8221;text-center&#8221;]Medidores inteligentes[\/elx_heading][vc_column_text]<\/p>\n<p style=\"font-size: 16px; text-align: center;\">Mecanismo independiente para activar o desactivar el suministro el\u00e9ctrico<\/p>\n<p>[\/vc_column_text][vc_empty_space][\/vc_column_inner][vc_column_inner width=&#8221;1\/3&#8243;][vc_single_image image=&#8221;15458&#8243; img_size=&#8221;100px&#8221; alignment=&#8221;center&#8221;][elx_heading font_container=&#8221;h6&#8243; font_size=&#8221;h6&#8243; text_color=&#8221;electrolux-blue&#8221; text_align=&#8221;text-center&#8221;]Sistemas de pago<br \/>\ncentralizados[\/elx_heading][vc_column_text]<\/p>\n<p style=\"font-size: 16px; text-align: center;\">Estaci\u00f3n de pago \u00fanica que supervisa varias m\u00e1quinas<\/p>\n<p>[\/vc_column_text][vc_empty_space][\/vc_column_inner][vc_column_inner width=&#8221;1\/3&#8243;][vc_single_image image=&#8221;15459&#8243; img_size=&#8221;100px&#8221; alignment=&#8221;center&#8221;][elx_heading font_container=&#8221;h6&#8243; font_size=&#8221;h6&#8243; text_color=&#8221;electrolux-blue&#8221; text_align=&#8221;text-center&#8221;]Sistemas de reserva<br \/>\ncon pago mensual[\/elx_heading][vc_column_text]<\/p>\n<p style=\"font-size: 16px; text-align: center;\">Un dispositivo por lavander\u00eda para reservar las m\u00e1quinas en persona o a distancia. Varias opciones de pago<\/p>\n<p>[\/vc_column_text][vc_empty_space][\/vc_column_inner][\/vc_row_inner][vc_empty_space height=&#8221;50px&#8221;][\/vc_column][\/vc_row][vc_row css=&#8221;.vc_custom_1721718438484{background-color: #ffffff !important;}&#8221; el_id=&#8221;contact&#8221;][vc_column][vc_empty_space][elx_heading font_container=&#8221;h3&#8243; text_color=&#8221;electrolux-blue&#8221; text_align=&#8221;text-center&#8221;]M\u00e1s informaci\u00f3n. Ponte en contacto con nuestros expertos.[\/elx_heading][elx_o2000_contact_us s=&#8221;Solicitud de informaci\u00f3n sobre lavander\u00edas multifamiliares&#8221; b=&#8221;laundry&#8221; container=&#8221;elxcontactus1482242857&#8243; flag_background=&#8221;true&#8221; r=&#8221;Me gustar\u00eda obtener m\u00e1s informaci\u00f3n sobre lavander\u00edas multifamiliares&#8221; l=&#8221;en&#8221;][\/vc_column][\/vc_row][vc_row][vc_column][vc_column_text][\/vc_column_text][\/vc_column][\/vc_row][vc_row][vc_column][vc_column_text][\/vc_column_text][\/vc_column][\/vc_row][vc_column width=&#8221;1\/6&#8243;][\/vc_column][vc_column width=&#8221;2\/6&#8243;][\/vc_column][vc_column width=&#8221;2\/6&#8243;][\/vc_column]<\/p>\n","protected":false},"excerpt":{"rendered":"<p>[vc_row full_width=&#8221;electroluxpro-full-width-no-padding&#8221; equal_height=&#8221;yes&#8221; css=&#8221;.vc_custom_1604054607517{margin-top: -30px !important;border-top-width: -30px !important;padding-top: -30px !important;}&#8221;][vc_column][elx_full_banner title=&#8221;Lavander\u00edas para hu\u00e9spedes&#8221; set_as_h1=&#8221;true&#8221; background_image_media_library=&#8221;15448&#8243; background_image_media_library_mobile=&#8221;15460&#8243;][\/vc_column][\/vc_row][vc_row][vc_column][vc_empty_space][elx_heading font_size=&#8221;h2&#8243; text_color=&#8221;inherit&#8221; text_align=&#8221;text-center&#8221;]Descanso total[\/elx_heading][vc_empty_space][vc_column_text] El tiempo de ocio es sagrado, la gente de vacaciones desea descansar y disfrutar, y saber que pueden lavar y secar sus prendas con rapidez. Ayuda a tus hu\u00e9spedes a aprovechar su viaje al m\u00e1ximo [&hellip;]<\/p>\n","protected":false},"author":39,"featured_media":15448,"parent":0,"menu_order":0,"comment_status":"closed","ping_status":"closed","template":"","meta":{"footnotes":""},"class_list":["post-15463","page","type-page","status-publish","has-post-thumbnail","hentry"],"acf":[],"yoast_head":"<!-- This site is optimized with the Yoast SEO plugin v23.3 - https:\/\/yoast.com\/wordpress\/plugins\/seo\/ -->\n<title>Lavander\u00edas para hu\u00e9spedes - Electrolux Professional Latin America<\/title>\n<meta name=\"description\" content=\"Aseg\u00farate de que tus clientes disfrutan al m\u00e1ximo de su viaje con las soluciones de lavander\u00eda de Electrolux Professional.\" \/>\n<meta name=\"robots\" content=\"index, follow, max-snippet:-1, max-image-preview:large, max-video-preview:-1\" \/>\n<link rel=\"canonical\" href=\"https:\/\/www.electroluxprofessional.com\/la\/autoservicio-lavanderia-huespedes\/\" \/>\n<meta property=\"og:locale\" content=\"es_MX\" \/>\n<meta property=\"og:type\" content=\"article\" \/>\n<meta property=\"og:title\" content=\"Lavander\u00edas para hu\u00e9spedes - Electrolux Professional Latin America\" \/>\n<meta property=\"og:description\" content=\"Aseg\u00farate de que tus clientes disfrutan al m\u00e1ximo de su viaje con las soluciones de lavander\u00eda de Electrolux Professional.\" \/>\n<meta property=\"og:url\" content=\"https:\/\/www.electroluxprofessional.com\/la\/autoservicio-lavanderia-huespedes\/\" \/>\n<meta property=\"og:site_name\" content=\"Electrolux Professional Latin America\" \/>\n<meta property=\"article:modified_time\" content=\"2025-11-05T16:45:20+00:00\" \/>\n<meta property=\"og:image\" content=\"https:\/\/www.electroluxprofessional.com\/la\/wp-content\/uploads\/2025\/02\/top-banner-guest-laundries.jpg\" \/>\n\t<meta property=\"og:image:width\" content=\"1920\" \/>\n\t<meta property=\"og:image:height\" content=\"581\" \/>\n\t<meta property=\"og:image:type\" content=\"image\/jpeg\" \/>\n<meta name=\"twitter:card\" content=\"summary_large_image\" \/>\n<meta name=\"twitter:label1\" content=\"Tiempo de lectura\" \/>\n\t<meta name=\"twitter:data1\" content=\"4 minutos\" \/>\n<script type=\"application\/ld+json\" class=\"yoast-schema-graph\">{\"@context\":\"https:\/\/schema.org\",\"@graph\":[{\"@type\":\"WebPage\",\"@id\":\"https:\/\/www.electroluxprofessional.com\/la\/autoservicio-lavanderia-huespedes\/\",\"url\":\"https:\/\/www.electroluxprofessional.com\/la\/autoservicio-lavanderia-huespedes\/\",\"name\":\"Lavander\u00edas para hu\u00e9spedes - Electrolux Professional Latin America\",\"isPartOf\":{\"@id\":\"https:\/\/www.electroluxprofessional.com\/la\/#website\"},\"primaryImageOfPage\":{\"@id\":\"https:\/\/www.electroluxprofessional.com\/la\/autoservicio-lavanderia-huespedes\/#primaryimage\"},\"image\":{\"@id\":\"https:\/\/www.electroluxprofessional.com\/la\/autoservicio-lavanderia-huespedes\/#primaryimage\"},\"thumbnailUrl\":\"https:\/\/www.electroluxprofessional.com\/la\/wp-content\/uploads\/2025\/02\/top-banner-guest-laundries.jpg\",\"datePublished\":\"2025-02-24T14:45:58+00:00\",\"dateModified\":\"2025-11-05T16:45:20+00:00\",\"description\":\"Aseg\u00farate de que tus clientes disfrutan al m\u00e1ximo de su viaje con las soluciones de lavander\u00eda de Electrolux Professional.\",\"breadcrumb\":{\"@id\":\"https:\/\/www.electroluxprofessional.com\/la\/autoservicio-lavanderia-huespedes\/#breadcrumb\"},\"inLanguage\":\"es\",\"potentialAction\":[{\"@type\":\"ReadAction\",\"target\":[\"https:\/\/www.electroluxprofessional.com\/la\/autoservicio-lavanderia-huespedes\/\"]}]},{\"@type\":\"ImageObject\",\"inLanguage\":\"es\",\"@id\":\"https:\/\/www.electroluxprofessional.com\/la\/autoservicio-lavanderia-huespedes\/#primaryimage\",\"url\":\"https:\/\/www.electroluxprofessional.com\/la\/wp-content\/uploads\/2025\/02\/top-banner-guest-laundries.jpg\",\"contentUrl\":\"https:\/\/www.electroluxprofessional.com\/la\/wp-content\/uploads\/2025\/02\/top-banner-guest-laundries.jpg\",\"width\":1920,\"height\":581},{\"@type\":\"BreadcrumbList\",\"@id\":\"https:\/\/www.electroluxprofessional.com\/la\/autoservicio-lavanderia-huespedes\/#breadcrumb\",\"itemListElement\":[{\"@type\":\"ListItem\",\"position\":1,\"name\":\"Home\",\"item\":\"https:\/\/www.electroluxprofessional.com\/la\/\"},{\"@type\":\"ListItem\",\"position\":2,\"name\":\"Lavander\u00edas para hu\u00e9spedes\"}]},{\"@type\":\"WebSite\",\"@id\":\"https:\/\/www.electroluxprofessional.com\/la\/#website\",\"url\":\"https:\/\/www.electroluxprofessional.com\/la\/\",\"name\":\"Electrolux Professional Latin America\",\"description\":\"Equipamiento cocinas profesionales y lavander\u00edas comerciales. Excelencia en el suministro de soluciones profesionales.\",\"potentialAction\":[{\"@type\":\"SearchAction\",\"target\":{\"@type\":\"EntryPoint\",\"urlTemplate\":\"https:\/\/www.electroluxprofessional.com\/la\/?src={search_term_string}\"},\"query-input\":\"required name=search_term_string\"}],\"inLanguage\":\"es\"}]}<\/script>\n<!-- \/ Yoast SEO plugin. -->","yoast_head_json":{"title":"Lavander\u00edas para hu\u00e9spedes - Electrolux Professional Latin America","description":"Aseg\u00farate de que tus clientes disfrutan al m\u00e1ximo de su viaje con las soluciones de lavander\u00eda de Electrolux Professional.","robots":{"index":"index","follow":"follow","max-snippet":"max-snippet:-1","max-image-preview":"max-image-preview:large","max-video-preview":"max-video-preview:-1"},"canonical":"https:\/\/www.electroluxprofessional.com\/la\/autoservicio-lavanderia-huespedes\/","og_locale":"es_MX","og_type":"article","og_title":"Lavander\u00edas para hu\u00e9spedes - Electrolux Professional Latin America","og_description":"Aseg\u00farate de que tus clientes disfrutan al m\u00e1ximo de su viaje con las soluciones de lavander\u00eda de Electrolux Professional.","og_url":"https:\/\/www.electroluxprofessional.com\/la\/autoservicio-lavanderia-huespedes\/","og_site_name":"Electrolux Professional Latin America","article_modified_time":"2025-11-05T16:45:20+00:00","og_image":[{"width":1920,"height":581,"url":"https:\/\/www.electroluxprofessional.com\/la\/wp-content\/uploads\/2025\/02\/top-banner-guest-laundries.jpg","type":"image\/jpeg"}],"twitter_card":"summary_large_image","twitter_misc":{"Tiempo de lectura":"4 minutos"},"schema":{"@context":"https:\/\/schema.org","@graph":[{"@type":"WebPage","@id":"https:\/\/www.electroluxprofessional.com\/la\/autoservicio-lavanderia-huespedes\/","url":"https:\/\/www.electroluxprofessional.com\/la\/autoservicio-lavanderia-huespedes\/","name":"Lavander\u00edas para hu\u00e9spedes - Electrolux Professional Latin America","isPartOf":{"@id":"https:\/\/www.electroluxprofessional.com\/la\/#website"},"primaryImageOfPage":{"@id":"https:\/\/www.electroluxprofessional.com\/la\/autoservicio-lavanderia-huespedes\/#primaryimage"},"image":{"@id":"https:\/\/www.electroluxprofessional.com\/la\/autoservicio-lavanderia-huespedes\/#primaryimage"},"thumbnailUrl":"https:\/\/www.electroluxprofessional.com\/la\/wp-content\/uploads\/2025\/02\/top-banner-guest-laundries.jpg","datePublished":"2025-02-24T14:45:58+00:00","dateModified":"2025-11-05T16:45:20+00:00","description":"Aseg\u00farate de que tus clientes disfrutan al m\u00e1ximo de su viaje con las soluciones de lavander\u00eda de Electrolux Professional.","breadcrumb":{"@id":"https:\/\/www.electroluxprofessional.com\/la\/autoservicio-lavanderia-huespedes\/#breadcrumb"},"inLanguage":"es","potentialAction":[{"@type":"ReadAction","target":["https:\/\/www.electroluxprofessional.com\/la\/autoservicio-lavanderia-huespedes\/"]}]},{"@type":"ImageObject","inLanguage":"es","@id":"https:\/\/www.electroluxprofessional.com\/la\/autoservicio-lavanderia-huespedes\/#primaryimage","url":"https:\/\/www.electroluxprofessional.com\/la\/wp-content\/uploads\/2025\/02\/top-banner-guest-laundries.jpg","contentUrl":"https:\/\/www.electroluxprofessional.com\/la\/wp-content\/uploads\/2025\/02\/top-banner-guest-laundries.jpg","width":1920,"height":581},{"@type":"BreadcrumbList","@id":"https:\/\/www.electroluxprofessional.com\/la\/autoservicio-lavanderia-huespedes\/#breadcrumb","itemListElement":[{"@type":"ListItem","position":1,"name":"Home","item":"https:\/\/www.electroluxprofessional.com\/la\/"},{"@type":"ListItem","position":2,"name":"Lavander\u00edas para hu\u00e9spedes"}]},{"@type":"WebSite","@id":"https:\/\/www.electroluxprofessional.com\/la\/#website","url":"https:\/\/www.electroluxprofessional.com\/la\/","name":"Electrolux Professional Latin America","description":"Equipamiento cocinas profesionales y lavander\u00edas comerciales. Excelencia en el suministro de soluciones profesionales.","potentialAction":[{"@type":"SearchAction","target":{"@type":"EntryPoint","urlTemplate":"https:\/\/www.electroluxprofessional.com\/la\/?src={search_term_string}"},"query-input":"required name=search_term_string"}],"inLanguage":"es"}]}},"_links":{"self":[{"href":"https:\/\/www.electroluxprofessional.com\/la\/wp-json\/wp\/v2\/pages\/15463"}],"collection":[{"href":"https:\/\/www.electroluxprofessional.com\/la\/wp-json\/wp\/v2\/pages"}],"about":[{"href":"https:\/\/www.electroluxprofessional.com\/la\/wp-json\/wp\/v2\/types\/page"}],"author":[{"embeddable":true,"href":"https:\/\/www.electroluxprofessional.com\/la\/wp-json\/wp\/v2\/users\/39"}],"replies":[{"embeddable":true,"href":"https:\/\/www.electroluxprofessional.com\/la\/wp-json\/wp\/v2\/comments?post=15463"}],"version-history":[{"count":8,"href":"https:\/\/www.electroluxprofessional.com\/la\/wp-json\/wp\/v2\/pages\/15463\/revisions"}],"predecessor-version":[{"id":16684,"href":"https:\/\/www.electroluxprofessional.com\/la\/wp-json\/wp\/v2\/pages\/15463\/revisions\/16684"}],"wp:featuredmedia":[{"embeddable":true,"href":"https:\/\/www.electroluxprofessional.com\/la\/wp-json\/wp\/v2\/media\/15448"}],"wp:attachment":[{"href":"https:\/\/www.electroluxprofessional.com\/la\/wp-json\/wp\/v2\/media?parent=15463"}],"curies":[{"name":"wp","href":"https:\/\/api.w.org\/{rel}","templated":true}]}}