{"id":15416,"date":"2025-02-24T14:38:00","date_gmt":"2025-02-24T14:38:00","guid":{"rendered":"https:\/\/www.electroluxprofessional.com\/la\/?page_id=15416"},"modified":"2025-11-05T16:43:40","modified_gmt":"2025-11-05T16:43:40","slug":"lavanderias-gran-produccion","status":"publish","type":"page","link":"https:\/\/www.electroluxprofessional.com\/la\/lavanderias-gran-produccion\/","title":{"rendered":"Lavander\u00edas de gran producci\u00f3n"},"content":{"rendered":"<p>[vc_row full_width=&#8221;electroluxpro-full-width-no-padding&#8221; equal_height=&#8221;yes&#8221; matched_labels=&#8221;&#8221; css=&#8221;.vc_custom_1665073816387{margin-top: -50px !important;}&#8221;][vc_column reveal_effect=&#8221;&#8221;][elx_full_banner title=&#8221;Lavander\u00edas de gran producci\u00f3n&#8221; background_image_media_library=&#8221;15414&#8243; background_image_media_library_mobile=&#8221;15415&#8243;][\/vc_column][\/vc_row][vc_row css=&#8221;.vc_custom_1464705995694{padding-top: 50px !important;padding-bottom: 50px !important;}&#8221;][vc_column][elx_heading font_container=&#8221;h1&#8243; font_size=&#8221;h2&#8243; text_color=&#8221;inherit&#8221; text_align=&#8221;text-center&#8221;]Lavander\u00edas de gran producci\u00f3n[\/elx_heading][vc_column_text]<\/p>\n<h3 style=\"text-align: center;\">Alto rendimiento, mayor productividad, menos costes de funcionamiento y m\u00e1xima transparencia en el proceso de lavado<\/h3>\n<p>[\/vc_column_text][\/vc_column][\/vc_row][vc_row full_width=&#8221;electroluxpro-full-width-no-padding&#8221;][vc_column width=&#8221;1\/2&#8243;][elx_simple_block background_color=&#8221;inherit&#8221;][elx_heading text_color=&#8221;inherit&#8221;]Nuestras soluciones ofrecen ahorros significativos de tiempo y dinero[\/elx_heading][vc_column_text css_animation=&#8221;left-to-right&#8221;]<\/p>\n<ul>\n<li>Consumo optimizado de agua, energ\u00eda y detergente gracias a tecnolog\u00eda inteligente<\/li>\n<li>Tiempos de ciclo m\u00e1s r\u00e1pidos<\/li>\n<li>Procesos de secado m\u00e1s r\u00e1pidos y econ\u00f3micos, debido a la menor retenci\u00f3n de agua<\/li>\n<li>Mejor rendimiento de planchado del mercado<\/li>\n<li>Una amplia gama de soluciones de planchado &#8211; hasta carriles completos de planchado, incluyendo equipos de alimentaci\u00f3n y plegado<\/li>\n<li>Mayor flexibilidad de servicio &#8211;<br \/>\nExpertos, formaci\u00f3n y la red de servicios m\u00e1s grande del mundo<\/li>\n<\/ul>\n<p>[\/vc_column_text][\/elx_simple_block][\/vc_column][vc_column width=&#8221;1\/2&#8243;][elx_image_block background_image=&#8221;15411&#8243; minimum_height=&#8221;600px&#8221;][\/vc_column][\/vc_row][vc_row][vc_column][vc_empty_space][elx_heading text_color=&#8221;inherit&#8221; text_align=&#8221;text-center&#8221;]Una configuraci\u00f3n para cada necesidad.<br \/>\nElije tu pack.<\/p>\n<p>[\/elx_heading][\/vc_column][\/vc_row][vc_row equal_height=&#8221;yes&#8221;][vc_column width=&#8221;1\/2&#8243;][elx_image_block background_image=&#8221;15412&#8243; minimum_height=&#8221;350px&#8221;][\/vc_column][vc_column width=&#8221;1\/2&#8243;][elx_simple_block background_color=&#8221;inherit&#8221;][elx_heading text_color=&#8221;inherit&#8221;]Soluci\u00f3n b\u00e1sica[\/elx_heading][vc_column_text]<\/p>\n<ul>\n<li>Consumo de agua y energ\u00eda extremadamente bajo y hasta un 50% de ahorro de agua para media carga<\/li>\n<li>un 30% menos tiempo de secado<\/li>\n<li>Particularidades en el cuidado de la ropa plana y lisa y cinturones de planchado dise\u00f1ados para uso prolongado a altas temperaturas<\/li>\n<\/ul>\n<p>[\/vc_column_text][vc_column_text]2 x Lavadoras de Carga Frontal (33 kg)<br \/>\n1 x Secadora (30.5 kg)<br \/>\n1 x Calandra (2065 mm)[\/vc_column_text][\/elx_simple_block][\/vc_column][\/vc_row][vc_row equal_height=&#8221;yes&#8221; css=&#8221;.vc_custom_1465207502266{padding-top: 30px !important;}&#8221;][vc_column width=&#8221;1\/2&#8243;][elx_image_block background_image=&#8221;760&#8243; minimum_height=&#8221;350px&#8221;][\/vc_column][vc_column width=&#8221;1\/2&#8243;][elx_simple_block background_color=&#8221;inherit&#8221;][elx_heading text_color=&#8221;inherit&#8221;]Soluci\u00f3n avanzada[\/elx_heading][vc_column_text]<\/p>\n<ul>\n<li><strong>Lavado excelente<\/strong>, cuidado excelente gracias al Integrated Saving\u00a0System para una <strong>carga \u00f3ptima de la lavadora<\/strong><\/li>\n<li>Proceso de secado hasta un<strong>\u00a010% m\u00e1s r\u00e1pido y un 15% m\u00e1s eficiente energ\u00e9ticamente<\/strong><\/li>\n<li>Sistema de control avanzado de la humedad<\/li>\n<\/ul>\n<p>[\/vc_column_text][vc_column_text]3 x Lavadoras de Carga Frontal (45 kg)<br \/>\n1 x Secadora (45 kg)<br \/>\n1 x Calandra con introductor, plegador y apilador (3170 mm)[\/vc_column_text][\/elx_simple_block][\/vc_column][\/vc_row][vc_row equal_height=&#8221;yes&#8221; css=&#8221;.vc_custom_1465208851809{padding-top: 30px !important;}&#8221;][vc_column width=&#8221;1\/2&#8243;][elx_image_block background_image=&#8221;15413&#8243; minimum_height=&#8221;350px&#8221;][\/vc_column][vc_column width=&#8221;1\/2&#8243;][elx_simple_block background_color=&#8221;inherit&#8221;][elx_heading text_color=&#8221;inherit&#8221;]Soluci\u00f3n superior[\/elx_heading][vc_column_text]<\/p>\n<ul>\n<li><strong>Lavado excelente<\/strong>\u00a0gracias al Integrated Saving System para una <strong>carga \u00f3ptima de la carga<\/strong>\u00a0y una eficiente <strong>dosificaci\u00f3n de detergente y agua<\/strong><\/li>\n<li>Mejor rendimiento y alta productividad: hasta un\u00a0<strong>10% m\u00e1s r\u00e1pido<\/strong>\u00a0y un\u00a0<strong>15% m\u00e1s de eficiencia energ\u00e9tica<\/strong><\/li>\n<li><strong>Calandra industrial<\/strong>\u00a0con coj\u00edn m\u00f3vil Super Flexible y rodillo fijo, lo que permite una\u00a0<strong>presi\u00f3n constante y una m\u00e1xima superficie de planchado<\/strong>\u00a0para la m\u00e1xima calidad de planchado<\/li>\n<\/ul>\n<p>[\/vc_column_text][vc_column_text]3 x Lavadoras de Carga Frontal (120 kg)<br \/>\n2\u00a0x Lavadoras de Carga Frontal (65 kg)<br \/>\n1\u00a0x Lavadora de Carga Frontal (20 kg)<br \/>\n4 x Secadoras (60 kg)<br \/>\n1\u00a0x Secadora (20 kg)<br \/>\n1 x Calandra C-Flex[\/vc_column_text][\/elx_simple_block][\/vc_column][\/vc_row][vc_row][vc_column][vc_empty_space][\/vc_column][\/vc_row][vc_row][vc_column][elx_heading text_color=&#8221;inherit&#8221;]Contacte con nuestro equipo de expertos y vea lo que Electrolux puede hacer por tu negocio.[\/elx_heading][elx_o2000_contact_us r=&#8221;Me gustar\u00eda tener m\u00e1s informaci\u00f3n sobre equipamiento para lavander\u00edas de gran producci\u00f3n.&#8221; s=&#8221;Petici\u00f3n de informaci\u00f3n: lavander\u00edas comerciales&#8221; country=&#8221;Spain&#8221; b=&#8221;laundry&#8221; e=&#8221;foodservice@electrolux.es&#8221; l=&#8221;es&#8221; container=&#8221;elxcontactus1466427204&#8243;][\/vc_column][\/vc_row][vc_row][vc_column][vc_empty_space][\/vc_column][\/vc_row]<\/p>\n","protected":false},"excerpt":{"rendered":"<p>[vc_row full_width=&#8221;electroluxpro-full-width-no-padding&#8221; equal_height=&#8221;yes&#8221; matched_labels=&#8221;&#8221; css=&#8221;.vc_custom_1665073816387{margin-top: -50px !important;}&#8221;][vc_column reveal_effect=&#8221;&#8221;][elx_full_banner title=&#8221;Lavander\u00edas de gran producci\u00f3n&#8221; background_image_media_library=&#8221;15414&#8243; background_image_media_library_mobile=&#8221;15415&#8243;][\/vc_column][\/vc_row][vc_row css=&#8221;.vc_custom_1464705995694{padding-top: 50px !important;padding-bottom: 50px !important;}&#8221;][vc_column][elx_heading font_container=&#8221;h1&#8243; font_size=&#8221;h2&#8243; text_color=&#8221;inherit&#8221; text_align=&#8221;text-center&#8221;]Lavander\u00edas de gran producci\u00f3n[\/elx_heading][vc_column_text] Alto rendimiento, mayor productividad, menos costes de funcionamiento y m\u00e1xima transparencia en el proceso de lavado [\/vc_column_text][\/vc_column][\/vc_row][vc_row full_width=&#8221;electroluxpro-full-width-no-padding&#8221;][vc_column width=&#8221;1\/2&#8243;][elx_simple_block background_color=&#8221;inherit&#8221;][elx_heading text_color=&#8221;inherit&#8221;]Nuestras soluciones ofrecen ahorros significativos de tiempo y dinero[\/elx_heading][vc_column_text [&hellip;]<\/p>\n","protected":false},"author":39,"featured_media":15411,"parent":0,"menu_order":0,"comment_status":"closed","ping_status":"closed","template":"","meta":{"footnotes":""},"class_list":["post-15416","page","type-page","status-publish","has-post-thumbnail","hentry"],"acf":[],"yoast_head":"<!-- This site is optimized with the Yoast SEO plugin v23.3 - https:\/\/yoast.com\/wordpress\/plugins\/seo\/ -->\n<title>Lavander\u00edas de gran producci\u00f3n - Electrolux Professional Latin America<\/title>\n<meta name=\"description\" content=\"Lavadoras super resistentes, secadoras y calandras que duran. Gracias a la construcci\u00f3n robusta mec\u00e1nica, nuestras m\u00e1quinas requieren menos mantenimiento.\" \/>\n<meta name=\"robots\" content=\"index, follow, max-snippet:-1, max-image-preview:large, max-video-preview:-1\" \/>\n<link rel=\"canonical\" href=\"https:\/\/www.electroluxprofessional.com\/la\/lavanderias-gran-produccion\/\" \/>\n<meta property=\"og:locale\" content=\"es_MX\" \/>\n<meta property=\"og:type\" content=\"article\" \/>\n<meta property=\"og:title\" content=\"Lavander\u00edas de gran producci\u00f3n - Electrolux Professional Latin America\" \/>\n<meta property=\"og:description\" content=\"Lavadoras super resistentes, secadoras y calandras que duran. Gracias a la construcci\u00f3n robusta mec\u00e1nica, nuestras m\u00e1quinas requieren menos mantenimiento.\" \/>\n<meta property=\"og:url\" content=\"https:\/\/www.electroluxprofessional.com\/la\/lavanderias-gran-produccion\/\" \/>\n<meta property=\"og:site_name\" content=\"Electrolux Professional Latin America\" \/>\n<meta property=\"article:modified_time\" content=\"2025-11-05T16:43:40+00:00\" \/>\n<meta property=\"og:image\" content=\"https:\/\/www.electroluxprofessional.com\/la\/wp-content\/uploads\/2025\/02\/heavy-duty-laundry-1.jpg\" \/>\n\t<meta property=\"og:image:width\" content=\"800\" \/>\n\t<meta property=\"og:image:height\" content=\"562\" \/>\n\t<meta property=\"og:image:type\" content=\"image\/jpeg\" \/>\n<meta name=\"twitter:card\" content=\"summary_large_image\" \/>\n<meta name=\"twitter:label1\" content=\"Tiempo de lectura\" \/>\n\t<meta name=\"twitter:data1\" content=\"3 minutos\" \/>\n<script type=\"application\/ld+json\" class=\"yoast-schema-graph\">{\"@context\":\"https:\/\/schema.org\",\"@graph\":[{\"@type\":\"WebPage\",\"@id\":\"https:\/\/www.electroluxprofessional.com\/la\/lavanderias-gran-produccion\/\",\"url\":\"https:\/\/www.electroluxprofessional.com\/la\/lavanderias-gran-produccion\/\",\"name\":\"Lavander\u00edas de gran producci\u00f3n - Electrolux Professional Latin America\",\"isPartOf\":{\"@id\":\"https:\/\/www.electroluxprofessional.com\/la\/#website\"},\"primaryImageOfPage\":{\"@id\":\"https:\/\/www.electroluxprofessional.com\/la\/lavanderias-gran-produccion\/#primaryimage\"},\"image\":{\"@id\":\"https:\/\/www.electroluxprofessional.com\/la\/lavanderias-gran-produccion\/#primaryimage\"},\"thumbnailUrl\":\"https:\/\/www.electroluxprofessional.com\/la\/wp-content\/uploads\/2025\/02\/heavy-duty-laundry-1.jpg\",\"datePublished\":\"2025-02-24T14:38:00+00:00\",\"dateModified\":\"2025-11-05T16:43:40+00:00\",\"description\":\"Lavadoras super resistentes, secadoras y calandras que duran. Gracias a la construcci\u00f3n robusta mec\u00e1nica, nuestras m\u00e1quinas requieren menos mantenimiento.\",\"breadcrumb\":{\"@id\":\"https:\/\/www.electroluxprofessional.com\/la\/lavanderias-gran-produccion\/#breadcrumb\"},\"inLanguage\":\"es\",\"potentialAction\":[{\"@type\":\"ReadAction\",\"target\":[\"https:\/\/www.electroluxprofessional.com\/la\/lavanderias-gran-produccion\/\"]}]},{\"@type\":\"ImageObject\",\"inLanguage\":\"es\",\"@id\":\"https:\/\/www.electroluxprofessional.com\/la\/lavanderias-gran-produccion\/#primaryimage\",\"url\":\"https:\/\/www.electroluxprofessional.com\/la\/wp-content\/uploads\/2025\/02\/heavy-duty-laundry-1.jpg\",\"contentUrl\":\"https:\/\/www.electroluxprofessional.com\/la\/wp-content\/uploads\/2025\/02\/heavy-duty-laundry-1.jpg\",\"width\":800,\"height\":562},{\"@type\":\"BreadcrumbList\",\"@id\":\"https:\/\/www.electroluxprofessional.com\/la\/lavanderias-gran-produccion\/#breadcrumb\",\"itemListElement\":[{\"@type\":\"ListItem\",\"position\":1,\"name\":\"Home\",\"item\":\"https:\/\/www.electroluxprofessional.com\/la\/\"},{\"@type\":\"ListItem\",\"position\":2,\"name\":\"Lavander\u00edas de gran producci\u00f3n\"}]},{\"@type\":\"WebSite\",\"@id\":\"https:\/\/www.electroluxprofessional.com\/la\/#website\",\"url\":\"https:\/\/www.electroluxprofessional.com\/la\/\",\"name\":\"Electrolux Professional Latin America\",\"description\":\"Equipamiento cocinas profesionales y lavander\u00edas comerciales. Excelencia en el suministro de soluciones profesionales.\",\"potentialAction\":[{\"@type\":\"SearchAction\",\"target\":{\"@type\":\"EntryPoint\",\"urlTemplate\":\"https:\/\/www.electroluxprofessional.com\/la\/?src={search_term_string}\"},\"query-input\":\"required name=search_term_string\"}],\"inLanguage\":\"es\"}]}<\/script>\n<!-- \/ Yoast SEO plugin. -->","yoast_head_json":{"title":"Lavander\u00edas de gran producci\u00f3n - Electrolux Professional Latin America","description":"Lavadoras super resistentes, secadoras y calandras que duran. Gracias a la construcci\u00f3n robusta mec\u00e1nica, nuestras m\u00e1quinas requieren menos mantenimiento.","robots":{"index":"index","follow":"follow","max-snippet":"max-snippet:-1","max-image-preview":"max-image-preview:large","max-video-preview":"max-video-preview:-1"},"canonical":"https:\/\/www.electroluxprofessional.com\/la\/lavanderias-gran-produccion\/","og_locale":"es_MX","og_type":"article","og_title":"Lavander\u00edas de gran producci\u00f3n - Electrolux Professional Latin America","og_description":"Lavadoras super resistentes, secadoras y calandras que duran. Gracias a la construcci\u00f3n robusta mec\u00e1nica, nuestras m\u00e1quinas requieren menos mantenimiento.","og_url":"https:\/\/www.electroluxprofessional.com\/la\/lavanderias-gran-produccion\/","og_site_name":"Electrolux Professional Latin America","article_modified_time":"2025-11-05T16:43:40+00:00","og_image":[{"width":800,"height":562,"url":"https:\/\/www.electroluxprofessional.com\/la\/wp-content\/uploads\/2025\/02\/heavy-duty-laundry-1.jpg","type":"image\/jpeg"}],"twitter_card":"summary_large_image","twitter_misc":{"Tiempo de lectura":"3 minutos"},"schema":{"@context":"https:\/\/schema.org","@graph":[{"@type":"WebPage","@id":"https:\/\/www.electroluxprofessional.com\/la\/lavanderias-gran-produccion\/","url":"https:\/\/www.electroluxprofessional.com\/la\/lavanderias-gran-produccion\/","name":"Lavander\u00edas de gran producci\u00f3n - Electrolux Professional Latin America","isPartOf":{"@id":"https:\/\/www.electroluxprofessional.com\/la\/#website"},"primaryImageOfPage":{"@id":"https:\/\/www.electroluxprofessional.com\/la\/lavanderias-gran-produccion\/#primaryimage"},"image":{"@id":"https:\/\/www.electroluxprofessional.com\/la\/lavanderias-gran-produccion\/#primaryimage"},"thumbnailUrl":"https:\/\/www.electroluxprofessional.com\/la\/wp-content\/uploads\/2025\/02\/heavy-duty-laundry-1.jpg","datePublished":"2025-02-24T14:38:00+00:00","dateModified":"2025-11-05T16:43:40+00:00","description":"Lavadoras super resistentes, secadoras y calandras que duran. Gracias a la construcci\u00f3n robusta mec\u00e1nica, nuestras m\u00e1quinas requieren menos mantenimiento.","breadcrumb":{"@id":"https:\/\/www.electroluxprofessional.com\/la\/lavanderias-gran-produccion\/#breadcrumb"},"inLanguage":"es","potentialAction":[{"@type":"ReadAction","target":["https:\/\/www.electroluxprofessional.com\/la\/lavanderias-gran-produccion\/"]}]},{"@type":"ImageObject","inLanguage":"es","@id":"https:\/\/www.electroluxprofessional.com\/la\/lavanderias-gran-produccion\/#primaryimage","url":"https:\/\/www.electroluxprofessional.com\/la\/wp-content\/uploads\/2025\/02\/heavy-duty-laundry-1.jpg","contentUrl":"https:\/\/www.electroluxprofessional.com\/la\/wp-content\/uploads\/2025\/02\/heavy-duty-laundry-1.jpg","width":800,"height":562},{"@type":"BreadcrumbList","@id":"https:\/\/www.electroluxprofessional.com\/la\/lavanderias-gran-produccion\/#breadcrumb","itemListElement":[{"@type":"ListItem","position":1,"name":"Home","item":"https:\/\/www.electroluxprofessional.com\/la\/"},{"@type":"ListItem","position":2,"name":"Lavander\u00edas de gran producci\u00f3n"}]},{"@type":"WebSite","@id":"https:\/\/www.electroluxprofessional.com\/la\/#website","url":"https:\/\/www.electroluxprofessional.com\/la\/","name":"Electrolux Professional Latin America","description":"Equipamiento cocinas profesionales y lavander\u00edas comerciales. Excelencia en el suministro de soluciones profesionales.","potentialAction":[{"@type":"SearchAction","target":{"@type":"EntryPoint","urlTemplate":"https:\/\/www.electroluxprofessional.com\/la\/?src={search_term_string}"},"query-input":"required name=search_term_string"}],"inLanguage":"es"}]}},"_links":{"self":[{"href":"https:\/\/www.electroluxprofessional.com\/la\/wp-json\/wp\/v2\/pages\/15416"}],"collection":[{"href":"https:\/\/www.electroluxprofessional.com\/la\/wp-json\/wp\/v2\/pages"}],"about":[{"href":"https:\/\/www.electroluxprofessional.com\/la\/wp-json\/wp\/v2\/types\/page"}],"author":[{"embeddable":true,"href":"https:\/\/www.electroluxprofessional.com\/la\/wp-json\/wp\/v2\/users\/39"}],"replies":[{"embeddable":true,"href":"https:\/\/www.electroluxprofessional.com\/la\/wp-json\/wp\/v2\/comments?post=15416"}],"version-history":[{"count":2,"href":"https:\/\/www.electroluxprofessional.com\/la\/wp-json\/wp\/v2\/pages\/15416\/revisions"}],"predecessor-version":[{"id":16682,"href":"https:\/\/www.electroluxprofessional.com\/la\/wp-json\/wp\/v2\/pages\/15416\/revisions\/16682"}],"wp:featuredmedia":[{"embeddable":true,"href":"https:\/\/www.electroluxprofessional.com\/la\/wp-json\/wp\/v2\/media\/15411"}],"wp:attachment":[{"href":"https:\/\/www.electroluxprofessional.com\/la\/wp-json\/wp\/v2\/media?parent=15416"}],"curies":[{"name":"wp","href":"https:\/\/api.w.org\/{rel}","templated":true}]}}