{"id":1529,"date":"2017-02-06T13:07:11","date_gmt":"2017-02-06T13:07:11","guid":{"rendered":"https:\/\/www.electroluxprofessional.com\/la\/?page_id=1529"},"modified":"2025-11-05T16:15:05","modified_gmt":"2025-11-05T16:15:05","slug":"gamas-900xp-700xp","status":"publish","type":"page","link":"https:\/\/www.electroluxprofessional.com\/la\/gamas-900xp-700xp\/","title":{"rendered":"gamas 900XP y 700XP"},"content":{"rendered":"<p>[vc_row full_width=&#8221;electroluxpro-full-width-no-padding&#8221;][vc_column][elx_hero_slider label_text_color=&#8221;inherit&#8221; images=&#8221;1290&#8243;][elx_heading font_container=&#8221;h1&#8243; font_size=&#8221;h2&#8243; text_color=&#8221;inherit&#8221;]gamas<br \/>\n900XP y 700XP[\/elx_heading][vc_column_text]Conf\u00eda en la experiencia[\/vc_column_text][\/elx_hero_slider][\/vc_column][\/vc_row][vc_row][vc_column][vc_empty_space][\/vc_column][\/vc_row][vc_row][vc_column][elx_heading font_container=&#8221;h3&#8243; text_color=&#8221;inherit&#8221;]<\/p>\n<p style=\"text-align: center;\">Las <strong>gamas 900XP y 700XP<\/strong>\u00a0encajan perfectamente en <strong>todo tipo de restaurantes<\/strong>, incluso <strong>de comida r\u00e1pida<\/strong>.<\/p>\n<p>[\/elx_heading][vc_single_image image=&#8221;862&#8243; img_size=&#8221;full&#8221; alignment=&#8221;center&#8221;][elx_heading font_container=&#8221;h3&#8243; text_color=&#8221;inherit&#8221;]<\/p>\n<p style=\"text-align: center;\">\u00a0gama 900XP<\/p>\n<p>[\/elx_heading][vc_column_text]<\/p>\n<ul>\n<li><strong>Cocedor multiproducto autom\u00e1tico HP:<\/strong>\u00a0extremadamente vers\u00e1til. No s\u00f3lo cuece pasta, adem\u00e1s cuece verduras, patatas, arroz, cereales y m\u00e1s.<\/li>\n<li><strong>PowerGrill<\/strong>: alto rendimiento y uniformidad del calor.<\/li>\n<li><strong>Fry Top HP de 1200mm:<\/strong>\u00a0productividad y calidad de cocci\u00f3n excelentes.<\/li>\n<li><strong>Horno convecci\u00f3n a gas<\/strong>: aumento de productividad gracias a los 2 niveles de cocci\u00f3n.<\/li>\n<li><strong>Quemadores \u201cFlower flame\u201d<\/strong>: la llama se adapta a sartenes y ollas de cualquier di\u00e1metro, calentando s\u00f3lo la base.<\/li>\n<\/ul>\n<p>[\/vc_column_text][\/vc_column][\/vc_row][vc_row][vc_column][vc_single_image image=&#8221;863&#8243; img_size=&#8221;full&#8221; alignment=&#8221;center&#8221;][elx_heading font_container=&#8221;h3&#8243; text_color=&#8221;inherit&#8221;]<\/p>\n<p style=\"text-align: center;\">gama 700XP<\/p>\n<p>[\/elx_heading][vc_column_text]La gama<strong>\u00a0700XP<\/strong>\u00a0 incorpora una\u00a0serie de innovaciones que mejoran la eficiencia y la productividad de una forma inteligente:<\/p>\n<ul>\n<li><strong>Tops<\/strong>\u00a0y\u00a0<strong>woks de Inducci\u00f3n <\/strong>de alta potencia\u00a0<strong>incrementan el rendimiento<\/strong>\u00a0reduciendo las emisiones de calor, mejorando las condiciones de trabajo.<\/li>\n<\/ul>\n<ul>\n<li>Las\u00a0<strong>placas el\u00e9ctricas <\/strong>ofrecen un incremento de productividad comparadas con las placas est\u00e1ndar, en cocinas peque\u00f1as con gran intensidad de trabajo.<\/li>\n<\/ul>\n<ul>\n<li>Los exclusivos\u00a0<strong>quemadores &#8220;flower flame\u201d <\/strong><strong>garantizan flexibilidad y alta eficiencia <\/strong>. Debido a su <strong>forma \u00fanica, la llama se adapta a las ollas y sartenes de cualquier di\u00e1metro.<\/strong><\/li>\n<\/ul>\n<p>[\/vc_column_text][\/vc_column][\/vc_row][vc_row][vc_column width=&#8221;1\/3&#8243;][elx_download_block text=&#8221;900XP &amp; 700XP<br \/>\nCocci\u00f3n Modular&#8221; link=&#8221;files.professional.electrolux.com\/docs\/?n=BR-9JEEX&amp;b=5&amp;l=4&#8243; background_color=&#8221;orange&#8221; reveal_effect=&#8221;&#8221; reveal_duration=&#8221;&#8221; reveal_delay=&#8221;&#8221;][\/vc_column][vc_column width=&#8221;1\/3&#8243;][elx_download_block text=&#8221;900XP &amp; 700XP<br \/>\nCat\u00e1logo general&#8221; link=&#8221;files.professional.electrolux.com\/docs\/?n=9JEFR&amp;b=5&amp;l=4&#8243; background_color=&#8221;orange&#8221; reveal_effect=&#8221;&#8221; reveal_duration=&#8221;&#8221; reveal_delay=&#8221;&#8221;][\/vc_column][vc_column width=&#8221;1\/3&#8243;][elx_download_block text=&#8221;900XP &amp; 700XP<br \/>\nAccesorios&#8221; link=&#8221;files.professional.electrolux.com\/docs\/?n=BR-9JEIE&amp;b=5&amp;l=4&#8243; background_color=&#8221;orange&#8221; reveal_effect=&#8221;&#8221; reveal_duration=&#8221;&#8221; reveal_delay=&#8221;&#8221;][\/vc_column][\/vc_row][vc_row][vc_column][vc_empty_space height=&#8221;62px&#8221;][elx_heading text_color=&#8221;inherit&#8221;]\u00bfAlguna pregunta? \u00a1Contacta con nosotros![\/elx_heading][elx_o2000_contact_us r=&#8221;Me gustar\u00eda tener m\u00e1s informaci\u00f3n sobre cocinas 900XP y 700XP. Por favor, contacten conmigo&#8221; s=&#8221;Petici\u00f3n de informaci\u00f3n sobre cocinas 900XP y 700XP&#8221; e=&#8221;foodservice@electrolux.es&#8221; country=&#8221;Spain&#8221; l=&#8221;es&#8221; container=&#8221;elxcontactus1466427977&#8243;][\/vc_column][\/vc_row][vc_row][vc_column]<div class=\"com21-product-filter-container 39\">[\/vc_column][\/vc_row]<\/p>\n","protected":false},"excerpt":{"rendered":"<p>[vc_row full_width=&#8221;electroluxpro-full-width-no-padding&#8221;][vc_column][elx_hero_slider label_text_color=&#8221;inherit&#8221; images=&#8221;1290&#8243;][elx_heading font_container=&#8221;h1&#8243; font_size=&#8221;h2&#8243; text_color=&#8221;inherit&#8221;]gamas 900XP y 700XP[\/elx_heading][vc_column_text]Conf\u00eda en la experiencia[\/vc_column_text][\/elx_hero_slider][\/vc_column][\/vc_row][vc_row][vc_column][vc_empty_space][\/vc_column][\/vc_row][vc_row][vc_column][elx_heading font_container=&#8221;h3&#8243; text_color=&#8221;inherit&#8221;] Las gamas 900XP y 700XP\u00a0encajan perfectamente en todo tipo de restaurantes, incluso de comida r\u00e1pida. [\/elx_heading][vc_single_image image=&#8221;862&#8243; img_size=&#8221;full&#8221; alignment=&#8221;center&#8221;][elx_heading font_container=&#8221;h3&#8243; text_color=&#8221;inherit&#8221;] \u00a0gama 900XP [\/elx_heading][vc_column_text] Cocedor multiproducto autom\u00e1tico HP:\u00a0extremadamente vers\u00e1til. No s\u00f3lo cuece pasta, adem\u00e1s cuece verduras, patatas, arroz, cereales y [&hellip;]<\/p>\n","protected":false},"author":23,"featured_media":0,"parent":0,"menu_order":0,"comment_status":"closed","ping_status":"closed","template":"","meta":{"footnotes":""},"class_list":["post-1529","page","type-page","status-publish","hentry"],"acf":[],"yoast_head":"<!-- This site is optimized with the Yoast SEO plugin v23.3 - https:\/\/yoast.com\/wordpress\/plugins\/seo\/ -->\n<title>gamas 900XP y 700XP - Electrolux Professional Latin America<\/title>\n<meta name=\"robots\" content=\"index, follow, max-snippet:-1, max-image-preview:large, max-video-preview:-1\" \/>\n<link rel=\"canonical\" href=\"https:\/\/www.electroluxprofessional.com\/la\/gamas-900xp-700xp\/\" \/>\n<meta property=\"og:locale\" content=\"es_MX\" \/>\n<meta property=\"og:type\" content=\"article\" \/>\n<meta property=\"og:title\" content=\"gamas 900XP y 700XP - Electrolux Professional Latin America\" \/>\n<meta property=\"og:description\" content=\"[vc_row full_width=&#8221;electroluxpro-full-width-no-padding&#8221;][vc_column][elx_hero_slider label_text_color=&#8221;inherit&#8221; images=&#8221;1290&#8243;][elx_heading font_container=&#8221;h1&#8243; font_size=&#8221;h2&#8243; text_color=&#8221;inherit&#8221;]gamas 900XP y 700XP[\/elx_heading][vc_column_text]Conf\u00eda en la experiencia[\/vc_column_text][\/elx_hero_slider][\/vc_column][\/vc_row][vc_row][vc_column][vc_empty_space][\/vc_column][\/vc_row][vc_row][vc_column][elx_heading font_container=&#8221;h3&#8243; text_color=&#8221;inherit&#8221;] Las gamas 900XP y 700XP\u00a0encajan perfectamente en todo tipo de restaurantes, incluso de comida r\u00e1pida. [\/elx_heading][vc_single_image image=&#8221;862&#8243; img_size=&#8221;full&#8221; alignment=&#8221;center&#8221;][elx_heading font_container=&#8221;h3&#8243; text_color=&#8221;inherit&#8221;] \u00a0gama 900XP [\/elx_heading][vc_column_text] Cocedor multiproducto autom\u00e1tico HP:\u00a0extremadamente vers\u00e1til. No s\u00f3lo cuece pasta, adem\u00e1s cuece verduras, patatas, arroz, cereales y [&hellip;]\" \/>\n<meta property=\"og:url\" content=\"https:\/\/www.electroluxprofessional.com\/la\/gamas-900xp-700xp\/\" \/>\n<meta property=\"og:site_name\" content=\"Electrolux Professional Latin America\" \/>\n<meta property=\"article:modified_time\" content=\"2025-11-05T16:15:05+00:00\" \/>\n<meta name=\"twitter:card\" content=\"summary_large_image\" \/>\n<meta name=\"twitter:label1\" content=\"Tiempo de lectura\" \/>\n\t<meta name=\"twitter:data1\" content=\"2 minutos\" \/>\n<script type=\"application\/ld+json\" class=\"yoast-schema-graph\">{\"@context\":\"https:\/\/schema.org\",\"@graph\":[{\"@type\":\"WebPage\",\"@id\":\"https:\/\/www.electroluxprofessional.com\/la\/gamas-900xp-700xp\/\",\"url\":\"https:\/\/www.electroluxprofessional.com\/la\/gamas-900xp-700xp\/\",\"name\":\"gamas 900XP y 700XP - Electrolux Professional Latin America\",\"isPartOf\":{\"@id\":\"https:\/\/www.electroluxprofessional.com\/la\/#website\"},\"datePublished\":\"2017-02-06T13:07:11+00:00\",\"dateModified\":\"2025-11-05T16:15:05+00:00\",\"breadcrumb\":{\"@id\":\"https:\/\/www.electroluxprofessional.com\/la\/gamas-900xp-700xp\/#breadcrumb\"},\"inLanguage\":\"es\",\"potentialAction\":[{\"@type\":\"ReadAction\",\"target\":[\"https:\/\/www.electroluxprofessional.com\/la\/gamas-900xp-700xp\/\"]}]},{\"@type\":\"BreadcrumbList\",\"@id\":\"https:\/\/www.electroluxprofessional.com\/la\/gamas-900xp-700xp\/#breadcrumb\",\"itemListElement\":[{\"@type\":\"ListItem\",\"position\":1,\"name\":\"Home\",\"item\":\"https:\/\/www.electroluxprofessional.com\/la\/\"},{\"@type\":\"ListItem\",\"position\":2,\"name\":\"gamas 900XP y 700XP\"}]},{\"@type\":\"WebSite\",\"@id\":\"https:\/\/www.electroluxprofessional.com\/la\/#website\",\"url\":\"https:\/\/www.electroluxprofessional.com\/la\/\",\"name\":\"Electrolux Professional Latin America\",\"description\":\"Equipamiento cocinas profesionales y lavander\u00edas comerciales. Excelencia en el suministro de soluciones profesionales.\",\"potentialAction\":[{\"@type\":\"SearchAction\",\"target\":{\"@type\":\"EntryPoint\",\"urlTemplate\":\"https:\/\/www.electroluxprofessional.com\/la\/?src={search_term_string}\"},\"query-input\":\"required name=search_term_string\"}],\"inLanguage\":\"es\"}]}<\/script>\n<!-- \/ Yoast SEO plugin. -->","yoast_head_json":{"title":"gamas 900XP y 700XP - Electrolux Professional Latin America","robots":{"index":"index","follow":"follow","max-snippet":"max-snippet:-1","max-image-preview":"max-image-preview:large","max-video-preview":"max-video-preview:-1"},"canonical":"https:\/\/www.electroluxprofessional.com\/la\/gamas-900xp-700xp\/","og_locale":"es_MX","og_type":"article","og_title":"gamas 900XP y 700XP - Electrolux Professional Latin America","og_description":"[vc_row full_width=&#8221;electroluxpro-full-width-no-padding&#8221;][vc_column][elx_hero_slider label_text_color=&#8221;inherit&#8221; images=&#8221;1290&#8243;][elx_heading font_container=&#8221;h1&#8243; font_size=&#8221;h2&#8243; text_color=&#8221;inherit&#8221;]gamas 900XP y 700XP[\/elx_heading][vc_column_text]Conf\u00eda en la experiencia[\/vc_column_text][\/elx_hero_slider][\/vc_column][\/vc_row][vc_row][vc_column][vc_empty_space][\/vc_column][\/vc_row][vc_row][vc_column][elx_heading font_container=&#8221;h3&#8243; text_color=&#8221;inherit&#8221;] Las gamas 900XP y 700XP\u00a0encajan perfectamente en todo tipo de restaurantes, incluso de comida r\u00e1pida. [\/elx_heading][vc_single_image image=&#8221;862&#8243; img_size=&#8221;full&#8221; alignment=&#8221;center&#8221;][elx_heading font_container=&#8221;h3&#8243; text_color=&#8221;inherit&#8221;] \u00a0gama 900XP [\/elx_heading][vc_column_text] Cocedor multiproducto autom\u00e1tico HP:\u00a0extremadamente vers\u00e1til. No s\u00f3lo cuece pasta, adem\u00e1s cuece verduras, patatas, arroz, cereales y [&hellip;]","og_url":"https:\/\/www.electroluxprofessional.com\/la\/gamas-900xp-700xp\/","og_site_name":"Electrolux Professional Latin America","article_modified_time":"2025-11-05T16:15:05+00:00","twitter_card":"summary_large_image","twitter_misc":{"Tiempo de lectura":"2 minutos"},"schema":{"@context":"https:\/\/schema.org","@graph":[{"@type":"WebPage","@id":"https:\/\/www.electroluxprofessional.com\/la\/gamas-900xp-700xp\/","url":"https:\/\/www.electroluxprofessional.com\/la\/gamas-900xp-700xp\/","name":"gamas 900XP y 700XP - Electrolux Professional Latin America","isPartOf":{"@id":"https:\/\/www.electroluxprofessional.com\/la\/#website"},"datePublished":"2017-02-06T13:07:11+00:00","dateModified":"2025-11-05T16:15:05+00:00","breadcrumb":{"@id":"https:\/\/www.electroluxprofessional.com\/la\/gamas-900xp-700xp\/#breadcrumb"},"inLanguage":"es","potentialAction":[{"@type":"ReadAction","target":["https:\/\/www.electroluxprofessional.com\/la\/gamas-900xp-700xp\/"]}]},{"@type":"BreadcrumbList","@id":"https:\/\/www.electroluxprofessional.com\/la\/gamas-900xp-700xp\/#breadcrumb","itemListElement":[{"@type":"ListItem","position":1,"name":"Home","item":"https:\/\/www.electroluxprofessional.com\/la\/"},{"@type":"ListItem","position":2,"name":"gamas 900XP y 700XP"}]},{"@type":"WebSite","@id":"https:\/\/www.electroluxprofessional.com\/la\/#website","url":"https:\/\/www.electroluxprofessional.com\/la\/","name":"Electrolux Professional Latin America","description":"Equipamiento cocinas profesionales y lavander\u00edas comerciales. Excelencia en el suministro de soluciones profesionales.","potentialAction":[{"@type":"SearchAction","target":{"@type":"EntryPoint","urlTemplate":"https:\/\/www.electroluxprofessional.com\/la\/?src={search_term_string}"},"query-input":"required name=search_term_string"}],"inLanguage":"es"}]}},"_links":{"self":[{"href":"https:\/\/www.electroluxprofessional.com\/la\/wp-json\/wp\/v2\/pages\/1529"}],"collection":[{"href":"https:\/\/www.electroluxprofessional.com\/la\/wp-json\/wp\/v2\/pages"}],"about":[{"href":"https:\/\/www.electroluxprofessional.com\/la\/wp-json\/wp\/v2\/types\/page"}],"author":[{"embeddable":true,"href":"https:\/\/www.electroluxprofessional.com\/la\/wp-json\/wp\/v2\/users\/23"}],"replies":[{"embeddable":true,"href":"https:\/\/www.electroluxprofessional.com\/la\/wp-json\/wp\/v2\/comments?post=1529"}],"version-history":[{"count":19,"href":"https:\/\/www.electroluxprofessional.com\/la\/wp-json\/wp\/v2\/pages\/1529\/revisions"}],"predecessor-version":[{"id":16630,"href":"https:\/\/www.electroluxprofessional.com\/la\/wp-json\/wp\/v2\/pages\/1529\/revisions\/16630"}],"wp:attachment":[{"href":"https:\/\/www.electroluxprofessional.com\/la\/wp-json\/wp\/v2\/media?parent=1529"}],"curies":[{"name":"wp","href":"https:\/\/api.w.org\/{rel}","templated":true}]}}