{"id":15195,"date":"2025-02-21T16:37:29","date_gmt":"2025-02-21T16:37:29","guid":{"rendered":"https:\/\/www.electroluxprofessional.com\/la\/?page_id=15195"},"modified":"2025-11-05T16:38:09","modified_gmt":"2025-11-05T16:38:09","slug":"washer-and-dryer-for-laboratory-testing","status":"publish","type":"page","link":"https:\/\/www.electroluxprofessional.com\/la\/equipamiento-lavanderia-comercial\/washer-and-dryer-for-laboratory-testing\/","title":{"rendered":"Lavadora y secadora para pruebas de laboratorio"},"content":{"rendered":"<p>[vc_row full_width=&#8221;electroluxpro-full-width-no-padding&#8221;][vc_column][elx_image_block background_image=&#8221;15188&#8243; minimum_height=&#8221;350px&#8221;][elx_download_block text=&#8221;Descarga el folleto de pruebas de laboratorio&#8221; document_type=&#8221;leaflets&#8221; background_color=&#8221;electrolux-blue&#8221; le_document_number=&#8221;CLFL-9JE00040&#8243;][\/vc_column][\/vc_row][vc_row][vc_column][vc_empty_space height=&#8221;20px&#8221;][elx_heading font_container=&#8221;h1&#8243; text_color=&#8221;inherit&#8221; text_align=&#8221;text-center&#8221;]Lavadora y secadora para pruebas de laboratorio[\/elx_heading][vc_empty_space height=&#8221;20px&#8221;][vc_column_text]<\/p>\n<p style=\"text-align: center;\">Electrolux Professional establece el est\u00e1ndar para el lavado y secado en todo el mundo con un sistema integrado para pruebas de laboratorio<\/p>\n<p>[\/vc_column_text][vc_empty_space height=&#8221;20px&#8221;][\/vc_column][\/vc_row][vc_row][vc_column width=&#8221;1\/2&#8243;][vc_single_image image=&#8221;15187&#8243; img_size=&#8221;full&#8221;][\/vc_column][vc_column width=&#8221;1\/2&#8243;][elx_heading text_color=&#8221;inherit&#8221;]Secadora LAB, para pruebas de laboratorio[\/elx_heading][vc_column_text]La nueva secadora LAB de Electrolux Professional est\u00e1 dise\u00f1ada y desarrollada espec\u00edficamente para garantizar el cumplimiento de la norma ISO 6330.<\/p>\n<p>Junto con la lavadora de referencia Wascator, forman un d\u00fao inigualable: un sistema integrado para pruebas de est\u00e1ndares, tejidos y prendas.[\/vc_column_text][\/vc_column][\/vc_row][vc_row][vc_column width=&#8221;2\/3&#8243;][vc_empty_space][vc_empty_space][vc_column_text]<strong>Reference washer since 1969<\/strong><\/p>\n<p>Desde 1969, la conocida <strong>Wascator FOM71 CLS<\/strong> es la <strong>lavadora de referencia para pruebas de rendimiento de lavado<\/strong> en la industria de electrodom\u00e9sticos y para pruebas textiles.<\/p>\n<p>Ahora, tiene el compa\u00f1ero perfecto: <strong>la nueva LAB Dryer<\/strong> ofrece a los clientes, como productores textiles, grandes minoristas, laboratorios de fibras y casas de pruebas, los mismos beneficios en cuanto a durabilidad, precisi\u00f3n y fiabilidad.[\/vc_column_text][\/vc_column][vc_column width=&#8221;1\/3&#8243;][vc_empty_space][vc_single_image image=&#8221;879&#8243; img_size=&#8221;full&#8221; alignment=&#8221;right&#8221; style=&#8221;vc_box_circle_2&#8243;][\/vc_column][\/vc_row][vc_row][vc_column][elx_heading font_size=&#8221;h3&#8243; text_color=&#8221;inherit&#8221; text_align=&#8221;text-left&#8221;]Cumpliendo los est\u00e1ndares que necesitas en lavado y secado[\/elx_heading][vc_empty_space][vc_single_image image=&#8221;15189&#8243; img_size=&#8221;full&#8221; alignment=&#8221;center&#8221; onclick=&#8221;img_link_large&#8221;][vc_empty_space height=&#8221;50px&#8221;][\/vc_column][\/vc_row][vc_row][vc_column][elx_heading font_size=&#8221;h3&#8243; text_color=&#8221;inherit&#8221; text_align=&#8221;text-left&#8221;]Descubre lo que las m\u00e1quinas de laboratorio pueden hacer por tu negocio[\/elx_heading][elx_o2000_contact_us s=&#8221;Solicitud de informaci\u00f3n sobre m\u00e1quinas de laboratorio&#8221; b=&#8221;laundry&#8221; container=&#8221;elxcontactus1478701232&#8243; r=&#8221;Me gustar\u00eda saber m\u00e1s sobre lavadoras y secadoras para pruebas de laboratorio. Por favor, p\u00f3nganse en contacto conmigo.&#8221;][vc_empty_space height=&#8221;50px&#8221;][\/vc_column][\/vc_row][vc_row css=&#8221;.vc_custom_1555676931146{background-color: #eeeeee !important;}&#8221;][vc_column][elx_heading font_size=&#8221;h3&#8243; text_color=&#8221;inherit&#8221; text_align=&#8221;text-left&#8221;]Encuentra tu soluci\u00f3n completa[\/elx_heading][\/vc_column][\/vc_row][vc_row css=&#8221;.vc_custom_1555676939777{background-color: #eeeeee !important;}&#8221;][vc_column width=&#8221;1\/3&#8243;][elx_maylike_box id_box=&#8221;15191&#8243; link_target=&#8221;blank&#8221; matched_labels=&#8221;&#8221;][\/vc_column][vc_column width=&#8221;1\/3&#8243;][elx_maylike_box id_box=&#8221;15193&#8243; link_target=&#8221;blank&#8221; matched_labels=&#8221;&#8221;][\/vc_column][vc_column width=&#8221;1\/3&#8243;][elx_maylike_box id_box=&#8221;15194&#8243; link_target=&#8221;blank&#8221; matched_labels=&#8221;&#8221;][\/vc_column][\/vc_row][vc_row][vc_column][vc_empty_space height=&#8221;50px&#8221;][\/vc_column][\/vc_row]<\/p>\n","protected":false},"excerpt":{"rendered":"<p>[vc_row full_width=&#8221;electroluxpro-full-width-no-padding&#8221;][vc_column][elx_image_block background_image=&#8221;15188&#8243; minimum_height=&#8221;350px&#8221;][elx_download_block text=&#8221;Descarga el folleto de pruebas de laboratorio&#8221; document_type=&#8221;leaflets&#8221; background_color=&#8221;electrolux-blue&#8221; le_document_number=&#8221;CLFL-9JE00040&#8243;][\/vc_column][\/vc_row][vc_row][vc_column][vc_empty_space height=&#8221;20px&#8221;][elx_heading font_container=&#8221;h1&#8243; text_color=&#8221;inherit&#8221; text_align=&#8221;text-center&#8221;]Lavadora y secadora para pruebas de laboratorio[\/elx_heading][vc_empty_space height=&#8221;20px&#8221;][vc_column_text] Electrolux Professional establece el est\u00e1ndar para el lavado y secado en todo el mundo con un sistema integrado para pruebas de laboratorio [\/vc_column_text][vc_empty_space height=&#8221;20px&#8221;][\/vc_column][\/vc_row][vc_row][vc_column width=&#8221;1\/2&#8243;][vc_single_image image=&#8221;15187&#8243; img_size=&#8221;full&#8221;][\/vc_column][vc_column width=&#8221;1\/2&#8243;][elx_heading text_color=&#8221;inherit&#8221;]Secadora LAB, [&hellip;]<\/p>\n","protected":false},"author":39,"featured_media":15187,"parent":1256,"menu_order":0,"comment_status":"closed","ping_status":"closed","template":"","meta":{"footnotes":""},"class_list":["post-15195","page","type-page","status-publish","has-post-thumbnail","hentry"],"acf":[],"yoast_head":"<!-- This site is optimized with the Yoast SEO plugin v23.3 - https:\/\/yoast.com\/wordpress\/plugins\/seo\/ -->\n<title>Lavadora y secadora para pruebas de laboratorio - Electrolux Professional Latin America<\/title>\n<meta name=\"description\" content=\"Electrolux Professional sets the standard for washing and drying all over the world with an integrated system for laboratory testing.\" \/>\n<meta name=\"robots\" content=\"index, follow, max-snippet:-1, max-image-preview:large, max-video-preview:-1\" \/>\n<link rel=\"canonical\" href=\"https:\/\/www.electroluxprofessional.com\/la\/equipamiento-lavanderia-comercial\/washer-and-dryer-for-laboratory-testing\/\" \/>\n<meta property=\"og:locale\" content=\"es_MX\" \/>\n<meta property=\"og:type\" content=\"article\" \/>\n<meta property=\"og:title\" content=\"Lavadora y secadora para pruebas de laboratorio - Electrolux Professional Latin America\" \/>\n<meta property=\"og:description\" content=\"Electrolux Professional sets the standard for washing and drying all over the world with an integrated system for laboratory testing.\" \/>\n<meta property=\"og:url\" content=\"https:\/\/www.electroluxprofessional.com\/la\/equipamiento-lavanderia-comercial\/washer-and-dryer-for-laboratory-testing\/\" \/>\n<meta property=\"og:site_name\" content=\"Electrolux Professional Latin America\" \/>\n<meta property=\"article:modified_time\" content=\"2025-11-05T16:38:09+00:00\" \/>\n<meta property=\"og:image\" content=\"https:\/\/www.electroluxprofessional.com\/la\/wp-content\/uploads\/2025\/02\/fom-machines-1.jpg\" \/>\n\t<meta property=\"og:image:width\" content=\"581\" \/>\n\t<meta property=\"og:image:height\" content=\"484\" \/>\n\t<meta property=\"og:image:type\" content=\"image\/jpeg\" \/>\n<meta name=\"twitter:card\" content=\"summary_large_image\" \/>\n<meta name=\"twitter:label1\" content=\"Tiempo de lectura\" \/>\n\t<meta name=\"twitter:data1\" content=\"2 minutos\" \/>\n<script type=\"application\/ld+json\" class=\"yoast-schema-graph\">{\"@context\":\"https:\/\/schema.org\",\"@graph\":[{\"@type\":\"WebPage\",\"@id\":\"https:\/\/www.electroluxprofessional.com\/la\/equipamiento-lavanderia-comercial\/washer-and-dryer-for-laboratory-testing\/\",\"url\":\"https:\/\/www.electroluxprofessional.com\/la\/equipamiento-lavanderia-comercial\/washer-and-dryer-for-laboratory-testing\/\",\"name\":\"Lavadora y secadora para pruebas de laboratorio - Electrolux Professional Latin America\",\"isPartOf\":{\"@id\":\"https:\/\/www.electroluxprofessional.com\/la\/#website\"},\"primaryImageOfPage\":{\"@id\":\"https:\/\/www.electroluxprofessional.com\/la\/equipamiento-lavanderia-comercial\/washer-and-dryer-for-laboratory-testing\/#primaryimage\"},\"image\":{\"@id\":\"https:\/\/www.electroluxprofessional.com\/la\/equipamiento-lavanderia-comercial\/washer-and-dryer-for-laboratory-testing\/#primaryimage\"},\"thumbnailUrl\":\"https:\/\/www.electroluxprofessional.com\/la\/wp-content\/uploads\/2025\/02\/fom-machines-1.jpg\",\"datePublished\":\"2025-02-21T16:37:29+00:00\",\"dateModified\":\"2025-11-05T16:38:09+00:00\",\"description\":\"Electrolux Professional sets the standard for washing and drying all over the world with an integrated system for laboratory testing.\",\"breadcrumb\":{\"@id\":\"https:\/\/www.electroluxprofessional.com\/la\/equipamiento-lavanderia-comercial\/washer-and-dryer-for-laboratory-testing\/#breadcrumb\"},\"inLanguage\":\"es\",\"potentialAction\":[{\"@type\":\"ReadAction\",\"target\":[\"https:\/\/www.electroluxprofessional.com\/la\/equipamiento-lavanderia-comercial\/washer-and-dryer-for-laboratory-testing\/\"]}]},{\"@type\":\"ImageObject\",\"inLanguage\":\"es\",\"@id\":\"https:\/\/www.electroluxprofessional.com\/la\/equipamiento-lavanderia-comercial\/washer-and-dryer-for-laboratory-testing\/#primaryimage\",\"url\":\"https:\/\/www.electroluxprofessional.com\/la\/wp-content\/uploads\/2025\/02\/fom-machines-1.jpg\",\"contentUrl\":\"https:\/\/www.electroluxprofessional.com\/la\/wp-content\/uploads\/2025\/02\/fom-machines-1.jpg\",\"width\":581,\"height\":484},{\"@type\":\"BreadcrumbList\",\"@id\":\"https:\/\/www.electroluxprofessional.com\/la\/equipamiento-lavanderia-comercial\/washer-and-dryer-for-laboratory-testing\/#breadcrumb\",\"itemListElement\":[{\"@type\":\"ListItem\",\"position\":1,\"name\":\"Home\",\"item\":\"https:\/\/www.electroluxprofessional.com\/la\/\"},{\"@type\":\"ListItem\",\"position\":2,\"name\":\"Lavander\u00eda\",\"item\":\"https:\/\/www.electroluxprofessional.com\/la\/equipamiento-lavanderia-comercial\/\"},{\"@type\":\"ListItem\",\"position\":3,\"name\":\"Lavadora y secadora para pruebas de laboratorio\"}]},{\"@type\":\"WebSite\",\"@id\":\"https:\/\/www.electroluxprofessional.com\/la\/#website\",\"url\":\"https:\/\/www.electroluxprofessional.com\/la\/\",\"name\":\"Electrolux Professional Latin America\",\"description\":\"Equipamiento cocinas profesionales y lavander\u00edas comerciales. Excelencia en el suministro de soluciones profesionales.\",\"potentialAction\":[{\"@type\":\"SearchAction\",\"target\":{\"@type\":\"EntryPoint\",\"urlTemplate\":\"https:\/\/www.electroluxprofessional.com\/la\/?src={search_term_string}\"},\"query-input\":\"required name=search_term_string\"}],\"inLanguage\":\"es\"}]}<\/script>\n<!-- \/ Yoast SEO plugin. -->","yoast_head_json":{"title":"Lavadora y secadora para pruebas de laboratorio - Electrolux Professional Latin America","description":"Electrolux Professional sets the standard for washing and drying all over the world with an integrated system for laboratory testing.","robots":{"index":"index","follow":"follow","max-snippet":"max-snippet:-1","max-image-preview":"max-image-preview:large","max-video-preview":"max-video-preview:-1"},"canonical":"https:\/\/www.electroluxprofessional.com\/la\/equipamiento-lavanderia-comercial\/washer-and-dryer-for-laboratory-testing\/","og_locale":"es_MX","og_type":"article","og_title":"Lavadora y secadora para pruebas de laboratorio - Electrolux Professional Latin America","og_description":"Electrolux Professional sets the standard for washing and drying all over the world with an integrated system for laboratory testing.","og_url":"https:\/\/www.electroluxprofessional.com\/la\/equipamiento-lavanderia-comercial\/washer-and-dryer-for-laboratory-testing\/","og_site_name":"Electrolux Professional Latin America","article_modified_time":"2025-11-05T16:38:09+00:00","og_image":[{"width":581,"height":484,"url":"https:\/\/www.electroluxprofessional.com\/la\/wp-content\/uploads\/2025\/02\/fom-machines-1.jpg","type":"image\/jpeg"}],"twitter_card":"summary_large_image","twitter_misc":{"Tiempo de lectura":"2 minutos"},"schema":{"@context":"https:\/\/schema.org","@graph":[{"@type":"WebPage","@id":"https:\/\/www.electroluxprofessional.com\/la\/equipamiento-lavanderia-comercial\/washer-and-dryer-for-laboratory-testing\/","url":"https:\/\/www.electroluxprofessional.com\/la\/equipamiento-lavanderia-comercial\/washer-and-dryer-for-laboratory-testing\/","name":"Lavadora y secadora para pruebas de laboratorio - Electrolux Professional Latin America","isPartOf":{"@id":"https:\/\/www.electroluxprofessional.com\/la\/#website"},"primaryImageOfPage":{"@id":"https:\/\/www.electroluxprofessional.com\/la\/equipamiento-lavanderia-comercial\/washer-and-dryer-for-laboratory-testing\/#primaryimage"},"image":{"@id":"https:\/\/www.electroluxprofessional.com\/la\/equipamiento-lavanderia-comercial\/washer-and-dryer-for-laboratory-testing\/#primaryimage"},"thumbnailUrl":"https:\/\/www.electroluxprofessional.com\/la\/wp-content\/uploads\/2025\/02\/fom-machines-1.jpg","datePublished":"2025-02-21T16:37:29+00:00","dateModified":"2025-11-05T16:38:09+00:00","description":"Electrolux Professional sets the standard for washing and drying all over the world with an integrated system for laboratory testing.","breadcrumb":{"@id":"https:\/\/www.electroluxprofessional.com\/la\/equipamiento-lavanderia-comercial\/washer-and-dryer-for-laboratory-testing\/#breadcrumb"},"inLanguage":"es","potentialAction":[{"@type":"ReadAction","target":["https:\/\/www.electroluxprofessional.com\/la\/equipamiento-lavanderia-comercial\/washer-and-dryer-for-laboratory-testing\/"]}]},{"@type":"ImageObject","inLanguage":"es","@id":"https:\/\/www.electroluxprofessional.com\/la\/equipamiento-lavanderia-comercial\/washer-and-dryer-for-laboratory-testing\/#primaryimage","url":"https:\/\/www.electroluxprofessional.com\/la\/wp-content\/uploads\/2025\/02\/fom-machines-1.jpg","contentUrl":"https:\/\/www.electroluxprofessional.com\/la\/wp-content\/uploads\/2025\/02\/fom-machines-1.jpg","width":581,"height":484},{"@type":"BreadcrumbList","@id":"https:\/\/www.electroluxprofessional.com\/la\/equipamiento-lavanderia-comercial\/washer-and-dryer-for-laboratory-testing\/#breadcrumb","itemListElement":[{"@type":"ListItem","position":1,"name":"Home","item":"https:\/\/www.electroluxprofessional.com\/la\/"},{"@type":"ListItem","position":2,"name":"Lavander\u00eda","item":"https:\/\/www.electroluxprofessional.com\/la\/equipamiento-lavanderia-comercial\/"},{"@type":"ListItem","position":3,"name":"Lavadora y secadora para pruebas de laboratorio"}]},{"@type":"WebSite","@id":"https:\/\/www.electroluxprofessional.com\/la\/#website","url":"https:\/\/www.electroluxprofessional.com\/la\/","name":"Electrolux Professional Latin America","description":"Equipamiento cocinas profesionales y lavander\u00edas comerciales. Excelencia en el suministro de soluciones profesionales.","potentialAction":[{"@type":"SearchAction","target":{"@type":"EntryPoint","urlTemplate":"https:\/\/www.electroluxprofessional.com\/la\/?src={search_term_string}"},"query-input":"required name=search_term_string"}],"inLanguage":"es"}]}},"_links":{"self":[{"href":"https:\/\/www.electroluxprofessional.com\/la\/wp-json\/wp\/v2\/pages\/15195"}],"collection":[{"href":"https:\/\/www.electroluxprofessional.com\/la\/wp-json\/wp\/v2\/pages"}],"about":[{"href":"https:\/\/www.electroluxprofessional.com\/la\/wp-json\/wp\/v2\/types\/page"}],"author":[{"embeddable":true,"href":"https:\/\/www.electroluxprofessional.com\/la\/wp-json\/wp\/v2\/users\/39"}],"replies":[{"embeddable":true,"href":"https:\/\/www.electroluxprofessional.com\/la\/wp-json\/wp\/v2\/comments?post=15195"}],"version-history":[{"count":4,"href":"https:\/\/www.electroluxprofessional.com\/la\/wp-json\/wp\/v2\/pages\/15195\/revisions"}],"predecessor-version":[{"id":16671,"href":"https:\/\/www.electroluxprofessional.com\/la\/wp-json\/wp\/v2\/pages\/15195\/revisions\/16671"}],"up":[{"embeddable":true,"href":"https:\/\/www.electroluxprofessional.com\/la\/wp-json\/wp\/v2\/pages\/1256"}],"wp:featuredmedia":[{"embeddable":true,"href":"https:\/\/www.electroluxprofessional.com\/la\/wp-json\/wp\/v2\/media\/15187"}],"wp:attachment":[{"href":"https:\/\/www.electroluxprofessional.com\/la\/wp-json\/wp\/v2\/media?parent=15195"}],"curies":[{"name":"wp","href":"https:\/\/api.w.org\/{rel}","templated":true}]}}