{"id":15039,"date":"2025-02-20T13:54:33","date_gmt":"2025-02-20T13:54:33","guid":{"rendered":"https:\/\/www.electroluxprofessional.com\/la\/?page_id=15039"},"modified":"2025-11-05T16:34:47","modified_gmt":"2025-11-05T16:34:47","slug":"maquinaria-de-acabado","status":"publish","type":"page","link":"https:\/\/www.electroluxprofessional.com\/la\/equipamiento-lavanderia-comercial\/maquinaria-de-acabado\/","title":{"rendered":"Maquinaria de Acabado"},"content":{"rendered":"<p>[vc_row full_width=&#8221;electroluxpro-full-width-no-padding&#8221;][vc_column][elx_image_block background_image=&#8221;733&#8243; minimum_height=&#8221;350px&#8221;][\/vc_column][\/vc_row][vc_row][vc_column][vc_empty_space][elx_heading font_container=&#8221;h1&#8243; font_size=&#8221;h3&#8243; text_color=&#8221;inherit&#8221;]Equipo de acabado[\/elx_heading][elx_heading font_size=&#8221;h5&#8243; text_color=&#8221;inherit&#8221;]Equipo de acabado que hace la excelencia de tu negocio[\/elx_heading][vc_empty_space][\/vc_column][\/vc_row][vc_row][vc_column width=&#8221;1\/2&#8243;][vc_single_image image=&#8221;891&#8243; img_size=&#8221;large&#8221;][\/vc_column][vc_column width=&#8221;1\/2&#8243;][vc_column_text]<\/p>\n<p data-start=\"0\" data-end=\"337\">Con el equipo de acabado de Electrolux Professional, puedes elegir entre una <strong data-start=\"77\" data-end=\"218\">gama completa de prensas de acabado altamente automatizadas y f\u00e1ciles de usar, hasta mesas de planchado b\u00e1sicas con calefacci\u00f3n el\u00e9ctrica<\/strong>, adecuadas tanto para operaciones a peque\u00f1a escala como para grandes vol\u00famenes de producci\u00f3n, seg\u00fan tus necesidades.<\/p>\n<p data-start=\"339\" data-end=\"491\">Adem\u00e1s de aumentar la productividad de tu operaci\u00f3n de lavander\u00eda, nuestro equipo de acabado garantiza un acabado de alta calidad, prenda tras prenda.<\/p>\n<p data-start=\"493\" data-end=\"712\" data-is-last-node=\"\" data-is-only-node=\"\"><strong data-start=\"493\" data-end=\"570\">El desaf\u00edo de la camisa \u2013 la soluci\u00f3n perfecta para el acabado de camisas<\/strong><br data-start=\"570\" data-end=\"573\" \/>Nuestra soluci\u00f3n puede incluir algunos de los siguientes equipos: mesas de planchado, acabadoras por soplado, prensas para cuellos y pu\u00f1os.<\/p>\n<p>[\/vc_column_text][vc_column_text]<\/p>\n<p data-start=\"0\" data-end=\"285\"><strong data-start=\"0\" data-end=\"47\">El desaf\u00edo del pantal\u00f3n; pliegues y pliegas<\/strong><br data-start=\"47\" data-end=\"50\" \/>Los sistemas de Electrolux Professional para el acabado de pantalones est\u00e1n dise\u00f1ados para garantizar la m\u00e1xima seguridad del operador. Adem\u00e1s, el equipo es f\u00e1cil de usar, lo que permite procesar un gran n\u00famero de prendas terminadas.<\/p>\n<p data-start=\"287\" data-end=\"550\" data-is-last-node=\"\" data-is-only-node=\"\"><strong data-start=\"287\" data-end=\"326\">El desaf\u00edo del abrigo y la chaqueta<\/strong><br data-start=\"326\" data-end=\"329\" \/>El multiacabador de Electrolux Professional es tan eficiente que un solo operador puede procesar hasta 40 chaquetas por hora. Un microprocesador f\u00e1cil de usar almacena hasta nueve programas y controla todas las funciones.<\/p>\n<p>[\/vc_column_text][\/vc_column][\/vc_row][vc_row][vc_column width=&#8221;1\/3&#8243;][vc_empty_space][vc_single_image image=&#8221;2589&#8243; img_size=&#8221;full&#8221;][\/vc_column][vc_column width=&#8221;1\/3&#8243;][vc_single_image image=&#8221;2590&#8243; img_size=&#8221;full&#8221;][\/vc_column][vc_column width=&#8221;1\/3&#8243;][vc_empty_space][vc_single_image image=&#8221;2591&#8243; img_size=&#8221;full&#8221;][\/vc_column][\/vc_row][vc_row][vc_column][vc_empty_space height=&#8221;50px&#8221;][elx_heading font_size=&#8221;h3&#8243; text_color=&#8221;inherit&#8221; text_align=&#8221;text-center&#8221;]Descubre lo que nuestro equipo de acabado puede hacer por tu negocio[\/elx_heading][elx_o2000_contact_us s=&#8221;Solicitud de informaci\u00f3n sobre el equipo de acabado.&#8221; b=&#8221;laundry&#8221; container=&#8221;elxcontactus1478705376&#8243; r=&#8221;Me gustar\u00eda obtener m\u00e1s informaci\u00f3n sobre el equipo de acabado. Por favor, p\u00f3ngase en contacto conmigo.&#8221;][vc_empty_space height=&#8221;50px&#8221;][\/vc_column][\/vc_row][vc_row css=&#8221;.vc_custom_1555676687407{background-color: #eeeeee !important;}&#8221;][vc_column][elx_heading font_size=&#8221;h3&#8243; text_color=&#8221;inherit&#8221; text_align=&#8221;text-left&#8221;]Encuentra tu soluci\u00f3n completa[\/elx_heading][\/vc_column][\/vc_row][vc_row css=&#8221;.vc_custom_1555676707046{background-color: #eeeeee !important;}&#8221;][vc_column width=&#8221;1\/3&#8243;][elx_maylike_box id_box=&#8221;15038&#8243;][\/vc_column][vc_column width=&#8221;1\/3&#8243;][elx_maylike_box id_box=&#8221;3888&#8243;][\/vc_column][vc_column width=&#8221;1\/3&#8243;][elx_maylike_box id_box=&#8221;4067&#8243;][\/vc_column][\/vc_row][vc_row][vc_column][vc_empty_space height=&#8221;50px&#8221;][\/vc_column][\/vc_row]<\/p>\n","protected":false},"excerpt":{"rendered":"<p>[vc_row full_width=&#8221;electroluxpro-full-width-no-padding&#8221;][vc_column][elx_image_block background_image=&#8221;733&#8243; minimum_height=&#8221;350px&#8221;][\/vc_column][\/vc_row][vc_row][vc_column][vc_empty_space][elx_heading font_container=&#8221;h1&#8243; font_size=&#8221;h3&#8243; text_color=&#8221;inherit&#8221;]Equipo de acabado[\/elx_heading][elx_heading font_size=&#8221;h5&#8243; text_color=&#8221;inherit&#8221;]Equipo de acabado que hace la excelencia de tu negocio[\/elx_heading][vc_empty_space][\/vc_column][\/vc_row][vc_row][vc_column width=&#8221;1\/2&#8243;][vc_single_image image=&#8221;891&#8243; img_size=&#8221;large&#8221;][\/vc_column][vc_column width=&#8221;1\/2&#8243;][vc_column_text] Con el equipo de acabado de Electrolux Professional, puedes elegir entre una gama completa de prensas de acabado altamente automatizadas y f\u00e1ciles de usar, hasta mesas de planchado b\u00e1sicas con calefacci\u00f3n [&hellip;]<\/p>\n","protected":false},"author":39,"featured_media":733,"parent":1256,"menu_order":0,"comment_status":"closed","ping_status":"closed","template":"","meta":{"footnotes":""},"class_list":["post-15039","page","type-page","status-publish","has-post-thumbnail","hentry"],"acf":[],"yoast_head":"<!-- This site is optimized with the Yoast SEO plugin v23.3 - https:\/\/yoast.com\/wordpress\/plugins\/seo\/ -->\n<title>Maquinaria de Acabado - Electrolux Professional Latin America<\/title>\n<meta name=\"description\" content=\"Finishing equipment that makes your business Excellence. Top quality finishing, garment after garment: shirts, trousers, coats and jackets.\" \/>\n<meta name=\"robots\" content=\"index, follow, max-snippet:-1, max-image-preview:large, max-video-preview:-1\" \/>\n<link rel=\"canonical\" href=\"https:\/\/www.electroluxprofessional.com\/la\/equipamiento-lavanderia-comercial\/maquinaria-de-acabado\/\" \/>\n<meta property=\"og:locale\" content=\"es_MX\" \/>\n<meta property=\"og:type\" content=\"article\" \/>\n<meta property=\"og:title\" content=\"Maquinaria de Acabado - Electrolux Professional Latin America\" \/>\n<meta property=\"og:description\" content=\"Finishing equipment that makes your business Excellence. Top quality finishing, garment after garment: shirts, trousers, coats and jackets.\" \/>\n<meta property=\"og:url\" content=\"https:\/\/www.electroluxprofessional.com\/la\/equipamiento-lavanderia-comercial\/maquinaria-de-acabado\/\" \/>\n<meta property=\"og:site_name\" content=\"Electrolux Professional Latin America\" \/>\n<meta property=\"article:modified_time\" content=\"2025-11-05T16:34:47+00:00\" \/>\n<meta property=\"og:image\" content=\"https:\/\/www.electroluxprofessional.com\/la\/wp-content\/uploads\/2016\/11\/finishing-quadro.jpg\" \/>\n\t<meta property=\"og:image:width\" content=\"616\" \/>\n\t<meta property=\"og:image:height\" content=\"616\" \/>\n\t<meta property=\"og:image:type\" content=\"image\/jpeg\" \/>\n<meta name=\"twitter:card\" content=\"summary_large_image\" \/>\n<meta name=\"twitter:label1\" content=\"Tiempo de lectura\" \/>\n\t<meta name=\"twitter:data1\" content=\"2 minutos\" \/>\n<script type=\"application\/ld+json\" class=\"yoast-schema-graph\">{\"@context\":\"https:\/\/schema.org\",\"@graph\":[{\"@type\":\"WebPage\",\"@id\":\"https:\/\/www.electroluxprofessional.com\/la\/equipamiento-lavanderia-comercial\/maquinaria-de-acabado\/\",\"url\":\"https:\/\/www.electroluxprofessional.com\/la\/equipamiento-lavanderia-comercial\/maquinaria-de-acabado\/\",\"name\":\"Maquinaria de Acabado - Electrolux Professional Latin America\",\"isPartOf\":{\"@id\":\"https:\/\/www.electroluxprofessional.com\/la\/#website\"},\"primaryImageOfPage\":{\"@id\":\"https:\/\/www.electroluxprofessional.com\/la\/equipamiento-lavanderia-comercial\/maquinaria-de-acabado\/#primaryimage\"},\"image\":{\"@id\":\"https:\/\/www.electroluxprofessional.com\/la\/equipamiento-lavanderia-comercial\/maquinaria-de-acabado\/#primaryimage\"},\"thumbnailUrl\":\"https:\/\/www.electroluxprofessional.com\/la\/wp-content\/uploads\/2016\/11\/finishing-quadro.jpg\",\"datePublished\":\"2025-02-20T13:54:33+00:00\",\"dateModified\":\"2025-11-05T16:34:47+00:00\",\"description\":\"Finishing equipment that makes your business Excellence. Top quality finishing, garment after garment: shirts, trousers, coats and jackets.\",\"breadcrumb\":{\"@id\":\"https:\/\/www.electroluxprofessional.com\/la\/equipamiento-lavanderia-comercial\/maquinaria-de-acabado\/#breadcrumb\"},\"inLanguage\":\"es\",\"potentialAction\":[{\"@type\":\"ReadAction\",\"target\":[\"https:\/\/www.electroluxprofessional.com\/la\/equipamiento-lavanderia-comercial\/maquinaria-de-acabado\/\"]}]},{\"@type\":\"ImageObject\",\"inLanguage\":\"es\",\"@id\":\"https:\/\/www.electroluxprofessional.com\/la\/equipamiento-lavanderia-comercial\/maquinaria-de-acabado\/#primaryimage\",\"url\":\"https:\/\/www.electroluxprofessional.com\/la\/wp-content\/uploads\/2016\/11\/finishing-quadro.jpg\",\"contentUrl\":\"https:\/\/www.electroluxprofessional.com\/la\/wp-content\/uploads\/2016\/11\/finishing-quadro.jpg\",\"width\":616,\"height\":616,\"caption\":\"finishing\"},{\"@type\":\"BreadcrumbList\",\"@id\":\"https:\/\/www.electroluxprofessional.com\/la\/equipamiento-lavanderia-comercial\/maquinaria-de-acabado\/#breadcrumb\",\"itemListElement\":[{\"@type\":\"ListItem\",\"position\":1,\"name\":\"Home\",\"item\":\"https:\/\/www.electroluxprofessional.com\/la\/\"},{\"@type\":\"ListItem\",\"position\":2,\"name\":\"Lavander\u00eda\",\"item\":\"https:\/\/www.electroluxprofessional.com\/la\/equipamiento-lavanderia-comercial\/\"},{\"@type\":\"ListItem\",\"position\":3,\"name\":\"Maquinaria de Acabado\"}]},{\"@type\":\"WebSite\",\"@id\":\"https:\/\/www.electroluxprofessional.com\/la\/#website\",\"url\":\"https:\/\/www.electroluxprofessional.com\/la\/\",\"name\":\"Electrolux Professional Latin America\",\"description\":\"Equipamiento cocinas profesionales y lavander\u00edas comerciales. Excelencia en el suministro de soluciones profesionales.\",\"potentialAction\":[{\"@type\":\"SearchAction\",\"target\":{\"@type\":\"EntryPoint\",\"urlTemplate\":\"https:\/\/www.electroluxprofessional.com\/la\/?src={search_term_string}\"},\"query-input\":\"required name=search_term_string\"}],\"inLanguage\":\"es\"}]}<\/script>\n<!-- \/ Yoast SEO plugin. -->","yoast_head_json":{"title":"Maquinaria de Acabado - Electrolux Professional Latin America","description":"Finishing equipment that makes your business Excellence. Top quality finishing, garment after garment: shirts, trousers, coats and jackets.","robots":{"index":"index","follow":"follow","max-snippet":"max-snippet:-1","max-image-preview":"max-image-preview:large","max-video-preview":"max-video-preview:-1"},"canonical":"https:\/\/www.electroluxprofessional.com\/la\/equipamiento-lavanderia-comercial\/maquinaria-de-acabado\/","og_locale":"es_MX","og_type":"article","og_title":"Maquinaria de Acabado - Electrolux Professional Latin America","og_description":"Finishing equipment that makes your business Excellence. Top quality finishing, garment after garment: shirts, trousers, coats and jackets.","og_url":"https:\/\/www.electroluxprofessional.com\/la\/equipamiento-lavanderia-comercial\/maquinaria-de-acabado\/","og_site_name":"Electrolux Professional Latin America","article_modified_time":"2025-11-05T16:34:47+00:00","og_image":[{"width":616,"height":616,"url":"https:\/\/www.electroluxprofessional.com\/la\/wp-content\/uploads\/2016\/11\/finishing-quadro.jpg","type":"image\/jpeg"}],"twitter_card":"summary_large_image","twitter_misc":{"Tiempo de lectura":"2 minutos"},"schema":{"@context":"https:\/\/schema.org","@graph":[{"@type":"WebPage","@id":"https:\/\/www.electroluxprofessional.com\/la\/equipamiento-lavanderia-comercial\/maquinaria-de-acabado\/","url":"https:\/\/www.electroluxprofessional.com\/la\/equipamiento-lavanderia-comercial\/maquinaria-de-acabado\/","name":"Maquinaria de Acabado - Electrolux Professional Latin America","isPartOf":{"@id":"https:\/\/www.electroluxprofessional.com\/la\/#website"},"primaryImageOfPage":{"@id":"https:\/\/www.electroluxprofessional.com\/la\/equipamiento-lavanderia-comercial\/maquinaria-de-acabado\/#primaryimage"},"image":{"@id":"https:\/\/www.electroluxprofessional.com\/la\/equipamiento-lavanderia-comercial\/maquinaria-de-acabado\/#primaryimage"},"thumbnailUrl":"https:\/\/www.electroluxprofessional.com\/la\/wp-content\/uploads\/2016\/11\/finishing-quadro.jpg","datePublished":"2025-02-20T13:54:33+00:00","dateModified":"2025-11-05T16:34:47+00:00","description":"Finishing equipment that makes your business Excellence. Top quality finishing, garment after garment: shirts, trousers, coats and jackets.","breadcrumb":{"@id":"https:\/\/www.electroluxprofessional.com\/la\/equipamiento-lavanderia-comercial\/maquinaria-de-acabado\/#breadcrumb"},"inLanguage":"es","potentialAction":[{"@type":"ReadAction","target":["https:\/\/www.electroluxprofessional.com\/la\/equipamiento-lavanderia-comercial\/maquinaria-de-acabado\/"]}]},{"@type":"ImageObject","inLanguage":"es","@id":"https:\/\/www.electroluxprofessional.com\/la\/equipamiento-lavanderia-comercial\/maquinaria-de-acabado\/#primaryimage","url":"https:\/\/www.electroluxprofessional.com\/la\/wp-content\/uploads\/2016\/11\/finishing-quadro.jpg","contentUrl":"https:\/\/www.electroluxprofessional.com\/la\/wp-content\/uploads\/2016\/11\/finishing-quadro.jpg","width":616,"height":616,"caption":"finishing"},{"@type":"BreadcrumbList","@id":"https:\/\/www.electroluxprofessional.com\/la\/equipamiento-lavanderia-comercial\/maquinaria-de-acabado\/#breadcrumb","itemListElement":[{"@type":"ListItem","position":1,"name":"Home","item":"https:\/\/www.electroluxprofessional.com\/la\/"},{"@type":"ListItem","position":2,"name":"Lavander\u00eda","item":"https:\/\/www.electroluxprofessional.com\/la\/equipamiento-lavanderia-comercial\/"},{"@type":"ListItem","position":3,"name":"Maquinaria de Acabado"}]},{"@type":"WebSite","@id":"https:\/\/www.electroluxprofessional.com\/la\/#website","url":"https:\/\/www.electroluxprofessional.com\/la\/","name":"Electrolux Professional Latin America","description":"Equipamiento cocinas profesionales y lavander\u00edas comerciales. Excelencia en el suministro de soluciones profesionales.","potentialAction":[{"@type":"SearchAction","target":{"@type":"EntryPoint","urlTemplate":"https:\/\/www.electroluxprofessional.com\/la\/?src={search_term_string}"},"query-input":"required name=search_term_string"}],"inLanguage":"es"}]}},"_links":{"self":[{"href":"https:\/\/www.electroluxprofessional.com\/la\/wp-json\/wp\/v2\/pages\/15039"}],"collection":[{"href":"https:\/\/www.electroluxprofessional.com\/la\/wp-json\/wp\/v2\/pages"}],"about":[{"href":"https:\/\/www.electroluxprofessional.com\/la\/wp-json\/wp\/v2\/types\/page"}],"author":[{"embeddable":true,"href":"https:\/\/www.electroluxprofessional.com\/la\/wp-json\/wp\/v2\/users\/39"}],"replies":[{"embeddable":true,"href":"https:\/\/www.electroluxprofessional.com\/la\/wp-json\/wp\/v2\/comments?post=15039"}],"version-history":[{"count":4,"href":"https:\/\/www.electroluxprofessional.com\/la\/wp-json\/wp\/v2\/pages\/15039\/revisions"}],"predecessor-version":[{"id":16662,"href":"https:\/\/www.electroluxprofessional.com\/la\/wp-json\/wp\/v2\/pages\/15039\/revisions\/16662"}],"up":[{"embeddable":true,"href":"https:\/\/www.electroluxprofessional.com\/la\/wp-json\/wp\/v2\/pages\/1256"}],"wp:featuredmedia":[{"embeddable":true,"href":"https:\/\/www.electroluxprofessional.com\/la\/wp-json\/wp\/v2\/media\/733"}],"wp:attachment":[{"href":"https:\/\/www.electroluxprofessional.com\/la\/wp-json\/wp\/v2\/media?parent=15039"}],"curies":[{"name":"wp","href":"https:\/\/api.w.org\/{rel}","templated":true}]}}