{"id":14684,"date":"2024-05-09T06:44:09","date_gmt":"2024-05-09T06:44:09","guid":{"rendered":"https:\/\/www.electroluxprofessional.com\/la\/?page_id=14684"},"modified":"2025-11-05T16:32:06","modified_gmt":"2025-11-05T16:32:06","slug":"line-6000-solutions","status":"publish","type":"page","link":"https:\/\/www.electroluxprofessional.com\/la\/equipamiento-lavanderia-comercial\/line-6000-solutions\/","title":{"rendered":"Soluci\u00f3n Linea 6000"},"content":{"rendered":"<p>[vc_row full_width=&#8221;electroluxpro-full-width-no-padding&#8221;][vc_column][elx_image_block background_image=&#8221;14669&#8243; minimum_height=&#8221;400px&#8221;][vc_empty_space][\/vc_column][\/vc_row][vc_row][vc_column][elx_heading font_container=&#8221;h1&#8243; text_color=&#8221;inherit&#8221;]Soluciones con ahorros energ\u00e9tico para su lavander\u00eda profesional[\/elx_heading][vc_empty_space][vc_column_text]Reduzca sus costos de operaci\u00f3n sin sacrificar calidad y producci\u00f3n<\/p>\n<p>Combine nuestras<strong> lavadoras de alta extracci\u00f3n, flotantes,<\/strong> con nuestra nueva generaci\u00f3n de<strong> secadoras de bomba de calor<\/strong> para ayudar con los altos costos de energ\u00eda, y ayudar la competitividad de su negocio.[\/vc_column_text][vc_empty_space][elx_button button_text=&#8221;IR A PRODUCTOS&#8221; button_style=&#8221;secondary&#8221; button_link=&#8221;url:%23products|title:IR%20A%20PRODUCTOS&#8221;][vc_empty_space][\/vc_column][\/vc_row][vc_row full_width=&#8221;electroluxpro-container-no-padding&#8221; css=&#8221;.vc_custom_1749637063265{background-color: #c4d69a !important;}&#8221;][vc_column][elx_features_download title=&#8221;&#8221; title_position=&#8221;top&#8221; bg_row=&#8221;bg-row-sustainability-green&#8221; values=&#8221;%5B%7B%22select_type%22%3A%22link%22%7D%5D&#8221; discover=&#8221;%5B%7B%7D%5D&#8221; features=&#8221;%5B%7B%22icon_electroluxpro%22%3A%22elx-icon%20icon-70-energy-savings-white%22%2C%22title_icon%22%3A%22Ahorros%20en%20costos%20de%20operaci%C3%B3n%22%2C%22text_icon%22%3A%22Inversi%C3%B3n%20inteligente%20con%20ahorros%20tangibles%3A%20la%20combinaci%C3%B3n%20de%20nuestras%20lavadoras%20L%C3%ADnea%206000%20high-spin%20con%20nuestra%20secadora%20con%20tecnolog%C3%ADa%20de%20bomba%20de%20calor%20le%20ofrece%20m%C3%A1s%20de%2070%25%20de%20ahorro%2C%20por%20ciclo%20de%20lavado%20y%20secado%2C%20en%20los%20costos%20operacionales%20de%20su%20lavander%C3%ADa.%5Cn%3Cbr%3E%5Cn%3Cbr%3E%5Cn%3Csup%3E*si%20comparamos%20costos%20de%20operaci%C3%B3n%20de%20lavadoras%20r%C3%ADgidas%20normal-spin%20con%20secadoras%20con%20ductos%20de%20evacuaci%C3%B3n%20(WN6-14%20y%20TD6-14)%20vs%20WH6-14%20high-spin%20y%20TD6-14HP%20(Heat%20Pump).%3C%2Fsup%3E%22%7D%5D&#8221;][\/elx_features_download][\/vc_column][vc_column width=&#8221;1\/12&#8243;][vc_empty_space height=&#8221;5px&#8221;][\/vc_column][vc_column width=&#8221;11\/12&#8243;][elx_button button_text=&#8221;Calcular ahorro&#8221; button_style=&#8221;secondary&#8221; button_link=&#8221;url:https%3A%2F%2Fwww.electroluxprofessional.com%2Fes%2Fequipamiento-lavanderia-comercial-soluciones-linea-6000%2Fcalculadora-sustitucion%2F|target:_blank&#8221;][vc_empty_space][\/vc_column][\/vc_row][vc_row full_width=&#8221;electroluxpro-full-width-no-padding&#8221;][vc_column][elx_features_download title=&#8221;Creando lavander\u00edas sostenibles del futuro&#8221; class_title=&#8221;h2&#8243; title_download=&#8221;Descargar&#8221; title_discover=&#8221;Descubre&#8221; bg_discover_color=&#8221;bg-download-white&#8221; link_discover_color=&#8221;download-text-blue&#8221; title_position=&#8221;top&#8221; bg_row=&#8221;bg-row-light-blue&#8221; values=&#8221;%5B%7B%22select_type%22%3A%22link%22%2C%22link_download%22%3A%22url%3Ahttps%253A%252F%252Fwww.electroluxprofessional.com%252Fes%252Fwp-content%252Fuploads%252F2024%252F03%252FElectrolux-Professional-Sostenibilidad_ES_Low-res.pdf%7Ctitle%3ACat%25C3%25A1logo%2520de%2520Sostenibilidad%7Ctarget%3A_blank%22%7D%2C%7B%22select_type%22%3A%22link%22%2C%22link_download%22%3A%22url%3Ahttps%253A%252F%252Fwww.electroluxprofessional.com%252Fes%252Fwp-content%252Fuploads%252F2024%252F12%252FEPR_Line-6000-Washers-Dryers-brochure-04092024_ES_LR-1.pdf%7Ctitle%3ALine%25206000%2520Solutions%7Ctarget%3A_blank%22%2C%22label_pride_document%22%3A%22L%C3%ADnea%206000%20lavadoras%20y%20secadoras%22%2C%22document_type%22%3A%22brochures%22%2C%22br_document_number%22%3A%22A0109%22%7D%2C%7B%22select_type%22%3A%22link%22%2C%22link_download%22%3A%22url%3Ahttps%253A%252F%252Fwww.electroluxprofessional.com%252Fwp-content%252Fuploads%252F2023%252F09%252FEPR_Leaflet-Detergents_Ecolabel_ENG_05102021_LR.pdf%7Ctitle%3ADetergentes%2520Ecolabel%2520L%25C3%25ADnea%25206000%22%2C%22label_pride_document%22%3A%22Detergentes%20con%20etiqueta%20ecol%C3%B3gica%22%2C%22document_type%22%3A%22brochures%22%2C%22br_document_number%22%3A%22A0123%22%7D%5D&#8221; discover=&#8221;%5B%7B%22link_discover%22%3A%22url%3Ahttps%253A%252F%252Fwww.electroluxprofessional.com%252Fensuring-profitability-with-efficient-on-premises-laundry%252F%7Ctitle%3ALa%2520pareja%2520perfecta%253A%2520lavadoras%2520de%2520alto%2520centrifugado%252C%2520high-spin%252C%2520con%2520secadoras%2520de%2520bomba%2520de%2520calor%7Ctarget%3A_blank%22%7D%2C%7B%22link_discover%22%3A%22url%3Ahttps%253A%252F%252Fwww.electroluxprofessional.com%252Fhow-heat-pump-dryers-can-beat-the-energy-crisis%252F%7Ctitle%3AAhorra%2520un%252065%2525%2520con%2520nuestra%2520secadora%2520de%2520bomba%2520de%2520calor%7Ctarget%3A_blank%22%7D%5D&#8221; features=&#8221;%5B%7B%22icon_electroluxpro%22%3A%22elx-icon%20icon-circle-savings-green-blue%22%2C%22title_icon%22%3A%22Menor%20consumo%20de%20detergente%20y%20qu%C3%ADmica%22%2C%22text_icon%22%3A%22La%20opci%C3%B3n%20%E2%80%9CDosificaci%C3%B3n%20Inteligente%E2%80%9D%20le%20dar%C3%A1%20menor%20costos%20de%20operaci%C3%B3n%20en%20la%20vida%20%C3%BAtil%20de%20las%20lavadoras%22%7D%2C%7B%22icon_electroluxpro%22%3A%22elx-icon%20icon-circle-graphic-blue%22%2C%22title_icon%22%3A%22M%C3%A1xima%20extracci%C3%B3n%20de%20agua%22%2C%22text_icon%22%3A%22Lavadoras%20de%20alta%20extracci%C3%B3n%20para%20m%C3%A1xima%20eliminaci%C3%B3n%20de%20agua%22%7D%2C%7B%22icon_electroluxpro%22%3A%22elx-icon%20icon-circle-laundry-productivity-blue%22%2C%22title_icon%22%3A%22Complete%20su%20producci%C3%B3n%20usando%2065%25%20menos%20de%20energ%C3%ADa%22%2C%22text_icon%22%3A%22Ciclos%20de%20secado%20m%C3%A1s%20r%C3%A1pidos%20con%20la%20nueva%20tecnolog%C3%ADa%20de%20bomba%20de%20calor%20%5Cn%22%7D%5D&#8221;][\/elx_features_download][vc_empty_space][\/vc_column][\/vc_row][vc_row][vc_column][elx_text_image style_image=&#8221;image_square&#8221; bg_row=&#8221;bg-download-white&#8221; title=&#8221;Menor consumo de detergentes y sustancias qu\u00edmicas&#8221; lists=&#8221;%5B%7B%7D%5D&#8221; values=&#8221;%5B%7B%7D%5D&#8221; single_image=&#8221;14673&#8243;]Los detergentes, las sustancias qu\u00edmicas y los suministros p\u00fablicos representan el 90% del coste del ciclo de vida de una lavadora comercial.<\/p>\n<p>Las funciones inteligentes de los modelos Clarus Vibe acaban con la sobredosificaci\u00f3n y mejoran el coste total de propiedad. La\u00a0<strong>dosificaci\u00f3n inteligente<\/strong>\u00a0ajusta la cantidad de detergente al peso de la carga, mientras que la funci\u00f3n de\u00a0<strong>ahorro integrado<\/strong>\u00a0te proporciona datos en tiempo real para evitar el exceso y la escasez de carga.[\/elx_text_image][\/vc_column][\/vc_row][vc_row][vc_column][elx_text_image number_images=&#8221;n&#8221; style_image=&#8221;image_square&#8221; image_position=&#8221;image_left&#8221; bg_row=&#8221;bg-download-white&#8221; title=&#8221;M\u00e1xima extracci\u00f3n de agua&#8221; lists=&#8221;%5B%7B%7D%5D&#8221; values=&#8221;%5B%7B%7D%5D&#8221; multi_images=&#8221;14674&#8243;]Maximizando la eliminaci\u00f3n de agua durante el proceso de extracci\u00f3n minimiza la humedad residual acortando los tiempos de secado.<\/p>\n<p>Nuestra funci\u00f3n <strong>Ahorro Autom\u00e1tico<\/strong> pesa la ropa y ajusta autom\u00e1ticamente la entrada de agua seg\u00fan la carga real. Esto ayuda a ahorrar agua, energ\u00eda y detergente en cargas que son menores a una carga completa.<\/p>\n<p>En combinaci\u00f3n, nuestra funci\u00f3n <strong>Power Balance<\/strong> ayuda a lograr la menor retenci\u00f3n de agua posible antes de la fase de secado proporcionando monitoreo en tiempo real del desequilibrio y ajuste del factor G durante toda la secuencia de extracci\u00f3n.[\/elx_text_image][vc_empty_space][\/vc_column][\/vc_row][vc_row][vc_column][elx_text_image number_images=&#8221;n&#8221; style_image=&#8221;image_square&#8221; bg_row=&#8221;bg-download-white&#8221; title=&#8221;Mantenga su producci\u00f3n de secado consumiendo 65% menos de energ\u00eda&#8221; lists=&#8221;%5B%7B%7D%5D&#8221; values=&#8221;%5B%7B%7D%5D&#8221; multi_images=&#8221;14675&#8243;]Con las secadoras de <strong>Bomba de Calor<\/strong>, alcance similares tiempo de secados que secadoras tradicionales con ductos de evacuaci\u00f3n a una fracci\u00f3n del costo.<\/p>\n<p>La nueva tecnolog\u00eda de Bomba de Calor fue inspirada por aplicaciones avanzadas de aire acondicionado dom\u00e9stico, y nos ofrece ciclos de secado de 35 minutos, recortando el ciclo de secado por el doble que las secadoras tradicionales de bomba de calor.[\/elx_text_image][vc_empty_space][\/vc_column][\/vc_row][vc_row disable_element=&#8221;yes&#8221; css=&#8221;.vc_custom_1699948553798{background-color: #e9eff5 !important;}&#8221;][vc_column][elx_multiple_columns number_columns=&#8221;4&#8243; title=&#8221;Industry solutions&#8221; values=&#8221;%5B%7B%22image_section%22%3A%2214681%22%2C%22title_section%22%3A%22Laundromats%22%2C%22text_section%22%3A%22Generate%20more%20revenue%20by%20reducing%20cycle%20times%20to%5Cnmaximize%20customer%20throughput.%20%5Cn%22%2C%22link_section%22%3A%22url%3Ahttps%253A%252F%252Fwww.electroluxprofessional.com%252Fyour-business%252Fself-service-laundries%252Flaundromats%252F%7Ctitle%3ADiscover%22%7D%2C%7B%22image_section%22%3A%2214682%22%2C%22title_section%22%3A%22Hotels%22%2C%22text_section%22%3A%22Offset%20rising%20energy%20costs%20by%20reducing%20utility%5Cnconsumption%20and%20optimizing%20machine%20utilization.%20%22%2C%22link_section%22%3A%22url%3Ahttps%253A%252F%252Fwww.electroluxprofessional.com%252Fyour-business%252Fhotels%252F%7Ctitle%3ADiscover%22%7D%2C%7B%22image_section%22%3A%2214683%22%2C%22title_section%22%3A%22Multi-housing%20laundries%22%2C%22text_section%22%3A%22Minimize%20noise%20disruption%20through%20quiet%20heat%20pump%5Cnoperation%20while%20offering%20affordable%20cost-per-cycle.%22%2C%22link_section%22%3A%22url%3Ahttps%253A%252F%252Fwww.electroluxprofessional.com%252Fyour-business%252Fself-service-laundries%252Fmulti-housing-laundry%252F%7Ctitle%3ADiscover%22%7D%5D&#8221;][\/elx_multiple_columns][\/vc_column][\/vc_row][vc_row css=&#8221;.vc_custom_1697797242921{background-color: rgba(136,184,204,0.8) !important;*background-color: rgb(136,184,204) !important;}&#8221;][vc_column][elx_heading text_color=&#8221;inherit&#8221;]Adonde puedes encontrar nuestras soluciones[\/elx_heading][vc_empty_space][\/vc_column][\/vc_row][vc_row css=&#8221;.vc_custom_1697795488697{background-color: rgba(136,184,204,0.8) !important;*background-color: rgb(136,184,204) !important;}&#8221;][vc_column width=&#8221;1\/3&#8243;][elx_simple_link_block link=&#8221;url:https%3A%2F%2Fwww.electroluxprofessional.com%2Fla%2Fautoservicio-lavanderias%2F|title:Lavander%C3%ADas|target:_blank&#8221; text_align=&#8221;text-left&#8221; text_color=&#8221;inherit&#8221; background_color=&#8221;inherit&#8221; background_hover_color=&#8221;darker-hover&#8221; extra_class=&#8221;&#8221; reveal_effect=&#8221;&#8221; reveal_duration=&#8221;&#8221; reveal_delay=&#8221;&#8221;][vc_single_image image=&#8221;14670&#8243; img_size=&#8221;350&#215;350&#8243;][elx_heading text_color=&#8221;inherit&#8221;]Lavander\u00edas de Autoservicio[\/elx_heading][vc_column_text]Reduce costos de operaci\u00f3n, reduciendo el consumo de agua y los tiempos de secado.\u00a0 Maximizando producci\u00f3n en menor tiempo lavado y secado.[\/vc_column_text][\/elx_simple_link_block][\/vc_column][vc_column width=&#8221;1\/3&#8243;][elx_simple_link_block link=&#8221;url:https%3A%2F%2Fwww.electroluxprofessional.com%2Fla%2Fhoteles%2F|title:Hoteles|target:_blank&#8221; text_align=&#8221;text-left&#8221; text_color=&#8221;inherit&#8221; background_color=&#8221;inherit&#8221; background_hover_color=&#8221;darker-hover&#8221; extra_class=&#8221;&#8221; reveal_effect=&#8221;&#8221; reveal_duration=&#8221;&#8221; reveal_delay=&#8221;&#8221;][vc_single_image image=&#8221;14671&#8243; img_size=&#8221;350&#215;350&#8243;][elx_heading text_color=&#8221;inherit&#8221;]Hoteles[\/elx_heading][vc_column_text]Balancee los incrementos de costos de energ\u00eda, reduciendo los consumos de energ\u00eda con nuestras funcionalidades inteligentes.[\/vc_column_text][\/elx_simple_link_block][\/vc_column][vc_column width=&#8221;1\/3&#8243;][elx_simple_link_block link=&#8221;url:https%3A%2F%2Fwww.electroluxprofessional.com%2Fla%2Flavanderia-en-viviendas-multiples%2F|title:Lavander%C3%ADa%20en%20viviendas%20m%C3%BAltiples|target:_blank&#8221; text_align=&#8221;text-left&#8221; text_color=&#8221;inherit&#8221; background_color=&#8221;inherit&#8221; background_hover_color=&#8221;darker-hover&#8221; extra_class=&#8221;&#8221; reveal_effect=&#8221;&#8221; reveal_duration=&#8221;&#8221; reveal_delay=&#8221;&#8221;][vc_single_image image=&#8221;14672&#8243; img_size=&#8221;350&#215;350&#8243;][elx_heading text_color=&#8221;inherit&#8221;]Lavander\u00edas centrales de apartamentos o condominios [\/elx_heading][vc_column_text]Con secadoras de bomba de calor se elimina la necesidad de obra civil para ductos de evacuaci\u00f3n y los ruidos del motor de ventilaci\u00f3n que generan las secadoras con ductos, reduciendo los costos de operaci\u00f3n y costo por ciclo para los usuarios.[\/vc_column_text][\/elx_simple_link_block][\/vc_column][\/vc_row][vc_row el_id=&#8221;products&#8221;][vc_column][vc_empty_space][elx_heading text_color=&#8221;inherit&#8221; text_align=&#8221;text-center&#8221;]Conozca m\u00e1s sobre nuestras familias de equipos de la L\u00ednea 6000[\/elx_heading][vc_empty_space][elx_product_showcase number_columns=&#8221;3&#8243; order_col1=&#8221;1&#8243; image_col1=&#8221;14676&#8243; order_col2=&#8221;2&#8243; image_col2=&#8221;14678&#8243; order_col3=&#8221;3&#8243; image_col3=&#8221;14680&#8243; order_col4=&#8221;4&#8243; bg_row=&#8221;bg-download-white&#8221; title_col1=&#8221;Lavadoras industriales&#8221; title_col2=&#8221;Lavadoras de Barrera Sanitaria&#8221; title_col3=&#8221;Secadoras&#8221; link_col1=&#8221;url:https%3A%2F%2Fwww.electroluxprofessional.com%2Fla%2Fequipamiento-lavanderia-comercial%2Fcommercial-washers%2F|target:_blank&#8221; link_col2=&#8221;url:https%3A%2F%2Fwww.electroluxprofessional.com%2Fla%2Flavadoras-de-barrera-sanitaria-linea-6000%2F|target:_blank&#8221; link_col3=&#8221;url:https%3A%2F%2Fwww.electroluxprofessional.com%2Fla%2Fequipamiento-lavanderia-comercial%2Ftumble-dryers%2F|target:_blank&#8221;][vc_empty_space][elx_product_showcase number_columns=&#8221;2&#8243; order_col1=&#8221;1&#8243; image_col1=&#8221;14677&#8243; order_col2=&#8221;2&#8243; image_col2=&#8221;14679&#8243; order_col3=&#8221;3&#8243; order_col4=&#8221;4&#8243; bg_row=&#8221;bg-download-white&#8221; title_col1=&#8221;Gabinetes de secado&#8221; title_col2=&#8221;Calandras Cil\u00edndricas y de Cubeta&#8221; link_col1=&#8221;url:https%3A%2F%2Fwww.electroluxprofessional.com%2Fla%2Fcabinas-de-secado%2F&#8221; link_col2=&#8221;url:https%3A%2F%2Fwww.electroluxprofessional.com%2Fla%2Falta-productividad-linea-6000-calandras-flatwork%2F&#8221;][\/vc_column][\/vc_row][vc_row full_width=&#8221;electroluxpro-full-width-no-padding&#8221;][vc_column][elx_features_download title=&#8221;Essentia: the heart of customer service&#8221; title_download=&#8221;&#8221; bg_row=&#8221;bg-row-light-blue&#8221; values=&#8221;%5B%7B%22select_type%22%3A%22link%22%2C%22link_download%22%3A%22url%3Ahttps%253A%252F%252Fwww.electroluxprofessional.com%252Fwp-content%252Fuploads%252F2022%252F01%252FCLF_CLF-9JE00193_1_5_1_5_EPR_Essentia_Service-agreements_2020_ENG_LR.pdf%7Ctitle%3ADiscover%2520Essentia%7Ctarget%3A_blank%22%7D%5D&#8221; discover=&#8221;%5B%7B%7D%5D&#8221; features=&#8221;%5B%7B%7D%5D&#8221;]Providing you with the support you need, taking care of your processes with a reliable service network, a range of tailored-made exclusive services and an innovative technology.[\/elx_features_download][\/vc_column][\/vc_row]<\/p>\n","protected":false},"excerpt":{"rendered":"<p>[vc_row full_width=&#8221;electroluxpro-full-width-no-padding&#8221;][vc_column][elx_image_block background_image=&#8221;14669&#8243; minimum_height=&#8221;400px&#8221;][vc_empty_space][\/vc_column][\/vc_row][vc_row][vc_column][elx_heading font_container=&#8221;h1&#8243; text_color=&#8221;inherit&#8221;]Soluciones con ahorros energ\u00e9tico para su lavander\u00eda profesional[\/elx_heading][vc_empty_space][vc_column_text]Reduzca sus costos de operaci\u00f3n sin sacrificar calidad y producci\u00f3n Combine nuestras lavadoras de alta extracci\u00f3n, flotantes, con nuestra nueva generaci\u00f3n de secadoras de bomba de calor para ayudar con los altos costos de energ\u00eda, y ayudar la competitividad de su negocio.[\/vc_column_text][vc_empty_space][elx_button button_text=&#8221;IR [&hellip;]<\/p>\n","protected":false},"author":61,"featured_media":0,"parent":1256,"menu_order":0,"comment_status":"closed","ping_status":"closed","template":"","meta":{"footnotes":""},"class_list":["post-14684","page","type-page","status-publish","hentry"],"acf":[],"yoast_head":"<!-- This site is optimized with the Yoast SEO plugin v23.3 - https:\/\/yoast.com\/wordpress\/plugins\/seo\/ -->\n<title>Soluci\u00f3n Linea 6000 - Electrolux Professional Latin America<\/title>\n<meta name=\"robots\" content=\"index, follow, max-snippet:-1, max-image-preview:large, max-video-preview:-1\" \/>\n<link rel=\"canonical\" href=\"https:\/\/www.electroluxprofessional.com\/la\/equipamiento-lavanderia-comercial\/line-6000-solutions\/\" \/>\n<meta property=\"og:locale\" content=\"es_MX\" \/>\n<meta property=\"og:type\" content=\"article\" \/>\n<meta property=\"og:title\" content=\"Soluci\u00f3n Linea 6000 - Electrolux Professional Latin America\" \/>\n<meta property=\"og:description\" content=\"[vc_row full_width=&#8221;electroluxpro-full-width-no-padding&#8221;][vc_column][elx_image_block background_image=&#8221;14669&#8243; minimum_height=&#8221;400px&#8221;][vc_empty_space][\/vc_column][\/vc_row][vc_row][vc_column][elx_heading font_container=&#8221;h1&#8243; text_color=&#8221;inherit&#8221;]Soluciones con ahorros energ\u00e9tico para su lavander\u00eda profesional[\/elx_heading][vc_empty_space][vc_column_text]Reduzca sus costos de operaci\u00f3n sin sacrificar calidad y producci\u00f3n Combine nuestras lavadoras de alta extracci\u00f3n, flotantes, con nuestra nueva generaci\u00f3n de secadoras de bomba de calor para ayudar con los altos costos de energ\u00eda, y ayudar la competitividad de su negocio.[\/vc_column_text][vc_empty_space][elx_button button_text=&#8221;IR [&hellip;]\" \/>\n<meta property=\"og:url\" content=\"https:\/\/www.electroluxprofessional.com\/la\/equipamiento-lavanderia-comercial\/line-6000-solutions\/\" \/>\n<meta property=\"og:site_name\" content=\"Electrolux Professional Latin America\" \/>\n<meta property=\"article:modified_time\" content=\"2025-11-05T16:32:06+00:00\" \/>\n<meta name=\"twitter:card\" content=\"summary_large_image\" \/>\n<meta name=\"twitter:label1\" content=\"Tiempo de lectura\" \/>\n\t<meta name=\"twitter:data1\" content=\"3 minutos\" \/>\n<script type=\"application\/ld+json\" class=\"yoast-schema-graph\">{\"@context\":\"https:\/\/schema.org\",\"@graph\":[{\"@type\":\"WebPage\",\"@id\":\"https:\/\/www.electroluxprofessional.com\/la\/equipamiento-lavanderia-comercial\/line-6000-solutions\/\",\"url\":\"https:\/\/www.electroluxprofessional.com\/la\/equipamiento-lavanderia-comercial\/line-6000-solutions\/\",\"name\":\"Soluci\u00f3n Linea 6000 - Electrolux Professional Latin America\",\"isPartOf\":{\"@id\":\"https:\/\/www.electroluxprofessional.com\/la\/#website\"},\"datePublished\":\"2024-05-09T06:44:09+00:00\",\"dateModified\":\"2025-11-05T16:32:06+00:00\",\"breadcrumb\":{\"@id\":\"https:\/\/www.electroluxprofessional.com\/la\/equipamiento-lavanderia-comercial\/line-6000-solutions\/#breadcrumb\"},\"inLanguage\":\"es\",\"potentialAction\":[{\"@type\":\"ReadAction\",\"target\":[\"https:\/\/www.electroluxprofessional.com\/la\/equipamiento-lavanderia-comercial\/line-6000-solutions\/\"]}]},{\"@type\":\"BreadcrumbList\",\"@id\":\"https:\/\/www.electroluxprofessional.com\/la\/equipamiento-lavanderia-comercial\/line-6000-solutions\/#breadcrumb\",\"itemListElement\":[{\"@type\":\"ListItem\",\"position\":1,\"name\":\"Home\",\"item\":\"https:\/\/www.electroluxprofessional.com\/la\/\"},{\"@type\":\"ListItem\",\"position\":2,\"name\":\"Lavander\u00eda\",\"item\":\"https:\/\/www.electroluxprofessional.com\/la\/equipamiento-lavanderia-comercial\/\"},{\"@type\":\"ListItem\",\"position\":3,\"name\":\"Soluci\u00f3n Linea 6000\"}]},{\"@type\":\"WebSite\",\"@id\":\"https:\/\/www.electroluxprofessional.com\/la\/#website\",\"url\":\"https:\/\/www.electroluxprofessional.com\/la\/\",\"name\":\"Electrolux Professional Latin America\",\"description\":\"Equipamiento cocinas profesionales y lavander\u00edas comerciales. Excelencia en el suministro de soluciones profesionales.\",\"potentialAction\":[{\"@type\":\"SearchAction\",\"target\":{\"@type\":\"EntryPoint\",\"urlTemplate\":\"https:\/\/www.electroluxprofessional.com\/la\/?src={search_term_string}\"},\"query-input\":\"required name=search_term_string\"}],\"inLanguage\":\"es\"}]}<\/script>\n<!-- \/ Yoast SEO plugin. -->","yoast_head_json":{"title":"Soluci\u00f3n Linea 6000 - Electrolux Professional Latin America","robots":{"index":"index","follow":"follow","max-snippet":"max-snippet:-1","max-image-preview":"max-image-preview:large","max-video-preview":"max-video-preview:-1"},"canonical":"https:\/\/www.electroluxprofessional.com\/la\/equipamiento-lavanderia-comercial\/line-6000-solutions\/","og_locale":"es_MX","og_type":"article","og_title":"Soluci\u00f3n Linea 6000 - Electrolux Professional Latin America","og_description":"[vc_row full_width=&#8221;electroluxpro-full-width-no-padding&#8221;][vc_column][elx_image_block background_image=&#8221;14669&#8243; minimum_height=&#8221;400px&#8221;][vc_empty_space][\/vc_column][\/vc_row][vc_row][vc_column][elx_heading font_container=&#8221;h1&#8243; text_color=&#8221;inherit&#8221;]Soluciones con ahorros energ\u00e9tico para su lavander\u00eda profesional[\/elx_heading][vc_empty_space][vc_column_text]Reduzca sus costos de operaci\u00f3n sin sacrificar calidad y producci\u00f3n Combine nuestras lavadoras de alta extracci\u00f3n, flotantes, con nuestra nueva generaci\u00f3n de secadoras de bomba de calor para ayudar con los altos costos de energ\u00eda, y ayudar la competitividad de su negocio.[\/vc_column_text][vc_empty_space][elx_button button_text=&#8221;IR [&hellip;]","og_url":"https:\/\/www.electroluxprofessional.com\/la\/equipamiento-lavanderia-comercial\/line-6000-solutions\/","og_site_name":"Electrolux Professional Latin America","article_modified_time":"2025-11-05T16:32:06+00:00","twitter_card":"summary_large_image","twitter_misc":{"Tiempo de lectura":"3 minutos"},"schema":{"@context":"https:\/\/schema.org","@graph":[{"@type":"WebPage","@id":"https:\/\/www.electroluxprofessional.com\/la\/equipamiento-lavanderia-comercial\/line-6000-solutions\/","url":"https:\/\/www.electroluxprofessional.com\/la\/equipamiento-lavanderia-comercial\/line-6000-solutions\/","name":"Soluci\u00f3n Linea 6000 - Electrolux Professional Latin America","isPartOf":{"@id":"https:\/\/www.electroluxprofessional.com\/la\/#website"},"datePublished":"2024-05-09T06:44:09+00:00","dateModified":"2025-11-05T16:32:06+00:00","breadcrumb":{"@id":"https:\/\/www.electroluxprofessional.com\/la\/equipamiento-lavanderia-comercial\/line-6000-solutions\/#breadcrumb"},"inLanguage":"es","potentialAction":[{"@type":"ReadAction","target":["https:\/\/www.electroluxprofessional.com\/la\/equipamiento-lavanderia-comercial\/line-6000-solutions\/"]}]},{"@type":"BreadcrumbList","@id":"https:\/\/www.electroluxprofessional.com\/la\/equipamiento-lavanderia-comercial\/line-6000-solutions\/#breadcrumb","itemListElement":[{"@type":"ListItem","position":1,"name":"Home","item":"https:\/\/www.electroluxprofessional.com\/la\/"},{"@type":"ListItem","position":2,"name":"Lavander\u00eda","item":"https:\/\/www.electroluxprofessional.com\/la\/equipamiento-lavanderia-comercial\/"},{"@type":"ListItem","position":3,"name":"Soluci\u00f3n Linea 6000"}]},{"@type":"WebSite","@id":"https:\/\/www.electroluxprofessional.com\/la\/#website","url":"https:\/\/www.electroluxprofessional.com\/la\/","name":"Electrolux Professional Latin America","description":"Equipamiento cocinas profesionales y lavander\u00edas comerciales. Excelencia en el suministro de soluciones profesionales.","potentialAction":[{"@type":"SearchAction","target":{"@type":"EntryPoint","urlTemplate":"https:\/\/www.electroluxprofessional.com\/la\/?src={search_term_string}"},"query-input":"required name=search_term_string"}],"inLanguage":"es"}]}},"_links":{"self":[{"href":"https:\/\/www.electroluxprofessional.com\/la\/wp-json\/wp\/v2\/pages\/14684"}],"collection":[{"href":"https:\/\/www.electroluxprofessional.com\/la\/wp-json\/wp\/v2\/pages"}],"about":[{"href":"https:\/\/www.electroluxprofessional.com\/la\/wp-json\/wp\/v2\/types\/page"}],"author":[{"embeddable":true,"href":"https:\/\/www.electroluxprofessional.com\/la\/wp-json\/wp\/v2\/users\/61"}],"replies":[{"embeddable":true,"href":"https:\/\/www.electroluxprofessional.com\/la\/wp-json\/wp\/v2\/comments?post=14684"}],"version-history":[{"count":22,"href":"https:\/\/www.electroluxprofessional.com\/la\/wp-json\/wp\/v2\/pages\/14684\/revisions"}],"predecessor-version":[{"id":16654,"href":"https:\/\/www.electroluxprofessional.com\/la\/wp-json\/wp\/v2\/pages\/14684\/revisions\/16654"}],"up":[{"embeddable":true,"href":"https:\/\/www.electroluxprofessional.com\/la\/wp-json\/wp\/v2\/pages\/1256"}],"wp:attachment":[{"href":"https:\/\/www.electroluxprofessional.com\/la\/wp-json\/wp\/v2\/media?parent=14684"}],"curies":[{"name":"wp","href":"https:\/\/api.w.org\/{rel}","templated":true}]}}