{"id":14364,"date":"2023-02-03T12:35:53","date_gmt":"2023-02-03T12:35:53","guid":{"rendered":"https:\/\/www.electroluxprofessional.com\/la\/?page_id=14364"},"modified":"2026-05-04T14:39:29","modified_gmt":"2026-05-04T14:39:29","slug":"seminarios-soluciones-sector-salud-registrate","status":"publish","type":"page","link":"https:\/\/www.electroluxprofessional.com\/la\/seminarios-soluciones-sector-salud-registrate\/","title":{"rendered":"Seminarios Soluciones Sector Salud &#8211; Reg\u00edstrate"},"content":{"rendered":"<p>[vc_row][vc_column][vc_column_text]<\/p>\n<h3 style=\"text-align: center;\">Formulario para registrarse en el seminario virtual<\/h3>\n<p>[\/vc_column_text][vc_empty_space height=&#8221;10px&#8221;][elx_o2000_contact_us s=&#8221;Lleva la innovaci\u00f3n al siguiente nivel con lavander\u00edas hospitalarias impulsadas por la tecnolog\u00eda avanzada de Electrolux Professional&#8221; campaign=&#8221;701SX00000eIrzkYAC&#8221; text_send_button=&#8221;Reg\u00edstrate&#8221; flag_campaign=&#8221;true&#8221; flag_hide_request_type=&#8221;true&#8221; country=&#8221;Peru&#8221; b=&#8221;laundry&#8221; r=&#8221;Me gustar\u00eda participar en el seminario web: Conozca la tecnolog\u00eda de punta en secadoras y equipo de planchado para lavander\u00edas hospitalarias&#8221;][\/vc_column][\/vc_row]<\/p>\n","protected":false},"excerpt":{"rendered":"<p>[vc_row][vc_column][vc_column_text] Formulario para registrarse en el seminario virtual [\/vc_column_text][vc_empty_space height=&#8221;10px&#8221;][elx_o2000_contact_us s=&#8221;Lleva la innovaci\u00f3n al siguiente nivel con lavander\u00edas hospitalarias impulsadas por la tecnolog\u00eda avanzada de Electrolux Professional&#8221; campaign=&#8221;701SX00000eIrzkYAC&#8221; text_send_button=&#8221;Reg\u00edstrate&#8221; flag_campaign=&#8221;true&#8221; flag_hide_request_type=&#8221;true&#8221; country=&#8221;Peru&#8221; b=&#8221;laundry&#8221; r=&#8221;Me gustar\u00eda participar en el seminario web: Conozca la tecnolog\u00eda de punta en secadoras y equipo de planchado para lavander\u00edas hospitalarias&#8221;][\/vc_column][\/vc_row]<\/p>\n","protected":false},"author":61,"featured_media":0,"parent":0,"menu_order":0,"comment_status":"closed","ping_status":"closed","template":"page-campaigns.php","meta":{"footnotes":""},"class_list":["post-14364","page","type-page","status-publish","hentry"],"acf":[],"yoast_head":"<!-- This site is optimized with the Yoast SEO plugin v23.3 - https:\/\/yoast.com\/wordpress\/plugins\/seo\/ -->\n<title>Seminarios Soluciones Sector Salud - Reg\u00edstrate - Electrolux Professional Latin America<\/title>\n<meta name=\"robots\" content=\"index, follow, max-snippet:-1, max-image-preview:large, max-video-preview:-1\" \/>\n<link rel=\"canonical\" href=\"https:\/\/www.electroluxprofessional.com\/la\/seminarios-soluciones-sector-salud-registrate\/\" \/>\n<meta property=\"og:locale\" content=\"es_MX\" \/>\n<meta property=\"og:type\" content=\"article\" \/>\n<meta property=\"og:title\" content=\"Seminarios Soluciones Sector Salud - Reg\u00edstrate - Electrolux Professional Latin America\" \/>\n<meta property=\"og:description\" content=\"[vc_row][vc_column][vc_column_text] Formulario para registrarse en el seminario virtual [\/vc_column_text][vc_empty_space height=&#8221;10px&#8221;][elx_o2000_contact_us s=&#8221;Lleva la innovaci\u00f3n al siguiente nivel con lavander\u00edas hospitalarias impulsadas por la tecnolog\u00eda avanzada de Electrolux Professional&#8221; campaign=&#8221;701SX00000eIrzkYAC&#8221; text_send_button=&#8221;Reg\u00edstrate&#8221; flag_campaign=&#8221;true&#8221; flag_hide_request_type=&#8221;true&#8221; country=&#8221;Peru&#8221; b=&#8221;laundry&#8221; r=&#8221;Me gustar\u00eda participar en el seminario web: Conozca la tecnolog\u00eda de punta en secadoras y equipo de planchado para lavander\u00edas hospitalarias&#8221;][\/vc_column][\/vc_row]\" \/>\n<meta property=\"og:url\" content=\"https:\/\/www.electroluxprofessional.com\/la\/seminarios-soluciones-sector-salud-registrate\/\" \/>\n<meta property=\"og:site_name\" content=\"Electrolux Professional Latin America\" \/>\n<meta property=\"article:modified_time\" content=\"2026-05-04T14:39:29+00:00\" \/>\n<meta name=\"twitter:card\" content=\"summary_large_image\" \/>\n<meta name=\"twitter:label1\" content=\"Tiempo de lectura\" \/>\n\t<meta name=\"twitter:data1\" content=\"1 minuto\" \/>\n<script type=\"application\/ld+json\" class=\"yoast-schema-graph\">{\"@context\":\"https:\/\/schema.org\",\"@graph\":[{\"@type\":\"WebPage\",\"@id\":\"https:\/\/www.electroluxprofessional.com\/la\/seminarios-soluciones-sector-salud-registrate\/\",\"url\":\"https:\/\/www.electroluxprofessional.com\/la\/seminarios-soluciones-sector-salud-registrate\/\",\"name\":\"Seminarios Soluciones Sector Salud - Reg\u00edstrate - Electrolux Professional Latin America\",\"isPartOf\":{\"@id\":\"https:\/\/www.electroluxprofessional.com\/la\/#website\"},\"datePublished\":\"2023-02-03T12:35:53+00:00\",\"dateModified\":\"2026-05-04T14:39:29+00:00\",\"breadcrumb\":{\"@id\":\"https:\/\/www.electroluxprofessional.com\/la\/seminarios-soluciones-sector-salud-registrate\/#breadcrumb\"},\"inLanguage\":\"es\",\"potentialAction\":[{\"@type\":\"ReadAction\",\"target\":[\"https:\/\/www.electroluxprofessional.com\/la\/seminarios-soluciones-sector-salud-registrate\/\"]}]},{\"@type\":\"BreadcrumbList\",\"@id\":\"https:\/\/www.electroluxprofessional.com\/la\/seminarios-soluciones-sector-salud-registrate\/#breadcrumb\",\"itemListElement\":[{\"@type\":\"ListItem\",\"position\":1,\"name\":\"Home\",\"item\":\"https:\/\/www.electroluxprofessional.com\/la\/\"},{\"@type\":\"ListItem\",\"position\":2,\"name\":\"Seminarios Soluciones Sector Salud &#8211; Reg\u00edstrate\"}]},{\"@type\":\"WebSite\",\"@id\":\"https:\/\/www.electroluxprofessional.com\/la\/#website\",\"url\":\"https:\/\/www.electroluxprofessional.com\/la\/\",\"name\":\"Electrolux Professional Latin America\",\"description\":\"Equipamiento cocinas profesionales y lavander\u00edas comerciales. Excelencia en el suministro de soluciones profesionales.\",\"potentialAction\":[{\"@type\":\"SearchAction\",\"target\":{\"@type\":\"EntryPoint\",\"urlTemplate\":\"https:\/\/www.electroluxprofessional.com\/la\/?src={search_term_string}\"},\"query-input\":\"required name=search_term_string\"}],\"inLanguage\":\"es\"}]}<\/script>\n<!-- \/ Yoast SEO plugin. -->","yoast_head_json":{"title":"Seminarios Soluciones Sector Salud - Reg\u00edstrate - Electrolux Professional Latin America","robots":{"index":"index","follow":"follow","max-snippet":"max-snippet:-1","max-image-preview":"max-image-preview:large","max-video-preview":"max-video-preview:-1"},"canonical":"https:\/\/www.electroluxprofessional.com\/la\/seminarios-soluciones-sector-salud-registrate\/","og_locale":"es_MX","og_type":"article","og_title":"Seminarios Soluciones Sector Salud - Reg\u00edstrate - Electrolux Professional Latin America","og_description":"[vc_row][vc_column][vc_column_text] Formulario para registrarse en el seminario virtual [\/vc_column_text][vc_empty_space height=&#8221;10px&#8221;][elx_o2000_contact_us s=&#8221;Lleva la innovaci\u00f3n al siguiente nivel con lavander\u00edas hospitalarias impulsadas por la tecnolog\u00eda avanzada de Electrolux Professional&#8221; campaign=&#8221;701SX00000eIrzkYAC&#8221; text_send_button=&#8221;Reg\u00edstrate&#8221; flag_campaign=&#8221;true&#8221; flag_hide_request_type=&#8221;true&#8221; country=&#8221;Peru&#8221; b=&#8221;laundry&#8221; r=&#8221;Me gustar\u00eda participar en el seminario web: Conozca la tecnolog\u00eda de punta en secadoras y equipo de planchado para lavander\u00edas hospitalarias&#8221;][\/vc_column][\/vc_row]","og_url":"https:\/\/www.electroluxprofessional.com\/la\/seminarios-soluciones-sector-salud-registrate\/","og_site_name":"Electrolux Professional Latin America","article_modified_time":"2026-05-04T14:39:29+00:00","twitter_card":"summary_large_image","twitter_misc":{"Tiempo de lectura":"1 minuto"},"schema":{"@context":"https:\/\/schema.org","@graph":[{"@type":"WebPage","@id":"https:\/\/www.electroluxprofessional.com\/la\/seminarios-soluciones-sector-salud-registrate\/","url":"https:\/\/www.electroluxprofessional.com\/la\/seminarios-soluciones-sector-salud-registrate\/","name":"Seminarios Soluciones Sector Salud - Reg\u00edstrate - Electrolux Professional Latin America","isPartOf":{"@id":"https:\/\/www.electroluxprofessional.com\/la\/#website"},"datePublished":"2023-02-03T12:35:53+00:00","dateModified":"2026-05-04T14:39:29+00:00","breadcrumb":{"@id":"https:\/\/www.electroluxprofessional.com\/la\/seminarios-soluciones-sector-salud-registrate\/#breadcrumb"},"inLanguage":"es","potentialAction":[{"@type":"ReadAction","target":["https:\/\/www.electroluxprofessional.com\/la\/seminarios-soluciones-sector-salud-registrate\/"]}]},{"@type":"BreadcrumbList","@id":"https:\/\/www.electroluxprofessional.com\/la\/seminarios-soluciones-sector-salud-registrate\/#breadcrumb","itemListElement":[{"@type":"ListItem","position":1,"name":"Home","item":"https:\/\/www.electroluxprofessional.com\/la\/"},{"@type":"ListItem","position":2,"name":"Seminarios Soluciones Sector Salud &#8211; Reg\u00edstrate"}]},{"@type":"WebSite","@id":"https:\/\/www.electroluxprofessional.com\/la\/#website","url":"https:\/\/www.electroluxprofessional.com\/la\/","name":"Electrolux Professional Latin America","description":"Equipamiento cocinas profesionales y lavander\u00edas comerciales. Excelencia en el suministro de soluciones profesionales.","potentialAction":[{"@type":"SearchAction","target":{"@type":"EntryPoint","urlTemplate":"https:\/\/www.electroluxprofessional.com\/la\/?src={search_term_string}"},"query-input":"required name=search_term_string"}],"inLanguage":"es"}]}},"_links":{"self":[{"href":"https:\/\/www.electroluxprofessional.com\/la\/wp-json\/wp\/v2\/pages\/14364"}],"collection":[{"href":"https:\/\/www.electroluxprofessional.com\/la\/wp-json\/wp\/v2\/pages"}],"about":[{"href":"https:\/\/www.electroluxprofessional.com\/la\/wp-json\/wp\/v2\/types\/page"}],"author":[{"embeddable":true,"href":"https:\/\/www.electroluxprofessional.com\/la\/wp-json\/wp\/v2\/users\/61"}],"replies":[{"embeddable":true,"href":"https:\/\/www.electroluxprofessional.com\/la\/wp-json\/wp\/v2\/comments?post=14364"}],"version-history":[{"count":28,"href":"https:\/\/www.electroluxprofessional.com\/la\/wp-json\/wp\/v2\/pages\/14364\/revisions"}],"predecessor-version":[{"id":17431,"href":"https:\/\/www.electroluxprofessional.com\/la\/wp-json\/wp\/v2\/pages\/14364\/revisions\/17431"}],"wp:attachment":[{"href":"https:\/\/www.electroluxprofessional.com\/la\/wp-json\/wp\/v2\/media?parent=14364"}],"curies":[{"name":"wp","href":"https:\/\/api.w.org\/{rel}","templated":true}]}}