{"id":14227,"date":"2023-02-03T16:36:30","date_gmt":"2023-02-03T16:36:30","guid":{"rendered":"https:\/\/www.electroluxprofessional.com\/la\/?page_id=14227"},"modified":"2026-05-04T14:40:54","modified_gmt":"2026-05-04T14:40:54","slug":"seminarios-soluciones-sector-salud","status":"publish","type":"page","link":"https:\/\/www.electroluxprofessional.com\/la\/seminarios-soluciones-sector-salud\/","title":{"rendered":"Seminarios Soluciones Sector Salud"},"content":{"rendered":"<p>[vc_row full_width=&#8221;electroluxpro-full-width-no-padding&#8221;][vc_column][elx_image align=&#8221;text-center&#8221; image_media_library=&#8221;16949&#8243; image_media_library_mobile=&#8221;16950&#8243;][\/vc_column][\/vc_row][vc_row disable_element=&#8221;yes&#8221;][vc_column][vc_empty_space][elx_heading font_container=&#8221;h1&#8243; font_size=&#8221;h1&#8243; text_color=&#8221;electrolux-blue&#8221; text_align=&#8221;text-center&#8221;]Descubra la serie completa de nuestros Semiarios Virtuales[\/elx_heading][vc_empty_space][vc_column_text]<\/p>\n<p style=\"text-align: center;\">Sus expertos locales acompa\u00f1ados con los a\u00f1os de experiencia y expertos de Electrolux Professional los guiaran en el proceso completo para la construcci\u00f3n de una lavander\u00eda hospitalaria de barrera sanitaria.<\/p>\n<p>[\/vc_column_text][vc_empty_space height=&#8221;64px&#8221;][\/vc_column][\/vc_row][vc_row][vc_column][vc_empty_space][elx_heading font_container=&#8221;h1&#8243; font_size=&#8221;h1&#8243; text_color=&#8221;electrolux-blue&#8221; text_align=&#8221;text-center&#8221;]Explore soluciones tecnol\u00f3gicas para el sector salud en nuestra nueva serie de seminarios[\/elx_heading][vc_empty_space][vc_column_text]<\/p>\n<div style=\"text-align: center;\">Sus expertos locales, junto con la experiencia de Electrolux Professional, los acompa\u00f1ar\u00e1n en cada paso para crear una lavander\u00eda hospitalaria con barrera sanitaria, uniendo conocimiento y tecnolog\u00eda al servicio del sector salud.<\/div>\n<p>[\/vc_column_text][vc_empty_space height=&#8221;64px&#8221;][\/vc_column][\/vc_row][vc_row css=&#8221;.vc_custom_1675180042784{background-color: #dfe7ea !important;}&#8221;][vc_column][vc_row_inner][vc_column_inner][vc_empty_space height=&#8221;64px&#8221;][\/vc_column_inner][\/vc_row_inner][vc_row_inner][vc_column_inner width=&#8221;1\/4&#8243;][vc_empty_space height=&#8221;28px&#8221;][vc_single_image image=&#8221;14431&#8243; img_size=&#8221;medium&#8221; alignment=&#8221;center&#8221; css=&#8221;.vc_custom_1775577448545{border-top-width: 0px !important;border-right-width: 0px !important;border-bottom-width: 0px !important;border-left-width: 0px !important;}&#8221;][\/vc_column_inner][vc_column_inner width=&#8221;3\/4&#8243;][vc_column_text]<\/p>\n<h3><span style=\"color: #626262;\">Conozca la tecnolog\u00eda de punta en lavadoras de barrera sanitaria y carga frontal con trazabilidad<\/span><\/h3>\n<p>[\/vc_column_text][vc_empty_space height=&#8221;20px&#8221;][vc_column_text]<\/p>\n<h6><strong><span style=\"color: #626262;\">16:00hr local Lima<\/span><\/strong><\/h6>\n<h6><strong><span style=\"color: #626262;\">March 11, 2026<\/span><\/strong><\/h6>\n<p>[\/vc_column_text][vc_empty_space height=&#8221;15px&#8221;][vc_single_image image=&#8221;14436&#8243; img_size=&#8221;full&#8221;][\/vc_column_inner][\/vc_row_inner][vc_empty_space height=&#8221;100px&#8221;][vc_row_inner][vc_column_inner width=&#8221;1\/4&#8243;][vc_empty_space height=&#8221;28px&#8221;][vc_single_image image=&#8221;14328&#8243; img_size=&#8221;full&#8221;][\/vc_column_inner][vc_column_inner width=&#8221;3\/4&#8243;][vc_column_text]<\/p>\n<h3><span style=\"color: #626262;\">Conozca la tecnolog\u00eda de punta en calandras\/planchadoras de sabanas y dimensionamiento<\/span><\/h3>\n<p>[\/vc_column_text][vc_empty_space height=&#8221;20px&#8221;][vc_column_text]<\/p>\n<h6><span style=\"color: #626262;\"><strong>16:00hr local Lima<\/strong><\/span><\/h6>\n<h6><span style=\"color: #626262;\"><strong>April 22, 2026<\/strong><\/span><\/h6>\n<p>[\/vc_column_text][vc_empty_space height=&#8221;15px&#8221;][vc_single_image image=&#8221;14436&#8243; img_size=&#8221;full&#8221;][\/vc_column_inner][\/vc_row_inner][vc_empty_space height=&#8221;100px&#8221;][vc_row_inner][vc_column_inner width=&#8221;1\/4&#8243;][vc_empty_space height=&#8221;28px&#8221;][vc_single_image image=&#8221;14486&#8243; img_size=&#8221;full&#8221;][\/vc_column_inner][vc_column_inner width=&#8221;3\/4&#8243;][vc_column_text]<\/p>\n<h3>Conozca la tecnolog\u00eda de punta en secadoras y equipo de planchado para lavander\u00edas hospitalarias<\/h3>\n<p>[\/vc_column_text][vc_empty_space height=&#8221;20px&#8221;][vc_column_text]<\/p>\n<h6><strong>16:00hr local Lima<\/strong><br \/>\n<strong>Mayo 20, 2026<\/strong><\/h6>\n<p>[\/vc_column_text][vc_empty_space height=&#8221;15px&#8221;][elx_button button_text=&#8221;REGISTRATE&#8221; button_link=&#8221;url:https%3A%2F%2Fwww.electroluxprofessional.com%2Fla%2Fseminarios-soluciones-sector-salud-registrate%2F|title:Seminarios%20Soluciones%20Sector%20Salud%20%E2%80%93%20Reg%C3%ADstrate|target:_blank&#8221;][\/vc_column_inner][\/vc_row_inner][vc_empty_space height=&#8221;100px&#8221;][\/vc_column][\/vc_row][vc_row][vc_column][vc_empty_space height=&#8221;80px&#8221;][\/vc_column][\/vc_row][vc_row][vc_column width=&#8221;1\/2&#8243;][vc_row_inner][vc_column_inner width=&#8221;1\/3&#8243;][vc_single_image image=&#8221;14382&#8243; img_size=&#8221;full&#8221;][\/vc_column_inner][vc_column_inner width=&#8221;2\/3&#8243;][vc_column_text]Expositor Internacional[\/vc_column_text][vc_column_text]<\/p>\n<h5>Danilo Vanegas<\/h5>\n<p>[\/vc_column_text][vc_empty_space][vc_column_text]<\/p>\n<h6>Electrolux Professional<br \/>\nLaundry Solutions<\/h6>\n<p>[\/vc_column_text][\/vc_column_inner][\/vc_row_inner][vc_empty_space height=&#8221;60px&#8221;][vc_row_inner][vc_column_inner][vc_column_text]<\/p>\n<p style=\"text-align: left;\"><strong>Experiencia:<\/strong> 16 a\u00f1os desarrollando mercados de am\u00e9rica latina para electrolux professional<\/p>\n<p>[\/vc_column_text][\/vc_column_inner][\/vc_row_inner][\/vc_column][vc_column width=&#8221;1\/2&#8243;][vc_row_inner][vc_column_inner width=&#8221;1\/3&#8243;][vc_single_image image=&#8221;14380&#8243; img_size=&#8221;full&#8221;][\/vc_column_inner][vc_column_inner width=&#8221;2\/3&#8243;][vc_column_text]Experta Nacional[\/vc_column_text][vc_column_text]<\/p>\n<h5>Milagros Gaslac<\/h5>\n<p>[\/vc_column_text][vc_empty_space][vc_column_text]<\/p>\n<h6>Serfac<br \/>\nEquipos de Lavander\u00eda Industrial y Semi Industrial<\/h6>\n<p>[\/vc_column_text][\/vc_column_inner][\/vc_row_inner][vc_empty_space][vc_row_inner][vc_column_inner][vc_column_text]<strong>Experiencia: <\/strong>14 a\u00f1os de experiencia por la elaboraci\u00f3n de Proyectos de lavander\u00eda institucionales[\/vc_column_text][\/vc_column_inner][\/vc_row_inner][\/vc_column][\/vc_row][vc_row][vc_column][vc_empty_space height=&#8221;100px&#8221;][\/vc_column][\/vc_row][vc_row][vc_column][vc_column_text]<\/p>\n<h2 style=\"text-align: center;\">En colaboraci\u00f3n con<\/h2>\n<p>[\/vc_column_text][vc_empty_space height=&#8221;20px&#8221;][vc_single_image image=&#8221;14355&#8243; img_size=&#8221;full&#8221; alignment=&#8221;center&#8221;][\/vc_column][\/vc_row][vc_row][vc_column][vc_empty_space height=&#8221;100px&#8221;][\/vc_column][\/vc_row]<\/p>\n","protected":false},"excerpt":{"rendered":"<p>[vc_row full_width=&#8221;electroluxpro-full-width-no-padding&#8221;][vc_column][elx_image align=&#8221;text-center&#8221; image_media_library=&#8221;16949&#8243; image_media_library_mobile=&#8221;16950&#8243;][\/vc_column][\/vc_row][vc_row disable_element=&#8221;yes&#8221;][vc_column][vc_empty_space][elx_heading font_container=&#8221;h1&#8243; font_size=&#8221;h1&#8243; text_color=&#8221;electrolux-blue&#8221; text_align=&#8221;text-center&#8221;]Descubra la serie completa de nuestros Semiarios Virtuales[\/elx_heading][vc_empty_space][vc_column_text] Sus expertos locales acompa\u00f1ados con los a\u00f1os de experiencia y expertos de Electrolux Professional los guiaran en el proceso completo para la construcci\u00f3n de una lavander\u00eda hospitalaria de barrera sanitaria. [\/vc_column_text][vc_empty_space height=&#8221;64px&#8221;][\/vc_column][\/vc_row][vc_row][vc_column][vc_empty_space][elx_heading font_container=&#8221;h1&#8243; font_size=&#8221;h1&#8243; text_color=&#8221;electrolux-blue&#8221; text_align=&#8221;text-center&#8221;]Explore soluciones tecnol\u00f3gicas [&hellip;]<\/p>\n","protected":false},"author":61,"featured_media":16949,"parent":0,"menu_order":0,"comment_status":"closed","ping_status":"closed","template":"page-campaigns.php","meta":{"footnotes":""},"class_list":["post-14227","page","type-page","status-publish","has-post-thumbnail","hentry"],"acf":[],"yoast_head":"<!-- This site is optimized with the Yoast SEO plugin v23.3 - https:\/\/yoast.com\/wordpress\/plugins\/seo\/ -->\n<title>Seminarios Soluciones Sector Salud - Electrolux Professional Latin America<\/title>\n<meta name=\"robots\" content=\"noindex, nofollow\" \/>\n<meta property=\"og:locale\" content=\"es_MX\" \/>\n<meta property=\"og:type\" content=\"article\" \/>\n<meta property=\"og:title\" content=\"Seminarios Soluciones Sector Salud - Electrolux Professional Latin America\" \/>\n<meta property=\"og:description\" content=\"[vc_row full_width=&#8221;electroluxpro-full-width-no-padding&#8221;][vc_column][elx_image align=&#8221;text-center&#8221; image_media_library=&#8221;16949&#8243; image_media_library_mobile=&#8221;16950&#8243;][\/vc_column][\/vc_row][vc_row disable_element=&#8221;yes&#8221;][vc_column][vc_empty_space][elx_heading font_container=&#8221;h1&#8243; font_size=&#8221;h1&#8243; text_color=&#8221;electrolux-blue&#8221; text_align=&#8221;text-center&#8221;]Descubra la serie completa de nuestros Semiarios Virtuales[\/elx_heading][vc_empty_space][vc_column_text] Sus expertos locales acompa\u00f1ados con los a\u00f1os de experiencia y expertos de Electrolux Professional los guiaran en el proceso completo para la construcci\u00f3n de una lavander\u00eda hospitalaria de barrera sanitaria. [\/vc_column_text][vc_empty_space height=&#8221;64px&#8221;][\/vc_column][\/vc_row][vc_row][vc_column][vc_empty_space][elx_heading font_container=&#8221;h1&#8243; font_size=&#8221;h1&#8243; text_color=&#8221;electrolux-blue&#8221; text_align=&#8221;text-center&#8221;]Explore soluciones tecnol\u00f3gicas [&hellip;]\" \/>\n<meta property=\"og:url\" content=\"https:\/\/www.electroluxprofessional.com\/la\/seminarios-soluciones-sector-salud\/\" \/>\n<meta property=\"og:site_name\" content=\"Electrolux Professional Latin America\" \/>\n<meta property=\"article:modified_time\" content=\"2026-05-04T14:40:54+00:00\" \/>\n<meta property=\"og:image\" content=\"https:\/\/www.electroluxprofessional.com\/la\/wp-content\/uploads\/2026\/02\/Seminarios-Peru_2026_webpage_desktop.jpg\" \/>\n\t<meta property=\"og:image:width\" content=\"1920\" \/>\n\t<meta property=\"og:image:height\" content=\"680\" \/>\n\t<meta property=\"og:image:type\" content=\"image\/jpeg\" \/>\n<meta name=\"twitter:card\" content=\"summary_large_image\" \/>\n<meta name=\"twitter:label1\" content=\"Tiempo de lectura\" \/>\n\t<meta name=\"twitter:data1\" content=\"2 minutos\" \/>\n<script type=\"application\/ld+json\" class=\"yoast-schema-graph\">{\"@context\":\"https:\/\/schema.org\",\"@graph\":[{\"@type\":\"WebPage\",\"@id\":\"https:\/\/www.electroluxprofessional.com\/la\/seminarios-soluciones-sector-salud\/\",\"url\":\"https:\/\/www.electroluxprofessional.com\/la\/seminarios-soluciones-sector-salud\/\",\"name\":\"Seminarios Soluciones Sector Salud - Electrolux Professional Latin America\",\"isPartOf\":{\"@id\":\"https:\/\/www.electroluxprofessional.com\/la\/#website\"},\"primaryImageOfPage\":{\"@id\":\"https:\/\/www.electroluxprofessional.com\/la\/seminarios-soluciones-sector-salud\/#primaryimage\"},\"image\":{\"@id\":\"https:\/\/www.electroluxprofessional.com\/la\/seminarios-soluciones-sector-salud\/#primaryimage\"},\"thumbnailUrl\":\"https:\/\/www.electroluxprofessional.com\/la\/wp-content\/uploads\/2026\/02\/Seminarios-Peru_2026_webpage_desktop.jpg\",\"datePublished\":\"2023-02-03T16:36:30+00:00\",\"dateModified\":\"2026-05-04T14:40:54+00:00\",\"breadcrumb\":{\"@id\":\"https:\/\/www.electroluxprofessional.com\/la\/seminarios-soluciones-sector-salud\/#breadcrumb\"},\"inLanguage\":\"es\",\"potentialAction\":[{\"@type\":\"ReadAction\",\"target\":[\"https:\/\/www.electroluxprofessional.com\/la\/seminarios-soluciones-sector-salud\/\"]}]},{\"@type\":\"ImageObject\",\"inLanguage\":\"es\",\"@id\":\"https:\/\/www.electroluxprofessional.com\/la\/seminarios-soluciones-sector-salud\/#primaryimage\",\"url\":\"https:\/\/www.electroluxprofessional.com\/la\/wp-content\/uploads\/2026\/02\/Seminarios-Peru_2026_webpage_desktop.jpg\",\"contentUrl\":\"https:\/\/www.electroluxprofessional.com\/la\/wp-content\/uploads\/2026\/02\/Seminarios-Peru_2026_webpage_desktop.jpg\",\"width\":1920,\"height\":680},{\"@type\":\"BreadcrumbList\",\"@id\":\"https:\/\/www.electroluxprofessional.com\/la\/seminarios-soluciones-sector-salud\/#breadcrumb\",\"itemListElement\":[{\"@type\":\"ListItem\",\"position\":1,\"name\":\"Home\",\"item\":\"https:\/\/www.electroluxprofessional.com\/la\/\"},{\"@type\":\"ListItem\",\"position\":2,\"name\":\"Seminarios Soluciones Sector Salud\"}]},{\"@type\":\"WebSite\",\"@id\":\"https:\/\/www.electroluxprofessional.com\/la\/#website\",\"url\":\"https:\/\/www.electroluxprofessional.com\/la\/\",\"name\":\"Electrolux Professional Latin America\",\"description\":\"Equipamiento cocinas profesionales y lavander\u00edas comerciales. Excelencia en el suministro de soluciones profesionales.\",\"potentialAction\":[{\"@type\":\"SearchAction\",\"target\":{\"@type\":\"EntryPoint\",\"urlTemplate\":\"https:\/\/www.electroluxprofessional.com\/la\/?src={search_term_string}\"},\"query-input\":\"required name=search_term_string\"}],\"inLanguage\":\"es\"}]}<\/script>\n<!-- \/ Yoast SEO plugin. -->","yoast_head_json":{"title":"Seminarios Soluciones Sector Salud - Electrolux Professional Latin America","robots":{"index":"noindex","follow":"nofollow"},"og_locale":"es_MX","og_type":"article","og_title":"Seminarios Soluciones Sector Salud - Electrolux Professional Latin America","og_description":"[vc_row full_width=&#8221;electroluxpro-full-width-no-padding&#8221;][vc_column][elx_image align=&#8221;text-center&#8221; image_media_library=&#8221;16949&#8243; image_media_library_mobile=&#8221;16950&#8243;][\/vc_column][\/vc_row][vc_row disable_element=&#8221;yes&#8221;][vc_column][vc_empty_space][elx_heading font_container=&#8221;h1&#8243; font_size=&#8221;h1&#8243; text_color=&#8221;electrolux-blue&#8221; text_align=&#8221;text-center&#8221;]Descubra la serie completa de nuestros Semiarios Virtuales[\/elx_heading][vc_empty_space][vc_column_text] Sus expertos locales acompa\u00f1ados con los a\u00f1os de experiencia y expertos de Electrolux Professional los guiaran en el proceso completo para la construcci\u00f3n de una lavander\u00eda hospitalaria de barrera sanitaria. [\/vc_column_text][vc_empty_space height=&#8221;64px&#8221;][\/vc_column][\/vc_row][vc_row][vc_column][vc_empty_space][elx_heading font_container=&#8221;h1&#8243; font_size=&#8221;h1&#8243; text_color=&#8221;electrolux-blue&#8221; text_align=&#8221;text-center&#8221;]Explore soluciones tecnol\u00f3gicas [&hellip;]","og_url":"https:\/\/www.electroluxprofessional.com\/la\/seminarios-soluciones-sector-salud\/","og_site_name":"Electrolux Professional Latin America","article_modified_time":"2026-05-04T14:40:54+00:00","og_image":[{"width":1920,"height":680,"url":"https:\/\/www.electroluxprofessional.com\/la\/wp-content\/uploads\/2026\/02\/Seminarios-Peru_2026_webpage_desktop.jpg","type":"image\/jpeg"}],"twitter_card":"summary_large_image","twitter_misc":{"Tiempo de lectura":"2 minutos"},"schema":{"@context":"https:\/\/schema.org","@graph":[{"@type":"WebPage","@id":"https:\/\/www.electroluxprofessional.com\/la\/seminarios-soluciones-sector-salud\/","url":"https:\/\/www.electroluxprofessional.com\/la\/seminarios-soluciones-sector-salud\/","name":"Seminarios Soluciones Sector Salud - Electrolux Professional Latin America","isPartOf":{"@id":"https:\/\/www.electroluxprofessional.com\/la\/#website"},"primaryImageOfPage":{"@id":"https:\/\/www.electroluxprofessional.com\/la\/seminarios-soluciones-sector-salud\/#primaryimage"},"image":{"@id":"https:\/\/www.electroluxprofessional.com\/la\/seminarios-soluciones-sector-salud\/#primaryimage"},"thumbnailUrl":"https:\/\/www.electroluxprofessional.com\/la\/wp-content\/uploads\/2026\/02\/Seminarios-Peru_2026_webpage_desktop.jpg","datePublished":"2023-02-03T16:36:30+00:00","dateModified":"2026-05-04T14:40:54+00:00","breadcrumb":{"@id":"https:\/\/www.electroluxprofessional.com\/la\/seminarios-soluciones-sector-salud\/#breadcrumb"},"inLanguage":"es","potentialAction":[{"@type":"ReadAction","target":["https:\/\/www.electroluxprofessional.com\/la\/seminarios-soluciones-sector-salud\/"]}]},{"@type":"ImageObject","inLanguage":"es","@id":"https:\/\/www.electroluxprofessional.com\/la\/seminarios-soluciones-sector-salud\/#primaryimage","url":"https:\/\/www.electroluxprofessional.com\/la\/wp-content\/uploads\/2026\/02\/Seminarios-Peru_2026_webpage_desktop.jpg","contentUrl":"https:\/\/www.electroluxprofessional.com\/la\/wp-content\/uploads\/2026\/02\/Seminarios-Peru_2026_webpage_desktop.jpg","width":1920,"height":680},{"@type":"BreadcrumbList","@id":"https:\/\/www.electroluxprofessional.com\/la\/seminarios-soluciones-sector-salud\/#breadcrumb","itemListElement":[{"@type":"ListItem","position":1,"name":"Home","item":"https:\/\/www.electroluxprofessional.com\/la\/"},{"@type":"ListItem","position":2,"name":"Seminarios Soluciones Sector Salud"}]},{"@type":"WebSite","@id":"https:\/\/www.electroluxprofessional.com\/la\/#website","url":"https:\/\/www.electroluxprofessional.com\/la\/","name":"Electrolux Professional Latin America","description":"Equipamiento cocinas profesionales y lavander\u00edas comerciales. Excelencia en el suministro de soluciones profesionales.","potentialAction":[{"@type":"SearchAction","target":{"@type":"EntryPoint","urlTemplate":"https:\/\/www.electroluxprofessional.com\/la\/?src={search_term_string}"},"query-input":"required name=search_term_string"}],"inLanguage":"es"}]}},"_links":{"self":[{"href":"https:\/\/www.electroluxprofessional.com\/la\/wp-json\/wp\/v2\/pages\/14227"}],"collection":[{"href":"https:\/\/www.electroluxprofessional.com\/la\/wp-json\/wp\/v2\/pages"}],"about":[{"href":"https:\/\/www.electroluxprofessional.com\/la\/wp-json\/wp\/v2\/types\/page"}],"author":[{"embeddable":true,"href":"https:\/\/www.electroluxprofessional.com\/la\/wp-json\/wp\/v2\/users\/61"}],"replies":[{"embeddable":true,"href":"https:\/\/www.electroluxprofessional.com\/la\/wp-json\/wp\/v2\/comments?post=14227"}],"version-history":[{"count":162,"href":"https:\/\/www.electroluxprofessional.com\/la\/wp-json\/wp\/v2\/pages\/14227\/revisions"}],"predecessor-version":[{"id":17433,"href":"https:\/\/www.electroluxprofessional.com\/la\/wp-json\/wp\/v2\/pages\/14227\/revisions\/17433"}],"wp:featuredmedia":[{"embeddable":true,"href":"https:\/\/www.electroluxprofessional.com\/la\/wp-json\/wp\/v2\/media\/16949"}],"wp:attachment":[{"href":"https:\/\/www.electroluxprofessional.com\/la\/wp-json\/wp\/v2\/media?parent=14227"}],"curies":[{"name":"wp","href":"https:\/\/api.w.org\/{rel}","templated":true}]}}