{"id":14183,"date":"2022-07-26T15:52:01","date_gmt":"2022-07-26T15:52:01","guid":{"rendered":"https:\/\/www.electroluxprofessional.com\/la\/?page_id=14183"},"modified":"2022-07-26T16:02:47","modified_gmt":"2022-07-26T16:02:47","slug":"equipamiento-lavanderia-comercial","status":"publish","type":"page","link":"https:\/\/www.electroluxprofessional.com\/la\/equipamiento-lavanderia-comercial\/equipamiento-lavanderia-comercial\/","title":{"rendered":"Equipamiento de Lavander\u00eda"},"content":{"rendered":"<p>[vc_row][vc_column][elx_heading font_container=&#8221;h1&#8243; font_size=&#8221;h3&#8243; text_color=&#8221;inherit&#8221;]Equipamiento de lavander\u00eda comercial[\/elx_heading][vc_column_text]Electrolux Professional desarrolla las <strong>soluciones de Lavander\u00eda comercial<\/strong> m\u00e1s sostenibles y flexibles del mundo usando la percepci\u00f3n del cliente para mejorar la funcionalidad, productividad y ergonom\u00eda.[\/vc_column_text][vc_empty_space][\/vc_column][\/vc_row][vc_row][vc_column width=&#8221;1\/3&#8243;][vc_single_image image=&#8221;14177&#8243; img_size=&#8221;large&#8221;][elx_heading font_size=&#8221;h3&#8243; text_color=&#8221;inherit&#8221; text_align=&#8221;text-left&#8221;]Lavado[\/elx_heading][elx_button button_text=&#8221;Lavadoras de carga frontal&#8221; button_style=&#8221;icon&#8221; button_link=&#8221;url:https%3A%2F%2Fprofessional.electrolux.es%2Fequipamiento-lavanderia-comercial%2Flavadoras-de-carga-frontal%2F|||&#8221;][elx_button button_text=&#8221;Lavadoras de barrera&#8221; button_style=&#8221;icon&#8221; button_link=&#8221;url:https%3A%2F%2Fprofessional.electrolux.es%2Fequipamiento-lavanderia-comercial%2Flavadoras-de-barrera%2F|title:barrier%20washers||&#8221;][elx_button button_text=&#8221;Lavasecadoras&#8221; button_style=&#8221;icon&#8221; button_link=&#8221;url:https%3A%2F%2Fprofessional.electrolux.es%2Fequipamiento-lavanderia-comercial%2Flavasecadoras%2F|||&#8221;][\/vc_column][vc_column width=&#8221;1\/3&#8243;][vc_single_image image=&#8221;14178&#8243; img_size=&#8221;large&#8221;][elx_heading font_size=&#8221;h3&#8243; text_color=&#8221;inherit&#8221; text_align=&#8221;text-left&#8221;]Secado[\/elx_heading][elx_button button_text=&#8221;Secadoras&#8221; button_style=&#8221;icon&#8221; button_link=&#8221;url:https%3A%2F%2Fprofessional.electrolux.es%2Fequipamiento-lavanderia-comercial%2Fsecadoras%2F|title:tumble%20dryers||&#8221;][elx_button button_text=&#8221;Cabinas de secado&#8221; button_style=&#8221;icon&#8221; button_link=&#8221;url:https%3A%2F%2Fprofessional.electrolux.es%2Fequipamiento-lavanderia-comercial%2Fcabinas-de-secado%2F|title:Drying%20cabinets||&#8221;][elx_button button_text=&#8221;Lavasecadoras&#8221; button_style=&#8221;icon&#8221; button_link=&#8221;url:https%3A%2F%2Fprofessional.electrolux.es%2Fequipamiento-lavanderia-comercial%2Flavasecadoras%2F|||&#8221;][elx_button button_text=&#8221;Centrifugadoras&#8221; button_style=&#8221;icon&#8221; button_link=&#8221;url:https%3A%2F%2Fprofessional.electrolux.es%2Fequipamiento-lavanderia-comercial%2Fcentrifugadoras%2F|title:hydro%20extractors||&#8221;][\/vc_column][vc_column width=&#8221;1\/3&#8243;][vc_single_image image=&#8221;14179&#8243; img_size=&#8221;large&#8221;][elx_heading font_size=&#8221;h3&#8243; text_color=&#8221;inherit&#8221; text_align=&#8221;text-left&#8221;]Planchado y acabado[\/elx_heading][elx_button button_text=&#8221;Calandras&#8221; button_style=&#8221;icon&#8221; button_link=&#8221;url:https%3A%2F%2Fprofessional.electrolux.es%2Fequipamiento-lavanderia-comercial%2Fcalandras%2F|title:Ironers||&#8221;][elx_button button_text=&#8221;L\u00ednea de planchado&#8221; button_style=&#8221;icon&#8221; button_link=&#8221;url:https%3A%2F%2Fprofessional.electrolux.es%2Fequipamiento-lavanderia-comercial%2Fironing-lane%2F|title:Ironing%20lane||&#8221;][elx_button button_text=&#8221;Equipos de acabado&#8221; button_style=&#8221;icon&#8221; button_link=&#8221;url:https%3A%2F%2Fprofessional.electrolux.es%2Fequipamiento-lavanderia-comercial%2Fmaquinaria-de-acabado%2F|title:Finishing%20equipment||&#8221;][\/vc_column][\/vc_row][vc_row][vc_column][vc_empty_space height=&#8221;50px&#8221;][\/vc_column][\/vc_row][vc_row parallax=&#8221;content-moving&#8221;][vc_column width=&#8221;1\/3&#8243;][vc_single_image image=&#8221;14180&#8243; img_size=&#8221;full&#8221;][elx_heading font_size=&#8221;h3&#8243; text_color=&#8221;inherit&#8221; text_align=&#8221;text-left&#8221;]Soluciones especiales[\/elx_heading][elx_button button_text=&#8221;Lagoon advanced care&#8221; button_style=&#8221;icon&#8221; button_link=&#8221;url:https%3A%2F%2Fprofessional.electrolux.es%2Fequipamiento-lavanderia-comercial%2Flagoon-advanced-care%2F|title:lagoon%20advanced%20care||&#8221;][elx_button button_text=&#8221;Equipos de laboratorio&#8221; button_style=&#8221;icon&#8221; button_link=&#8221;url:https%3A%2F%2Fprofessional.electrolux.es%2Fequipamiento-lavanderia-comercial%2Fmaquinas-de-laboratorio%2F|title:equipos%20de%20laboratorio||&#8221;][\/vc_column][vc_column width=&#8221;1\/3&#8243;][vc_single_image image=&#8221;14181&#8243; img_size=&#8221;full&#8221;][elx_heading font_size=&#8221;h3&#8243; text_color=&#8221;inherit&#8221; text_align=&#8221;text-left&#8221;]Software y Sistemas[\/elx_heading][elx_button button_text=&#8221;Software&#8221; button_style=&#8221;icon&#8221; button_link=&#8221;url:https%3A%2F%2Fprofessional.electrolux.es%2Fequipamiento-lavanderia-comercial%2Fsoftware-y-sistemas-de-control%2F|title:Management%20systems%20and%20software||&#8221;][elx_button button_text=&#8221;Sistemas de pago&#8221; button_style=&#8221;icon&#8221; button_link=&#8221;url:https%3A%2F%2Fprofessional.electrolux.es%2Fequipamiento-lavanderia-comercial%2Fsistemas-de-pago%2F|title:Payment%20systems||&#8221;][elx_button button_text=&#8221;Sistemas de dosificaci\u00f3n&#8221; button_style=&#8221;icon&#8221; button_link=&#8221;url:https%3A%2F%2Fprofessional.electrolux.es%2Fequipamiento-lavanderia-comercial%2Fsistema-de-dosificacion-eficiente%2F|title:dosing%20systems||&#8221;][\/vc_column][vc_column width=&#8221;1\/3&#8243;][vc_single_image image=&#8221;14182&#8243; img_size=&#8221;full&#8221;][elx_heading font_size=&#8221;h3&#8243; text_color=&#8221;inherit&#8221; text_align=&#8221;text-left&#8221;]Accesorios[\/elx_heading][elx_button button_text=&#8221;Accesorios&#8221; button_style=&#8221;icon&#8221; button_link=&#8221;url:https%3A%2F%2Fprofessional.electrolux.es%2Faccesorios-y-consumibles%2Faccesorios-consumibles-lavanderia%2F|title:Accesorios%20y%20consumibles||&#8221;][\/vc_column][\/vc_row][vc_row][vc_column][vc_empty_space height=&#8221;132px&#8221;][elx_heading font_container=&#8221;h3&#8243; text_color=&#8221;inherit&#8221; text_align=&#8221;text-center&#8221;]Tendencias[\/elx_heading][\/vc_column][\/vc_row][vc_row][vc_column width=&#8221;1\/3&#8243;][elx_maylike_box id_box=&#8221;2461&#8243;][\/vc_column][vc_column width=&#8221;1\/3&#8243;][elx_maylike_box id_box=&#8221;2121&#8243;][\/vc_column][vc_column width=&#8221;1\/3&#8243;][elx_maylike_box id_box=&#8221;2185&#8243;][\/vc_column][\/vc_row]<\/p>\n","protected":false},"excerpt":{"rendered":"<p>[vc_row][vc_column][elx_heading font_container=&#8221;h1&#8243; font_size=&#8221;h3&#8243; text_color=&#8221;inherit&#8221;]Equipamiento de lavander\u00eda comercial[\/elx_heading][vc_column_text]Electrolux Professional desarrolla las soluciones de Lavander\u00eda comercial m\u00e1s sostenibles y flexibles del mundo usando la percepci\u00f3n del cliente para mejorar la funcionalidad, productividad y ergonom\u00eda.[\/vc_column_text][vc_empty_space][\/vc_column][\/vc_row][vc_row][vc_column width=&#8221;1\/3&#8243;][vc_single_image image=&#8221;14177&#8243; img_size=&#8221;large&#8221;][elx_heading font_size=&#8221;h3&#8243; text_color=&#8221;inherit&#8221; text_align=&#8221;text-left&#8221;]Lavado[\/elx_heading][elx_button button_text=&#8221;Lavadoras de carga frontal&#8221; button_style=&#8221;icon&#8221; button_link=&#8221;url:https%3A%2F%2Fprofessional.electrolux.es%2Fequipamiento-lavanderia-comercial%2Flavadoras-de-carga-frontal%2F|||&#8221;][elx_button button_text=&#8221;Lavadoras de barrera&#8221; button_style=&#8221;icon&#8221; button_link=&#8221;url:https%3A%2F%2Fprofessional.electrolux.es%2Fequipamiento-lavanderia-comercial%2Flavadoras-de-barrera%2F|title:barrier%20washers||&#8221;][elx_button button_text=&#8221;Lavasecadoras&#8221; button_style=&#8221;icon&#8221; button_link=&#8221;url:https%3A%2F%2Fprofessional.electrolux.es%2Fequipamiento-lavanderia-comercial%2Flavasecadoras%2F|||&#8221;][\/vc_column][vc_column width=&#8221;1\/3&#8243;][vc_single_image image=&#8221;14178&#8243; img_size=&#8221;large&#8221;][elx_heading [&hellip;]<\/p>\n","protected":false},"author":53,"featured_media":0,"parent":1256,"menu_order":0,"comment_status":"closed","ping_status":"closed","template":"","meta":{"footnotes":""},"class_list":["post-14183","page","type-page","status-publish","hentry"],"acf":[],"yoast_head":"<!-- This site is optimized with the Yoast SEO plugin v23.3 - https:\/\/yoast.com\/wordpress\/plugins\/seo\/ -->\n<title>Equipamiento de Lavander\u00eda - Electrolux Professional Latin America<\/title>\n<meta name=\"description\" content=\"Equipamiento de lavander\u00eda comercial. Electrolux Professional desarrolla las soluciones de Lavander\u00eda comercial m\u00e1s sostenibles y flexibles del mundo usando la percepci\u00f3n del cliente para mejorar la funcionalidad, productividad y ergonom\u00eda.\" \/>\n<meta name=\"robots\" content=\"index, follow, max-snippet:-1, max-image-preview:large, max-video-preview:-1\" \/>\n<link rel=\"canonical\" href=\"https:\/\/www.electroluxprofessional.com\/la\/equipamiento-lavanderia-comercial\/equipamiento-lavanderia-comercial\/\" \/>\n<meta property=\"og:locale\" content=\"es_MX\" \/>\n<meta property=\"og:type\" content=\"article\" \/>\n<meta property=\"og:title\" content=\"Equipamiento de Lavander\u00eda - Electrolux Professional Latin America\" \/>\n<meta property=\"og:description\" content=\"Equipamiento de lavander\u00eda comercial. Electrolux Professional desarrolla las soluciones de Lavander\u00eda comercial m\u00e1s sostenibles y flexibles del mundo usando la percepci\u00f3n del cliente para mejorar la funcionalidad, productividad y ergonom\u00eda.\" \/>\n<meta property=\"og:url\" content=\"https:\/\/www.electroluxprofessional.com\/la\/equipamiento-lavanderia-comercial\/equipamiento-lavanderia-comercial\/\" \/>\n<meta property=\"og:site_name\" content=\"Electrolux Professional Latin America\" \/>\n<meta property=\"article:modified_time\" content=\"2022-07-26T16:02:47+00:00\" \/>\n<meta name=\"twitter:card\" content=\"summary_large_image\" \/>\n<meta name=\"twitter:label1\" content=\"Tiempo de lectura\" \/>\n\t<meta name=\"twitter:data1\" content=\"3 minutos\" \/>\n<script type=\"application\/ld+json\" class=\"yoast-schema-graph\">{\"@context\":\"https:\/\/schema.org\",\"@graph\":[{\"@type\":\"WebPage\",\"@id\":\"https:\/\/www.electroluxprofessional.com\/la\/equipamiento-lavanderia-comercial\/equipamiento-lavanderia-comercial\/\",\"url\":\"https:\/\/www.electroluxprofessional.com\/la\/equipamiento-lavanderia-comercial\/equipamiento-lavanderia-comercial\/\",\"name\":\"Equipamiento de Lavander\u00eda - Electrolux Professional Latin America\",\"isPartOf\":{\"@id\":\"https:\/\/www.electroluxprofessional.com\/la\/#website\"},\"datePublished\":\"2022-07-26T15:52:01+00:00\",\"dateModified\":\"2022-07-26T16:02:47+00:00\",\"description\":\"Equipamiento de lavander\u00eda comercial. Electrolux Professional desarrolla las soluciones de Lavander\u00eda comercial m\u00e1s sostenibles y flexibles del mundo usando la percepci\u00f3n del cliente para mejorar la funcionalidad, productividad y ergonom\u00eda.\",\"breadcrumb\":{\"@id\":\"https:\/\/www.electroluxprofessional.com\/la\/equipamiento-lavanderia-comercial\/equipamiento-lavanderia-comercial\/#breadcrumb\"},\"inLanguage\":\"es\",\"potentialAction\":[{\"@type\":\"ReadAction\",\"target\":[\"https:\/\/www.electroluxprofessional.com\/la\/equipamiento-lavanderia-comercial\/equipamiento-lavanderia-comercial\/\"]}]},{\"@type\":\"BreadcrumbList\",\"@id\":\"https:\/\/www.electroluxprofessional.com\/la\/equipamiento-lavanderia-comercial\/equipamiento-lavanderia-comercial\/#breadcrumb\",\"itemListElement\":[{\"@type\":\"ListItem\",\"position\":1,\"name\":\"Home\",\"item\":\"https:\/\/www.electroluxprofessional.com\/la\/\"},{\"@type\":\"ListItem\",\"position\":2,\"name\":\"Lavander\u00eda\",\"item\":\"https:\/\/www.electroluxprofessional.com\/la\/equipamiento-lavanderia-comercial\/\"},{\"@type\":\"ListItem\",\"position\":3,\"name\":\"Equipamiento de Lavander\u00eda\"}]},{\"@type\":\"WebSite\",\"@id\":\"https:\/\/www.electroluxprofessional.com\/la\/#website\",\"url\":\"https:\/\/www.electroluxprofessional.com\/la\/\",\"name\":\"Electrolux Professional Latin America\",\"description\":\"Equipamiento cocinas profesionales y lavander\u00edas comerciales. Excelencia en el suministro de soluciones profesionales.\",\"potentialAction\":[{\"@type\":\"SearchAction\",\"target\":{\"@type\":\"EntryPoint\",\"urlTemplate\":\"https:\/\/www.electroluxprofessional.com\/la\/?src={search_term_string}\"},\"query-input\":\"required name=search_term_string\"}],\"inLanguage\":\"es\"}]}<\/script>\n<!-- \/ Yoast SEO plugin. -->","yoast_head_json":{"title":"Equipamiento de Lavander\u00eda - Electrolux Professional Latin America","description":"Equipamiento de lavander\u00eda comercial. Electrolux Professional desarrolla las soluciones de Lavander\u00eda comercial m\u00e1s sostenibles y flexibles del mundo usando la percepci\u00f3n del cliente para mejorar la funcionalidad, productividad y ergonom\u00eda.","robots":{"index":"index","follow":"follow","max-snippet":"max-snippet:-1","max-image-preview":"max-image-preview:large","max-video-preview":"max-video-preview:-1"},"canonical":"https:\/\/www.electroluxprofessional.com\/la\/equipamiento-lavanderia-comercial\/equipamiento-lavanderia-comercial\/","og_locale":"es_MX","og_type":"article","og_title":"Equipamiento de Lavander\u00eda - Electrolux Professional Latin America","og_description":"Equipamiento de lavander\u00eda comercial. Electrolux Professional desarrolla las soluciones de Lavander\u00eda comercial m\u00e1s sostenibles y flexibles del mundo usando la percepci\u00f3n del cliente para mejorar la funcionalidad, productividad y ergonom\u00eda.","og_url":"https:\/\/www.electroluxprofessional.com\/la\/equipamiento-lavanderia-comercial\/equipamiento-lavanderia-comercial\/","og_site_name":"Electrolux Professional Latin America","article_modified_time":"2022-07-26T16:02:47+00:00","twitter_card":"summary_large_image","twitter_misc":{"Tiempo de lectura":"3 minutos"},"schema":{"@context":"https:\/\/schema.org","@graph":[{"@type":"WebPage","@id":"https:\/\/www.electroluxprofessional.com\/la\/equipamiento-lavanderia-comercial\/equipamiento-lavanderia-comercial\/","url":"https:\/\/www.electroluxprofessional.com\/la\/equipamiento-lavanderia-comercial\/equipamiento-lavanderia-comercial\/","name":"Equipamiento de Lavander\u00eda - Electrolux Professional Latin America","isPartOf":{"@id":"https:\/\/www.electroluxprofessional.com\/la\/#website"},"datePublished":"2022-07-26T15:52:01+00:00","dateModified":"2022-07-26T16:02:47+00:00","description":"Equipamiento de lavander\u00eda comercial. Electrolux Professional desarrolla las soluciones de Lavander\u00eda comercial m\u00e1s sostenibles y flexibles del mundo usando la percepci\u00f3n del cliente para mejorar la funcionalidad, productividad y ergonom\u00eda.","breadcrumb":{"@id":"https:\/\/www.electroluxprofessional.com\/la\/equipamiento-lavanderia-comercial\/equipamiento-lavanderia-comercial\/#breadcrumb"},"inLanguage":"es","potentialAction":[{"@type":"ReadAction","target":["https:\/\/www.electroluxprofessional.com\/la\/equipamiento-lavanderia-comercial\/equipamiento-lavanderia-comercial\/"]}]},{"@type":"BreadcrumbList","@id":"https:\/\/www.electroluxprofessional.com\/la\/equipamiento-lavanderia-comercial\/equipamiento-lavanderia-comercial\/#breadcrumb","itemListElement":[{"@type":"ListItem","position":1,"name":"Home","item":"https:\/\/www.electroluxprofessional.com\/la\/"},{"@type":"ListItem","position":2,"name":"Lavander\u00eda","item":"https:\/\/www.electroluxprofessional.com\/la\/equipamiento-lavanderia-comercial\/"},{"@type":"ListItem","position":3,"name":"Equipamiento de Lavander\u00eda"}]},{"@type":"WebSite","@id":"https:\/\/www.electroluxprofessional.com\/la\/#website","url":"https:\/\/www.electroluxprofessional.com\/la\/","name":"Electrolux Professional Latin America","description":"Equipamiento cocinas profesionales y lavander\u00edas comerciales. Excelencia en el suministro de soluciones profesionales.","potentialAction":[{"@type":"SearchAction","target":{"@type":"EntryPoint","urlTemplate":"https:\/\/www.electroluxprofessional.com\/la\/?src={search_term_string}"},"query-input":"required name=search_term_string"}],"inLanguage":"es"}]}},"_links":{"self":[{"href":"https:\/\/www.electroluxprofessional.com\/la\/wp-json\/wp\/v2\/pages\/14183"}],"collection":[{"href":"https:\/\/www.electroluxprofessional.com\/la\/wp-json\/wp\/v2\/pages"}],"about":[{"href":"https:\/\/www.electroluxprofessional.com\/la\/wp-json\/wp\/v2\/types\/page"}],"author":[{"embeddable":true,"href":"https:\/\/www.electroluxprofessional.com\/la\/wp-json\/wp\/v2\/users\/53"}],"replies":[{"embeddable":true,"href":"https:\/\/www.electroluxprofessional.com\/la\/wp-json\/wp\/v2\/comments?post=14183"}],"version-history":[{"count":1,"href":"https:\/\/www.electroluxprofessional.com\/la\/wp-json\/wp\/v2\/pages\/14183\/revisions"}],"predecessor-version":[{"id":14184,"href":"https:\/\/www.electroluxprofessional.com\/la\/wp-json\/wp\/v2\/pages\/14183\/revisions\/14184"}],"up":[{"embeddable":true,"href":"https:\/\/www.electroluxprofessional.com\/la\/wp-json\/wp\/v2\/pages\/1256"}],"wp:attachment":[{"href":"https:\/\/www.electroluxprofessional.com\/la\/wp-json\/wp\/v2\/media?parent=14183"}],"curies":[{"name":"wp","href":"https:\/\/api.w.org\/{rel}","templated":true}]}}