{"id":1372,"date":"2017-01-26T12:08:56","date_gmt":"2017-01-26T12:08:56","guid":{"rendered":"https:\/\/www.electroluxprofessional.com\/la\/?page_id=1372"},"modified":"2026-04-09T13:48:09","modified_gmt":"2026-04-09T13:48:09","slug":"restaurantes","status":"publish","type":"page","link":"https:\/\/www.electroluxprofessional.com\/la\/restaurantes\/","title":{"rendered":"Restaurantes"},"content":{"rendered":"<p>[vc_row full_width=&#8221;electroluxpro-full-width-no-padding&#8221; equal_height=&#8221;yes&#8221;][vc_column reveal_effect=&#8221;&#8221; width=&#8221;1\/2&#8243;][elx_citation name=&#8221;Simon Hulstone, Chef y propietario&#8221; company=&#8221;The Elephant &#8211; Restaurante Estrella Michelin en Devon, Reino Unido&#8221;][elx_heading text_color=&#8221;inherit&#8221;]Mi experiencia con Electrolux Professional ha sido muy buena y su equipamiento ha sido muy bueno para mi cocina. Sin duda, recomendar\u00eda sus productos.[\/elx_heading][\/elx_citation][\/vc_column][vc_column reveal_effect=&#8221;&#8221; width=&#8221;1\/2&#8243;][elx_image_block background_image=&#8221;595&#8243; minimum_height=&#8221;650px&#8221;][\/vc_column][\/vc_row][vc_row css=&#8221;.vc_custom_1464617547121{padding-bottom: 20px !important;}&#8221;][vc_column][elx_heading font_container=&#8221;h1&#8243; text_color=&#8221;food-solutions&#8221; text_align=&#8221;text-center&#8221;]Restaurantes<br \/>\n[\/elx_heading][vc_column_text]<\/p>\n<h3 style=\"text-align: center;\">A veces, dirigir la cocina de un restaurante puede ser una tarea muy dif\u00edcil. Por eso, es tan importante tener a tu lado un compa\u00f1ero que te ayude y nunca te decepcione.<\/h3>\n<p>[\/vc_column_text][\/vc_column][\/vc_row][vc_row full_width=&#8221;electroluxpro-full-width-no-padding&#8221; equal_height=&#8221;yes&#8221; css=&#8221;.vc_custom_1464688891592{background-color: #f8f6f9 !important;}&#8221;][vc_column width=&#8221;1\/2&#8243; css=&#8221;.vc_custom_1464680696345{padding-top: 30px !important;}&#8221;][elx_simple_block background_color=&#8221;inherit&#8221;][elx_heading font_container=&#8221;h3&#8243; text_color=&#8221;inherit&#8221;]Al elegir <strong>soluciones Electrolux Professional<\/strong> conseguir\u00e1s exactamente la flexibilidad, facilidad y potencia que estabas buscando.[\/elx_heading][\/elx_simple_block][\/vc_column][vc_column width=&#8221;1\/2&#8243;][elx_image_block background_image=&#8221;596&#8243; minimum_height=&#8221;660px&#8221;][\/vc_column][\/vc_row][vc_row full_width=&#8221;electroluxpro-full-width-no-padding&#8221;][vc_column width=&#8221;1\/2&#8243;][elx_image_block background_image=&#8221;597&#8243; minimum_height=&#8221;700px&#8221;][\/vc_column][vc_column width=&#8221;1\/2&#8243;][elx_simple_block background_color=&#8221;inherit&#8221;][elx_heading font_container=&#8221;h3&#8243; text_color=&#8221;inherit&#8221;]<\/p>\n<h3>Una cocina que te ayuda a sobresalir<\/h3>\n<p>[\/elx_heading][vc_column_text css_animation=&#8221;right-to-left&#8221;]Creadas para ser el compa\u00f1ero perfecto de los top chefs, <strong>therma<em>line <\/em>y Molteni<em>\u00a0<\/em><\/strong>de Electrolux Professional re\u00fanen todos los requisitos para estar en\u00a0<strong>restaurantes exclusivos<\/strong>.[\/vc_column_text][\/elx_simple_block][\/vc_column][\/vc_row][vc_row full_width=&#8221;electroluxpro-full-width-no-padding&#8221; equal_height=&#8221;yes&#8221; css=&#8221;.vc_custom_1464688903664{background-color: #f8f6f9 !important;}&#8221;][vc_column width=&#8221;1\/2&#8243;][elx_simple_block background_color=&#8221;inherit&#8221;][elx_heading font_container=&#8221;h3&#8243; text_color=&#8221;inherit&#8221;]<\/p>\n<h3><strong>Cada necesidad<\/strong> atendida.<\/h3>\n<p>[\/elx_heading][vc_column_text css_animation=&#8221;left-to-right&#8221;]Ya sea <strong>cadenas como restaurantes de comida r\u00e1pida<\/strong>, <strong>exclusivos<\/strong>\u00a0o<strong>\u00a0restaurantes a la carta<\/strong>, Electrolux Professional tiene el equipamiento que necesitas, incluso para los retos m\u00e1s dif\u00edciles.[\/vc_column_text][\/elx_simple_block][\/vc_column][vc_column width=&#8221;1\/2&#8243;][elx_image_block background_image=&#8221;598&#8243; minimum_height=&#8221;700px&#8221;][\/vc_column][\/vc_row][vc_row][vc_column css=&#8221;.vc_custom_1464681276221{padding-top: 30px !important;padding-bottom: 30px !important;}&#8221;][elx_heading text_color=&#8221;inherit&#8221;]<\/p>\n<p style=\"text-align: center;\">Nuestras soluciones para tu negocio<\/p>\n<p>[\/elx_heading][\/vc_column][\/vc_row][vc_row equal_height=&#8221;yes&#8221; css=&#8221;.vc_custom_1465215712914{padding-top: 20px !important;padding-bottom: 10px !important;background-color: #f7f6f6 !important;}&#8221;][vc_column width=&#8221;1\/3&#8243;][elx_image_block background_image=&#8221;599&#8243; minimum_height=&#8221;298px&#8221;][elx_heading text_color=&#8221;inherit&#8221;]Restaurantes de alta cocina[\/elx_heading][elx_button button_text=&#8221;Molteni, el sue\u00f1o de todo chef&#8221; button_style=&#8221;icon&#8221; button_link=&#8221;url:http%3A%2F%2Fwww.molteni.com%2Fes%2F|title:Molteni|target:%20_blank|&#8221;][elx_button button_text=&#8221;thermaline&#8221; button_style=&#8221;icon&#8221; css=&#8221;.vc_custom_1492758152249{margin-top: 10px !important;padding-top: 10px !important;}&#8221; button_link=&#8221;url:https%3A%2F%2Fprofessional.electrolux.la%2Fequipamiento-cocinas-profesionales%2Fgama-thermaline%2F|title:thermaline%20commercial%20range||&#8221;][\/vc_column][vc_column width=&#8221;1\/3&#8243;][elx_image_block background_image=&#8221;600&#8243; minimum_height=&#8221;332px&#8221;][elx_heading text_color=&#8221;inherit&#8221;]Restaurantes a la carta[\/elx_heading][elx_button button_text=&#8221;gamas 700 XP y 900 XP&#8221; button_style=&#8221;icon&#8221; button_link=&#8221;url:https%3A%2F%2Fprofessional.electrolux.la%2Fequipamiento-cocinas-profesionales%2Fgamas-900xp-700xp%2F|title:XP%20commercial%20range||&#8221;][elx_button button_text=&#8221;lavavajillas de capota Green&amp;Clean&#8221; button_style=&#8221;icon&#8221; css=&#8221;.vc_custom_1492757166281{padding-top: 10px !important;padding-bottom: 10px !important;}&#8221; button_link=&#8221;url:https%3A%2F%2Fprofessional.electrolux.la%2Fequipamiento-cocinas-profesionales%2Flavado-de-vajilla%2Flavavajillas-de-capota%2F|title:Hood%20Type%20Dishwasher||&#8221;][elx_button button_text=&#8221;thermaline&#8221; button_style=&#8221;icon&#8221; css=&#8221;.vc_custom_1492757097443{margin-top: 10px !important;padding-top: 10px !important;}&#8221; button_link=&#8221;url:https%3A%2F%2Fprofessional.electrolux.la%2Fequipamiento-cocinas-profesionales%2Fgama-thermaline%2F|title:commercial%20ranges||&#8221;][elx_button button_text=&#8221;Cook &amp; Chill&#8221; button_style=&#8221;icon&#8221; css=&#8221;.vc_custom_1492757139978{margin-top: 10px !important;padding-top: 10px !important;}&#8221; button_link=&#8221;url:https%3A%2F%2Fprofessional.electrolux.la%2Fequipamiento-cocinas-profesionales%2Fcook-and-chill%2F|title:Cook%20and%20Chill||&#8221;][\/vc_column][vc_column width=&#8221;1\/3&#8243;][elx_image_block background_image=&#8221;601&#8243; minimum_height=&#8221;332px&#8221;][elx_heading text_color=&#8221;inherit&#8221;]Cadenas y restaurantes de comida r\u00e1pida[\/elx_heading][elx_button button_text=&#8221;gama XP compacta&#8221; button_style=&#8221;icon&#8221; css=&#8221;.vc_custom_1492757204316{margin-top: 10px !important;padding-top: 10px !important;}&#8221; button_link=&#8221;url:https%3A%2F%2Fprofessional.electrolux.la%2Fequipamiento-cocinas-profesionales%2Fgamas-900xp-700xp%2F|title:XP%20commercial%20range||&#8221;][elx_button button_text=&#8221;speedelight snack grill&#8221; button_style=&#8221;icon&#8221; css=&#8221;.vc_custom_1492757352635{margin-top: 10px !important;padding-top: 10px !important;}&#8221; button_link=&#8221;url:https%3A%2F%2Fprofessional.electrolux.la%2Fequipamiento-cocinas-profesionales%2Fspeedelight-high-speed-snack-grill%2F|title:thermaline%20commercial%20range||&#8221;][elx_button button_text=&#8221;cocina m\u00f3vil Libero line&#8221; button_style=&#8221;icon&#8221; css=&#8221;.vc_custom_1492757261731{margin-top: 10px !important;padding-top: 10px !important;}&#8221; button_link=&#8221;url:https%3A%2F%2Fprofessional.electrolux.la%2Fequipamiento-cocinas-profesionales%2Flibero-line%2F|||&#8221;][\/vc_column][\/vc_row][vc_row][vc_column][vc_empty_space][\/vc_column][\/vc_row][vc_row full_width=&#8221;electroluxpro-container-no-padding&#8221; equal_height=&#8221;yes&#8221; content_placement=&#8221;middle&#8221;][vc_column width=&#8221;1\/3&#8243;][elx_image_block background_image=&#8221;2471&#8243; minimum_height=&#8221;309px&#8221;][\/vc_column][vc_column width=&#8221;1\/3&#8243;][elx_simple_block text_align=&#8221;text-center&#8221; background_color=&#8221;electrolux-blue&#8221;][elx_heading text_color=&#8221;white&#8221; text_align=&#8221;text-center&#8221;]Cadenas[\/elx_heading][vc_column_text]<\/p>\n<p style=\"text-align: center;\"><span style=\"color: #ffffff;\">\u00bfC\u00f3mo conseguimos la diferencia?<\/span><\/p>\n<p>[\/vc_column_text][elx_button button_text=&#8221;Saber m\u00e1s&#8221; button_display_block=&#8221;display_block_on&#8221; button_alignment=&#8221;align_center&#8221; button_link=&#8221;url:https%3A%2F%2Fprofessional.electrolux.la%2Ftu-negocio%2Fcadenas-de-restaurantes%2F|title:cadenas||&#8221;][\/elx_simple_block][\/vc_column][vc_column width=&#8221;1\/3&#8243;][elx_image_block background_image=&#8221;2599&#8243; vert_back_position=&#8221;top&#8221; minimum_height=&#8221;309px&#8221;][\/vc_column][\/vc_row][vc_row][vc_column][vc_empty_space][\/vc_column][\/vc_row][vc_row][vc_column][elx_heading text_color=&#8221;inherit&#8221;]Descubre lo que Electrolux puede hacer por tu negocio. [\/elx_heading][elx_o2000_contact_us s=&#8221;Petici\u00f3n de informaci\u00f3n sobre soluciones para restaurantes&#8221; container=&#8221;elxcontactus1466432017&#8243; r=&#8221;Me gustar\u00eda tener m\u00e1s informaci\u00f3n sobre soluciones para restaurantes. Por favor, contacten conmigo.&#8221; e=&#8221;pedro.baltazar@electrolux.com&#8221; l=&#8221;es&#8221;][vc_empty_space][\/vc_column][\/vc_row]<\/p>\n","protected":false},"excerpt":{"rendered":"<p>[vc_row full_width=&#8221;electroluxpro-full-width-no-padding&#8221; equal_height=&#8221;yes&#8221;][vc_column reveal_effect=&#8221;&#8221; width=&#8221;1\/2&#8243;][elx_citation name=&#8221;Simon Hulstone, Chef y propietario&#8221; company=&#8221;The Elephant &#8211; Restaurante Estrella Michelin en Devon, Reino Unido&#8221;][elx_heading text_color=&#8221;inherit&#8221;]Mi experiencia con Electrolux Professional ha sido muy buena y su equipamiento ha sido muy bueno para mi cocina. Sin duda, recomendar\u00eda sus productos.[\/elx_heading][\/elx_citation][\/vc_column][vc_column reveal_effect=&#8221;&#8221; width=&#8221;1\/2&#8243;][elx_image_block background_image=&#8221;595&#8243; minimum_height=&#8221;650px&#8221;][\/vc_column][\/vc_row][vc_row css=&#8221;.vc_custom_1464617547121{padding-bottom: 20px !important;}&#8221;][vc_column][elx_heading font_container=&#8221;h1&#8243; text_color=&#8221;food-solutions&#8221; text_align=&#8221;text-center&#8221;]Restaurantes [\/elx_heading][vc_column_text] [&hellip;]<\/p>\n","protected":false},"author":23,"featured_media":4915,"parent":0,"menu_order":0,"comment_status":"closed","ping_status":"closed","template":"","meta":{"footnotes":""},"class_list":["post-1372","page","type-page","status-publish","has-post-thumbnail","hentry"],"acf":[],"yoast_head":"<!-- This site is optimized with the Yoast SEO plugin v23.3 - https:\/\/yoast.com\/wordpress\/plugins\/seo\/ -->\n<title>Restaurantes - Electrolux Professional Latin America<\/title>\n<meta name=\"robots\" content=\"index, follow, max-snippet:-1, max-image-preview:large, max-video-preview:-1\" \/>\n<link rel=\"canonical\" href=\"https:\/\/www.electroluxprofessional.com\/la\/restaurantes\/\" \/>\n<meta property=\"og:locale\" content=\"es_MX\" \/>\n<meta property=\"og:type\" content=\"article\" \/>\n<meta property=\"og:title\" content=\"Restaurantes - Electrolux Professional Latin America\" \/>\n<meta property=\"og:description\" content=\"[vc_row full_width=&#8221;electroluxpro-full-width-no-padding&#8221; equal_height=&#8221;yes&#8221;][vc_column reveal_effect=&#8221;&#8221; width=&#8221;1\/2&#8243;][elx_citation name=&#8221;Simon Hulstone, Chef y propietario&#8221; company=&#8221;The Elephant &#8211; Restaurante Estrella Michelin en Devon, Reino Unido&#8221;][elx_heading text_color=&#8221;inherit&#8221;]Mi experiencia con Electrolux Professional ha sido muy buena y su equipamiento ha sido muy bueno para mi cocina. Sin duda, recomendar\u00eda sus productos.[\/elx_heading][\/elx_citation][\/vc_column][vc_column reveal_effect=&#8221;&#8221; width=&#8221;1\/2&#8243;][elx_image_block background_image=&#8221;595&#8243; minimum_height=&#8221;650px&#8221;][\/vc_column][\/vc_row][vc_row css=&#8221;.vc_custom_1464617547121{padding-bottom: 20px !important;}&#8221;][vc_column][elx_heading font_container=&#8221;h1&#8243; text_color=&#8221;food-solutions&#8221; text_align=&#8221;text-center&#8221;]Restaurantes [\/elx_heading][vc_column_text] [&hellip;]\" \/>\n<meta property=\"og:url\" content=\"https:\/\/www.electroluxprofessional.com\/la\/restaurantes\/\" \/>\n<meta property=\"og:site_name\" content=\"Electrolux Professional Latin America\" \/>\n<meta property=\"article:modified_time\" content=\"2026-04-09T13:48:09+00:00\" \/>\n<meta property=\"og:image\" content=\"https:\/\/www.electroluxprofessional.com\/la\/wp-content\/uploads\/2018\/11\/Restaurante.jpg\" \/>\n\t<meta property=\"og:image:width\" content=\"357\" \/>\n\t<meta property=\"og:image:height\" content=\"345\" \/>\n\t<meta property=\"og:image:type\" content=\"image\/jpeg\" \/>\n<meta name=\"twitter:card\" content=\"summary_large_image\" \/>\n<meta name=\"twitter:label1\" content=\"Tiempo de lectura\" \/>\n\t<meta name=\"twitter:data1\" content=\"2 minutos\" \/>\n<script type=\"application\/ld+json\" class=\"yoast-schema-graph\">{\"@context\":\"https:\/\/schema.org\",\"@graph\":[{\"@type\":\"WebPage\",\"@id\":\"https:\/\/www.electroluxprofessional.com\/la\/restaurantes\/\",\"url\":\"https:\/\/www.electroluxprofessional.com\/la\/restaurantes\/\",\"name\":\"Restaurantes - Electrolux Professional Latin America\",\"isPartOf\":{\"@id\":\"https:\/\/www.electroluxprofessional.com\/la\/#website\"},\"primaryImageOfPage\":{\"@id\":\"https:\/\/www.electroluxprofessional.com\/la\/restaurantes\/#primaryimage\"},\"image\":{\"@id\":\"https:\/\/www.electroluxprofessional.com\/la\/restaurantes\/#primaryimage\"},\"thumbnailUrl\":\"https:\/\/www.electroluxprofessional.com\/la\/wp-content\/uploads\/2018\/11\/Restaurante.jpg\",\"datePublished\":\"2017-01-26T12:08:56+00:00\",\"dateModified\":\"2026-04-09T13:48:09+00:00\",\"breadcrumb\":{\"@id\":\"https:\/\/www.electroluxprofessional.com\/la\/restaurantes\/#breadcrumb\"},\"inLanguage\":\"es\",\"potentialAction\":[{\"@type\":\"ReadAction\",\"target\":[\"https:\/\/www.electroluxprofessional.com\/la\/restaurantes\/\"]}]},{\"@type\":\"ImageObject\",\"inLanguage\":\"es\",\"@id\":\"https:\/\/www.electroluxprofessional.com\/la\/restaurantes\/#primaryimage\",\"url\":\"https:\/\/www.electroluxprofessional.com\/la\/wp-content\/uploads\/2018\/11\/Restaurante.jpg\",\"contentUrl\":\"https:\/\/www.electroluxprofessional.com\/la\/wp-content\/uploads\/2018\/11\/Restaurante.jpg\",\"width\":357,\"height\":345,\"caption\":\"restaurantes\"},{\"@type\":\"BreadcrumbList\",\"@id\":\"https:\/\/www.electroluxprofessional.com\/la\/restaurantes\/#breadcrumb\",\"itemListElement\":[{\"@type\":\"ListItem\",\"position\":1,\"name\":\"Home\",\"item\":\"https:\/\/www.electroluxprofessional.com\/la\/\"},{\"@type\":\"ListItem\",\"position\":2,\"name\":\"Restaurantes\"}]},{\"@type\":\"WebSite\",\"@id\":\"https:\/\/www.electroluxprofessional.com\/la\/#website\",\"url\":\"https:\/\/www.electroluxprofessional.com\/la\/\",\"name\":\"Electrolux Professional Latin America\",\"description\":\"Equipamiento cocinas profesionales y lavander\u00edas comerciales. Excelencia en el suministro de soluciones profesionales.\",\"potentialAction\":[{\"@type\":\"SearchAction\",\"target\":{\"@type\":\"EntryPoint\",\"urlTemplate\":\"https:\/\/www.electroluxprofessional.com\/la\/?src={search_term_string}\"},\"query-input\":\"required name=search_term_string\"}],\"inLanguage\":\"es\"}]}<\/script>\n<!-- \/ Yoast SEO plugin. -->","yoast_head_json":{"title":"Restaurantes - Electrolux Professional Latin America","robots":{"index":"index","follow":"follow","max-snippet":"max-snippet:-1","max-image-preview":"max-image-preview:large","max-video-preview":"max-video-preview:-1"},"canonical":"https:\/\/www.electroluxprofessional.com\/la\/restaurantes\/","og_locale":"es_MX","og_type":"article","og_title":"Restaurantes - Electrolux Professional Latin America","og_description":"[vc_row full_width=&#8221;electroluxpro-full-width-no-padding&#8221; equal_height=&#8221;yes&#8221;][vc_column reveal_effect=&#8221;&#8221; width=&#8221;1\/2&#8243;][elx_citation name=&#8221;Simon Hulstone, Chef y propietario&#8221; company=&#8221;The Elephant &#8211; Restaurante Estrella Michelin en Devon, Reino Unido&#8221;][elx_heading text_color=&#8221;inherit&#8221;]Mi experiencia con Electrolux Professional ha sido muy buena y su equipamiento ha sido muy bueno para mi cocina. Sin duda, recomendar\u00eda sus productos.[\/elx_heading][\/elx_citation][\/vc_column][vc_column reveal_effect=&#8221;&#8221; width=&#8221;1\/2&#8243;][elx_image_block background_image=&#8221;595&#8243; minimum_height=&#8221;650px&#8221;][\/vc_column][\/vc_row][vc_row css=&#8221;.vc_custom_1464617547121{padding-bottom: 20px !important;}&#8221;][vc_column][elx_heading font_container=&#8221;h1&#8243; text_color=&#8221;food-solutions&#8221; text_align=&#8221;text-center&#8221;]Restaurantes [\/elx_heading][vc_column_text] [&hellip;]","og_url":"https:\/\/www.electroluxprofessional.com\/la\/restaurantes\/","og_site_name":"Electrolux Professional Latin America","article_modified_time":"2026-04-09T13:48:09+00:00","og_image":[{"width":357,"height":345,"url":"https:\/\/www.electroluxprofessional.com\/la\/wp-content\/uploads\/2018\/11\/Restaurante.jpg","type":"image\/jpeg"}],"twitter_card":"summary_large_image","twitter_misc":{"Tiempo de lectura":"2 minutos"},"schema":{"@context":"https:\/\/schema.org","@graph":[{"@type":"WebPage","@id":"https:\/\/www.electroluxprofessional.com\/la\/restaurantes\/","url":"https:\/\/www.electroluxprofessional.com\/la\/restaurantes\/","name":"Restaurantes - Electrolux Professional Latin America","isPartOf":{"@id":"https:\/\/www.electroluxprofessional.com\/la\/#website"},"primaryImageOfPage":{"@id":"https:\/\/www.electroluxprofessional.com\/la\/restaurantes\/#primaryimage"},"image":{"@id":"https:\/\/www.electroluxprofessional.com\/la\/restaurantes\/#primaryimage"},"thumbnailUrl":"https:\/\/www.electroluxprofessional.com\/la\/wp-content\/uploads\/2018\/11\/Restaurante.jpg","datePublished":"2017-01-26T12:08:56+00:00","dateModified":"2026-04-09T13:48:09+00:00","breadcrumb":{"@id":"https:\/\/www.electroluxprofessional.com\/la\/restaurantes\/#breadcrumb"},"inLanguage":"es","potentialAction":[{"@type":"ReadAction","target":["https:\/\/www.electroluxprofessional.com\/la\/restaurantes\/"]}]},{"@type":"ImageObject","inLanguage":"es","@id":"https:\/\/www.electroluxprofessional.com\/la\/restaurantes\/#primaryimage","url":"https:\/\/www.electroluxprofessional.com\/la\/wp-content\/uploads\/2018\/11\/Restaurante.jpg","contentUrl":"https:\/\/www.electroluxprofessional.com\/la\/wp-content\/uploads\/2018\/11\/Restaurante.jpg","width":357,"height":345,"caption":"restaurantes"},{"@type":"BreadcrumbList","@id":"https:\/\/www.electroluxprofessional.com\/la\/restaurantes\/#breadcrumb","itemListElement":[{"@type":"ListItem","position":1,"name":"Home","item":"https:\/\/www.electroluxprofessional.com\/la\/"},{"@type":"ListItem","position":2,"name":"Restaurantes"}]},{"@type":"WebSite","@id":"https:\/\/www.electroluxprofessional.com\/la\/#website","url":"https:\/\/www.electroluxprofessional.com\/la\/","name":"Electrolux Professional Latin America","description":"Equipamiento cocinas profesionales y lavander\u00edas comerciales. Excelencia en el suministro de soluciones profesionales.","potentialAction":[{"@type":"SearchAction","target":{"@type":"EntryPoint","urlTemplate":"https:\/\/www.electroluxprofessional.com\/la\/?src={search_term_string}"},"query-input":"required name=search_term_string"}],"inLanguage":"es"}]}},"_links":{"self":[{"href":"https:\/\/www.electroluxprofessional.com\/la\/wp-json\/wp\/v2\/pages\/1372"}],"collection":[{"href":"https:\/\/www.electroluxprofessional.com\/la\/wp-json\/wp\/v2\/pages"}],"about":[{"href":"https:\/\/www.electroluxprofessional.com\/la\/wp-json\/wp\/v2\/types\/page"}],"author":[{"embeddable":true,"href":"https:\/\/www.electroluxprofessional.com\/la\/wp-json\/wp\/v2\/users\/23"}],"replies":[{"embeddable":true,"href":"https:\/\/www.electroluxprofessional.com\/la\/wp-json\/wp\/v2\/comments?post=1372"}],"version-history":[{"count":23,"href":"https:\/\/www.electroluxprofessional.com\/la\/wp-json\/wp\/v2\/pages\/1372\/revisions"}],"predecessor-version":[{"id":17355,"href":"https:\/\/www.electroluxprofessional.com\/la\/wp-json\/wp\/v2\/pages\/1372\/revisions\/17355"}],"wp:featuredmedia":[{"embeddable":true,"href":"https:\/\/www.electroluxprofessional.com\/la\/wp-json\/wp\/v2\/media\/4915"}],"wp:attachment":[{"href":"https:\/\/www.electroluxprofessional.com\/la\/wp-json\/wp\/v2\/media?parent=1372"}],"curies":[{"name":"wp","href":"https:\/\/api.w.org\/{rel}","templated":true}]}}