{"id":1105,"date":"2016-11-24T12:08:14","date_gmt":"2016-11-24T12:08:14","guid":{"rendered":"https:\/\/www.electroluxprofessional.com\/la\/?page_id=1105"},"modified":"2017-07-10T03:01:05","modified_gmt":"2017-07-10T03:01:05","slug":"nosotros","status":"publish","type":"page","link":"https:\/\/www.electroluxprofessional.com\/la\/nosotros\/","title":{"rendered":"Nosotros"},"content":{"rendered":"<p>[vc_row full_width=&#8221;electroluxpro-full-width-no-padding&#8221;][vc_column][elx_video_block background_image=&#8221;757&#8243; video_link=&#8221;https:\/\/www.youtube.com\/watch?v=lK0qUMERSjQ&#8221; minimum_height=&#8221;600px&#8221;][\/vc_column][\/vc_row][vc_row][vc_column][elx_heading font_container=&#8221;h1&#8243; font_size=&#8221;h2&#8243; text_color=&#8221;inherit&#8221;]\u00bfQui\u00e9nes somos?[\/elx_heading][\/vc_column][\/vc_row][vc_row css=&#8221;.vc_custom_1465566954449{padding-top: 20px !important;}&#8221;][vc_column][vc_column_text]<\/p>\n<h5>En Electrolux Professional <strong>sabemos que las herramientas correctas ejercen una diferencia positiva en tu vida<\/strong>. Es por ello que vamos a hacer cada d\u00eda una diferencia positiva, para t\u00ed y para nuestro planeta.<\/h5>\n<h5>Nos sentimos orgullosos de liderar en <strong>innovaci\u00f3n y dise\u00f1o <\/strong>ofreciendo soluciones que sabemos que quieres.<br \/>\nEs nuestra misi\u00f3n hacerte la vida m\u00e1s f\u00e1cil y m\u00e1s rentable.<\/h5>\n<p>Tenemos un compromiso firme en sostenibilidad, mejorando la eficiencia en agua y electricidad para ahorrar costos y <strong>mejorar tu rentabilidad<\/strong><b>.<\/b><\/p>\n<p>Estamos aqu\u00ed desde hace\u00a0<strong>90 a\u00f1os<\/strong>, construyendo la red de servicios m\u00e1s extensa del mundo. Puedes contar con nosotros para apoyarte en tu negocio en cualquier parte del mundo que est\u00e9s, 24horas\/7d\u00edas.<\/p>\n<p>En Electrolux, estamos buscando constantemente nuevas oportunidades. Podemos hacer una diferencia positiva para ti y para nuestro planeta.[\/vc_column_text][\/vc_column][\/vc_row][vc_row][vc_column width=&#8221;1\/4&#8243;][elx_simple_link_block link=&#8221;url:https%3A%2F%2Fprofessional.electrolux.la%2Fequipamiento-cocinas-profesionales%2F|title:commercial%20kitchen%20equipment||&#8221; text_align=&#8221;text-left&#8221; text_color=&#8221;inherit&#8221; background_color=&#8221;inherit&#8221; background_hover_color=&#8221;darker-hover&#8221; extra_class=&#8221;&#8221; reveal_effect=&#8221;&#8221; reveal_duration=&#8221;&#8221; reveal_delay=&#8221;&#8221;][vc_single_image image=&#8221;758&#8243; img_size=&#8221;large&#8221;][elx_heading text_color=&#8221;inherit&#8221;]Equipamiento de Cocinas Profesionales[\/elx_heading][\/elx_simple_link_block][\/vc_column][vc_column width=&#8221;1\/4&#8243;][elx_simple_link_block link=&#8221;url:https%3A%2F%2Fprofessional.electrolux.la%2Fequipamiento-lavanderia-comercial%2F|title:Commercial%20laundries||&#8221; text_align=&#8221;text-left&#8221; text_color=&#8221;inherit&#8221; background_color=&#8221;inherit&#8221; background_hover_color=&#8221;darker-hover&#8221; extra_class=&#8221;&#8221; reveal_effect=&#8221;&#8221; reveal_duration=&#8221;&#8221; reveal_delay=&#8221;&#8221;][vc_single_image image=&#8221;759&#8243; img_size=&#8221;large&#8221;][elx_heading text_color=&#8221;inherit&#8221;]Equipamiento de Lavander\u00edas Comerciales[\/elx_heading][\/elx_simple_link_block][\/vc_column][vc_column width=&#8221;1\/4&#8243;][elx_simple_link_block link=&#8221;url:https%3A%2F%2Fprofessional.electrolux.la%2Ffor-the-better%2F|title:for%20the%20better||&#8221; text_align=&#8221;text-left&#8221; text_color=&#8221;inherit&#8221; background_color=&#8221;inherit&#8221; background_hover_color=&#8221;darker-hover&#8221; extra_class=&#8221;&#8221; reveal_effect=&#8221;&#8221; reveal_duration=&#8221;&#8221; reveal_delay=&#8221;&#8221;][vc_single_image image=&#8221;761&#8243; img_size=&#8221;large&#8221;][elx_heading text_color=&#8221;inherit&#8221;]&#8217;For the better&#8217;, campa\u00f1a sostenible[\/elx_heading][\/elx_simple_link_block][\/vc_column][\/vc_row]<\/p>\n","protected":false},"excerpt":{"rendered":"<p>[vc_row full_width=&#8221;electroluxpro-full-width-no-padding&#8221;][vc_column][elx_video_block background_image=&#8221;757&#8243; video_link=&#8221;https:\/\/www.youtube.com\/watch?v=lK0qUMERSjQ&#8221; minimum_height=&#8221;600px&#8221;][\/vc_column][\/vc_row][vc_row][vc_column][elx_heading font_container=&#8221;h1&#8243; font_size=&#8221;h2&#8243; text_color=&#8221;inherit&#8221;]\u00bfQui\u00e9nes somos?[\/elx_heading][\/vc_column][\/vc_row][vc_row css=&#8221;.vc_custom_1465566954449{padding-top: 20px !important;}&#8221;][vc_column][vc_column_text] En Electrolux Professional sabemos que las herramientas correctas ejercen una diferencia positiva en tu vida. Es por ello que vamos a hacer cada d\u00eda una diferencia positiva, para t\u00ed y para nuestro planeta. Nos sentimos orgullosos de liderar en innovaci\u00f3n y dise\u00f1o ofreciendo [&hellip;]<\/p>\n","protected":false},"author":23,"featured_media":0,"parent":0,"menu_order":0,"comment_status":"closed","ping_status":"closed","template":"","meta":{"footnotes":""},"class_list":["post-1105","page","type-page","status-publish","hentry"],"acf":[],"yoast_head":"<!-- This site is optimized with the Yoast SEO plugin v23.3 - https:\/\/yoast.com\/wordpress\/plugins\/seo\/ -->\n<title>Nosotros - Electrolux Professional Latin America<\/title>\n<meta name=\"robots\" content=\"index, follow, max-snippet:-1, max-image-preview:large, max-video-preview:-1\" \/>\n<link rel=\"canonical\" href=\"https:\/\/www.electroluxprofessional.com\/la\/nosotros\/\" \/>\n<meta property=\"og:locale\" content=\"es_MX\" \/>\n<meta property=\"og:type\" content=\"article\" \/>\n<meta property=\"og:title\" content=\"Nosotros - Electrolux Professional Latin America\" \/>\n<meta property=\"og:description\" content=\"[vc_row full_width=&#8221;electroluxpro-full-width-no-padding&#8221;][vc_column][elx_video_block background_image=&#8221;757&#8243; video_link=&#8221;https:\/\/www.youtube.com\/watch?v=lK0qUMERSjQ&#8221; minimum_height=&#8221;600px&#8221;][\/vc_column][\/vc_row][vc_row][vc_column][elx_heading font_container=&#8221;h1&#8243; font_size=&#8221;h2&#8243; text_color=&#8221;inherit&#8221;]\u00bfQui\u00e9nes somos?[\/elx_heading][\/vc_column][\/vc_row][vc_row css=&#8221;.vc_custom_1465566954449{padding-top: 20px !important;}&#8221;][vc_column][vc_column_text] En Electrolux Professional sabemos que las herramientas correctas ejercen una diferencia positiva en tu vida. Es por ello que vamos a hacer cada d\u00eda una diferencia positiva, para t\u00ed y para nuestro planeta. Nos sentimos orgullosos de liderar en innovaci\u00f3n y dise\u00f1o ofreciendo [&hellip;]\" \/>\n<meta property=\"og:url\" content=\"https:\/\/www.electroluxprofessional.com\/la\/nosotros\/\" \/>\n<meta property=\"og:site_name\" content=\"Electrolux Professional Latin America\" \/>\n<meta property=\"article:modified_time\" content=\"2017-07-10T03:01:05+00:00\" \/>\n<meta name=\"twitter:card\" content=\"summary_large_image\" \/>\n<meta name=\"twitter:label1\" content=\"Tiempo de lectura\" \/>\n\t<meta name=\"twitter:data1\" content=\"2 minutos\" \/>\n<script type=\"application\/ld+json\" class=\"yoast-schema-graph\">{\"@context\":\"https:\/\/schema.org\",\"@graph\":[{\"@type\":\"WebPage\",\"@id\":\"https:\/\/www.electroluxprofessional.com\/la\/nosotros\/\",\"url\":\"https:\/\/www.electroluxprofessional.com\/la\/nosotros\/\",\"name\":\"Nosotros - Electrolux Professional Latin America\",\"isPartOf\":{\"@id\":\"https:\/\/www.electroluxprofessional.com\/la\/#website\"},\"datePublished\":\"2016-11-24T12:08:14+00:00\",\"dateModified\":\"2017-07-10T03:01:05+00:00\",\"breadcrumb\":{\"@id\":\"https:\/\/www.electroluxprofessional.com\/la\/nosotros\/#breadcrumb\"},\"inLanguage\":\"es\",\"potentialAction\":[{\"@type\":\"ReadAction\",\"target\":[\"https:\/\/www.electroluxprofessional.com\/la\/nosotros\/\"]}]},{\"@type\":\"BreadcrumbList\",\"@id\":\"https:\/\/www.electroluxprofessional.com\/la\/nosotros\/#breadcrumb\",\"itemListElement\":[{\"@type\":\"ListItem\",\"position\":1,\"name\":\"Home\",\"item\":\"https:\/\/www.electroluxprofessional.com\/la\/\"},{\"@type\":\"ListItem\",\"position\":2,\"name\":\"Nosotros\"}]},{\"@type\":\"WebSite\",\"@id\":\"https:\/\/www.electroluxprofessional.com\/la\/#website\",\"url\":\"https:\/\/www.electroluxprofessional.com\/la\/\",\"name\":\"Electrolux Professional Latin America\",\"description\":\"Equipamiento cocinas profesionales y lavander\u00edas comerciales. Excelencia en el suministro de soluciones profesionales.\",\"potentialAction\":[{\"@type\":\"SearchAction\",\"target\":{\"@type\":\"EntryPoint\",\"urlTemplate\":\"https:\/\/www.electroluxprofessional.com\/la\/?src={search_term_string}\"},\"query-input\":\"required name=search_term_string\"}],\"inLanguage\":\"es\"}]}<\/script>\n<!-- \/ Yoast SEO plugin. -->","yoast_head_json":{"title":"Nosotros - Electrolux Professional Latin America","robots":{"index":"index","follow":"follow","max-snippet":"max-snippet:-1","max-image-preview":"max-image-preview:large","max-video-preview":"max-video-preview:-1"},"canonical":"https:\/\/www.electroluxprofessional.com\/la\/nosotros\/","og_locale":"es_MX","og_type":"article","og_title":"Nosotros - Electrolux Professional Latin America","og_description":"[vc_row full_width=&#8221;electroluxpro-full-width-no-padding&#8221;][vc_column][elx_video_block background_image=&#8221;757&#8243; video_link=&#8221;https:\/\/www.youtube.com\/watch?v=lK0qUMERSjQ&#8221; minimum_height=&#8221;600px&#8221;][\/vc_column][\/vc_row][vc_row][vc_column][elx_heading font_container=&#8221;h1&#8243; font_size=&#8221;h2&#8243; text_color=&#8221;inherit&#8221;]\u00bfQui\u00e9nes somos?[\/elx_heading][\/vc_column][\/vc_row][vc_row css=&#8221;.vc_custom_1465566954449{padding-top: 20px !important;}&#8221;][vc_column][vc_column_text] En Electrolux Professional sabemos que las herramientas correctas ejercen una diferencia positiva en tu vida. Es por ello que vamos a hacer cada d\u00eda una diferencia positiva, para t\u00ed y para nuestro planeta. Nos sentimos orgullosos de liderar en innovaci\u00f3n y dise\u00f1o ofreciendo [&hellip;]","og_url":"https:\/\/www.electroluxprofessional.com\/la\/nosotros\/","og_site_name":"Electrolux Professional Latin America","article_modified_time":"2017-07-10T03:01:05+00:00","twitter_card":"summary_large_image","twitter_misc":{"Tiempo de lectura":"2 minutos"},"schema":{"@context":"https:\/\/schema.org","@graph":[{"@type":"WebPage","@id":"https:\/\/www.electroluxprofessional.com\/la\/nosotros\/","url":"https:\/\/www.electroluxprofessional.com\/la\/nosotros\/","name":"Nosotros - Electrolux Professional Latin America","isPartOf":{"@id":"https:\/\/www.electroluxprofessional.com\/la\/#website"},"datePublished":"2016-11-24T12:08:14+00:00","dateModified":"2017-07-10T03:01:05+00:00","breadcrumb":{"@id":"https:\/\/www.electroluxprofessional.com\/la\/nosotros\/#breadcrumb"},"inLanguage":"es","potentialAction":[{"@type":"ReadAction","target":["https:\/\/www.electroluxprofessional.com\/la\/nosotros\/"]}]},{"@type":"BreadcrumbList","@id":"https:\/\/www.electroluxprofessional.com\/la\/nosotros\/#breadcrumb","itemListElement":[{"@type":"ListItem","position":1,"name":"Home","item":"https:\/\/www.electroluxprofessional.com\/la\/"},{"@type":"ListItem","position":2,"name":"Nosotros"}]},{"@type":"WebSite","@id":"https:\/\/www.electroluxprofessional.com\/la\/#website","url":"https:\/\/www.electroluxprofessional.com\/la\/","name":"Electrolux Professional Latin America","description":"Equipamiento cocinas profesionales y lavander\u00edas comerciales. Excelencia en el suministro de soluciones profesionales.","potentialAction":[{"@type":"SearchAction","target":{"@type":"EntryPoint","urlTemplate":"https:\/\/www.electroluxprofessional.com\/la\/?src={search_term_string}"},"query-input":"required name=search_term_string"}],"inLanguage":"es"}]}},"_links":{"self":[{"href":"https:\/\/www.electroluxprofessional.com\/la\/wp-json\/wp\/v2\/pages\/1105"}],"collection":[{"href":"https:\/\/www.electroluxprofessional.com\/la\/wp-json\/wp\/v2\/pages"}],"about":[{"href":"https:\/\/www.electroluxprofessional.com\/la\/wp-json\/wp\/v2\/types\/page"}],"author":[{"embeddable":true,"href":"https:\/\/www.electroluxprofessional.com\/la\/wp-json\/wp\/v2\/users\/23"}],"replies":[{"embeddable":true,"href":"https:\/\/www.electroluxprofessional.com\/la\/wp-json\/wp\/v2\/comments?post=1105"}],"version-history":[{"count":22,"href":"https:\/\/www.electroluxprofessional.com\/la\/wp-json\/wp\/v2\/pages\/1105\/revisions"}],"predecessor-version":[{"id":4675,"href":"https:\/\/www.electroluxprofessional.com\/la\/wp-json\/wp\/v2\/pages\/1105\/revisions\/4675"}],"wp:attachment":[{"href":"https:\/\/www.electroluxprofessional.com\/la\/wp-json\/wp\/v2\/media?parent=1105"}],"curies":[{"name":"wp","href":"https:\/\/api.w.org\/{rel}","templated":true}]}}