{"id":9915,"date":"2016-10-28T15:34:01","date_gmt":"2016-10-28T15:34:01","guid":{"rendered":"https:\/\/www.electroluxprofessional.com\/?page_id=3351"},"modified":"2025-10-16T07:26:33","modified_gmt":"2025-10-16T07:26:33","slug":"retail-e-supermarket","status":"publish","type":"page","link":"https:\/\/www.electroluxprofessional.com\/it\/la-tua-attivita\/retail-e-supermarket\/","title":{"rendered":"Retail e Supermarket"},"content":{"rendered":"<p>[vc_row css=&#8221;.vc_custom_1521556677280{background-color: #041e41 !important;}&#8221;][vc_column reveal_effect=&#8221;&#8221; width=&#8221;2\/3&#8243;][vc_empty_space][vc_row_inner full_width=&#8221;electroluxpro-full-width&#8221;][vc_column_inner width=&#8221;1\/4&#8243;][vc_single_image image=&#8221;9901&#8243; img_size=&#8221;168*168&#8243;][\/vc_column_inner][vc_column_inner width=&#8221;3\/4&#8243;][vc_empty_space height=&#8221;22px&#8221;][elx_heading font_size=&#8221;h3&#8243; text_color=&#8221;white&#8221; text_align=&#8221;text-left&#8221;]Retail &amp; Supermarket[\/elx_heading][\/vc_column_inner][\/vc_row_inner][vc_empty_space][elx_heading font_size=&#8221;h5&#8243; text_color=&#8221;white&#8221; text_align=&#8221;text-left&#8221;]&#8221;Questo format vuole essere esportato in altre citt\u00e0, sia italiane che europee, anche con l\u2019aiuto di Electrolux Professional, partner tecnico che \u00e8 riuscito a tradurre le nostre richieste all\u2019interno di uno spazio piccolo ma completo allo stesso tempo.&#8221;[\/elx_heading][vc_column_text]<\/p>\n<p style=\"color: #fff;\"><span style=\"color: #ffffff;\"><strong>Andrea Frizzarin<\/strong><\/span><br \/>\n<span style=\"color: #ffffff;\">Business Development Manager<\/span><br \/>\n<span style=\"color: #ffffff;\"><strong>NaturaS\u00ec<\/strong><\/span><\/p>\n<p>[\/vc_column_text][\/vc_column][vc_column reveal_effect=&#8221;&#8221; width=&#8221;1\/3&#8243;][elx_image_block background_image=&#8221;1886&#8243; vert_back_position=&#8221;top&#8221; minimum_height=&#8221;580px&#8221;][\/vc_column][\/vc_row][vc_row][vc_column][elx_heading font_container=&#8221;h1&#8243; font_size=&#8221;h3&#8243; text_color=&#8221;retail&#8221; text_align=&#8221;text-left&#8221;]Soluzioni Electrolux Professional<br \/>\nper nuovi trend di ristorazione, retail, supermarket e non solo&#8230;<\/p>\n<p>[\/elx_heading][\/vc_column][\/vc_row][vc_row equal_height=&#8221;yes&#8221; css=&#8221;.vc_custom_1517567067406{padding-bottom: 30px !important;}&#8221;][vc_column width=&#8221;2\/3&#8243;][elx_image_block background_image=&#8221;510&#8243; vert_back_position=&#8221;top&#8221; minimum_height=&#8221;500px&#8221;][\/vc_column][vc_column width=&#8221;1\/3&#8243;][elx_heading font_size=&#8221;h3&#8243; text_color=&#8221;inherit&#8221; text_align=&#8221;text-left&#8221;]Bottega Italia[\/elx_heading][elx_heading font_container=&#8221;h3&#8243; font_size=&#8221;h5&#8243; text_color=&#8221;inherit&#8221;]apre il suo primo bio-Bistro con Electrolux Professional[\/elx_heading][vc_column_text]Un vero e proprio spazio polifunzionale della famiglia Monteforte: un ristorante, un mercato, una salumeria,\u00a0un posto dove comprare, degustare, mangiare, condividere e stare in compagnia.<\/p>\n<p><em>\u201c\u00c8 facile vendere macchine da cucina, pi\u00f9 difficile diventa garantire l\u2019assistenza. Con l\u2019Agenzia Bottari, partner di Electrolux Professional, mi sono trovato molto bene e grazie a loro abbiamo risolto tutti i problemi\u201d.<\/em><\/p>\n<p><strong>Salvatore Monteforte<\/strong>, Proprietario[\/vc_column_text][\/vc_column][\/vc_row][vc_row css=&#8221;.vc_custom_1465562028814{padding-bottom: 30px !important;}&#8221;][vc_column width=&#8221;2\/3&#8243;][vc_empty_space][elx_heading font_size=&#8221;h3&#8243; text_color=&#8221;inherit&#8221;]Eataly[\/elx_heading][elx_heading font_container=&#8221;h3&#8243; font_size=&#8221;h5&#8243; text_color=&#8221;inherit&#8221;]\u201cSquadra che vince non si cambia!\u201d[\/elx_heading][vc_column_text]Questo \u00e8 il motto che meglio esprime la partnership tra Electrolux Professional ed Eataly, due aziende basate sul principio dell\u2019eccellenza.<\/p>\n<p>La collaborazione \u00e8 iniziata nel 2007, quando Eataly ha capito che Electrolux Professional poteva rappresentare non solo un fornitore e un interlocutore unico nel suo genere ma, soprattutto, un partner tecnico in grado di soddisfare tutte le sue esigenze.[\/vc_column_text][\/vc_column][vc_column width=&#8221;1\/3&#8243;][elx_image_block background_image=&#8221;9900&#8243; minimum_height=&#8221;400px&#8221;][\/vc_column][\/vc_row][vc_row disable_element=&#8221;yes&#8221; css=&#8221;.vc_custom_1539181057450{background-color: #ededc9 !important;}&#8221;][vc_column][elx_heading font_size=&#8221;h3&#8243; text_color=&#8221;inherit&#8221; text_align=&#8221;text-left&#8221;]Beverage solutions<br \/>\n[\/elx_heading][vc_empty_space][\/vc_column][\/vc_row][vc_row matched_labels=&#8221;&#8221; css=&#8221;.vc_custom_1757402001980{background-color: #ededc9 !important;}&#8221;][vc_column width=&#8221;1\/2&#8243;][vc_empty_space][elx_simple_link_block link=&#8221;url:https%3A%2F%2Fwww.electroluxprofessional.com%2Fbeverage-solutions%2F|title:Beverage%20solutions||&#8221; text_align=&#8221;text-left&#8221; text_color=&#8221;inherit&#8221; background_color=&#8221;inherit&#8221; background_hover_color=&#8221;darker-hover&#8221; extra_class=&#8221;&#8221; reveal_effect=&#8221;&#8221; reveal_duration=&#8221;&#8221; reveal_delay=&#8221;&#8221;][vc_single_image image=&#8221;9902&#8243; img_size=&#8221;full&#8221;][\/elx_simple_link_block][\/vc_column][vc_column width=&#8221;1\/2&#8243;][vc_empty_space][elx_simple_link_block link=&#8221;url:https%3A%2F%2Fwww.electroluxprofessional.com%2Fbeverage-solutions%2F|title:Beverage%20solutions||&#8221; text_align=&#8221;text-left&#8221; text_color=&#8221;inherit&#8221; background_color=&#8221;inherit&#8221; background_hover_color=&#8221;darker-hover&#8221; extra_class=&#8221;&#8221; reveal_effect=&#8221;&#8221; reveal_duration=&#8221;&#8221; reveal_delay=&#8221;&#8221;][elx_heading font_container=&#8221;h3&#8243; font_size=&#8221;h5&#8243; text_color=&#8221;inherit&#8221;]Un servizio completo[\/elx_heading][vc_column_text]Un&#8217;ampia scelta di soluzioni Coffee&amp;Beverage per soddisfare le aspettative dei tuoi clienti, con un team di esperti sempre al tuo fianco:<\/p>\n<ul>\n<li>Macchine per caff\u00e8 espresso e filtrato<\/li>\n<li>Macinacaff\u00e8<\/li>\n<li>Gelato soft<\/li>\n<li>Dispenser bevande calde e fredde<\/li>\n<li>e molto altro&#8230;<\/li>\n<\/ul>\n<p>[\/vc_column_text][\/elx_simple_link_block][elx_button button_text=&#8221;Scopri l&#8217;offerta Coffee &amp; Beverage&#8221; button_style=&#8221;icon-blue&#8221; button_link=&#8221;url:https%3A%2F%2Fwww.electroluxprofessional.com%2Fit%2Fcoffee-beverage%2F|title:coffee%20and%20beverage%20||&#8221;][vc_empty_space][\/vc_column][\/vc_row][vc_row][vc_column][elx_heading font_container=&#8221;h3&#8243; font_size=&#8221;h3&#8243; text_color=&#8221;inherit&#8221; text_align=&#8221;text-left&#8221;]Contattaci per avere una consulenza [\/elx_heading][elx_o2000_contact_us request=&#8221;Desidero ricevere maggiori informazioni su&#8230;&#8221; emailsubject=&#8221;Richiesta informazioni su La tua attivit\u00e0 &#8211; Retail&#8221;][vc_empty_space height=&#8221;50px&#8221;][\/vc_column][\/vc_row][vc_row][vc_column][vc_empty_space][vc_column_text]<\/p>\n<p>[\/vc_column_text][\/vc_column][\/vc_row][vc_row equal_height=&#8221;yes&#8221;][vc_column width=&#8221;1\/2&#8243;][elx_simple_block background_color=&#8221;retail&#8221;][elx_heading font_size=&#8221;h2&#8243; text_color=&#8221;inherit&#8221;]Catene di ristorazione[\/elx_heading][vc_column_text]<span style=\"color: #041e41;\">Come facciamo la differenza?<\/span>[\/vc_column_text][elx_button button_text=&#8221;Scopri di pi\u00f9&#8221; button_style=&#8221;default&#8221; button_link=&#8221;url:https%3A%2F%2Fwww.electroluxprofessional.com%2Fit%2Fla-tua-attivita%2Fcatene-di-ristorazione%2F|title:Scopri%20di%20pi%C3%B9||&#8221;][\/elx_simple_block][\/vc_column][vc_column width=&#8221;1\/2&#8243;][vc_single_image image=&#8221;9903&#8243; img_size=&#8221;700&#215;700&#8243;][\/vc_column][\/vc_row][vc_row][vc_column][vc_empty_space height=&#8221;50px&#8221;][\/vc_column][\/vc_row][vc_row][vc_column][elx_heading font_size=&#8221;h3&#8243; text_color=&#8221;inherit&#8221; text_align=&#8221;text-left&#8221;]Soluzioni e suggerimenti per la tua attivit\u00e0 di retail<\/p>\n<p>[\/elx_heading][\/vc_column][\/vc_row][vc_row][vc_column width=&#8221;1\/2&#8243;][vc_single_image image=&#8221;24593&#8243; img_size=&#8221;medium&#8221; alignment=&#8221;center&#8221;][elx_simple_block][vc_single_image image=&#8221;9906&#8243; img_size=&#8221;full&#8221;][elx_heading font_container=&#8221;h3&#8243; font_size=&#8221;h3&#8243; text_color=&#8221;inherit&#8221;]Colonna Cook &amp; Chill[\/elx_heading][elx_heading font_container=&#8221;h4&#8243; font_size=&#8221;h5&#8243; text_color=&#8221;inherit&#8221;]Dalla tradizione ai nuovi trend di ristorazione[\/elx_heading][vc_column_text]Con una sola soluzione puoi massimizzare il tuo men\u00f9 e sperimentare nuovi piatti senza dover aggiungere ulteriori apparecchiature in cucina.[\/vc_column_text][elx_heading font_container=&#8221;h4&#8243; font_size=&#8221;h5&#8243; text_color=&#8221;inherit&#8221;]Garanzia di risultati costanti[\/elx_heading][vc_column_text]Massima riproducibilit\u00e0 di risultato grazie all&#8217;adattamento automatico dei parametri (tempo, temperature, dimensioni del quantitativo di cibo) sia in fase di cottura che di abbattimento. Con i<a href=\"https:\/\/www.electroluxprofessional.com\/it\/ristorazione\/cook-chill\/\"> forni e gli abbattitori SkyLine<\/a> la ripetibilit\u00e0 di risultato dei tuoi piatti non \u00e8 mai stata cos\u00ec facile.[\/vc_column_text][elx_heading font_container=&#8221;h4&#8243; font_size=&#8221;h5&#8243; text_color=&#8221;inherit&#8221;]Massimo risultato in meno di 1m2[\/elx_heading][vc_column_text]Il sistema a colonna cook&amp;chill di Electrolux Professional con cappa odourless \u00e8 la soluzione perfetta per la tua attivit\u00e0 quotidiana: ti permette di massimizzare i profitti e ottimizzare i flussi di lavoro, riducendo i tempi di cottura e abbattimento, incrementando la shelf life dei tuoi prodotti e riducendo gli sprechi e i cali peso.[\/vc_column_text][\/elx_simple_block][\/vc_column][vc_column width=&#8221;1\/2&#8243;][vc_single_image image=&#8221;24794&#8243; img_size=&#8221;medium&#8221; alignment=&#8221;center&#8221;][elx_simple_block][vc_single_image image=&#8221;9908&#8243; img_size=&#8221;full&#8221;][elx_heading font_container=&#8221;h3&#8243; font_size=&#8221;h3&#8243; text_color=&#8221;inherit&#8221;]Sandwich Station[\/elx_heading][elx_heading font_container=&#8221;h4&#8243; font_size=&#8221;h5&#8243; text_color=&#8221;inherit&#8221;]Per gustosi snack a tempo di record[\/elx_heading][vc_column_text]Gustosi snack e piatti gourment pronti in meno di 1 minuto con SpeeDelight: fino a 6 volte pi\u00f9 veloce rispetto alle apparecchiature standard presenti sul mercato grazie alla combinazione di 3 differenti tecnologie di cottura.[\/vc_column_text][elx_heading font_container=&#8221;h4&#8243; font_size=&#8221;h5&#8243; text_color=&#8221;inherit&#8221;]Compact Station[\/elx_heading][vc_column_text]Hai una cucina piccola ma vorresti un ambiente funzionale per preparare i tuoi sneck gourmet? Tutto quello che ti serve \u00e8 un tavolo refrigerato, un cutter-mixer e SpeeDelight.[\/vc_column_text][elx_heading font_container=&#8221;h4&#8243; font_size=&#8221;h5&#8243; text_color=&#8221;inherit&#8221;]La soluzione per te senza pensieri[\/elx_heading][vc_column_text]Con SpeeDelight puoi dare libero sfogo alla tua creativit\u00e0 grazie alla variet\u00e0 di programmi di cottura personalizzabili. E&#8217; sfficiente selezionare il pulsante corrispondente al men\u00f9 scelto, abbassare il coperchio e SpeeDelight far\u00e0 tutto il resto.[\/vc_column_text][\/elx_simple_block][\/vc_column][\/vc_row][vc_row css=&#8221;.vc_custom_1517566706458{background-color: #eeeeee !important;}&#8221;][vc_column][elx_heading font_size=&#8221;h3&#8243; text_color=&#8221;inherit&#8221; text_align=&#8221;text-left&#8221;]Le nostre soluzioni per la tua attivit\u00e0 di retail[\/elx_heading][\/vc_column][\/vc_row][vc_row css=&#8221;.vc_custom_1517566721296{background-color: #eeeeee !important;}&#8221;][vc_column width=&#8221;1\/3&#8243;][elx_maylike_box id_box=&#8221;6062&#8243;][\/vc_column][vc_column width=&#8221;1\/3&#8243;][elx_maylike_box id_box=&#8221;2409&#8243;][\/vc_column][vc_column width=&#8221;1\/3&#8243;][elx_maylike_box id_box=&#8221;5053&#8243;][\/vc_column][\/vc_row][vc_row][vc_column][vc_empty_space height=&#8221;50px&#8221;][\/vc_column][\/vc_row][vc_row][vc_column][vc_empty_space][elx_heading font_size=&#8221;h3&#8243; text_color=&#8221;inherit&#8221;]La voce dei nostri clienti[\/elx_heading][vc_empty_space height=&#8221;10px&#8221;][\/vc_column][\/vc_row][vc_row][vc_column width=&#8221;1\/2&#8243;][elx_image_block background_image=&#8221;9428&#8243; minimum_height=&#8221;500px&#8221;][vc_empty_space height=&#8221;50px&#8221;][\/vc_column][vc_column width=&#8221;1\/2&#8243;][vc_empty_space][vc_column_text]<em>\u201cIl valore aggiunto di lavorare con un\u2019azienda come Electrolux Professional \u00e8 quello di poter contare sull\u2019esperienza e la collaborazione delle persone che rappresentano questo marchio: da subito hanno saputo consigliarci sia in fase di progettazione che in corso d\u2019opera\u201d.<\/em><\/p>\n<p>Executive Chef Pierpaolo Giorgio di Sea Front Di Martino Pasta Bar[\/vc_column_text][elx_button button_text=&#8221;Le nostre referenze&#8230;&#8221; button_link=&#8221;url:https%3A%2F%2Fwww.electroluxprofessional.com%2Fit%2Freferenze%2F|title:Le%20nostre%20referenze&#8230;&#8221;][\/vc_column][\/vc_row]<\/p>\n","protected":false},"excerpt":{"rendered":"<p>[vc_row css=&#8221;.vc_custom_1521556677280{background-color: #041e41 !important;}&#8221;][vc_column reveal_effect=&#8221;&#8221; width=&#8221;2\/3&#8243;][vc_empty_space][vc_row_inner full_width=&#8221;electroluxpro-full-width&#8221;][vc_column_inner width=&#8221;1\/4&#8243;][vc_single_image image=&#8221;9901&#8243; img_size=&#8221;168*168&#8243;][\/vc_column_inner][vc_column_inner width=&#8221;3\/4&#8243;][vc_empty_space height=&#8221;22px&#8221;][elx_heading font_size=&#8221;h3&#8243; text_color=&#8221;white&#8221; text_align=&#8221;text-left&#8221;]Retail &amp; Supermarket[\/elx_heading][\/vc_column_inner][\/vc_row_inner][vc_empty_space][elx_heading font_size=&#8221;h5&#8243; text_color=&#8221;white&#8221; text_align=&#8221;text-left&#8221;]&#8221;Questo format vuole essere esportato in altre citt\u00e0, sia italiane che europee, anche con l\u2019aiuto di Electrolux Professional, partner tecnico che \u00e8 riuscito a tradurre le nostre richieste all\u2019interno di uno spazio piccolo ma completo allo [&hellip;]<\/p>\n","protected":false},"author":3,"featured_media":9897,"parent":3869,"menu_order":0,"comment_status":"closed","ping_status":"closed","template":"","meta":{"footnotes":""},"class_list":["post-9915","page","type-page","status-publish","has-post-thumbnail","hentry"],"acf":[],"_links":{"self":[{"href":"https:\/\/www.electroluxprofessional.com\/it\/wp-json\/wp\/v2\/pages\/9915"}],"collection":[{"href":"https:\/\/www.electroluxprofessional.com\/it\/wp-json\/wp\/v2\/pages"}],"about":[{"href":"https:\/\/www.electroluxprofessional.com\/it\/wp-json\/wp\/v2\/types\/page"}],"author":[{"embeddable":true,"href":"https:\/\/www.electroluxprofessional.com\/it\/wp-json\/wp\/v2\/users\/3"}],"replies":[{"embeddable":true,"href":"https:\/\/www.electroluxprofessional.com\/it\/wp-json\/wp\/v2\/comments?post=9915"}],"version-history":[{"count":25,"href":"https:\/\/www.electroluxprofessional.com\/it\/wp-json\/wp\/v2\/pages\/9915\/revisions"}],"predecessor-version":[{"id":26385,"href":"https:\/\/www.electroluxprofessional.com\/it\/wp-json\/wp\/v2\/pages\/9915\/revisions\/26385"}],"up":[{"embeddable":true,"href":"https:\/\/www.electroluxprofessional.com\/it\/wp-json\/wp\/v2\/pages\/3869"}],"wp:featuredmedia":[{"embeddable":true,"href":"https:\/\/www.electroluxprofessional.com\/it\/wp-json\/wp\/v2\/media\/9897"}],"wp:attachment":[{"href":"https:\/\/www.electroluxprofessional.com\/it\/wp-json\/wp\/v2\/media?parent=9915"}],"curies":[{"name":"wp","href":"https:\/\/api.w.org\/{rel}","templated":true}]}}