{"id":9815,"date":"2016-05-13T13:56:38","date_gmt":"2016-05-13T13:56:38","guid":{"rendered":"https:\/\/www.electroluxprofessional.com\/?page_id=719"},"modified":"2018-10-11T14:54:15","modified_gmt":"2018-10-11T13:54:15","slug":"ristorante","status":"publish","type":"page","link":"https:\/\/www.electroluxprofessional.com\/it\/la-tua-attivita\/ristorante\/","title":{"rendered":"Ristorante"},"content":{"rendered":"<p>[vc_row css=&#8221;.vc_custom_1517925565079{background-color: #041e41 !important;}&#8221;][vc_column reveal_effect=&#8221;&#8221; width=&#8221;2\/3&#8243;][vc_empty_space][vc_row_inner full_width=&#8221;electroluxpro-full-width-no-padding&#8221;][vc_column_inner width=&#8221;1\/4&#8243;][vc_single_image image=&#8221;9811&#8243; img_size=&#8221;full&#8221;][\/vc_column_inner][vc_column_inner width=&#8221;3\/4&#8243;][vc_empty_space height=&#8221;25px&#8221;][elx_heading font_container=&#8221;h1&#8243; font_size=&#8221;h3&#8243; text_color=&#8221;restaurant&#8221;]Ristorante[\/elx_heading][\/vc_column_inner][\/vc_row_inner][vc_empty_space height=&#8221;50px&#8221;][elx_heading font_size=&#8221;h5&#8243; text_color=&#8221;white&#8221; text_align=&#8221;text-left&#8221;]&#8221;Il blocco thermaline \u00e8 stato progettato e costruito intorno a noi, per soddisfare tutte le nostre esigenze e grazie alla sua versatilit\u00e0 garantisce in ogni situazione efficienza e solidit\u00e0.&#8221;[\/elx_heading][vc_column_text]<\/p>\n<p style=\"color: #fff;\"><span style=\"color: #ffffff;\"><strong>Claudio Liu<\/strong><\/span><br \/>\n<span style=\"color: #ffffff;\">Proprietario <strong>IYO<\/strong> &#8211; Ristorante stellato Michelin, Milano<\/span><\/p>\n<p>[\/vc_column_text][\/vc_column][vc_column reveal_effect=&#8221;&#8221; width=&#8221;1\/3&#8243;][elx_image_block background_image=&#8221;603&#8243; minimum_height=&#8221;580px&#8221;][\/vc_column][\/vc_row][vc_row][vc_column][vc_empty_space][elx_heading font_container=&#8221;h1&#8243; font_size=&#8221;h3&#8243; text_color=&#8221;restaurant&#8221; text_align=&#8221;text-left&#8221;]Gestire la cucina di un ristorante pu\u00f2 essere un compito molto difficile. Ecco perch\u00e9 \u00e8 cos\u00ec importante avere un compagno che ti aiuta e non ti abbandona mai.[\/elx_heading][\/vc_column][\/vc_row][vc_row disable_element=&#8221;yes&#8221;][vc_column][elx_heading font_container=&#8221;h1&#8243; font_size=&#8221;h3&#8243; text_color=&#8221;restaurant&#8221; text_align=&#8221;text-left&#8221;]Sometimes running a restaurant kitchen can be a very tough task.<br \/>\nThat&#8217;s why it&#8217;s so important to have a mate that helps you and never lets you down.[\/elx_heading][\/vc_column][\/vc_row][vc_row][vc_column width=&#8221;2\/3&#8243; css=&#8221;.vc_custom_1464680696345{padding-top: 30px !important;}&#8221;][elx_image_block background_image=&#8221;9802&#8243; minimum_height=&#8221;400px&#8221;][\/vc_column][vc_column width=&#8221;1\/3&#8243;][vc_empty_space height=&#8221;65px&#8221;][elx_heading font_size=&#8221;h3&#8243; text_color=&#8221;electrolux-blue&#8221; text_align=&#8221;text-left&#8221;]Electrolux Professional<br \/>\nSoluzioni per la ristorazione[\/elx_heading][vc_column_text]<\/p>\n<p class=\" inherit inherit inherit\">Scegliendo\u00a0le soluzioni Electrolux Professional\u00a0avrai esattamente la flessibilit\u00e0, la semplicit\u00e0 e la potenza che stavi cercando.<\/p>\n<p>[\/vc_column_text][\/vc_column][\/vc_row][vc_row][vc_column width=&#8221;2\/3&#8243;][vc_empty_space height=&#8221;50px&#8221;][elx_heading font_container=&#8221;h3&#8243; font_size=&#8221;h3&#8243; text_color=&#8221;inherit&#8221;]Una cucina che ti aiuta ad eccellere<br \/>\n[\/elx_heading][vc_column_text css_animation=&#8221;none&#8221;]Create per essere partner fedeli dei top Chef,\u00a0<strong>therma<em>line\u00a0<\/em>e Molteni<em>\u00a0<\/em><\/strong>di Electrolux Professional rispondono a tutte le esigenze dei\u00a0<strong>ristoranti fine dining<\/strong>.[\/vc_column_text][elx_heading font_container=&#8221;h3&#8243; text_color=&#8221;inherit&#8221;]Ogni esigenza \u00e8 soddisfatta<br \/>\n[\/elx_heading][vc_column_text css_animation=&#8221;none&#8221;]Che tu gestisca una\u00a0<strong>catena di ristorazione,\u00a0<\/strong>un<strong>\u00a0fast food\u00a0<\/strong>o<strong>\u00a0<\/strong>un<strong>\u00a0ristorante raffinato,<\/strong>\u00a0Electrolux Professional ha la soluzione adatta per il tuo business.[\/vc_column_text][\/vc_column][vc_column width=&#8221;1\/3&#8243; css=&#8221;.vc_custom_1484036847003{margin-top: 30px !important;border-top-width: 30px !important;padding-top: 30px !important;}&#8221;][elx_image_block background_image=&#8221;9804&#8243; minimum_height=&#8221;400px&#8221;][\/vc_column][\/vc_row][vc_row][vc_column][vc_empty_space][\/vc_column][\/vc_row][vc_row][vc_column][vc_empty_space][\/vc_column][\/vc_row][vc_row][vc_column][elx_heading font_container=&#8221;h3&#8243; text_color=&#8221;inherit&#8221;]Scopri come Electrolux pu\u00f2 aiutarti nella tua attivit\u00e0[\/elx_heading][elx_o2000_contact_us request=&#8221;Vorrei ricevere maggiori info su..&#8221; emailsubject=&#8221;Richiesta informazioni da La tua attivit\u00e0 &#8211; Ristorante&#8221;][\/vc_column][\/vc_row][vc_row css=&#8221;.vc_custom_1517564415244{background-color: #eeeeee !important;}&#8221;][vc_column css=&#8221;.vc_custom_1484036722557{padding-top: 30px !important;padding-bottom: 10px !important;}&#8221;][elx_heading font_container=&#8221;h3&#8243; font_size=&#8221;h3&#8243; text_color=&#8221;inherit&#8221; text_align=&#8221;text-left&#8221;]La voce dei nostri clienti[\/elx_heading][vc_empty_space height=&#8221;20px&#8221;][vc_row_inner][vc_column_inner width=&#8221;2\/3&#8243;][elx_image_block background_image=&#8221;8371&#8243; vert_back_position=&#8221;top&#8221; minimum_height=&#8221;400px&#8221;][\/vc_column_inner][vc_column_inner width=&#8221;1\/3&#8243;][vc_empty_space height=&#8221;20px&#8221;][vc_column_text]<em>&#8220;Qui al Trombetta avevamo bisogno di inserire tutto quello di cui si ha bisogno in una cucina professionale. Electrolux Professional, grazie alla sua ampia gamma di soluzioni, ha saputo interpretare e realizzare al meglio i nostri desideri&#8221;.<\/em><\/p>\n<p>Giancarlo Morelli, Chef Patron di &#8220;Trattoria Trombetta&#8221;[\/vc_column_text][elx_button button_text=&#8221;Le nostre referenze&#8230;&#8221; button_link=&#8221;url:https%3A%2F%2Fprofessional.electrolux.it%2Freferences%2Fcategory%2Fristoranti%2F|title:Le%20nostre%20referenze||&#8221;][\/vc_column_inner][\/vc_row_inner][\/vc_column][\/vc_row][vc_row full_width=&#8221;electroluxpro-full-width-no-padding&#8221;][vc_column][vc_empty_space height=&#8221;1px&#8221; css=&#8221;.vc_custom_1523005131385{background-color: #eeeeee !important;}&#8221;][vc_empty_space][\/vc_column][\/vc_row][vc_row disable_element=&#8221;yes&#8221; css=&#8221;.vc_custom_1539089281022{background-color: #ededc9 !important;}&#8221;][vc_column][elx_heading font_size=&#8221;h3&#8243; text_color=&#8221;inherit&#8221; text_align=&#8221;text-left&#8221;]Beverage solutions<br \/>\n[\/elx_heading][vc_empty_space][\/vc_column][\/vc_row][vc_row equal_height=&#8221;yes&#8221; disable_element=&#8221;yes&#8221; css=&#8221;.vc_custom_1539089291098{background-color: #ededc9 !important;}&#8221;][vc_column width=&#8221;1\/2&#8243;][elx_simple_link_block link=&#8221;url:https%3A%2F%2Fwww.electroluxprofessional.com%2Fbeverage-solutions%2F|title:Beverage%20solutions||&#8221; text_align=&#8221;text-left&#8221; text_color=&#8221;inherit&#8221; background_color=&#8221;inherit&#8221; background_hover_color=&#8221;darker-hover&#8221; extra_class=&#8221;&#8221; reveal_effect=&#8221;&#8221; reveal_duration=&#8221;&#8221; reveal_delay=&#8221;&#8221;][vc_single_image image=&#8221;9812&#8243; img_size=&#8221;full&#8221;][\/elx_simple_link_block][\/vc_column][vc_column width=&#8221;1\/2&#8243;][elx_simple_link_block link=&#8221;url:https%3A%2F%2Fwww.electroluxprofessional.com%2Fbeverage-solutions%2F|title:Beverage%20solutions||&#8221; text_align=&#8221;text-left&#8221; text_color=&#8221;inherit&#8221; background_color=&#8221;inherit&#8221; background_hover_color=&#8221;darker-hover&#8221; extra_class=&#8221;&#8221; reveal_effect=&#8221;&#8221; reveal_duration=&#8221;&#8221; reveal_delay=&#8221;&#8221;][elx_heading font_container=&#8221;h3&#8243; font_size=&#8221;h5&#8243; text_color=&#8221;inherit&#8221;]A complete hospitality[\/elx_heading][vc_column_text]An extensive offering of <strong>coffee &amp;\u00a0beverage solutions<\/strong>\u00a0to exceed your customers\u2019 expectations, along with a team of experts who joined us to serve you.<\/p>\n<ul>\n<li>Coffee &amp; tea brewers<\/li>\n<li>Coffee grinders<\/li>\n<li>Cold bubblers<\/li>\n<li>Hot and frozen beverage dispensers<\/li>\n<li>and much more&#8230;<\/li>\n<\/ul>\n<p>[\/vc_column_text][\/elx_simple_link_block][elx_button button_text=&#8221;Discover the coffee &amp; beverage offer&#8221; button_style=&#8221;icon-blue&#8221; button_link=&#8221;url:https%3A%2F%2Fwww.electroluxprofessional.com%2Fbeverage-solutions%2F|title:coffee%20and%20beverage%20solutions||&#8221;][\/vc_column][\/vc_row][vc_row full_width=&#8221;electroluxpro-full-width-no-padding&#8221; disable_element=&#8221;yes&#8221;][vc_column][vc_empty_space][vc_empty_space height=&#8221;1px&#8221; css=&#8221;.vc_custom_1523005131385{background-color: #eeeeee !important;}&#8221;][vc_empty_space][\/vc_column][\/vc_row][vc_row equal_height=&#8221;yes&#8221; content_placement=&#8221;middle&#8221; disable_element=&#8221;yes&#8221;][vc_column width=&#8221;1\/3&#8243;][elx_simple_block text_align=&#8221;text-center&#8221; background_color=&#8221;restaurant&#8221;][elx_heading text_color=&#8221;white&#8221;]Chains[\/elx_heading][vc_column_text]<\/p>\n<p style=\"text-align: center;\"><span style=\"color: #ffffff;\">How do we make the difference?<\/span><\/p>\n<p>[\/vc_column_text][elx_button button_text=&#8221;Find out more&#8221; button_style=&#8221;default&#8221; button_link=&#8221;url:https%3A%2F%2Fwww.electroluxprofessional.com%2Fyour-business%2Frestaurant-chains%2F|||&#8221;][\/elx_simple_block][\/vc_column][vc_column width=&#8221;1\/3&#8243;][vc_single_image image=&#8221;9813&#8243; img_size=&#8221;full&#8221;][\/vc_column][vc_column width=&#8221;1\/3&#8243;][vc_single_image image=&#8221;9814&#8243; img_size=&#8221;full&#8221;][\/vc_column][\/vc_row][vc_row][vc_column][vc_empty_space][\/vc_column][\/vc_row][vc_row disable_element=&#8221;yes&#8221;][vc_column width=&#8221;1\/3&#8243;][elx_image_block background_image=&#8221;9808&#8243; minimum_height=&#8221;400px&#8221;][elx_heading font_container=&#8221;h3&#8243; font_size=&#8221;h5&#8243; text_color=&#8221;inherit&#8221;]IYO[\/elx_heading][vc_column_text css_animation=&#8221;none&#8221; css=&#8221;.vc_custom_1517565076750{padding-top: 15px !important;}&#8221;]&#8221;<em>We choose Electrolux Professional because in terms of technology and functionality it is definetly a step forward. With thermaline, we are really good as it is a block that guarantees unmatched efficency and solidity<\/em>&#8220;.<\/p>\n<p><strong>Claudio Liu, Founder<br \/>\n<\/strong>Iyo &#8211; Michelin star Restaurant<strong><br \/>\nMilan, Italy<\/strong>[\/vc_column_text][\/vc_column][vc_column width=&#8221;1\/3&#8243;][elx_image_block background_image=&#8221;9809&#8243; minimum_height=&#8221;400px&#8221;][elx_heading font_container=&#8221;h3&#8243; font_size=&#8221;h5&#8243; text_color=&#8221;inherit&#8221;]Priceless Milano[\/elx_heading][vc_column_text]<em>&#8220;There are so many advantages in cooking that I would certainly recommend Electrolux solutions to my colleagues, not only in Italy but worldwide&#8221;.<\/em><\/p>\n<p><strong>Christian Pircher<br \/>\n<\/strong>JRE chef from the Kirchsteiger Restaurant<strong><br \/>\nFoiana<\/strong>[\/vc_column_text][\/vc_column][vc_column width=&#8221;1\/3&#8243;][elx_image_block background_image=&#8221;9810&#8243; vert_back_position=&#8221;top&#8221; minimum_height=&#8221;400px&#8221;][elx_heading font_container=&#8221;h3&#8243; font_size=&#8221;h5&#8243; text_color=&#8221;inherit&#8221;]Tiergarten[\/elx_heading][vc_column_text css_animation=&#8221;none&#8221; css=&#8221;.vc_custom_1517565108498{padding-top: 15px !important;}&#8221;]<em>&#8220;The decision for Electrolux Professional appliances was the result of a tender. Electrolux Professional was chosen thanks to the good support, the reliability of the products and the price \/ performance ratio&#8221;.<\/em><\/p>\n<p><strong>Maikel Konrad<br \/>\n<\/strong>Head Chef at Restaurant Tiergarten[\/vc_column_text][\/vc_column][\/vc_row][vc_row][vc_column][vc_empty_space][\/vc_column][\/vc_row]<\/p>\n","protected":false},"excerpt":{"rendered":"<p>[vc_row css=&#8221;.vc_custom_1517925565079{background-color: #041e41 !important;}&#8221;][vc_column reveal_effect=&#8221;&#8221; width=&#8221;2\/3&#8243;][vc_empty_space][vc_row_inner full_width=&#8221;electroluxpro-full-width-no-padding&#8221;][vc_column_inner width=&#8221;1\/4&#8243;][vc_single_image image=&#8221;9811&#8243; img_size=&#8221;full&#8221;][\/vc_column_inner][vc_column_inner width=&#8221;3\/4&#8243;][vc_empty_space height=&#8221;25px&#8221;][elx_heading font_container=&#8221;h1&#8243; font_size=&#8221;h3&#8243; text_color=&#8221;restaurant&#8221;]Ristorante[\/elx_heading][\/vc_column_inner][\/vc_row_inner][vc_empty_space height=&#8221;50px&#8221;][elx_heading font_size=&#8221;h5&#8243; text_color=&#8221;white&#8221; text_align=&#8221;text-left&#8221;]&#8221;Il blocco thermaline \u00e8 stato progettato e costruito intorno a noi, per soddisfare tutte le nostre esigenze e grazie alla sua versatilit\u00e0 garantisce in ogni situazione efficienza e solidit\u00e0.&#8221;[\/elx_heading][vc_column_text] Claudio Liu Proprietario IYO &#8211; Ristorante stellato Michelin, [&hellip;]<\/p>\n","protected":false},"author":3,"featured_media":9802,"parent":3869,"menu_order":0,"comment_status":"closed","ping_status":"closed","template":"","meta":{"footnotes":""},"class_list":["post-9815","page","type-page","status-publish","has-post-thumbnail","hentry"],"acf":[],"_links":{"self":[{"href":"https:\/\/www.electroluxprofessional.com\/it\/wp-json\/wp\/v2\/pages\/9815"}],"collection":[{"href":"https:\/\/www.electroluxprofessional.com\/it\/wp-json\/wp\/v2\/pages"}],"about":[{"href":"https:\/\/www.electroluxprofessional.com\/it\/wp-json\/wp\/v2\/types\/page"}],"author":[{"embeddable":true,"href":"https:\/\/www.electroluxprofessional.com\/it\/wp-json\/wp\/v2\/users\/3"}],"replies":[{"embeddable":true,"href":"https:\/\/www.electroluxprofessional.com\/it\/wp-json\/wp\/v2\/comments?post=9815"}],"version-history":[{"count":17,"href":"https:\/\/www.electroluxprofessional.com\/it\/wp-json\/wp\/v2\/pages\/9815\/revisions"}],"predecessor-version":[{"id":10181,"href":"https:\/\/www.electroluxprofessional.com\/it\/wp-json\/wp\/v2\/pages\/9815\/revisions\/10181"}],"up":[{"embeddable":true,"href":"https:\/\/www.electroluxprofessional.com\/it\/wp-json\/wp\/v2\/pages\/3869"}],"wp:featuredmedia":[{"embeddable":true,"href":"https:\/\/www.electroluxprofessional.com\/it\/wp-json\/wp\/v2\/media\/9802"}],"wp:attachment":[{"href":"https:\/\/www.electroluxprofessional.com\/it\/wp-json\/wp\/v2\/media?parent=9815"}],"curies":[{"name":"wp","href":"https:\/\/api.w.org\/{rel}","templated":true}]}}